{"id":8295,"date":"2026-04-10T11:52:00","date_gmt":"2026-04-10T04:52:00","guid":{"rendered":"https:\/\/swoer.vn\/?post_type=product&#038;p=8295"},"modified":"2026-04-10T11:52:01","modified_gmt":"2026-04-10T04:52:01","slug":"bo-cap-lieu-rung-dai-oc-luc-giac-m8-22","status":"publish","type":"product","link":"https:\/\/swoer.vn\/ja\/manufacturer\/bo-cap-lieu-rung-dai-oc-luc-giac-m8-22\/","title":{"rendered":"B\u1ed9 c\u1ea5p li\u1ec7u rung \u0111ai \u1ed1c l\u1ee5c gi\u00e1c M8-22"},"content":{"rendered":"<h2><span style=\"font-weight: 400;\">\u0110\u1eb7c \u0111i\u1ec3m n\u1ed5i b\u1eadt c\u1ee7a h\u1ec7 th\u1ed1ng c\u1ea5p li\u1ec7u \u0111ai \u1ed1c<\/span><\/h2>\n<ul>\n<li style=\"font-weight: 400;\" aria-level=\"1\"><b>T\u1ed1c \u0111\u1ed9 v\u01b0\u1ee3t tr\u1ed9i:<\/b><span style=\"font-weight: 400;\"> Kh\u1ea3 n\u0103ng c\u1ea5p li\u1ec7u h\u00e0ng ngh\u00ecn linh ki\u1ec7n m\u1ed7i gi\u1edd, \u0111\u00e1p \u1ee9ng nh\u1ecbp \u0111\u1ed9 nhanh c\u1ee7a c\u00e1c d\u00e2y chuy\u1ec1n t\u1ef1 \u0111\u1ed9ng h\u00f3a cao t\u1ea3i.<\/span><\/li>\n<li style=\"font-weight: 400;\" aria-level=\"1\"><b>V\u1eadt li\u1ec7u th\u00e9p kh\u00f4ng g\u1ec9 cao c\u1ea5p:<\/b><span style=\"font-weight: 400;\"> \u4f7f\u7528 <\/span><b>SUS304\/201<\/b><span style=\"font-weight: 400;\"> v\u1edbi c\u00f4ng ngh\u1ec7 r\u00e8n x\u1eed l\u00fd l\u1ea1nh, \u0111\u1ea3m b\u1ea3o \u0111\u1ed9 c\u1ee9ng, \u0111\u1ed9 b\u1ec1n c\u1ef1c cao v\u00e0 ch\u1ed1ng m\u00e0i m\u00f2n ho\u00e0n h\u1ea3o tr\u01b0\u1edbc ma s\u00e1t c\u1ee7a kim lo\u1ea1i.<\/span><\/li>\n<li style=\"font-weight: 400;\" aria-level=\"1\"><b>T\u00f9y bi\u1ebfn linh ho\u1ea1t:<\/b><span style=\"font-weight: 400;\"> Thi\u1ebft k\u1ebf \u0111\u01b0\u1eddng ray \u0111\u01b0\u1ee3c tinh ch\u1ec9nh ri\u00eang theo t\u1eebng k\u00edch th\u01b0\u1edbc \u0111ai \u1ed1c c\u1ee5 th\u1ec3 c\u1ee7a kh\u00e1ch h\u00e0ng, \u0111\u1ea3m b\u1ea3o \u0111\u1ecbnh h\u01b0\u1edbng ch\u00ednh x\u00e1c 100%.<\/span><\/li>\n<li style=\"font-weight: 400;\" aria-level=\"1\"><b>V\u1eadn h\u00e0nh \u00eam \u00e1i:<\/b><span style=\"font-weight: 400;\"> C\u00f4ng ngh\u1ec7 gi\u1ea3m ch\u1ea5n v\u00e0 thi\u1ebft k\u1ebf t\u1ed1i \u01b0u gi\u00fap gi\u1ea3m thi\u1ec3u \u00f4 nhi\u1ec5m ti\u1ebfng \u1ed3n trong kh\u00f4ng gian l\u00e0m vi\u1ec7c.<\/span><\/li>\n<li style=\"font-weight: 400;\" aria-level=\"1\"><b>Ch\u1ee9ng nh\u1eadn qu\u1ed1c t\u1ebf:<\/b><span style=\"font-weight: 400;\"> S\u1ea3n ph\u1ea9m \u0111\u1ea1t ti\u00eau chu\u1ea9n <\/span><b>CE, ROHS, ISO9001<\/b><span style=\"font-weight: 400;\">, kh\u1eb3ng \u0111\u1ecbnh ch\u1ea5t l\u01b0\u1ee3ng v\u00e0 s\u1ef1 an to\u00e0n khi v\u1eadn h\u00e0nh l\u00e2u d\u00e0i.<\/span><\/li>\n<\/ul>\n<h2><span style=\"font-weight: 400;\">Th\u00f4ng s\u1ed1 k\u1ef9 thu\u1eadt chi ti\u1ebft<\/span><\/h2>\n<table>\n<tbody>\n<tr>\n<td><b>H\u1ea1ng m\u1ee5c<\/b><\/td>\n<td><b>\u4ed5\u69d8<\/b><\/td>\n<\/tr>\n<tr>\n<td><b>\u88fd\u54c1\u540d<\/b><\/td>\n<td><span style=\"font-weight: 400;\">H\u1ec7 th\u1ed1ng c\u1ea5p li\u1ec7u \u0111ai \u1ed1c l\u1ee5c gi\u00e1c (M8-22 Hex Nuts Bowl Feeder)<\/span><\/td>\n<\/tr>\n<tr>\n<td><b>V\u1eadt li\u1ec7u ch\u1ebf t\u1ea1o<\/b><\/td>\n<td><b>SUS304 \/ SUS201<\/b><\/td>\n<\/tr>\n<tr>\n<td><b>\u0110\u1eb7c t\u00ednh v\u1eadt li\u1ec7u<\/b><\/td>\n<td><span style=\"font-weight: 400;\">H\u1ee3p kim r\u00e8n x\u1eed l\u00fd l\u1ea1nh, c\u01b0\u1eddng \u0111\u1ed9 cao, \u0111\u1ed9 c\u1ee9ng l\u1edbn<\/span><\/td>\n<\/tr>\n<tr>\n<td><b>\u96fb\u5727<\/b><\/td>\n<td><span style=\"font-weight: 400;\">220V<\/span><\/td>\n<\/tr>\n<tr>\n<td><b>C\u00f4ng su\u1ea5t t\u00f9y ch\u1ecdn<\/b><\/td>\n<td><span style=\"font-weight: 400;\">65W \/ 150W \/ 180W \/ 220W \/ 350W<\/span><\/td>\n<\/tr>\n<tr>\n<td><b>\u4fdd\u8a3c<\/b><\/td>\n<td><span style=\"font-weight: 400;\">01 n\u0103m ch\u00ednh h\u00e3ng<\/span><\/td>\n<\/tr>\n<tr>\n<td><b>Xu\u1ea5t x\u1ee9<\/b><\/td>\n<td><span style=\"font-weight: 400;\">\u4e2d\u56fd<\/span><\/td>\n<\/tr>\n<\/tbody>\n<\/table>\n<p>&nbsp;<\/p>","protected":false},"excerpt":{"rendered":"<p><span style=\"font-weight: 400;\">SWOER l\u00e0 nh\u00e0 s\u1ea3n xu\u1ea5t h\u00e0ng \u0111\u1ea7u c\u00e1c h\u1ec7 th\u1ed1ng ph\u1ec5u rung chuy\u00ean d\u1ee5ng cho \u0111ai \u1ed1c l\u1ee5c gi\u00e1c t\u1eeb <\/span><b>M8 \u0111\u1ebfn M22<\/b><span style=\"font-weight: 400;\">. V\u1edbi c\u00f4ng ngh\u1ec7 k\u1ef9 thu\u1eadt ch\u00ednh x\u00e1c, ch\u00fang t\u00f4i mang \u0111\u1ebfn gi\u1ea3i ph\u00e1p c\u1ea5p li\u1ec7u t\u1ed1i \u01b0u, gi\u00fap tinh ch\u1ec9nh quy tr\u00ecnh s\u1ea3n xu\u1ea5t v\u00e0 \u0111\u1ea1t \u0111\u01b0\u1ee3c n\u0103ng su\u1ea5t t\u1ed1i \u0111a cho d\u00e2y chuy\u1ec1n l\u1eafp r\u00e1p c\u1ee7a b\u1ea1n.<\/span><\/p>","protected":false},"featured_media":8296,"comment_status":"open","ping_status":"closed","template":"","meta":[],"product_brand":[],"product_cat":[106],"product_tag":[172,43,184,166,249],"class_list":{"0":"post-8295","1":"product","2":"type-product","3":"status-publish","4":"has-post-thumbnail","6":"product_cat-mam-rung-cap-phoi","7":"product_tag-bo-cap-lieu-rung","8":"product_tag-mam-rung","9":"product_tag-may-rung-cap-phoi","10":"product_tag-pheu-rung","11":"product_tag-vibratory-bowl-feeder","13":"first","14":"instock","15":"shipping-taxable","16":"product-type-simple"},"yoast_head":"<!-- This site is optimized with the Yoast SEO plugin v26.0 - https:\/\/yoast.com\/wordpress\/plugins\/seo\/ -->\n<title>B\u1ed9 c\u1ea5p li\u1ec7u rung \u0111ai \u1ed1c l\u1ee5c gi\u00e1c M8-22 - Nh\u00e0 s\u1ea3n xu\u1ea5t m\u00e1y c\u1ea5p li\u1ec7u c\u00f4ng nghi\u1ec7p<\/title>\n<meta name=\"description\" content=\"Ph\u1ec5u rung SWOER c\u1ea5p li\u1ec7u \u0111ai \u1ed1c l\u1ee5c gi\u00e1c M8-22 ch\u00ednh x\u00e1c, t\u1ed1c \u0111\u1ed9 h\u00e0ng ngh\u00ecn sp\/gi\u1edd. V\u1eadt li\u1ec7u SUS304 b\u1ec1n b\u1ec9, \u0111\u1ea1t chu\u1ea9n CE\/ISO9001. Gi\u1ea3i ph\u00e1p t\u1ed1i \u01b0u\" \/>\n<meta name=\"robots\" content=\"index, follow, max-snippet:-1, max-image-preview:large, max-video-preview:-1\" \/>\n<link rel=\"canonical\" href=\"https:\/\/swoer.vn\/ja\/manufacturer\/bo-cap-lieu-rung-dai-oc-luc-giac-m8-22\/\" \/>\n<meta property=\"og:locale\" content=\"ja_JP\" \/>\n<meta property=\"og:type\" content=\"article\" \/>\n<meta property=\"og:title\" content=\"B\u1ed9 c\u1ea5p li\u1ec7u rung \u0111ai \u1ed1c l\u1ee5c gi\u00e1c M8-22 - Nh\u00e0 s\u1ea3n xu\u1ea5t m\u00e1y c\u1ea5p li\u1ec7u c\u00f4ng nghi\u1ec7p\" \/>\n<meta property=\"og:description\" content=\"Ph\u1ec5u rung SWOER c\u1ea5p li\u1ec7u \u0111ai \u1ed1c l\u1ee5c gi\u00e1c M8-22 ch\u00ednh x\u00e1c, t\u1ed1c \u0111\u1ed9 h\u00e0ng ngh\u00ecn sp\/gi\u1edd. V\u1eadt li\u1ec7u SUS304 b\u1ec1n b\u1ec9, \u0111\u1ea1t chu\u1ea9n CE\/ISO9001. Gi\u1ea3i ph\u00e1p t\u1ed1i \u01b0u\" \/>\n<meta property=\"og:url\" content=\"https:\/\/swoer.vn\/ja\/manufacturer\/bo-cap-lieu-rung-dai-oc-luc-giac-m8-22\/\" \/>\n<meta property=\"og:site_name\" content=\"Nh\u00e0 s\u1ea3n xu\u1ea5t m\u00e1y c\u1ea5p li\u1ec7u c\u00f4ng nghi\u1ec7p\" \/>\n<meta property=\"article:modified_time\" content=\"2026-04-10T04:52:01+00:00\" \/>\n<meta property=\"og:image\" content=\"https:\/\/swoer.vn\/wp-content\/uploads\/2026\/04\/MAY-CAP-LIEU-RUNG-DAI-OC-LUC-GIAC-M8-22.png\" \/>\n\t<meta property=\"og:image:width\" content=\"800\" \/>\n\t<meta property=\"og:image:height\" content=\"800\" \/>\n\t<meta property=\"og:image:type\" content=\"image\/png\" \/>\n<meta name=\"twitter:card\" content=\"summary_large_image\" \/>\n<meta name=\"twitter:label1\" content=\"\u63a8\u5b9a\u8aad\u307f\u53d6\u308a\u6642\u9593\" \/>\n\t<meta name=\"twitter:data1\" content=\"2\u5206\" \/>\n<script type=\"application\/ld+json\" class=\"yoast-schema-graph\">{\"@context\":\"https:\/\/schema.org\",\"@graph\":[{\"@type\":\"WebPage\",\"@id\":\"https:\/\/swoer.vn\/manufacturer\/bo-cap-lieu-rung-dai-oc-luc-giac-m8-22\/\",\"url\":\"https:\/\/swoer.vn\/manufacturer\/bo-cap-lieu-rung-dai-oc-luc-giac-m8-22\/\",\"name\":\"B\u1ed9 c\u1ea5p li\u1ec7u rung \u0111ai \u1ed1c l\u1ee5c gi\u00e1c M8-22 - Nh\u00e0 s\u1ea3n xu\u1ea5t m\u00e1y c\u1ea5p li\u1ec7u c\u00f4ng nghi\u1ec7p\",\"isPartOf\":{\"@id\":\"https:\/\/swoer.vn\/#website\"},\"primaryImageOfPage\":{\"@id\":\"https:\/\/swoer.vn\/manufacturer\/bo-cap-lieu-rung-dai-oc-luc-giac-m8-22\/#primaryimage\"},\"image\":{\"@id\":\"https:\/\/swoer.vn\/manufacturer\/bo-cap-lieu-rung-dai-oc-luc-giac-m8-22\/#primaryimage\"},\"thumbnailUrl\":\"https:\/\/swoer.vn\/wp-content\/uploads\/2026\/04\/MAY-CAP-LIEU-RUNG-DAI-OC-LUC-GIAC-M8-22.png\",\"datePublished\":\"2026-04-10T04:52:00+00:00\",\"dateModified\":\"2026-04-10T04:52:01+00:00\",\"description\":\"Ph\u1ec5u rung SWOER c\u1ea5p li\u1ec7u \u0111ai \u1ed1c l\u1ee5c gi\u00e1c M8-22 ch\u00ednh x\u00e1c, t\u1ed1c \u0111\u1ed9 h\u00e0ng ngh\u00ecn sp\/gi\u1edd. V\u1eadt li\u1ec7u SUS304 b\u1ec1n b\u1ec9, \u0111\u1ea1t chu\u1ea9n CE\/ISO9001. Gi\u1ea3i ph\u00e1p t\u1ed1i \u01b0u\",\"breadcrumb\":{\"@id\":\"https:\/\/swoer.vn\/manufacturer\/bo-cap-lieu-rung-dai-oc-luc-giac-m8-22\/#breadcrumb\"},\"inLanguage\":\"ja\",\"potentialAction\":[{\"@type\":\"ReadAction\",\"target\":[\"https:\/\/swoer.vn\/manufacturer\/bo-cap-lieu-rung-dai-oc-luc-giac-m8-22\/\"]}]},{\"@type\":\"ImageObject\",\"inLanguage\":\"ja\",\"@id\":\"https:\/\/swoer.vn\/manufacturer\/bo-cap-lieu-rung-dai-oc-luc-giac-m8-22\/#primaryimage\",\"url\":\"https:\/\/swoer.vn\/wp-content\/uploads\/2026\/04\/MAY-CAP-LIEU-RUNG-DAI-OC-LUC-GIAC-M8-22.png\",\"contentUrl\":\"https:\/\/swoer.vn\/wp-content\/uploads\/2026\/04\/MAY-CAP-LIEU-RUNG-DAI-OC-LUC-GIAC-M8-22.png\",\"width\":800,\"height\":800,\"caption\":\"MA\u0301Y CA\u0302\u0301P LIE\u0323\u0302U RUNG \u0110AI O\u0302\u0301C LU\u0323C GIA\u0301C M8-22\"},{\"@type\":\"BreadcrumbList\",\"@id\":\"https:\/\/swoer.vn\/manufacturer\/bo-cap-lieu-rung-dai-oc-luc-giac-m8-22\/#breadcrumb\",\"itemListElement\":[{\"@type\":\"ListItem\",\"position\":1,\"name\":\"Home\",\"item\":\"https:\/\/swoer.vn\/\"},{\"@type\":\"ListItem\",\"position\":2,\"name\":\"S\u1ea3n ph\u1ea9m\",\"item\":\"https:\/\/swoer.vn\/shop\/\"},{\"@type\":\"ListItem\",\"position\":3,\"name\":\"B\u1ed9 c\u1ea5p li\u1ec7u rung \u0111ai \u1ed1c l\u1ee5c gi\u00e1c M8-22\"}]},{\"@type\":\"WebSite\",\"@id\":\"https:\/\/swoer.vn\/#website\",\"url\":\"https:\/\/swoer.vn\/\",\"name\":\"Nh\u00e0 s\u1ea3n xu\u1ea5t m\u00e1y c\u1ea5p li\u1ec7u c\u00f4ng nghi\u1ec7p\",\"description\":\"Nh\u00e0 cung c\u1ea5p robot, m\u00e1y c\u1ea5p li\u1ec7u linh ho\u1ea1t, m\u00e1y c\u1ea5p li\u1ec7u ly t\u00e2m, m\u00e1y c\u1ea5p li\u1ec7u rung t\u1ef1 \u0111\u1ed9ng\",\"potentialAction\":[{\"@type\":\"SearchAction\",\"target\":{\"@type\":\"EntryPoint\",\"urlTemplate\":\"https:\/\/swoer.vn\/?s={search_term_string}\"},\"query-input\":{\"@type\":\"PropertyValueSpecification\",\"valueRequired\":true,\"valueName\":\"search_term_string\"}}],\"inLanguage\":\"ja\"}]}<\/script>\n<!-- \/ Yoast SEO plugin. -->","yoast_head_json":{"title":"B\u1ed9 c\u1ea5p li\u1ec7u rung \u0111ai \u1ed1c l\u1ee5c gi\u00e1c M8-22 - Nh\u00e0 s\u1ea3n xu\u1ea5t m\u00e1y c\u1ea5p li\u1ec7u c\u00f4ng nghi\u1ec7p","description":"Ph\u1ec5u rung SWOER c\u1ea5p li\u1ec7u \u0111ai \u1ed1c l\u1ee5c gi\u00e1c M8-22 ch\u00ednh x\u00e1c, t\u1ed1c \u0111\u1ed9 h\u00e0ng ngh\u00ecn sp\/gi\u1edd. V\u1eadt li\u1ec7u SUS304 b\u1ec1n b\u1ec9, \u0111\u1ea1t chu\u1ea9n CE\/ISO9001. Gi\u1ea3i ph\u00e1p t\u1ed1i \u01b0u","robots":{"index":"index","follow":"follow","max-snippet":"max-snippet:-1","max-image-preview":"max-image-preview:large","max-video-preview":"max-video-preview:-1"},"canonical":"https:\/\/swoer.vn\/ja\/manufacturer\/bo-cap-lieu-rung-dai-oc-luc-giac-m8-22\/","og_locale":"ja_JP","og_type":"article","og_title":"B\u1ed9 c\u1ea5p li\u1ec7u rung \u0111ai \u1ed1c l\u1ee5c gi\u00e1c M8-22 - Nh\u00e0 s\u1ea3n xu\u1ea5t m\u00e1y c\u1ea5p li\u1ec7u c\u00f4ng nghi\u1ec7p","og_description":"Ph\u1ec5u rung SWOER c\u1ea5p li\u1ec7u \u0111ai \u1ed1c l\u1ee5c gi\u00e1c M8-22 ch\u00ednh x\u00e1c, t\u1ed1c \u0111\u1ed9 h\u00e0ng ngh\u00ecn sp\/gi\u1edd. V\u1eadt li\u1ec7u SUS304 b\u1ec1n b\u1ec9, \u0111\u1ea1t chu\u1ea9n CE\/ISO9001. Gi\u1ea3i ph\u00e1p t\u1ed1i \u01b0u","og_url":"https:\/\/swoer.vn\/ja\/manufacturer\/bo-cap-lieu-rung-dai-oc-luc-giac-m8-22\/","og_site_name":"Nh\u00e0 s\u1ea3n xu\u1ea5t m\u00e1y c\u1ea5p li\u1ec7u c\u00f4ng nghi\u1ec7p","article_modified_time":"2026-04-10T04:52:01+00:00","og_image":[{"width":800,"height":800,"url":"https:\/\/swoer.vn\/wp-content\/uploads\/2026\/04\/MAY-CAP-LIEU-RUNG-DAI-OC-LUC-GIAC-M8-22.png","type":"image\/png"}],"twitter_card":"summary_large_image","twitter_misc":{"\u63a8\u5b9a\u8aad\u307f\u53d6\u308a\u6642\u9593":"2\u5206"},"schema":{"@context":"https:\/\/schema.org","@graph":[{"@type":"WebPage","@id":"https:\/\/swoer.vn\/manufacturer\/bo-cap-lieu-rung-dai-oc-luc-giac-m8-22\/","url":"https:\/\/swoer.vn\/manufacturer\/bo-cap-lieu-rung-dai-oc-luc-giac-m8-22\/","name":"B\u1ed9 c\u1ea5p li\u1ec7u rung \u0111ai \u1ed1c l\u1ee5c gi\u00e1c M8-22 - Nh\u00e0 s\u1ea3n xu\u1ea5t m\u00e1y c\u1ea5p li\u1ec7u c\u00f4ng nghi\u1ec7p","isPartOf":{"@id":"https:\/\/swoer.vn\/#website"},"primaryImageOfPage":{"@id":"https:\/\/swoer.vn\/manufacturer\/bo-cap-lieu-rung-dai-oc-luc-giac-m8-22\/#primaryimage"},"image":{"@id":"https:\/\/swoer.vn\/manufacturer\/bo-cap-lieu-rung-dai-oc-luc-giac-m8-22\/#primaryimage"},"thumbnailUrl":"https:\/\/swoer.vn\/wp-content\/uploads\/2026\/04\/MAY-CAP-LIEU-RUNG-DAI-OC-LUC-GIAC-M8-22.png","datePublished":"2026-04-10T04:52:00+00:00","dateModified":"2026-04-10T04:52:01+00:00","description":"Ph\u1ec5u rung SWOER c\u1ea5p li\u1ec7u \u0111ai \u1ed1c l\u1ee5c gi\u00e1c M8-22 ch\u00ednh x\u00e1c, t\u1ed1c \u0111\u1ed9 h\u00e0ng ngh\u00ecn sp\/gi\u1edd. V\u1eadt li\u1ec7u SUS304 b\u1ec1n b\u1ec9, \u0111\u1ea1t chu\u1ea9n CE\/ISO9001. Gi\u1ea3i ph\u00e1p t\u1ed1i \u01b0u","breadcrumb":{"@id":"https:\/\/swoer.vn\/manufacturer\/bo-cap-lieu-rung-dai-oc-luc-giac-m8-22\/#breadcrumb"},"inLanguage":"ja","potentialAction":[{"@type":"ReadAction","target":["https:\/\/swoer.vn\/manufacturer\/bo-cap-lieu-rung-dai-oc-luc-giac-m8-22\/"]}]},{"@type":"ImageObject","inLanguage":"ja","@id":"https:\/\/swoer.vn\/manufacturer\/bo-cap-lieu-rung-dai-oc-luc-giac-m8-22\/#primaryimage","url":"https:\/\/swoer.vn\/wp-content\/uploads\/2026\/04\/MAY-CAP-LIEU-RUNG-DAI-OC-LUC-GIAC-M8-22.png","contentUrl":"https:\/\/swoer.vn\/wp-content\/uploads\/2026\/04\/MAY-CAP-LIEU-RUNG-DAI-OC-LUC-GIAC-M8-22.png","width":800,"height":800,"caption":"MA\u0301Y CA\u0302\u0301P LIE\u0323\u0302U RUNG \u0110AI O\u0302\u0301C LU\u0323C GIA\u0301C M8-22"},{"@type":"BreadcrumbList","@id":"https:\/\/swoer.vn\/manufacturer\/bo-cap-lieu-rung-dai-oc-luc-giac-m8-22\/#breadcrumb","itemListElement":[{"@type":"ListItem","position":1,"name":"Home","item":"https:\/\/swoer.vn\/"},{"@type":"ListItem","position":2,"name":"S\u1ea3n ph\u1ea9m","item":"https:\/\/swoer.vn\/shop\/"},{"@type":"ListItem","position":3,"name":"B\u1ed9 c\u1ea5p li\u1ec7u rung \u0111ai \u1ed1c l\u1ee5c gi\u00e1c M8-22"}]},{"@type":"WebSite","@id":"https:\/\/swoer.vn\/#website","url":"https:\/\/swoer.vn\/","name":"\u5de5\u696d\u7528\u30d5\u30a3\u30fc\u30c0\u30fc\u30e1\u30fc\u30ab\u30fc","description":"\u30ed\u30dc\u30c3\u30c8\u3001\u30d5\u30ec\u30ad\u30b7\u30d6\u30eb\u30d5\u30a3\u30fc\u30c0\u30fc\u3001\u9060\u5fc3\u30d5\u30a3\u30fc\u30c0\u30fc\u3001\u81ea\u52d5\u632f\u52d5\u30d5\u30a3\u30fc\u30c0\u30fc\u306e\u30b5\u30d7\u30e9\u30a4\u30e4\u30fc","potentialAction":[{"@type":"SearchAction","target":{"@type":"EntryPoint","urlTemplate":"https:\/\/swoer.vn\/?s={search_term_string}"},"query-input":{"@type":"PropertyValueSpecification","valueRequired":true,"valueName":"search_term_string"}}],"inLanguage":"ja"}]}},"_links":{"self":[{"href":"https:\/\/swoer.vn\/ja\/wp-json\/wp\/v2\/product\/8295","targetHints":{"allow":["GET"]}}],"collection":[{"href":"https:\/\/swoer.vn\/ja\/wp-json\/wp\/v2\/product"}],"about":[{"href":"https:\/\/swoer.vn\/ja\/wp-json\/wp\/v2\/types\/product"}],"replies":[{"embeddable":true,"href":"https:\/\/swoer.vn\/ja\/wp-json\/wp\/v2\/comments?post=8295"}],"wp:featuredmedia":[{"embeddable":true,"href":"https:\/\/swoer.vn\/ja\/wp-json\/wp\/v2\/media\/8296"}],"wp:attachment":[{"href":"https:\/\/swoer.vn\/ja\/wp-json\/wp\/v2\/media?parent=8295"}],"wp:term":[{"taxonomy":"product_brand","embeddable":true,"href":"https:\/\/swoer.vn\/ja\/wp-json\/wp\/v2\/product_brand?post=8295"},{"taxonomy":"product_cat","embeddable":true,"href":"https:\/\/swoer.vn\/ja\/wp-json\/wp\/v2\/product_cat?post=8295"},{"taxonomy":"product_tag","embeddable":true,"href":"https:\/\/swoer.vn\/ja\/wp-json\/wp\/v2\/product_tag?post=8295"}],"curies":[{"name":"wp","href":"https:\/\/api.w.org\/{rel}","templated":true}]}}