{"id":8280,"date":"2026-04-09T10:06:05","date_gmt":"2026-04-09T03:06:05","guid":{"rendered":"https:\/\/swoer.vn\/?post_type=product&#038;p=8280"},"modified":"2026-04-09T10:06:05","modified_gmt":"2026-04-09T03:06:05","slug":"bo-cap-lieu-rung-cap-bulong","status":"publish","type":"product","link":"https:\/\/swoer.vn\/ja\/manufacturer\/bo-cap-lieu-rung-cap-bulong\/","title":{"rendered":"B\u1ed9 c\u1ea5p li\u1ec7u rung c\u1ea5p bulong"},"content":{"rendered":"<h2><span style=\"font-weight: 400;\">C\u00e1c lo\u1ea1i v\u00edt ph\u00f9 h\u1ee3p nh\u1ea5t v\u1edbi ph\u1ec5u rung<\/span><\/h2>\n<p><span style=\"font-weight: 400;\">Th\u00f4ng th\u01b0\u1eddng, nh\u1eefng lo\u1ea1i v\u00edt c\u00f3 h\u00ecnh d\u1ea1ng quy chu\u1ea9n, tr\u1ecdng t\u00e2m r\u00f5 r\u00e0ng v\u00e0 kh\u00f4ng c\u00f3 chi ti\u1ebft r\u1eddi \u0111i k\u00e8m s\u1ebd \u0111\u1ea1t hi\u1ec7u su\u1ea5t c\u1ea5p li\u1ec7u cao nh\u1ea5t:<\/span><\/p>\n<ul>\n<li style=\"font-weight: 400;\" aria-level=\"1\"><b>V\u00edt \u0111\u1ea7u ch\u1ea3o, \u0111\u1ea7u b\u1eb1ng, \u0111\u1ea7u l\u1ee5c gi\u00e1c:<\/b><span style=\"font-weight: 400;\"> Nh\u1edd h\u00ecnh kh\u1ed1i ph\u1ea7n \u0111\u1ea7u r\u00f5 r\u00e0ng, h\u1ec7 th\u1ed1ng c\u00f3 th\u1ec3 d\u1ec5 d\u00e0ng nh\u1eadn di\u1ec7n tr\u1ecdng t\u00e2m \u0111\u1ec3 \u0111\u1ecbnh h\u01b0\u1edbng ho\u1eb7c s\u1eed d\u1ee5ng \u0111\u1ed9 d\u1ed1c c\u1ee7a \u0111\u1ea7u v\u00edt \u0111\u1ec3 ph\u00e2n lo\u1ea1i tr\u00ean \u0111\u01b0\u1eddng ray.<\/span><\/li>\n<li style=\"font-weight: 400;\" aria-level=\"1\"><b>V\u00edt m\u00e1y (Full Thread):<\/b><span style=\"font-weight: 400;\"> Thi\u1ebft k\u1ebf ren to\u00e0n th\u00e2n v\u00e0 h\u00ecnh d\u00e1ng \u0111\u1ed3ng nh\u1ea5t gi\u00fap v\u00edt di chuy\u1ec3n m\u01b0\u1ee3t m\u00e0, kh\u00f4ng b\u1ecb k\u1eb9t t\u1ea1i c\u00e1c \u0111i\u1ec3m chuy\u1ec3n ti\u1ebfp.<\/span><\/li>\n<li style=\"font-weight: 400;\" aria-level=\"1\"><b>V\u00edt c\u00f3 r\u00e3nh (Phillips, Pozidriv):<\/b><span style=\"font-weight: 400;\"> Tr\u1eeb c\u00e1c lo\u1ea1i v\u00edt si\u00eau nh\u1ecf, c\u00e1c c\u01a1 ch\u1ebf \u0111\u1ecbnh h\u01b0\u1edbng c\u1ee7a ph\u1ec5u v\u1eabn ho\u1ea1t \u0111\u1ed9ng tin c\u1eady d\u1ef1a tr\u00ean vi\u1ec7c nh\u1eadn di\u1ec7n b\u1ec1 m\u1eb7t \u0111\u1ea7u v\u00edt.<\/span><\/li>\n<li style=\"font-weight: 400;\" aria-level=\"1\"><b>V\u00edt t\u1ef1 khoan (Self-tapping):<\/b><span style=\"font-weight: 400;\"> Ph\u1ea7n \u0111\u1ea7u nh\u1ecdn gi\u00fap \u0111\u1ecbnh h\u00ecnh h\u01b0\u1edbng \u0111i tr\u00ean ray d\u1ec5 d\u00e0ng h\u01a1n d\u1ef1a v\u00e0o s\u1ef1 ch\u00eanh l\u1ec7ch tr\u1ecdng t\u00e2m gi\u1eefa \u0111\u1ea7u v\u00e0 \u0111u\u00f4i.<\/span><\/li>\n<\/ul>\n<h2><span style=\"font-weight: 400;\">C\u00e1c lo\u1ea1i v\u00edt \u0111\u00f2i h\u1ecfi thi\u1ebft k\u1ebf \u0111\u1eb7c bi\u1ec7t<\/span><\/h2>\n<p><span style=\"font-weight: 400;\">M\u1ed9t s\u1ed1 lo\u1ea1i linh ki\u1ec7n \u0111\u1eb7c th\u00f9 c\u1ea7n c\u00e1c gi\u1ea3i ph\u00e1p k\u1ef9 thu\u1eadt chuy\u00ean s\u00e2u t\u1eeb \u0111\u1ed9i ng\u0169 k\u1ef9 s\u01b0 c\u1ee7a SWOER:<\/span><\/p>\n<table>\n<tbody>\n<tr>\n<td><b>Lo\u1ea1i linh ki\u1ec7n<\/b><\/td>\n<td><b>Th\u00e1ch th\u1ee9c k\u1ef9 thu\u1eadt<\/b><\/td>\n<td><b>Gi\u1ea3i ph\u00e1p t\u1eeb SWOER<\/b><\/td>\n<\/tr>\n<tr>\n<td><b>V\u00edt k\u00e8m v\u00f2ng \u0111\u1ec7m (Washer)<\/b><\/td>\n<td><span style=\"font-weight: 400;\">V\u00f2ng \u0111\u1ec7m d\u1ec5 b\u1ecb tu\u1ed9t ho\u1eb7c k\u1eb9t tr\u00ean \u0111\u01b0\u1eddng ray khi rung.<\/span><\/td>\n<td><span style=\"font-weight: 400;\">Thi\u1ebft k\u1ebf \u0111\u01b0\u1eddng ray c\u00f3 n\u1eafp che (covered tracks) v\u00e0 t\u1ed1i \u01b0u t\u1ea7n s\u1ed1 rung.<\/span><\/td>\n<\/tr>\n<tr>\n<td><b>V\u00edt c\u00f3 b\u1eadc (Shoulder Screws)<\/b><\/td>\n<td><span style=\"font-weight: 400;\">Ph\u1ea7n b\u1eadc gi\u1eefa c\u00e1c \u0111\u01b0\u1eddng k\u00ednh kh\u00e1c nhau d\u1ec5 g\u00e2y kh\u1ef1ng t\u1ea1i c\u00e1c kh\u1edbp n\u1ed1i.<\/span><\/td>\n<td><span style=\"font-weight: 400;\">Gia c\u00f4ng chu\u1ea9n x\u00e1c chi\u1ec1u r\u1ed9ng v\u00e0 chi\u1ec1u cao ray \u0111\u1ebfn t\u1eebng micromet.<\/span><\/td>\n<\/tr>\n<tr>\n<td><b>V\u00edt hai \u0111\u1ea7u (Studs)<\/b><\/td>\n<td><span style=\"font-weight: 400;\">\u0110\u1ed1i x\u1ee9ng c\u1ea3 hai \u0111\u1ea7u, kh\u00f4ng c\u00f3 &#8220;\u0111\u1ea7u&#8221; hay &#8220;\u0111u\u00f4i&#8221; r\u00f5 r\u00e0ng \u0111\u1ec3 \u0111\u1ecbnh h\u01b0\u1edbng.<\/span><\/td>\n<td><span style=\"font-weight: 400;\">N\u1ebfu c\u1ea7n \u0111\u1ecbnh h\u01b0\u1edbng ch\u00ednh x\u00e1c, c\u1ea7n t\u00edch h\u1ee3p th\u00eam h\u1ec7 th\u1ed1ng Camera (Vision).<\/span><\/td>\n<\/tr>\n<tr>\n<td><b>V\u00edt si\u00eau nh\u1ecf (D\u01b0\u1edbi M1.0)<\/b><\/td>\n<td><span style=\"font-weight: 400;\">Qu\u00e1 nh\u1eb9, d\u1ec5 d\u00ednh do t\u0129nh \u0111i\u1ec7n ho\u1eb7c kh\u00f4ng \u0111\u1ee7 l\u1ef1c \u0111\u1ea9y t\u1eeb rung \u0111\u1ed9ng.<\/span><\/td>\n<td><span style=\"font-weight: 400;\">S\u1eed d\u1ee5ng ph\u1ec5u k\u00edch th\u01b0\u1edbc micro, t\u1ea7n s\u1ed1 cao, bi\u00ean \u0111\u1ed9 th\u1ea5p k\u1ebft h\u1ee3p th\u1ed5i kh\u00ed.<\/span><\/td>\n<\/tr>\n<tr>\n<td><b>V\u00edt nh\u1ef1a<\/b><\/td>\n<td><span style=\"font-weight: 400;\">Tr\u1ecdng l\u01b0\u1ee3ng nh\u1eb9, d\u1ec5 t\u00edch t\u0129nh \u0111i\u1ec7n v\u00e0 nhanh m\u00f2n b\u1ec1 m\u1eb7t.<\/span><\/td>\n<td><span style=\"font-weight: 400;\">Ph\u1ee7 l\u1edbp ch\u1ed1ng d\u00ednh <\/span><b>Teflon<\/b><span style=\"font-weight: 400;\">, gi\u1ea3m c\u01b0\u1eddng \u0111\u1ed9 rung v\u00e0 kh\u1eed t\u0129nh \u0111i\u1ec7n.<\/span><\/td>\n<\/tr>\n<\/tbody>\n<\/table>","protected":false},"excerpt":{"rendered":"<p><span style=\"font-weight: 400;\">Trong t\u1ef1 \u0111\u1ed9ng h\u00f3a, vi\u1ec7c ph\u00e2n lo\u1ea1i v\u00e0 \u0111\u1ecbnh h\u01b0\u1edbng bu l\u00f4ng, v\u00edt l\u00e0 m\u1ed9t trong nh\u1eefng \u1ee9ng d\u1ee5ng ph\u1ed5 bi\u1ebfn nh\u1ea5t. Tuy nhi\u00ean, m\u1ed7i lo\u1ea1i v\u00edt l\u1ea1i \u0111\u00f2i h\u1ecfi m\u1ed9t c\u1ea5u tr\u00fac \u0111\u01b0\u1eddng d\u1eabn (track) kh\u00e1c nhau \u0111\u1ec3 \u0111\u1ea1t hi\u1ec7u su\u1ea5t cao nh\u1ea5t. T\u1ea1i SWOER, ch\u00fang t\u00f4i thi\u1ebft k\u1ebf ph\u1ec5u rung d\u1ef1a tr\u00ean \u0111\u1eb7c t\u00ednh h\u00ecnh h\u1ecdc c\u1ee5 th\u1ec3 c\u1ee7a t\u1eebng lo\u1ea1i linh ki\u1ec7n.<\/span><\/p>","protected":false},"featured_media":8281,"comment_status":"open","ping_status":"closed","template":"","meta":[],"product_brand":[],"product_cat":[106],"product_tag":[172,43,107,166,249],"class_list":{"0":"post-8280","1":"product","2":"type-product","3":"status-publish","4":"has-post-thumbnail","6":"product_cat-mam-rung-cap-phoi","7":"product_tag-bo-cap-lieu-rung","8":"product_tag-mam-rung","9":"product_tag-may-cap-lieu-rung","10":"product_tag-pheu-rung","11":"product_tag-vibratory-bowl-feeder","13":"first","14":"instock","15":"shipping-taxable","16":"product-type-simple"},"yoast_head":"<!-- This site is optimized with the Yoast SEO plugin v26.0 - https:\/\/yoast.com\/wordpress\/plugins\/seo\/ -->\n<title>B\u1ed9 c\u1ea5p li\u1ec7u rung c\u1ea5p bulong - Nh\u00e0 s\u1ea3n xu\u1ea5t m\u00e1y c\u1ea5p li\u1ec7u c\u00f4ng nghi\u1ec7p<\/title>\n<meta name=\"description\" content=\"Ph\u1ec5u rung SWOER chuy\u00ean d\u1ee5ng cho bu l\u00f4ng, v\u00edt (M1.0 - M20). Gi\u1ea3i ph\u00e1p \u0111\u1ecbnh h\u01b0\u1edbng ch\u00ednh x\u00e1c cho v\u00edt t\u1ef1 khoan, v\u00edt \u0111\u1ea7u b\u1eb1ng, \u0111\u1ea7u ch\u1ea3o. T\u00f9y ch\u1ec9nh ch\u1ed1ng k\u1eb9t\" \/>\n<meta name=\"robots\" content=\"index, follow, max-snippet:-1, max-image-preview:large, max-video-preview:-1\" \/>\n<link rel=\"canonical\" href=\"https:\/\/swoer.vn\/ja\/manufacturer\/bo-cap-lieu-rung-cap-bulong\/\" \/>\n<meta property=\"og:locale\" content=\"ja_JP\" \/>\n<meta property=\"og:type\" content=\"article\" \/>\n<meta property=\"og:title\" content=\"B\u1ed9 c\u1ea5p li\u1ec7u rung c\u1ea5p bulong - Nh\u00e0 s\u1ea3n xu\u1ea5t m\u00e1y c\u1ea5p li\u1ec7u c\u00f4ng nghi\u1ec7p\" \/>\n<meta property=\"og:description\" content=\"Ph\u1ec5u rung SWOER chuy\u00ean d\u1ee5ng cho bu l\u00f4ng, v\u00edt (M1.0 - M20). Gi\u1ea3i ph\u00e1p \u0111\u1ecbnh h\u01b0\u1edbng ch\u00ednh x\u00e1c cho v\u00edt t\u1ef1 khoan, v\u00edt \u0111\u1ea7u b\u1eb1ng, \u0111\u1ea7u ch\u1ea3o. T\u00f9y ch\u1ec9nh ch\u1ed1ng k\u1eb9t\" \/>\n<meta property=\"og:url\" content=\"https:\/\/swoer.vn\/ja\/manufacturer\/bo-cap-lieu-rung-cap-bulong\/\" \/>\n<meta property=\"og:site_name\" content=\"Nh\u00e0 s\u1ea3n xu\u1ea5t m\u00e1y c\u1ea5p li\u1ec7u c\u00f4ng nghi\u1ec7p\" \/>\n<meta property=\"og:image\" content=\"https:\/\/swoer.vn\/wp-content\/uploads\/2026\/04\/MAY-CAP-LIEU-RUNG-CAP-BU-LONG.png\" \/>\n\t<meta property=\"og:image:width\" content=\"800\" \/>\n\t<meta property=\"og:image:height\" content=\"800\" \/>\n\t<meta property=\"og:image:type\" content=\"image\/png\" \/>\n<meta name=\"twitter:card\" content=\"summary_large_image\" \/>\n<meta name=\"twitter:label1\" content=\"\u63a8\u5b9a\u8aad\u307f\u53d6\u308a\u6642\u9593\" \/>\n\t<meta name=\"twitter:data1\" content=\"3\u5206\" \/>\n<script type=\"application\/ld+json\" class=\"yoast-schema-graph\">{\"@context\":\"https:\/\/schema.org\",\"@graph\":[{\"@type\":\"WebPage\",\"@id\":\"https:\/\/swoer.vn\/manufacturer\/bo-cap-lieu-rung-cap-bulong\/\",\"url\":\"https:\/\/swoer.vn\/manufacturer\/bo-cap-lieu-rung-cap-bulong\/\",\"name\":\"B\u1ed9 c\u1ea5p li\u1ec7u rung c\u1ea5p bulong - Nh\u00e0 s\u1ea3n xu\u1ea5t m\u00e1y c\u1ea5p li\u1ec7u c\u00f4ng nghi\u1ec7p\",\"isPartOf\":{\"@id\":\"https:\/\/swoer.vn\/#website\"},\"primaryImageOfPage\":{\"@id\":\"https:\/\/swoer.vn\/manufacturer\/bo-cap-lieu-rung-cap-bulong\/#primaryimage\"},\"image\":{\"@id\":\"https:\/\/swoer.vn\/manufacturer\/bo-cap-lieu-rung-cap-bulong\/#primaryimage\"},\"thumbnailUrl\":\"https:\/\/swoer.vn\/wp-content\/uploads\/2026\/04\/MAY-CAP-LIEU-RUNG-CAP-BU-LONG.png\",\"datePublished\":\"2026-04-09T03:06:05+00:00\",\"description\":\"Ph\u1ec5u rung SWOER chuy\u00ean d\u1ee5ng cho bu l\u00f4ng, v\u00edt (M1.0 - M20). Gi\u1ea3i ph\u00e1p \u0111\u1ecbnh h\u01b0\u1edbng ch\u00ednh x\u00e1c cho v\u00edt t\u1ef1 khoan, v\u00edt \u0111\u1ea7u b\u1eb1ng, \u0111\u1ea7u ch\u1ea3o. T\u00f9y ch\u1ec9nh ch\u1ed1ng k\u1eb9t\",\"breadcrumb\":{\"@id\":\"https:\/\/swoer.vn\/manufacturer\/bo-cap-lieu-rung-cap-bulong\/#breadcrumb\"},\"inLanguage\":\"ja\",\"potentialAction\":[{\"@type\":\"ReadAction\",\"target\":[\"https:\/\/swoer.vn\/manufacturer\/bo-cap-lieu-rung-cap-bulong\/\"]}]},{\"@type\":\"ImageObject\",\"inLanguage\":\"ja\",\"@id\":\"https:\/\/swoer.vn\/manufacturer\/bo-cap-lieu-rung-cap-bulong\/#primaryimage\",\"url\":\"https:\/\/swoer.vn\/wp-content\/uploads\/2026\/04\/MAY-CAP-LIEU-RUNG-CAP-BU-LONG.png\",\"contentUrl\":\"https:\/\/swoer.vn\/wp-content\/uploads\/2026\/04\/MAY-CAP-LIEU-RUNG-CAP-BU-LONG.png\",\"width\":800,\"height\":800,\"caption\":\"B\u1ed9 c\u1ea5p li\u1ec7u rung c\u1ea5p bulong\"},{\"@type\":\"BreadcrumbList\",\"@id\":\"https:\/\/swoer.vn\/manufacturer\/bo-cap-lieu-rung-cap-bulong\/#breadcrumb\",\"itemListElement\":[{\"@type\":\"ListItem\",\"position\":1,\"name\":\"Home\",\"item\":\"https:\/\/swoer.vn\/\"},{\"@type\":\"ListItem\",\"position\":2,\"name\":\"S\u1ea3n ph\u1ea9m\",\"item\":\"https:\/\/swoer.vn\/shop\/\"},{\"@type\":\"ListItem\",\"position\":3,\"name\":\"B\u1ed9 c\u1ea5p li\u1ec7u rung c\u1ea5p bulong\"}]},{\"@type\":\"WebSite\",\"@id\":\"https:\/\/swoer.vn\/#website\",\"url\":\"https:\/\/swoer.vn\/\",\"name\":\"Nh\u00e0 s\u1ea3n xu\u1ea5t m\u00e1y c\u1ea5p li\u1ec7u c\u00f4ng nghi\u1ec7p\",\"description\":\"Nh\u00e0 cung c\u1ea5p robot, m\u00e1y c\u1ea5p li\u1ec7u linh ho\u1ea1t, m\u00e1y c\u1ea5p li\u1ec7u ly t\u00e2m, m\u00e1y c\u1ea5p li\u1ec7u rung t\u1ef1 \u0111\u1ed9ng\",\"potentialAction\":[{\"@type\":\"SearchAction\",\"target\":{\"@type\":\"EntryPoint\",\"urlTemplate\":\"https:\/\/swoer.vn\/?s={search_term_string}\"},\"query-input\":{\"@type\":\"PropertyValueSpecification\",\"valueRequired\":true,\"valueName\":\"search_term_string\"}}],\"inLanguage\":\"ja\"}]}<\/script>\n<!-- \/ Yoast SEO plugin. -->","yoast_head_json":{"title":"B\u1ed9 c\u1ea5p li\u1ec7u rung c\u1ea5p bulong - Nh\u00e0 s\u1ea3n xu\u1ea5t m\u00e1y c\u1ea5p li\u1ec7u c\u00f4ng nghi\u1ec7p","description":"Ph\u1ec5u rung SWOER chuy\u00ean d\u1ee5ng cho bu l\u00f4ng, v\u00edt (M1.0 - M20). Gi\u1ea3i ph\u00e1p \u0111\u1ecbnh h\u01b0\u1edbng ch\u00ednh x\u00e1c cho v\u00edt t\u1ef1 khoan, v\u00edt \u0111\u1ea7u b\u1eb1ng, \u0111\u1ea7u ch\u1ea3o. T\u00f9y ch\u1ec9nh ch\u1ed1ng k\u1eb9t","robots":{"index":"index","follow":"follow","max-snippet":"max-snippet:-1","max-image-preview":"max-image-preview:large","max-video-preview":"max-video-preview:-1"},"canonical":"https:\/\/swoer.vn\/ja\/manufacturer\/bo-cap-lieu-rung-cap-bulong\/","og_locale":"ja_JP","og_type":"article","og_title":"B\u1ed9 c\u1ea5p li\u1ec7u rung c\u1ea5p bulong - Nh\u00e0 s\u1ea3n xu\u1ea5t m\u00e1y c\u1ea5p li\u1ec7u c\u00f4ng nghi\u1ec7p","og_description":"Ph\u1ec5u rung SWOER chuy\u00ean d\u1ee5ng cho bu l\u00f4ng, v\u00edt (M1.0 - M20). Gi\u1ea3i ph\u00e1p \u0111\u1ecbnh h\u01b0\u1edbng ch\u00ednh x\u00e1c cho v\u00edt t\u1ef1 khoan, v\u00edt \u0111\u1ea7u b\u1eb1ng, \u0111\u1ea7u ch\u1ea3o. T\u00f9y ch\u1ec9nh ch\u1ed1ng k\u1eb9t","og_url":"https:\/\/swoer.vn\/ja\/manufacturer\/bo-cap-lieu-rung-cap-bulong\/","og_site_name":"Nh\u00e0 s\u1ea3n xu\u1ea5t m\u00e1y c\u1ea5p li\u1ec7u c\u00f4ng nghi\u1ec7p","og_image":[{"width":800,"height":800,"url":"https:\/\/swoer.vn\/wp-content\/uploads\/2026\/04\/MAY-CAP-LIEU-RUNG-CAP-BU-LONG.png","type":"image\/png"}],"twitter_card":"summary_large_image","twitter_misc":{"\u63a8\u5b9a\u8aad\u307f\u53d6\u308a\u6642\u9593":"3\u5206"},"schema":{"@context":"https:\/\/schema.org","@graph":[{"@type":"WebPage","@id":"https:\/\/swoer.vn\/manufacturer\/bo-cap-lieu-rung-cap-bulong\/","url":"https:\/\/swoer.vn\/manufacturer\/bo-cap-lieu-rung-cap-bulong\/","name":"B\u1ed9 c\u1ea5p li\u1ec7u rung c\u1ea5p bulong - Nh\u00e0 s\u1ea3n xu\u1ea5t m\u00e1y c\u1ea5p li\u1ec7u c\u00f4ng nghi\u1ec7p","isPartOf":{"@id":"https:\/\/swoer.vn\/#website"},"primaryImageOfPage":{"@id":"https:\/\/swoer.vn\/manufacturer\/bo-cap-lieu-rung-cap-bulong\/#primaryimage"},"image":{"@id":"https:\/\/swoer.vn\/manufacturer\/bo-cap-lieu-rung-cap-bulong\/#primaryimage"},"thumbnailUrl":"https:\/\/swoer.vn\/wp-content\/uploads\/2026\/04\/MAY-CAP-LIEU-RUNG-CAP-BU-LONG.png","datePublished":"2026-04-09T03:06:05+00:00","description":"Ph\u1ec5u rung SWOER chuy\u00ean d\u1ee5ng cho bu l\u00f4ng, v\u00edt (M1.0 - M20). Gi\u1ea3i ph\u00e1p \u0111\u1ecbnh h\u01b0\u1edbng ch\u00ednh x\u00e1c cho v\u00edt t\u1ef1 khoan, v\u00edt \u0111\u1ea7u b\u1eb1ng, \u0111\u1ea7u ch\u1ea3o. T\u00f9y ch\u1ec9nh ch\u1ed1ng k\u1eb9t","breadcrumb":{"@id":"https:\/\/swoer.vn\/manufacturer\/bo-cap-lieu-rung-cap-bulong\/#breadcrumb"},"inLanguage":"ja","potentialAction":[{"@type":"ReadAction","target":["https:\/\/swoer.vn\/manufacturer\/bo-cap-lieu-rung-cap-bulong\/"]}]},{"@type":"ImageObject","inLanguage":"ja","@id":"https:\/\/swoer.vn\/manufacturer\/bo-cap-lieu-rung-cap-bulong\/#primaryimage","url":"https:\/\/swoer.vn\/wp-content\/uploads\/2026\/04\/MAY-CAP-LIEU-RUNG-CAP-BU-LONG.png","contentUrl":"https:\/\/swoer.vn\/wp-content\/uploads\/2026\/04\/MAY-CAP-LIEU-RUNG-CAP-BU-LONG.png","width":800,"height":800,"caption":"B\u1ed9 c\u1ea5p li\u1ec7u rung c\u1ea5p bulong"},{"@type":"BreadcrumbList","@id":"https:\/\/swoer.vn\/manufacturer\/bo-cap-lieu-rung-cap-bulong\/#breadcrumb","itemListElement":[{"@type":"ListItem","position":1,"name":"Home","item":"https:\/\/swoer.vn\/"},{"@type":"ListItem","position":2,"name":"S\u1ea3n ph\u1ea9m","item":"https:\/\/swoer.vn\/shop\/"},{"@type":"ListItem","position":3,"name":"B\u1ed9 c\u1ea5p li\u1ec7u rung c\u1ea5p bulong"}]},{"@type":"WebSite","@id":"https:\/\/swoer.vn\/#website","url":"https:\/\/swoer.vn\/","name":"\u5de5\u696d\u7528\u30d5\u30a3\u30fc\u30c0\u30fc\u30e1\u30fc\u30ab\u30fc","description":"\u30ed\u30dc\u30c3\u30c8\u3001\u30d5\u30ec\u30ad\u30b7\u30d6\u30eb\u30d5\u30a3\u30fc\u30c0\u30fc\u3001\u9060\u5fc3\u30d5\u30a3\u30fc\u30c0\u30fc\u3001\u81ea\u52d5\u632f\u52d5\u30d5\u30a3\u30fc\u30c0\u30fc\u306e\u30b5\u30d7\u30e9\u30a4\u30e4\u30fc","potentialAction":[{"@type":"SearchAction","target":{"@type":"EntryPoint","urlTemplate":"https:\/\/swoer.vn\/?s={search_term_string}"},"query-input":{"@type":"PropertyValueSpecification","valueRequired":true,"valueName":"search_term_string"}}],"inLanguage":"ja"}]}},"_links":{"self":[{"href":"https:\/\/swoer.vn\/ja\/wp-json\/wp\/v2\/product\/8280","targetHints":{"allow":["GET"]}}],"collection":[{"href":"https:\/\/swoer.vn\/ja\/wp-json\/wp\/v2\/product"}],"about":[{"href":"https:\/\/swoer.vn\/ja\/wp-json\/wp\/v2\/types\/product"}],"replies":[{"embeddable":true,"href":"https:\/\/swoer.vn\/ja\/wp-json\/wp\/v2\/comments?post=8280"}],"wp:featuredmedia":[{"embeddable":true,"href":"https:\/\/swoer.vn\/ja\/wp-json\/wp\/v2\/media\/8281"}],"wp:attachment":[{"href":"https:\/\/swoer.vn\/ja\/wp-json\/wp\/v2\/media?parent=8280"}],"wp:term":[{"taxonomy":"product_brand","embeddable":true,"href":"https:\/\/swoer.vn\/ja\/wp-json\/wp\/v2\/product_brand?post=8280"},{"taxonomy":"product_cat","embeddable":true,"href":"https:\/\/swoer.vn\/ja\/wp-json\/wp\/v2\/product_cat?post=8280"},{"taxonomy":"product_tag","embeddable":true,"href":"https:\/\/swoer.vn\/ja\/wp-json\/wp\/v2\/product_tag?post=8280"}],"curies":[{"name":"wp","href":"https:\/\/api.w.org\/{rel}","templated":true}]}}