{"id":8277,"date":"2026-04-09T09:56:10","date_gmt":"2026-04-09T02:56:10","guid":{"rendered":"https:\/\/swoer.vn\/?post_type=product&#038;p=8277"},"modified":"2026-04-09T09:56:11","modified_gmt":"2026-04-09T02:56:11","slug":"bo-cap-lieu-chi-tiet-cho-lo-xo","status":"publish","type":"product","link":"https:\/\/swoer.vn\/ja\/manufacturer\/bo-cap-lieu-chi-tiet-cho-lo-xo\/","title":{"rendered":"B\u1ed9 c\u1ea5p li\u1ec7u chi ti\u1ebft cho l\u00f2 xo"},"content":{"rendered":"<h2><span style=\"font-weight: 400;\">\u01afu \u0111i\u1ec3m v\u01b0\u1ee3t tr\u1ed9i c\u1ee7a h\u1ec7 th\u1ed1ng<\/span><\/h2>\n<ul>\n<li style=\"font-weight: 400;\" aria-level=\"1\"><b>V\u1eadt li\u1ec7u cao c\u1ea5p:<\/b><span style=\"font-weight: 400;\"> S\u1eed d\u1ee5ng th\u00e9p kh\u00f4ng g\u1ec9 <\/span><b>SUS304\/201<\/b><span style=\"font-weight: 400;\"> v\u1edbi c\u00f4ng ngh\u1ec7 r\u00e8n x\u1eed l\u00fd l\u1ea1nh, mang l\u1ea1i \u0111\u1ed9 b\u1ec1n cao, \u0111\u1ed9 c\u1ee9ng v\u01b0\u1ee3t tr\u1ed9i v\u00e0 kh\u1ea3 n\u0103ng ch\u1ed1ng m\u00e0i m\u00f2n ho\u00e0n h\u1ea3o.<\/span><\/li>\n<li style=\"font-weight: 400;\" aria-level=\"1\"><b>Thi\u1ebft k\u1ebf chuy\u00ean bi\u1ec7t:<\/b><span style=\"font-weight: 400;\"> \u0110\u01b0\u1eddng d\u1eabn \u0111\u01b0\u1ee3c t\u00ednh to\u00e1n t\u1ec9 m\u1ec9 \u0111\u1ec3 t\u00e1ch r\u1eddi c\u00e1c l\u00f2 xo b\u1ecb r\u1ed1i, \u0111\u1ea3m b\u1ea3o linh ki\u1ec7n ra kh\u1ecfi ph\u1ec5u lu\u00f4n \u0111\u00fang h\u01b0\u1edbng v\u00e0 \u0111\u01a1n l\u1ebb.<\/span><\/li>\n<li style=\"font-weight: 400;\" aria-level=\"1\"><b>Ti\u00eau chu\u1ea9n qu\u1ed1c t\u1ebf:<\/b><span style=\"font-weight: 400;\"> S\u1ea3n ph\u1ea9m \u0111\u1ea1t c\u00e1c ch\u1ee9ng nh\u1eadn kh\u1eaft khe nh\u01b0 <\/span><b>CE, ROHS, ISO9001<\/b><span style=\"font-weight: 400;\">, \u0111\u1ea3m b\u1ea3o an to\u00e0n v\u00e0 \u1ed5n \u0111\u1ecbnh khi t\u00edch h\u1ee3p v\u00e0o c\u00e1c d\u00e2y chuy\u1ec1n s\u1ea3n xu\u1ea5t l\u1edbn.<\/span><\/li>\n<li style=\"font-weight: 400;\" aria-level=\"1\"><b>T\u00f9y bi\u1ebfn c\u00f4ng su\u1ea5t:<\/b><span style=\"font-weight: 400;\"> \u0110a d\u1ea1ng c\u00e1c m\u1ee9c c\u00f4ng su\u1ea5t t\u1eeb 65W \u0111\u1ebfn 350W, ph\u00f9 h\u1ee3p v\u1edbi m\u1ecdi k\u00edch c\u1ee1 l\u00f2 xo t\u1eeb si\u00eau nh\u1ecf \u0111\u1ebfn c\u00e1c d\u00f2ng l\u00f2 xo c\u00f4ng nghi\u1ec7p n\u1eb7ng.<\/span><\/li>\n<\/ul>\n<h2><span style=\"font-weight: 400;\">Th\u00f4ng s\u1ed1 k\u1ef9 thu\u1eadt chi ti\u1ebft<\/span><\/h2>\n<table>\n<tbody>\n<tr>\n<td><b>H\u1ea1ng m\u1ee5c<\/b><\/td>\n<td><b>\u4ed5\u69d8<\/b><\/td>\n<\/tr>\n<tr>\n<td><b>\u88fd\u54c1\u540d<\/b><\/td>\n<td><span style=\"font-weight: 400;\">H\u1ec7 th\u1ed1ng c\u1ea5p li\u1ec7u linh ki\u1ec7n l\u00f2 xo (Part Feeding Systems for Springs)<\/span><\/td>\n<\/tr>\n<tr>\n<td><b>V\u1eadt li\u1ec7u ch\u1ebf t\u1ea1o<\/b><\/td>\n<td><b>SUS304 \/ SUS201<\/b><\/td>\n<\/tr>\n<tr>\n<td><b>\u0110\u1eb7c t\u00ednh v\u1eadt li\u1ec7u<\/b><\/td>\n<td><span style=\"font-weight: 400;\">H\u1ee3p kim r\u00e8n x\u1eed l\u00fd l\u1ea1nh, c\u01b0\u1eddng \u0111\u1ed9 cao, \u0111\u1ed9 c\u1ee9ng l\u1edbn<\/span><\/td>\n<\/tr>\n<tr>\n<td><b>\u96fb\u5727<\/b><\/td>\n<td><span style=\"font-weight: 400;\">220V<\/span><\/td>\n<\/tr>\n<tr>\n<td><b>C\u00f4ng su\u1ea5t t\u00f9y ch\u1ecdn<\/b><\/td>\n<td><span style=\"font-weight: 400;\">65W \/ 150W \/ 180W \/ 220W \/ 350W<\/span><\/td>\n<\/tr>\n<tr>\n<td><b>\u8a8d\u8a3c<\/b><\/td>\n<td><b>CE, ROHS, ISO9001<\/b><\/td>\n<\/tr>\n<tr>\n<td><b>Xu\u1ea5t x\u1ee9<\/b><\/td>\n<td><span style=\"font-weight: 400;\">\u4e2d\u56fd<\/span><\/td>\n<\/tr>\n<\/tbody>\n<\/table>","protected":false},"excerpt":{"rendered":"<p><span style=\"font-weight: 400;\">Vi\u1ec7c x\u1eed l\u00fd l\u00f2 xo trong t\u1ef1 \u0111\u1ed9ng h\u00f3a c\u00f4ng nghi\u1ec7p lu\u00f4n \u0111\u1eb7t ra nh\u1eefng th\u00e1ch th\u1ee9c \u0111\u1ed9c \u0111\u00e1o. Do h\u00ecnh d\u00e1ng v\u00e0 k\u00edch th\u01b0\u1edbc \u0111a d\u1ea1ng, l\u00f2 xo r\u1ea5t d\u1ec5 b\u1ecb m\u00f3c n\u1ed1i v\u00e0o nhau, khi\u1ebfn vi\u1ec7c c\u1ea5p li\u1ec7u tr\u1edf th\u00e0nh m\u1ed9t nhi\u1ec7m v\u1ee5 ph\u1ee9c t\u1ea1p. T\u1ea1i <\/span><b>\u8a93\u3046<\/b><span style=\"font-weight: 400;\">, ch\u00fang t\u00f4i cung c\u1ea5p c\u00e1c gi\u1ea3i ph\u00e1p ti\u00ean ti\u1ebfn \u0111\u01b0\u1ee3c thi\u1ebft k\u1ebf ri\u00eang \u0111\u1ec3 gi\u1ea3i quy\u1ebft tri\u1ec7t \u0111\u1ec3 nh\u1eefng kh\u00f3 kh\u0103n n\u00e0y.<\/span><\/p>","protected":false},"featured_media":8278,"comment_status":"open","ping_status":"closed","template":"","meta":[],"product_brand":[],"product_cat":[106],"product_tag":[172,43,250,107,166,249],"class_list":{"0":"post-8277","1":"product","2":"type-product","3":"status-publish","4":"has-post-thumbnail","6":"product_cat-mam-rung-cap-phoi","7":"product_tag-bo-cap-lieu-rung","8":"product_tag-mam-rung","9":"product_tag-may-cap-lieu-cho-lo-xo","10":"product_tag-may-cap-lieu-rung","11":"product_tag-pheu-rung","12":"product_tag-vibratory-bowl-feeder","14":"first","15":"instock","16":"shipping-taxable","17":"product-type-simple"},"yoast_head":"<!-- This site is optimized with the Yoast SEO plugin v26.0 - https:\/\/yoast.com\/wordpress\/plugins\/seo\/ -->\n<title>B\u1ed9 c\u1ea5p li\u1ec7u chi ti\u1ebft cho l\u00f2 xo - Nh\u00e0 s\u1ea3n xu\u1ea5t m\u00e1y c\u1ea5p li\u1ec7u c\u00f4ng nghi\u1ec7p<\/title>\n<meta name=\"description\" content=\"H\u1ec7 th\u1ed1ng c\u1ea5p li\u1ec7u l\u00f2 xo SWOER: Thi\u1ebft k\u1ebf chuy\u00ean d\u1ee5ng ch\u1ed1ng r\u1ed1i, v\u1eadt li\u1ec7u SUS304 si\u00eau b\u1ec1n. \u0110\u1ea1t chu\u1ea9n CE\/ISO9001, b\u1ea3o h\u00e0nh 1 n\u0103m. Gi\u1ea3i ph\u00e1p t\u1ed1i \u01b0u cho l\u00f2 xo\" \/>\n<meta name=\"robots\" content=\"index, follow, max-snippet:-1, max-image-preview:large, max-video-preview:-1\" \/>\n<link rel=\"canonical\" href=\"https:\/\/swoer.vn\/ja\/manufacturer\/bo-cap-lieu-chi-tiet-cho-lo-xo\/\" \/>\n<meta property=\"og:locale\" content=\"ja_JP\" \/>\n<meta property=\"og:type\" content=\"article\" \/>\n<meta property=\"og:title\" content=\"B\u1ed9 c\u1ea5p li\u1ec7u chi ti\u1ebft cho l\u00f2 xo - Nh\u00e0 s\u1ea3n xu\u1ea5t m\u00e1y c\u1ea5p li\u1ec7u c\u00f4ng nghi\u1ec7p\" \/>\n<meta property=\"og:description\" content=\"H\u1ec7 th\u1ed1ng c\u1ea5p li\u1ec7u l\u00f2 xo SWOER: Thi\u1ebft k\u1ebf chuy\u00ean d\u1ee5ng ch\u1ed1ng r\u1ed1i, v\u1eadt li\u1ec7u SUS304 si\u00eau b\u1ec1n. \u0110\u1ea1t chu\u1ea9n CE\/ISO9001, b\u1ea3o h\u00e0nh 1 n\u0103m. Gi\u1ea3i ph\u00e1p t\u1ed1i \u01b0u cho l\u00f2 xo\" \/>\n<meta property=\"og:url\" content=\"https:\/\/swoer.vn\/ja\/manufacturer\/bo-cap-lieu-chi-tiet-cho-lo-xo\/\" \/>\n<meta property=\"og:site_name\" content=\"Nh\u00e0 s\u1ea3n xu\u1ea5t m\u00e1y c\u1ea5p li\u1ec7u c\u00f4ng nghi\u1ec7p\" \/>\n<meta property=\"article:modified_time\" content=\"2026-04-09T02:56:11+00:00\" \/>\n<meta property=\"og:image\" content=\"https:\/\/swoer.vn\/wp-content\/uploads\/2026\/04\/MAY-CAP-LIEU-CHI-TIET-CHO-LO-XO.png\" \/>\n\t<meta property=\"og:image:width\" content=\"800\" \/>\n\t<meta property=\"og:image:height\" content=\"800\" \/>\n\t<meta property=\"og:image:type\" content=\"image\/png\" \/>\n<meta name=\"twitter:card\" content=\"summary_large_image\" \/>\n<meta name=\"twitter:label1\" content=\"\u63a8\u5b9a\u8aad\u307f\u53d6\u308a\u6642\u9593\" \/>\n\t<meta name=\"twitter:data1\" content=\"2\u5206\" \/>\n<script type=\"application\/ld+json\" class=\"yoast-schema-graph\">{\"@context\":\"https:\/\/schema.org\",\"@graph\":[{\"@type\":\"WebPage\",\"@id\":\"https:\/\/swoer.vn\/manufacturer\/bo-cap-lieu-chi-tiet-cho-lo-xo\/\",\"url\":\"https:\/\/swoer.vn\/manufacturer\/bo-cap-lieu-chi-tiet-cho-lo-xo\/\",\"name\":\"B\u1ed9 c\u1ea5p li\u1ec7u chi ti\u1ebft cho l\u00f2 xo - Nh\u00e0 s\u1ea3n xu\u1ea5t m\u00e1y c\u1ea5p li\u1ec7u c\u00f4ng nghi\u1ec7p\",\"isPartOf\":{\"@id\":\"https:\/\/swoer.vn\/#website\"},\"primaryImageOfPage\":{\"@id\":\"https:\/\/swoer.vn\/manufacturer\/bo-cap-lieu-chi-tiet-cho-lo-xo\/#primaryimage\"},\"image\":{\"@id\":\"https:\/\/swoer.vn\/manufacturer\/bo-cap-lieu-chi-tiet-cho-lo-xo\/#primaryimage\"},\"thumbnailUrl\":\"https:\/\/swoer.vn\/wp-content\/uploads\/2026\/04\/MAY-CAP-LIEU-CHI-TIET-CHO-LO-XO.png\",\"datePublished\":\"2026-04-09T02:56:10+00:00\",\"dateModified\":\"2026-04-09T02:56:11+00:00\",\"description\":\"H\u1ec7 th\u1ed1ng c\u1ea5p li\u1ec7u l\u00f2 xo SWOER: Thi\u1ebft k\u1ebf chuy\u00ean d\u1ee5ng ch\u1ed1ng r\u1ed1i, v\u1eadt li\u1ec7u SUS304 si\u00eau b\u1ec1n. \u0110\u1ea1t chu\u1ea9n CE\/ISO9001, b\u1ea3o h\u00e0nh 1 n\u0103m. Gi\u1ea3i ph\u00e1p t\u1ed1i \u01b0u cho l\u00f2 xo\",\"breadcrumb\":{\"@id\":\"https:\/\/swoer.vn\/manufacturer\/bo-cap-lieu-chi-tiet-cho-lo-xo\/#breadcrumb\"},\"inLanguage\":\"ja\",\"potentialAction\":[{\"@type\":\"ReadAction\",\"target\":[\"https:\/\/swoer.vn\/manufacturer\/bo-cap-lieu-chi-tiet-cho-lo-xo\/\"]}]},{\"@type\":\"ImageObject\",\"inLanguage\":\"ja\",\"@id\":\"https:\/\/swoer.vn\/manufacturer\/bo-cap-lieu-chi-tiet-cho-lo-xo\/#primaryimage\",\"url\":\"https:\/\/swoer.vn\/wp-content\/uploads\/2026\/04\/MAY-CAP-LIEU-CHI-TIET-CHO-LO-XO.png\",\"contentUrl\":\"https:\/\/swoer.vn\/wp-content\/uploads\/2026\/04\/MAY-CAP-LIEU-CHI-TIET-CHO-LO-XO.png\",\"width\":800,\"height\":800,\"caption\":\"B\u1ed9 c\u1ea5p li\u1ec7u chi ti\u1ebft cho l\u00f2 xo\"},{\"@type\":\"BreadcrumbList\",\"@id\":\"https:\/\/swoer.vn\/manufacturer\/bo-cap-lieu-chi-tiet-cho-lo-xo\/#breadcrumb\",\"itemListElement\":[{\"@type\":\"ListItem\",\"position\":1,\"name\":\"Home\",\"item\":\"https:\/\/swoer.vn\/\"},{\"@type\":\"ListItem\",\"position\":2,\"name\":\"S\u1ea3n ph\u1ea9m\",\"item\":\"https:\/\/swoer.vn\/shop\/\"},{\"@type\":\"ListItem\",\"position\":3,\"name\":\"B\u1ed9 c\u1ea5p li\u1ec7u chi ti\u1ebft cho l\u00f2 xo\"}]},{\"@type\":\"WebSite\",\"@id\":\"https:\/\/swoer.vn\/#website\",\"url\":\"https:\/\/swoer.vn\/\",\"name\":\"Nh\u00e0 s\u1ea3n xu\u1ea5t m\u00e1y c\u1ea5p li\u1ec7u c\u00f4ng nghi\u1ec7p\",\"description\":\"Nh\u00e0 cung c\u1ea5p robot, m\u00e1y c\u1ea5p li\u1ec7u linh ho\u1ea1t, m\u00e1y c\u1ea5p li\u1ec7u ly t\u00e2m, m\u00e1y c\u1ea5p li\u1ec7u rung t\u1ef1 \u0111\u1ed9ng\",\"potentialAction\":[{\"@type\":\"SearchAction\",\"target\":{\"@type\":\"EntryPoint\",\"urlTemplate\":\"https:\/\/swoer.vn\/?s={search_term_string}\"},\"query-input\":{\"@type\":\"PropertyValueSpecification\",\"valueRequired\":true,\"valueName\":\"search_term_string\"}}],\"inLanguage\":\"ja\"}]}<\/script>\n<!-- \/ Yoast SEO plugin. -->","yoast_head_json":{"title":"B\u1ed9 c\u1ea5p li\u1ec7u chi ti\u1ebft cho l\u00f2 xo - Nh\u00e0 s\u1ea3n xu\u1ea5t m\u00e1y c\u1ea5p li\u1ec7u c\u00f4ng nghi\u1ec7p","description":"H\u1ec7 th\u1ed1ng c\u1ea5p li\u1ec7u l\u00f2 xo SWOER: Thi\u1ebft k\u1ebf chuy\u00ean d\u1ee5ng ch\u1ed1ng r\u1ed1i, v\u1eadt li\u1ec7u SUS304 si\u00eau b\u1ec1n. \u0110\u1ea1t chu\u1ea9n CE\/ISO9001, b\u1ea3o h\u00e0nh 1 n\u0103m. Gi\u1ea3i ph\u00e1p t\u1ed1i \u01b0u cho l\u00f2 xo","robots":{"index":"index","follow":"follow","max-snippet":"max-snippet:-1","max-image-preview":"max-image-preview:large","max-video-preview":"max-video-preview:-1"},"canonical":"https:\/\/swoer.vn\/ja\/manufacturer\/bo-cap-lieu-chi-tiet-cho-lo-xo\/","og_locale":"ja_JP","og_type":"article","og_title":"B\u1ed9 c\u1ea5p li\u1ec7u chi ti\u1ebft cho l\u00f2 xo - Nh\u00e0 s\u1ea3n xu\u1ea5t m\u00e1y c\u1ea5p li\u1ec7u c\u00f4ng nghi\u1ec7p","og_description":"H\u1ec7 th\u1ed1ng c\u1ea5p li\u1ec7u l\u00f2 xo SWOER: Thi\u1ebft k\u1ebf chuy\u00ean d\u1ee5ng ch\u1ed1ng r\u1ed1i, v\u1eadt li\u1ec7u SUS304 si\u00eau b\u1ec1n. \u0110\u1ea1t chu\u1ea9n CE\/ISO9001, b\u1ea3o h\u00e0nh 1 n\u0103m. Gi\u1ea3i ph\u00e1p t\u1ed1i \u01b0u cho l\u00f2 xo","og_url":"https:\/\/swoer.vn\/ja\/manufacturer\/bo-cap-lieu-chi-tiet-cho-lo-xo\/","og_site_name":"Nh\u00e0 s\u1ea3n xu\u1ea5t m\u00e1y c\u1ea5p li\u1ec7u c\u00f4ng nghi\u1ec7p","article_modified_time":"2026-04-09T02:56:11+00:00","og_image":[{"width":800,"height":800,"url":"https:\/\/swoer.vn\/wp-content\/uploads\/2026\/04\/MAY-CAP-LIEU-CHI-TIET-CHO-LO-XO.png","type":"image\/png"}],"twitter_card":"summary_large_image","twitter_misc":{"\u63a8\u5b9a\u8aad\u307f\u53d6\u308a\u6642\u9593":"2\u5206"},"schema":{"@context":"https:\/\/schema.org","@graph":[{"@type":"WebPage","@id":"https:\/\/swoer.vn\/manufacturer\/bo-cap-lieu-chi-tiet-cho-lo-xo\/","url":"https:\/\/swoer.vn\/manufacturer\/bo-cap-lieu-chi-tiet-cho-lo-xo\/","name":"B\u1ed9 c\u1ea5p li\u1ec7u chi ti\u1ebft cho l\u00f2 xo - Nh\u00e0 s\u1ea3n xu\u1ea5t m\u00e1y c\u1ea5p li\u1ec7u c\u00f4ng nghi\u1ec7p","isPartOf":{"@id":"https:\/\/swoer.vn\/#website"},"primaryImageOfPage":{"@id":"https:\/\/swoer.vn\/manufacturer\/bo-cap-lieu-chi-tiet-cho-lo-xo\/#primaryimage"},"image":{"@id":"https:\/\/swoer.vn\/manufacturer\/bo-cap-lieu-chi-tiet-cho-lo-xo\/#primaryimage"},"thumbnailUrl":"https:\/\/swoer.vn\/wp-content\/uploads\/2026\/04\/MAY-CAP-LIEU-CHI-TIET-CHO-LO-XO.png","datePublished":"2026-04-09T02:56:10+00:00","dateModified":"2026-04-09T02:56:11+00:00","description":"H\u1ec7 th\u1ed1ng c\u1ea5p li\u1ec7u l\u00f2 xo SWOER: Thi\u1ebft k\u1ebf chuy\u00ean d\u1ee5ng ch\u1ed1ng r\u1ed1i, v\u1eadt li\u1ec7u SUS304 si\u00eau b\u1ec1n. \u0110\u1ea1t chu\u1ea9n CE\/ISO9001, b\u1ea3o h\u00e0nh 1 n\u0103m. Gi\u1ea3i ph\u00e1p t\u1ed1i \u01b0u cho l\u00f2 xo","breadcrumb":{"@id":"https:\/\/swoer.vn\/manufacturer\/bo-cap-lieu-chi-tiet-cho-lo-xo\/#breadcrumb"},"inLanguage":"ja","potentialAction":[{"@type":"ReadAction","target":["https:\/\/swoer.vn\/manufacturer\/bo-cap-lieu-chi-tiet-cho-lo-xo\/"]}]},{"@type":"ImageObject","inLanguage":"ja","@id":"https:\/\/swoer.vn\/manufacturer\/bo-cap-lieu-chi-tiet-cho-lo-xo\/#primaryimage","url":"https:\/\/swoer.vn\/wp-content\/uploads\/2026\/04\/MAY-CAP-LIEU-CHI-TIET-CHO-LO-XO.png","contentUrl":"https:\/\/swoer.vn\/wp-content\/uploads\/2026\/04\/MAY-CAP-LIEU-CHI-TIET-CHO-LO-XO.png","width":800,"height":800,"caption":"B\u1ed9 c\u1ea5p li\u1ec7u chi ti\u1ebft cho l\u00f2 xo"},{"@type":"BreadcrumbList","@id":"https:\/\/swoer.vn\/manufacturer\/bo-cap-lieu-chi-tiet-cho-lo-xo\/#breadcrumb","itemListElement":[{"@type":"ListItem","position":1,"name":"Home","item":"https:\/\/swoer.vn\/"},{"@type":"ListItem","position":2,"name":"S\u1ea3n ph\u1ea9m","item":"https:\/\/swoer.vn\/shop\/"},{"@type":"ListItem","position":3,"name":"B\u1ed9 c\u1ea5p li\u1ec7u chi ti\u1ebft cho l\u00f2 xo"}]},{"@type":"WebSite","@id":"https:\/\/swoer.vn\/#website","url":"https:\/\/swoer.vn\/","name":"\u5de5\u696d\u7528\u30d5\u30a3\u30fc\u30c0\u30fc\u30e1\u30fc\u30ab\u30fc","description":"\u30ed\u30dc\u30c3\u30c8\u3001\u30d5\u30ec\u30ad\u30b7\u30d6\u30eb\u30d5\u30a3\u30fc\u30c0\u30fc\u3001\u9060\u5fc3\u30d5\u30a3\u30fc\u30c0\u30fc\u3001\u81ea\u52d5\u632f\u52d5\u30d5\u30a3\u30fc\u30c0\u30fc\u306e\u30b5\u30d7\u30e9\u30a4\u30e4\u30fc","potentialAction":[{"@type":"SearchAction","target":{"@type":"EntryPoint","urlTemplate":"https:\/\/swoer.vn\/?s={search_term_string}"},"query-input":{"@type":"PropertyValueSpecification","valueRequired":true,"valueName":"search_term_string"}}],"inLanguage":"ja"}]}},"_links":{"self":[{"href":"https:\/\/swoer.vn\/ja\/wp-json\/wp\/v2\/product\/8277","targetHints":{"allow":["GET"]}}],"collection":[{"href":"https:\/\/swoer.vn\/ja\/wp-json\/wp\/v2\/product"}],"about":[{"href":"https:\/\/swoer.vn\/ja\/wp-json\/wp\/v2\/types\/product"}],"replies":[{"embeddable":true,"href":"https:\/\/swoer.vn\/ja\/wp-json\/wp\/v2\/comments?post=8277"}],"wp:featuredmedia":[{"embeddable":true,"href":"https:\/\/swoer.vn\/ja\/wp-json\/wp\/v2\/media\/8278"}],"wp:attachment":[{"href":"https:\/\/swoer.vn\/ja\/wp-json\/wp\/v2\/media?parent=8277"}],"wp:term":[{"taxonomy":"product_brand","embeddable":true,"href":"https:\/\/swoer.vn\/ja\/wp-json\/wp\/v2\/product_brand?post=8277"},{"taxonomy":"product_cat","embeddable":true,"href":"https:\/\/swoer.vn\/ja\/wp-json\/wp\/v2\/product_cat?post=8277"},{"taxonomy":"product_tag","embeddable":true,"href":"https:\/\/swoer.vn\/ja\/wp-json\/wp\/v2\/product_tag?post=8277"}],"curies":[{"name":"wp","href":"https:\/\/api.w.org\/{rel}","templated":true}]}}