{"id":8257,"date":"2026-04-08T10:06:22","date_gmt":"2026-04-08T03:06:22","guid":{"rendered":"https:\/\/swoer.vn\/?post_type=product&#038;p=8257"},"modified":"2026-04-08T10:06:23","modified_gmt":"2026-04-08T03:06:23","slug":"bo-cap-lieu-rung-voi-vo-cach-am","status":"publish","type":"product","link":"https:\/\/swoer.vn\/ja\/manufacturer\/bo-cap-lieu-rung-voi-vo-cach-am\/","title":{"rendered":"B\u1ed9 c\u1ea5p li\u1ec7u rung v\u1edbi v\u1ecf c\u00e1ch \u00e2m"},"content":{"rendered":"<h2><span style=\"font-weight: 400;\">\u01afu \u0111i\u1ec3m c\u1ee7a h\u1ec7 th\u1ed1ng c\u1ea5p li\u1ec7u rung<\/span><\/h2>\n<ul>\n<li style=\"font-weight: 400;\" aria-level=\"1\"><b>Gi\u1ea3i ph\u00e1p t\u00edch h\u1ee3p &#8220;T\u1ea5t-c\u1ea3-trong-m\u1ed9t&#8221;:<\/b><span style=\"font-weight: 400;\"> SWOER cung c\u1ea5p m\u1ed9t h\u1ec7 th\u1ed1ng \u0111\u1ed3ng b\u1ed9 t\u1eeb kh\u00e2u l\u01b0u tr\u1eef \u0111\u1ebfn c\u1ea5p li\u1ec7u cu\u1ed1i c\u00f9ng. Nh\u1edd \u0111\u00f3, vi\u1ec7c l\u1eafp \u0111\u1eb7t v\u00e0 t\u00edch h\u1ee3p v\u00e0o d\u00e2y chuy\u1ec1n s\u1ea3n xu\u1ea5t tr\u1edf n\u00ean \u0111\u01a1n gi\u1ea3n v\u00e0 nhanh ch\u00f3ng h\u01a1n bao gi\u1edd h\u1ebft.<\/span><\/li>\n<li style=\"font-weight: 400;\" aria-level=\"1\"><b>\u0110\u1ecbnh h\u01b0\u1edbng ch\u00ednh x\u00e1c tuy\u1ec7t \u0111\u1ed1i:<\/b><span style=\"font-weight: 400;\"> Ph\u1ec5u rung \u0111\u01b0\u1ee3c gia c\u00f4ng tinh x\u1ea3o, \u0111\u1ea3m b\u1ea3o linh ki\u1ec7n lu\u00f4n \u0111\u01b0\u1ee3c \u0111\u1ecbnh h\u01b0\u1edbng \u0111\u00fang 100% tr\u01b0\u1edbc khi chuy\u1ec3n sang c\u00f4ng \u0111o\u1ea1n ti\u1ebfp theo, lo\u1ea1i b\u1ecf t\u00ecnh tr\u1ea1ng k\u1eb9t m\u00e1y.<\/span><\/li>\n<li style=\"font-weight: 400;\" aria-level=\"1\"><b>V\u1eadn h\u00e0nh y\u00ean t\u0129nh v\u1edbi V\u1ecf c\u00e1ch \u00e2m:<\/b><span style=\"font-weight: 400;\"> V\u1ecf b\u1ecdc chuy\u00ean d\u1ee5ng gi\u00fap gi\u1ea3m \u0111\u00e1ng k\u1ec3 ti\u1ebfng \u1ed3n ph\u00e1t ra t\u1eeb qu\u00e1 tr\u00ecnh rung, t\u1ea1o ra m\u00f4i tr\u01b0\u1eddng l\u00e0m vi\u1ec7c chuy\u00ean nghi\u1ec7p, th\u00e2n thi\u1ec7n v\u00e0 \u0111\u1ea1t chu\u1ea9n an to\u00e0n lao \u0111\u1ed9ng.<\/span><\/li>\n<li style=\"font-weight: 400;\" aria-level=\"1\"><b>C\u1ea5p li\u1ec7u li\u00ean t\u1ee5c kh\u00f4ng gi\u00e1n \u0111o\u1ea1n:<\/b><span style=\"font-weight: 400;\"> S\u1ef1 k\u1ebft h\u1ee3p v\u1edbi <\/span><b>B\u0103ng t\u1ea3i n\u00e2ng (Hopper Elevator)<\/b><span style=\"font-weight: 400;\"> gi\u00fap duy tr\u00ec ngu\u1ed3n cung linh ki\u1ec7n \u1ed5n \u0111\u1ecbnh, \u0111\u1ea3m b\u1ea3o d\u00e2y chuy\u1ec1n v\u1eadn h\u00e0nh 24\/7 m\u00e0 kh\u00f4ng c\u1ea7n ti\u1ebfp li\u1ec7u th\u1ee7 c\u00f4ng th\u01b0\u1eddng xuy\u00ean.<\/span><\/li>\n<li style=\"font-weight: 400;\" aria-level=\"1\"><b>Khung \u0111\u1ee1 v\u1eefng ch\u1eafc (Support Structure):<\/b><span style=\"font-weight: 400;\"> H\u1ec7 th\u1ed1ng khung b\u1ec7 \u0111\u01b0\u1ee3c thi\u1ebft k\u1ebf ch\u1ecbu l\u1ef1c t\u1ed1t, gi\u1ea3m rung ch\u1ea5n lan truy\u1ec1n ra s\u00e0n nh\u00e0 m\u00e1y, \u0111\u1ea3m b\u1ea3o thi\u1ebft b\u1ecb ho\u1ea1t \u0111\u1ed9ng \u1ed5n \u0111\u1ecbnh v\u00e0 b\u1ec1n b\u1ec9 trong th\u1eddi gian d\u00e0i.<\/span><\/li>\n<li style=\"font-weight: 400;\" aria-level=\"1\"><b>Thi\u1ebft k\u1ebf 2 l\u00e0n (Dual Tracks) \u0111\u1ed9t ph\u00e1:<\/b><span style=\"font-weight: 400;\"> T\u0103ng g\u1ea5p \u0111\u00f4i c\u00f4ng su\u1ea5t c\u1ea5p li\u1ec7u tr\u00ean c\u00f9ng m\u1ed9t di\u1ec7n t\u00edch l\u1eafp \u0111\u1eb7t, gi\u00fap t\u1ed1i \u01b0u h\u00f3a t\u1ed1i \u0111a hi\u1ec7u su\u1ea5t t\u1ef1 \u0111\u1ed9ng h\u00f3a cho c\u00e1c d\u00e2y chuy\u1ec1n cao t\u1ea3i.<\/span><\/li>\n<\/ul>\n<h2><span style=\"font-weight: 400;\">C\u1ea5u h\u00ecnh h\u1ec7 th\u1ed1ng \u0111\u1ec1 xu\u1ea5t<\/span><\/h2>\n<table>\n<tbody>\n<tr>\n<td><b>Th\u00e0nh ph\u1ea7n<\/b><\/td>\n<td><b>Vai tr\u00f2 k\u1ef9 thu\u1eadt<\/b><\/td>\n<\/tr>\n<tr>\n<td><b>Ph\u1ec5u rung xoay (Rotary Bowl)<\/b><\/td>\n<td><span style=\"font-weight: 400;\">\u0110\u1ecbnh h\u01b0\u1edbng v\u00e0 ph\u00e2n lo\u1ea1i linh ki\u1ec7n ch\u00ednh x\u00e1c.<\/span><\/td>\n<\/tr>\n<tr>\n<td><b>V\u1ecf c\u00e1ch \u00e2m (Soundproof Cover)<\/b><\/td>\n<td><span style=\"font-weight: 400;\">Gi\u1ea3m \u0111\u1ed9 \u1ed3n d\u01b0\u1edbi ng\u01b0\u1ee1ng 75-80dB, b\u1ea3o v\u1ec7 th\u00ednh gi\u00e1c c\u00f4ng nh\u00e2n.<\/span><\/td>\n<\/tr>\n<tr>\n<td><b>B\u0103ng t\u1ea3i n\u00e2ng h\u1ea1 (Elevator)<\/b><\/td>\n<td><span style=\"font-weight: 400;\">L\u01b0u tr\u1eef ph\u00f4i l\u1edbn v\u00e0 c\u1ea5p li\u1ec7u t\u1ef1 \u0111\u1ed9ng l\u00ean ph\u1ec5u.<\/span><\/td>\n<\/tr>\n<tr>\n<td><b>Khung b\u1ec7 m\u00e1y<\/b><\/td>\n<td><span style=\"font-weight: 400;\">Th\u00e9p\/Nh\u00f4m \u0111\u1ecbnh h\u00ecnh ch\u1eafc ch\u1eafn, c\u00f3 ch\u00e2n t\u0103ng ch\u1ec9nh ch\u1ed1ng rung.<\/span><\/td>\n<\/tr>\n<tr>\n<td><b>\u30b3\u30f3\u30c8\u30ed\u30fc\u30e9<\/b><\/td>\n<td><span style=\"font-weight: 400;\">Bi\u1ebfn t\u1ea7n \u0111i\u1ec1u ch\u1ec9nh bi\u00ean \u0111\u1ed9 v\u00e0 t\u1ea7n s\u1ed1 rung linh ho\u1ea1t.<\/span><\/td>\n<\/tr>\n<\/tbody>\n<\/table>\n<p>&nbsp;<\/p>","protected":false},"excerpt":{"rendered":"<p><span style=\"font-weight: 400;\">SWOER mang \u0111\u1ebfn gi\u1ea3i ph\u00e1p c\u1ea5p li\u1ec7u rung t\u00f9y ch\u1ec9nh chuy\u00ean s\u00e2u, k\u1ebft h\u1ee3p gi\u1eefa c\u00f4ng ngh\u1ec7 \u0111\u1ecbnh h\u01b0\u1edbng ch\u00ednh x\u00e1c v\u00e0 thi\u1ebft k\u1ebf gi\u1ea3m thi\u1ec3u ti\u1ebfng \u1ed3n. H\u1ec7 th\u1ed1ng ho\u00e0n ch\u1ec9nh bao g\u1ed3m Ph\u1ec5u rung, V\u1ecf c\u00e1ch \u00e2m, Khung \u0111\u1ee1 ch\u1ecbu l\u1ef1c v\u00e0 h\u1ec7 th\u1ed1ng c\u1ea5p ph\u00f4i b\u1ed5 tr\u1ee3, gi\u00fap t\u1ed1i \u01b0u h\u00f3a kh\u00f4ng gian v\u00e0 hi\u1ec7u su\u1ea5t l\u00e0m vi\u1ec7c.<\/span><\/p>","protected":false},"featured_media":8261,"comment_status":"open","ping_status":"closed","template":"","meta":[],"product_brand":[],"product_cat":[106],"product_tag":[172,43,107,102,249],"class_list":{"0":"post-8257","1":"product","2":"type-product","3":"status-publish","4":"has-post-thumbnail","6":"product_cat-mam-rung-cap-phoi","7":"product_tag-bo-cap-lieu-rung","8":"product_tag-mam-rung","9":"product_tag-may-cap-lieu-rung","10":"product_tag-pheu-rung-cap-phoi","11":"product_tag-vibratory-bowl-feeder","13":"first","14":"instock","15":"shipping-taxable","16":"product-type-simple"},"yoast_head":"<!-- This site is optimized with the Yoast SEO plugin v26.0 - https:\/\/yoast.com\/wordpress\/plugins\/seo\/ -->\n<title>B\u1ed9 c\u1ea5p li\u1ec7u rung v\u1edbi v\u1ecf c\u00e1ch \u00e2m - Nh\u00e0 s\u1ea3n xu\u1ea5t m\u00e1y c\u1ea5p li\u1ec7u c\u00f4ng nghi\u1ec7p<\/title>\n<meta name=\"description\" content=\"H\u1ec7 th\u1ed1ng ph\u1ec5u rung SWOER t\u00edch h\u1ee3p v\u1ecf c\u00e1ch \u00e2m gi\u1ea3m \u1ed3n v\u01b0\u1ee3t tr\u1ed9i. Thi\u1ebft k\u1ebf 2 l\u00e0n t\u0103ng c\u00f4ng su\u1ea5t, khung \u0111\u1ee1 ch\u1eafc ch\u1eafn &amp; c\u1ea5p li\u1ec7u li\u00ean t\u1ee5c.\" \/>\n<meta name=\"robots\" content=\"index, follow, max-snippet:-1, max-image-preview:large, max-video-preview:-1\" \/>\n<link rel=\"canonical\" href=\"https:\/\/swoer.vn\/ja\/manufacturer\/bo-cap-lieu-rung-voi-vo-cach-am\/\" \/>\n<meta property=\"og:locale\" content=\"ja_JP\" \/>\n<meta property=\"og:type\" content=\"article\" \/>\n<meta property=\"og:title\" content=\"B\u1ed9 c\u1ea5p li\u1ec7u rung v\u1edbi v\u1ecf c\u00e1ch \u00e2m - Nh\u00e0 s\u1ea3n xu\u1ea5t m\u00e1y c\u1ea5p li\u1ec7u c\u00f4ng nghi\u1ec7p\" \/>\n<meta property=\"og:description\" content=\"H\u1ec7 th\u1ed1ng ph\u1ec5u rung SWOER t\u00edch h\u1ee3p v\u1ecf c\u00e1ch \u00e2m gi\u1ea3m \u1ed3n v\u01b0\u1ee3t tr\u1ed9i. Thi\u1ebft k\u1ebf 2 l\u00e0n t\u0103ng c\u00f4ng su\u1ea5t, khung \u0111\u1ee1 ch\u1eafc ch\u1eafn &amp; c\u1ea5p li\u1ec7u li\u00ean t\u1ee5c.\" \/>\n<meta property=\"og:url\" content=\"https:\/\/swoer.vn\/ja\/manufacturer\/bo-cap-lieu-rung-voi-vo-cach-am\/\" \/>\n<meta property=\"og:site_name\" content=\"Nh\u00e0 s\u1ea3n xu\u1ea5t m\u00e1y c\u1ea5p li\u1ec7u c\u00f4ng nghi\u1ec7p\" \/>\n<meta property=\"article:modified_time\" content=\"2026-04-08T03:06:23+00:00\" \/>\n<meta property=\"og:image\" content=\"https:\/\/swoer.vn\/wp-content\/uploads\/2026\/04\/BO-CAP-LIEU-RUNG-VOI-VO-CACH-AM.png\" \/>\n\t<meta property=\"og:image:width\" content=\"800\" \/>\n\t<meta property=\"og:image:height\" content=\"800\" \/>\n\t<meta property=\"og:image:type\" content=\"image\/png\" \/>\n<meta name=\"twitter:card\" content=\"summary_large_image\" \/>\n<meta name=\"twitter:label1\" content=\"\u63a8\u5b9a\u8aad\u307f\u53d6\u308a\u6642\u9593\" \/>\n\t<meta name=\"twitter:data1\" content=\"3\u5206\" \/>\n<script type=\"application\/ld+json\" class=\"yoast-schema-graph\">{\"@context\":\"https:\/\/schema.org\",\"@graph\":[{\"@type\":\"WebPage\",\"@id\":\"https:\/\/swoer.vn\/manufacturer\/bo-cap-lieu-rung-voi-vo-cach-am\/\",\"url\":\"https:\/\/swoer.vn\/manufacturer\/bo-cap-lieu-rung-voi-vo-cach-am\/\",\"name\":\"B\u1ed9 c\u1ea5p li\u1ec7u rung v\u1edbi v\u1ecf c\u00e1ch \u00e2m - Nh\u00e0 s\u1ea3n xu\u1ea5t m\u00e1y c\u1ea5p li\u1ec7u c\u00f4ng nghi\u1ec7p\",\"isPartOf\":{\"@id\":\"https:\/\/swoer.vn\/#website\"},\"primaryImageOfPage\":{\"@id\":\"https:\/\/swoer.vn\/manufacturer\/bo-cap-lieu-rung-voi-vo-cach-am\/#primaryimage\"},\"image\":{\"@id\":\"https:\/\/swoer.vn\/manufacturer\/bo-cap-lieu-rung-voi-vo-cach-am\/#primaryimage\"},\"thumbnailUrl\":\"https:\/\/swoer.vn\/wp-content\/uploads\/2026\/04\/BO-CAP-LIEU-RUNG-VOI-VO-CACH-AM.png\",\"datePublished\":\"2026-04-08T03:06:22+00:00\",\"dateModified\":\"2026-04-08T03:06:23+00:00\",\"description\":\"H\u1ec7 th\u1ed1ng ph\u1ec5u rung SWOER t\u00edch h\u1ee3p v\u1ecf c\u00e1ch \u00e2m gi\u1ea3m \u1ed3n v\u01b0\u1ee3t tr\u1ed9i. Thi\u1ebft k\u1ebf 2 l\u00e0n t\u0103ng c\u00f4ng su\u1ea5t, khung \u0111\u1ee1 ch\u1eafc ch\u1eafn & c\u1ea5p li\u1ec7u li\u00ean t\u1ee5c.\",\"breadcrumb\":{\"@id\":\"https:\/\/swoer.vn\/manufacturer\/bo-cap-lieu-rung-voi-vo-cach-am\/#breadcrumb\"},\"inLanguage\":\"ja\",\"potentialAction\":[{\"@type\":\"ReadAction\",\"target\":[\"https:\/\/swoer.vn\/manufacturer\/bo-cap-lieu-rung-voi-vo-cach-am\/\"]}]},{\"@type\":\"ImageObject\",\"inLanguage\":\"ja\",\"@id\":\"https:\/\/swoer.vn\/manufacturer\/bo-cap-lieu-rung-voi-vo-cach-am\/#primaryimage\",\"url\":\"https:\/\/swoer.vn\/wp-content\/uploads\/2026\/04\/BO-CAP-LIEU-RUNG-VOI-VO-CACH-AM.png\",\"contentUrl\":\"https:\/\/swoer.vn\/wp-content\/uploads\/2026\/04\/BO-CAP-LIEU-RUNG-VOI-VO-CACH-AM.png\",\"width\":800,\"height\":800,\"caption\":\"BO\u0323\u0302 CA\u0302\u0301P LIE\u0323\u0302U RUNG VO\u031b\u0301I VO\u0309 CA\u0301CH A\u0302M\"},{\"@type\":\"BreadcrumbList\",\"@id\":\"https:\/\/swoer.vn\/manufacturer\/bo-cap-lieu-rung-voi-vo-cach-am\/#breadcrumb\",\"itemListElement\":[{\"@type\":\"ListItem\",\"position\":1,\"name\":\"Home\",\"item\":\"https:\/\/swoer.vn\/\"},{\"@type\":\"ListItem\",\"position\":2,\"name\":\"S\u1ea3n ph\u1ea9m\",\"item\":\"https:\/\/swoer.vn\/shop\/\"},{\"@type\":\"ListItem\",\"position\":3,\"name\":\"B\u1ed9 c\u1ea5p li\u1ec7u rung v\u1edbi v\u1ecf c\u00e1ch \u00e2m\"}]},{\"@type\":\"WebSite\",\"@id\":\"https:\/\/swoer.vn\/#website\",\"url\":\"https:\/\/swoer.vn\/\",\"name\":\"Nh\u00e0 s\u1ea3n xu\u1ea5t m\u00e1y c\u1ea5p li\u1ec7u c\u00f4ng nghi\u1ec7p\",\"description\":\"Nh\u00e0 cung c\u1ea5p robot, m\u00e1y c\u1ea5p li\u1ec7u linh ho\u1ea1t, m\u00e1y c\u1ea5p li\u1ec7u ly t\u00e2m, m\u00e1y c\u1ea5p li\u1ec7u rung t\u1ef1 \u0111\u1ed9ng\",\"potentialAction\":[{\"@type\":\"SearchAction\",\"target\":{\"@type\":\"EntryPoint\",\"urlTemplate\":\"https:\/\/swoer.vn\/?s={search_term_string}\"},\"query-input\":{\"@type\":\"PropertyValueSpecification\",\"valueRequired\":true,\"valueName\":\"search_term_string\"}}],\"inLanguage\":\"ja\"}]}<\/script>\n<!-- \/ Yoast SEO plugin. -->","yoast_head_json":{"title":"B\u1ed9 c\u1ea5p li\u1ec7u rung v\u1edbi v\u1ecf c\u00e1ch \u00e2m - Nh\u00e0 s\u1ea3n xu\u1ea5t m\u00e1y c\u1ea5p li\u1ec7u c\u00f4ng nghi\u1ec7p","description":"H\u1ec7 th\u1ed1ng ph\u1ec5u rung SWOER t\u00edch h\u1ee3p v\u1ecf c\u00e1ch \u00e2m gi\u1ea3m \u1ed3n v\u01b0\u1ee3t tr\u1ed9i. Thi\u1ebft k\u1ebf 2 l\u00e0n t\u0103ng c\u00f4ng su\u1ea5t, khung \u0111\u1ee1 ch\u1eafc ch\u1eafn & c\u1ea5p li\u1ec7u li\u00ean t\u1ee5c.","robots":{"index":"index","follow":"follow","max-snippet":"max-snippet:-1","max-image-preview":"max-image-preview:large","max-video-preview":"max-video-preview:-1"},"canonical":"https:\/\/swoer.vn\/ja\/manufacturer\/bo-cap-lieu-rung-voi-vo-cach-am\/","og_locale":"ja_JP","og_type":"article","og_title":"B\u1ed9 c\u1ea5p li\u1ec7u rung v\u1edbi v\u1ecf c\u00e1ch \u00e2m - Nh\u00e0 s\u1ea3n xu\u1ea5t m\u00e1y c\u1ea5p li\u1ec7u c\u00f4ng nghi\u1ec7p","og_description":"H\u1ec7 th\u1ed1ng ph\u1ec5u rung SWOER t\u00edch h\u1ee3p v\u1ecf c\u00e1ch \u00e2m gi\u1ea3m \u1ed3n v\u01b0\u1ee3t tr\u1ed9i. Thi\u1ebft k\u1ebf 2 l\u00e0n t\u0103ng c\u00f4ng su\u1ea5t, khung \u0111\u1ee1 ch\u1eafc ch\u1eafn & c\u1ea5p li\u1ec7u li\u00ean t\u1ee5c.","og_url":"https:\/\/swoer.vn\/ja\/manufacturer\/bo-cap-lieu-rung-voi-vo-cach-am\/","og_site_name":"Nh\u00e0 s\u1ea3n xu\u1ea5t m\u00e1y c\u1ea5p li\u1ec7u c\u00f4ng nghi\u1ec7p","article_modified_time":"2026-04-08T03:06:23+00:00","og_image":[{"width":800,"height":800,"url":"https:\/\/swoer.vn\/wp-content\/uploads\/2026\/04\/BO-CAP-LIEU-RUNG-VOI-VO-CACH-AM.png","type":"image\/png"}],"twitter_card":"summary_large_image","twitter_misc":{"\u63a8\u5b9a\u8aad\u307f\u53d6\u308a\u6642\u9593":"3\u5206"},"schema":{"@context":"https:\/\/schema.org","@graph":[{"@type":"WebPage","@id":"https:\/\/swoer.vn\/manufacturer\/bo-cap-lieu-rung-voi-vo-cach-am\/","url":"https:\/\/swoer.vn\/manufacturer\/bo-cap-lieu-rung-voi-vo-cach-am\/","name":"B\u1ed9 c\u1ea5p li\u1ec7u rung v\u1edbi v\u1ecf c\u00e1ch \u00e2m - Nh\u00e0 s\u1ea3n xu\u1ea5t m\u00e1y c\u1ea5p li\u1ec7u c\u00f4ng nghi\u1ec7p","isPartOf":{"@id":"https:\/\/swoer.vn\/#website"},"primaryImageOfPage":{"@id":"https:\/\/swoer.vn\/manufacturer\/bo-cap-lieu-rung-voi-vo-cach-am\/#primaryimage"},"image":{"@id":"https:\/\/swoer.vn\/manufacturer\/bo-cap-lieu-rung-voi-vo-cach-am\/#primaryimage"},"thumbnailUrl":"https:\/\/swoer.vn\/wp-content\/uploads\/2026\/04\/BO-CAP-LIEU-RUNG-VOI-VO-CACH-AM.png","datePublished":"2026-04-08T03:06:22+00:00","dateModified":"2026-04-08T03:06:23+00:00","description":"H\u1ec7 th\u1ed1ng ph\u1ec5u rung SWOER t\u00edch h\u1ee3p v\u1ecf c\u00e1ch \u00e2m gi\u1ea3m \u1ed3n v\u01b0\u1ee3t tr\u1ed9i. Thi\u1ebft k\u1ebf 2 l\u00e0n t\u0103ng c\u00f4ng su\u1ea5t, khung \u0111\u1ee1 ch\u1eafc ch\u1eafn & c\u1ea5p li\u1ec7u li\u00ean t\u1ee5c.","breadcrumb":{"@id":"https:\/\/swoer.vn\/manufacturer\/bo-cap-lieu-rung-voi-vo-cach-am\/#breadcrumb"},"inLanguage":"ja","potentialAction":[{"@type":"ReadAction","target":["https:\/\/swoer.vn\/manufacturer\/bo-cap-lieu-rung-voi-vo-cach-am\/"]}]},{"@type":"ImageObject","inLanguage":"ja","@id":"https:\/\/swoer.vn\/manufacturer\/bo-cap-lieu-rung-voi-vo-cach-am\/#primaryimage","url":"https:\/\/swoer.vn\/wp-content\/uploads\/2026\/04\/BO-CAP-LIEU-RUNG-VOI-VO-CACH-AM.png","contentUrl":"https:\/\/swoer.vn\/wp-content\/uploads\/2026\/04\/BO-CAP-LIEU-RUNG-VOI-VO-CACH-AM.png","width":800,"height":800,"caption":"BO\u0323\u0302 CA\u0302\u0301P LIE\u0323\u0302U RUNG VO\u031b\u0301I VO\u0309 CA\u0301CH A\u0302M"},{"@type":"BreadcrumbList","@id":"https:\/\/swoer.vn\/manufacturer\/bo-cap-lieu-rung-voi-vo-cach-am\/#breadcrumb","itemListElement":[{"@type":"ListItem","position":1,"name":"Home","item":"https:\/\/swoer.vn\/"},{"@type":"ListItem","position":2,"name":"S\u1ea3n ph\u1ea9m","item":"https:\/\/swoer.vn\/shop\/"},{"@type":"ListItem","position":3,"name":"B\u1ed9 c\u1ea5p li\u1ec7u rung v\u1edbi v\u1ecf c\u00e1ch \u00e2m"}]},{"@type":"WebSite","@id":"https:\/\/swoer.vn\/#website","url":"https:\/\/swoer.vn\/","name":"\u5de5\u696d\u7528\u30d5\u30a3\u30fc\u30c0\u30fc\u30e1\u30fc\u30ab\u30fc","description":"\u30ed\u30dc\u30c3\u30c8\u3001\u30d5\u30ec\u30ad\u30b7\u30d6\u30eb\u30d5\u30a3\u30fc\u30c0\u30fc\u3001\u9060\u5fc3\u30d5\u30a3\u30fc\u30c0\u30fc\u3001\u81ea\u52d5\u632f\u52d5\u30d5\u30a3\u30fc\u30c0\u30fc\u306e\u30b5\u30d7\u30e9\u30a4\u30e4\u30fc","potentialAction":[{"@type":"SearchAction","target":{"@type":"EntryPoint","urlTemplate":"https:\/\/swoer.vn\/?s={search_term_string}"},"query-input":{"@type":"PropertyValueSpecification","valueRequired":true,"valueName":"search_term_string"}}],"inLanguage":"ja"}]}},"_links":{"self":[{"href":"https:\/\/swoer.vn\/ja\/wp-json\/wp\/v2\/product\/8257","targetHints":{"allow":["GET"]}}],"collection":[{"href":"https:\/\/swoer.vn\/ja\/wp-json\/wp\/v2\/product"}],"about":[{"href":"https:\/\/swoer.vn\/ja\/wp-json\/wp\/v2\/types\/product"}],"replies":[{"embeddable":true,"href":"https:\/\/swoer.vn\/ja\/wp-json\/wp\/v2\/comments?post=8257"}],"wp:featuredmedia":[{"embeddable":true,"href":"https:\/\/swoer.vn\/ja\/wp-json\/wp\/v2\/media\/8261"}],"wp:attachment":[{"href":"https:\/\/swoer.vn\/ja\/wp-json\/wp\/v2\/media?parent=8257"}],"wp:term":[{"taxonomy":"product_brand","embeddable":true,"href":"https:\/\/swoer.vn\/ja\/wp-json\/wp\/v2\/product_brand?post=8257"},{"taxonomy":"product_cat","embeddable":true,"href":"https:\/\/swoer.vn\/ja\/wp-json\/wp\/v2\/product_cat?post=8257"},{"taxonomy":"product_tag","embeddable":true,"href":"https:\/\/swoer.vn\/ja\/wp-json\/wp\/v2\/product_tag?post=8257"}],"curies":[{"name":"wp","href":"https:\/\/api.w.org\/{rel}","templated":true}]}}