{"id":8239,"date":"2026-04-07T09:16:56","date_gmt":"2026-04-07T02:16:56","guid":{"rendered":"https:\/\/swoer.vn\/?post_type=product&#038;p=8239"},"modified":"2026-04-07T09:19:52","modified_gmt":"2026-04-07T02:19:52","slug":"bo-cap-lieu-rung-cho-vong-cao-su","status":"publish","type":"product","link":"https:\/\/swoer.vn\/ja\/manufacturer\/bo-cap-lieu-rung-cho-vong-cao-su\/","title":{"rendered":"B\u1ed9 c\u1ea5p li\u1ec7u rung cho v\u00f2ng cao su"},"content":{"rendered":"<p><span style=\"font-weight: 400;\">Vi\u1ec7c c\u1ea5p li\u1ec7u cho c\u00e1c s\u1ea3n ph\u1ea9m cao su c\u00f3 ch\u1ee9a d\u1ea7u ho\u1eb7c m\u00e0ng d\u1ea7u b\u1ec1 m\u1eb7t lu\u00f4n l\u00e0 th\u1eed th\u00e1ch l\u1edbn \u0111\u1ed1i v\u1edbi c\u00e1c h\u1ec7 th\u1ed1ng rung truy\u1ec1n th\u1ed1ng. T\u00ecnh tr\u1ea1ng b\u00e1m d\u00ednh kh\u00f4ng ch\u1ec9 l\u00e0m gi\u00e1n \u0111o\u1ea1n d\u00f2ng ch\u1ea3y v\u1eadt li\u1ec7u m\u00e0 c\u00f2n g\u00e2y h\u1ecfng h\u00f3c h\u1ec7 th\u1ed1ng n\u1ebfu kh\u00f4ng \u0111\u01b0\u1ee3c x\u1eed l\u00fd \u0111\u00fang c\u00e1ch.<\/span><\/p>\n<h2><span style=\"font-weight: 400;\">1. Ph\u00e2n t\u00edch nguy\u00ean nh\u00e2n g\u1ed1c r\u1ec5<\/span><\/h2>\n<ul>\n<li style=\"font-weight: 400;\" aria-level=\"1\"><b>B\u1ec1 m\u1eb7t c\u00f3 d\u1ea7u:<\/b><span style=\"font-weight: 400;\"> L\u1edbp m\u00e0ng d\u1ea7u t\u1ea1o ra l\u1ef1c d\u00ednh (adhesion) r\u1ea5t l\u1edbn gi\u1eefa s\u1ea3n ph\u1ea9m v\u00e0 \u0111\u01b0\u1eddng d\u1eabn kim lo\u1ea1i.<\/span><\/li>\n<li style=\"font-weight: 400;\" aria-level=\"1\"><b>\u0110\u1eb7c t\u00ednh v\u1eadt li\u1ec7u:<\/b><span style=\"font-weight: 400;\"> Cao su m\u1ec1m, c\u00f3 h\u1ec7 s\u1ed1 ma s\u00e1t cao v\u00e0 c\u1ef1c k\u1ef3 d\u1ec5 t\u00edch t\u1ee5 t\u0129nh \u0111i\u1ec7n.<\/span><\/li>\n<li style=\"font-weight: 400;\" aria-level=\"1\"><b>L\u1ef1c rung kh\u00f4ng \u0111\u1ee7:<\/b><span style=\"font-weight: 400;\"> L\u1ef1c rung th\u00f4ng th\u01b0\u1eddng c\u1ee7a ph\u1ec5u kh\u00f4ng \u0111\u1ee7 \u0111\u1ec3 th\u1eafng \u0111\u01b0\u1ee3c l\u1ef1c b\u00e1m d\u00ednh v\u00e0 l\u1ef1c h\u00fat t\u0129nh \u0111i\u1ec7n gi\u1eefa linh ki\u1ec7n v\u00e0 th\u00e0nh ph\u1ec5u.<\/span><\/li>\n<\/ul>\n<h2><span style=\"font-weight: 400;\">2. Gi\u1ea3i ph\u00e1p h\u1ec7 th\u1ed1ng to\u00e0n di\u1ec7n<\/span><\/h2>\n<h3><span style=\"font-weight: 400;\">L\u1ef1a ch\u1ecdn thay th\u1ebf<\/span><\/h3>\n<p><span style=\"font-weight: 400;\">N\u1ebfu t\u00ednh ch\u1ea5t d\u1ea7u c\u1ee7a s\u1ea3n ph\u1ea9m qu\u00e1 l\u1edbn, b\u1ea1n n\u00ean c\u00e2n nh\u1eafc chuy\u1ec3n \u0111\u1ed5i ph\u01b0\u01a1ng th\u1ee9c c\u1ea5p li\u1ec7u \u0111\u1ec3 \u0111\u1ea3m b\u1ea3o \u0111\u1ed9 \u1ed5n \u0111\u1ecbnh l\u00e2u d\u00e0i:<\/span><\/p>\n<ul>\n<li style=\"font-weight: 400;\" aria-level=\"1\"><b>M\u00e1y c\u1ea5p li\u1ec7u d\u1ea1ng \u0111\u1ea9y:<\/b><span style=\"font-weight: 400;\"> S\u1eed d\u1ee5ng c\u01a1 c\u1ea5u \u0111\u1ea9y c\u01a1 kh\u00ed, kh\u00f4ng ph\u1ee5 thu\u1ed9c v\u00e0o \u0111\u1ed9 rung, lo\u1ea1i b\u1ecf ho\u00e0n to\u00e0n v\u1ea5n \u0111\u1ec1 b\u00e1m d\u00ednh.<\/span><\/li>\n<li style=\"font-weight: 400;\" aria-level=\"1\"><b>M\u00e1y c\u1ea5p li\u1ec7u ly t\u00e2m:<\/b><span style=\"font-weight: 400;\"> S\u1eed d\u1ee5ng l\u1ef1c ly t\u00e2m nh\u1eb9 nh\u00e0ng \u0111\u1ec3 \u0111\u1ea9y linh ki\u1ec7n ra ngo\u00e0i.<\/span><\/li>\n<li style=\"font-weight: 400;\" aria-level=\"1\"><b>B\u1ed9 c\u1ea5p li\u1ec7u linh ho\u1ea1t k\u1ebft h\u1ee3p AI Vision:<\/b><span style=\"font-weight: 400;\"> Linh ki\u1ec7n \u0111\u01b0\u1ee3c r\u1ea3i \u0111\u1ec1u v\u00e0 Robot s\u1ebd g\u1eafp tr\u1ef1c ti\u1ebfp, tr\u00e1nh ho\u00e0n to\u00e0n vi\u1ec7c t\u00edch t\u1ee5 d\u1ea7u trong \u0111\u01b0\u1eddng d\u1eabn.<\/span><\/li>\n<\/ul>\n<h3><span style=\"font-weight: 400;\">Gi\u1ea3i ph\u00e1p kh\u1eafc ph\u1ee5c cho ph\u1ec5u rung<\/span><\/h3>\n<p><span style=\"font-weight: 400;\">Trong tr\u01b0\u1eddng h\u1ee3p v\u1eabn s\u1eed d\u1ee5ng ph\u1ec5u rung, c\u1ea7n \u00e1p d\u1ee5ng \u0111\u1ed3ng th\u1eddi c\u00e1c bi\u1ec7n ph\u00e1p k\u1ef9 thu\u1eadt c\u1ef1c \u0111oan sau:<\/span><\/p>\n<p><b style=\"color: #333333; font-size: 14.4px;\">1. X\u1eed l\u00fd b\u1ec1 m\u1eb7t \u0111\u01b0\u1eddng d\u1eabn (Quan tr\u1ecdng nh\u1ea5t)<\/b><\/p>\n<ul>\n<li style=\"font-weight: 400;\" aria-level=\"1\"><b>Ph\u1ee7 Teflon\/PTFE:<\/b><span style=\"font-weight: 400;\"> B\u1eaft bu\u1ed9c ph\u1ea3i ph\u1ee7 m\u1ed9t l\u1edbp ch\u1ed1ng d\u00ednh d\u00e0y v\u00e0 ch\u1ecbu m\u00e0i m\u00f2n l\u00ean to\u00e0n b\u1ed9 \u0111\u01b0\u1eddng d\u1eabn c\u1ee7a ph\u1ec5u.<\/span><\/li>\n<li style=\"font-weight: 400;\" aria-level=\"1\"><b>S\u1eed d\u1ee5ng v\u1eadt li\u1ec7u n\u0103ng l\u01b0\u1ee3ng b\u1ec1 m\u1eb7t th\u1ea5p:<\/b><span style=\"font-weight: 400;\"> Thay th\u1ebf c\u00e1c \u0111o\u1ea1n \u0111\u01b0\u1eddng d\u1eabn b\u1eb1ng v\u1eadt li\u1ec7u chuy\u00ean d\u1ee5ng nh\u01b0 UHMWPE.<\/span><\/li>\n<\/ul>\n<p><b style=\"font-size: 14.4px;\">2. \u0110i\u1ec1u ch\u1ec9nh c\u01a1 kh\u00ed &amp; T\u1ea7n s\u1ed1 rung<\/b><\/p>\n<ul>\n<li style=\"font-weight: 400;\" aria-level=\"1\"><b>T\u1ed1i \u01b0u h\u00f3a bi\u00ean \u0111\u1ed9 rung:<\/b><span style=\"font-weight: 400;\"> T\u0103ng c\u01b0\u1eddng bi\u00ean \u0111\u1ed9 rung \u0111\u1ebfn m\u1ee9c t\u1ed1i \u0111a (trong gi\u1edbi h\u1ea1n cho ph\u00e9p) \u0111\u1ec3 &#8220;\u0111\u00e1nh b\u1eadt&#8221; linh ki\u1ec7n kh\u1ecfi b\u1ec1 m\u1eb7t b\u00e1m d\u00ednh.<\/span><\/li>\n<li style=\"font-weight: 400;\" aria-level=\"1\"><b>Tinh ch\u1ec9nh g\u00f3c rung:<\/b><span style=\"font-weight: 400;\"> \u0110i\u1ec1u ch\u1ec9nh g\u00f3c t\u1ea5n c\u1ee7a l\u00f2 xo l\u00e1 \u0111\u1ec3 t\u1ea1o ra l\u1ef1c &#8220;b\u00f3c t\u00e1ch&#8221; linh ki\u1ec7n hi\u1ec7u qu\u1ea3 h\u01a1n.<\/span><\/li>\n<\/ul>\n<p><b style=\"font-size: 14.4px;\">3. H\u1ed7 tr\u1ee3 t\u00e1ch r\u1eddi &amp; L\u00e0m s\u1ea1ch ch\u1ee7 \u0111\u1ed9ng<\/b><\/p>\n<ul>\n<li style=\"font-weight: 400;\" aria-level=\"1\"><b>H\u1ec7 th\u1ed1ng th\u1ed5i kh\u00ed \u00e1p l\u1ef1c:<\/b><span style=\"font-weight: 400;\"> L\u1eafp \u0111\u1eb7t c\u00e1c v\u00f2i phun kh\u00ed n\u00e9n ch\u00ednh x\u00e1c t\u1ea1i c\u00e1c \u0111i\u1ec3m tr\u1ecdng y\u1ebfu \u0111\u1ec3 th\u1ed5i r\u1eddi linh ki\u1ec7n b\u1ecb d\u00ednh.<\/span><\/li>\n<li style=\"font-weight: 400;\" aria-level=\"1\"><b>Kh\u1eed t\u0129nh \u0111i\u1ec7n:<\/b><span style=\"font-weight: 400;\"> S\u1eed d\u1ee5ng qu\u1ea1t ho\u1eb7c thanh kh\u1eed ion th\u1ed5i tr\u1ef1c ti\u1ebfp v\u00e0o \u0111\u01b0\u1eddng d\u1eabn \u0111\u1ec3 tri\u1ec7t ti\u00eau l\u1ef1c h\u00fat t\u0129nh \u0111i\u1ec7n.<\/span><\/li>\n<li style=\"font-weight: 400;\" aria-level=\"1\"><b>V\u1ec7 sinh \u0111\u1ecbnh k\u1ef3:<\/b><span style=\"font-weight: 400;\"> Thi\u1ebft l\u1eadp l\u1ecbch l\u00e0m s\u1ea1ch s\u00e2u ph\u1ec5u rung b\u1eb1ng c\u00e1c dung m\u00f4i ph\u00f9 h\u1ee3p \u0111\u1ec3 lo\u1ea1i b\u1ecf d\u1ea7u t\u00edch t\u1ee5.<\/span><\/li>\n<\/ul>","protected":false},"excerpt":{"rendered":"<p><span style=\"font-weight: 400;\">Gi\u1ea3i ph\u00e1p x\u1eed l\u00fd v\u00f2ng cao su d\u00ednh d\u1ea7u trong ph\u1ec5u rung hi\u1ec7u qu\u1ea3 100%. T\u1eeb ph\u1ee7 Teflon, th\u1ed5i kh\u00ed ion \u0111\u1ebfn c\u00e1c h\u1ec7 th\u1ed1ng c\u1ea5p li\u1ec7u thay th\u1ebf. T\u01b0 v\u1ea5n k\u1ef9 thu\u1eadt chuy\u00ean s\u00e2u t\u1eeb SWOER.<\/span><\/p>","protected":false},"featured_media":8240,"comment_status":"open","ping_status":"closed","template":"","meta":[],"product_brand":[],"product_cat":[106],"product_tag":[172,107,102,248],"class_list":{"0":"post-8239","1":"product","2":"type-product","3":"status-publish","4":"has-post-thumbnail","6":"product_cat-mam-rung-cap-phoi","7":"product_tag-bo-cap-lieu-rung","8":"product_tag-may-cap-lieu-rung","9":"product_tag-pheu-rung-cap-phoi","10":"product_tag-vibratory-feeder","12":"first","13":"instock","14":"shipping-taxable","15":"product-type-simple"},"yoast_head":"<!-- This site is optimized with the Yoast SEO plugin v26.0 - https:\/\/yoast.com\/wordpress\/plugins\/seo\/ -->\n<title>B\u1ed9 c\u1ea5p li\u1ec7u rung cho v\u00f2ng cao su - Nh\u00e0 s\u1ea3n xu\u1ea5t m\u00e1y c\u1ea5p li\u1ec7u c\u00f4ng nghi\u1ec7p<\/title>\n<meta name=\"description\" content=\"Gi\u1ea3i ph\u00e1p x\u1eed l\u00fd v\u00f2ng cao su d\u00ednh d\u1ea7u trong ph\u1ec5u rung hi\u1ec7u qu\u1ea3 100%. T\u1eeb ph\u1ee7 Teflon, th\u1ed5i kh\u00ed ion \u0111\u1ebfn c\u00e1c h\u1ec7 th\u1ed1ng c\u1ea5p li\u1ec7u thay th\u1ebf.\" \/>\n<meta name=\"robots\" content=\"index, follow, max-snippet:-1, max-image-preview:large, max-video-preview:-1\" \/>\n<link rel=\"canonical\" href=\"https:\/\/swoer.vn\/ja\/manufacturer\/bo-cap-lieu-rung-cho-vong-cao-su\/\" \/>\n<meta property=\"og:locale\" content=\"ja_JP\" \/>\n<meta property=\"og:type\" content=\"article\" \/>\n<meta property=\"og:title\" content=\"B\u1ed9 c\u1ea5p li\u1ec7u rung cho v\u00f2ng cao su - Nh\u00e0 s\u1ea3n xu\u1ea5t m\u00e1y c\u1ea5p li\u1ec7u c\u00f4ng nghi\u1ec7p\" \/>\n<meta property=\"og:description\" content=\"Gi\u1ea3i ph\u00e1p x\u1eed l\u00fd v\u00f2ng cao su d\u00ednh d\u1ea7u trong ph\u1ec5u rung hi\u1ec7u qu\u1ea3 100%. T\u1eeb ph\u1ee7 Teflon, th\u1ed5i kh\u00ed ion \u0111\u1ebfn c\u00e1c h\u1ec7 th\u1ed1ng c\u1ea5p li\u1ec7u thay th\u1ebf.\" \/>\n<meta property=\"og:url\" content=\"https:\/\/swoer.vn\/ja\/manufacturer\/bo-cap-lieu-rung-cho-vong-cao-su\/\" \/>\n<meta property=\"og:site_name\" content=\"Nh\u00e0 s\u1ea3n xu\u1ea5t m\u00e1y c\u1ea5p li\u1ec7u c\u00f4ng nghi\u1ec7p\" \/>\n<meta property=\"article:modified_time\" content=\"2026-04-07T02:19:52+00:00\" \/>\n<meta property=\"og:image\" content=\"https:\/\/swoer.vn\/wp-content\/uploads\/2026\/04\/BO-CAP-LIEU-RUNG-CHO-VONG-CAO-SU-.png\" \/>\n\t<meta property=\"og:image:width\" content=\"800\" \/>\n\t<meta property=\"og:image:height\" content=\"800\" \/>\n\t<meta property=\"og:image:type\" content=\"image\/png\" \/>\n<meta name=\"twitter:card\" content=\"summary_large_image\" \/>\n<meta name=\"twitter:label1\" content=\"\u63a8\u5b9a\u8aad\u307f\u53d6\u308a\u6642\u9593\" \/>\n\t<meta name=\"twitter:data1\" content=\"3\u5206\" \/>\n<script type=\"application\/ld+json\" class=\"yoast-schema-graph\">{\"@context\":\"https:\/\/schema.org\",\"@graph\":[{\"@type\":\"WebPage\",\"@id\":\"https:\/\/swoer.vn\/manufacturer\/bo-cap-lieu-rung-cho-vong-cao-su\/\",\"url\":\"https:\/\/swoer.vn\/manufacturer\/bo-cap-lieu-rung-cho-vong-cao-su\/\",\"name\":\"B\u1ed9 c\u1ea5p li\u1ec7u rung cho v\u00f2ng cao su - Nh\u00e0 s\u1ea3n xu\u1ea5t m\u00e1y c\u1ea5p li\u1ec7u c\u00f4ng nghi\u1ec7p\",\"isPartOf\":{\"@id\":\"https:\/\/swoer.vn\/#website\"},\"primaryImageOfPage\":{\"@id\":\"https:\/\/swoer.vn\/manufacturer\/bo-cap-lieu-rung-cho-vong-cao-su\/#primaryimage\"},\"image\":{\"@id\":\"https:\/\/swoer.vn\/manufacturer\/bo-cap-lieu-rung-cho-vong-cao-su\/#primaryimage\"},\"thumbnailUrl\":\"https:\/\/swoer.vn\/wp-content\/uploads\/2026\/04\/BO-CAP-LIEU-RUNG-CHO-VONG-CAO-SU-.png\",\"datePublished\":\"2026-04-07T02:16:56+00:00\",\"dateModified\":\"2026-04-07T02:19:52+00:00\",\"description\":\"Gi\u1ea3i ph\u00e1p x\u1eed l\u00fd v\u00f2ng cao su d\u00ednh d\u1ea7u trong ph\u1ec5u rung hi\u1ec7u qu\u1ea3 100%. T\u1eeb ph\u1ee7 Teflon, th\u1ed5i kh\u00ed ion \u0111\u1ebfn c\u00e1c h\u1ec7 th\u1ed1ng c\u1ea5p li\u1ec7u thay th\u1ebf.\",\"breadcrumb\":{\"@id\":\"https:\/\/swoer.vn\/manufacturer\/bo-cap-lieu-rung-cho-vong-cao-su\/#breadcrumb\"},\"inLanguage\":\"ja\",\"potentialAction\":[{\"@type\":\"ReadAction\",\"target\":[\"https:\/\/swoer.vn\/manufacturer\/bo-cap-lieu-rung-cho-vong-cao-su\/\"]}]},{\"@type\":\"ImageObject\",\"inLanguage\":\"ja\",\"@id\":\"https:\/\/swoer.vn\/manufacturer\/bo-cap-lieu-rung-cho-vong-cao-su\/#primaryimage\",\"url\":\"https:\/\/swoer.vn\/wp-content\/uploads\/2026\/04\/BO-CAP-LIEU-RUNG-CHO-VONG-CAO-SU-.png\",\"contentUrl\":\"https:\/\/swoer.vn\/wp-content\/uploads\/2026\/04\/BO-CAP-LIEU-RUNG-CHO-VONG-CAO-SU-.png\",\"width\":800,\"height\":800,\"caption\":\"BO\u0323\u0302 CA\u0302\u0301P LIE\u0323\u0302U RUNG CHO VO\u0300NG CAO SU\"},{\"@type\":\"BreadcrumbList\",\"@id\":\"https:\/\/swoer.vn\/manufacturer\/bo-cap-lieu-rung-cho-vong-cao-su\/#breadcrumb\",\"itemListElement\":[{\"@type\":\"ListItem\",\"position\":1,\"name\":\"Home\",\"item\":\"https:\/\/swoer.vn\/\"},{\"@type\":\"ListItem\",\"position\":2,\"name\":\"S\u1ea3n ph\u1ea9m\",\"item\":\"https:\/\/swoer.vn\/shop\/\"},{\"@type\":\"ListItem\",\"position\":3,\"name\":\"B\u1ed9 c\u1ea5p li\u1ec7u rung cho v\u00f2ng cao su\"}]},{\"@type\":\"WebSite\",\"@id\":\"https:\/\/swoer.vn\/#website\",\"url\":\"https:\/\/swoer.vn\/\",\"name\":\"Nh\u00e0 s\u1ea3n xu\u1ea5t m\u00e1y c\u1ea5p li\u1ec7u c\u00f4ng nghi\u1ec7p\",\"description\":\"Nh\u00e0 cung c\u1ea5p robot, m\u00e1y c\u1ea5p li\u1ec7u linh ho\u1ea1t, m\u00e1y c\u1ea5p li\u1ec7u ly t\u00e2m, m\u00e1y c\u1ea5p li\u1ec7u rung t\u1ef1 \u0111\u1ed9ng\",\"potentialAction\":[{\"@type\":\"SearchAction\",\"target\":{\"@type\":\"EntryPoint\",\"urlTemplate\":\"https:\/\/swoer.vn\/?s={search_term_string}\"},\"query-input\":{\"@type\":\"PropertyValueSpecification\",\"valueRequired\":true,\"valueName\":\"search_term_string\"}}],\"inLanguage\":\"ja\"}]}<\/script>\n<!-- \/ Yoast SEO plugin. -->","yoast_head_json":{"title":"B\u1ed9 c\u1ea5p li\u1ec7u rung cho v\u00f2ng cao su - Nh\u00e0 s\u1ea3n xu\u1ea5t m\u00e1y c\u1ea5p li\u1ec7u c\u00f4ng nghi\u1ec7p","description":"Gi\u1ea3i ph\u00e1p x\u1eed l\u00fd v\u00f2ng cao su d\u00ednh d\u1ea7u trong ph\u1ec5u rung hi\u1ec7u qu\u1ea3 100%. T\u1eeb ph\u1ee7 Teflon, th\u1ed5i kh\u00ed ion \u0111\u1ebfn c\u00e1c h\u1ec7 th\u1ed1ng c\u1ea5p li\u1ec7u thay th\u1ebf.","robots":{"index":"index","follow":"follow","max-snippet":"max-snippet:-1","max-image-preview":"max-image-preview:large","max-video-preview":"max-video-preview:-1"},"canonical":"https:\/\/swoer.vn\/ja\/manufacturer\/bo-cap-lieu-rung-cho-vong-cao-su\/","og_locale":"ja_JP","og_type":"article","og_title":"B\u1ed9 c\u1ea5p li\u1ec7u rung cho v\u00f2ng cao su - Nh\u00e0 s\u1ea3n xu\u1ea5t m\u00e1y c\u1ea5p li\u1ec7u c\u00f4ng nghi\u1ec7p","og_description":"Gi\u1ea3i ph\u00e1p x\u1eed l\u00fd v\u00f2ng cao su d\u00ednh d\u1ea7u trong ph\u1ec5u rung hi\u1ec7u qu\u1ea3 100%. T\u1eeb ph\u1ee7 Teflon, th\u1ed5i kh\u00ed ion \u0111\u1ebfn c\u00e1c h\u1ec7 th\u1ed1ng c\u1ea5p li\u1ec7u thay th\u1ebf.","og_url":"https:\/\/swoer.vn\/ja\/manufacturer\/bo-cap-lieu-rung-cho-vong-cao-su\/","og_site_name":"Nh\u00e0 s\u1ea3n xu\u1ea5t m\u00e1y c\u1ea5p li\u1ec7u c\u00f4ng nghi\u1ec7p","article_modified_time":"2026-04-07T02:19:52+00:00","og_image":[{"width":800,"height":800,"url":"https:\/\/swoer.vn\/wp-content\/uploads\/2026\/04\/BO-CAP-LIEU-RUNG-CHO-VONG-CAO-SU-.png","type":"image\/png"}],"twitter_card":"summary_large_image","twitter_misc":{"\u63a8\u5b9a\u8aad\u307f\u53d6\u308a\u6642\u9593":"3\u5206"},"schema":{"@context":"https:\/\/schema.org","@graph":[{"@type":"WebPage","@id":"https:\/\/swoer.vn\/manufacturer\/bo-cap-lieu-rung-cho-vong-cao-su\/","url":"https:\/\/swoer.vn\/manufacturer\/bo-cap-lieu-rung-cho-vong-cao-su\/","name":"B\u1ed9 c\u1ea5p li\u1ec7u rung cho v\u00f2ng cao su - Nh\u00e0 s\u1ea3n xu\u1ea5t m\u00e1y c\u1ea5p li\u1ec7u c\u00f4ng nghi\u1ec7p","isPartOf":{"@id":"https:\/\/swoer.vn\/#website"},"primaryImageOfPage":{"@id":"https:\/\/swoer.vn\/manufacturer\/bo-cap-lieu-rung-cho-vong-cao-su\/#primaryimage"},"image":{"@id":"https:\/\/swoer.vn\/manufacturer\/bo-cap-lieu-rung-cho-vong-cao-su\/#primaryimage"},"thumbnailUrl":"https:\/\/swoer.vn\/wp-content\/uploads\/2026\/04\/BO-CAP-LIEU-RUNG-CHO-VONG-CAO-SU-.png","datePublished":"2026-04-07T02:16:56+00:00","dateModified":"2026-04-07T02:19:52+00:00","description":"Gi\u1ea3i ph\u00e1p x\u1eed l\u00fd v\u00f2ng cao su d\u00ednh d\u1ea7u trong ph\u1ec5u rung hi\u1ec7u qu\u1ea3 100%. T\u1eeb ph\u1ee7 Teflon, th\u1ed5i kh\u00ed ion \u0111\u1ebfn c\u00e1c h\u1ec7 th\u1ed1ng c\u1ea5p li\u1ec7u thay th\u1ebf.","breadcrumb":{"@id":"https:\/\/swoer.vn\/manufacturer\/bo-cap-lieu-rung-cho-vong-cao-su\/#breadcrumb"},"inLanguage":"ja","potentialAction":[{"@type":"ReadAction","target":["https:\/\/swoer.vn\/manufacturer\/bo-cap-lieu-rung-cho-vong-cao-su\/"]}]},{"@type":"ImageObject","inLanguage":"ja","@id":"https:\/\/swoer.vn\/manufacturer\/bo-cap-lieu-rung-cho-vong-cao-su\/#primaryimage","url":"https:\/\/swoer.vn\/wp-content\/uploads\/2026\/04\/BO-CAP-LIEU-RUNG-CHO-VONG-CAO-SU-.png","contentUrl":"https:\/\/swoer.vn\/wp-content\/uploads\/2026\/04\/BO-CAP-LIEU-RUNG-CHO-VONG-CAO-SU-.png","width":800,"height":800,"caption":"BO\u0323\u0302 CA\u0302\u0301P LIE\u0323\u0302U RUNG CHO VO\u0300NG CAO SU"},{"@type":"BreadcrumbList","@id":"https:\/\/swoer.vn\/manufacturer\/bo-cap-lieu-rung-cho-vong-cao-su\/#breadcrumb","itemListElement":[{"@type":"ListItem","position":1,"name":"Home","item":"https:\/\/swoer.vn\/"},{"@type":"ListItem","position":2,"name":"S\u1ea3n ph\u1ea9m","item":"https:\/\/swoer.vn\/shop\/"},{"@type":"ListItem","position":3,"name":"B\u1ed9 c\u1ea5p li\u1ec7u rung cho v\u00f2ng cao su"}]},{"@type":"WebSite","@id":"https:\/\/swoer.vn\/#website","url":"https:\/\/swoer.vn\/","name":"\u5de5\u696d\u7528\u30d5\u30a3\u30fc\u30c0\u30fc\u30e1\u30fc\u30ab\u30fc","description":"\u30ed\u30dc\u30c3\u30c8\u3001\u30d5\u30ec\u30ad\u30b7\u30d6\u30eb\u30d5\u30a3\u30fc\u30c0\u30fc\u3001\u9060\u5fc3\u30d5\u30a3\u30fc\u30c0\u30fc\u3001\u81ea\u52d5\u632f\u52d5\u30d5\u30a3\u30fc\u30c0\u30fc\u306e\u30b5\u30d7\u30e9\u30a4\u30e4\u30fc","potentialAction":[{"@type":"SearchAction","target":{"@type":"EntryPoint","urlTemplate":"https:\/\/swoer.vn\/?s={search_term_string}"},"query-input":{"@type":"PropertyValueSpecification","valueRequired":true,"valueName":"search_term_string"}}],"inLanguage":"ja"}]}},"_links":{"self":[{"href":"https:\/\/swoer.vn\/ja\/wp-json\/wp\/v2\/product\/8239","targetHints":{"allow":["GET"]}}],"collection":[{"href":"https:\/\/swoer.vn\/ja\/wp-json\/wp\/v2\/product"}],"about":[{"href":"https:\/\/swoer.vn\/ja\/wp-json\/wp\/v2\/types\/product"}],"replies":[{"embeddable":true,"href":"https:\/\/swoer.vn\/ja\/wp-json\/wp\/v2\/comments?post=8239"}],"wp:featuredmedia":[{"embeddable":true,"href":"https:\/\/swoer.vn\/ja\/wp-json\/wp\/v2\/media\/8240"}],"wp:attachment":[{"href":"https:\/\/swoer.vn\/ja\/wp-json\/wp\/v2\/media?parent=8239"}],"wp:term":[{"taxonomy":"product_brand","embeddable":true,"href":"https:\/\/swoer.vn\/ja\/wp-json\/wp\/v2\/product_brand?post=8239"},{"taxonomy":"product_cat","embeddable":true,"href":"https:\/\/swoer.vn\/ja\/wp-json\/wp\/v2\/product_cat?post=8239"},{"taxonomy":"product_tag","embeddable":true,"href":"https:\/\/swoer.vn\/ja\/wp-json\/wp\/v2\/product_tag?post=8239"}],"curies":[{"name":"wp","href":"https:\/\/api.w.org\/{rel}","templated":true}]}}