{"id":8219,"date":"2026-04-04T08:40:36","date_gmt":"2026-04-04T01:40:36","guid":{"rendered":"https:\/\/swoer.vn\/?post_type=product&#038;p=8219"},"modified":"2026-04-04T08:40:38","modified_gmt":"2026-04-04T01:40:38","slug":"bo-cap-lieu-bac-thang","status":"publish","type":"product","link":"https:\/\/swoer.vn\/ja\/manufacturer\/bo-cap-lieu-bac-thang\/","title":{"rendered":"B\u1ed9 c\u1ea5p li\u1ec7u b\u1eadc thang"},"content":{"rendered":"<h2><span style=\"font-weight: 400;\">\u01afu \u0111i\u1ec3m v\u01b0\u1ee3t tr\u1ed9i c\u1ee7a b\u1ed9 c\u1ea5p li\u1ec7u b\u1eadc thang<\/span><\/h2>\n<ul>\n<li style=\"font-weight: 400;\" aria-level=\"1\"><b>Thi\u1ebft k\u1ebf t\u00f9y ch\u1ec9nh chuy\u00ean s\u00e2u:<\/b><span style=\"font-weight: 400;\"> SWOER kh\u00f4ng ch\u1ec9 b\u00e1n thi\u1ebft b\u1ecb s\u1eb5n c\u00f3 m\u00e0 lu\u00f4n tinh ch\u1ec9nh c\u1ea5u h\u00ecnh m\u00e1y \u0111\u1ec3 \u0111\u00e1p \u1ee9ng ch\u00ednh x\u00e1c c\u00e1c y\u00eau c\u1ea7u k\u1ef9 thu\u1eadt v\u00e0 m\u00f4i tr\u01b0\u1eddng s\u1ea3n xu\u1ea5t ri\u00eang bi\u1ec7t c\u1ee7a t\u1eebng doanh nghi\u1ec7p.<\/span><\/li>\n<li style=\"font-weight: 400;\" aria-level=\"1\"><b>D\u00f2ng ch\u1ea3y v\u1eadt li\u1ec7u \u1ed5n \u0111\u1ecbnh:<\/b><span style=\"font-weight: 400;\"> Thi\u1ebft k\u1ebf b\u1eadc thang th\u00f4ng minh \u0111\u1ea3m b\u1ea3o c\u00e1c linh ki\u1ec7n (nh\u01b0 tay c\u1ea7m, thanh tr\u1ee5&#8230;) \u0111\u01b0\u1ee3c c\u1ea5p v\u00e0o d\u00e2y chuy\u1ec1n m\u1ed9t c\u00e1ch li\u00ean t\u1ee5c, m\u01b0\u1ee3t m\u00e0, lo\u1ea1i b\u1ecf ho\u00e0n to\u00e0n t\u00ecnh tr\u1ea1ng t\u1eafc ngh\u1ebdn.<\/span><\/li>\n<li style=\"font-weight: 400;\" aria-level=\"1\"><b>\u0110\u1ed9 b\u1ec1n c\u00f4ng nghi\u1ec7p \u0111\u1ec9nh cao:<\/b><span style=\"font-weight: 400;\"> Ch\u00fang t\u00f4i s\u1eed d\u1ee5ng c\u00e1c v\u1eadt li\u1ec7u cao c\u1ea5p, ch\u1ed1ng m\u00e0i m\u00f2n, \u0111\u1ea3m b\u1ea3o m\u00e1y v\u1eadn h\u00e0nh \u1ed5n \u0111\u1ecbnh v\u00e0 b\u1ec1n b\u1ec9 trong su\u1ed1t th\u1eddi gian d\u00e0i d\u01b0\u1edbi c\u01b0\u1eddng \u0111\u1ed9 l\u00e0m vi\u1ec7c cao.<\/span><\/li>\n<li style=\"font-weight: 400;\" aria-level=\"1\"><b>T\u1ed1i \u01b0u h\u00f3a chi ph\u00ed v\u1eadn h\u00e0nh:<\/b><span style=\"font-weight: 400;\"> Thi\u1ebft k\u1ebf \u01b0u ti\u00ean ti\u1ebft ki\u1ec7m n\u0103ng l\u01b0\u1ee3ng, gi\u00fap doanh nghi\u1ec7p gi\u1ea3m thi\u1ec3u chi ph\u00ed \u0111i\u1ec7n n\u0103ng m\u00e0 v\u1eabn duy tr\u00ec \u0111\u01b0\u1ee3c hi\u1ec7u su\u1ea5t ho\u1ea1t \u0111\u1ed9ng t\u1ed1i \u0111a.<\/span><\/li>\n<li style=\"font-weight: 400;\" aria-level=\"1\"><b>N\u00e2ng t\u1ea7m t\u1ed1c \u0111\u1ed9 d\u00e2y chuy\u1ec1n:<\/b><span style=\"font-weight: 400;\"> V\u1edbi chuy\u00ean m\u00f4n s\u00e2u trong l\u0129nh v\u1ef1c thi\u1ebft k\u1ebf t\u1ef1 \u0111\u1ed9ng h\u00f3a, b\u1ed9 c\u1ea5p li\u1ec7u c\u1ee7a SWOER gi\u00fap c\u1ea3i thi\u1ec7n \u0111\u00e1ng k\u1ec3 t\u1ed1c \u0111\u1ed9 v\u00e0 hi\u1ec7u qu\u1ea3 c\u1ee7a to\u00e0n b\u1ed9 d\u00e2y chuy\u1ec1n s\u1ea3n xu\u1ea5t.<\/span><\/li>\n<\/ul>\n<h2><span style=\"font-weight: 400;\">\u4ed5\u69d8<\/span><\/h2>\n<table>\n<tbody>\n<tr>\n<td><b>\u0110\u1eb7c t\u00ednh<\/b><\/td>\n<td><b>Chi ti\u1ebft k\u1ef9 thu\u1eadt<\/b><\/td>\n<\/tr>\n<tr>\n<td><b>\u5546\u6a19<\/b><\/td>\n<td><b>\u8a93\u3046<\/b><\/td>\n<\/tr>\n<tr>\n<td><b>Lo\u1ea1i thi\u1ebft b\u1ecb<\/b><\/td>\n<td><span style=\"font-weight: 400;\">B\u1ed9 c\u1ea5p li\u1ec7u b\u1eadc thang (Step Feeder)<\/span><\/td>\n<\/tr>\n<tr>\n<td><b>V\u1eadt li\u1ec7u ch\u1ebf t\u1ea1o<\/b><\/td>\n<td><span style=\"font-weight: 400;\">Th\u00e9p kh\u00f4ng g\u1ec9 \/ H\u1ee3p kim chuy\u00ean d\u1ee5ng cao c\u1ea5p<\/span><\/td>\n<\/tr>\n<tr>\n<td><b>C\u1ea5u h\u00ecnh<\/b><\/td>\n<td><span style=\"font-weight: 400;\">T\u00f9y ch\u1ec9nh theo k\u00edch th\u01b0\u1edbc v\u00e0 h\u00ecnh d\u00e1ng s\u1ea3n ph\u1ea9m<\/span><\/td>\n<\/tr>\n<tr>\n<td><b>\u5fdc\u7528<\/b><\/td>\n<td><span style=\"font-weight: 400;\">C\u1ea5p li\u1ec7u linh ki\u1ec7n d\u1ea1ng thanh, \u1ed1ng, s\u1ea3n ph\u1ea9m h\u00ecnh tr\u1ee5&#8230;<\/span><\/td>\n<\/tr>\n<tr>\n<td><b>\u4fdd\u8a3c<\/b><\/td>\n<td><span style=\"font-weight: 400;\">01 n\u0103m ch\u00ednh h\u00e3ng<\/span><\/td>\n<\/tr>\n<\/tbody>\n<\/table>\n<p>&nbsp;<\/p>","protected":false},"excerpt":{"rendered":"<p><span style=\"font-weight: 400;\">SWOER chuy\u00ean cung c\u1ea5p c\u00e1c gi\u1ea3i ph\u00e1p <\/span><b>B\u1ed9 c\u1ea5p li\u1ec7u b\u1eadc thang (Step Feeder)<\/b><span style=\"font-weight: 400;\"> \u0111\u01b0\u1ee3c thi\u1ebft k\u1ebf ri\u00eang bi\u1ec7t, gi\u00fap t\u1ed1i \u01b0u h\u00f3a quy tr\u00ecnh l\u1eafp r\u00e1p v\u00e0 n\u00e2ng cao n\u0103ng su\u1ea5t v\u01b0\u1ee3t tr\u1ed9i. V\u1edbi kinh nghi\u1ec7m c\u1ee7a m\u1ed9t nh\u00e0 s\u1ea3n xu\u1ea5t h\u00e0ng \u0111\u1ea7u, ch\u00fang t\u00f4i mang \u0111\u1ebfn nh\u1eefng thi\u1ebft b\u1ecb c\u00f3 kh\u1ea3 n\u0103ng th\u00edch \u1ee9ng ho\u00e0n h\u1ea3o v\u1edbi m\u1ecdi nhu c\u1ea7u s\u1ea3n xu\u1ea5t \u0111\u1eb7c th\u00f9 c\u1ee7a kh\u00e1ch h\u00e0ng.<\/span><\/p>","protected":false},"featured_media":8220,"comment_status":"open","ping_status":"closed","template":"","meta":[],"product_brand":[],"product_cat":[37],"product_tag":[163,246,197,164],"class_list":{"0":"post-8219","1":"product","2":"type-product","3":"status-publish","4":"has-post-thumbnail","6":"product_cat-may-cap-lieu-dang-bac-thang","7":"product_tag-bo-cap-lieu-bac-thang","8":"product_tag-elevatory-conveyor","9":"product_tag-may-cap-lieu-bac-thang","10":"product_tag-step-feeder","12":"first","13":"instock","14":"shipping-taxable","15":"product-type-simple"},"yoast_head":"<!-- This site is optimized with the Yoast SEO plugin v26.0 - https:\/\/yoast.com\/wordpress\/plugins\/seo\/ -->\n<title>B\u1ed9 c\u1ea5p li\u1ec7u b\u1eadc thang - Nh\u00e0 s\u1ea3n xu\u1ea5t m\u00e1y c\u1ea5p li\u1ec7u c\u00f4ng nghi\u1ec7p<\/title>\n<meta name=\"description\" content=\"B\u1ed9 c\u1ea5p li\u1ec7u b\u1eadc thang SWOER: Gi\u1ea3i ph\u00e1p t\u1ef1 \u0111\u1ed9ng h\u00f3a t\u00f9y ch\u1ec9nh cho m\u1ecdi d\u00e2y chuy\u1ec1n. Thi\u1ebft k\u1ebf t\u1ed1i \u01b0u n\u0103ng su\u1ea5t, ti\u1ebft ki\u1ec7m n\u0103ng l\u01b0\u1ee3ng v\u00e0 ho\u1ea1t \u0111\u1ed9ng b\u1ec1n b\u1ec9 24\/7.\" \/>\n<meta name=\"robots\" content=\"index, follow, max-snippet:-1, max-image-preview:large, max-video-preview:-1\" \/>\n<link rel=\"canonical\" href=\"https:\/\/swoer.vn\/ja\/manufacturer\/bo-cap-lieu-bac-thang\/\" \/>\n<meta property=\"og:locale\" content=\"ja_JP\" \/>\n<meta property=\"og:type\" content=\"article\" \/>\n<meta property=\"og:title\" content=\"B\u1ed9 c\u1ea5p li\u1ec7u b\u1eadc thang - Nh\u00e0 s\u1ea3n xu\u1ea5t m\u00e1y c\u1ea5p li\u1ec7u c\u00f4ng nghi\u1ec7p\" \/>\n<meta property=\"og:description\" content=\"B\u1ed9 c\u1ea5p li\u1ec7u b\u1eadc thang SWOER: Gi\u1ea3i ph\u00e1p t\u1ef1 \u0111\u1ed9ng h\u00f3a t\u00f9y ch\u1ec9nh cho m\u1ecdi d\u00e2y chuy\u1ec1n. Thi\u1ebft k\u1ebf t\u1ed1i \u01b0u n\u0103ng su\u1ea5t, ti\u1ebft ki\u1ec7m n\u0103ng l\u01b0\u1ee3ng v\u00e0 ho\u1ea1t \u0111\u1ed9ng b\u1ec1n b\u1ec9 24\/7.\" \/>\n<meta property=\"og:url\" content=\"https:\/\/swoer.vn\/ja\/manufacturer\/bo-cap-lieu-bac-thang\/\" \/>\n<meta property=\"og:site_name\" content=\"Nh\u00e0 s\u1ea3n xu\u1ea5t m\u00e1y c\u1ea5p li\u1ec7u c\u00f4ng nghi\u1ec7p\" \/>\n<meta property=\"article:modified_time\" content=\"2026-04-04T01:40:38+00:00\" \/>\n<meta property=\"og:image\" content=\"https:\/\/swoer.vn\/wp-content\/uploads\/2026\/04\/Bo-cap-lieu-bac-thang.png\" \/>\n\t<meta property=\"og:image:width\" content=\"800\" \/>\n\t<meta property=\"og:image:height\" content=\"800\" \/>\n\t<meta property=\"og:image:type\" content=\"image\/png\" \/>\n<meta name=\"twitter:card\" content=\"summary_large_image\" \/>\n<meta name=\"twitter:label1\" content=\"\u63a8\u5b9a\u8aad\u307f\u53d6\u308a\u6642\u9593\" \/>\n\t<meta name=\"twitter:data1\" content=\"2\u5206\" \/>\n<script type=\"application\/ld+json\" class=\"yoast-schema-graph\">{\"@context\":\"https:\/\/schema.org\",\"@graph\":[{\"@type\":\"WebPage\",\"@id\":\"https:\/\/swoer.vn\/manufacturer\/bo-cap-lieu-bac-thang\/\",\"url\":\"https:\/\/swoer.vn\/manufacturer\/bo-cap-lieu-bac-thang\/\",\"name\":\"B\u1ed9 c\u1ea5p li\u1ec7u b\u1eadc thang - Nh\u00e0 s\u1ea3n xu\u1ea5t m\u00e1y c\u1ea5p li\u1ec7u c\u00f4ng nghi\u1ec7p\",\"isPartOf\":{\"@id\":\"https:\/\/swoer.vn\/#website\"},\"primaryImageOfPage\":{\"@id\":\"https:\/\/swoer.vn\/manufacturer\/bo-cap-lieu-bac-thang\/#primaryimage\"},\"image\":{\"@id\":\"https:\/\/swoer.vn\/manufacturer\/bo-cap-lieu-bac-thang\/#primaryimage\"},\"thumbnailUrl\":\"https:\/\/swoer.vn\/wp-content\/uploads\/2026\/04\/Bo-cap-lieu-bac-thang.png\",\"datePublished\":\"2026-04-04T01:40:36+00:00\",\"dateModified\":\"2026-04-04T01:40:38+00:00\",\"description\":\"B\u1ed9 c\u1ea5p li\u1ec7u b\u1eadc thang SWOER: Gi\u1ea3i ph\u00e1p t\u1ef1 \u0111\u1ed9ng h\u00f3a t\u00f9y ch\u1ec9nh cho m\u1ecdi d\u00e2y chuy\u1ec1n. Thi\u1ebft k\u1ebf t\u1ed1i \u01b0u n\u0103ng su\u1ea5t, ti\u1ebft ki\u1ec7m n\u0103ng l\u01b0\u1ee3ng v\u00e0 ho\u1ea1t \u0111\u1ed9ng b\u1ec1n b\u1ec9 24\/7.\",\"breadcrumb\":{\"@id\":\"https:\/\/swoer.vn\/manufacturer\/bo-cap-lieu-bac-thang\/#breadcrumb\"},\"inLanguage\":\"ja\",\"potentialAction\":[{\"@type\":\"ReadAction\",\"target\":[\"https:\/\/swoer.vn\/manufacturer\/bo-cap-lieu-bac-thang\/\"]}]},{\"@type\":\"ImageObject\",\"inLanguage\":\"ja\",\"@id\":\"https:\/\/swoer.vn\/manufacturer\/bo-cap-lieu-bac-thang\/#primaryimage\",\"url\":\"https:\/\/swoer.vn\/wp-content\/uploads\/2026\/04\/Bo-cap-lieu-bac-thang.png\",\"contentUrl\":\"https:\/\/swoer.vn\/wp-content\/uploads\/2026\/04\/Bo-cap-lieu-bac-thang.png\",\"width\":800,\"height\":800,\"caption\":\"Bo\u0323\u0302 ca\u0302\u0301p lie\u0323\u0302u ba\u0323\u0302c thang\"},{\"@type\":\"BreadcrumbList\",\"@id\":\"https:\/\/swoer.vn\/manufacturer\/bo-cap-lieu-bac-thang\/#breadcrumb\",\"itemListElement\":[{\"@type\":\"ListItem\",\"position\":1,\"name\":\"Home\",\"item\":\"https:\/\/swoer.vn\/\"},{\"@type\":\"ListItem\",\"position\":2,\"name\":\"S\u1ea3n ph\u1ea9m\",\"item\":\"https:\/\/swoer.vn\/shop\/\"},{\"@type\":\"ListItem\",\"position\":3,\"name\":\"B\u1ed9 c\u1ea5p li\u1ec7u b\u1eadc thang\"}]},{\"@type\":\"WebSite\",\"@id\":\"https:\/\/swoer.vn\/#website\",\"url\":\"https:\/\/swoer.vn\/\",\"name\":\"Nh\u00e0 s\u1ea3n xu\u1ea5t m\u00e1y c\u1ea5p li\u1ec7u c\u00f4ng nghi\u1ec7p\",\"description\":\"Nh\u00e0 cung c\u1ea5p robot, m\u00e1y c\u1ea5p li\u1ec7u linh ho\u1ea1t, m\u00e1y c\u1ea5p li\u1ec7u ly t\u00e2m, m\u00e1y c\u1ea5p li\u1ec7u rung t\u1ef1 \u0111\u1ed9ng\",\"potentialAction\":[{\"@type\":\"SearchAction\",\"target\":{\"@type\":\"EntryPoint\",\"urlTemplate\":\"https:\/\/swoer.vn\/?s={search_term_string}\"},\"query-input\":{\"@type\":\"PropertyValueSpecification\",\"valueRequired\":true,\"valueName\":\"search_term_string\"}}],\"inLanguage\":\"ja\"}]}<\/script>\n<!-- \/ Yoast SEO plugin. -->","yoast_head_json":{"title":"B\u1ed9 c\u1ea5p li\u1ec7u b\u1eadc thang - Nh\u00e0 s\u1ea3n xu\u1ea5t m\u00e1y c\u1ea5p li\u1ec7u c\u00f4ng nghi\u1ec7p","description":"B\u1ed9 c\u1ea5p li\u1ec7u b\u1eadc thang SWOER: Gi\u1ea3i ph\u00e1p t\u1ef1 \u0111\u1ed9ng h\u00f3a t\u00f9y ch\u1ec9nh cho m\u1ecdi d\u00e2y chuy\u1ec1n. Thi\u1ebft k\u1ebf t\u1ed1i \u01b0u n\u0103ng su\u1ea5t, ti\u1ebft ki\u1ec7m n\u0103ng l\u01b0\u1ee3ng v\u00e0 ho\u1ea1t \u0111\u1ed9ng b\u1ec1n b\u1ec9 24\/7.","robots":{"index":"index","follow":"follow","max-snippet":"max-snippet:-1","max-image-preview":"max-image-preview:large","max-video-preview":"max-video-preview:-1"},"canonical":"https:\/\/swoer.vn\/ja\/manufacturer\/bo-cap-lieu-bac-thang\/","og_locale":"ja_JP","og_type":"article","og_title":"B\u1ed9 c\u1ea5p li\u1ec7u b\u1eadc thang - Nh\u00e0 s\u1ea3n xu\u1ea5t m\u00e1y c\u1ea5p li\u1ec7u c\u00f4ng nghi\u1ec7p","og_description":"B\u1ed9 c\u1ea5p li\u1ec7u b\u1eadc thang SWOER: Gi\u1ea3i ph\u00e1p t\u1ef1 \u0111\u1ed9ng h\u00f3a t\u00f9y ch\u1ec9nh cho m\u1ecdi d\u00e2y chuy\u1ec1n. Thi\u1ebft k\u1ebf t\u1ed1i \u01b0u n\u0103ng su\u1ea5t, ti\u1ebft ki\u1ec7m n\u0103ng l\u01b0\u1ee3ng v\u00e0 ho\u1ea1t \u0111\u1ed9ng b\u1ec1n b\u1ec9 24\/7.","og_url":"https:\/\/swoer.vn\/ja\/manufacturer\/bo-cap-lieu-bac-thang\/","og_site_name":"Nh\u00e0 s\u1ea3n xu\u1ea5t m\u00e1y c\u1ea5p li\u1ec7u c\u00f4ng nghi\u1ec7p","article_modified_time":"2026-04-04T01:40:38+00:00","og_image":[{"width":800,"height":800,"url":"https:\/\/swoer.vn\/wp-content\/uploads\/2026\/04\/Bo-cap-lieu-bac-thang.png","type":"image\/png"}],"twitter_card":"summary_large_image","twitter_misc":{"\u63a8\u5b9a\u8aad\u307f\u53d6\u308a\u6642\u9593":"2\u5206"},"schema":{"@context":"https:\/\/schema.org","@graph":[{"@type":"WebPage","@id":"https:\/\/swoer.vn\/manufacturer\/bo-cap-lieu-bac-thang\/","url":"https:\/\/swoer.vn\/manufacturer\/bo-cap-lieu-bac-thang\/","name":"B\u1ed9 c\u1ea5p li\u1ec7u b\u1eadc thang - Nh\u00e0 s\u1ea3n xu\u1ea5t m\u00e1y c\u1ea5p li\u1ec7u c\u00f4ng nghi\u1ec7p","isPartOf":{"@id":"https:\/\/swoer.vn\/#website"},"primaryImageOfPage":{"@id":"https:\/\/swoer.vn\/manufacturer\/bo-cap-lieu-bac-thang\/#primaryimage"},"image":{"@id":"https:\/\/swoer.vn\/manufacturer\/bo-cap-lieu-bac-thang\/#primaryimage"},"thumbnailUrl":"https:\/\/swoer.vn\/wp-content\/uploads\/2026\/04\/Bo-cap-lieu-bac-thang.png","datePublished":"2026-04-04T01:40:36+00:00","dateModified":"2026-04-04T01:40:38+00:00","description":"B\u1ed9 c\u1ea5p li\u1ec7u b\u1eadc thang SWOER: Gi\u1ea3i ph\u00e1p t\u1ef1 \u0111\u1ed9ng h\u00f3a t\u00f9y ch\u1ec9nh cho m\u1ecdi d\u00e2y chuy\u1ec1n. Thi\u1ebft k\u1ebf t\u1ed1i \u01b0u n\u0103ng su\u1ea5t, ti\u1ebft ki\u1ec7m n\u0103ng l\u01b0\u1ee3ng v\u00e0 ho\u1ea1t \u0111\u1ed9ng b\u1ec1n b\u1ec9 24\/7.","breadcrumb":{"@id":"https:\/\/swoer.vn\/manufacturer\/bo-cap-lieu-bac-thang\/#breadcrumb"},"inLanguage":"ja","potentialAction":[{"@type":"ReadAction","target":["https:\/\/swoer.vn\/manufacturer\/bo-cap-lieu-bac-thang\/"]}]},{"@type":"ImageObject","inLanguage":"ja","@id":"https:\/\/swoer.vn\/manufacturer\/bo-cap-lieu-bac-thang\/#primaryimage","url":"https:\/\/swoer.vn\/wp-content\/uploads\/2026\/04\/Bo-cap-lieu-bac-thang.png","contentUrl":"https:\/\/swoer.vn\/wp-content\/uploads\/2026\/04\/Bo-cap-lieu-bac-thang.png","width":800,"height":800,"caption":"Bo\u0323\u0302 ca\u0302\u0301p lie\u0323\u0302u ba\u0323\u0302c thang"},{"@type":"BreadcrumbList","@id":"https:\/\/swoer.vn\/manufacturer\/bo-cap-lieu-bac-thang\/#breadcrumb","itemListElement":[{"@type":"ListItem","position":1,"name":"Home","item":"https:\/\/swoer.vn\/"},{"@type":"ListItem","position":2,"name":"S\u1ea3n ph\u1ea9m","item":"https:\/\/swoer.vn\/shop\/"},{"@type":"ListItem","position":3,"name":"B\u1ed9 c\u1ea5p li\u1ec7u b\u1eadc thang"}]},{"@type":"WebSite","@id":"https:\/\/swoer.vn\/#website","url":"https:\/\/swoer.vn\/","name":"\u5de5\u696d\u7528\u30d5\u30a3\u30fc\u30c0\u30fc\u30e1\u30fc\u30ab\u30fc","description":"\u30ed\u30dc\u30c3\u30c8\u3001\u30d5\u30ec\u30ad\u30b7\u30d6\u30eb\u30d5\u30a3\u30fc\u30c0\u30fc\u3001\u9060\u5fc3\u30d5\u30a3\u30fc\u30c0\u30fc\u3001\u81ea\u52d5\u632f\u52d5\u30d5\u30a3\u30fc\u30c0\u30fc\u306e\u30b5\u30d7\u30e9\u30a4\u30e4\u30fc","potentialAction":[{"@type":"SearchAction","target":{"@type":"EntryPoint","urlTemplate":"https:\/\/swoer.vn\/?s={search_term_string}"},"query-input":{"@type":"PropertyValueSpecification","valueRequired":true,"valueName":"search_term_string"}}],"inLanguage":"ja"}]}},"_links":{"self":[{"href":"https:\/\/swoer.vn\/ja\/wp-json\/wp\/v2\/product\/8219","targetHints":{"allow":["GET"]}}],"collection":[{"href":"https:\/\/swoer.vn\/ja\/wp-json\/wp\/v2\/product"}],"about":[{"href":"https:\/\/swoer.vn\/ja\/wp-json\/wp\/v2\/types\/product"}],"replies":[{"embeddable":true,"href":"https:\/\/swoer.vn\/ja\/wp-json\/wp\/v2\/comments?post=8219"}],"wp:featuredmedia":[{"embeddable":true,"href":"https:\/\/swoer.vn\/ja\/wp-json\/wp\/v2\/media\/8220"}],"wp:attachment":[{"href":"https:\/\/swoer.vn\/ja\/wp-json\/wp\/v2\/media?parent=8219"}],"wp:term":[{"taxonomy":"product_brand","embeddable":true,"href":"https:\/\/swoer.vn\/ja\/wp-json\/wp\/v2\/product_brand?post=8219"},{"taxonomy":"product_cat","embeddable":true,"href":"https:\/\/swoer.vn\/ja\/wp-json\/wp\/v2\/product_cat?post=8219"},{"taxonomy":"product_tag","embeddable":true,"href":"https:\/\/swoer.vn\/ja\/wp-json\/wp\/v2\/product_tag?post=8219"}],"curies":[{"name":"wp","href":"https:\/\/api.w.org\/{rel}","templated":true}]}}