{"id":8142,"date":"2026-03-30T14:36:40","date_gmt":"2026-03-30T07:36:40","guid":{"rendered":"https:\/\/swoer.vn\/?post_type=product&#038;p=8142"},"modified":"2026-03-30T14:36:41","modified_gmt":"2026-03-30T07:36:41","slug":"bo-dieu-khien-rung-sdvc31-xlr","status":"publish","type":"product","link":"https:\/\/swoer.vn\/ja\/manufacturer\/bo-dieu-khien-rung-sdvc31-xlr\/","title":{"rendered":"B\u1ed9 \u0111i\u1ec1u khi\u1ec3n rung SDVC31-XLR"},"content":{"rendered":"<h3><b>\u0110\u1eb7c \u0111i\u1ec3m n\u1ed5i b\u1eadt<\/b><\/h3>\n<ul>\n<li style=\"font-weight: 400;\" aria-level=\"1\"><b>Ch\u1ee9ng nh\u1eadn qu\u1ed1c t\u1ebf:<\/b><span style=\"font-weight: 400;\"> \u0110\u1ea1t chu\u1ea9n <\/span><b>CE<\/b><span style=\"font-weight: 400;\"> \u305d\u3057\u3066 <\/span><b>RoHS<\/b><span style=\"font-weight: 400;\">, \u0111\u1ea3m b\u1ea3o an to\u00e0n v\u00e0 th\u00e2n thi\u1ec7n v\u1edbi m\u00f4i tr\u01b0\u1eddng.<\/span><\/li>\n<li style=\"font-weight: 400;\" aria-level=\"1\"><b>\u0110i\u1ec1u ch\u1ec9nh t\u1ea7n s\u1ed1 linh ho\u1ea1t:<\/b><span style=\"font-weight: 400;\"> T\u1ea7n s\u1ed1 \u0111\u1ea7u ra c\u00f3 th\u1ec3 \u0111i\u1ec1u ch\u1ec9nh th\u1ee7 c\u00f4ng \u0111\u1ec3 t\u00ecm ra \u0111i\u1ec3m c\u1ed9ng h\u01b0\u1edfng t\u1ed1i \u01b0u c\u1ee7a ph\u1ec5u rung, gi\u00fap m\u00e1y ch\u1ea1y \u00eam, m\u01b0\u1ee3t v\u00e0 c\u1ef1c k\u1ef3 ti\u1ebft ki\u1ec7m \u0111i\u1ec7n.<\/span><\/li>\n<li style=\"font-weight: 400;\" aria-level=\"1\"><b>\u1ed4n \u00e1p t\u1ef1 \u0111\u1ed9ng \u0111\u1ed9 ch\u00ednh x\u00e1c cao:<\/b><span style=\"font-weight: 400;\"> M\u1ea1ch \u0111i\u1ec1u \u00e1p k\u1ef9 thu\u1eadt s\u1ed1 b\u00ean trong lo\u1ea1i b\u1ecf t\u00ecnh tr\u1ea1ng t\u1ed1c \u0111\u1ed9 c\u1ea5p li\u1ec7u thay \u0111\u1ed5i khi \u0111i\u1ec7n \u00e1p ngu\u1ed3n ch\u1eadp ch\u1eddn.<\/span><\/li>\n<li style=\"font-weight: 400;\" aria-level=\"1\"><b>Kh\u1edfi \u0111\u1ed9ng m\u1ec1m (Soft Start) t\u00f9y ch\u1ec9nh:<\/b><span style=\"font-weight: 400;\"> \u0110i\u1ec7n \u00e1p s\u1ebd t\u0103ng d\u1ea7n t\u1eeb 0 \u0111\u1ebfn gi\u00e1 tr\u1ecb thi\u1ebft l\u1eadp khi b\u1eadt ngu\u1ed3n \u0111\u1ec3 tr\u00e1nh hi\u1ec7n t\u01b0\u1ee3ng rung l\u1eafc \u0111\u1ed9t ng\u1ed9t. Th\u1eddi gian kh\u1edfi \u0111\u1ed9ng c\u00f3 th\u1ec3 c\u00e0i \u0111\u1eb7t b\u1eb1ng s\u1ed1.<\/span><\/li>\n<li style=\"font-weight: 400;\" aria-level=\"1\"><b>H\u1ed7 tr\u1ee3 c\u1ea3m bi\u1ebfn th\u00f4ng minh:<\/b><span style=\"font-weight: 400;\"> K\u1ebft n\u1ed1i \u0111\u01b0\u1ee3c v\u1edbi c\u1ea3m bi\u1ebfn NPN, PLC ho\u1eb7c c\u1ea3m bi\u1ebfn quang \u0111i\u1ec7n th\u00f4ng minh CUH \u0111\u1ec3 \u0111i\u1ec1u khi\u1ec3n b\u1eadt\/t\u1eaft t\u1ef1 \u0111\u1ed9ng.<\/span><\/li>\n<li style=\"font-weight: 400;\" aria-level=\"1\"><b>\u30ea\u30e2\u30fc\u30c8\u901f\u5ea6\u5236\u5fa1:<\/b><span style=\"font-weight: 400;\"> Cho ph\u00e9p \u0111i\u1ec1u ch\u1ec9nh \u0111i\u1ec7n \u00e1p \u0111\u1ea7u ra th\u00f4ng qua chi\u1ebft \u00e1p b\u00ean ngo\u00e0i, PLC ho\u1eb7c t\u00edn hi\u1ec7u \u0111i\u1ec7n \u00e1p 1-5V DC.<\/span><\/li>\n<li style=\"font-weight: 400;\" aria-level=\"1\"><b>DC\u5236\u5fa1\u51fa\u529b:<\/b><span style=\"font-weight: 400;\"> Cung c\u1ea5p ngu\u1ed3n DC \u0111i\u1ec7n \u00e1p th\u1ea5p \u0111\u1ed3ng b\u1ed9 v\u1edbi tr\u1ea1ng th\u00e1i b\u1eadt\/t\u1eaft c\u1ee7a b\u1ed9 \u0111i\u1ec1u khi\u1ec3n \u0111\u1ec3 ch\u1ea1y van \u0111i\u1ec7n t\u1eeb ho\u1eb7c c\u00e1c thi\u1ebft b\u1ecb ngo\u1ea1i vi kh\u00e1c.<\/span><\/li>\n<\/ul>\n<h3><b>H\u1ec7 th\u1ed1ng b\u1ea3o v\u1ec7 an to\u00e0n<\/b><\/h3>\n<ul>\n<li style=\"font-weight: 400;\" aria-level=\"1\"><b>\u30ad\u30fc\u30dc\u30fc\u30c9\u30ed\u30c3\u30af:<\/b><span style=\"font-weight: 400;\"> Nh\u1ea5n gi\u1eef n\u00fat ON\/OFF trong 2 gi\u00e2y \u0111\u1ec3 kh\u00f3a to\u00e0n b\u1ed9 ph\u00edm b\u1ea5m, tr\u00e1nh t\u00ecnh tr\u1ea1ng c\u00e0i \u0111\u1eb7t sai ngo\u00e0i \u00fd mu\u1ed1n.<\/span><\/li>\n<li style=\"font-weight: 400;\" aria-level=\"1\"><b>\u904e\u71b1\u4fdd\u8b77:<\/b><span style=\"font-weight: 400;\"> T\u1ef1 \u0111\u1ed9ng ng\u1eaft \u0111\u1ea7u ra khi nhi\u1ec7t \u0111\u1ed9 b\u00ean trong thi\u1ebft b\u1ecb qu\u00e1 cao.<\/span><\/li>\n<li style=\"font-weight: 400;\" aria-level=\"1\"><b>\u904e\u96fb\u6d41\u4fdd\u8b77:<\/b><span style=\"font-weight: 400;\"> Ng\u1eaft \u0111\u1ea7u ra khi d\u00f2ng v\u01b0\u1ee3t m\u1ee9c \u0111\u1ecbnh m\u1ee9c \u0111\u1ec3 b\u1ea3o v\u1ec7 c\u1ea3 b\u1ed9 \u0111i\u1ec1u khi\u1ec3n v\u00e0 ph\u1ec5u rung.<\/span><\/li>\n<li style=\"font-weight: 400;\" aria-level=\"1\"><b>Ch\u1ed1ng ng\u1eafn m\u1ea1ch t\u1ef1 ph\u1ee5c h\u1ed3i:<\/b><span style=\"font-weight: 400;\"> Khi x\u1ea3y ra ng\u1eafn m\u1ea1ch \u0111\u1ea7u ra, thi\u1ebft b\u1ecb s\u1ebd t\u1ef1 ng\u1eaft m\u00e0 kh\u00f4ng l\u00e0m ch\u00e1y c\u1ea7u ch\u00ec. Sau khi x\u1eed l\u00fd ng\u1eafn m\u1ea1ch, ch\u1ec9 c\u1ea7n kh\u1edfi \u0111\u1ed9ng l\u1ea1i l\u00e0 thi\u1ebft b\u1ecb ho\u1ea1t \u0111\u1ed9ng b\u00ecnh th\u01b0\u1eddng.<\/span><\/li>\n<li style=\"font-weight: 400;\" aria-level=\"1\"><b>Gi\u1edbi h\u1ea1n \u00e1p \u0111\u1ea7u ra t\u1ed1i \u0111a:<\/b><span style=\"font-weight: 400;\"> Thi\u1ebft l\u1eadp m\u1ee9c \u0111i\u1ec7n \u00e1p tr\u1ea7n \u0111\u1ec3 b\u1ea3o v\u1ec7 ph\u1ec5u rung kh\u1ecfi h\u01b0 h\u1ecfng do \u00e1p qu\u00e1 cao.<\/span><\/li>\n<\/ul>\n<h3><b>Th\u00f4ng s\u1ed1 k\u1ef9 thu\u1eadt &amp; Ph\u1ee5 ki\u1ec7n<\/b><\/h3>\n<table>\n<tbody>\n<tr>\n<td><b>H\u1ea1ng m\u1ee5c<\/b><\/td>\n<td><b>Th\u00f4ng tin chi ti\u1ebft<\/b><\/td>\n<\/tr>\n<tr>\n<td><b>\u30b5\u30a4\u30ba<\/b><\/td>\n<td><span style=\"font-weight: 400;\">190 x 53.6 x 94.5 (D\u00e0i x R\u1ed9ng x Cao, mm)<\/span><\/td>\n<\/tr>\n<tr>\n<td><b>\u91cd\u3055<\/b><\/td>\n<td><span style=\"font-weight: 400;\">610g (Ch\u01b0a bao g\u1ed3m ph\u1ee5 ki\u1ec7n)<\/span><\/td>\n<\/tr>\n<tr>\n<td><b>Ph\u1ee5 ki\u1ec7n ti\u00eau chu\u1ea9n<\/b><\/td>\n<td><span style=\"font-weight: 400;\">01 C\u00e1p ngu\u1ed3n \u0111\u1ea7u v\u00e0o (1.5m), 01 C\u00e1p ngu\u1ed3n \u0111\u1ea7u ra (1.5m)<\/span><\/td>\n<\/tr>\n<tr>\n<td><b>Ph\u1ee5 ki\u1ec7n t\u00f9y ch\u1ecdn<\/b><\/td>\n<td><span style=\"font-weight: 400;\">C\u1ea3m bi\u1ebfn quang \u0111i\u1ec7n th\u00f4ng minh (1.5m)<\/span><\/td>\n<\/tr>\n<\/tbody>\n<\/table>\n<h3><b>B\u1ea3ng th\u00f4ng s\u1ed1 k\u1ef9 thu\u1eadt<\/b><\/h3>\n<table>\n<tbody>\n<tr>\n<td><b>H\u1ea1ng m\u1ee5c<\/b><\/td>\n<td><b>Ph\u1ea1m vi (Min \/ Typical \/ Max)<\/b><\/td>\n<td><b>\u30e6\u30cb\u30c3\u30c8<\/b><\/td>\n<td><b>M\u00f4 t\u1ea3 chi ti\u1ebft<\/b><\/td>\n<\/tr>\n<tr>\n<td><b>\u5165\u529b\u96fb\u5727<\/b><\/td>\n<td><span style=\"font-weight: 400;\">85 \/ 220 \/ 260<\/span><\/td>\n<td><span style=\"font-weight: 400;\">\u4e94<\/span><\/td>\n<td><span style=\"font-weight: 400;\">AC RMS (Gi\u00e1 tr\u1ecb hi\u1ec7u d\u1ee5ng)<\/span><\/td>\n<\/tr>\n<tr>\n<td><b>D\u1ea3i \u0111i\u1ec1u ch\u1ec9nh \u0111i\u1ec7n \u00e1p \u0111\u1ea7u ra<\/b><\/td>\n<td><span style=\"font-weight: 400;\">0 \/ \u2014 \/ 260<\/span><\/td>\n<td><span style=\"font-weight: 400;\">\u4e94<\/span><\/td>\n<td><span style=\"font-weight: 400;\">Th\u1ea5p h\u01a1n 150% \u0111i\u1ec7n \u00e1p \u0111\u1ea7u v\u00e0o<\/span><\/td>\n<\/tr>\n<tr>\n<td><b>\u96fb\u5727\u8abf\u6574\u7cbe\u5ea6<\/b><\/td>\n<td><span style=\"font-weight: 400;\">1 \/ \/<\/span><\/td>\n<td><span style=\"font-weight: 400;\">\u4e94<\/span><\/td>\n<td><\/td>\n<\/tr>\n<tr>\n<td><b>\u0110\u1ed9 ch\u00ednh x\u00e1c \u1ed5n \u0111\u1ecbnh \u0111i\u1ec7n \u00e1p<\/b><\/td>\n<td><span style=\"font-weight: 400;\">0 \/ \u2014 \/ 10<\/span><\/td>\n<td><span style=\"font-weight: 400;\">%<\/span><\/td>\n<td><span style=\"font-weight: 400;\">$\\Delta Vout \/ \\Delta Vin$<\/span><\/td>\n<\/tr>\n<tr>\n<td><b>Th\u1eddi gian \u0111\u00e1p \u1ee9ng \u1ed5n \u00e1p<\/b><\/td>\n<td><span style=\"font-weight: 400;\">0.0025 \/ \u2014 \/ 0.025<\/span><\/td>\n<td><span style=\"font-weight: 400;\">S<\/span><\/td>\n<td><span style=\"font-weight: 400;\">Theo chu k\u1ef3 \u0111i\u1ec7n \u00e1p \u0111\u1ea7u ra<\/span><\/td>\n<\/tr>\n<tr>\n<td><b>D\u1ea3i \u0111i\u1ec1u ch\u1ec9nh d\u00f2ng \u0111i\u1ec7n \u0111\u1ea7u ra<\/b><\/td>\n<td><span style=\"font-weight: 400;\">0 \/ \u2014 \/ 1.5<\/span><\/td>\n<td><span style=\"font-weight: 400;\">\u3042<\/span><\/td>\n<td><span style=\"font-weight: 400;\">C\u00f4ng su\u1ea5t th\u1ea5p (Low power)<\/span><\/td>\n<\/tr>\n<tr>\n<td><\/td>\n<td><span style=\"font-weight: 400;\">0 \/ \u2014 \/ 3<\/span><\/td>\n<td><span style=\"font-weight: 400;\">\u3042<\/span><\/td>\n<td><span style=\"font-weight: 400;\">C\u00f4ng su\u1ea5t trung b\u00ecnh (Medium power)<\/span><\/td>\n<\/tr>\n<tr>\n<td><b>C\u00f4ng su\u1ea5t \u0111\u1ea7u ra<\/b><\/td>\n<td><span style=\"font-weight: 400;\">0 \/ \u2014 \/ 330<\/span><\/td>\n<td><span style=\"font-weight: 400;\">VA<\/span><\/td>\n<td><span style=\"font-weight: 400;\">C\u00f4ng su\u1ea5t th\u1ea5p (Low power)<\/span><\/td>\n<\/tr>\n<tr>\n<td><\/td>\n<td><span style=\"font-weight: 400;\">0 \/ \u2014 \/ 660<\/span><\/td>\n<td><span style=\"font-weight: 400;\">VA<\/span><\/td>\n<td><span style=\"font-weight: 400;\">C\u00f4ng su\u1ea5t trung b\u00ecnh (Medium power)<\/span><\/td>\n<\/tr>\n<tr>\n<td><b>\u51fa\u529b\u5468\u6ce2\u6570<\/b><\/td>\n<td><span style=\"font-weight: 400;\">40 \/ \u2014 \/ 400<\/span><\/td>\n<td><span style=\"font-weight: 400;\">\u30d8\u30eb\u30c4<\/span><\/td>\n<td><\/td>\n<\/tr>\n<tr>\n<td><b>\u5468\u6ce2\u6570\u8abf\u6574\u7cbe\u5ea6<\/b><\/td>\n<td><span style=\"font-weight: 400;\">0.1 \/ \/<\/span><\/td>\n<td><span style=\"font-weight: 400;\">\u30d8\u30eb\u30c4<\/span><\/td>\n<td><\/td>\n<\/tr>\n<tr>\n<td><b>\u51fa\u529b\u6ce2\u5f62<\/b><\/td>\n<td><span style=\"font-weight: 400;\">S\u00f3ng Sin (Sine)<\/span><\/td>\n<td><\/td>\n<td><\/td>\n<\/tr>\n<tr>\n<td><b>Th\u1eddi gian kh\u1edfi \u0111\u1ed9ng m\u1ec1m<\/b><\/td>\n<td><span style=\"font-weight: 400;\">0 \/ \u2014 \/ 10<\/span><\/td>\n<td><span style=\"font-weight: 400;\">S<\/span><\/td>\n<td><span style=\"font-weight: 400;\">M\u1eb7c \u0111\u1ecbnh nh\u00e0 m\u00e1y: 0.5s<\/span><\/td>\n<\/tr>\n<tr>\n<td><b>D\u1ea3i th\u1eddi gian tr\u1ec5 On\/Off<\/b><\/td>\n<td><span style=\"font-weight: 400;\">0 \/ \u2014 \/ 20<\/span><\/td>\n<td><span style=\"font-weight: 400;\">S<\/span><\/td>\n<td><span style=\"font-weight: 400;\">M\u1eb7c \u0111\u1ecbnh nh\u00e0 m\u00e1y: 0.2s<\/span><\/td>\n<\/tr>\n<tr>\n<td><b>\u9045\u5ef6\u6642\u9593\u306e\u7cbe\u5ea6<\/b><\/td>\n<td><span style=\"font-weight: 400;\">0.1 \/ \/<\/span><\/td>\n<td><span style=\"font-weight: 400;\">S<\/span><\/td>\n<td><\/td>\n<\/tr>\n<tr>\n<td><b>Nhi\u1ec7t \u0111\u1ed9 k\u00edch ho\u1ea1t b\u1ea3o v\u1ec7 qu\u00e1 nhi\u1ec7t<\/b><\/td>\n<td><span style=\"font-weight: 400;\">58 \/ 60 \/ 66<\/span><\/td>\n<td><span style=\"font-weight: 400;\">\u00b0C<\/span><\/td>\n<td><\/td>\n<\/tr>\n<tr>\n<td><b>DC\u5236\u5fa1\u51fa\u529b\u96fb\u6d41<\/b><\/td>\n<td><span style=\"font-weight: 400;\">0 \/ \u2014 \/ 200<\/span><\/td>\n<td><span style=\"font-weight: 400;\">\u304a\u3070\u3051<\/span><\/td>\n<td><\/td>\n<\/tr>\n<tr>\n<td><b>T\u00edn hi\u1ec7u \u0111i\u1ec1u khi\u1ec3n Analog<\/b><\/td>\n<td><span style=\"font-weight: 400;\">1 &#8211; 5 \/ \/<\/span><\/td>\n<td><span style=\"font-weight: 400;\">\u4e94<\/span><\/td>\n<td><span style=\"font-weight: 400;\">\u30ea\u30e2\u30fc\u30c8\u901f\u5ea6\u5236\u5fa1\u96fb\u5727<\/span><\/td>\n<\/tr>\n<tr>\n<td><b>\u30c7\u30b8\u30bf\u30eb\u5236\u5fa1\u4fe1\u53f7<\/b><\/td>\n<td><span style=\"font-weight: 400;\">24 \/ \/<\/span><\/td>\n<td><span style=\"font-weight: 400;\">\u4e94<\/span><\/td>\n<td><span style=\"font-weight: 400;\">T\u00edn hi\u1ec7u \u0111\u00f3ng c\u1eaft (Switching signal)<\/span><\/td>\n<\/tr>\n<tr>\n<td><b>Ph\u01b0\u01a1ng th\u1ee9c \u0111i\u1ec1u ch\u1ec9nh<\/b><\/td>\n<td><span style=\"font-weight: 400;\">6 \/ \/<\/span><\/td>\n<td><span style=\"font-weight: 400;\">N\u00fat<\/span><\/td>\n<td><span style=\"font-weight: 400;\">\u0110i\u1ec1u ch\u1ec9nh b\u1eb1ng n\u00fat b\u1ea5m (Button)<\/span><\/td>\n<\/tr>\n<tr>\n<td><b>Ti\u00eau th\u1ee5 \u0111i\u1ec7n n\u0103ng \u1edf ch\u1ebf \u0111\u1ed9 ch\u1edd<\/b><\/td>\n<td><span style=\"font-weight: 400;\">\u2014 \/ 3 \/<\/span><\/td>\n<td><span style=\"font-weight: 400;\">\u308f<\/span><\/td>\n<td><\/td>\n<\/tr>\n<tr>\n<td><b>Ph\u01b0\u01a1ng th\u1ee9c hi\u1ec3n th\u1ecb<\/b><\/td>\n<td><span style=\"font-weight: 400;\">5 \/ \/<\/span><\/td>\n<td><span style=\"font-weight: 400;\">Ch\u1eef s\u1ed1<\/span><\/td>\n<td><span style=\"font-weight: 400;\">LED 7 thanh (LED Digital Tubes)<\/span><\/td>\n<\/tr>\n<tr>\n<td><b>Nhi\u1ec7t \u0111\u1ed9 m\u00f4i tr\u01b0\u1eddng<\/b><\/td>\n<td><span style=\"font-weight: 400;\">0 \/ 25 \/ 40<\/span><\/td>\n<td><span style=\"font-weight: 400;\">\u00b0C<\/span><\/td>\n<td><\/td>\n<\/tr>\n<tr>\n<td><b>\u0110\u1ed9 \u1ea9m m\u00f4i tr\u01b0\u1eddng<\/b><\/td>\n<td><span style=\"font-weight: 400;\">10 \/ 60 \/ 85<\/span><\/td>\n<td><span style=\"font-weight: 400;\">%<\/span><\/td>\n<td><span style=\"font-weight: 400;\">\u7d50\u9732\u306a\u3057<\/span><\/td>\n<\/tr>\n<\/tbody>\n<\/table>\n<p>&nbsp;<\/p>","protected":false},"excerpt":{"rendered":"<p><b>SDVC31-XLR<\/b><span style=\"font-weight: 400;\"> l\u00e0 d\u00f2ng b\u1ed9 \u0111i\u1ec1u khi\u1ec3n ph\u1ec5u rung cao c\u1ea5p \u0111\u1ea1t ch\u1ee9ng nh\u1eadn <\/span><b>CE<\/b><span style=\"font-weight: 400;\"> v\u00e0 tu\u00e2n th\u1ee7 ti\u00eau chu\u1ea9n <\/span><b>RoHS<\/b><span style=\"font-weight: 400;\">. Thi\u1ebft b\u1ecb cho ph\u00e9p \u0111i\u1ec1u ch\u1ec9nh t\u1ea7n s\u1ed1 th\u1ee7 c\u00f4ng \u0111\u1ec3 \u0111\u1ea1t tr\u1ea1ng th\u00e1i c\u1ea5p li\u1ec7u m\u01b0\u1ee3t m\u00e0 nh\u1ea5t, \u0111\u1ed3ng th\u1eddi t\u00edch h\u1ee3p m\u1ea1ch \u1ed5n \u00e1p t\u1ef1 \u0111\u1ed9ng gi\u00fap h\u1ec7 th\u1ed1ng lu\u00f4n v\u1eadn h\u00e0nh \u1ed5n \u0111\u1ecbnh b\u1ea5t ch\u1ea5p s\u1ef1 bi\u1ebfn \u0111\u1ed9ng c\u1ee7a \u0111i\u1ec7n l\u01b0\u1edbi.<\/span><\/p>","protected":false},"featured_media":8143,"comment_status":"open","ping_status":"closed","template":"","meta":[],"product_brand":[],"product_cat":[86],"product_tag":[158,220,219],"class_list":{"0":"post-8142","1":"product","2":"type-product","3":"status-publish","4":"has-post-thumbnail","6":"product_cat-bo-dieu-khien-nap-rung","7":"product_tag-bo-dieu-khien-rung","8":"product_tag-dieu-khien-cuh","9":"product_tag-dieu-khien-pheu-rung","11":"first","12":"instock","13":"shipping-taxable","14":"product-type-simple"},"yoast_head":"<!-- This site is optimized with the Yoast SEO plugin v26.0 - https:\/\/yoast.com\/wordpress\/plugins\/seo\/ -->\n<title>B\u1ed9 \u0111i\u1ec1u khi\u1ec3n rung SDVC31-XLR - Nh\u00e0 s\u1ea3n xu\u1ea5t m\u00e1y c\u1ea5p li\u1ec7u c\u00f4ng nghi\u1ec7p<\/title>\n<meta name=\"description\" content=\"B\u1ed9 \u0111i\u1ec1u khi\u1ec3n SDVC31-XLR d\u1ea3i t\u1ea7n linh ho\u1ea1t, \u1ed5n \u00e1p t\u1ef1 \u0111\u1ed9ng, \u0111\u1ea1t chu\u1ea9n CE\/RoHS. T\u00ednh n\u0103ng kh\u1edfi \u0111\u1ed9ng m\u1ec1m, b\u1ea3o v\u1ec7 ng\u1eafn m\u1ea1ch v\u00e0 h\u1ed7 tr\u1ee3 c\u1ea3m bi\u1ebfn\" \/>\n<meta name=\"robots\" content=\"index, follow, max-snippet:-1, max-image-preview:large, max-video-preview:-1\" \/>\n<link rel=\"canonical\" href=\"https:\/\/swoer.vn\/ja\/manufacturer\/bo-dieu-khien-rung-sdvc31-xlr\/\" \/>\n<meta property=\"og:locale\" content=\"ja_JP\" \/>\n<meta property=\"og:type\" content=\"article\" \/>\n<meta property=\"og:title\" content=\"B\u1ed9 \u0111i\u1ec1u khi\u1ec3n rung SDVC31-XLR - Nh\u00e0 s\u1ea3n xu\u1ea5t m\u00e1y c\u1ea5p li\u1ec7u c\u00f4ng nghi\u1ec7p\" \/>\n<meta property=\"og:description\" content=\"B\u1ed9 \u0111i\u1ec1u khi\u1ec3n SDVC31-XLR d\u1ea3i t\u1ea7n linh ho\u1ea1t, \u1ed5n \u00e1p t\u1ef1 \u0111\u1ed9ng, \u0111\u1ea1t chu\u1ea9n CE\/RoHS. T\u00ednh n\u0103ng kh\u1edfi \u0111\u1ed9ng m\u1ec1m, b\u1ea3o v\u1ec7 ng\u1eafn m\u1ea1ch v\u00e0 h\u1ed7 tr\u1ee3 c\u1ea3m bi\u1ebfn\" \/>\n<meta property=\"og:url\" content=\"https:\/\/swoer.vn\/ja\/manufacturer\/bo-dieu-khien-rung-sdvc31-xlr\/\" \/>\n<meta property=\"og:site_name\" content=\"Nh\u00e0 s\u1ea3n xu\u1ea5t m\u00e1y c\u1ea5p li\u1ec7u c\u00f4ng nghi\u1ec7p\" \/>\n<meta property=\"article:modified_time\" content=\"2026-03-30T07:36:41+00:00\" \/>\n<meta property=\"og:image\" content=\"https:\/\/swoer.vn\/wp-content\/uploads\/2026\/03\/BO-DIEU-KHIEN-RUNG-SDVC31-XLR.png\" \/>\n\t<meta property=\"og:image:width\" content=\"800\" \/>\n\t<meta property=\"og:image:height\" content=\"800\" \/>\n\t<meta property=\"og:image:type\" content=\"image\/png\" \/>\n<meta name=\"twitter:card\" content=\"summary_large_image\" \/>\n<meta name=\"twitter:label1\" content=\"\u63a8\u5b9a\u8aad\u307f\u53d6\u308a\u6642\u9593\" \/>\n\t<meta name=\"twitter:data1\" content=\"5\u5206\" \/>\n<script type=\"application\/ld+json\" class=\"yoast-schema-graph\">{\"@context\":\"https:\/\/schema.org\",\"@graph\":[{\"@type\":\"WebPage\",\"@id\":\"https:\/\/swoer.vn\/manufacturer\/bo-dieu-khien-rung-sdvc31-xlr\/\",\"url\":\"https:\/\/swoer.vn\/manufacturer\/bo-dieu-khien-rung-sdvc31-xlr\/\",\"name\":\"B\u1ed9 \u0111i\u1ec1u khi\u1ec3n rung SDVC31-XLR - Nh\u00e0 s\u1ea3n xu\u1ea5t m\u00e1y c\u1ea5p li\u1ec7u c\u00f4ng nghi\u1ec7p\",\"isPartOf\":{\"@id\":\"https:\/\/swoer.vn\/#website\"},\"primaryImageOfPage\":{\"@id\":\"https:\/\/swoer.vn\/manufacturer\/bo-dieu-khien-rung-sdvc31-xlr\/#primaryimage\"},\"image\":{\"@id\":\"https:\/\/swoer.vn\/manufacturer\/bo-dieu-khien-rung-sdvc31-xlr\/#primaryimage\"},\"thumbnailUrl\":\"https:\/\/swoer.vn\/wp-content\/uploads\/2026\/03\/BO-DIEU-KHIEN-RUNG-SDVC31-XLR.png\",\"datePublished\":\"2026-03-30T07:36:40+00:00\",\"dateModified\":\"2026-03-30T07:36:41+00:00\",\"description\":\"B\u1ed9 \u0111i\u1ec1u khi\u1ec3n SDVC31-XLR d\u1ea3i t\u1ea7n linh ho\u1ea1t, \u1ed5n \u00e1p t\u1ef1 \u0111\u1ed9ng, \u0111\u1ea1t chu\u1ea9n CE\/RoHS. T\u00ednh n\u0103ng kh\u1edfi \u0111\u1ed9ng m\u1ec1m, b\u1ea3o v\u1ec7 ng\u1eafn m\u1ea1ch v\u00e0 h\u1ed7 tr\u1ee3 c\u1ea3m bi\u1ebfn\",\"breadcrumb\":{\"@id\":\"https:\/\/swoer.vn\/manufacturer\/bo-dieu-khien-rung-sdvc31-xlr\/#breadcrumb\"},\"inLanguage\":\"ja\",\"potentialAction\":[{\"@type\":\"ReadAction\",\"target\":[\"https:\/\/swoer.vn\/manufacturer\/bo-dieu-khien-rung-sdvc31-xlr\/\"]}]},{\"@type\":\"ImageObject\",\"inLanguage\":\"ja\",\"@id\":\"https:\/\/swoer.vn\/manufacturer\/bo-dieu-khien-rung-sdvc31-xlr\/#primaryimage\",\"url\":\"https:\/\/swoer.vn\/wp-content\/uploads\/2026\/03\/BO-DIEU-KHIEN-RUNG-SDVC31-XLR.png\",\"contentUrl\":\"https:\/\/swoer.vn\/wp-content\/uploads\/2026\/03\/BO-DIEU-KHIEN-RUNG-SDVC31-XLR.png\",\"width\":800,\"height\":800,\"caption\":\"B\u1ed9 \u0111i\u1ec1u khi\u1ec3n rung SDVC31-XLR\"},{\"@type\":\"BreadcrumbList\",\"@id\":\"https:\/\/swoer.vn\/manufacturer\/bo-dieu-khien-rung-sdvc31-xlr\/#breadcrumb\",\"itemListElement\":[{\"@type\":\"ListItem\",\"position\":1,\"name\":\"Home\",\"item\":\"https:\/\/swoer.vn\/\"},{\"@type\":\"ListItem\",\"position\":2,\"name\":\"S\u1ea3n ph\u1ea9m\",\"item\":\"https:\/\/swoer.vn\/shop\/\"},{\"@type\":\"ListItem\",\"position\":3,\"name\":\"B\u1ed9 \u0111i\u1ec1u khi\u1ec3n rung SDVC31-XLR\"}]},{\"@type\":\"WebSite\",\"@id\":\"https:\/\/swoer.vn\/#website\",\"url\":\"https:\/\/swoer.vn\/\",\"name\":\"Nh\u00e0 s\u1ea3n xu\u1ea5t m\u00e1y c\u1ea5p li\u1ec7u c\u00f4ng nghi\u1ec7p\",\"description\":\"Nh\u00e0 cung c\u1ea5p robot, m\u00e1y c\u1ea5p li\u1ec7u linh ho\u1ea1t, m\u00e1y c\u1ea5p li\u1ec7u ly t\u00e2m, m\u00e1y c\u1ea5p li\u1ec7u rung t\u1ef1 \u0111\u1ed9ng\",\"potentialAction\":[{\"@type\":\"SearchAction\",\"target\":{\"@type\":\"EntryPoint\",\"urlTemplate\":\"https:\/\/swoer.vn\/?s={search_term_string}\"},\"query-input\":{\"@type\":\"PropertyValueSpecification\",\"valueRequired\":true,\"valueName\":\"search_term_string\"}}],\"inLanguage\":\"ja\"}]}<\/script>\n<!-- \/ Yoast SEO plugin. -->","yoast_head_json":{"title":"B\u1ed9 \u0111i\u1ec1u khi\u1ec3n rung SDVC31-XLR - Nh\u00e0 s\u1ea3n xu\u1ea5t m\u00e1y c\u1ea5p li\u1ec7u c\u00f4ng nghi\u1ec7p","description":"B\u1ed9 \u0111i\u1ec1u khi\u1ec3n SDVC31-XLR d\u1ea3i t\u1ea7n linh ho\u1ea1t, \u1ed5n \u00e1p t\u1ef1 \u0111\u1ed9ng, \u0111\u1ea1t chu\u1ea9n CE\/RoHS. T\u00ednh n\u0103ng kh\u1edfi \u0111\u1ed9ng m\u1ec1m, b\u1ea3o v\u1ec7 ng\u1eafn m\u1ea1ch v\u00e0 h\u1ed7 tr\u1ee3 c\u1ea3m bi\u1ebfn","robots":{"index":"index","follow":"follow","max-snippet":"max-snippet:-1","max-image-preview":"max-image-preview:large","max-video-preview":"max-video-preview:-1"},"canonical":"https:\/\/swoer.vn\/ja\/manufacturer\/bo-dieu-khien-rung-sdvc31-xlr\/","og_locale":"ja_JP","og_type":"article","og_title":"B\u1ed9 \u0111i\u1ec1u khi\u1ec3n rung SDVC31-XLR - Nh\u00e0 s\u1ea3n xu\u1ea5t m\u00e1y c\u1ea5p li\u1ec7u c\u00f4ng nghi\u1ec7p","og_description":"B\u1ed9 \u0111i\u1ec1u khi\u1ec3n SDVC31-XLR d\u1ea3i t\u1ea7n linh ho\u1ea1t, \u1ed5n \u00e1p t\u1ef1 \u0111\u1ed9ng, \u0111\u1ea1t chu\u1ea9n CE\/RoHS. T\u00ednh n\u0103ng kh\u1edfi \u0111\u1ed9ng m\u1ec1m, b\u1ea3o v\u1ec7 ng\u1eafn m\u1ea1ch v\u00e0 h\u1ed7 tr\u1ee3 c\u1ea3m bi\u1ebfn","og_url":"https:\/\/swoer.vn\/ja\/manufacturer\/bo-dieu-khien-rung-sdvc31-xlr\/","og_site_name":"Nh\u00e0 s\u1ea3n xu\u1ea5t m\u00e1y c\u1ea5p li\u1ec7u c\u00f4ng nghi\u1ec7p","article_modified_time":"2026-03-30T07:36:41+00:00","og_image":[{"width":800,"height":800,"url":"https:\/\/swoer.vn\/wp-content\/uploads\/2026\/03\/BO-DIEU-KHIEN-RUNG-SDVC31-XLR.png","type":"image\/png"}],"twitter_card":"summary_large_image","twitter_misc":{"\u63a8\u5b9a\u8aad\u307f\u53d6\u308a\u6642\u9593":"5\u5206"},"schema":{"@context":"https:\/\/schema.org","@graph":[{"@type":"WebPage","@id":"https:\/\/swoer.vn\/manufacturer\/bo-dieu-khien-rung-sdvc31-xlr\/","url":"https:\/\/swoer.vn\/manufacturer\/bo-dieu-khien-rung-sdvc31-xlr\/","name":"B\u1ed9 \u0111i\u1ec1u khi\u1ec3n rung SDVC31-XLR - Nh\u00e0 s\u1ea3n xu\u1ea5t m\u00e1y c\u1ea5p li\u1ec7u c\u00f4ng nghi\u1ec7p","isPartOf":{"@id":"https:\/\/swoer.vn\/#website"},"primaryImageOfPage":{"@id":"https:\/\/swoer.vn\/manufacturer\/bo-dieu-khien-rung-sdvc31-xlr\/#primaryimage"},"image":{"@id":"https:\/\/swoer.vn\/manufacturer\/bo-dieu-khien-rung-sdvc31-xlr\/#primaryimage"},"thumbnailUrl":"https:\/\/swoer.vn\/wp-content\/uploads\/2026\/03\/BO-DIEU-KHIEN-RUNG-SDVC31-XLR.png","datePublished":"2026-03-30T07:36:40+00:00","dateModified":"2026-03-30T07:36:41+00:00","description":"B\u1ed9 \u0111i\u1ec1u khi\u1ec3n SDVC31-XLR d\u1ea3i t\u1ea7n linh ho\u1ea1t, \u1ed5n \u00e1p t\u1ef1 \u0111\u1ed9ng, \u0111\u1ea1t chu\u1ea9n CE\/RoHS. T\u00ednh n\u0103ng kh\u1edfi \u0111\u1ed9ng m\u1ec1m, b\u1ea3o v\u1ec7 ng\u1eafn m\u1ea1ch v\u00e0 h\u1ed7 tr\u1ee3 c\u1ea3m bi\u1ebfn","breadcrumb":{"@id":"https:\/\/swoer.vn\/manufacturer\/bo-dieu-khien-rung-sdvc31-xlr\/#breadcrumb"},"inLanguage":"ja","potentialAction":[{"@type":"ReadAction","target":["https:\/\/swoer.vn\/manufacturer\/bo-dieu-khien-rung-sdvc31-xlr\/"]}]},{"@type":"ImageObject","inLanguage":"ja","@id":"https:\/\/swoer.vn\/manufacturer\/bo-dieu-khien-rung-sdvc31-xlr\/#primaryimage","url":"https:\/\/swoer.vn\/wp-content\/uploads\/2026\/03\/BO-DIEU-KHIEN-RUNG-SDVC31-XLR.png","contentUrl":"https:\/\/swoer.vn\/wp-content\/uploads\/2026\/03\/BO-DIEU-KHIEN-RUNG-SDVC31-XLR.png","width":800,"height":800,"caption":"B\u1ed9 \u0111i\u1ec1u khi\u1ec3n rung SDVC31-XLR"},{"@type":"BreadcrumbList","@id":"https:\/\/swoer.vn\/manufacturer\/bo-dieu-khien-rung-sdvc31-xlr\/#breadcrumb","itemListElement":[{"@type":"ListItem","position":1,"name":"Home","item":"https:\/\/swoer.vn\/"},{"@type":"ListItem","position":2,"name":"S\u1ea3n ph\u1ea9m","item":"https:\/\/swoer.vn\/shop\/"},{"@type":"ListItem","position":3,"name":"B\u1ed9 \u0111i\u1ec1u khi\u1ec3n rung SDVC31-XLR"}]},{"@type":"WebSite","@id":"https:\/\/swoer.vn\/#website","url":"https:\/\/swoer.vn\/","name":"\u5de5\u696d\u7528\u30d5\u30a3\u30fc\u30c0\u30fc\u30e1\u30fc\u30ab\u30fc","description":"\u30ed\u30dc\u30c3\u30c8\u3001\u30d5\u30ec\u30ad\u30b7\u30d6\u30eb\u30d5\u30a3\u30fc\u30c0\u30fc\u3001\u9060\u5fc3\u30d5\u30a3\u30fc\u30c0\u30fc\u3001\u81ea\u52d5\u632f\u52d5\u30d5\u30a3\u30fc\u30c0\u30fc\u306e\u30b5\u30d7\u30e9\u30a4\u30e4\u30fc","potentialAction":[{"@type":"SearchAction","target":{"@type":"EntryPoint","urlTemplate":"https:\/\/swoer.vn\/?s={search_term_string}"},"query-input":{"@type":"PropertyValueSpecification","valueRequired":true,"valueName":"search_term_string"}}],"inLanguage":"ja"}]}},"_links":{"self":[{"href":"https:\/\/swoer.vn\/ja\/wp-json\/wp\/v2\/product\/8142","targetHints":{"allow":["GET"]}}],"collection":[{"href":"https:\/\/swoer.vn\/ja\/wp-json\/wp\/v2\/product"}],"about":[{"href":"https:\/\/swoer.vn\/ja\/wp-json\/wp\/v2\/types\/product"}],"replies":[{"embeddable":true,"href":"https:\/\/swoer.vn\/ja\/wp-json\/wp\/v2\/comments?post=8142"}],"wp:featuredmedia":[{"embeddable":true,"href":"https:\/\/swoer.vn\/ja\/wp-json\/wp\/v2\/media\/8143"}],"wp:attachment":[{"href":"https:\/\/swoer.vn\/ja\/wp-json\/wp\/v2\/media?parent=8142"}],"wp:term":[{"taxonomy":"product_brand","embeddable":true,"href":"https:\/\/swoer.vn\/ja\/wp-json\/wp\/v2\/product_brand?post=8142"},{"taxonomy":"product_cat","embeddable":true,"href":"https:\/\/swoer.vn\/ja\/wp-json\/wp\/v2\/product_cat?post=8142"},{"taxonomy":"product_tag","embeddable":true,"href":"https:\/\/swoer.vn\/ja\/wp-json\/wp\/v2\/product_tag?post=8142"}],"curies":[{"name":"wp","href":"https:\/\/api.w.org\/{rel}","templated":true}]}}