{"id":4913,"date":"2025-10-01T10:06:08","date_gmt":"2025-10-01T03:06:08","guid":{"rendered":"https:\/\/swoer.vn\/?post_type=product&#038;p=4913"},"modified":"2025-10-01T10:06:09","modified_gmt":"2025-10-01T03:06:09","slug":"may-dan-nhan-keo-ho-nam-ngang","status":"publish","type":"product","link":"https:\/\/swoer.vn\/ja\/manufacturer\/may-dan-nhan-keo-ho-nam-ngang\/","title":{"rendered":"M\u00e1y d\u00e1n nh\u00e3n keo h\u1ed3 n\u1eb1m ngang"},"content":{"rendered":"<h2><span style=\"font-weight: 400;\">\u0110\u1eb7c \u0111i\u1ec3m n\u1ed5i b\u1eadt<\/span><\/h2>\n<ul>\n<li style=\"font-weight: 400;\" aria-level=\"1\"><b>T\u1ed1c \u0111\u1ed9 cao &amp; \u1ed5n \u0111\u1ecbnh:<\/b><span style=\"font-weight: 400;\"> \u0110\u01b0\u1ee3c thi\u1ebft k\u1ebf cho s\u1ea3n xu\u1ea5t kh\u1ed1i l\u01b0\u1ee3ng l\u1edbn (nh\u01b0 ng\u00e0nh bia, \u0111\u1ed3 u\u1ed1ng), \u0111\u1ea3m b\u1ea3o t\u1ed1c \u0111\u1ed9 d\u00e1n nh\u00e3n cao v\u00e0 \u1ed5n \u0111\u1ecbnh.<\/span><\/li>\n<li style=\"font-weight: 400;\" aria-level=\"1\"><b>Keo h\u1ed3 m\u1ea1nh m\u1ebd:<\/b><span style=\"font-weight: 400;\"> S\u1eed d\u1ee5ng keo h\u1ed3 (keo l\u1ea1nh\/n\u00f3ng ch\u1ea3y) cho <\/span><b>l\u1ef1c k\u1ebft d\u00ednh v\u01b0\u1ee3t tr\u1ed9i<\/b><span style=\"font-weight: 400;\"> v\u00e0 \u0111\u1ed9 b\u1ec1n cao, gi\u00fap nh\u00e3n kh\u00f3 bong tr\u00f3c.<\/span><\/li>\n<li style=\"font-weight: 400;\" aria-level=\"1\"><b>Ch\u1ea5t l\u01b0\u1ee3ng nh\u00e3n:<\/b><span style=\"font-weight: 400;\"> Ph\u00f9 h\u1ee3p v\u1edbi <\/span><b>nh\u00e3n gi\u1ea5y truy\u1ec1n th\u1ed1ng<\/b><span style=\"font-weight: 400;\"> (gi\u1ea5y \u0111\u01a1n), t\u1ea1o ra v\u1ebb ngo\u00e0i c\u1ed5 \u0111i\u1ec3n, cao c\u1ea5p, chi ph\u00ed v\u1eadt li\u1ec7u nh\u00e3n th\u1ea5p h\u01a1n decal t\u1ef1 d\u00ednh.<\/span><\/li>\n<li style=\"font-weight: 400;\" aria-level=\"1\"><b>D\u00e1n tr\u00f2n ho\u00e0n h\u1ea3o:<\/b><span style=\"font-weight: 400;\"> Chuy\u00ean d\u1ee5ng cho s\u1ea3n ph\u1ea9m h\u00ecnh tr\u1ee5 \u0111\u1eb7t n\u1eb1m ngang (chai th\u1ee7y tinh, lon, v.v.), s\u1eed d\u1ee5ng b\u00e0n ch\u1ea3i\/con l\u0103n quay \u0111\u1ec3 <\/span><b>vu\u1ed1t ph\u1eb3ng nh\u00e3n<\/b><span style=\"font-weight: 400;\">, lo\u1ea1i b\u1ecf b\u1ecdt kh\u00ed v\u00e0 n\u1ebfp nh\u0103n.<\/span><\/li>\n<\/ul>\n<h2><span style=\"font-weight: 400;\">Th\u00f4ng s\u1ed1 k\u1ef9 thu\u1eadt c\u01a1 b\u1ea3n<\/span><\/h2>\n<ul>\n<li style=\"font-weight: 400;\" aria-level=\"1\"><b>Lo\u1ea1i nh\u00e3n:<\/b><span style=\"font-weight: 400;\"> Nh\u00e3n gi\u1ea5y (Keo h\u1ed3 \/ Keo n\u00f3ng ch\u1ea3y).<\/span><\/li>\n<li style=\"font-weight: 400;\" aria-level=\"1\"><b>\u5fdc\u7528\uff1a<\/b><span style=\"font-weight: 400;\"> Chai l\u1ecd h\u00ecnh tr\u1ee5, lon, s\u1ea3n ph\u1ea9m c\u1ea7n d\u00e1n nh\u00e3n v\u00f2ng quanh th\u00e2n.<\/span><\/li>\n<li style=\"font-weight: 400;\" aria-level=\"1\"><b>C\u01a1 ch\u1ebf:<\/b><span style=\"font-weight: 400;\"> Chai n\u1eb1m ngang, t\u1ef1 xoay \u0111\u1ec3 d\u00e1n nh\u00e3n.<\/span><\/li>\n<li style=\"font-weight: 400;\" aria-level=\"1\"><b>C\u1ea5u tr\u00fac l\u00f5i:<\/b><span style=\"font-weight: 400;\"> S\u1eed d\u1ee5ng con l\u0103n b\u00f4i keo, b\u00e0n ch\u1ea3i l\u1ea5y nh\u00e3n v\u00e0 c\u01a1 c\u1ea5u vu\u1ed1t ph\u1eb3ng.<\/span><\/li>\n<li style=\"font-weight: 400;\" aria-level=\"1\"><b>\u30a2\u30c9\u30d0\u30f3\u30c6\u30fc\u30b8\uff1a<\/b><span style=\"font-weight: 400;\"> \u0110\u1ed9 d\u00ednh cao, chi ph\u00ed v\u1eadt li\u1ec7u th\u1ea5p, hi\u1ec7u su\u1ea5t cao.<\/span><\/li>\n<\/ul>\n<h2><span style=\"font-weight: 400;\">L\u00fd t\u01b0\u1edfng cho<\/span><\/h2>\n<p><span style=\"font-weight: 400;\">C\u00e1c nh\u00e0 s\u1ea3n xu\u1ea5t Bia, R\u01b0\u1ee3u, N\u01b0\u1edbc gi\u1ea3i kh\u00e1t, Gia v\u1ecb, v\u00e0 D\u01b0\u1ee3c ph\u1ea9m s\u1eed d\u1ee5ng chai th\u1ee7y tinh y\u00eau c\u1ea7u d\u00e1n nh\u00e3n v\u00f2ng quanh t\u1ed1c \u0111\u1ed9 cao v\u00e0 l\u1ef1c b\u00e1m d\u00ednh tuy\u1ec7t \u0111\u1ed1i.<\/span><\/p>","protected":false},"excerpt":{"rendered":"<div id=\"9100198ae12abfa9\" class=\"conversation-container message-actions-hover-boundary ng-star-inserted\">\n<div>\n<div class=\"response-container ng-tns-c1417162639-472 response-container-with-gpi is-mobile ng-star-inserted response-container-has-multiple-responses\" data-hveid=\"1\">\n<div class=\"presented-response-container ng-tns-c1417162639-472\">\n<div class=\"response-container-content ng-tns-c1417162639-472 is-mobile\">\n<div class=\"response-content ng-tns-c1417162639-472\">\n<div id=\"model-response-message-contentr_9100198ae12abfa9\" class=\"markdown markdown-main-panel enable-updated-hr-color\" dir=\"ltr\">\n<p><b>M\u00e1y d\u00e1n nh\u00e3n keo h\u1ed3 n\u1eb1m ngang<\/b> c\u1ee7a SWOER l\u00e0 l\u1ef1a ch\u1ecdn kinh t\u1ebf v\u00e0 hi\u1ec7u qu\u1ea3 cho c\u00e1c s\u1ea3n ph\u1ea9m h\u00ecnh tr\u1ee5 nh\u1ecf c\u1ea7n s\u1eed d\u1ee5ng nh\u00e3n gi\u1ea5y v\u00e0 keo \u01b0\u1edbt (keo h\u1ed3). Kh\u00e1c v\u1edbi nh\u00e3n t\u1ef1 d\u00ednh, nh\u00e3n keo h\u1ed3 c\u00f3 chi ph\u00ed th\u1ea5p h\u01a1n \u0111\u00e1ng k\u1ec3, l\u00fd t\u01b0\u1edfng cho s\u1ea3n xu\u1ea5t s\u1ed1 l\u01b0\u1ee3ng l\u1edbn trong ng\u00e0nh d\u01b0\u1ee3c ph\u1ea9m, h\u00f3a m\u1ef9 ph\u1ea9m ho\u1eb7c th\u1ef1c ph\u1ea9m \u0111\u00f3ng l\u1ecd. M\u00e1y v\u1eadn h\u00e0nh theo ph\u01b0\u01a1ng ngang, s\u1eed d\u1ee5ng c\u01a1 c\u1ea5u chuy\u00ean bi\u1ec7t \u0111\u1ec3 <b>tr\u00e1ng m\u1ed9t l\u1edbp keo m\u1ecfng, \u0111\u1ed3ng nh\u1ea5t<\/b> l\u00ean nh\u00e3n gi\u1ea5y tr\u01b0\u1edbc khi d\u00e1n ch\u00ednh x\u00e1c v\u00e0o th\u00e2n s\u1ea3n ph\u1ea9m. \u0110i\u1ec1u n\u00e0y \u0111\u1ea3m b\u1ea3o nh\u00e3n \u0111\u01b0\u1ee3c d\u00e1n <b>c\u1ef1c k\u1ef3 ph\u1eb3ng phiu, kh\u00f4ng b\u1ecb nh\u0103n<\/b>, v\u1edbi \u0111\u1ed9 b\u00e1m d\u00ednh cao v\u00e0 \u1ed5n \u0111\u1ecbnh, ngay c\u1ea3 khi s\u1ea3n ph\u1ea9m ph\u1ea3i l\u0103n qua khu v\u1ef1c d\u00e1n nh\u00e3n.<\/p>\n<\/div>\n<\/div>\n<\/div>\n<\/div>\n<\/div>\n<\/div>\n<\/div>","protected":false},"featured_media":4914,"comment_status":"open","ping_status":"closed","template":"","meta":[],"product_brand":[],"product_cat":[149,76],"product_tag":[198,195,143,144],"class_list":{"0":"post-4913","1":"product","2":"type-product","3":"status-publish","4":"has-post-thumbnail","6":"product_cat-may-dan-nhan-tu-dong","7":"product_cat-san-pham-moi","8":"product_tag-dan-nhan-toc-do-cao","9":"product_tag-may-dan-mang","10":"product_tag-may-dan-nhan","11":"product_tag-may-dan-nhan-tu-dong","13":"first","14":"instock","15":"shipping-taxable","16":"product-type-simple"},"yoast_head":"<!-- This site is optimized with the Yoast SEO plugin v26.0 - https:\/\/yoast.com\/wordpress\/plugins\/seo\/ -->\n<title>M\u00e1y d\u00e1n nh\u00e3n keo h\u1ed3 n\u1eb1m ngang - Nh\u00e0 s\u1ea3n xu\u1ea5t m\u00e1y c\u1ea5p li\u1ec7u c\u00f4ng nghi\u1ec7p<\/title>\n<meta name=\"description\" content=\"M\u00e1y d\u00e1n nh\u00e3n keo h\u1ed3 n\u1eb1m ngang: Chuy\u00ean d\u1ee5ng d\u00e1n nh\u00e3n gi\u1ea5y\/keo \u01b0\u1edbt cho s\u1ea3n ph\u1ea9m h\u00ecnh tr\u1ee5 nh\u1ecf, nh\u1eb9 (\u1ed1ng ti\u00eam, l\u1ecd). \u0110\u1ed9 b\u00e1m d\u00ednh cao\" \/>\n<meta name=\"robots\" content=\"index, follow, max-snippet:-1, max-image-preview:large, max-video-preview:-1\" \/>\n<link rel=\"canonical\" href=\"https:\/\/swoer.vn\/ja\/manufacturer\/may-dan-nhan-keo-ho-nam-ngang\/\" \/>\n<meta property=\"og:locale\" content=\"ja_JP\" \/>\n<meta property=\"og:type\" content=\"article\" \/>\n<meta property=\"og:title\" content=\"M\u00e1y d\u00e1n nh\u00e3n keo h\u1ed3 n\u1eb1m ngang - Nh\u00e0 s\u1ea3n xu\u1ea5t m\u00e1y c\u1ea5p li\u1ec7u c\u00f4ng nghi\u1ec7p\" \/>\n<meta property=\"og:description\" content=\"M\u00e1y d\u00e1n nh\u00e3n keo h\u1ed3 n\u1eb1m ngang: Chuy\u00ean d\u1ee5ng d\u00e1n nh\u00e3n gi\u1ea5y\/keo \u01b0\u1edbt cho s\u1ea3n ph\u1ea9m h\u00ecnh tr\u1ee5 nh\u1ecf, nh\u1eb9 (\u1ed1ng ti\u00eam, l\u1ecd). \u0110\u1ed9 b\u00e1m d\u00ednh cao\" \/>\n<meta property=\"og:url\" content=\"https:\/\/swoer.vn\/ja\/manufacturer\/may-dan-nhan-keo-ho-nam-ngang\/\" \/>\n<meta property=\"og:site_name\" content=\"Nh\u00e0 s\u1ea3n xu\u1ea5t m\u00e1y c\u1ea5p li\u1ec7u c\u00f4ng nghi\u1ec7p\" \/>\n<meta property=\"article:modified_time\" content=\"2025-10-01T03:06:09+00:00\" \/>\n<meta property=\"og:image\" content=\"https:\/\/swoer.vn\/wp-content\/uploads\/2025\/10\/May-Dan-Nhan-Keo-Ho-Nam-Ngang.png\" \/>\n\t<meta property=\"og:image:width\" content=\"800\" \/>\n\t<meta property=\"og:image:height\" content=\"800\" \/>\n\t<meta property=\"og:image:type\" content=\"image\/png\" \/>\n<meta name=\"twitter:card\" content=\"summary_large_image\" \/>\n<meta name=\"twitter:label1\" content=\"\u63a8\u5b9a\u8aad\u307f\u53d6\u308a\u6642\u9593\" \/>\n\t<meta name=\"twitter:data1\" content=\"2\u5206\" \/>\n<script type=\"application\/ld+json\" class=\"yoast-schema-graph\">{\"@context\":\"https:\/\/schema.org\",\"@graph\":[{\"@type\":\"WebPage\",\"@id\":\"https:\/\/swoer.vn\/manufacturer\/may-dan-nhan-keo-ho-nam-ngang\/\",\"url\":\"https:\/\/swoer.vn\/manufacturer\/may-dan-nhan-keo-ho-nam-ngang\/\",\"name\":\"M\u00e1y d\u00e1n nh\u00e3n keo h\u1ed3 n\u1eb1m ngang - Nh\u00e0 s\u1ea3n xu\u1ea5t m\u00e1y c\u1ea5p li\u1ec7u c\u00f4ng nghi\u1ec7p\",\"isPartOf\":{\"@id\":\"https:\/\/swoer.vn\/#website\"},\"primaryImageOfPage\":{\"@id\":\"https:\/\/swoer.vn\/manufacturer\/may-dan-nhan-keo-ho-nam-ngang\/#primaryimage\"},\"image\":{\"@id\":\"https:\/\/swoer.vn\/manufacturer\/may-dan-nhan-keo-ho-nam-ngang\/#primaryimage\"},\"thumbnailUrl\":\"https:\/\/swoer.vn\/wp-content\/uploads\/2025\/10\/May-Dan-Nhan-Keo-Ho-Nam-Ngang.png\",\"datePublished\":\"2025-10-01T03:06:08+00:00\",\"dateModified\":\"2025-10-01T03:06:09+00:00\",\"description\":\"M\u00e1y d\u00e1n nh\u00e3n keo h\u1ed3 n\u1eb1m ngang: Chuy\u00ean d\u1ee5ng d\u00e1n nh\u00e3n gi\u1ea5y\/keo \u01b0\u1edbt cho s\u1ea3n ph\u1ea9m h\u00ecnh tr\u1ee5 nh\u1ecf, nh\u1eb9 (\u1ed1ng ti\u00eam, l\u1ecd). \u0110\u1ed9 b\u00e1m d\u00ednh cao\",\"breadcrumb\":{\"@id\":\"https:\/\/swoer.vn\/manufacturer\/may-dan-nhan-keo-ho-nam-ngang\/#breadcrumb\"},\"inLanguage\":\"ja\",\"potentialAction\":[{\"@type\":\"ReadAction\",\"target\":[\"https:\/\/swoer.vn\/manufacturer\/may-dan-nhan-keo-ho-nam-ngang\/\"]}]},{\"@type\":\"ImageObject\",\"inLanguage\":\"ja\",\"@id\":\"https:\/\/swoer.vn\/manufacturer\/may-dan-nhan-keo-ho-nam-ngang\/#primaryimage\",\"url\":\"https:\/\/swoer.vn\/wp-content\/uploads\/2025\/10\/May-Dan-Nhan-Keo-Ho-Nam-Ngang.png\",\"contentUrl\":\"https:\/\/swoer.vn\/wp-content\/uploads\/2025\/10\/May-Dan-Nhan-Keo-Ho-Nam-Ngang.png\",\"width\":800,\"height\":800,\"caption\":\"Ma\u0301y Da\u0301n Nha\u0303n Keo Ho\u0302\u0300 Na\u0306\u0300m Ngang\"},{\"@type\":\"BreadcrumbList\",\"@id\":\"https:\/\/swoer.vn\/manufacturer\/may-dan-nhan-keo-ho-nam-ngang\/#breadcrumb\",\"itemListElement\":[{\"@type\":\"ListItem\",\"position\":1,\"name\":\"Home\",\"item\":\"https:\/\/swoer.vn\/\"},{\"@type\":\"ListItem\",\"position\":2,\"name\":\"S\u1ea3n ph\u1ea9m\",\"item\":\"https:\/\/swoer.vn\/shop\/\"},{\"@type\":\"ListItem\",\"position\":3,\"name\":\"M\u00e1y d\u00e1n nh\u00e3n keo h\u1ed3 n\u1eb1m ngang\"}]},{\"@type\":\"WebSite\",\"@id\":\"https:\/\/swoer.vn\/#website\",\"url\":\"https:\/\/swoer.vn\/\",\"name\":\"Nh\u00e0 s\u1ea3n xu\u1ea5t m\u00e1y c\u1ea5p li\u1ec7u c\u00f4ng nghi\u1ec7p\",\"description\":\"Nh\u00e0 cung c\u1ea5p robot, m\u00e1y c\u1ea5p li\u1ec7u linh ho\u1ea1t, m\u00e1y c\u1ea5p li\u1ec7u ly t\u00e2m, m\u00e1y c\u1ea5p li\u1ec7u rung t\u1ef1 \u0111\u1ed9ng\",\"potentialAction\":[{\"@type\":\"SearchAction\",\"target\":{\"@type\":\"EntryPoint\",\"urlTemplate\":\"https:\/\/swoer.vn\/?s={search_term_string}\"},\"query-input\":{\"@type\":\"PropertyValueSpecification\",\"valueRequired\":true,\"valueName\":\"search_term_string\"}}],\"inLanguage\":\"ja\"}]}<\/script>\n<!-- \/ Yoast SEO plugin. -->","yoast_head_json":{"title":"M\u00e1y d\u00e1n nh\u00e3n keo h\u1ed3 n\u1eb1m ngang - Nh\u00e0 s\u1ea3n xu\u1ea5t m\u00e1y c\u1ea5p li\u1ec7u c\u00f4ng nghi\u1ec7p","description":"M\u00e1y d\u00e1n nh\u00e3n keo h\u1ed3 n\u1eb1m ngang: Chuy\u00ean d\u1ee5ng d\u00e1n nh\u00e3n gi\u1ea5y\/keo \u01b0\u1edbt cho s\u1ea3n ph\u1ea9m h\u00ecnh tr\u1ee5 nh\u1ecf, nh\u1eb9 (\u1ed1ng ti\u00eam, l\u1ecd). \u0110\u1ed9 b\u00e1m d\u00ednh cao","robots":{"index":"index","follow":"follow","max-snippet":"max-snippet:-1","max-image-preview":"max-image-preview:large","max-video-preview":"max-video-preview:-1"},"canonical":"https:\/\/swoer.vn\/ja\/manufacturer\/may-dan-nhan-keo-ho-nam-ngang\/","og_locale":"ja_JP","og_type":"article","og_title":"M\u00e1y d\u00e1n nh\u00e3n keo h\u1ed3 n\u1eb1m ngang - Nh\u00e0 s\u1ea3n xu\u1ea5t m\u00e1y c\u1ea5p li\u1ec7u c\u00f4ng nghi\u1ec7p","og_description":"M\u00e1y d\u00e1n nh\u00e3n keo h\u1ed3 n\u1eb1m ngang: Chuy\u00ean d\u1ee5ng d\u00e1n nh\u00e3n gi\u1ea5y\/keo \u01b0\u1edbt cho s\u1ea3n ph\u1ea9m h\u00ecnh tr\u1ee5 nh\u1ecf, nh\u1eb9 (\u1ed1ng ti\u00eam, l\u1ecd). \u0110\u1ed9 b\u00e1m d\u00ednh cao","og_url":"https:\/\/swoer.vn\/ja\/manufacturer\/may-dan-nhan-keo-ho-nam-ngang\/","og_site_name":"Nh\u00e0 s\u1ea3n xu\u1ea5t m\u00e1y c\u1ea5p li\u1ec7u c\u00f4ng nghi\u1ec7p","article_modified_time":"2025-10-01T03:06:09+00:00","og_image":[{"width":800,"height":800,"url":"https:\/\/swoer.vn\/wp-content\/uploads\/2025\/10\/May-Dan-Nhan-Keo-Ho-Nam-Ngang.png","type":"image\/png"}],"twitter_card":"summary_large_image","twitter_misc":{"\u63a8\u5b9a\u8aad\u307f\u53d6\u308a\u6642\u9593":"2\u5206"},"schema":{"@context":"https:\/\/schema.org","@graph":[{"@type":"WebPage","@id":"https:\/\/swoer.vn\/manufacturer\/may-dan-nhan-keo-ho-nam-ngang\/","url":"https:\/\/swoer.vn\/manufacturer\/may-dan-nhan-keo-ho-nam-ngang\/","name":"M\u00e1y d\u00e1n nh\u00e3n keo h\u1ed3 n\u1eb1m ngang - Nh\u00e0 s\u1ea3n xu\u1ea5t m\u00e1y c\u1ea5p li\u1ec7u c\u00f4ng nghi\u1ec7p","isPartOf":{"@id":"https:\/\/swoer.vn\/#website"},"primaryImageOfPage":{"@id":"https:\/\/swoer.vn\/manufacturer\/may-dan-nhan-keo-ho-nam-ngang\/#primaryimage"},"image":{"@id":"https:\/\/swoer.vn\/manufacturer\/may-dan-nhan-keo-ho-nam-ngang\/#primaryimage"},"thumbnailUrl":"https:\/\/swoer.vn\/wp-content\/uploads\/2025\/10\/May-Dan-Nhan-Keo-Ho-Nam-Ngang.png","datePublished":"2025-10-01T03:06:08+00:00","dateModified":"2025-10-01T03:06:09+00:00","description":"M\u00e1y d\u00e1n nh\u00e3n keo h\u1ed3 n\u1eb1m ngang: Chuy\u00ean d\u1ee5ng d\u00e1n nh\u00e3n gi\u1ea5y\/keo \u01b0\u1edbt cho s\u1ea3n ph\u1ea9m h\u00ecnh tr\u1ee5 nh\u1ecf, nh\u1eb9 (\u1ed1ng ti\u00eam, l\u1ecd). \u0110\u1ed9 b\u00e1m d\u00ednh cao","breadcrumb":{"@id":"https:\/\/swoer.vn\/manufacturer\/may-dan-nhan-keo-ho-nam-ngang\/#breadcrumb"},"inLanguage":"ja","potentialAction":[{"@type":"ReadAction","target":["https:\/\/swoer.vn\/manufacturer\/may-dan-nhan-keo-ho-nam-ngang\/"]}]},{"@type":"ImageObject","inLanguage":"ja","@id":"https:\/\/swoer.vn\/manufacturer\/may-dan-nhan-keo-ho-nam-ngang\/#primaryimage","url":"https:\/\/swoer.vn\/wp-content\/uploads\/2025\/10\/May-Dan-Nhan-Keo-Ho-Nam-Ngang.png","contentUrl":"https:\/\/swoer.vn\/wp-content\/uploads\/2025\/10\/May-Dan-Nhan-Keo-Ho-Nam-Ngang.png","width":800,"height":800,"caption":"Ma\u0301y Da\u0301n Nha\u0303n Keo Ho\u0302\u0300 Na\u0306\u0300m Ngang"},{"@type":"BreadcrumbList","@id":"https:\/\/swoer.vn\/manufacturer\/may-dan-nhan-keo-ho-nam-ngang\/#breadcrumb","itemListElement":[{"@type":"ListItem","position":1,"name":"Home","item":"https:\/\/swoer.vn\/"},{"@type":"ListItem","position":2,"name":"S\u1ea3n ph\u1ea9m","item":"https:\/\/swoer.vn\/shop\/"},{"@type":"ListItem","position":3,"name":"M\u00e1y d\u00e1n nh\u00e3n keo h\u1ed3 n\u1eb1m ngang"}]},{"@type":"WebSite","@id":"https:\/\/swoer.vn\/#website","url":"https:\/\/swoer.vn\/","name":"\u5de5\u696d\u7528\u30d5\u30a3\u30fc\u30c0\u30fc\u30e1\u30fc\u30ab\u30fc","description":"\u30ed\u30dc\u30c3\u30c8\u3001\u30d5\u30ec\u30ad\u30b7\u30d6\u30eb\u30d5\u30a3\u30fc\u30c0\u30fc\u3001\u9060\u5fc3\u30d5\u30a3\u30fc\u30c0\u30fc\u3001\u81ea\u52d5\u632f\u52d5\u30d5\u30a3\u30fc\u30c0\u30fc\u306e\u30b5\u30d7\u30e9\u30a4\u30e4\u30fc","potentialAction":[{"@type":"SearchAction","target":{"@type":"EntryPoint","urlTemplate":"https:\/\/swoer.vn\/?s={search_term_string}"},"query-input":{"@type":"PropertyValueSpecification","valueRequired":true,"valueName":"search_term_string"}}],"inLanguage":"ja"}]}},"_links":{"self":[{"href":"https:\/\/swoer.vn\/ja\/wp-json\/wp\/v2\/product\/4913","targetHints":{"allow":["GET"]}}],"collection":[{"href":"https:\/\/swoer.vn\/ja\/wp-json\/wp\/v2\/product"}],"about":[{"href":"https:\/\/swoer.vn\/ja\/wp-json\/wp\/v2\/types\/product"}],"replies":[{"embeddable":true,"href":"https:\/\/swoer.vn\/ja\/wp-json\/wp\/v2\/comments?post=4913"}],"wp:featuredmedia":[{"embeddable":true,"href":"https:\/\/swoer.vn\/ja\/wp-json\/wp\/v2\/media\/4914"}],"wp:attachment":[{"href":"https:\/\/swoer.vn\/ja\/wp-json\/wp\/v2\/media?parent=4913"}],"wp:term":[{"taxonomy":"product_brand","embeddable":true,"href":"https:\/\/swoer.vn\/ja\/wp-json\/wp\/v2\/product_brand?post=4913"},{"taxonomy":"product_cat","embeddable":true,"href":"https:\/\/swoer.vn\/ja\/wp-json\/wp\/v2\/product_cat?post=4913"},{"taxonomy":"product_tag","embeddable":true,"href":"https:\/\/swoer.vn\/ja\/wp-json\/wp\/v2\/product_tag?post=4913"}],"curies":[{"name":"wp","href":"https:\/\/api.w.org\/{rel}","templated":true}]}}