{"id":4891,"date":"2025-09-30T15:34:24","date_gmt":"2025-09-30T08:34:24","guid":{"rendered":"https:\/\/swoer.vn\/?post_type=product&#038;p=4891"},"modified":"2025-10-01T17:10:28","modified_gmt":"2025-10-01T10:10:28","slug":"bo-nap-tuyen-tinh-cua-bat-rung","status":"publish","type":"product","link":"https:\/\/swoer.vn\/ja\/manufacturer\/bo-nap-tuyen-tinh-cua-bat-rung\/","title":{"rendered":"B\u1ed9 n\u1ea1p tuy\u1ebfn t\u00ednh c\u1ee7a b\u00e1t rung"},"content":{"rendered":"<h2><span style=\"font-weight: 400;\">\u88fd\u54c1\u4ed5\u69d8:<\/span><\/h2>\n<table>\n<tbody>\n<tr>\n<td><span style=\"font-weight: 400;\">M\u00e3 s\u1ea3n ph\u1ea9m<\/span><\/td>\n<td><span style=\"font-weight: 400;\">Linear Feeder SW-90B<\/span><\/td>\n<\/tr>\n<tr>\n<td><span style=\"font-weight: 400;\">C\u00f4ng su\u1ea5t \u0111\u1ed9ng c\u01a1 (kW)<\/span><\/td>\n<td><span style=\"font-weight: 400;\">1 \u0111\u1ebfn 10<\/span><\/td>\n<\/tr>\n<tr>\n<td><span style=\"font-weight: 400;\">Movement Mode<\/span><\/td>\n<td><span style=\"font-weight: 400;\">Linear<\/span><\/td>\n<\/tr>\n<tr>\n<td><span style=\"font-weight: 400;\">Max Feeding (mm)<\/span><\/td>\n<td><span style=\"font-weight: 400;\">500<\/span><\/td>\n<\/tr>\n<tr>\n<td><span style=\"font-weight: 400;\">After-sales Service<\/span><\/td>\n<td><span style=\"font-weight: 400;\">1\u5e74<\/span><\/td>\n<\/tr>\n<tr>\n<td><span style=\"font-weight: 400;\">Chute Size (mm)<\/span><\/td>\n<td><span style=\"font-weight: 400;\">Customized<\/span><\/td>\n<\/tr>\n<tr>\n<td><span style=\"font-weight: 400;\">Nh\u00e3n hi\u1ec7u<\/span><\/td>\n<td><span style=\"font-weight: 400;\">\u8a93\u3046<\/span><\/td>\n<\/tr>\n<tr>\n<td><span style=\"font-weight: 400;\">\u30d1\u30e9\u30e1\u30fc\u30bf\u00a0<\/span><\/td>\n<td><span style=\"font-weight: 400;\">150 * 128 * 38 mm<\/span><\/td>\n<\/tr>\n<tr>\n<td><span style=\"font-weight: 400;\">S\u1ee9c ch\u1ee9a (t\/h)<\/span><\/td>\n<td><span style=\"font-weight: 400;\">80 &#8211; 150<\/span><\/td>\n<\/tr>\n<tr>\n<td><span style=\"font-weight: 400;\">\u30bf\u30a4\u30d7\u00a0<\/span><\/td>\n<td><span style=\"font-weight: 400;\">Screw Feeder<\/span><\/td>\n<\/tr>\n<tr>\n<td><span style=\"font-weight: 400;\">Lead Time<\/span><\/td>\n<td><span style=\"font-weight: 400;\">7 &#8211; 14 ng\u00e0y<\/span><\/td>\n<\/tr>\n<tr>\n<td><span style=\"font-weight: 400;\">Appearance<\/span><\/td>\n<td><span style=\"font-weight: 400;\">Open-type<\/span><\/td>\n<\/tr>\n<tr>\n<td><span style=\"font-weight: 400;\">Installation Slope<\/span><\/td>\n<td><span style=\"font-weight: 400;\">0<\/span><\/td>\n<\/tr>\n<tr>\n<td><span style=\"font-weight: 400;\">Warranty<\/span><\/td>\n<td><span style=\"font-weight: 400;\">1\u5e74<\/span><\/td>\n<\/tr>\n<tr>\n<td><span style=\"font-weight: 400;\">Overall Dimension<\/span><\/td>\n<td><span style=\"font-weight: 400;\">Customized<\/span><\/td>\n<\/tr>\n<tr>\n<td><span style=\"font-weight: 400;\">Xu\u1ea5t x\u1ee9<\/span><\/td>\n<td><span style=\"font-weight: 400;\">\u4e2d\u56fd<\/span><\/td>\n<\/tr>\n<\/tbody>\n<\/table>\n<h2><span style=\"font-weight: 400;\">\u7279\u5fb4\uff1a<\/span><\/h2>\n<ul>\n<li style=\"font-weight: 400;\" aria-level=\"1\"><b>S\u00e0ng l\u1ecdc s\u1ea3n ph\u1ea9m<\/b><span style=\"font-weight: 400;\">: Ngo\u00e0i khay n\u1ea1p t\u00f4 c\u00f3 th\u1ec3 t\u1ef1 \u0111\u1ed9ng s\u1eafp x\u1ebfp s\u1ea3n ph\u1ea9m c\u0169ng c\u00f3 th\u1ec3 l\u00e0 m\u1ed9t s\u1ed1 c\u00e1ch s\u00e0ng l\u1ecdc s\u1ea3n ph\u1ea9m \u0111\u01a1n gi\u1ea3n, ch\u1eb3ng h\u1ea1n nh\u01b0 s\u00e0ng l\u1ecdc c\u00e1c th\u00f4ng s\u1ed1 k\u1ef9 thu\u1eadt kh\u00e1c nhau c\u1ee7a tr\u1ee5c xo\u1eafn, nh\u01b0ng c\u00e1c y\u00eau c\u1ea7u cao h\u01a1n c\u1ee7a khay n\u1ea1p t\u00f4 r\u1ea5t kh\u00f3 ho\u00e0n th\u00e0nh, b\u1ea1n c\u00f3 th\u1ec3 c\u00e2n nh\u1eafc vi\u1ec7c T\u00f9y ch\u1ec9nh m\u00e1y.<\/span><\/li>\n<li style=\"font-weight: 400;\" aria-level=\"1\"><b>Ti\u1ebfp nguy\u00ean li\u1ec7u t\u1ef1 \u0111\u1ed9ng<\/b><span style=\"font-weight: 400;\">: Tu\u1ed5i th\u1ecd h\u00e0ng ng\u00e0y c\u1ee7a khay n\u1ea1p t\u00f4 \u0111\u01b0\u1ee3c s\u1eed d\u1ee5ng nhi\u1ec1u nh\u1ea5t ph\u1ea3i l\u00e0 ch\u1ee9c n\u0103ng c\u1ee7a khay n\u1ea1p t\u00f4 t\u1ef1 \u0111\u1ed9ng tr\u00f2 chuy\u1ec7n, do \u0111\u00f3 nhi\u1ec1u l\u1ea7n m\u1ecdi ng\u01b0\u1eddi c\u00f2n g\u1ecdi l\u00e0 khay n\u1ea1p t\u00f4 t\u1ef1 \u0111\u1ed9ng ti\u1ebfp nguy\u00ean li\u1ec7u cho nguy\u00ean li\u1ec7u v\u00e0o t\u00f4, Anh \u1ea5y c\u00f3 th\u1ec3 \u0111\u1eb7t s\u1ea3n ph\u1ea9m theo c\u00e1c quy t\u1eafc nh\u1ea5t \u0111\u1ecbnh \u0111\u1eb7t \u1edf v\u1ecb tr\u00ed \u0111\u01b0\u1ee3c ch\u1ec9 \u0111\u1ecbnh, \u0111i\u1ec1u n\u00e0y th\u01b0\u1eddng \u0111\u01b0\u1ee3c s\u1eed d\u1ee5ng trong c\u00e1c s\u1ea3n ph\u1ea9m t\u1ef1 \u0111\u1ed9ng h\u00f3a.<\/span><\/li>\n<li style=\"font-weight: 400;\" aria-level=\"1\"><b>S\u1eafp x\u1ebfp s\u1ea3n ph\u1ea9m t\u1ef1 \u0111\u1ed9ng<\/b><span style=\"font-weight: 400;\">: Khay n\u1ea1p b\u00e1t c\u00f3 t\u00ednh n\u0103ng r\u1ea5t m\u1ea1nh m\u1ebd l\u00e0 gi\u00fap s\u1ea3n ph\u1ea9m c\u1ee7a ch\u00fang t\u00f4i \u0111\u01b0\u1ee3c t\u1ef1 \u0111\u1ed9ng s\u1eafp x\u1ebfp \u0111\u1ec3 \u0111\u00e1p \u1ee9ng nhu c\u1ea7u c\u1ee7a b\u01b0\u1edbc ti\u1ebfp theo, ch\u1eb3ng h\u1ea1n nh\u01b0 n\u1ea1p t\u1ef1 \u0111\u1ed9ng ho\u1eb7c n\u1ea1p t\u1ef1 \u0111\u1ed9ng v\u00e0 c\u00e1c ch\u1ee9c n\u0103ng kh\u00e1c.<\/span><\/li>\n<\/ul>\n<h2><span style=\"font-weight: 400;\">Quy tr\u00ecnh mua h\u00e0ng:<\/span><\/h2>\n<h3><span style=\"font-weight: 400;\">B\u01b0\u1edbc 1:<\/span><\/h3>\n<ol>\n<li><span style=\"font-weight: 400;\"> Ng\u01b0\u1eddi mua cung c\u1ea5p h\u00ecnh \u1ea3nh v\u1eadt l\u00fd, k\u00edch c\u1ee1 v\u00e0 v\u1eadt li\u1ec7u;<\/span><\/li>\n<li><span style=\"font-weight: 400;\"> Ng\u01b0\u1eddi mua cung c\u1ea5p \u0111\u01a1n h\u00e0ng v\u00e0 h\u01b0\u1edbng d\u1eabn x\u1ea3 v\u1eadt li\u1ec7u.<\/span><\/li>\n<li><span style=\"font-weight: 400;\"> Ng\u01b0\u1eddi mua cung c\u1ea5p t\u1ed1c \u0111\u1ed9 x\u1ea3;<\/span><\/li>\n<li><span style=\"font-weight: 400;\"> Ng\u01b0\u1ee3c chi\u1ec1u kim \u0111\u1ed3ng h\u1ed3 ho\u1eb7c theo chi\u1ec1u kim \u0111\u1ed3ng h\u1ed3;<\/span><\/li>\n<li><span style=\"font-weight: 400;\"> X\u00e1c nh\u1eadn n\u1ebfu b\u1ea1n c\u1ea7n khay n\u1ea1p tuy\u1ebfn t\u00ednh, ph\u1ec5u h\u1ee9ng, b\u1ea3ng \u0111\u1ee1 v\u00e0 n\u1eafp ch\u1ed1ng \u00e2m thanh.<\/span><\/li>\n<\/ol>\n<h3><span style=\"font-weight: 400;\">B\u01b0\u1edbc 2: Ph\u1ea3n h\u1ed3i v\u1ec1 \u0111\u00e1nh gi\u00e1 c\u1ee7a ng\u01b0\u1eddi b\u00e1n<\/span><\/h3>\n<p><span style=\"font-weight: 400;\">V\u1eadt li\u1ec7u (tr\u1ea3 l\u1ea1i cho ng\u01b0\u1eddi mua c\u00f3 khay n\u1ea1p rung) ph\u1ea3i \u0111\u01b0\u1ee3c s\u1eed d\u1ee5ng \u0111\u1ec3 \u0111i\u1ec1u ch\u1ec9nh khay n\u1ea1p rung.<\/span><\/p>\n<h3><span style=\"font-weight: 400;\">B\u01b0\u1edbc 3: Sau khi thanh to\u00e1n v\u00e0 giao h\u00e0ng<\/span><\/h3>\n<ol>\n<li><span style=\"font-weight: 400;\"> Ng\u01b0\u1eddi b\u00e1n b\u1eaft \u0111\u1ea7u \u0111\u1eb7t h\u00e0ng v\u00e0 th\u1ef1c hi\u1ec7n thanh to\u00e1n kh\u00f4ng tr\u1ea3 ti\u1ec1n.<\/span><\/li>\n<li><span style=\"font-weight: 400;\"> Quay video tr\u00ean m\u00e1y ki\u1ec3m tra;<\/span><\/li>\n<li><span style=\"font-weight: 400;\"> Ng\u01b0\u1eddi mua h\u00e0i l\u00f2ng v\u00e0 th\u1ef1c hi\u1ec7n thanh to\u00e1n cu\u1ed1i c\u00f9ng.<\/span><\/li>\n<li><span style=\"font-weight: 400;\"> Ng\u01b0\u1eddi b\u00e1n \u0111\u00f3ng g\u00f3i c\u00e1c h\u1ed9p g\u1ed7 v\u00e0 giao h\u00e0ng b\u1eb1ng h\u1eadu c\u1ea7n.<\/span><\/li>\n<\/ol>","protected":false},"excerpt":{"rendered":"<p><b>B\u1ed9 n\u1ea1p tuy\u1ebfn t\u00ednh c\u1ee7a b\u00e1t rung<\/b> (Linear Feeder) c\u1ee7a SWOER l\u00e0 c\u1ea7u n\u1ed1i kh\u00f4ng th\u1ec3 thi\u1ebfu, \u0111\u1ea3m b\u1ea3o s\u1ef1 <b>li\u00ean t\u1ee5c v\u00e0 \u1ed5n \u0111\u1ecbnh<\/b> c\u1ee7a quy tr\u00ecnh c\u1ea5p ph\u00f4i sau khi chi ti\u1ebft \u0111\u00e3 \u0111\u01b0\u1ee3c \u0111\u1ecbnh h\u01b0\u1edbng ho\u00e0n h\u1ea3o trong b\u00e1t rung. Ch\u1ee9c n\u0103ng ch\u00ednh c\u1ee7a thi\u1ebft b\u1ecb n\u00e0y l\u00e0 nh\u1eadn ph\u00f4i t\u1eeb b\u00e1t rung v\u00e0 v\u1eadn chuy\u1ec3n ch\u00fang theo m\u1ed9t \u0111\u01b0\u1eddng th\u1eb3ng \u0111\u1ebfn khu v\u1ef1c l\u1eafp r\u00e1p ho\u1eb7c robot, \u0111\u1eb7c bi\u1ec7t hi\u1ec7u qu\u1ea3 cho nh\u1eefng kho\u1ea3ng c\u00e1ch l\u1edbn. B\u1ed9 n\u1ea1p tuy\u1ebfn t\u00ednh s\u1eed d\u1ee5ng <b>rung \u0111\u1ed9ng vi m\u00f4 \u0111\u01b0\u1ee3c ki\u1ec3m so\u00e1t<\/b> \u0111\u1ec3 duy tr\u00ec t\u1ed1c \u0111\u1ed9 di chuy\u1ec3n cao m\u00e0 v\u1eabn <b>ng\u0103n ch\u1eb7n ph\u00f4i b\u1ecb l\u1eadt ho\u1eb7c l\u1ec7ch h\u01b0\u1edbng<\/b>. \u0110\u00e2y l\u00e0 gi\u1ea3i ph\u00e1p then ch\u1ed1t gi\u00fap duy tr\u00ec s\u1ef1 ch\u00ednh x\u00e1c c\u1ee7a to\u00e0n b\u1ed9 h\u1ec7 th\u1ed1ng c\u1ea5p ph\u00f4i, t\u1ed1i \u0111a h\u00f3a hi\u1ec7u su\u1ea5t cho c\u00e1c d\u00e2y chuy\u1ec1n s\u1ea3n xu\u1ea5t t\u1ef1 \u0111\u1ed9ng h\u00f3a quy m\u00f4 l\u1edbn.<\/p>","protected":false},"featured_media":4928,"comment_status":"open","ping_status":"closed","template":"","meta":[],"product_brand":[],"product_cat":[87],"product_tag":[153],"class_list":{"0":"post-4891","1":"product","2":"type-product","3":"status-publish","4":"has-post-thumbnail","6":"product_cat-bo-nap-tuyen-tinh","7":"product_tag-bo-nap-tuyen-tinh","9":"first","10":"instock","11":"shipping-taxable","12":"product-type-simple"},"yoast_head":"<!-- This site is optimized with the Yoast SEO plugin v26.0 - https:\/\/yoast.com\/wordpress\/plugins\/seo\/ -->\n<title>B\u1ed9 n\u1ea1p tuy\u1ebfn t\u00ednh c\u1ee7a b\u00e1t rung - Nh\u00e0 s\u1ea3n xu\u1ea5t m\u00e1y c\u1ea5p li\u1ec7u c\u00f4ng nghi\u1ec7p<\/title>\n<meta name=\"description\" content=\"B\u1ed9 n\u1ea1p tuy\u1ebfn t\u00ednh c\u1ee7a b\u00e1t rung SWOER: Chuy\u1ec3n ti\u1ebfp ph\u00f4i \u0111\u00e3 \u0111\u1ecbnh h\u01b0\u1edbng v\u1edbi \u0111\u1ed9 \u1ed5n \u0111\u1ecbnh v\u00e0 t\u1ed1c \u0111\u1ed9 cao. Gi\u1ea3m thi\u1ec3u rung l\u1eafc, \u0111\u1ea3m b\u1ea3o ph\u00f4i kh\u00f4ng b\u1ecb l\u1eadt.\" \/>\n<meta name=\"robots\" content=\"index, follow, max-snippet:-1, max-image-preview:large, max-video-preview:-1\" \/>\n<link rel=\"canonical\" href=\"https:\/\/swoer.vn\/ja\/manufacturer\/bo-nap-tuyen-tinh-cua-bat-rung\/\" \/>\n<meta property=\"og:locale\" content=\"ja_JP\" \/>\n<meta property=\"og:type\" content=\"article\" \/>\n<meta property=\"og:title\" content=\"B\u1ed9 n\u1ea1p tuy\u1ebfn t\u00ednh c\u1ee7a b\u00e1t rung - Nh\u00e0 s\u1ea3n xu\u1ea5t m\u00e1y c\u1ea5p li\u1ec7u c\u00f4ng nghi\u1ec7p\" \/>\n<meta property=\"og:description\" content=\"B\u1ed9 n\u1ea1p tuy\u1ebfn t\u00ednh c\u1ee7a b\u00e1t rung SWOER: Chuy\u1ec3n ti\u1ebfp ph\u00f4i \u0111\u00e3 \u0111\u1ecbnh h\u01b0\u1edbng v\u1edbi \u0111\u1ed9 \u1ed5n \u0111\u1ecbnh v\u00e0 t\u1ed1c \u0111\u1ed9 cao. Gi\u1ea3m thi\u1ec3u rung l\u1eafc, \u0111\u1ea3m b\u1ea3o ph\u00f4i kh\u00f4ng b\u1ecb l\u1eadt.\" \/>\n<meta property=\"og:url\" content=\"https:\/\/swoer.vn\/ja\/manufacturer\/bo-nap-tuyen-tinh-cua-bat-rung\/\" \/>\n<meta property=\"og:site_name\" content=\"Nh\u00e0 s\u1ea3n xu\u1ea5t m\u00e1y c\u1ea5p li\u1ec7u c\u00f4ng nghi\u1ec7p\" \/>\n<meta property=\"article:modified_time\" content=\"2025-10-01T10:10:28+00:00\" \/>\n<meta property=\"og:image\" content=\"https:\/\/swoer.vn\/wp-content\/uploads\/2025\/09\/bo-cap-lieu-linh-hoat-1.png\" \/>\n\t<meta property=\"og:image:width\" content=\"800\" \/>\n\t<meta property=\"og:image:height\" content=\"800\" \/>\n\t<meta property=\"og:image:type\" content=\"image\/png\" \/>\n<meta name=\"twitter:card\" content=\"summary_large_image\" \/>\n<meta name=\"twitter:label1\" content=\"\u63a8\u5b9a\u8aad\u307f\u53d6\u308a\u6642\u9593\" \/>\n\t<meta name=\"twitter:data1\" content=\"3\u5206\" \/>\n<script type=\"application\/ld+json\" class=\"yoast-schema-graph\">{\"@context\":\"https:\/\/schema.org\",\"@graph\":[{\"@type\":\"WebPage\",\"@id\":\"https:\/\/swoer.vn\/manufacturer\/bo-nap-tuyen-tinh-cua-bat-rung\/\",\"url\":\"https:\/\/swoer.vn\/manufacturer\/bo-nap-tuyen-tinh-cua-bat-rung\/\",\"name\":\"B\u1ed9 n\u1ea1p tuy\u1ebfn t\u00ednh c\u1ee7a b\u00e1t rung - Nh\u00e0 s\u1ea3n xu\u1ea5t m\u00e1y c\u1ea5p li\u1ec7u c\u00f4ng nghi\u1ec7p\",\"isPartOf\":{\"@id\":\"https:\/\/swoer.vn\/#website\"},\"primaryImageOfPage\":{\"@id\":\"https:\/\/swoer.vn\/manufacturer\/bo-nap-tuyen-tinh-cua-bat-rung\/#primaryimage\"},\"image\":{\"@id\":\"https:\/\/swoer.vn\/manufacturer\/bo-nap-tuyen-tinh-cua-bat-rung\/#primaryimage\"},\"thumbnailUrl\":\"https:\/\/swoer.vn\/wp-content\/uploads\/2025\/09\/bo-cap-lieu-linh-hoat-1.png\",\"datePublished\":\"2025-09-30T08:34:24+00:00\",\"dateModified\":\"2025-10-01T10:10:28+00:00\",\"description\":\"B\u1ed9 n\u1ea1p tuy\u1ebfn t\u00ednh c\u1ee7a b\u00e1t rung SWOER: Chuy\u1ec3n ti\u1ebfp ph\u00f4i \u0111\u00e3 \u0111\u1ecbnh h\u01b0\u1edbng v\u1edbi \u0111\u1ed9 \u1ed5n \u0111\u1ecbnh v\u00e0 t\u1ed1c \u0111\u1ed9 cao. Gi\u1ea3m thi\u1ec3u rung l\u1eafc, \u0111\u1ea3m b\u1ea3o ph\u00f4i kh\u00f4ng b\u1ecb l\u1eadt.\",\"breadcrumb\":{\"@id\":\"https:\/\/swoer.vn\/manufacturer\/bo-nap-tuyen-tinh-cua-bat-rung\/#breadcrumb\"},\"inLanguage\":\"ja\",\"potentialAction\":[{\"@type\":\"ReadAction\",\"target\":[\"https:\/\/swoer.vn\/manufacturer\/bo-nap-tuyen-tinh-cua-bat-rung\/\"]}]},{\"@type\":\"ImageObject\",\"inLanguage\":\"ja\",\"@id\":\"https:\/\/swoer.vn\/manufacturer\/bo-nap-tuyen-tinh-cua-bat-rung\/#primaryimage\",\"url\":\"https:\/\/swoer.vn\/wp-content\/uploads\/2025\/09\/bo-cap-lieu-linh-hoat-1.png\",\"contentUrl\":\"https:\/\/swoer.vn\/wp-content\/uploads\/2025\/09\/bo-cap-lieu-linh-hoat-1.png\",\"width\":800,\"height\":800,\"caption\":\"bo\u0323\u0302 ca\u0302\u0301p lie\u0323\u0302u linh hoa\u0323t (1)\"},{\"@type\":\"BreadcrumbList\",\"@id\":\"https:\/\/swoer.vn\/manufacturer\/bo-nap-tuyen-tinh-cua-bat-rung\/#breadcrumb\",\"itemListElement\":[{\"@type\":\"ListItem\",\"position\":1,\"name\":\"Home\",\"item\":\"https:\/\/swoer.vn\/\"},{\"@type\":\"ListItem\",\"position\":2,\"name\":\"S\u1ea3n ph\u1ea9m\",\"item\":\"https:\/\/swoer.vn\/shop\/\"},{\"@type\":\"ListItem\",\"position\":3,\"name\":\"B\u1ed9 n\u1ea1p tuy\u1ebfn t\u00ednh c\u1ee7a b\u00e1t rung\"}]},{\"@type\":\"WebSite\",\"@id\":\"https:\/\/swoer.vn\/#website\",\"url\":\"https:\/\/swoer.vn\/\",\"name\":\"Nh\u00e0 s\u1ea3n xu\u1ea5t m\u00e1y c\u1ea5p li\u1ec7u c\u00f4ng nghi\u1ec7p\",\"description\":\"Nh\u00e0 cung c\u1ea5p robot, m\u00e1y c\u1ea5p li\u1ec7u linh ho\u1ea1t, m\u00e1y c\u1ea5p li\u1ec7u ly t\u00e2m, m\u00e1y c\u1ea5p li\u1ec7u rung t\u1ef1 \u0111\u1ed9ng\",\"potentialAction\":[{\"@type\":\"SearchAction\",\"target\":{\"@type\":\"EntryPoint\",\"urlTemplate\":\"https:\/\/swoer.vn\/?s={search_term_string}\"},\"query-input\":{\"@type\":\"PropertyValueSpecification\",\"valueRequired\":true,\"valueName\":\"search_term_string\"}}],\"inLanguage\":\"ja\"}]}<\/script>\n<!-- \/ Yoast SEO plugin. -->","yoast_head_json":{"title":"B\u1ed9 n\u1ea1p tuy\u1ebfn t\u00ednh c\u1ee7a b\u00e1t rung - Nh\u00e0 s\u1ea3n xu\u1ea5t m\u00e1y c\u1ea5p li\u1ec7u c\u00f4ng nghi\u1ec7p","description":"B\u1ed9 n\u1ea1p tuy\u1ebfn t\u00ednh c\u1ee7a b\u00e1t rung SWOER: Chuy\u1ec3n ti\u1ebfp ph\u00f4i \u0111\u00e3 \u0111\u1ecbnh h\u01b0\u1edbng v\u1edbi \u0111\u1ed9 \u1ed5n \u0111\u1ecbnh v\u00e0 t\u1ed1c \u0111\u1ed9 cao. Gi\u1ea3m thi\u1ec3u rung l\u1eafc, \u0111\u1ea3m b\u1ea3o ph\u00f4i kh\u00f4ng b\u1ecb l\u1eadt.","robots":{"index":"index","follow":"follow","max-snippet":"max-snippet:-1","max-image-preview":"max-image-preview:large","max-video-preview":"max-video-preview:-1"},"canonical":"https:\/\/swoer.vn\/ja\/manufacturer\/bo-nap-tuyen-tinh-cua-bat-rung\/","og_locale":"ja_JP","og_type":"article","og_title":"B\u1ed9 n\u1ea1p tuy\u1ebfn t\u00ednh c\u1ee7a b\u00e1t rung - Nh\u00e0 s\u1ea3n xu\u1ea5t m\u00e1y c\u1ea5p li\u1ec7u c\u00f4ng nghi\u1ec7p","og_description":"B\u1ed9 n\u1ea1p tuy\u1ebfn t\u00ednh c\u1ee7a b\u00e1t rung SWOER: Chuy\u1ec3n ti\u1ebfp ph\u00f4i \u0111\u00e3 \u0111\u1ecbnh h\u01b0\u1edbng v\u1edbi \u0111\u1ed9 \u1ed5n \u0111\u1ecbnh v\u00e0 t\u1ed1c \u0111\u1ed9 cao. Gi\u1ea3m thi\u1ec3u rung l\u1eafc, \u0111\u1ea3m b\u1ea3o ph\u00f4i kh\u00f4ng b\u1ecb l\u1eadt.","og_url":"https:\/\/swoer.vn\/ja\/manufacturer\/bo-nap-tuyen-tinh-cua-bat-rung\/","og_site_name":"Nh\u00e0 s\u1ea3n xu\u1ea5t m\u00e1y c\u1ea5p li\u1ec7u c\u00f4ng nghi\u1ec7p","article_modified_time":"2025-10-01T10:10:28+00:00","og_image":[{"width":800,"height":800,"url":"https:\/\/swoer.vn\/wp-content\/uploads\/2025\/09\/bo-cap-lieu-linh-hoat-1.png","type":"image\/png"}],"twitter_card":"summary_large_image","twitter_misc":{"\u63a8\u5b9a\u8aad\u307f\u53d6\u308a\u6642\u9593":"3\u5206"},"schema":{"@context":"https:\/\/schema.org","@graph":[{"@type":"WebPage","@id":"https:\/\/swoer.vn\/manufacturer\/bo-nap-tuyen-tinh-cua-bat-rung\/","url":"https:\/\/swoer.vn\/manufacturer\/bo-nap-tuyen-tinh-cua-bat-rung\/","name":"B\u1ed9 n\u1ea1p tuy\u1ebfn t\u00ednh c\u1ee7a b\u00e1t rung - Nh\u00e0 s\u1ea3n xu\u1ea5t m\u00e1y c\u1ea5p li\u1ec7u c\u00f4ng nghi\u1ec7p","isPartOf":{"@id":"https:\/\/swoer.vn\/#website"},"primaryImageOfPage":{"@id":"https:\/\/swoer.vn\/manufacturer\/bo-nap-tuyen-tinh-cua-bat-rung\/#primaryimage"},"image":{"@id":"https:\/\/swoer.vn\/manufacturer\/bo-nap-tuyen-tinh-cua-bat-rung\/#primaryimage"},"thumbnailUrl":"https:\/\/swoer.vn\/wp-content\/uploads\/2025\/09\/bo-cap-lieu-linh-hoat-1.png","datePublished":"2025-09-30T08:34:24+00:00","dateModified":"2025-10-01T10:10:28+00:00","description":"B\u1ed9 n\u1ea1p tuy\u1ebfn t\u00ednh c\u1ee7a b\u00e1t rung SWOER: Chuy\u1ec3n ti\u1ebfp ph\u00f4i \u0111\u00e3 \u0111\u1ecbnh h\u01b0\u1edbng v\u1edbi \u0111\u1ed9 \u1ed5n \u0111\u1ecbnh v\u00e0 t\u1ed1c \u0111\u1ed9 cao. Gi\u1ea3m thi\u1ec3u rung l\u1eafc, \u0111\u1ea3m b\u1ea3o ph\u00f4i kh\u00f4ng b\u1ecb l\u1eadt.","breadcrumb":{"@id":"https:\/\/swoer.vn\/manufacturer\/bo-nap-tuyen-tinh-cua-bat-rung\/#breadcrumb"},"inLanguage":"ja","potentialAction":[{"@type":"ReadAction","target":["https:\/\/swoer.vn\/manufacturer\/bo-nap-tuyen-tinh-cua-bat-rung\/"]}]},{"@type":"ImageObject","inLanguage":"ja","@id":"https:\/\/swoer.vn\/manufacturer\/bo-nap-tuyen-tinh-cua-bat-rung\/#primaryimage","url":"https:\/\/swoer.vn\/wp-content\/uploads\/2025\/09\/bo-cap-lieu-linh-hoat-1.png","contentUrl":"https:\/\/swoer.vn\/wp-content\/uploads\/2025\/09\/bo-cap-lieu-linh-hoat-1.png","width":800,"height":800,"caption":"bo\u0323\u0302 ca\u0302\u0301p lie\u0323\u0302u linh hoa\u0323t (1)"},{"@type":"BreadcrumbList","@id":"https:\/\/swoer.vn\/manufacturer\/bo-nap-tuyen-tinh-cua-bat-rung\/#breadcrumb","itemListElement":[{"@type":"ListItem","position":1,"name":"Home","item":"https:\/\/swoer.vn\/"},{"@type":"ListItem","position":2,"name":"S\u1ea3n ph\u1ea9m","item":"https:\/\/swoer.vn\/shop\/"},{"@type":"ListItem","position":3,"name":"B\u1ed9 n\u1ea1p tuy\u1ebfn t\u00ednh c\u1ee7a b\u00e1t rung"}]},{"@type":"WebSite","@id":"https:\/\/swoer.vn\/#website","url":"https:\/\/swoer.vn\/","name":"\u5de5\u696d\u7528\u30d5\u30a3\u30fc\u30c0\u30fc\u30e1\u30fc\u30ab\u30fc","description":"\u30ed\u30dc\u30c3\u30c8\u3001\u30d5\u30ec\u30ad\u30b7\u30d6\u30eb\u30d5\u30a3\u30fc\u30c0\u30fc\u3001\u9060\u5fc3\u30d5\u30a3\u30fc\u30c0\u30fc\u3001\u81ea\u52d5\u632f\u52d5\u30d5\u30a3\u30fc\u30c0\u30fc\u306e\u30b5\u30d7\u30e9\u30a4\u30e4\u30fc","potentialAction":[{"@type":"SearchAction","target":{"@type":"EntryPoint","urlTemplate":"https:\/\/swoer.vn\/?s={search_term_string}"},"query-input":{"@type":"PropertyValueSpecification","valueRequired":true,"valueName":"search_term_string"}}],"inLanguage":"ja"}]}},"_links":{"self":[{"href":"https:\/\/swoer.vn\/ja\/wp-json\/wp\/v2\/product\/4891","targetHints":{"allow":["GET"]}}],"collection":[{"href":"https:\/\/swoer.vn\/ja\/wp-json\/wp\/v2\/product"}],"about":[{"href":"https:\/\/swoer.vn\/ja\/wp-json\/wp\/v2\/types\/product"}],"replies":[{"embeddable":true,"href":"https:\/\/swoer.vn\/ja\/wp-json\/wp\/v2\/comments?post=4891"}],"wp:featuredmedia":[{"embeddable":true,"href":"https:\/\/swoer.vn\/ja\/wp-json\/wp\/v2\/media\/4928"}],"wp:attachment":[{"href":"https:\/\/swoer.vn\/ja\/wp-json\/wp\/v2\/media?parent=4891"}],"wp:term":[{"taxonomy":"product_brand","embeddable":true,"href":"https:\/\/swoer.vn\/ja\/wp-json\/wp\/v2\/product_brand?post=4891"},{"taxonomy":"product_cat","embeddable":true,"href":"https:\/\/swoer.vn\/ja\/wp-json\/wp\/v2\/product_cat?post=4891"},{"taxonomy":"product_tag","embeddable":true,"href":"https:\/\/swoer.vn\/ja\/wp-json\/wp\/v2\/product_tag?post=4891"}],"curies":[{"name":"wp","href":"https:\/\/api.w.org\/{rel}","templated":true}]}}