{"id":4889,"date":"2025-09-30T15:27:16","date_gmt":"2025-09-30T08:27:16","guid":{"rendered":"https:\/\/swoer.vn\/?post_type=product&#038;p=4889"},"modified":"2025-09-30T15:27:17","modified_gmt":"2025-09-30T08:27:17","slug":"may-lap-rap-nap-nhua-nhom-tu-dong","status":"publish","type":"product","link":"https:\/\/swoer.vn\/ja\/manufacturer\/may-lap-rap-nap-nhua-nhom-tu-dong\/","title":{"rendered":"M\u00e1y l\u1eafp r\u00e1p n\u1eafp nh\u1ef1a nh\u00f4m t\u1ef1 \u0111\u1ed9ng"},"content":{"rendered":"<h2><span style=\"font-weight: 400;\">\u88fd\u54c1\u4ed5\u69d8:<\/span><\/h2>\n<table>\n<tbody>\n<tr>\n<td><span style=\"font-weight: 400;\">M\u00e3 s\u1ea3n ph\u1ea9m<\/span><\/td>\n<td><span style=\"font-weight: 400;\">Automatic Aluminum Plastic Cap Assembly Machine<\/span><\/td>\n<\/tr>\n<tr>\n<td><span style=\"font-weight: 400;\">C\u00f4ng su\u1ea5t \u0111\u1ed9ng c\u01a1 (kW)<\/span><\/td>\n<td><span style=\"font-weight: 400;\">1 \u0111\u1ebfn 10<\/span><\/td>\n<\/tr>\n<tr>\n<td><span style=\"font-weight: 400;\">Lead Time<\/span><\/td>\n<td><span style=\"font-weight: 400;\">1 &#8211; 14 ng\u00e0y<\/span><\/td>\n<\/tr>\n<tr>\n<td><span style=\"font-weight: 400;\">Appearance<\/span><\/td>\n<td><span style=\"font-weight: 400;\">Open-type<\/span><\/td>\n<\/tr>\n<tr>\n<td><span style=\"font-weight: 400;\">Warranty<\/span><\/td>\n<td><span style=\"font-weight: 400;\">1\u5e74<\/span><\/td>\n<\/tr>\n<tr>\n<td><span style=\"font-weight: 400;\">Installation Slope<\/span><\/td>\n<td><span style=\"font-weight: 400;\">Customized<\/span><\/td>\n<\/tr>\n<tr>\n<td><span style=\"font-weight: 400;\">Overall Dimension<\/span><\/td>\n<td><span style=\"font-weight: 400;\">Customized<\/span><\/td>\n<\/tr>\n<tr>\n<td><span style=\"font-weight: 400;\">Xu\u1ea5t x\u1ee9<\/span><\/td>\n<td><span style=\"font-weight: 400;\">\u4e2d\u56fd<\/span><\/td>\n<\/tr>\n<tr>\n<td><span style=\"font-weight: 400;\">S\u1ee9c ch\u1ee9a<\/span><\/td>\n<td><span style=\"font-weight: 400;\">150 &#8211; 300<\/span><\/td>\n<\/tr>\n<tr>\n<td><span style=\"font-weight: 400;\">Movement Mode\u00a0<\/span><\/td>\n<td><span style=\"font-weight: 400;\">Linear<\/span><\/td>\n<\/tr>\n<tr>\n<td><span style=\"font-weight: 400;\">After-sales Service<\/span><\/td>\n<td><span style=\"font-weight: 400;\">1\u5e74<\/span><\/td>\n<\/tr>\n<tr>\n<td><span style=\"font-weight: 400;\">Max Feeding (mm)<\/span><\/td>\n<td><span style=\"font-weight: 400;\">Customized<\/span><\/td>\n<\/tr>\n<tr>\n<td><span style=\"font-weight: 400;\">Chute Size (mm)<\/span><\/td>\n<td><span style=\"font-weight: 400;\">Customized<\/span><\/td>\n<\/tr>\n<tr>\n<td><span style=\"font-weight: 400;\">Nh\u00e3n hi\u1ec7u<\/span><\/td>\n<td><span style=\"font-weight: 400;\">\u8a93\u3046<\/span><\/td>\n<\/tr>\n<tr>\n<td><span style=\"font-weight: 400;\">\u6750\u6599<\/span><\/td>\n<td><span style=\"font-weight: 400;\">AL7075 \/ SUS304<\/span><\/td>\n<\/tr>\n<tr>\n<td><span style=\"font-weight: 400;\">\u96fb\u5727<\/span><\/td>\n<td><span style=\"font-weight: 400;\">220 V<\/span><\/td>\n<\/tr>\n<tr>\n<td><span style=\"font-weight: 400;\">Ngu\u1ed3n<\/span><\/td>\n<td><span style=\"font-weight: 400;\">65W \/150W \/180W \/ 220W \/ 350W<\/span><\/td>\n<\/tr>\n<tr>\n<td><span style=\"font-weight: 400;\">X\u00e1c th\u1ef1c<\/span><\/td>\n<td><span style=\"font-weight: 400;\">CE, ROHS, ISO9001<\/span><\/td>\n<\/tr>\n<\/tbody>\n<\/table>\n<p>&nbsp;<\/p>","protected":false},"excerpt":{"rendered":"<p><b>M\u00e1y l\u1eafp r\u00e1p n\u1eafp nh\u1ef1a nh\u00f4m t\u1ef1 \u0111\u1ed9ng<\/b> c\u1ee7a SWOER l\u00e0 gi\u1ea3i ph\u00e1p t\u1ed1i \u01b0u cho vi\u1ec7c l\u1eafp r\u00e1p c\u00e1c lo\u1ea1i n\u1eafp bao b\u00ec ph\u1ee9c t\u1ea1p, c\u1ea5u t\u1ea1o t\u1eeb hai v\u1eadt li\u1ec7u kh\u00e1c nhau (th\u01b0\u1eddng l\u00e0 v\u1ecf ngo\u00e0i b\u1eb1ng nh\u00f4m v\u00e0 c\u01a1 c\u1ea5u b\u00ean trong b\u1eb1ng nh\u1ef1a). M\u00e1y s\u1eed d\u1ee5ng h\u1ec7 th\u1ed1ng c\u1ea5p li\u1ec7u k\u00e9p v\u00e0 <b>c\u01a1 c\u1ea5u robot ch\u00ednh x\u00e1c<\/b> \u0111\u1ec3 \u0111\u1ecbnh v\u1ecb, c\u0103n ch\u1ec9nh v\u00e0 l\u1eafp r\u00e1p hai th\u00e0nh ph\u1ea7n n\u00e0y v\u1edbi nhau. C\u00f4ng ngh\u1ec7 n\u00e0y \u0111\u1ea3m b\u1ea3o l\u1ef1c \u00e9p\/si\u1ebft \u0111\u01b0\u1ee3c ki\u1ec3m so\u00e1t ho\u00e0n h\u1ea3o, t\u1ea1o ra m\u1ed9t s\u1ea3n ph\u1ea9m n\u1eafp ho\u00e0n ch\u1ec9nh v\u1edbi <b>\u0111\u1ed9 k\u00edn tuy\u1ec7t \u0111\u1ed1i v\u00e0 t\u00ednh th\u1ea9m m\u1ef9 cao<\/b>, lo\u1ea1i b\u1ecf c\u00e1c v\u1ea5n \u0111\u1ec1 v\u1ec1 bi\u1ebfn d\u1ea1ng hay l\u1eafp r\u00e1p l\u1ecfng l\u1ebbo. \u0110\u00e2y l\u00e0 kho\u1ea3n \u0111\u1ea7u t\u01b0 chi\u1ebfn l\u01b0\u1ee3c gi\u00fap t\u0103ng t\u1ed1c \u0111\u1ed9 s\u1ea3n xu\u1ea5t, gi\u1ea3m thi\u1ec3u sai s\u00f3t th\u1ee7 c\u00f4ng v\u00e0 n\u00e2ng cao ch\u1ea5t l\u01b0\u1ee3ng bao b\u00ec cho ng\u00e0nh d\u01b0\u1ee3c ph\u1ea9m, h\u00f3a m\u1ef9 ph\u1ea9m, hay th\u1ef1c ph\u1ea9m ch\u1ee9c n\u0103ng.<\/p>","protected":false},"featured_media":4890,"comment_status":"open","ping_status":"closed","template":"","meta":[],"product_brand":[],"product_cat":[142],"product_tag":[178,133,140],"class_list":{"0":"post-4889","1":"product","2":"type-product","3":"status-publish","4":"has-post-thumbnail","6":"product_cat-may-lap-rap-tu-dong","7":"product_tag-lap-rap-tu-dong-hoa","8":"product_tag-may-lap-rap","9":"product_tag-may-lap-rap-tu-dong","11":"first","12":"instock","13":"shipping-taxable","14":"product-type-simple"},"yoast_head":"<!-- This site is optimized with the Yoast SEO plugin v26.0 - https:\/\/yoast.com\/wordpress\/plugins\/seo\/ -->\n<title>M\u00e1y l\u1eafp r\u00e1p n\u1eafp nh\u1ef1a nh\u00f4m t\u1ef1 \u0111\u1ed9ng - Nh\u00e0 s\u1ea3n xu\u1ea5t m\u00e1y c\u1ea5p li\u1ec7u c\u00f4ng nghi\u1ec7p<\/title>\n<meta name=\"description\" content=\"M\u00e1y l\u1eafp r\u00e1p n\u1eafp nh\u1ef1a nh\u00f4m t\u1ef1 \u0111\u1ed9ng SWOER: L\u1eafp r\u00e1p ch\u00ednh x\u00e1c n\u1eafp hai th\u00e0nh ph\u1ea7n (nh\u1ef1a v\u00e0 nh\u00f4m) v\u1edbi t\u1ed1c \u0111\u1ed9 cao. \u0110\u1ea3m b\u1ea3o l\u1ef1c \u00e9p\/si\u1ebft ho\u00e0n h\u1ea3o, t\u1ed1i \u01b0u cho bao b\u00ec\" \/>\n<meta name=\"robots\" content=\"index, follow, max-snippet:-1, max-image-preview:large, max-video-preview:-1\" \/>\n<link rel=\"canonical\" href=\"https:\/\/swoer.vn\/ja\/manufacturer\/may-lap-rap-nap-nhua-nhom-tu-dong\/\" \/>\n<meta property=\"og:locale\" content=\"ja_JP\" \/>\n<meta property=\"og:type\" content=\"article\" \/>\n<meta property=\"og:title\" content=\"M\u00e1y l\u1eafp r\u00e1p n\u1eafp nh\u1ef1a nh\u00f4m t\u1ef1 \u0111\u1ed9ng - Nh\u00e0 s\u1ea3n xu\u1ea5t m\u00e1y c\u1ea5p li\u1ec7u c\u00f4ng nghi\u1ec7p\" \/>\n<meta property=\"og:description\" content=\"M\u00e1y l\u1eafp r\u00e1p n\u1eafp nh\u1ef1a nh\u00f4m t\u1ef1 \u0111\u1ed9ng SWOER: L\u1eafp r\u00e1p ch\u00ednh x\u00e1c n\u1eafp hai th\u00e0nh ph\u1ea7n (nh\u1ef1a v\u00e0 nh\u00f4m) v\u1edbi t\u1ed1c \u0111\u1ed9 cao. \u0110\u1ea3m b\u1ea3o l\u1ef1c \u00e9p\/si\u1ebft ho\u00e0n h\u1ea3o, t\u1ed1i \u01b0u cho bao b\u00ec\" \/>\n<meta property=\"og:url\" content=\"https:\/\/swoer.vn\/ja\/manufacturer\/may-lap-rap-nap-nhua-nhom-tu-dong\/\" \/>\n<meta property=\"og:site_name\" content=\"Nh\u00e0 s\u1ea3n xu\u1ea5t m\u00e1y c\u1ea5p li\u1ec7u c\u00f4ng nghi\u1ec7p\" \/>\n<meta property=\"article:modified_time\" content=\"2025-09-30T08:27:17+00:00\" \/>\n<meta property=\"og:image\" content=\"https:\/\/swoer.vn\/wp-content\/uploads\/2025\/09\/May-lap-rap-nap-nhua-nhom-tu-dong.png\" \/>\n\t<meta property=\"og:image:width\" content=\"800\" \/>\n\t<meta property=\"og:image:height\" content=\"800\" \/>\n\t<meta property=\"og:image:type\" content=\"image\/png\" \/>\n<meta name=\"twitter:card\" content=\"summary_large_image\" \/>\n<meta name=\"twitter:label1\" content=\"\u63a8\u5b9a\u8aad\u307f\u53d6\u308a\u6642\u9593\" \/>\n\t<meta name=\"twitter:data1\" content=\"1\u5206\" \/>\n<script type=\"application\/ld+json\" class=\"yoast-schema-graph\">{\"@context\":\"https:\/\/schema.org\",\"@graph\":[{\"@type\":\"WebPage\",\"@id\":\"https:\/\/swoer.vn\/manufacturer\/may-lap-rap-nap-nhua-nhom-tu-dong\/\",\"url\":\"https:\/\/swoer.vn\/manufacturer\/may-lap-rap-nap-nhua-nhom-tu-dong\/\",\"name\":\"M\u00e1y l\u1eafp r\u00e1p n\u1eafp nh\u1ef1a nh\u00f4m t\u1ef1 \u0111\u1ed9ng - Nh\u00e0 s\u1ea3n xu\u1ea5t m\u00e1y c\u1ea5p li\u1ec7u c\u00f4ng nghi\u1ec7p\",\"isPartOf\":{\"@id\":\"https:\/\/swoer.vn\/#website\"},\"primaryImageOfPage\":{\"@id\":\"https:\/\/swoer.vn\/manufacturer\/may-lap-rap-nap-nhua-nhom-tu-dong\/#primaryimage\"},\"image\":{\"@id\":\"https:\/\/swoer.vn\/manufacturer\/may-lap-rap-nap-nhua-nhom-tu-dong\/#primaryimage\"},\"thumbnailUrl\":\"https:\/\/swoer.vn\/wp-content\/uploads\/2025\/09\/May-lap-rap-nap-nhua-nhom-tu-dong.png\",\"datePublished\":\"2025-09-30T08:27:16+00:00\",\"dateModified\":\"2025-09-30T08:27:17+00:00\",\"description\":\"M\u00e1y l\u1eafp r\u00e1p n\u1eafp nh\u1ef1a nh\u00f4m t\u1ef1 \u0111\u1ed9ng SWOER: L\u1eafp r\u00e1p ch\u00ednh x\u00e1c n\u1eafp hai th\u00e0nh ph\u1ea7n (nh\u1ef1a v\u00e0 nh\u00f4m) v\u1edbi t\u1ed1c \u0111\u1ed9 cao. \u0110\u1ea3m b\u1ea3o l\u1ef1c \u00e9p\/si\u1ebft ho\u00e0n h\u1ea3o, t\u1ed1i \u01b0u cho bao b\u00ec\",\"breadcrumb\":{\"@id\":\"https:\/\/swoer.vn\/manufacturer\/may-lap-rap-nap-nhua-nhom-tu-dong\/#breadcrumb\"},\"inLanguage\":\"ja\",\"potentialAction\":[{\"@type\":\"ReadAction\",\"target\":[\"https:\/\/swoer.vn\/manufacturer\/may-lap-rap-nap-nhua-nhom-tu-dong\/\"]}]},{\"@type\":\"ImageObject\",\"inLanguage\":\"ja\",\"@id\":\"https:\/\/swoer.vn\/manufacturer\/may-lap-rap-nap-nhua-nhom-tu-dong\/#primaryimage\",\"url\":\"https:\/\/swoer.vn\/wp-content\/uploads\/2025\/09\/May-lap-rap-nap-nhua-nhom-tu-dong.png\",\"contentUrl\":\"https:\/\/swoer.vn\/wp-content\/uploads\/2025\/09\/May-lap-rap-nap-nhua-nhom-tu-dong.png\",\"width\":800,\"height\":800,\"caption\":\"M\u00e1y l\u1eafp r\u00e1p n\u1eafp nh\u1ef1a nh\u00f4m t\u1ef1 \u0111\u1ed9ng\"},{\"@type\":\"BreadcrumbList\",\"@id\":\"https:\/\/swoer.vn\/manufacturer\/may-lap-rap-nap-nhua-nhom-tu-dong\/#breadcrumb\",\"itemListElement\":[{\"@type\":\"ListItem\",\"position\":1,\"name\":\"Home\",\"item\":\"https:\/\/swoer.vn\/\"},{\"@type\":\"ListItem\",\"position\":2,\"name\":\"S\u1ea3n ph\u1ea9m\",\"item\":\"https:\/\/swoer.vn\/shop\/\"},{\"@type\":\"ListItem\",\"position\":3,\"name\":\"M\u00e1y l\u1eafp r\u00e1p n\u1eafp nh\u1ef1a nh\u00f4m t\u1ef1 \u0111\u1ed9ng\"}]},{\"@type\":\"WebSite\",\"@id\":\"https:\/\/swoer.vn\/#website\",\"url\":\"https:\/\/swoer.vn\/\",\"name\":\"Nh\u00e0 s\u1ea3n xu\u1ea5t m\u00e1y c\u1ea5p li\u1ec7u c\u00f4ng nghi\u1ec7p\",\"description\":\"Nh\u00e0 cung c\u1ea5p robot, m\u00e1y c\u1ea5p li\u1ec7u linh ho\u1ea1t, m\u00e1y c\u1ea5p li\u1ec7u ly t\u00e2m, m\u00e1y c\u1ea5p li\u1ec7u rung t\u1ef1 \u0111\u1ed9ng\",\"potentialAction\":[{\"@type\":\"SearchAction\",\"target\":{\"@type\":\"EntryPoint\",\"urlTemplate\":\"https:\/\/swoer.vn\/?s={search_term_string}\"},\"query-input\":{\"@type\":\"PropertyValueSpecification\",\"valueRequired\":true,\"valueName\":\"search_term_string\"}}],\"inLanguage\":\"ja\"}]}<\/script>\n<!-- \/ Yoast SEO plugin. -->","yoast_head_json":{"title":"M\u00e1y l\u1eafp r\u00e1p n\u1eafp nh\u1ef1a nh\u00f4m t\u1ef1 \u0111\u1ed9ng - Nh\u00e0 s\u1ea3n xu\u1ea5t m\u00e1y c\u1ea5p li\u1ec7u c\u00f4ng nghi\u1ec7p","description":"M\u00e1y l\u1eafp r\u00e1p n\u1eafp nh\u1ef1a nh\u00f4m t\u1ef1 \u0111\u1ed9ng SWOER: L\u1eafp r\u00e1p ch\u00ednh x\u00e1c n\u1eafp hai th\u00e0nh ph\u1ea7n (nh\u1ef1a v\u00e0 nh\u00f4m) v\u1edbi t\u1ed1c \u0111\u1ed9 cao. \u0110\u1ea3m b\u1ea3o l\u1ef1c \u00e9p\/si\u1ebft ho\u00e0n h\u1ea3o, t\u1ed1i \u01b0u cho bao b\u00ec","robots":{"index":"index","follow":"follow","max-snippet":"max-snippet:-1","max-image-preview":"max-image-preview:large","max-video-preview":"max-video-preview:-1"},"canonical":"https:\/\/swoer.vn\/ja\/manufacturer\/may-lap-rap-nap-nhua-nhom-tu-dong\/","og_locale":"ja_JP","og_type":"article","og_title":"M\u00e1y l\u1eafp r\u00e1p n\u1eafp nh\u1ef1a nh\u00f4m t\u1ef1 \u0111\u1ed9ng - Nh\u00e0 s\u1ea3n xu\u1ea5t m\u00e1y c\u1ea5p li\u1ec7u c\u00f4ng nghi\u1ec7p","og_description":"M\u00e1y l\u1eafp r\u00e1p n\u1eafp nh\u1ef1a nh\u00f4m t\u1ef1 \u0111\u1ed9ng SWOER: L\u1eafp r\u00e1p ch\u00ednh x\u00e1c n\u1eafp hai th\u00e0nh ph\u1ea7n (nh\u1ef1a v\u00e0 nh\u00f4m) v\u1edbi t\u1ed1c \u0111\u1ed9 cao. \u0110\u1ea3m b\u1ea3o l\u1ef1c \u00e9p\/si\u1ebft ho\u00e0n h\u1ea3o, t\u1ed1i \u01b0u cho bao b\u00ec","og_url":"https:\/\/swoer.vn\/ja\/manufacturer\/may-lap-rap-nap-nhua-nhom-tu-dong\/","og_site_name":"Nh\u00e0 s\u1ea3n xu\u1ea5t m\u00e1y c\u1ea5p li\u1ec7u c\u00f4ng nghi\u1ec7p","article_modified_time":"2025-09-30T08:27:17+00:00","og_image":[{"width":800,"height":800,"url":"https:\/\/swoer.vn\/wp-content\/uploads\/2025\/09\/May-lap-rap-nap-nhua-nhom-tu-dong.png","type":"image\/png"}],"twitter_card":"summary_large_image","twitter_misc":{"\u63a8\u5b9a\u8aad\u307f\u53d6\u308a\u6642\u9593":"1\u5206"},"schema":{"@context":"https:\/\/schema.org","@graph":[{"@type":"WebPage","@id":"https:\/\/swoer.vn\/manufacturer\/may-lap-rap-nap-nhua-nhom-tu-dong\/","url":"https:\/\/swoer.vn\/manufacturer\/may-lap-rap-nap-nhua-nhom-tu-dong\/","name":"M\u00e1y l\u1eafp r\u00e1p n\u1eafp nh\u1ef1a nh\u00f4m t\u1ef1 \u0111\u1ed9ng - Nh\u00e0 s\u1ea3n xu\u1ea5t m\u00e1y c\u1ea5p li\u1ec7u c\u00f4ng nghi\u1ec7p","isPartOf":{"@id":"https:\/\/swoer.vn\/#website"},"primaryImageOfPage":{"@id":"https:\/\/swoer.vn\/manufacturer\/may-lap-rap-nap-nhua-nhom-tu-dong\/#primaryimage"},"image":{"@id":"https:\/\/swoer.vn\/manufacturer\/may-lap-rap-nap-nhua-nhom-tu-dong\/#primaryimage"},"thumbnailUrl":"https:\/\/swoer.vn\/wp-content\/uploads\/2025\/09\/May-lap-rap-nap-nhua-nhom-tu-dong.png","datePublished":"2025-09-30T08:27:16+00:00","dateModified":"2025-09-30T08:27:17+00:00","description":"M\u00e1y l\u1eafp r\u00e1p n\u1eafp nh\u1ef1a nh\u00f4m t\u1ef1 \u0111\u1ed9ng SWOER: L\u1eafp r\u00e1p ch\u00ednh x\u00e1c n\u1eafp hai th\u00e0nh ph\u1ea7n (nh\u1ef1a v\u00e0 nh\u00f4m) v\u1edbi t\u1ed1c \u0111\u1ed9 cao. \u0110\u1ea3m b\u1ea3o l\u1ef1c \u00e9p\/si\u1ebft ho\u00e0n h\u1ea3o, t\u1ed1i \u01b0u cho bao b\u00ec","breadcrumb":{"@id":"https:\/\/swoer.vn\/manufacturer\/may-lap-rap-nap-nhua-nhom-tu-dong\/#breadcrumb"},"inLanguage":"ja","potentialAction":[{"@type":"ReadAction","target":["https:\/\/swoer.vn\/manufacturer\/may-lap-rap-nap-nhua-nhom-tu-dong\/"]}]},{"@type":"ImageObject","inLanguage":"ja","@id":"https:\/\/swoer.vn\/manufacturer\/may-lap-rap-nap-nhua-nhom-tu-dong\/#primaryimage","url":"https:\/\/swoer.vn\/wp-content\/uploads\/2025\/09\/May-lap-rap-nap-nhua-nhom-tu-dong.png","contentUrl":"https:\/\/swoer.vn\/wp-content\/uploads\/2025\/09\/May-lap-rap-nap-nhua-nhom-tu-dong.png","width":800,"height":800,"caption":"M\u00e1y l\u1eafp r\u00e1p n\u1eafp nh\u1ef1a nh\u00f4m t\u1ef1 \u0111\u1ed9ng"},{"@type":"BreadcrumbList","@id":"https:\/\/swoer.vn\/manufacturer\/may-lap-rap-nap-nhua-nhom-tu-dong\/#breadcrumb","itemListElement":[{"@type":"ListItem","position":1,"name":"Home","item":"https:\/\/swoer.vn\/"},{"@type":"ListItem","position":2,"name":"S\u1ea3n ph\u1ea9m","item":"https:\/\/swoer.vn\/shop\/"},{"@type":"ListItem","position":3,"name":"M\u00e1y l\u1eafp r\u00e1p n\u1eafp nh\u1ef1a nh\u00f4m t\u1ef1 \u0111\u1ed9ng"}]},{"@type":"WebSite","@id":"https:\/\/swoer.vn\/#website","url":"https:\/\/swoer.vn\/","name":"\u5de5\u696d\u7528\u30d5\u30a3\u30fc\u30c0\u30fc\u30e1\u30fc\u30ab\u30fc","description":"\u30ed\u30dc\u30c3\u30c8\u3001\u30d5\u30ec\u30ad\u30b7\u30d6\u30eb\u30d5\u30a3\u30fc\u30c0\u30fc\u3001\u9060\u5fc3\u30d5\u30a3\u30fc\u30c0\u30fc\u3001\u81ea\u52d5\u632f\u52d5\u30d5\u30a3\u30fc\u30c0\u30fc\u306e\u30b5\u30d7\u30e9\u30a4\u30e4\u30fc","potentialAction":[{"@type":"SearchAction","target":{"@type":"EntryPoint","urlTemplate":"https:\/\/swoer.vn\/?s={search_term_string}"},"query-input":{"@type":"PropertyValueSpecification","valueRequired":true,"valueName":"search_term_string"}}],"inLanguage":"ja"}]}},"_links":{"self":[{"href":"https:\/\/swoer.vn\/ja\/wp-json\/wp\/v2\/product\/4889","targetHints":{"allow":["GET"]}}],"collection":[{"href":"https:\/\/swoer.vn\/ja\/wp-json\/wp\/v2\/product"}],"about":[{"href":"https:\/\/swoer.vn\/ja\/wp-json\/wp\/v2\/types\/product"}],"replies":[{"embeddable":true,"href":"https:\/\/swoer.vn\/ja\/wp-json\/wp\/v2\/comments?post=4889"}],"wp:featuredmedia":[{"embeddable":true,"href":"https:\/\/swoer.vn\/ja\/wp-json\/wp\/v2\/media\/4890"}],"wp:attachment":[{"href":"https:\/\/swoer.vn\/ja\/wp-json\/wp\/v2\/media?parent=4889"}],"wp:term":[{"taxonomy":"product_brand","embeddable":true,"href":"https:\/\/swoer.vn\/ja\/wp-json\/wp\/v2\/product_brand?post=4889"},{"taxonomy":"product_cat","embeddable":true,"href":"https:\/\/swoer.vn\/ja\/wp-json\/wp\/v2\/product_cat?post=4889"},{"taxonomy":"product_tag","embeddable":true,"href":"https:\/\/swoer.vn\/ja\/wp-json\/wp\/v2\/product_tag?post=4889"}],"curies":[{"name":"wp","href":"https:\/\/api.w.org\/{rel}","templated":true}]}}