{"id":4699,"date":"2025-09-22T16:31:41","date_gmt":"2025-09-22T09:31:41","guid":{"rendered":"https:\/\/swoer.vn\/?post_type=product&#038;p=4699"},"modified":"2025-09-22T16:31:41","modified_gmt":"2025-09-22T09:31:41","slug":"may-lap-rap-phich-cam-tu-dong","status":"publish","type":"product","link":"https:\/\/swoer.vn\/ja\/manufacturer\/may-lap-rap-phich-cam-tu-dong\/","title":{"rendered":"M\u00e1y l\u1eafp r\u00e1p ph\u00edch c\u1eafm t\u1ef1 \u0111\u1ed9ng"},"content":{"rendered":"<h2><span style=\"font-weight: 400;\">\u88fd\u54c1\u4ed5\u69d8:<\/span><\/h2>\n<table>\n<tbody>\n<tr>\n<td><span style=\"font-weight: 400;\">\u96fb\u5727<\/span><\/td>\n<td><span style=\"font-weight: 400;\">AC 220V\/50Hz<\/span><\/td>\n<\/tr>\n<tr>\n<td><span style=\"font-weight: 400;\">M\u1ee9c \u0111\u1ed9 t\u1ef1 \u0111\u1ed9ng h\u00f3a<\/span><\/td>\n<td><span style=\"font-weight: 400;\">T\u1ef1 \u0111\u1ed9ng<\/span><\/td>\n<\/tr>\n<tr>\n<td><span style=\"font-weight: 400;\">C\u00f4ng su\u1ea5t m\u00e1y<\/span><\/td>\n<td><span style=\"font-weight: 400;\">1000 &#8211; 1200 pcs\/gi\u1edd<\/span><\/td>\n<\/tr>\n<tr>\n<td><span style=\"font-weight: 400;\">Thi\u1ebft b\u1ecb ch\u00ednh<\/span><\/td>\n<td><span style=\"font-weight: 400;\">PLC, Xi lanh, \u0110\u1ed9ng c\u01a1<\/span><\/td>\n<\/tr>\n<tr>\n<td><span style=\"font-weight: 400;\">\u5546\u6a19<\/span><\/td>\n<td><span style=\"font-weight: 400;\">\u8a93\u3046<\/span><\/td>\n<\/tr>\n<tr>\n<td><span style=\"font-weight: 400;\">Xu\u1ea5t x\u1ee9<\/span><\/td>\n<td><span style=\"font-weight: 400;\">\u4e2d\u56fd<\/span><\/td>\n<\/tr>\n<tr>\n<td><span style=\"font-weight: 400;\">\u6750\u6599<\/span><\/td>\n<td><span style=\"font-weight: 400;\">Th\u00e9p, Nh\u00f4m<\/span><\/td>\n<\/tr>\n<tr>\n<td><span style=\"font-weight: 400;\">M\u00e0u v\u1ecf<\/span><\/td>\n<td><span style=\"font-weight: 400;\">Tr\u1eafng, Xanh d\u01b0\u01a1ng<\/span><\/td>\n<\/tr>\n<tr>\n<td><span style=\"font-weight: 400;\">\u00c1p su\u1ea5t kh\u00ed<\/span><\/td>\n<td><span style=\"font-weight: 400;\">0,5 MPa tr\u1edf l\u00ean<\/span><\/td>\n<\/tr>\n<tr>\n<td><span style=\"font-weight: 400;\">\u6700\u5c0f\u6ce8\u6587\u6570\u91cf<\/span><\/td>\n<td><span style=\"font-weight: 400;\">1 m\u00e1y<\/span><\/td>\n<\/tr>\n<tr>\n<td><span style=\"font-weight: 400;\">Tr\u1ecdng l\u01b0\u1ee3ng m\u00e1y<\/span><\/td>\n<td><span style=\"font-weight: 400;\">1000 kg<\/span><\/td>\n<\/tr>\n<tr>\n<td><span style=\"font-weight: 400;\">V\u1eadt li\u1ec7u \u0111\u00f3ng g\u00f3i<\/span><\/td>\n<td><span style=\"font-weight: 400;\">Gi\u1ea5y b\u1ea1c, Nh\u1ef1a, G\u1ed7 d\u00e1n<\/span><\/td>\n<\/tr>\n<tr>\n<td><span style=\"font-weight: 400;\">Ki\u1ec3m tra b\u1eb1ng video<\/span><\/td>\n<td><span style=\"font-weight: 400;\">C\u00f3 s\u1eb5n<\/span><\/td>\n<\/tr>\n<tr>\n<td><span style=\"font-weight: 400;\">\u4fdd\u8a3c<\/span><\/td>\n<td><span style=\"font-weight: 400;\">1\u5e74<\/span><\/td>\n<\/tr>\n<\/tbody>\n<\/table>\n<h2><span style=\"font-weight: 400;\">\u52d5\u4f5c\u539f\u7406:<\/span><\/h2>\n<p><span style=\"font-weight: 400;\">Nguy\u00ean l\u00fd ho\u1ea1t \u0111\u1ed9ng c\u1ee7a m\u00e1y l\u1eafp r\u00e1p ph\u00edch c\u1eafm: v\u1edbi PLC l\u00e0m trung t\u00e2m \u0111i\u1ec1u khi\u1ec3n, c\u00e1c chi ti\u1ebft \u0111\u01b0\u1ee3c cung c\u1ea5p th\u00f4ng qua h\u1ec7 th\u1ed1ng c\u1ea5p li\u1ec7u, \u0111\u01b0\u1ee3c \u0111\u1ecbnh v\u1ecb v\u00e0 v\u1eadn chuy\u1ec3n b\u1eb1ng h\u1ec7 th\u1ed1ng x\u1eed l\u00fd t\u1ea5m \u0111\u1ecbnh v\u1ecb ch\u00ednh x\u00e1c, v\u00e0 qu\u00e1 tr\u00ecnh l\u1eafp r\u00e1p \u0111\u01b0\u1ee3c ho\u00e0n t\u1ea5t nh\u1edd c\u00e1c b\u1ed9 truy\u1ec1n \u0111\u1ed9ng kh\u00e1c nhau (\u00e9p, kh\u00f3a v\u00edt, h\u00e0n,&#8230;). C\u00e1c c\u1ea3m bi\u1ebfn v\u00e0 h\u1ec7 th\u1ed1ng h\u00ecnh \u1ea3nh ti\u00ean ti\u1ebfn \u0111\u01b0\u1ee3c s\u1eed d\u1ee5ng \u0111\u1ec3 gi\u00e1m s\u00e1t ch\u1ea5t l\u01b0\u1ee3ng c\u1ee7a to\u00e0n b\u1ed9 quy tr\u00ecnh, cu\u1ed1i c\u00f9ng \u0111\u1ea1t \u0111\u01b0\u1ee3c hi\u1ec7u qu\u1ea3 s\u1ea3n xu\u1ea5t ph\u00edch c\u1eafm cao, \u0111\u1ed9 ch\u00ednh x\u00e1c cao v\u00e0 ho\u00e0n to\u00e0n t\u1ef1 \u0111\u1ed9ng.<\/span><\/p>","protected":false},"excerpt":{"rendered":"<p>Trong ng\u00e0nh s\u1ea3n xu\u1ea5t \u0111i\u1ec7n t\u1eed v\u00e0 thi\u1ebft b\u1ecb \u0111i\u1ec7n, vi\u1ec7c l\u1eafp r\u00e1p ph\u00edch c\u1eafm \u0111\u00f2i h\u1ecfi \u0111\u1ed9 ch\u00ednh x\u00e1c cao. N\u00f3 gi\u00fap \u0111\u1ea3m b\u1ea3o an to\u00e0n v\u00e0 hi\u1ec7u su\u1ea5t. <b>M\u00e1y l\u1eafp r\u00e1p ph\u00edch c\u1eafm t\u1ef1 \u0111\u1ed9ng<\/b> c\u1ee7a SWOER l\u00e0 gi\u1ea3i ph\u00e1p chuy\u00ean bi\u1ec7t. M\u00e1y \u0111\u01b0\u1ee3c thi\u1ebft k\u1ebf \u0111\u1ec3 t\u1ef1 \u0111\u1ed9ng ho\u00e0n to\u00e0n quy tr\u00ecnh n\u00e0y. N\u00f3 c\u00f3 kh\u1ea3 n\u0103ng nh\u1eadn di\u1ec7n, \u0111\u1ecbnh v\u1ecb v\u00e0 l\u1eafp r\u00e1p c\u00e1c chi ti\u1ebft nh\u1ecf c\u1ee7a ph\u00edch c\u1eafm m\u1ed9t c\u00e1ch ch\u00ednh x\u00e1c. Gi\u1ea3i ph\u00e1p n\u00e0y gi\u00fap lo\u1ea1i b\u1ecf sai s\u00f3t do con ng\u01b0\u1eddi. \u0110\u1ed3ng th\u1eddi, n\u00f3 gi\u00fap n\u00e2ng cao n\u0103ng su\u1ea5t v\u00e0 \u0111\u1ea3m b\u1ea3o ch\u1ea5t l\u01b0\u1ee3ng s\u1ea3n ph\u1ea9m \u0111\u1ed3ng nh\u1ea5t.<\/p>","protected":false},"featured_media":4700,"comment_status":"open","ping_status":"closed","template":"","meta":[],"product_brand":[],"product_cat":[142],"product_tag":[178,133,140],"class_list":{"0":"post-4699","1":"product","2":"type-product","3":"status-publish","4":"has-post-thumbnail","6":"product_cat-may-lap-rap-tu-dong","7":"product_tag-lap-rap-tu-dong-hoa","8":"product_tag-may-lap-rap","9":"product_tag-may-lap-rap-tu-dong","11":"first","12":"instock","13":"shipping-taxable","14":"product-type-simple"},"yoast_head":"<!-- This site is optimized with the Yoast SEO plugin v26.0 - https:\/\/yoast.com\/wordpress\/plugins\/seo\/ -->\n<title>M\u00e1y l\u1eafp r\u00e1p ph\u00edch c\u1eafm t\u1ef1 \u0111\u1ed9ng - Nh\u00e0 s\u1ea3n xu\u1ea5t m\u00e1y c\u1ea5p li\u1ec7u c\u00f4ng nghi\u1ec7p<\/title>\n<meta name=\"description\" content=\"M\u00e1y l\u1eafp r\u00e1p ph\u00edch c\u1eafm t\u1ef1 \u0111\u1ed9ng SWOER: T\u1ef1 \u0111\u1ed9ng h\u00f3a quy tr\u00ecnh l\u1eafp r\u00e1p ph\u00edch c\u1eafm. N\u00e2ng cao n\u0103ng su\u1ea5t, \u0111\u1ea3m b\u1ea3o \u0111\u1ed9 ch\u00ednh x\u00e1c v\u00e0 an to\u00e0n.\" \/>\n<meta name=\"robots\" content=\"index, follow, max-snippet:-1, max-image-preview:large, max-video-preview:-1\" \/>\n<link rel=\"canonical\" href=\"https:\/\/swoer.vn\/ja\/manufacturer\/may-lap-rap-phich-cam-tu-dong\/\" \/>\n<meta property=\"og:locale\" content=\"ja_JP\" \/>\n<meta property=\"og:type\" content=\"article\" \/>\n<meta property=\"og:title\" content=\"M\u00e1y l\u1eafp r\u00e1p ph\u00edch c\u1eafm t\u1ef1 \u0111\u1ed9ng - Nh\u00e0 s\u1ea3n xu\u1ea5t m\u00e1y c\u1ea5p li\u1ec7u c\u00f4ng nghi\u1ec7p\" \/>\n<meta property=\"og:description\" content=\"M\u00e1y l\u1eafp r\u00e1p ph\u00edch c\u1eafm t\u1ef1 \u0111\u1ed9ng SWOER: T\u1ef1 \u0111\u1ed9ng h\u00f3a quy tr\u00ecnh l\u1eafp r\u00e1p ph\u00edch c\u1eafm. N\u00e2ng cao n\u0103ng su\u1ea5t, \u0111\u1ea3m b\u1ea3o \u0111\u1ed9 ch\u00ednh x\u00e1c v\u00e0 an to\u00e0n.\" \/>\n<meta property=\"og:url\" content=\"https:\/\/swoer.vn\/ja\/manufacturer\/may-lap-rap-phich-cam-tu-dong\/\" \/>\n<meta property=\"og:site_name\" content=\"Nh\u00e0 s\u1ea3n xu\u1ea5t m\u00e1y c\u1ea5p li\u1ec7u c\u00f4ng nghi\u1ec7p\" \/>\n<meta property=\"og:image\" content=\"https:\/\/swoer.vn\/wp-content\/uploads\/2025\/09\/May-lap-rap-phich-cam-tu-dong.png\" \/>\n\t<meta property=\"og:image:width\" content=\"800\" \/>\n\t<meta property=\"og:image:height\" content=\"800\" \/>\n\t<meta property=\"og:image:type\" content=\"image\/png\" \/>\n<meta name=\"twitter:card\" content=\"summary_large_image\" \/>\n<meta name=\"twitter:label1\" content=\"\u63a8\u5b9a\u8aad\u307f\u53d6\u308a\u6642\u9593\" \/>\n\t<meta name=\"twitter:data1\" content=\"2\u5206\" \/>\n<script type=\"application\/ld+json\" class=\"yoast-schema-graph\">{\"@context\":\"https:\/\/schema.org\",\"@graph\":[{\"@type\":\"WebPage\",\"@id\":\"https:\/\/swoer.vn\/manufacturer\/may-lap-rap-phich-cam-tu-dong\/\",\"url\":\"https:\/\/swoer.vn\/manufacturer\/may-lap-rap-phich-cam-tu-dong\/\",\"name\":\"M\u00e1y l\u1eafp r\u00e1p ph\u00edch c\u1eafm t\u1ef1 \u0111\u1ed9ng - Nh\u00e0 s\u1ea3n xu\u1ea5t m\u00e1y c\u1ea5p li\u1ec7u c\u00f4ng nghi\u1ec7p\",\"isPartOf\":{\"@id\":\"https:\/\/swoer.vn\/#website\"},\"primaryImageOfPage\":{\"@id\":\"https:\/\/swoer.vn\/manufacturer\/may-lap-rap-phich-cam-tu-dong\/#primaryimage\"},\"image\":{\"@id\":\"https:\/\/swoer.vn\/manufacturer\/may-lap-rap-phich-cam-tu-dong\/#primaryimage\"},\"thumbnailUrl\":\"https:\/\/swoer.vn\/wp-content\/uploads\/2025\/09\/May-lap-rap-phich-cam-tu-dong.png\",\"datePublished\":\"2025-09-22T09:31:41+00:00\",\"description\":\"M\u00e1y l\u1eafp r\u00e1p ph\u00edch c\u1eafm t\u1ef1 \u0111\u1ed9ng SWOER: T\u1ef1 \u0111\u1ed9ng h\u00f3a quy tr\u00ecnh l\u1eafp r\u00e1p ph\u00edch c\u1eafm. N\u00e2ng cao n\u0103ng su\u1ea5t, \u0111\u1ea3m b\u1ea3o \u0111\u1ed9 ch\u00ednh x\u00e1c v\u00e0 an to\u00e0n.\",\"breadcrumb\":{\"@id\":\"https:\/\/swoer.vn\/manufacturer\/may-lap-rap-phich-cam-tu-dong\/#breadcrumb\"},\"inLanguage\":\"ja\",\"potentialAction\":[{\"@type\":\"ReadAction\",\"target\":[\"https:\/\/swoer.vn\/manufacturer\/may-lap-rap-phich-cam-tu-dong\/\"]}]},{\"@type\":\"ImageObject\",\"inLanguage\":\"ja\",\"@id\":\"https:\/\/swoer.vn\/manufacturer\/may-lap-rap-phich-cam-tu-dong\/#primaryimage\",\"url\":\"https:\/\/swoer.vn\/wp-content\/uploads\/2025\/09\/May-lap-rap-phich-cam-tu-dong.png\",\"contentUrl\":\"https:\/\/swoer.vn\/wp-content\/uploads\/2025\/09\/May-lap-rap-phich-cam-tu-dong.png\",\"width\":800,\"height\":800,\"caption\":\"Ma\u0301y la\u0306\u0301p ra\u0301p phi\u0301ch ca\u0306\u0301m tu\u031b\u0323 \u0111o\u0323\u0302ng\"},{\"@type\":\"BreadcrumbList\",\"@id\":\"https:\/\/swoer.vn\/manufacturer\/may-lap-rap-phich-cam-tu-dong\/#breadcrumb\",\"itemListElement\":[{\"@type\":\"ListItem\",\"position\":1,\"name\":\"Home\",\"item\":\"https:\/\/swoer.vn\/\"},{\"@type\":\"ListItem\",\"position\":2,\"name\":\"S\u1ea3n ph\u1ea9m\",\"item\":\"https:\/\/swoer.vn\/shop\/\"},{\"@type\":\"ListItem\",\"position\":3,\"name\":\"M\u00e1y l\u1eafp r\u00e1p ph\u00edch c\u1eafm t\u1ef1 \u0111\u1ed9ng\"}]},{\"@type\":\"WebSite\",\"@id\":\"https:\/\/swoer.vn\/#website\",\"url\":\"https:\/\/swoer.vn\/\",\"name\":\"Nh\u00e0 s\u1ea3n xu\u1ea5t m\u00e1y c\u1ea5p li\u1ec7u c\u00f4ng nghi\u1ec7p\",\"description\":\"Nh\u00e0 cung c\u1ea5p robot, m\u00e1y c\u1ea5p li\u1ec7u linh ho\u1ea1t, m\u00e1y c\u1ea5p li\u1ec7u ly t\u00e2m, m\u00e1y c\u1ea5p li\u1ec7u rung t\u1ef1 \u0111\u1ed9ng\",\"potentialAction\":[{\"@type\":\"SearchAction\",\"target\":{\"@type\":\"EntryPoint\",\"urlTemplate\":\"https:\/\/swoer.vn\/?s={search_term_string}\"},\"query-input\":{\"@type\":\"PropertyValueSpecification\",\"valueRequired\":true,\"valueName\":\"search_term_string\"}}],\"inLanguage\":\"ja\"}]}<\/script>\n<!-- \/ Yoast SEO plugin. -->","yoast_head_json":{"title":"M\u00e1y l\u1eafp r\u00e1p ph\u00edch c\u1eafm t\u1ef1 \u0111\u1ed9ng - Nh\u00e0 s\u1ea3n xu\u1ea5t m\u00e1y c\u1ea5p li\u1ec7u c\u00f4ng nghi\u1ec7p","description":"M\u00e1y l\u1eafp r\u00e1p ph\u00edch c\u1eafm t\u1ef1 \u0111\u1ed9ng SWOER: T\u1ef1 \u0111\u1ed9ng h\u00f3a quy tr\u00ecnh l\u1eafp r\u00e1p ph\u00edch c\u1eafm. N\u00e2ng cao n\u0103ng su\u1ea5t, \u0111\u1ea3m b\u1ea3o \u0111\u1ed9 ch\u00ednh x\u00e1c v\u00e0 an to\u00e0n.","robots":{"index":"index","follow":"follow","max-snippet":"max-snippet:-1","max-image-preview":"max-image-preview:large","max-video-preview":"max-video-preview:-1"},"canonical":"https:\/\/swoer.vn\/ja\/manufacturer\/may-lap-rap-phich-cam-tu-dong\/","og_locale":"ja_JP","og_type":"article","og_title":"M\u00e1y l\u1eafp r\u00e1p ph\u00edch c\u1eafm t\u1ef1 \u0111\u1ed9ng - Nh\u00e0 s\u1ea3n xu\u1ea5t m\u00e1y c\u1ea5p li\u1ec7u c\u00f4ng nghi\u1ec7p","og_description":"M\u00e1y l\u1eafp r\u00e1p ph\u00edch c\u1eafm t\u1ef1 \u0111\u1ed9ng SWOER: T\u1ef1 \u0111\u1ed9ng h\u00f3a quy tr\u00ecnh l\u1eafp r\u00e1p ph\u00edch c\u1eafm. N\u00e2ng cao n\u0103ng su\u1ea5t, \u0111\u1ea3m b\u1ea3o \u0111\u1ed9 ch\u00ednh x\u00e1c v\u00e0 an to\u00e0n.","og_url":"https:\/\/swoer.vn\/ja\/manufacturer\/may-lap-rap-phich-cam-tu-dong\/","og_site_name":"Nh\u00e0 s\u1ea3n xu\u1ea5t m\u00e1y c\u1ea5p li\u1ec7u c\u00f4ng nghi\u1ec7p","og_image":[{"width":800,"height":800,"url":"https:\/\/swoer.vn\/wp-content\/uploads\/2025\/09\/May-lap-rap-phich-cam-tu-dong.png","type":"image\/png"}],"twitter_card":"summary_large_image","twitter_misc":{"\u63a8\u5b9a\u8aad\u307f\u53d6\u308a\u6642\u9593":"2\u5206"},"schema":{"@context":"https:\/\/schema.org","@graph":[{"@type":"WebPage","@id":"https:\/\/swoer.vn\/manufacturer\/may-lap-rap-phich-cam-tu-dong\/","url":"https:\/\/swoer.vn\/manufacturer\/may-lap-rap-phich-cam-tu-dong\/","name":"M\u00e1y l\u1eafp r\u00e1p ph\u00edch c\u1eafm t\u1ef1 \u0111\u1ed9ng - Nh\u00e0 s\u1ea3n xu\u1ea5t m\u00e1y c\u1ea5p li\u1ec7u c\u00f4ng nghi\u1ec7p","isPartOf":{"@id":"https:\/\/swoer.vn\/#website"},"primaryImageOfPage":{"@id":"https:\/\/swoer.vn\/manufacturer\/may-lap-rap-phich-cam-tu-dong\/#primaryimage"},"image":{"@id":"https:\/\/swoer.vn\/manufacturer\/may-lap-rap-phich-cam-tu-dong\/#primaryimage"},"thumbnailUrl":"https:\/\/swoer.vn\/wp-content\/uploads\/2025\/09\/May-lap-rap-phich-cam-tu-dong.png","datePublished":"2025-09-22T09:31:41+00:00","description":"M\u00e1y l\u1eafp r\u00e1p ph\u00edch c\u1eafm t\u1ef1 \u0111\u1ed9ng SWOER: T\u1ef1 \u0111\u1ed9ng h\u00f3a quy tr\u00ecnh l\u1eafp r\u00e1p ph\u00edch c\u1eafm. N\u00e2ng cao n\u0103ng su\u1ea5t, \u0111\u1ea3m b\u1ea3o \u0111\u1ed9 ch\u00ednh x\u00e1c v\u00e0 an to\u00e0n.","breadcrumb":{"@id":"https:\/\/swoer.vn\/manufacturer\/may-lap-rap-phich-cam-tu-dong\/#breadcrumb"},"inLanguage":"ja","potentialAction":[{"@type":"ReadAction","target":["https:\/\/swoer.vn\/manufacturer\/may-lap-rap-phich-cam-tu-dong\/"]}]},{"@type":"ImageObject","inLanguage":"ja","@id":"https:\/\/swoer.vn\/manufacturer\/may-lap-rap-phich-cam-tu-dong\/#primaryimage","url":"https:\/\/swoer.vn\/wp-content\/uploads\/2025\/09\/May-lap-rap-phich-cam-tu-dong.png","contentUrl":"https:\/\/swoer.vn\/wp-content\/uploads\/2025\/09\/May-lap-rap-phich-cam-tu-dong.png","width":800,"height":800,"caption":"Ma\u0301y la\u0306\u0301p ra\u0301p phi\u0301ch ca\u0306\u0301m tu\u031b\u0323 \u0111o\u0323\u0302ng"},{"@type":"BreadcrumbList","@id":"https:\/\/swoer.vn\/manufacturer\/may-lap-rap-phich-cam-tu-dong\/#breadcrumb","itemListElement":[{"@type":"ListItem","position":1,"name":"Home","item":"https:\/\/swoer.vn\/"},{"@type":"ListItem","position":2,"name":"S\u1ea3n ph\u1ea9m","item":"https:\/\/swoer.vn\/shop\/"},{"@type":"ListItem","position":3,"name":"M\u00e1y l\u1eafp r\u00e1p ph\u00edch c\u1eafm t\u1ef1 \u0111\u1ed9ng"}]},{"@type":"WebSite","@id":"https:\/\/swoer.vn\/#website","url":"https:\/\/swoer.vn\/","name":"\u5de5\u696d\u7528\u30d5\u30a3\u30fc\u30c0\u30fc\u30e1\u30fc\u30ab\u30fc","description":"\u30ed\u30dc\u30c3\u30c8\u3001\u30d5\u30ec\u30ad\u30b7\u30d6\u30eb\u30d5\u30a3\u30fc\u30c0\u30fc\u3001\u9060\u5fc3\u30d5\u30a3\u30fc\u30c0\u30fc\u3001\u81ea\u52d5\u632f\u52d5\u30d5\u30a3\u30fc\u30c0\u30fc\u306e\u30b5\u30d7\u30e9\u30a4\u30e4\u30fc","potentialAction":[{"@type":"SearchAction","target":{"@type":"EntryPoint","urlTemplate":"https:\/\/swoer.vn\/?s={search_term_string}"},"query-input":{"@type":"PropertyValueSpecification","valueRequired":true,"valueName":"search_term_string"}}],"inLanguage":"ja"}]}},"_links":{"self":[{"href":"https:\/\/swoer.vn\/ja\/wp-json\/wp\/v2\/product\/4699","targetHints":{"allow":["GET"]}}],"collection":[{"href":"https:\/\/swoer.vn\/ja\/wp-json\/wp\/v2\/product"}],"about":[{"href":"https:\/\/swoer.vn\/ja\/wp-json\/wp\/v2\/types\/product"}],"replies":[{"embeddable":true,"href":"https:\/\/swoer.vn\/ja\/wp-json\/wp\/v2\/comments?post=4699"}],"wp:featuredmedia":[{"embeddable":true,"href":"https:\/\/swoer.vn\/ja\/wp-json\/wp\/v2\/media\/4700"}],"wp:attachment":[{"href":"https:\/\/swoer.vn\/ja\/wp-json\/wp\/v2\/media?parent=4699"}],"wp:term":[{"taxonomy":"product_brand","embeddable":true,"href":"https:\/\/swoer.vn\/ja\/wp-json\/wp\/v2\/product_brand?post=4699"},{"taxonomy":"product_cat","embeddable":true,"href":"https:\/\/swoer.vn\/ja\/wp-json\/wp\/v2\/product_cat?post=4699"},{"taxonomy":"product_tag","embeddable":true,"href":"https:\/\/swoer.vn\/ja\/wp-json\/wp\/v2\/product_tag?post=4699"}],"curies":[{"name":"wp","href":"https:\/\/api.w.org\/{rel}","templated":true}]}}