{"id":4657,"date":"2025-09-19T14:56:15","date_gmt":"2025-09-19T07:56:15","guid":{"rendered":"https:\/\/swoer.vn\/?post_type=product&#038;p=4657"},"modified":"2025-09-19T14:56:16","modified_gmt":"2025-09-19T07:56:16","slug":"may-lap-rap-bo-dieu-nhiet-thiet-bi-lap-rap","status":"publish","type":"product","link":"https:\/\/swoer.vn\/ja\/manufacturer\/may-lap-rap-bo-dieu-nhiet-thiet-bi-lap-rap\/","title":{"rendered":"M\u00e1y l\u1eafp r\u00e1p b\u1ed9 \u0111i\u1ec1u nhi\u1ec7t thi\u1ebft b\u1ecb l\u1eafp r\u00e1p"},"content":{"rendered":"<h2><span style=\"font-weight: 400;\">\u88fd\u54c1\u4ed5\u69d8:<\/span><\/h2>\n<table>\n<tbody>\n<tr>\n<td><span style=\"font-weight: 400;\">M\u00e3 s\u1ea3n ph\u1ea9m<\/span><\/td>\n<td><span style=\"font-weight: 400;\">Thermostat Switch Assembly Machine<\/span><\/td>\n<\/tr>\n<tr>\n<td><span style=\"font-weight: 400;\">S\u1ea3n xu\u1ea5t<\/span><\/td>\n<td><span style=\"font-weight: 400;\">Li\u00ean t\u1ee5c<\/span><\/td>\n<\/tr>\n<tr>\n<td><span style=\"font-weight: 400;\">T\u1ef1 \u0111\u1ed9ng ho\u00e1<\/span><\/td>\n<td><span style=\"font-weight: 400;\">Automation<\/span><\/td>\n<\/tr>\n<tr>\n<td><span style=\"font-weight: 400;\">Lead Time<\/span><\/td>\n<td><span style=\"font-weight: 400;\">Within 30 days<\/span><\/td>\n<\/tr>\n<tr>\n<td><span style=\"font-weight: 400;\">Transmission Type<\/span><\/td>\n<td><span style=\"font-weight: 400;\">Flexible<\/span><\/td>\n<\/tr>\n<tr>\n<td><span style=\"font-weight: 400;\">Certification<\/span><\/td>\n<td><span style=\"font-weight: 400;\">CE<\/span><\/td>\n<\/tr>\n<tr>\n<td><span style=\"font-weight: 400;\">Rhythm<\/span><\/td>\n<td><span style=\"font-weight: 400;\">Flow Production Line<\/span><\/td>\n<\/tr>\n<tr>\n<td><span style=\"font-weight: 400;\">Nh\u00e3n hi\u1ec7u<\/span><\/td>\n<td><span style=\"font-weight: 400;\">\u8a93\u3046<\/span><\/td>\n<\/tr>\n<tr>\n<td><span style=\"font-weight: 400;\">\u4ed5\u69d8<\/span><\/td>\n<td><span style=\"font-weight: 400;\">2200 * 960 * 750 (mm)<\/span><\/td>\n<\/tr>\n<tr>\n<td><span style=\"font-weight: 400;\">After-sales Service<\/span><\/td>\n<td><span style=\"font-weight: 400;\">1\u5e74<\/span><\/td>\n<\/tr>\n<tr>\n<td><span style=\"font-weight: 400;\">Warranty<\/span><\/td>\n<td><span style=\"font-weight: 400;\">1\u5e74<\/span><\/td>\n<\/tr>\n<tr>\n<td><span style=\"font-weight: 400;\">Automatic Production<\/span><\/td>\n<td><span style=\"font-weight: 400;\">Customized<\/span><\/td>\n<\/tr>\n<tr>\n<td><span style=\"font-weight: 400;\">Production Scope<\/span><\/td>\n<td><span style=\"font-weight: 400;\">Product Line<\/span><\/td>\n<\/tr>\n<tr>\n<td><span style=\"font-weight: 400;\">Xu\u1ea5t x\u1ee9<\/span><\/td>\n<td><span style=\"font-weight: 400;\">\u4e2d\u56fd<\/span><\/td>\n<\/tr>\n<tr>\n<td><span style=\"font-weight: 400;\">Ngu\u1ed3n c\u1ea5p \u0111i\u1ec7n<\/span><\/td>\n<td><span style=\"font-weight: 400;\">100V-500V 50\/60Hz<\/span><\/td>\n<\/tr>\n<tr>\n<td><span style=\"font-weight: 400;\">\u00c1p su\u1ea5t kh\u00f4ng kh\u00ed<\/span><\/td>\n<td><span style=\"font-weight: 400;\">&gt;0,5MPa<\/span><\/td>\n<\/tr>\n<tr>\n<td><span style=\"font-weight: 400;\">K\u00edch th\u01b0\u1edbc c\u01a1 h\u1ecdc<\/span><\/td>\n<td><span style=\"font-weight: 400;\">2300 * 1900 * 1600 (mm)<\/span><\/td>\n<\/tr>\n<tr>\n<td><span style=\"font-weight: 400;\">Dung t\u00edch<\/span><\/td>\n<td><span style=\"font-weight: 400;\">1000PCS\/H<\/span><\/td>\n<\/tr>\n<tr>\n<td><span style=\"font-weight: 400;\">\u5bb9\u91cf<\/span><\/td>\n<td><span style=\"font-weight: 400;\">1200W<\/span><\/td>\n<\/tr>\n<tr>\n<td><span style=\"font-weight: 400;\">Tr\u1ecdng l\u01b0\u1ee3ng s\u1ea3n ph\u1ea9m<\/span><\/td>\n<td><span style=\"font-weight: 400;\">1000kg<\/span><\/td>\n<\/tr>\n<\/tbody>\n<\/table>\n<h2><span style=\"font-weight: 400;\">Nguy\u00ean t\u1eafc:<\/span><\/h2>\n<ol>\n<li><span style=\"font-weight: 400;\"> M\u00e1y t\u1ef1 \u0111\u1ed9ng n\u1ea1p c\u00e1c \u0111inh t\u00e1n, t\u1ea5m l\u00f2 xo t\u0103ng \u00e1p (d\u00f9ng chung ba m\u1eabu), \u1ed1ng s\u1ee9, v\u00f2ng t\u1eeb t\u00ednh m\u00e0u tr\u1eafng m\u1ed9t v\u00e0 m\u1ed9t v\u1ea5u d\u00e2y (d\u00f9ng chung b\u1edfi ba m\u1eabu v\u00e0 c\u1ee5m d\u00e2y d\u1eabn c\u00f3 g\u00f3c 90-0\u00b0 chia s\u1ebb)<\/span><\/li>\n<li><span style=\"font-weight: 400;\"> L\u1eafp mi\u1ebfng ti\u1ebfp x\u00fac c\u00f3 th\u1ec3 di chuy\u1ec3n, l\u1eafp v\u00f2ng t\u1eeb m\u00e0u \u0111\u1ecf, l\u1eafp c\u01a1m s\u1ee9 l\u1edbn, l\u1eafp c\u01a1 c\u1ea5u l\u00f2 xo, l\u1eafp \u0111\u1eb7t tai d\u00e2y th\u1ee9 hai (B\u1ed9 ph\u1eadn l\u1eafp r\u00e1p tai nghe c\u00f3 g\u00f3c 0-90\u00b0), l\u1eafp v\u00f2ng t\u1eeb m\u00e0u tr\u1eafng hai, l\u1eafp t\u1ea5m pa-nen v\u00e0 ki\u1ec3m tra th\u00e0nh ph\u1ea9m sau khi l\u1eafp r\u00e1p (rivet), l\u1eafp c\u01a1m s\u1ee9 nh\u1ecf, v\u00edt kh\u00f3a Jimi.<\/span><\/li>\n<li><span style=\"font-weight: 400;\"> Khay n\u1ea1p t\u00f4 + \u0111\u01b0\u1eddng th\u1eb3ng.<\/span><\/li>\n<li><span style=\"font-weight: 400;\"> T\u1ef1 \u0111\u1ed9ng ph\u00e1t hi\u1ec7n, b\u1eaft \u0111\u1ea7u b\u1eb1ng v\u1eadt li\u1ec7u, d\u1eebng l\u1ea1i m\u00e0 kh\u00f4ng c\u00f3 v\u1eadt li\u1ec7u;<\/span><\/li>\n<li><span style=\"font-weight: 400;\"> S\u1eed d\u1ee5ng giao di\u1ec7n ng\u01b0\u1eddi d\u00f9ng m\u00e1y, giao di\u1ec7n tr\u1ef1c quan, v\u1eadn h\u00e0nh \u0111\u01a1n gi\u1ea3n v\u00e0 an to\u00e0n.<\/span><\/li>\n<li><span style=\"font-weight: 400;\"> Khi x\u1ea3y ra l\u1ed7i, n\u00f3 s\u1ebd t\u1ef1 \u0111\u1ed9ng d\u1eebng, b\u00e1o l\u1ed7i v\u00e0 hi\u1ec3n th\u1ecb th\u00f4ng b\u00e1o l\u1ed7i \u0111\u1ec3 h\u1ed7 tr\u1ee3 vi\u1ec7c ki\u1ec3m tra v\u00e0 kh\u1eafc ph\u1ee5c s\u1ef1 c\u1ed1.<\/span><\/li>\n<li><span style=\"font-weight: 400;\"> C\u00e1c k\u1ef9 s\u01b0 chuy\u00ean nghi\u1ec7p thi\u1ebft k\u1ebf v\u00e0 g\u1ee1 l\u1ed7i theo c\u00e1 t\u00ednh c\u1ee7a s\u1ea3n ph\u1ea9m v\u00e0 c\u00f3 d\u1ecbch v\u1ee5 sau b\u00e1n h\u00e0ng chuy\u00ean d\u1ee5ng.<\/span><\/li>\n<\/ol>","protected":false},"excerpt":{"rendered":"<p>Trong ng\u00e0nh s\u1ea3n xu\u1ea5t thi\u1ebft b\u1ecb gia d\u1ee5ng v\u00e0 \u0111i\u1ec7n t\u1eed, vi\u1ec7c l\u1eafp r\u00e1p b\u1ed9 \u0111i\u1ec1u nhi\u1ec7t \u0111\u00f2i h\u1ecfi s\u1ef1 ch\u00ednh x\u00e1c cao \u0111\u1ec3 \u0111\u1ea3m b\u1ea3o an to\u00e0n v\u00e0 hi\u1ec7u su\u1ea5t. <b>M\u00e1y l\u1eafp r\u00e1p b\u1ed9 \u0111i\u1ec1u nhi\u1ec7t thi\u1ebft b\u1ecb l\u1eafp r\u00e1p<\/b> c\u1ee7a SWOER l\u00e0 gi\u1ea3i ph\u00e1p chuy\u00ean bi\u1ec7t. N\u00f3 \u0111\u01b0\u1ee3c thi\u1ebft k\u1ebf \u0111\u1ec3 t\u1ef1 \u0111\u1ed9ng h\u00f3a ho\u00e0n to\u00e0n quy tr\u00ecnh n\u00e0y. M\u00e1y c\u00f3 kh\u1ea3 n\u0103ng c\u1ea5p ph\u00f4i, \u0111\u1ecbnh v\u1ecb, si\u1ebft \u1ed1c v\u00e0 ki\u1ec3m tra ch\u1ea5t l\u01b0\u1ee3ng. \u0110i\u1ec1u n\u00e0y gi\u00fap \u0111\u1ea3m b\u1ea3o m\u1ed7i b\u1ed9 \u0111i\u1ec1u nhi\u1ec7t \u0111\u01b0\u1ee3c l\u1eafp r\u00e1p v\u1edbi \u0111\u1ed9 ch\u00ednh x\u00e1c tuy\u1ec7t \u0111\u1ed1i. Gi\u1ea3i ph\u00e1p n\u00e0y kh\u00f4ng ch\u1ec9 n\u00e2ng cao n\u0103ng su\u1ea5t m\u00e0 c\u00f2n gi\u1ea3m thi\u1ec3u sai s\u00f3t. \u0110\u1ed3ng th\u1eddi, n\u00f3 gi\u00fap \u0111\u1ea3m b\u1ea3o \u0111\u1ed9 tin c\u1eady c\u1ee7a s\u1ea3n ph\u1ea9m cu\u1ed1i c\u00f9ng.<\/p>","protected":false},"featured_media":4659,"comment_status":"open","ping_status":"closed","template":"","meta":[],"product_brand":[],"product_cat":[142],"product_tag":[176,133,140,177],"class_list":{"0":"post-4657","1":"product","2":"type-product","3":"status-publish","4":"has-post-thumbnail","6":"product_cat-may-lap-rap-tu-dong","7":"product_tag-lap-rap-tu-dong","8":"product_tag-may-lap-rap","9":"product_tag-may-lap-rap-tu-dong","10":"product_tag-tu-dong-hoa","12":"first","13":"instock","14":"shipping-taxable","15":"product-type-simple"},"yoast_head":"<!-- This site is optimized with the Yoast SEO plugin v26.0 - https:\/\/yoast.com\/wordpress\/plugins\/seo\/ -->\n<title>M\u00e1y l\u1eafp r\u00e1p b\u1ed9 \u0111i\u1ec1u nhi\u1ec7t thi\u1ebft b\u1ecb l\u1eafp r\u00e1p - Nh\u00e0 s\u1ea3n xu\u1ea5t m\u00e1y c\u1ea5p li\u1ec7u c\u00f4ng nghi\u1ec7p<\/title>\n<meta name=\"description\" content=\"M\u00e1y l\u1eafp r\u00e1p b\u1ed9 \u0111i\u1ec1u nhi\u1ec7t thi\u1ebft b\u1ecb l\u1eafp r\u00e1p SWOER: T\u1ef1 \u0111\u1ed9ng h\u00f3a quy tr\u00ecnh l\u1eafp r\u00e1p b\u1ed9 \u0111i\u1ec1u nhi\u1ec7t. \u0110\u1ea3m b\u1ea3o \u0111\u1ed9 ch\u00ednh x\u00e1c, an to\u00e0n v\u00e0 n\u00e2ng cao n\u0103ng su\u1ea5t s\u1ea3n xu\u1ea5t.\" \/>\n<meta name=\"robots\" content=\"index, follow, max-snippet:-1, max-image-preview:large, max-video-preview:-1\" \/>\n<link rel=\"canonical\" href=\"https:\/\/swoer.vn\/ja\/manufacturer\/may-lap-rap-bo-dieu-nhiet-thiet-bi-lap-rap\/\" \/>\n<meta property=\"og:locale\" content=\"ja_JP\" \/>\n<meta property=\"og:type\" content=\"article\" \/>\n<meta property=\"og:title\" content=\"M\u00e1y l\u1eafp r\u00e1p b\u1ed9 \u0111i\u1ec1u nhi\u1ec7t thi\u1ebft b\u1ecb l\u1eafp r\u00e1p - Nh\u00e0 s\u1ea3n xu\u1ea5t m\u00e1y c\u1ea5p li\u1ec7u c\u00f4ng nghi\u1ec7p\" \/>\n<meta property=\"og:description\" content=\"M\u00e1y l\u1eafp r\u00e1p b\u1ed9 \u0111i\u1ec1u nhi\u1ec7t thi\u1ebft b\u1ecb l\u1eafp r\u00e1p SWOER: T\u1ef1 \u0111\u1ed9ng h\u00f3a quy tr\u00ecnh l\u1eafp r\u00e1p b\u1ed9 \u0111i\u1ec1u nhi\u1ec7t. \u0110\u1ea3m b\u1ea3o \u0111\u1ed9 ch\u00ednh x\u00e1c, an to\u00e0n v\u00e0 n\u00e2ng cao n\u0103ng su\u1ea5t s\u1ea3n xu\u1ea5t.\" \/>\n<meta property=\"og:url\" content=\"https:\/\/swoer.vn\/ja\/manufacturer\/may-lap-rap-bo-dieu-nhiet-thiet-bi-lap-rap\/\" \/>\n<meta property=\"og:site_name\" content=\"Nh\u00e0 s\u1ea3n xu\u1ea5t m\u00e1y c\u1ea5p li\u1ec7u c\u00f4ng nghi\u1ec7p\" \/>\n<meta property=\"article:modified_time\" content=\"2025-09-19T07:56:16+00:00\" \/>\n<meta property=\"og:image\" content=\"https:\/\/swoer.vn\/wp-content\/uploads\/2025\/09\/May-lap-rap-bo-dieu-nhiet-thiet-bi-lap-rap.png\" \/>\n\t<meta property=\"og:image:width\" content=\"800\" \/>\n\t<meta property=\"og:image:height\" content=\"800\" \/>\n\t<meta property=\"og:image:type\" content=\"image\/png\" \/>\n<meta name=\"twitter:card\" content=\"summary_large_image\" \/>\n<meta name=\"twitter:label1\" content=\"\u63a8\u5b9a\u8aad\u307f\u53d6\u308a\u6642\u9593\" \/>\n\t<meta name=\"twitter:data1\" content=\"2\u5206\" \/>\n<script type=\"application\/ld+json\" class=\"yoast-schema-graph\">{\"@context\":\"https:\/\/schema.org\",\"@graph\":[{\"@type\":\"WebPage\",\"@id\":\"https:\/\/swoer.vn\/manufacturer\/may-lap-rap-bo-dieu-nhiet-thiet-bi-lap-rap\/\",\"url\":\"https:\/\/swoer.vn\/manufacturer\/may-lap-rap-bo-dieu-nhiet-thiet-bi-lap-rap\/\",\"name\":\"M\u00e1y l\u1eafp r\u00e1p b\u1ed9 \u0111i\u1ec1u nhi\u1ec7t thi\u1ebft b\u1ecb l\u1eafp r\u00e1p - Nh\u00e0 s\u1ea3n xu\u1ea5t m\u00e1y c\u1ea5p li\u1ec7u c\u00f4ng nghi\u1ec7p\",\"isPartOf\":{\"@id\":\"https:\/\/swoer.vn\/#website\"},\"primaryImageOfPage\":{\"@id\":\"https:\/\/swoer.vn\/manufacturer\/may-lap-rap-bo-dieu-nhiet-thiet-bi-lap-rap\/#primaryimage\"},\"image\":{\"@id\":\"https:\/\/swoer.vn\/manufacturer\/may-lap-rap-bo-dieu-nhiet-thiet-bi-lap-rap\/#primaryimage\"},\"thumbnailUrl\":\"https:\/\/swoer.vn\/wp-content\/uploads\/2025\/09\/May-lap-rap-bo-dieu-nhiet-thiet-bi-lap-rap.png\",\"datePublished\":\"2025-09-19T07:56:15+00:00\",\"dateModified\":\"2025-09-19T07:56:16+00:00\",\"description\":\"M\u00e1y l\u1eafp r\u00e1p b\u1ed9 \u0111i\u1ec1u nhi\u1ec7t thi\u1ebft b\u1ecb l\u1eafp r\u00e1p SWOER: T\u1ef1 \u0111\u1ed9ng h\u00f3a quy tr\u00ecnh l\u1eafp r\u00e1p b\u1ed9 \u0111i\u1ec1u nhi\u1ec7t. \u0110\u1ea3m b\u1ea3o \u0111\u1ed9 ch\u00ednh x\u00e1c, an to\u00e0n v\u00e0 n\u00e2ng cao n\u0103ng su\u1ea5t s\u1ea3n xu\u1ea5t.\",\"breadcrumb\":{\"@id\":\"https:\/\/swoer.vn\/manufacturer\/may-lap-rap-bo-dieu-nhiet-thiet-bi-lap-rap\/#breadcrumb\"},\"inLanguage\":\"ja\",\"potentialAction\":[{\"@type\":\"ReadAction\",\"target\":[\"https:\/\/swoer.vn\/manufacturer\/may-lap-rap-bo-dieu-nhiet-thiet-bi-lap-rap\/\"]}]},{\"@type\":\"ImageObject\",\"inLanguage\":\"ja\",\"@id\":\"https:\/\/swoer.vn\/manufacturer\/may-lap-rap-bo-dieu-nhiet-thiet-bi-lap-rap\/#primaryimage\",\"url\":\"https:\/\/swoer.vn\/wp-content\/uploads\/2025\/09\/May-lap-rap-bo-dieu-nhiet-thiet-bi-lap-rap.png\",\"contentUrl\":\"https:\/\/swoer.vn\/wp-content\/uploads\/2025\/09\/May-lap-rap-bo-dieu-nhiet-thiet-bi-lap-rap.png\",\"width\":800,\"height\":800,\"caption\":\"M\u00e1y l\u1eafp r\u00e1p b\u1ed9 \u0111i\u1ec1u nhi\u1ec7t thi\u1ebft b\u1ecb l\u1eafp r\u00e1p\"},{\"@type\":\"BreadcrumbList\",\"@id\":\"https:\/\/swoer.vn\/manufacturer\/may-lap-rap-bo-dieu-nhiet-thiet-bi-lap-rap\/#breadcrumb\",\"itemListElement\":[{\"@type\":\"ListItem\",\"position\":1,\"name\":\"Home\",\"item\":\"https:\/\/swoer.vn\/\"},{\"@type\":\"ListItem\",\"position\":2,\"name\":\"S\u1ea3n ph\u1ea9m\",\"item\":\"https:\/\/swoer.vn\/shop\/\"},{\"@type\":\"ListItem\",\"position\":3,\"name\":\"M\u00e1y l\u1eafp r\u00e1p b\u1ed9 \u0111i\u1ec1u nhi\u1ec7t thi\u1ebft b\u1ecb l\u1eafp r\u00e1p\"}]},{\"@type\":\"WebSite\",\"@id\":\"https:\/\/swoer.vn\/#website\",\"url\":\"https:\/\/swoer.vn\/\",\"name\":\"Nh\u00e0 s\u1ea3n xu\u1ea5t m\u00e1y c\u1ea5p li\u1ec7u c\u00f4ng nghi\u1ec7p\",\"description\":\"Nh\u00e0 cung c\u1ea5p robot, m\u00e1y c\u1ea5p li\u1ec7u linh ho\u1ea1t, m\u00e1y c\u1ea5p li\u1ec7u ly t\u00e2m, m\u00e1y c\u1ea5p li\u1ec7u rung t\u1ef1 \u0111\u1ed9ng\",\"potentialAction\":[{\"@type\":\"SearchAction\",\"target\":{\"@type\":\"EntryPoint\",\"urlTemplate\":\"https:\/\/swoer.vn\/?s={search_term_string}\"},\"query-input\":{\"@type\":\"PropertyValueSpecification\",\"valueRequired\":true,\"valueName\":\"search_term_string\"}}],\"inLanguage\":\"ja\"}]}<\/script>\n<!-- \/ Yoast SEO plugin. -->","yoast_head_json":{"title":"M\u00e1y l\u1eafp r\u00e1p b\u1ed9 \u0111i\u1ec1u nhi\u1ec7t thi\u1ebft b\u1ecb l\u1eafp r\u00e1p - Nh\u00e0 s\u1ea3n xu\u1ea5t m\u00e1y c\u1ea5p li\u1ec7u c\u00f4ng nghi\u1ec7p","description":"M\u00e1y l\u1eafp r\u00e1p b\u1ed9 \u0111i\u1ec1u nhi\u1ec7t thi\u1ebft b\u1ecb l\u1eafp r\u00e1p SWOER: T\u1ef1 \u0111\u1ed9ng h\u00f3a quy tr\u00ecnh l\u1eafp r\u00e1p b\u1ed9 \u0111i\u1ec1u nhi\u1ec7t. \u0110\u1ea3m b\u1ea3o \u0111\u1ed9 ch\u00ednh x\u00e1c, an to\u00e0n v\u00e0 n\u00e2ng cao n\u0103ng su\u1ea5t s\u1ea3n xu\u1ea5t.","robots":{"index":"index","follow":"follow","max-snippet":"max-snippet:-1","max-image-preview":"max-image-preview:large","max-video-preview":"max-video-preview:-1"},"canonical":"https:\/\/swoer.vn\/ja\/manufacturer\/may-lap-rap-bo-dieu-nhiet-thiet-bi-lap-rap\/","og_locale":"ja_JP","og_type":"article","og_title":"M\u00e1y l\u1eafp r\u00e1p b\u1ed9 \u0111i\u1ec1u nhi\u1ec7t thi\u1ebft b\u1ecb l\u1eafp r\u00e1p - Nh\u00e0 s\u1ea3n xu\u1ea5t m\u00e1y c\u1ea5p li\u1ec7u c\u00f4ng nghi\u1ec7p","og_description":"M\u00e1y l\u1eafp r\u00e1p b\u1ed9 \u0111i\u1ec1u nhi\u1ec7t thi\u1ebft b\u1ecb l\u1eafp r\u00e1p SWOER: T\u1ef1 \u0111\u1ed9ng h\u00f3a quy tr\u00ecnh l\u1eafp r\u00e1p b\u1ed9 \u0111i\u1ec1u nhi\u1ec7t. \u0110\u1ea3m b\u1ea3o \u0111\u1ed9 ch\u00ednh x\u00e1c, an to\u00e0n v\u00e0 n\u00e2ng cao n\u0103ng su\u1ea5t s\u1ea3n xu\u1ea5t.","og_url":"https:\/\/swoer.vn\/ja\/manufacturer\/may-lap-rap-bo-dieu-nhiet-thiet-bi-lap-rap\/","og_site_name":"Nh\u00e0 s\u1ea3n xu\u1ea5t m\u00e1y c\u1ea5p li\u1ec7u c\u00f4ng nghi\u1ec7p","article_modified_time":"2025-09-19T07:56:16+00:00","og_image":[{"width":800,"height":800,"url":"https:\/\/swoer.vn\/wp-content\/uploads\/2025\/09\/May-lap-rap-bo-dieu-nhiet-thiet-bi-lap-rap.png","type":"image\/png"}],"twitter_card":"summary_large_image","twitter_misc":{"\u63a8\u5b9a\u8aad\u307f\u53d6\u308a\u6642\u9593":"2\u5206"},"schema":{"@context":"https:\/\/schema.org","@graph":[{"@type":"WebPage","@id":"https:\/\/swoer.vn\/manufacturer\/may-lap-rap-bo-dieu-nhiet-thiet-bi-lap-rap\/","url":"https:\/\/swoer.vn\/manufacturer\/may-lap-rap-bo-dieu-nhiet-thiet-bi-lap-rap\/","name":"M\u00e1y l\u1eafp r\u00e1p b\u1ed9 \u0111i\u1ec1u nhi\u1ec7t thi\u1ebft b\u1ecb l\u1eafp r\u00e1p - Nh\u00e0 s\u1ea3n xu\u1ea5t m\u00e1y c\u1ea5p li\u1ec7u c\u00f4ng nghi\u1ec7p","isPartOf":{"@id":"https:\/\/swoer.vn\/#website"},"primaryImageOfPage":{"@id":"https:\/\/swoer.vn\/manufacturer\/may-lap-rap-bo-dieu-nhiet-thiet-bi-lap-rap\/#primaryimage"},"image":{"@id":"https:\/\/swoer.vn\/manufacturer\/may-lap-rap-bo-dieu-nhiet-thiet-bi-lap-rap\/#primaryimage"},"thumbnailUrl":"https:\/\/swoer.vn\/wp-content\/uploads\/2025\/09\/May-lap-rap-bo-dieu-nhiet-thiet-bi-lap-rap.png","datePublished":"2025-09-19T07:56:15+00:00","dateModified":"2025-09-19T07:56:16+00:00","description":"M\u00e1y l\u1eafp r\u00e1p b\u1ed9 \u0111i\u1ec1u nhi\u1ec7t thi\u1ebft b\u1ecb l\u1eafp r\u00e1p SWOER: T\u1ef1 \u0111\u1ed9ng h\u00f3a quy tr\u00ecnh l\u1eafp r\u00e1p b\u1ed9 \u0111i\u1ec1u nhi\u1ec7t. \u0110\u1ea3m b\u1ea3o \u0111\u1ed9 ch\u00ednh x\u00e1c, an to\u00e0n v\u00e0 n\u00e2ng cao n\u0103ng su\u1ea5t s\u1ea3n xu\u1ea5t.","breadcrumb":{"@id":"https:\/\/swoer.vn\/manufacturer\/may-lap-rap-bo-dieu-nhiet-thiet-bi-lap-rap\/#breadcrumb"},"inLanguage":"ja","potentialAction":[{"@type":"ReadAction","target":["https:\/\/swoer.vn\/manufacturer\/may-lap-rap-bo-dieu-nhiet-thiet-bi-lap-rap\/"]}]},{"@type":"ImageObject","inLanguage":"ja","@id":"https:\/\/swoer.vn\/manufacturer\/may-lap-rap-bo-dieu-nhiet-thiet-bi-lap-rap\/#primaryimage","url":"https:\/\/swoer.vn\/wp-content\/uploads\/2025\/09\/May-lap-rap-bo-dieu-nhiet-thiet-bi-lap-rap.png","contentUrl":"https:\/\/swoer.vn\/wp-content\/uploads\/2025\/09\/May-lap-rap-bo-dieu-nhiet-thiet-bi-lap-rap.png","width":800,"height":800,"caption":"M\u00e1y l\u1eafp r\u00e1p b\u1ed9 \u0111i\u1ec1u nhi\u1ec7t thi\u1ebft b\u1ecb l\u1eafp r\u00e1p"},{"@type":"BreadcrumbList","@id":"https:\/\/swoer.vn\/manufacturer\/may-lap-rap-bo-dieu-nhiet-thiet-bi-lap-rap\/#breadcrumb","itemListElement":[{"@type":"ListItem","position":1,"name":"Home","item":"https:\/\/swoer.vn\/"},{"@type":"ListItem","position":2,"name":"S\u1ea3n ph\u1ea9m","item":"https:\/\/swoer.vn\/shop\/"},{"@type":"ListItem","position":3,"name":"M\u00e1y l\u1eafp r\u00e1p b\u1ed9 \u0111i\u1ec1u nhi\u1ec7t thi\u1ebft b\u1ecb l\u1eafp r\u00e1p"}]},{"@type":"WebSite","@id":"https:\/\/swoer.vn\/#website","url":"https:\/\/swoer.vn\/","name":"\u5de5\u696d\u7528\u30d5\u30a3\u30fc\u30c0\u30fc\u30e1\u30fc\u30ab\u30fc","description":"\u30ed\u30dc\u30c3\u30c8\u3001\u30d5\u30ec\u30ad\u30b7\u30d6\u30eb\u30d5\u30a3\u30fc\u30c0\u30fc\u3001\u9060\u5fc3\u30d5\u30a3\u30fc\u30c0\u30fc\u3001\u81ea\u52d5\u632f\u52d5\u30d5\u30a3\u30fc\u30c0\u30fc\u306e\u30b5\u30d7\u30e9\u30a4\u30e4\u30fc","potentialAction":[{"@type":"SearchAction","target":{"@type":"EntryPoint","urlTemplate":"https:\/\/swoer.vn\/?s={search_term_string}"},"query-input":{"@type":"PropertyValueSpecification","valueRequired":true,"valueName":"search_term_string"}}],"inLanguage":"ja"}]}},"_links":{"self":[{"href":"https:\/\/swoer.vn\/ja\/wp-json\/wp\/v2\/product\/4657","targetHints":{"allow":["GET"]}}],"collection":[{"href":"https:\/\/swoer.vn\/ja\/wp-json\/wp\/v2\/product"}],"about":[{"href":"https:\/\/swoer.vn\/ja\/wp-json\/wp\/v2\/types\/product"}],"replies":[{"embeddable":true,"href":"https:\/\/swoer.vn\/ja\/wp-json\/wp\/v2\/comments?post=4657"}],"wp:featuredmedia":[{"embeddable":true,"href":"https:\/\/swoer.vn\/ja\/wp-json\/wp\/v2\/media\/4659"}],"wp:attachment":[{"href":"https:\/\/swoer.vn\/ja\/wp-json\/wp\/v2\/media?parent=4657"}],"wp:term":[{"taxonomy":"product_brand","embeddable":true,"href":"https:\/\/swoer.vn\/ja\/wp-json\/wp\/v2\/product_brand?post=4657"},{"taxonomy":"product_cat","embeddable":true,"href":"https:\/\/swoer.vn\/ja\/wp-json\/wp\/v2\/product_cat?post=4657"},{"taxonomy":"product_tag","embeddable":true,"href":"https:\/\/swoer.vn\/ja\/wp-json\/wp\/v2\/product_tag?post=4657"}],"curies":[{"name":"wp","href":"https:\/\/api.w.org\/{rel}","templated":true}]}}