{"id":4632,"date":"2025-09-18T15:12:34","date_gmt":"2025-09-18T08:12:34","guid":{"rendered":"https:\/\/swoer.vn\/?post_type=product&#038;p=4632"},"modified":"2025-09-18T15:12:35","modified_gmt":"2025-09-18T08:12:35","slug":"may-cap-lieu-rung-tu-dong-co-toc-do-dieu-khien","status":"publish","type":"product","link":"https:\/\/swoer.vn\/ja\/manufacturer\/may-cap-lieu-rung-tu-dong-co-toc-do-dieu-khien\/","title":{"rendered":"M\u00e1y c\u1ea5p li\u1ec7u rung t\u1ef1 \u0111\u1ed9ng c\u00f3 t\u1ed1c \u0111\u1ed9 \u0111i\u1ec1u khi\u1ec3n"},"content":{"rendered":"<h2><span style=\"font-weight: 400;\">\u88fd\u54c1\u4ed5\u69d8:<\/span><\/h2>\n<table>\n<tbody>\n<tr>\n<td><span style=\"font-weight: 400;\">M\u00e3 s\u1ea3n ph\u1ea9m<\/span><\/td>\n<td><span style=\"font-weight: 400;\">Automatic Vibratory Bowl Feeder With Control Speed<\/span><\/td>\n<\/tr>\n<tr>\n<td><span style=\"font-weight: 400;\">C\u00f4ng su\u1ea5t \u0111\u1ed9ng c\u01a1 (kW)<\/span><\/td>\n<td><span style=\"font-weight: 400;\">1 \u0111\u1ebfn 10<\/span><\/td>\n<\/tr>\n<tr>\n<td><span style=\"font-weight: 400;\">Movement Mode<\/span><\/td>\n<td><span style=\"font-weight: 400;\">Linear<\/span><\/td>\n<\/tr>\n<tr>\n<td><span style=\"font-weight: 400;\">Warranty<\/span><\/td>\n<td><span style=\"font-weight: 400;\">1\u5e74<\/span><\/td>\n<\/tr>\n<tr>\n<td><span style=\"font-weight: 400;\">Installation Slope<\/span><\/td>\n<td><span style=\"font-weight: 400;\">Customized<\/span><\/td>\n<\/tr>\n<tr>\n<td><span style=\"font-weight: 400;\">Overall Dimension<\/span><\/td>\n<td><span style=\"font-weight: 400;\">Customized<\/span><\/td>\n<\/tr>\n<tr>\n<td><span style=\"font-weight: 400;\">Xu\u1ea5t x\u1ee9<\/span><\/td>\n<td><span style=\"font-weight: 400;\">\u4e2d\u56fd<\/span><\/td>\n<\/tr>\n<tr>\n<td><span style=\"font-weight: 400;\">S\u1ee9c ch\u1ee9a (t\/h)<\/span><\/td>\n<td><span style=\"font-weight: 400;\">80 &#8211; 150<\/span><\/td>\n<\/tr>\n<tr>\n<td><span style=\"font-weight: 400;\">\u30bf\u30a4\u30d7<\/span><\/td>\n<td><span style=\"font-weight: 400;\">M\u00e1y rung \u0111i\u1ec7n t\u1eeb<\/span><\/td>\n<\/tr>\n<tr>\n<td><span style=\"font-weight: 400;\">Lead Time<\/span><\/td>\n<td><span style=\"font-weight: 400;\">7 &#8211; 14 ng\u00e0y<\/span><\/td>\n<\/tr>\n<tr>\n<td><span style=\"font-weight: 400;\">Appearance<\/span><\/td>\n<td><span style=\"font-weight: 400;\">Open-type<\/span><\/td>\n<\/tr>\n<tr>\n<td><span style=\"font-weight: 400;\">Max Feeding (mm)<\/span><\/td>\n<td><span style=\"font-weight: 400;\">Customized<\/span><\/td>\n<\/tr>\n<tr>\n<td><span style=\"font-weight: 400;\">Chute Size (mm)<\/span><\/td>\n<td><span style=\"font-weight: 400;\">Customized<\/span><\/td>\n<\/tr>\n<tr>\n<td><span style=\"font-weight: 400;\">Nh\u00e3n hi\u1ec7u<\/span><\/td>\n<td><span style=\"font-weight: 400;\">\u8a93\u3046<\/span><\/td>\n<\/tr>\n<tr>\n<td><span style=\"font-weight: 400;\">\u6750\u6599<\/span><\/td>\n<td><span style=\"font-weight: 400;\">Th\u00e9p kh\u00f4ng g\u1ec9 304, 316<\/span><\/td>\n<\/tr>\n<tr>\n<td><span style=\"font-weight: 400;\">\u96fb\u5727<\/span><\/td>\n<td><span style=\"font-weight: 400;\">220 V<\/span><\/td>\n<\/tr>\n<tr>\n<td><span style=\"font-weight: 400;\">Ngu\u1ed3n<\/span><\/td>\n<td><span style=\"font-weight: 400;\">65W \/150W \/180W \/ 220W \/ 350W<\/span><\/td>\n<\/tr>\n<tr>\n<td><span style=\"font-weight: 400;\">X\u00e1c th\u1ef1c<\/span><\/td>\n<td><span style=\"font-weight: 400;\">CE, ROHS, ISO 9001<\/span><\/td>\n<\/tr>\n<\/tbody>\n<\/table>\n<h2><span style=\"font-weight: 400;\">Quy tr\u00ecnh mua h\u00e0ng:<\/span><\/h2>\n<h3><span style=\"font-weight: 400;\">B\u01b0\u1edbc 1:<\/span><\/h3>\n<ul>\n<li style=\"font-weight: 400;\" aria-level=\"1\"><span style=\"font-weight: 400;\">Ng\u01b0\u1eddi mua cung c\u1ea5p h\u00ecnh \u1ea3nh v\u1eadt l\u00fd, k\u00edch c\u1ee1 v\u00e0 v\u1eadt li\u1ec7u.<\/span><\/li>\n<li style=\"font-weight: 400;\" aria-level=\"1\"><span style=\"font-weight: 400;\">Ng\u01b0\u1eddi mua cung c\u1ea5p \u0111\u01a1n h\u00e0ng v\u00e0 h\u01b0\u1edbng d\u1eabn x\u1ea3 v\u1eadt li\u1ec7u.<\/span><\/li>\n<li style=\"font-weight: 400;\" aria-level=\"1\"><span style=\"font-weight: 400;\">Ng\u01b0\u1eddi mua cung c\u1ea5p t\u1ed1c \u0111\u1ed9 x\u1ea3.<\/span><\/li>\n<li style=\"font-weight: 400;\" aria-level=\"1\"><span style=\"font-weight: 400;\">Ng\u01b0\u1ee3c chi\u1ec1u kim \u0111\u1ed3ng h\u1ed3 ho\u1eb7c theo chi\u1ec1u kim \u0111\u1ed3ng h\u1ed3.<\/span><\/li>\n<li style=\"font-weight: 400;\" aria-level=\"1\"><span style=\"font-weight: 400;\">X\u00e1c nh\u1eadn n\u1ebfu b\u1ea1n c\u1ea7n khay n\u1ea1p tuy\u1ebfn t\u00ednh, ph\u1ec5u h\u1ee9ng, b\u1ea3ng \u0111\u1ee1 v\u00e0 n\u1eafp ch\u1ed1ng \u00e2m thanh.<\/span><\/li>\n<\/ul>\n<h3><span style=\"font-weight: 400;\">B\u01b0\u1edbc 2: Ph\u1ea3n h\u1ed3i v\u1ec1 \u0111\u00e1nh gi\u00e1 c\u1ee7a ng\u01b0\u1eddi b\u00e1n<\/span><\/h3>\n<p><span style=\"font-weight: 400;\">V\u1eadt li\u1ec7u (tr\u1ea3 l\u1ea1i cho ng\u01b0\u1eddi mua c\u00f3 khay n\u1ea1p rung) ph\u1ea3i \u0111\u01b0\u1ee3c s\u1eed d\u1ee5ng \u0111\u1ec3 \u0111i\u1ec1u ch\u1ec9nh khay n\u1ea1p rung.<\/span><\/p>\n<h3><span style=\"font-weight: 400;\">B\u01b0\u1edbc 3: Sau khi thanh to\u00e1n v\u00e0 giao h\u00e0ng<\/span><\/h3>\n<ul>\n<li style=\"font-weight: 400;\" aria-level=\"1\"><span style=\"font-weight: 400;\">Ng\u01b0\u1eddi b\u00e1n b\u1eaft \u0111\u1ea7u \u0111\u1eb7t h\u00e0ng v\u00e0 th\u1ef1c hi\u1ec7n thanh to\u00e1n kh\u00f4ng tr\u1ea3 ti\u1ec1n.<\/span><\/li>\n<li style=\"font-weight: 400;\" aria-level=\"1\"><span style=\"font-weight: 400;\">Quay video tr\u00ean m\u00e1y ki\u1ec3m tra.<\/span><\/li>\n<li style=\"font-weight: 400;\" aria-level=\"1\"><span style=\"font-weight: 400;\">Ng\u01b0\u1eddi mua h\u00e0i l\u00f2ng v\u00e0 th\u1ef1c hi\u1ec7n thanh to\u00e1n cu\u1ed1i c\u00f9ng.<\/span><\/li>\n<li style=\"font-weight: 400;\" aria-level=\"1\"><span style=\"font-weight: 400;\">Ng\u01b0\u1eddi b\u00e1n \u0111\u00f3ng g\u00f3i c\u00e1c h\u1ed9p g\u1ed7 v\u00e0 giao h\u00e0ng b\u1eb1ng h\u1eadu c\u1ea7n.<\/span><\/li>\n<\/ul>","protected":false},"excerpt":{"rendered":"<p>Trong c\u00e1c quy tr\u00ecnh s\u1ea3n xu\u1ea5t \u0111\u00f2i h\u1ecfi s\u1ef1 linh ho\u1ea1t v\u00e0 ki\u1ec3m so\u00e1t t\u1ed1c \u0111\u1ed9 ch\u00ednh x\u00e1c, <b>m\u00e1y c\u1ea5p li\u1ec7u rung t\u1ef1 \u0111\u1ed9ng c\u00f3 t\u1ed1c \u0111\u1ed9 \u0111i\u1ec1u khi\u1ec3n<\/b> c\u1ee7a SWOER l\u00e0 m\u1ed9t gi\u1ea3i ph\u00e1p t\u1ed1i \u01b0u. Kh\u00e1c v\u1edbi c\u00e1c m\u00e1y c\u1ea5p li\u1ec7u th\u00f4ng th\u01b0\u1eddng, s\u1ea3n ph\u1ea9m n\u00e0y cho ph\u00e9p ng\u01b0\u1eddi v\u1eadn h\u00e0nh d\u1ec5 d\u00e0ng \u0111i\u1ec1u ch\u1ec9nh t\u1ed1c \u0111\u1ed9 c\u1ea5p ph\u00f4i. N\u00f3 ph\u00f9 h\u1ee3p v\u1edbi nhi\u1ec1u lo\u1ea1i chi ti\u1ebft v\u00e0 y\u00eau c\u1ea7u s\u1ea3n xu\u1ea5t kh\u00e1c nhau. C\u00f4ng ngh\u1ec7 \u0111i\u1ec1u khi\u1ec3n hi\u1ec7n \u0111\u1ea1i \u0111\u1ea3m b\u1ea3o d\u00f2ng ch\u1ea3y ph\u00f4i \u1ed5n \u0111\u1ecbnh, li\u00ean t\u1ee5c. \u0110i\u1ec1u n\u00e0y gi\u00fap t\u1ed1i \u01b0u h\u00f3a n\u0103ng su\u1ea5t v\u00e0 gi\u1ea3m thi\u1ec3u t\u1eafc ngh\u1ebdn. \u0110\u00e2y l\u00e0 s\u1ef1 l\u1ef1a ch\u1ecdn ho\u00e0n h\u1ea3o cho c\u00e1c d\u00e2y chuy\u1ec1n l\u1eafp r\u00e1p y\u00eau c\u1ea7u \u0111\u1ed9 ch\u00ednh x\u00e1c v\u00e0 kh\u1ea3 n\u0103ng t\u00f9y ch\u1ec9nh cao.<\/p>","protected":false},"featured_media":4633,"comment_status":"open","ping_status":"closed","template":"","meta":[],"product_brand":[],"product_cat":[106],"product_tag":[107,174,166,102],"class_list":{"0":"post-4632","1":"product","2":"type-product","3":"status-publish","4":"has-post-thumbnail","6":"product_cat-mam-rung-cap-phoi","7":"product_tag-may-cap-lieu-rung","8":"product_tag-may-nap-rung","9":"product_tag-pheu-rung","10":"product_tag-pheu-rung-cap-phoi","12":"first","13":"instock","14":"shipping-taxable","15":"product-type-simple"},"yoast_head":"<!-- This site is optimized with the Yoast SEO plugin v26.0 - https:\/\/yoast.com\/wordpress\/plugins\/seo\/ -->\n<title>M\u00e1y c\u1ea5p li\u1ec7u rung t\u1ef1 \u0111\u1ed9ng c\u00f3 t\u1ed1c \u0111\u1ed9 \u0111i\u1ec1u khi\u1ec3n - Nh\u00e0 s\u1ea3n xu\u1ea5t m\u00e1y c\u1ea5p li\u1ec7u c\u00f4ng nghi\u1ec7p<\/title>\n<meta name=\"description\" content=\"M\u00e1y c\u1ea5p li\u1ec7u rung t\u1ef1 \u0111\u1ed9ng c\u00f3 t\u1ed1c \u0111\u1ed9 \u0111i\u1ec1u khi\u1ec3n SWOER: \u0110i\u1ec1u ch\u1ec9nh t\u1ed1c \u0111\u1ed9 c\u1ea5p ph\u00f4i linh ho\u1ea1t. T\u1ed1i \u01b0u h\u00f3a n\u0103ng su\u1ea5t, gi\u1ea3m thi\u1ec3u t\u1eafc ngh\u1ebdn. Gi\u1ea3i ph\u00e1p l\u00fd t\u01b0\u1edfng\" \/>\n<meta name=\"robots\" content=\"index, follow, max-snippet:-1, max-image-preview:large, max-video-preview:-1\" \/>\n<link rel=\"canonical\" href=\"https:\/\/swoer.vn\/ja\/manufacturer\/may-cap-lieu-rung-tu-dong-co-toc-do-dieu-khien\/\" \/>\n<meta property=\"og:locale\" content=\"ja_JP\" \/>\n<meta property=\"og:type\" content=\"article\" \/>\n<meta property=\"og:title\" content=\"M\u00e1y c\u1ea5p li\u1ec7u rung t\u1ef1 \u0111\u1ed9ng c\u00f3 t\u1ed1c \u0111\u1ed9 \u0111i\u1ec1u khi\u1ec3n - Nh\u00e0 s\u1ea3n xu\u1ea5t m\u00e1y c\u1ea5p li\u1ec7u c\u00f4ng nghi\u1ec7p\" \/>\n<meta property=\"og:description\" content=\"M\u00e1y c\u1ea5p li\u1ec7u rung t\u1ef1 \u0111\u1ed9ng c\u00f3 t\u1ed1c \u0111\u1ed9 \u0111i\u1ec1u khi\u1ec3n SWOER: \u0110i\u1ec1u ch\u1ec9nh t\u1ed1c \u0111\u1ed9 c\u1ea5p ph\u00f4i linh ho\u1ea1t. T\u1ed1i \u01b0u h\u00f3a n\u0103ng su\u1ea5t, gi\u1ea3m thi\u1ec3u t\u1eafc ngh\u1ebdn. Gi\u1ea3i ph\u00e1p l\u00fd t\u01b0\u1edfng\" \/>\n<meta property=\"og:url\" content=\"https:\/\/swoer.vn\/ja\/manufacturer\/may-cap-lieu-rung-tu-dong-co-toc-do-dieu-khien\/\" \/>\n<meta property=\"og:site_name\" content=\"Nh\u00e0 s\u1ea3n xu\u1ea5t m\u00e1y c\u1ea5p li\u1ec7u c\u00f4ng nghi\u1ec7p\" \/>\n<meta property=\"article:modified_time\" content=\"2025-09-18T08:12:35+00:00\" \/>\n<meta property=\"og:image\" content=\"https:\/\/swoer.vn\/wp-content\/uploads\/2025\/09\/May-cap-lieu-rung-tu-dong-co-toc-do-dieu-khien.png\" \/>\n\t<meta property=\"og:image:width\" content=\"800\" \/>\n\t<meta property=\"og:image:height\" content=\"800\" \/>\n\t<meta property=\"og:image:type\" content=\"image\/png\" \/>\n<meta name=\"twitter:card\" content=\"summary_large_image\" \/>\n<meta name=\"twitter:label1\" content=\"\u63a8\u5b9a\u8aad\u307f\u53d6\u308a\u6642\u9593\" \/>\n\t<meta name=\"twitter:data1\" content=\"2\u5206\" \/>\n<script type=\"application\/ld+json\" class=\"yoast-schema-graph\">{\"@context\":\"https:\/\/schema.org\",\"@graph\":[{\"@type\":\"WebPage\",\"@id\":\"https:\/\/swoer.vn\/manufacturer\/may-cap-lieu-rung-tu-dong-co-toc-do-dieu-khien\/\",\"url\":\"https:\/\/swoer.vn\/manufacturer\/may-cap-lieu-rung-tu-dong-co-toc-do-dieu-khien\/\",\"name\":\"M\u00e1y c\u1ea5p li\u1ec7u rung t\u1ef1 \u0111\u1ed9ng c\u00f3 t\u1ed1c \u0111\u1ed9 \u0111i\u1ec1u khi\u1ec3n - Nh\u00e0 s\u1ea3n xu\u1ea5t m\u00e1y c\u1ea5p li\u1ec7u c\u00f4ng nghi\u1ec7p\",\"isPartOf\":{\"@id\":\"https:\/\/swoer.vn\/#website\"},\"primaryImageOfPage\":{\"@id\":\"https:\/\/swoer.vn\/manufacturer\/may-cap-lieu-rung-tu-dong-co-toc-do-dieu-khien\/#primaryimage\"},\"image\":{\"@id\":\"https:\/\/swoer.vn\/manufacturer\/may-cap-lieu-rung-tu-dong-co-toc-do-dieu-khien\/#primaryimage\"},\"thumbnailUrl\":\"https:\/\/swoer.vn\/wp-content\/uploads\/2025\/09\/May-cap-lieu-rung-tu-dong-co-toc-do-dieu-khien.png\",\"datePublished\":\"2025-09-18T08:12:34+00:00\",\"dateModified\":\"2025-09-18T08:12:35+00:00\",\"description\":\"M\u00e1y c\u1ea5p li\u1ec7u rung t\u1ef1 \u0111\u1ed9ng c\u00f3 t\u1ed1c \u0111\u1ed9 \u0111i\u1ec1u khi\u1ec3n SWOER: \u0110i\u1ec1u ch\u1ec9nh t\u1ed1c \u0111\u1ed9 c\u1ea5p ph\u00f4i linh ho\u1ea1t. T\u1ed1i \u01b0u h\u00f3a n\u0103ng su\u1ea5t, gi\u1ea3m thi\u1ec3u t\u1eafc ngh\u1ebdn. Gi\u1ea3i ph\u00e1p l\u00fd t\u01b0\u1edfng\",\"breadcrumb\":{\"@id\":\"https:\/\/swoer.vn\/manufacturer\/may-cap-lieu-rung-tu-dong-co-toc-do-dieu-khien\/#breadcrumb\"},\"inLanguage\":\"ja\",\"potentialAction\":[{\"@type\":\"ReadAction\",\"target\":[\"https:\/\/swoer.vn\/manufacturer\/may-cap-lieu-rung-tu-dong-co-toc-do-dieu-khien\/\"]}]},{\"@type\":\"ImageObject\",\"inLanguage\":\"ja\",\"@id\":\"https:\/\/swoer.vn\/manufacturer\/may-cap-lieu-rung-tu-dong-co-toc-do-dieu-khien\/#primaryimage\",\"url\":\"https:\/\/swoer.vn\/wp-content\/uploads\/2025\/09\/May-cap-lieu-rung-tu-dong-co-toc-do-dieu-khien.png\",\"contentUrl\":\"https:\/\/swoer.vn\/wp-content\/uploads\/2025\/09\/May-cap-lieu-rung-tu-dong-co-toc-do-dieu-khien.png\",\"width\":800,\"height\":800,\"caption\":\"Ma\u0301y ca\u0302\u0301p lie\u0323\u0302u rung tu\u031b\u0323 \u0111o\u0323\u0302ng co\u0301 to\u0302\u0301c \u0111o\u0323\u0302 \u0111ie\u0302\u0300u khie\u0302\u0309n\"},{\"@type\":\"BreadcrumbList\",\"@id\":\"https:\/\/swoer.vn\/manufacturer\/may-cap-lieu-rung-tu-dong-co-toc-do-dieu-khien\/#breadcrumb\",\"itemListElement\":[{\"@type\":\"ListItem\",\"position\":1,\"name\":\"Home\",\"item\":\"https:\/\/swoer.vn\/\"},{\"@type\":\"ListItem\",\"position\":2,\"name\":\"S\u1ea3n ph\u1ea9m\",\"item\":\"https:\/\/swoer.vn\/shop\/\"},{\"@type\":\"ListItem\",\"position\":3,\"name\":\"M\u00e1y c\u1ea5p li\u1ec7u rung t\u1ef1 \u0111\u1ed9ng c\u00f3 t\u1ed1c \u0111\u1ed9 \u0111i\u1ec1u khi\u1ec3n\"}]},{\"@type\":\"WebSite\",\"@id\":\"https:\/\/swoer.vn\/#website\",\"url\":\"https:\/\/swoer.vn\/\",\"name\":\"Nh\u00e0 s\u1ea3n xu\u1ea5t m\u00e1y c\u1ea5p li\u1ec7u c\u00f4ng nghi\u1ec7p\",\"description\":\"Nh\u00e0 cung c\u1ea5p robot, m\u00e1y c\u1ea5p li\u1ec7u linh ho\u1ea1t, m\u00e1y c\u1ea5p li\u1ec7u ly t\u00e2m, m\u00e1y c\u1ea5p li\u1ec7u rung t\u1ef1 \u0111\u1ed9ng\",\"potentialAction\":[{\"@type\":\"SearchAction\",\"target\":{\"@type\":\"EntryPoint\",\"urlTemplate\":\"https:\/\/swoer.vn\/?s={search_term_string}\"},\"query-input\":{\"@type\":\"PropertyValueSpecification\",\"valueRequired\":true,\"valueName\":\"search_term_string\"}}],\"inLanguage\":\"ja\"}]}<\/script>\n<!-- \/ Yoast SEO plugin. -->","yoast_head_json":{"title":"M\u00e1y c\u1ea5p li\u1ec7u rung t\u1ef1 \u0111\u1ed9ng c\u00f3 t\u1ed1c \u0111\u1ed9 \u0111i\u1ec1u khi\u1ec3n - Nh\u00e0 s\u1ea3n xu\u1ea5t m\u00e1y c\u1ea5p li\u1ec7u c\u00f4ng nghi\u1ec7p","description":"M\u00e1y c\u1ea5p li\u1ec7u rung t\u1ef1 \u0111\u1ed9ng c\u00f3 t\u1ed1c \u0111\u1ed9 \u0111i\u1ec1u khi\u1ec3n SWOER: \u0110i\u1ec1u ch\u1ec9nh t\u1ed1c \u0111\u1ed9 c\u1ea5p ph\u00f4i linh ho\u1ea1t. T\u1ed1i \u01b0u h\u00f3a n\u0103ng su\u1ea5t, gi\u1ea3m thi\u1ec3u t\u1eafc ngh\u1ebdn. Gi\u1ea3i ph\u00e1p l\u00fd t\u01b0\u1edfng","robots":{"index":"index","follow":"follow","max-snippet":"max-snippet:-1","max-image-preview":"max-image-preview:large","max-video-preview":"max-video-preview:-1"},"canonical":"https:\/\/swoer.vn\/ja\/manufacturer\/may-cap-lieu-rung-tu-dong-co-toc-do-dieu-khien\/","og_locale":"ja_JP","og_type":"article","og_title":"M\u00e1y c\u1ea5p li\u1ec7u rung t\u1ef1 \u0111\u1ed9ng c\u00f3 t\u1ed1c \u0111\u1ed9 \u0111i\u1ec1u khi\u1ec3n - Nh\u00e0 s\u1ea3n xu\u1ea5t m\u00e1y c\u1ea5p li\u1ec7u c\u00f4ng nghi\u1ec7p","og_description":"M\u00e1y c\u1ea5p li\u1ec7u rung t\u1ef1 \u0111\u1ed9ng c\u00f3 t\u1ed1c \u0111\u1ed9 \u0111i\u1ec1u khi\u1ec3n SWOER: \u0110i\u1ec1u ch\u1ec9nh t\u1ed1c \u0111\u1ed9 c\u1ea5p ph\u00f4i linh ho\u1ea1t. T\u1ed1i \u01b0u h\u00f3a n\u0103ng su\u1ea5t, gi\u1ea3m thi\u1ec3u t\u1eafc ngh\u1ebdn. Gi\u1ea3i ph\u00e1p l\u00fd t\u01b0\u1edfng","og_url":"https:\/\/swoer.vn\/ja\/manufacturer\/may-cap-lieu-rung-tu-dong-co-toc-do-dieu-khien\/","og_site_name":"Nh\u00e0 s\u1ea3n xu\u1ea5t m\u00e1y c\u1ea5p li\u1ec7u c\u00f4ng nghi\u1ec7p","article_modified_time":"2025-09-18T08:12:35+00:00","og_image":[{"width":800,"height":800,"url":"https:\/\/swoer.vn\/wp-content\/uploads\/2025\/09\/May-cap-lieu-rung-tu-dong-co-toc-do-dieu-khien.png","type":"image\/png"}],"twitter_card":"summary_large_image","twitter_misc":{"\u63a8\u5b9a\u8aad\u307f\u53d6\u308a\u6642\u9593":"2\u5206"},"schema":{"@context":"https:\/\/schema.org","@graph":[{"@type":"WebPage","@id":"https:\/\/swoer.vn\/manufacturer\/may-cap-lieu-rung-tu-dong-co-toc-do-dieu-khien\/","url":"https:\/\/swoer.vn\/manufacturer\/may-cap-lieu-rung-tu-dong-co-toc-do-dieu-khien\/","name":"M\u00e1y c\u1ea5p li\u1ec7u rung t\u1ef1 \u0111\u1ed9ng c\u00f3 t\u1ed1c \u0111\u1ed9 \u0111i\u1ec1u khi\u1ec3n - Nh\u00e0 s\u1ea3n xu\u1ea5t m\u00e1y c\u1ea5p li\u1ec7u c\u00f4ng nghi\u1ec7p","isPartOf":{"@id":"https:\/\/swoer.vn\/#website"},"primaryImageOfPage":{"@id":"https:\/\/swoer.vn\/manufacturer\/may-cap-lieu-rung-tu-dong-co-toc-do-dieu-khien\/#primaryimage"},"image":{"@id":"https:\/\/swoer.vn\/manufacturer\/may-cap-lieu-rung-tu-dong-co-toc-do-dieu-khien\/#primaryimage"},"thumbnailUrl":"https:\/\/swoer.vn\/wp-content\/uploads\/2025\/09\/May-cap-lieu-rung-tu-dong-co-toc-do-dieu-khien.png","datePublished":"2025-09-18T08:12:34+00:00","dateModified":"2025-09-18T08:12:35+00:00","description":"M\u00e1y c\u1ea5p li\u1ec7u rung t\u1ef1 \u0111\u1ed9ng c\u00f3 t\u1ed1c \u0111\u1ed9 \u0111i\u1ec1u khi\u1ec3n SWOER: \u0110i\u1ec1u ch\u1ec9nh t\u1ed1c \u0111\u1ed9 c\u1ea5p ph\u00f4i linh ho\u1ea1t. T\u1ed1i \u01b0u h\u00f3a n\u0103ng su\u1ea5t, gi\u1ea3m thi\u1ec3u t\u1eafc ngh\u1ebdn. Gi\u1ea3i ph\u00e1p l\u00fd t\u01b0\u1edfng","breadcrumb":{"@id":"https:\/\/swoer.vn\/manufacturer\/may-cap-lieu-rung-tu-dong-co-toc-do-dieu-khien\/#breadcrumb"},"inLanguage":"ja","potentialAction":[{"@type":"ReadAction","target":["https:\/\/swoer.vn\/manufacturer\/may-cap-lieu-rung-tu-dong-co-toc-do-dieu-khien\/"]}]},{"@type":"ImageObject","inLanguage":"ja","@id":"https:\/\/swoer.vn\/manufacturer\/may-cap-lieu-rung-tu-dong-co-toc-do-dieu-khien\/#primaryimage","url":"https:\/\/swoer.vn\/wp-content\/uploads\/2025\/09\/May-cap-lieu-rung-tu-dong-co-toc-do-dieu-khien.png","contentUrl":"https:\/\/swoer.vn\/wp-content\/uploads\/2025\/09\/May-cap-lieu-rung-tu-dong-co-toc-do-dieu-khien.png","width":800,"height":800,"caption":"Ma\u0301y ca\u0302\u0301p lie\u0323\u0302u rung tu\u031b\u0323 \u0111o\u0323\u0302ng co\u0301 to\u0302\u0301c \u0111o\u0323\u0302 \u0111ie\u0302\u0300u khie\u0302\u0309n"},{"@type":"BreadcrumbList","@id":"https:\/\/swoer.vn\/manufacturer\/may-cap-lieu-rung-tu-dong-co-toc-do-dieu-khien\/#breadcrumb","itemListElement":[{"@type":"ListItem","position":1,"name":"Home","item":"https:\/\/swoer.vn\/"},{"@type":"ListItem","position":2,"name":"S\u1ea3n ph\u1ea9m","item":"https:\/\/swoer.vn\/shop\/"},{"@type":"ListItem","position":3,"name":"M\u00e1y c\u1ea5p li\u1ec7u rung t\u1ef1 \u0111\u1ed9ng c\u00f3 t\u1ed1c \u0111\u1ed9 \u0111i\u1ec1u khi\u1ec3n"}]},{"@type":"WebSite","@id":"https:\/\/swoer.vn\/#website","url":"https:\/\/swoer.vn\/","name":"\u5de5\u696d\u7528\u30d5\u30a3\u30fc\u30c0\u30fc\u30e1\u30fc\u30ab\u30fc","description":"\u30ed\u30dc\u30c3\u30c8\u3001\u30d5\u30ec\u30ad\u30b7\u30d6\u30eb\u30d5\u30a3\u30fc\u30c0\u30fc\u3001\u9060\u5fc3\u30d5\u30a3\u30fc\u30c0\u30fc\u3001\u81ea\u52d5\u632f\u52d5\u30d5\u30a3\u30fc\u30c0\u30fc\u306e\u30b5\u30d7\u30e9\u30a4\u30e4\u30fc","potentialAction":[{"@type":"SearchAction","target":{"@type":"EntryPoint","urlTemplate":"https:\/\/swoer.vn\/?s={search_term_string}"},"query-input":{"@type":"PropertyValueSpecification","valueRequired":true,"valueName":"search_term_string"}}],"inLanguage":"ja"}]}},"_links":{"self":[{"href":"https:\/\/swoer.vn\/ja\/wp-json\/wp\/v2\/product\/4632","targetHints":{"allow":["GET"]}}],"collection":[{"href":"https:\/\/swoer.vn\/ja\/wp-json\/wp\/v2\/product"}],"about":[{"href":"https:\/\/swoer.vn\/ja\/wp-json\/wp\/v2\/types\/product"}],"replies":[{"embeddable":true,"href":"https:\/\/swoer.vn\/ja\/wp-json\/wp\/v2\/comments?post=4632"}],"wp:featuredmedia":[{"embeddable":true,"href":"https:\/\/swoer.vn\/ja\/wp-json\/wp\/v2\/media\/4633"}],"wp:attachment":[{"href":"https:\/\/swoer.vn\/ja\/wp-json\/wp\/v2\/media?parent=4632"}],"wp:term":[{"taxonomy":"product_brand","embeddable":true,"href":"https:\/\/swoer.vn\/ja\/wp-json\/wp\/v2\/product_brand?post=4632"},{"taxonomy":"product_cat","embeddable":true,"href":"https:\/\/swoer.vn\/ja\/wp-json\/wp\/v2\/product_cat?post=4632"},{"taxonomy":"product_tag","embeddable":true,"href":"https:\/\/swoer.vn\/ja\/wp-json\/wp\/v2\/product_tag?post=4632"}],"curies":[{"name":"wp","href":"https:\/\/api.w.org\/{rel}","templated":true}]}}