{"id":4626,"date":"2025-09-18T15:00:56","date_gmt":"2025-09-18T08:00:56","guid":{"rendered":"https:\/\/swoer.vn\/?post_type=product&#038;p=4626"},"modified":"2025-09-18T15:00:56","modified_gmt":"2025-09-18T08:00:56","slug":"may-cap-lieu-bat-rung-dien-chat-luong-cao","status":"publish","type":"product","link":"https:\/\/swoer.vn\/ja\/manufacturer\/may-cap-lieu-bat-rung-dien-chat-luong-cao\/","title":{"rendered":"M\u00e1y c\u1ea5p li\u1ec7u b\u00e1t rung \u0111i\u1ec7n ch\u1ea5t l\u01b0\u1ee3ng cao"},"content":{"rendered":"<h2><span style=\"font-weight: 400;\">\u88fd\u54c1\u4ed5\u69d8:<\/span><\/h2>\n<table>\n<tbody>\n<tr>\n<td><span style=\"font-weight: 400;\">M\u00e3 s\u1ea3n ph\u1ea9m<\/span><\/td>\n<td><span style=\"font-weight: 400;\">High-end Quality Electric Vibratory Bowl Parts Feeder<\/span><\/td>\n<\/tr>\n<tr>\n<td><span style=\"font-weight: 400;\">C\u00f4ng su\u1ea5t \u0111\u1ed9ng c\u01a1 (kW)<\/span><\/td>\n<td><span style=\"font-weight: 400;\">1 \u0111\u1ebfn 10<\/span><\/td>\n<\/tr>\n<tr>\n<td><span style=\"font-weight: 400;\">Lead Time<\/span><\/td>\n<td><span style=\"font-weight: 400;\">7 &#8211; 14 ng\u00e0y<\/span><\/td>\n<\/tr>\n<tr>\n<td><span style=\"font-weight: 400;\">Appearance<\/span><\/td>\n<td><span style=\"font-weight: 400;\">Open-type<\/span><\/td>\n<\/tr>\n<tr>\n<td><span style=\"font-weight: 400;\">Max Feeding (mm)<\/span><\/td>\n<td><span style=\"font-weight: 400;\">Customized<\/span><\/td>\n<\/tr>\n<tr>\n<td><span style=\"font-weight: 400;\">Chute Size (mm)<\/span><\/td>\n<td><span style=\"font-weight: 400;\">Customized<\/span><\/td>\n<\/tr>\n<tr>\n<td><span style=\"font-weight: 400;\">Nh\u00e3n hi\u1ec7u<\/span><\/td>\n<td><span style=\"font-weight: 400;\">\u8a93\u3046<\/span><\/td>\n<\/tr>\n<tr>\n<td><span style=\"font-weight: 400;\">S\u1ee9c ch\u1ee9a (t\/h)<\/span><\/td>\n<td><span style=\"font-weight: 400;\">80 &#8211; 150<\/span><\/td>\n<\/tr>\n<tr>\n<td><span style=\"font-weight: 400;\">\u30bf\u30a4\u30d7<\/span><\/td>\n<td><span style=\"font-weight: 400;\">M\u00e1y rung \u0111i\u1ec7n t\u1eeb<\/span><\/td>\n<\/tr>\n<tr>\n<td><span style=\"font-weight: 400;\">Movement Mode<\/span><\/td>\n<td><span style=\"font-weight: 400;\">Linear<\/span><\/td>\n<\/tr>\n<tr>\n<td><span style=\"font-weight: 400;\">Warranty<\/span><\/td>\n<td><span style=\"font-weight: 400;\">1\u5e74<\/span><\/td>\n<\/tr>\n<tr>\n<td><span style=\"font-weight: 400;\">Installation Slope<\/span><\/td>\n<td><span style=\"font-weight: 400;\">Customized<\/span><\/td>\n<\/tr>\n<tr>\n<td><span style=\"font-weight: 400;\">Overall Dimension<\/span><\/td>\n<td><span style=\"font-weight: 400;\">Customized<\/span><\/td>\n<\/tr>\n<tr>\n<td><span style=\"font-weight: 400;\">Xu\u1ea5t x\u1ee9<\/span><\/td>\n<td><span style=\"font-weight: 400;\">\u4e2d\u56fd<\/span><\/td>\n<\/tr>\n<\/tbody>\n<\/table>\n<h2><span style=\"font-weight: 400;\">\u7279\u5fb4\uff1a<\/span><\/h2>\n<p><span style=\"font-weight: 400;\">H\u1ec7 th\u1ed1ng c\u1ea5p li\u1ec7u b\u00e1t rung t\u1ef1 \u0111\u1ed9ng l\u00e0 m\u1ed9t lo\u1ea1i thi\u1ebft b\u1ecb ph\u1ee5 c\u1ee7a m\u00e1y l\u1eafp r\u00e1p t\u1ef1 \u0111\u1ed9ng, c\u00f3 th\u1ec3 s\u1eafp x\u1ebfp m\u1ecdi lo\u1ea1i s\u1ea3n ph\u1ea9m m\u1ed9t c\u00e1ch c\u00f3 tr\u1eadt t\u1ef1. C\u00f3 th\u1ec3 k\u1ebft h\u1ee3p b\u1ed9 ph\u1eadn n\u00e0y v\u1edbi thi\u1ebft b\u1ecb l\u1eafp r\u00e1p t\u1ef1 \u0111\u1ed9ng \u0111\u1ec3 l\u1eafp t\u1ea5t c\u1ea3 c\u00e1c b\u1ed9 ph\u1eadn c\u1ee7a s\u1ea3n ph\u1ea9m v\u00e0o m\u1ed9t s\u1ea3n ph\u1ea9m ho\u00e0n ch\u1ec9nh. Khay n\u1ea1p rung \u0111\u01b0\u1ee3c s\u1eed d\u1ee5ng r\u1ed9ng r\u00e3i trong c\u00e1c thi\u1ebft b\u1ecb \u0111i\u1ec7n t\u1eed, ph\u1ea7n c\u1ee9ng, xi m\u0103ng nh\u1ef1a, thu\u1ed1c an th\u00f4ng, th\u1ef1c ph\u1ea9m, \u0110\u1ed3 ch\u01a1i, m\u1eabu n\u1ec1n th\u01b0, h\u00e0ng ng\u00e0y v\u00e0 c\u00e1c ng\u00e0nh kh\u00e1c. \u0110\u00e2y l\u00e0 thi\u1ebft b\u1ecb c\u1ea7n thi\u1ebft \u0111\u1ec3 gi\u1ea3i quy\u1ebft vi\u1ec7c cung c\u1ea5p thi\u1ebft b\u1ecb t\u1ef1 \u0111\u1ed9ng h\u00f3a c\u00f4ng nghi\u1ec7p. C\u0169ng c\u00f3 th\u1ec3 s\u1eed d\u1ee5ng b\u1ed9 ti\u1ebfp li\u1ec7u b\u1eb1ng ch\u00e9n rung \u0111\u1ec3 ph\u00e2n lo\u1ea1i, ki\u1ec3m tra, \u0111\u1ebfm v\u00e0 \u0111\u00f3ng g\u00f3i,&#8230; \u0111\u00e2y l\u00e0 s\u1ea3n ph\u1ea9m c\u00f4ng ngh\u1ec7 cao hi\u1ec7n \u0111\u1ea1i.<\/span><\/p>\n<table>\n<tbody>\n<tr>\n<td><span style=\"font-weight: 400;\">\u0110\u01b0\u1eddng k\u00ednh cho b\u1ed9 n\u1ea1p c\u1ee7a b\u00e1t<\/span><\/td>\n<td><span style=\"font-weight: 400;\">Tu\u1ef3 ch\u1ec9nh<\/span><\/td>\n<\/tr>\n<tr>\n<td><span style=\"font-weight: 400;\">M\u00e1ng n\u1ea1p li\u1ec7u c\u1ee7a b\u00e1t<\/span><\/td>\n<td><span style=\"font-weight: 400;\">Tu\u1ef3 ch\u1ec9nh<\/span><\/td>\n<\/tr>\n<tr>\n<td><span style=\"font-weight: 400;\">Dung t\u00edch n\u1ea1p c\u1ee7a b\u00e1t<\/span><\/td>\n<td><span style=\"font-weight: 400;\">Tu\u1ef3 ch\u1ec9nh<\/span><\/td>\n<\/tr>\n<tr>\n<td><span style=\"font-weight: 400;\">\u30b9\u30d4\u30fc\u30c9<\/span><\/td>\n<td><span style=\"font-weight: 400;\">\u0110i\u1ec1u ch\u1ec9nh<\/span><\/td>\n<\/tr>\n<tr>\n<td><span style=\"font-weight: 400;\">\u96fb\u5727<\/span><\/td>\n<td><span style=\"font-weight: 400;\">220 V<\/span><\/td>\n<\/tr>\n<tr>\n<td><span style=\"font-weight: 400;\">\u65b9\u5411<\/span><\/td>\n<td><span style=\"font-weight: 400;\">Theo chi\u1ec1u kim \u0111\u1ed3ng h\u1ed3 ho\u1eb7c ng\u01b0\u1ee3c chi\u1ec1u kim \u0111\u1ed3ng h\u1ed3<\/span><\/td>\n<\/tr>\n<tr>\n<td><span style=\"font-weight: 400;\">Nguy\u00ean v\u1eadt li\u1ec7u<\/span><\/td>\n<td><span style=\"font-weight: 400;\">SS-304<\/span><\/td>\n<\/tr>\n<\/tbody>\n<\/table>\n<h2><span style=\"font-weight: 400;\">Quy tr\u00ecnh mua h\u00e0ng:<\/span><\/h2>\n<h3><span style=\"font-weight: 400;\">B\u01b0\u1edbc 1:<\/span><\/h3>\n<ol>\n<li style=\"font-weight: 400;\" aria-level=\"1\"><span style=\"font-weight: 400;\">Ng\u01b0\u1eddi mua cung c\u1ea5p h\u00ecnh \u1ea3nh v\u1eadt l\u00fd, k\u00edch c\u1ee1 v\u00e0 v\u1eadt li\u1ec7u.<\/span><\/li>\n<li style=\"font-weight: 400;\" aria-level=\"1\"><span style=\"font-weight: 400;\">Ng\u01b0\u1eddi mua cung c\u1ea5p \u0111\u01a1n h\u00e0ng v\u00e0 h\u01b0\u1edbng d\u1eabn x\u1ea3 v\u1eadt li\u1ec7u.<\/span><\/li>\n<li style=\"font-weight: 400;\" aria-level=\"1\"><span style=\"font-weight: 400;\">Ng\u01b0\u1eddi mua cung c\u1ea5p t\u1ed1c \u0111\u1ed9 x\u1ea3.<\/span><\/li>\n<li style=\"font-weight: 400;\" aria-level=\"1\"><span style=\"font-weight: 400;\">Ng\u01b0\u1ee3c chi\u1ec1u kim \u0111\u1ed3ng h\u1ed3 ho\u1eb7c theo chi\u1ec1u kim \u0111\u1ed3ng h\u1ed3.<\/span><\/li>\n<li style=\"font-weight: 400;\" aria-level=\"1\"><span style=\"font-weight: 400;\">X\u00e1c nh\u1eadn n\u1ebfu b\u1ea1n c\u1ea7n khay n\u1ea1p tuy\u1ebfn t\u00ednh, ph\u1ec5u h\u1ee9ng, b\u1ea3ng \u0111\u1ee1 v\u00e0 n\u1eafp ch\u1ed1ng \u00e2m thanh.<\/span><\/li>\n<\/ol>\n<h3><span style=\"font-weight: 400;\">B\u01b0\u1edbc 2: Ph\u1ea3n h\u1ed3i v\u1ec1 \u0111\u00e1nh gi\u00e1 c\u1ee7a ng\u01b0\u1eddi b\u00e1n<\/span><\/h3>\n<p><span style=\"font-weight: 400;\">V\u1eadt li\u1ec7u (tr\u1ea3 l\u1ea1i cho ng\u01b0\u1eddi mua c\u00f3 khay n\u1ea1p rung) ph\u1ea3i \u0111\u01b0\u1ee3c s\u1eed d\u1ee5ng \u0111\u1ec3 \u0111i\u1ec1u ch\u1ec9nh khay n\u1ea1p rung.<\/span><\/p>\n<h3><span style=\"font-weight: 400;\">B\u01b0\u1edbc 3: Sau khi thanh to\u00e1n v\u00e0 giao h\u00e0ng<\/span><\/h3>\n<ol>\n<li style=\"font-weight: 400;\" aria-level=\"1\"><span style=\"font-weight: 400;\">Ng\u01b0\u1eddi b\u00e1n b\u1eaft \u0111\u1ea7u \u0111\u1eb7t h\u00e0ng v\u00e0 th\u1ef1c hi\u1ec7n thanh to\u00e1n kh\u00f4ng tr\u1ea3 ti\u1ec1n.<\/span><\/li>\n<li style=\"font-weight: 400;\" aria-level=\"1\"><span style=\"font-weight: 400;\">Quay video tr\u00ean m\u00e1y ki\u1ec3m tra.<\/span><\/li>\n<li style=\"font-weight: 400;\" aria-level=\"1\"><span style=\"font-weight: 400;\">Ng\u01b0\u1eddi mua h\u00e0i l\u00f2ng v\u00e0 th\u1ef1c hi\u1ec7n thanh to\u00e1n cu\u1ed1i c\u00f9ng.<\/span><\/li>\n<li style=\"font-weight: 400;\" aria-level=\"1\"><span style=\"font-weight: 400;\">Ng\u01b0\u1eddi b\u00e1n \u0111\u00f3ng g\u00f3i c\u00e1c h\u1ed9p g\u1ed7 v\u00e0 giao h\u00e0ng b\u1eb1ng h\u1eadu c\u1ea7n.<\/span><\/li>\n<\/ol>","protected":false},"excerpt":{"rendered":"<p>Trong c\u00e1c ng\u00e0nh c\u00f4ng nghi\u1ec7p \u0111\u00f2i h\u1ecfi t\u1ed1c \u0111\u1ed9 v\u00e0 \u0111\u1ed9 ch\u00ednh x\u00e1c cao, <b>m\u00e1y c\u1ea5p li\u1ec7u b\u00e1t rung \u0111i\u1ec7n ch\u1ea5t l\u01b0\u1ee3ng cao<\/b> c\u1ee7a SWOER l\u00e0 gi\u1ea3i ph\u00e1p t\u1ed1i \u01b0u. M\u00e1y ho\u1ea1t \u0111\u1ed9ng d\u1ef1a tr\u00ean nguy\u00ean l\u00fd rung \u0111i\u1ec7n t\u1eeb. N\u00f3 gi\u00fap s\u1eafp x\u1ebfp v\u00e0 \u0111\u01b0a c\u00e1c chi ti\u1ebft nh\u1ecf r\u1eddi r\u1ea1c v\u00e0o m\u1ed9t tr\u1eadt t\u1ef1 c\u1ee5 th\u1ec3. V\u1edbi thi\u1ebft k\u1ebf b\u00e1t rung \u0111\u01b0\u1ee3c ch\u1ebf t\u1ea1o tinh x\u1ea3o, m\u00e1y \u0111\u1ea3m b\u1ea3o kh\u1ea3 n\u0103ng c\u1ea5p ph\u00f4i \u1ed5n \u0111\u1ecbnh v\u00e0 li\u00ean t\u1ee5c, kh\u00f4ng g\u00e2y k\u1eb9t hay l\u00e0m h\u1ecfng chi ti\u1ebft. S\u1ea3n ph\u1ea9m n\u00e0y ph\u00f9 h\u1ee3p v\u1edbi nhi\u1ec1u lo\u1ea1i v\u1eadt li\u1ec7u kh\u00e1c nhau. N\u00f3 gi\u00fap n\u00e2ng cao n\u0103ng su\u1ea5t, gi\u1ea3m chi ph\u00ed nh\u00e2n c\u00f4ng v\u00e0 t\u1ed1i \u01b0u h\u00f3a hi\u1ec7u qu\u1ea3 c\u1ee7a d\u00e2y chuy\u1ec1n l\u1eafp r\u00e1p.<\/p>","protected":false},"featured_media":4627,"comment_status":"open","ping_status":"closed","template":"","meta":[],"product_brand":[],"product_cat":[106],"product_tag":[],"class_list":{"0":"post-4626","1":"product","2":"type-product","3":"status-publish","4":"has-post-thumbnail","6":"product_cat-mam-rung-cap-phoi","8":"first","9":"instock","10":"shipping-taxable","11":"product-type-simple"},"yoast_head":"<!-- This site is optimized with the Yoast SEO plugin v26.0 - https:\/\/yoast.com\/wordpress\/plugins\/seo\/ -->\n<title>M\u00e1y c\u1ea5p li\u1ec7u b\u00e1t rung \u0111i\u1ec7n ch\u1ea5t l\u01b0\u1ee3ng cao - Nh\u00e0 s\u1ea3n xu\u1ea5t m\u00e1y c\u1ea5p li\u1ec7u c\u00f4ng nghi\u1ec7p<\/title>\n<meta name=\"description\" content=\"M\u00e1y c\u1ea5p li\u1ec7u b\u00e1t rung \u0111i\u1ec7n ch\u1ea5t l\u01b0\u1ee3ng cao SWOER: N\u00e2ng cao n\u0103ng su\u1ea5t, \u0111\u1ea3m b\u1ea3o \u0111\u1ed9 ch\u00ednh x\u00e1c. Gi\u1ea3i ph\u00e1p c\u1ea5p ph\u00f4i t\u1ed1i \u01b0u cho d\u00e2y chuy\u1ec1n s\u1ea3n xu\u1ea5t t\u1ef1 \u0111\u1ed9ng.\" \/>\n<meta name=\"robots\" content=\"index, follow, max-snippet:-1, max-image-preview:large, max-video-preview:-1\" \/>\n<link rel=\"canonical\" href=\"https:\/\/swoer.vn\/ja\/manufacturer\/may-cap-lieu-bat-rung-dien-chat-luong-cao\/\" \/>\n<meta property=\"og:locale\" content=\"ja_JP\" \/>\n<meta property=\"og:type\" content=\"article\" \/>\n<meta property=\"og:title\" content=\"M\u00e1y c\u1ea5p li\u1ec7u b\u00e1t rung \u0111i\u1ec7n ch\u1ea5t l\u01b0\u1ee3ng cao - Nh\u00e0 s\u1ea3n xu\u1ea5t m\u00e1y c\u1ea5p li\u1ec7u c\u00f4ng nghi\u1ec7p\" \/>\n<meta property=\"og:description\" content=\"M\u00e1y c\u1ea5p li\u1ec7u b\u00e1t rung \u0111i\u1ec7n ch\u1ea5t l\u01b0\u1ee3ng cao SWOER: N\u00e2ng cao n\u0103ng su\u1ea5t, \u0111\u1ea3m b\u1ea3o \u0111\u1ed9 ch\u00ednh x\u00e1c. Gi\u1ea3i ph\u00e1p c\u1ea5p ph\u00f4i t\u1ed1i \u01b0u cho d\u00e2y chuy\u1ec1n s\u1ea3n xu\u1ea5t t\u1ef1 \u0111\u1ed9ng.\" \/>\n<meta property=\"og:url\" content=\"https:\/\/swoer.vn\/ja\/manufacturer\/may-cap-lieu-bat-rung-dien-chat-luong-cao\/\" \/>\n<meta property=\"og:site_name\" content=\"Nh\u00e0 s\u1ea3n xu\u1ea5t m\u00e1y c\u1ea5p li\u1ec7u c\u00f4ng nghi\u1ec7p\" \/>\n<meta property=\"og:image\" content=\"https:\/\/swoer.vn\/wp-content\/uploads\/2025\/09\/May-cap-lieu-bat-rung-dien-chat-luong-cao-cap.png\" \/>\n\t<meta property=\"og:image:width\" content=\"800\" \/>\n\t<meta property=\"og:image:height\" content=\"800\" \/>\n\t<meta property=\"og:image:type\" content=\"image\/png\" \/>\n<meta name=\"twitter:card\" content=\"summary_large_image\" \/>\n<meta name=\"twitter:label1\" content=\"\u63a8\u5b9a\u8aad\u307f\u53d6\u308a\u6642\u9593\" \/>\n\t<meta name=\"twitter:data1\" content=\"3\u5206\" \/>\n<script type=\"application\/ld+json\" class=\"yoast-schema-graph\">{\"@context\":\"https:\/\/schema.org\",\"@graph\":[{\"@type\":\"WebPage\",\"@id\":\"https:\/\/swoer.vn\/manufacturer\/may-cap-lieu-bat-rung-dien-chat-luong-cao\/\",\"url\":\"https:\/\/swoer.vn\/manufacturer\/may-cap-lieu-bat-rung-dien-chat-luong-cao\/\",\"name\":\"M\u00e1y c\u1ea5p li\u1ec7u b\u00e1t rung \u0111i\u1ec7n ch\u1ea5t l\u01b0\u1ee3ng cao - Nh\u00e0 s\u1ea3n xu\u1ea5t m\u00e1y c\u1ea5p li\u1ec7u c\u00f4ng nghi\u1ec7p\",\"isPartOf\":{\"@id\":\"https:\/\/swoer.vn\/#website\"},\"primaryImageOfPage\":{\"@id\":\"https:\/\/swoer.vn\/manufacturer\/may-cap-lieu-bat-rung-dien-chat-luong-cao\/#primaryimage\"},\"image\":{\"@id\":\"https:\/\/swoer.vn\/manufacturer\/may-cap-lieu-bat-rung-dien-chat-luong-cao\/#primaryimage\"},\"thumbnailUrl\":\"https:\/\/swoer.vn\/wp-content\/uploads\/2025\/09\/May-cap-lieu-bat-rung-dien-chat-luong-cao-cap.png\",\"datePublished\":\"2025-09-18T08:00:56+00:00\",\"description\":\"M\u00e1y c\u1ea5p li\u1ec7u b\u00e1t rung \u0111i\u1ec7n ch\u1ea5t l\u01b0\u1ee3ng cao SWOER: N\u00e2ng cao n\u0103ng su\u1ea5t, \u0111\u1ea3m b\u1ea3o \u0111\u1ed9 ch\u00ednh x\u00e1c. Gi\u1ea3i ph\u00e1p c\u1ea5p ph\u00f4i t\u1ed1i \u01b0u cho d\u00e2y chuy\u1ec1n s\u1ea3n xu\u1ea5t t\u1ef1 \u0111\u1ed9ng.\",\"breadcrumb\":{\"@id\":\"https:\/\/swoer.vn\/manufacturer\/may-cap-lieu-bat-rung-dien-chat-luong-cao\/#breadcrumb\"},\"inLanguage\":\"ja\",\"potentialAction\":[{\"@type\":\"ReadAction\",\"target\":[\"https:\/\/swoer.vn\/manufacturer\/may-cap-lieu-bat-rung-dien-chat-luong-cao\/\"]}]},{\"@type\":\"ImageObject\",\"inLanguage\":\"ja\",\"@id\":\"https:\/\/swoer.vn\/manufacturer\/may-cap-lieu-bat-rung-dien-chat-luong-cao\/#primaryimage\",\"url\":\"https:\/\/swoer.vn\/wp-content\/uploads\/2025\/09\/May-cap-lieu-bat-rung-dien-chat-luong-cao-cap.png\",\"contentUrl\":\"https:\/\/swoer.vn\/wp-content\/uploads\/2025\/09\/May-cap-lieu-bat-rung-dien-chat-luong-cao-cap.png\",\"width\":800,\"height\":800,\"caption\":\"Ma\u0301y ca\u0302\u0301p lie\u0323\u0302u ba\u0301t rung \u0111ie\u0323\u0302n cha\u0302\u0301t lu\u031bo\u031b\u0323ng cao\"},{\"@type\":\"BreadcrumbList\",\"@id\":\"https:\/\/swoer.vn\/manufacturer\/may-cap-lieu-bat-rung-dien-chat-luong-cao\/#breadcrumb\",\"itemListElement\":[{\"@type\":\"ListItem\",\"position\":1,\"name\":\"Home\",\"item\":\"https:\/\/swoer.vn\/\"},{\"@type\":\"ListItem\",\"position\":2,\"name\":\"S\u1ea3n ph\u1ea9m\",\"item\":\"https:\/\/swoer.vn\/shop\/\"},{\"@type\":\"ListItem\",\"position\":3,\"name\":\"M\u00e1y c\u1ea5p li\u1ec7u b\u00e1t rung \u0111i\u1ec7n ch\u1ea5t l\u01b0\u1ee3ng cao\"}]},{\"@type\":\"WebSite\",\"@id\":\"https:\/\/swoer.vn\/#website\",\"url\":\"https:\/\/swoer.vn\/\",\"name\":\"Nh\u00e0 s\u1ea3n xu\u1ea5t m\u00e1y c\u1ea5p li\u1ec7u c\u00f4ng nghi\u1ec7p\",\"description\":\"Nh\u00e0 cung c\u1ea5p robot, m\u00e1y c\u1ea5p li\u1ec7u linh ho\u1ea1t, m\u00e1y c\u1ea5p li\u1ec7u ly t\u00e2m, m\u00e1y c\u1ea5p li\u1ec7u rung t\u1ef1 \u0111\u1ed9ng\",\"potentialAction\":[{\"@type\":\"SearchAction\",\"target\":{\"@type\":\"EntryPoint\",\"urlTemplate\":\"https:\/\/swoer.vn\/?s={search_term_string}\"},\"query-input\":{\"@type\":\"PropertyValueSpecification\",\"valueRequired\":true,\"valueName\":\"search_term_string\"}}],\"inLanguage\":\"ja\"}]}<\/script>\n<!-- \/ Yoast SEO plugin. -->","yoast_head_json":{"title":"M\u00e1y c\u1ea5p li\u1ec7u b\u00e1t rung \u0111i\u1ec7n ch\u1ea5t l\u01b0\u1ee3ng cao - Nh\u00e0 s\u1ea3n xu\u1ea5t m\u00e1y c\u1ea5p li\u1ec7u c\u00f4ng nghi\u1ec7p","description":"M\u00e1y c\u1ea5p li\u1ec7u b\u00e1t rung \u0111i\u1ec7n ch\u1ea5t l\u01b0\u1ee3ng cao SWOER: N\u00e2ng cao n\u0103ng su\u1ea5t, \u0111\u1ea3m b\u1ea3o \u0111\u1ed9 ch\u00ednh x\u00e1c. Gi\u1ea3i ph\u00e1p c\u1ea5p ph\u00f4i t\u1ed1i \u01b0u cho d\u00e2y chuy\u1ec1n s\u1ea3n xu\u1ea5t t\u1ef1 \u0111\u1ed9ng.","robots":{"index":"index","follow":"follow","max-snippet":"max-snippet:-1","max-image-preview":"max-image-preview:large","max-video-preview":"max-video-preview:-1"},"canonical":"https:\/\/swoer.vn\/ja\/manufacturer\/may-cap-lieu-bat-rung-dien-chat-luong-cao\/","og_locale":"ja_JP","og_type":"article","og_title":"M\u00e1y c\u1ea5p li\u1ec7u b\u00e1t rung \u0111i\u1ec7n ch\u1ea5t l\u01b0\u1ee3ng cao - Nh\u00e0 s\u1ea3n xu\u1ea5t m\u00e1y c\u1ea5p li\u1ec7u c\u00f4ng nghi\u1ec7p","og_description":"M\u00e1y c\u1ea5p li\u1ec7u b\u00e1t rung \u0111i\u1ec7n ch\u1ea5t l\u01b0\u1ee3ng cao SWOER: N\u00e2ng cao n\u0103ng su\u1ea5t, \u0111\u1ea3m b\u1ea3o \u0111\u1ed9 ch\u00ednh x\u00e1c. Gi\u1ea3i ph\u00e1p c\u1ea5p ph\u00f4i t\u1ed1i \u01b0u cho d\u00e2y chuy\u1ec1n s\u1ea3n xu\u1ea5t t\u1ef1 \u0111\u1ed9ng.","og_url":"https:\/\/swoer.vn\/ja\/manufacturer\/may-cap-lieu-bat-rung-dien-chat-luong-cao\/","og_site_name":"Nh\u00e0 s\u1ea3n xu\u1ea5t m\u00e1y c\u1ea5p li\u1ec7u c\u00f4ng nghi\u1ec7p","og_image":[{"width":800,"height":800,"url":"https:\/\/swoer.vn\/wp-content\/uploads\/2025\/09\/May-cap-lieu-bat-rung-dien-chat-luong-cao-cap.png","type":"image\/png"}],"twitter_card":"summary_large_image","twitter_misc":{"\u63a8\u5b9a\u8aad\u307f\u53d6\u308a\u6642\u9593":"3\u5206"},"schema":{"@context":"https:\/\/schema.org","@graph":[{"@type":"WebPage","@id":"https:\/\/swoer.vn\/manufacturer\/may-cap-lieu-bat-rung-dien-chat-luong-cao\/","url":"https:\/\/swoer.vn\/manufacturer\/may-cap-lieu-bat-rung-dien-chat-luong-cao\/","name":"M\u00e1y c\u1ea5p li\u1ec7u b\u00e1t rung \u0111i\u1ec7n ch\u1ea5t l\u01b0\u1ee3ng cao - Nh\u00e0 s\u1ea3n xu\u1ea5t m\u00e1y c\u1ea5p li\u1ec7u c\u00f4ng nghi\u1ec7p","isPartOf":{"@id":"https:\/\/swoer.vn\/#website"},"primaryImageOfPage":{"@id":"https:\/\/swoer.vn\/manufacturer\/may-cap-lieu-bat-rung-dien-chat-luong-cao\/#primaryimage"},"image":{"@id":"https:\/\/swoer.vn\/manufacturer\/may-cap-lieu-bat-rung-dien-chat-luong-cao\/#primaryimage"},"thumbnailUrl":"https:\/\/swoer.vn\/wp-content\/uploads\/2025\/09\/May-cap-lieu-bat-rung-dien-chat-luong-cao-cap.png","datePublished":"2025-09-18T08:00:56+00:00","description":"M\u00e1y c\u1ea5p li\u1ec7u b\u00e1t rung \u0111i\u1ec7n ch\u1ea5t l\u01b0\u1ee3ng cao SWOER: N\u00e2ng cao n\u0103ng su\u1ea5t, \u0111\u1ea3m b\u1ea3o \u0111\u1ed9 ch\u00ednh x\u00e1c. Gi\u1ea3i ph\u00e1p c\u1ea5p ph\u00f4i t\u1ed1i \u01b0u cho d\u00e2y chuy\u1ec1n s\u1ea3n xu\u1ea5t t\u1ef1 \u0111\u1ed9ng.","breadcrumb":{"@id":"https:\/\/swoer.vn\/manufacturer\/may-cap-lieu-bat-rung-dien-chat-luong-cao\/#breadcrumb"},"inLanguage":"ja","potentialAction":[{"@type":"ReadAction","target":["https:\/\/swoer.vn\/manufacturer\/may-cap-lieu-bat-rung-dien-chat-luong-cao\/"]}]},{"@type":"ImageObject","inLanguage":"ja","@id":"https:\/\/swoer.vn\/manufacturer\/may-cap-lieu-bat-rung-dien-chat-luong-cao\/#primaryimage","url":"https:\/\/swoer.vn\/wp-content\/uploads\/2025\/09\/May-cap-lieu-bat-rung-dien-chat-luong-cao-cap.png","contentUrl":"https:\/\/swoer.vn\/wp-content\/uploads\/2025\/09\/May-cap-lieu-bat-rung-dien-chat-luong-cao-cap.png","width":800,"height":800,"caption":"Ma\u0301y ca\u0302\u0301p lie\u0323\u0302u ba\u0301t rung \u0111ie\u0323\u0302n cha\u0302\u0301t lu\u031bo\u031b\u0323ng cao"},{"@type":"BreadcrumbList","@id":"https:\/\/swoer.vn\/manufacturer\/may-cap-lieu-bat-rung-dien-chat-luong-cao\/#breadcrumb","itemListElement":[{"@type":"ListItem","position":1,"name":"Home","item":"https:\/\/swoer.vn\/"},{"@type":"ListItem","position":2,"name":"S\u1ea3n ph\u1ea9m","item":"https:\/\/swoer.vn\/shop\/"},{"@type":"ListItem","position":3,"name":"M\u00e1y c\u1ea5p li\u1ec7u b\u00e1t rung \u0111i\u1ec7n ch\u1ea5t l\u01b0\u1ee3ng cao"}]},{"@type":"WebSite","@id":"https:\/\/swoer.vn\/#website","url":"https:\/\/swoer.vn\/","name":"\u5de5\u696d\u7528\u30d5\u30a3\u30fc\u30c0\u30fc\u30e1\u30fc\u30ab\u30fc","description":"\u30ed\u30dc\u30c3\u30c8\u3001\u30d5\u30ec\u30ad\u30b7\u30d6\u30eb\u30d5\u30a3\u30fc\u30c0\u30fc\u3001\u9060\u5fc3\u30d5\u30a3\u30fc\u30c0\u30fc\u3001\u81ea\u52d5\u632f\u52d5\u30d5\u30a3\u30fc\u30c0\u30fc\u306e\u30b5\u30d7\u30e9\u30a4\u30e4\u30fc","potentialAction":[{"@type":"SearchAction","target":{"@type":"EntryPoint","urlTemplate":"https:\/\/swoer.vn\/?s={search_term_string}"},"query-input":{"@type":"PropertyValueSpecification","valueRequired":true,"valueName":"search_term_string"}}],"inLanguage":"ja"}]}},"_links":{"self":[{"href":"https:\/\/swoer.vn\/ja\/wp-json\/wp\/v2\/product\/4626","targetHints":{"allow":["GET"]}}],"collection":[{"href":"https:\/\/swoer.vn\/ja\/wp-json\/wp\/v2\/product"}],"about":[{"href":"https:\/\/swoer.vn\/ja\/wp-json\/wp\/v2\/types\/product"}],"replies":[{"embeddable":true,"href":"https:\/\/swoer.vn\/ja\/wp-json\/wp\/v2\/comments?post=4626"}],"wp:featuredmedia":[{"embeddable":true,"href":"https:\/\/swoer.vn\/ja\/wp-json\/wp\/v2\/media\/4627"}],"wp:attachment":[{"href":"https:\/\/swoer.vn\/ja\/wp-json\/wp\/v2\/media?parent=4626"}],"wp:term":[{"taxonomy":"product_brand","embeddable":true,"href":"https:\/\/swoer.vn\/ja\/wp-json\/wp\/v2\/product_brand?post=4626"},{"taxonomy":"product_cat","embeddable":true,"href":"https:\/\/swoer.vn\/ja\/wp-json\/wp\/v2\/product_cat?post=4626"},{"taxonomy":"product_tag","embeddable":true,"href":"https:\/\/swoer.vn\/ja\/wp-json\/wp\/v2\/product_tag?post=4626"}],"curies":[{"name":"wp","href":"https:\/\/api.w.org\/{rel}","templated":true}]}}