{"id":4591,"date":"2025-09-17T15:23:37","date_gmt":"2025-09-17T08:23:37","guid":{"rendered":"https:\/\/swoer.vn\/?post_type=product&#038;p=4591"},"modified":"2025-09-17T15:23:37","modified_gmt":"2025-09-17T08:23:37","slug":"khay-nap-cap-lieu-ly-tam","status":"publish","type":"product","link":"https:\/\/swoer.vn\/ja\/manufacturer\/khay-nap-cap-lieu-ly-tam\/","title":{"rendered":"Khay n\u1ea1p c\u1ea5p li\u1ec7u ly t\u00e2m"},"content":{"rendered":"<h2><span style=\"font-weight: 400;\">\u88fd\u54c1\u4ed5\u69d8:<\/span><\/h2>\n<table>\n<tbody>\n<tr>\n<td><span style=\"font-weight: 400;\">M\u00e3 s\u1ea3n ph\u1ea9m<\/span><\/td>\n<td><span style=\"font-weight: 400;\">Vibratory Feeder Bow for Automatic Assembly Line<\/span><\/td>\n<\/tr>\n<tr>\n<td><span style=\"font-weight: 400;\">C\u00f4ng su\u1ea5t \u0111\u1ed9ng c\u01a1 (kW)<\/span><\/td>\n<td><span style=\"font-weight: 400;\">1 \u0111\u1ebfn 10<\/span><\/td>\n<\/tr>\n<tr>\n<td><span style=\"font-weight: 400;\">Movement Mode<\/span><\/td>\n<td><span style=\"font-weight: 400;\">Linear<\/span><\/td>\n<\/tr>\n<tr>\n<td><span style=\"font-weight: 400;\">After-sales Service<\/span><\/td>\n<td><span style=\"font-weight: 400;\">1\u5e74<\/span><\/td>\n<\/tr>\n<tr>\n<td><span style=\"font-weight: 400;\">Max Feeding (mm)<\/span><\/td>\n<td><span style=\"font-weight: 400;\">Customized<\/span><\/td>\n<\/tr>\n<tr>\n<td><span style=\"font-weight: 400;\">Chute Size (mm)<\/span><\/td>\n<td><span style=\"font-weight: 400;\">Customized<\/span><\/td>\n<\/tr>\n<tr>\n<td><span style=\"font-weight: 400;\">Nh\u00e3n hi\u1ec7u<\/span><\/td>\n<td><span style=\"font-weight: 400;\">\u8a93\u3046<\/span><\/td>\n<\/tr>\n<tr>\n<td><span style=\"font-weight: 400;\">S\u1ee9c ch\u1ee9a<\/span><\/td>\n<td><span style=\"font-weight: 400;\">180 &#8211; 400<\/span><\/td>\n<\/tr>\n<tr>\n<td><span style=\"font-weight: 400;\">\u30bf\u30a4\u30d7<\/span><\/td>\n<td><span style=\"font-weight: 400;\">Centrifugal Bowl Feeder<\/span><\/td>\n<\/tr>\n<tr>\n<td><span style=\"font-weight: 400;\">Appearance<\/span><\/td>\n<td><span style=\"font-weight: 400;\">Open-type<\/span><\/td>\n<\/tr>\n<tr>\n<td><span style=\"font-weight: 400;\">Warranty<\/span><\/td>\n<td><span style=\"font-weight: 400;\">1\u5e74<\/span><\/td>\n<\/tr>\n<tr>\n<td><span style=\"font-weight: 400;\">Installation Slope<\/span><\/td>\n<td><span style=\"font-weight: 400;\">Customized<\/span><\/td>\n<\/tr>\n<tr>\n<td><span style=\"font-weight: 400;\">Overall Dimension<\/span><\/td>\n<td><span style=\"font-weight: 400;\">Customized<\/span><\/td>\n<\/tr>\n<tr>\n<td><span style=\"font-weight: 400;\">\u8f38\u9001<\/span><\/td>\n<td><span style=\"font-weight: 400;\">G\u1ed7 d\u00e1n<\/span><\/td>\n<\/tr>\n<tr>\n<td><span style=\"font-weight: 400;\">Xu\u1ea5t x\u1ee9<\/span><\/td>\n<td><span style=\"font-weight: 400;\">\u4e2d\u56fd<\/span><\/td>\n<\/tr>\n<tr>\n<td><span style=\"font-weight: 400;\">\u6750\u6599<\/span><\/td>\n<td><span style=\"font-weight: 400;\">SUS304, nh\u1ef1a<\/span><\/td>\n<\/tr>\n<\/tbody>\n<\/table>","protected":false},"excerpt":{"rendered":"<p>B\u1ea1n \u0111ang t\u00ecm ki\u1ebfm gi\u1ea3i ph\u00e1p c\u1ea5p ph\u00f4i t\u1ed1c \u0111\u1ed9 cao cho c\u00e1c chi ti\u1ebft nh\u1ecf? <b>Khay n\u1ea1p c\u1ea5p li\u1ec7u ly t\u00e2m<\/b> (Centrifugal Feeder) c\u1ee7a SWOER ch\u00ednh l\u00e0 c\u00e2u tr\u1ea3 l\u1eddi. V\u1edbi c\u01a1 ch\u1ebf ho\u1ea1t \u0111\u1ed9ng m\u1ea1nh m\u1ebd, h\u1ec7 th\u1ed1ng n\u00e0y s\u1eed d\u1ee5ng l\u1ef1c ly t\u00e2m \u0111\u1ec3 \u0111\u01b0a c\u00e1c chi ti\u1ebft ra m\u00e1ng d\u1eabn m\u1ed9t c\u00e1ch nhanh ch\u00f3ng v\u00e0 li\u00ean t\u1ee5c. S\u1ea3n ph\u1ea9m n\u00e0y l\u00e0 l\u1ef1a ch\u1ecdn t\u1ed1i \u01b0u cho c\u00e1c d\u00e2y chuy\u1ec1n s\u1ea3n xu\u1ea5t c\u1ea7n n\u0103ng su\u1ea5t c\u1ef1c l\u1edbn, \u0111\u1eb7c bi\u1ec7t l\u00e0 trong ng\u00e0nh \u0111i\u1ec7n t\u1eed, d\u01b0\u1ee3c ph\u1ea9m v\u00e0 l\u1eafp r\u00e1p linh ki\u1ec7n nh\u1ecf. SWOER cung c\u1ea5p c\u00e1c gi\u1ea3i ph\u00e1p t\u00f9y ch\u1ec9nh, \u0111\u1ea3m b\u1ea3o ph\u00f9 h\u1ee3p ho\u00e0n h\u1ea3o v\u1edbi m\u1ecdi y\u00eau c\u1ea7u v\u1ec1 t\u1ed1c \u0111\u1ed9 v\u00e0 h\u00ecnh d\u1ea1ng chi ti\u1ebft.<\/p>","protected":false},"featured_media":4592,"comment_status":"open","ping_status":"closed","template":"","meta":[],"product_brand":[],"product_cat":[50],"product_tag":[162,161,51],"class_list":{"0":"post-4591","1":"product","2":"type-product","3":"status-publish","4":"has-post-thumbnail","6":"product_cat-may-cap-lieu-ly-tam","7":"product_tag-cap-lieu-ly-tam","8":"product_tag-he-thong-cap-lieu-ly-tam","9":"product_tag-may-cap-lieu-ly-tam","11":"first","12":"instock","13":"shipping-taxable","14":"product-type-simple"},"yoast_head":"<!-- This site is optimized with the Yoast SEO plugin v26.0 - https:\/\/yoast.com\/wordpress\/plugins\/seo\/ -->\n<title>Khay n\u1ea1p c\u1ea5p li\u1ec7u ly t\u00e2m - Nh\u00e0 s\u1ea3n xu\u1ea5t m\u00e1y c\u1ea5p li\u1ec7u c\u00f4ng nghi\u1ec7p<\/title>\n<meta name=\"description\" content=\"Khay n\u1ea1p c\u1ea5p li\u1ec7u ly t\u00e2m SWOER: Gi\u1ea3i ph\u00e1p c\u1ea5p ph\u00f4i t\u1ed1c \u0111\u1ed9 cao cho chi ti\u1ebft nh\u1ecf. T\u1ed1i \u01b0u n\u0103ng su\u1ea5t, \u0111\u1ea3m b\u1ea3o d\u00f2ng ch\u1ea3y li\u00ean t\u1ee5c v\u00e0 hi\u1ec7u qu\u1ea3 v\u01b0\u1ee3t tr\u1ed9i.\" \/>\n<meta name=\"robots\" content=\"index, follow, max-snippet:-1, max-image-preview:large, max-video-preview:-1\" \/>\n<link rel=\"canonical\" href=\"https:\/\/swoer.vn\/ja\/manufacturer\/khay-nap-cap-lieu-ly-tam\/\" \/>\n<meta property=\"og:locale\" content=\"ja_JP\" \/>\n<meta property=\"og:type\" content=\"article\" \/>\n<meta property=\"og:title\" content=\"Khay n\u1ea1p c\u1ea5p li\u1ec7u ly t\u00e2m - Nh\u00e0 s\u1ea3n xu\u1ea5t m\u00e1y c\u1ea5p li\u1ec7u c\u00f4ng nghi\u1ec7p\" \/>\n<meta property=\"og:description\" content=\"Khay n\u1ea1p c\u1ea5p li\u1ec7u ly t\u00e2m SWOER: Gi\u1ea3i ph\u00e1p c\u1ea5p ph\u00f4i t\u1ed1c \u0111\u1ed9 cao cho chi ti\u1ebft nh\u1ecf. T\u1ed1i \u01b0u n\u0103ng su\u1ea5t, \u0111\u1ea3m b\u1ea3o d\u00f2ng ch\u1ea3y li\u00ean t\u1ee5c v\u00e0 hi\u1ec7u qu\u1ea3 v\u01b0\u1ee3t tr\u1ed9i.\" \/>\n<meta property=\"og:url\" content=\"https:\/\/swoer.vn\/ja\/manufacturer\/khay-nap-cap-lieu-ly-tam\/\" \/>\n<meta property=\"og:site_name\" content=\"Nh\u00e0 s\u1ea3n xu\u1ea5t m\u00e1y c\u1ea5p li\u1ec7u c\u00f4ng nghi\u1ec7p\" \/>\n<meta property=\"og:image\" content=\"https:\/\/swoer.vn\/wp-content\/uploads\/2025\/09\/Khay-nap-ly-tam.png\" \/>\n\t<meta property=\"og:image:width\" content=\"800\" \/>\n\t<meta property=\"og:image:height\" content=\"800\" \/>\n\t<meta property=\"og:image:type\" content=\"image\/png\" \/>\n<meta name=\"twitter:card\" content=\"summary_large_image\" \/>\n<meta name=\"twitter:label1\" content=\"\u63a8\u5b9a\u8aad\u307f\u53d6\u308a\u6642\u9593\" \/>\n\t<meta name=\"twitter:data1\" content=\"1\u5206\" \/>\n<script type=\"application\/ld+json\" class=\"yoast-schema-graph\">{\"@context\":\"https:\/\/schema.org\",\"@graph\":[{\"@type\":\"WebPage\",\"@id\":\"https:\/\/swoer.vn\/manufacturer\/khay-nap-cap-lieu-ly-tam\/\",\"url\":\"https:\/\/swoer.vn\/manufacturer\/khay-nap-cap-lieu-ly-tam\/\",\"name\":\"Khay n\u1ea1p c\u1ea5p li\u1ec7u ly t\u00e2m - Nh\u00e0 s\u1ea3n xu\u1ea5t m\u00e1y c\u1ea5p li\u1ec7u c\u00f4ng nghi\u1ec7p\",\"isPartOf\":{\"@id\":\"https:\/\/swoer.vn\/#website\"},\"primaryImageOfPage\":{\"@id\":\"https:\/\/swoer.vn\/manufacturer\/khay-nap-cap-lieu-ly-tam\/#primaryimage\"},\"image\":{\"@id\":\"https:\/\/swoer.vn\/manufacturer\/khay-nap-cap-lieu-ly-tam\/#primaryimage\"},\"thumbnailUrl\":\"https:\/\/swoer.vn\/wp-content\/uploads\/2025\/09\/Khay-nap-ly-tam.png\",\"datePublished\":\"2025-09-17T08:23:37+00:00\",\"description\":\"Khay n\u1ea1p c\u1ea5p li\u1ec7u ly t\u00e2m SWOER: Gi\u1ea3i ph\u00e1p c\u1ea5p ph\u00f4i t\u1ed1c \u0111\u1ed9 cao cho chi ti\u1ebft nh\u1ecf. T\u1ed1i \u01b0u n\u0103ng su\u1ea5t, \u0111\u1ea3m b\u1ea3o d\u00f2ng ch\u1ea3y li\u00ean t\u1ee5c v\u00e0 hi\u1ec7u qu\u1ea3 v\u01b0\u1ee3t tr\u1ed9i.\",\"breadcrumb\":{\"@id\":\"https:\/\/swoer.vn\/manufacturer\/khay-nap-cap-lieu-ly-tam\/#breadcrumb\"},\"inLanguage\":\"ja\",\"potentialAction\":[{\"@type\":\"ReadAction\",\"target\":[\"https:\/\/swoer.vn\/manufacturer\/khay-nap-cap-lieu-ly-tam\/\"]}]},{\"@type\":\"ImageObject\",\"inLanguage\":\"ja\",\"@id\":\"https:\/\/swoer.vn\/manufacturer\/khay-nap-cap-lieu-ly-tam\/#primaryimage\",\"url\":\"https:\/\/swoer.vn\/wp-content\/uploads\/2025\/09\/Khay-nap-ly-tam.png\",\"contentUrl\":\"https:\/\/swoer.vn\/wp-content\/uploads\/2025\/09\/Khay-nap-ly-tam.png\",\"width\":800,\"height\":800,\"caption\":\"Khay na\u0323p ly ta\u0302m\"},{\"@type\":\"BreadcrumbList\",\"@id\":\"https:\/\/swoer.vn\/manufacturer\/khay-nap-cap-lieu-ly-tam\/#breadcrumb\",\"itemListElement\":[{\"@type\":\"ListItem\",\"position\":1,\"name\":\"Home\",\"item\":\"https:\/\/swoer.vn\/\"},{\"@type\":\"ListItem\",\"position\":2,\"name\":\"S\u1ea3n ph\u1ea9m\",\"item\":\"https:\/\/swoer.vn\/shop\/\"},{\"@type\":\"ListItem\",\"position\":3,\"name\":\"Khay n\u1ea1p c\u1ea5p li\u1ec7u ly t\u00e2m\"}]},{\"@type\":\"WebSite\",\"@id\":\"https:\/\/swoer.vn\/#website\",\"url\":\"https:\/\/swoer.vn\/\",\"name\":\"Nh\u00e0 s\u1ea3n xu\u1ea5t m\u00e1y c\u1ea5p li\u1ec7u c\u00f4ng nghi\u1ec7p\",\"description\":\"Nh\u00e0 cung c\u1ea5p robot, m\u00e1y c\u1ea5p li\u1ec7u linh ho\u1ea1t, m\u00e1y c\u1ea5p li\u1ec7u ly t\u00e2m, m\u00e1y c\u1ea5p li\u1ec7u rung t\u1ef1 \u0111\u1ed9ng\",\"potentialAction\":[{\"@type\":\"SearchAction\",\"target\":{\"@type\":\"EntryPoint\",\"urlTemplate\":\"https:\/\/swoer.vn\/?s={search_term_string}\"},\"query-input\":{\"@type\":\"PropertyValueSpecification\",\"valueRequired\":true,\"valueName\":\"search_term_string\"}}],\"inLanguage\":\"ja\"}]}<\/script>\n<!-- \/ Yoast SEO plugin. -->","yoast_head_json":{"title":"Khay n\u1ea1p c\u1ea5p li\u1ec7u ly t\u00e2m - Nh\u00e0 s\u1ea3n xu\u1ea5t m\u00e1y c\u1ea5p li\u1ec7u c\u00f4ng nghi\u1ec7p","description":"Khay n\u1ea1p c\u1ea5p li\u1ec7u ly t\u00e2m SWOER: Gi\u1ea3i ph\u00e1p c\u1ea5p ph\u00f4i t\u1ed1c \u0111\u1ed9 cao cho chi ti\u1ebft nh\u1ecf. T\u1ed1i \u01b0u n\u0103ng su\u1ea5t, \u0111\u1ea3m b\u1ea3o d\u00f2ng ch\u1ea3y li\u00ean t\u1ee5c v\u00e0 hi\u1ec7u qu\u1ea3 v\u01b0\u1ee3t tr\u1ed9i.","robots":{"index":"index","follow":"follow","max-snippet":"max-snippet:-1","max-image-preview":"max-image-preview:large","max-video-preview":"max-video-preview:-1"},"canonical":"https:\/\/swoer.vn\/ja\/manufacturer\/khay-nap-cap-lieu-ly-tam\/","og_locale":"ja_JP","og_type":"article","og_title":"Khay n\u1ea1p c\u1ea5p li\u1ec7u ly t\u00e2m - Nh\u00e0 s\u1ea3n xu\u1ea5t m\u00e1y c\u1ea5p li\u1ec7u c\u00f4ng nghi\u1ec7p","og_description":"Khay n\u1ea1p c\u1ea5p li\u1ec7u ly t\u00e2m SWOER: Gi\u1ea3i ph\u00e1p c\u1ea5p ph\u00f4i t\u1ed1c \u0111\u1ed9 cao cho chi ti\u1ebft nh\u1ecf. T\u1ed1i \u01b0u n\u0103ng su\u1ea5t, \u0111\u1ea3m b\u1ea3o d\u00f2ng ch\u1ea3y li\u00ean t\u1ee5c v\u00e0 hi\u1ec7u qu\u1ea3 v\u01b0\u1ee3t tr\u1ed9i.","og_url":"https:\/\/swoer.vn\/ja\/manufacturer\/khay-nap-cap-lieu-ly-tam\/","og_site_name":"Nh\u00e0 s\u1ea3n xu\u1ea5t m\u00e1y c\u1ea5p li\u1ec7u c\u00f4ng nghi\u1ec7p","og_image":[{"width":800,"height":800,"url":"https:\/\/swoer.vn\/wp-content\/uploads\/2025\/09\/Khay-nap-ly-tam.png","type":"image\/png"}],"twitter_card":"summary_large_image","twitter_misc":{"\u63a8\u5b9a\u8aad\u307f\u53d6\u308a\u6642\u9593":"1\u5206"},"schema":{"@context":"https:\/\/schema.org","@graph":[{"@type":"WebPage","@id":"https:\/\/swoer.vn\/manufacturer\/khay-nap-cap-lieu-ly-tam\/","url":"https:\/\/swoer.vn\/manufacturer\/khay-nap-cap-lieu-ly-tam\/","name":"Khay n\u1ea1p c\u1ea5p li\u1ec7u ly t\u00e2m - Nh\u00e0 s\u1ea3n xu\u1ea5t m\u00e1y c\u1ea5p li\u1ec7u c\u00f4ng nghi\u1ec7p","isPartOf":{"@id":"https:\/\/swoer.vn\/#website"},"primaryImageOfPage":{"@id":"https:\/\/swoer.vn\/manufacturer\/khay-nap-cap-lieu-ly-tam\/#primaryimage"},"image":{"@id":"https:\/\/swoer.vn\/manufacturer\/khay-nap-cap-lieu-ly-tam\/#primaryimage"},"thumbnailUrl":"https:\/\/swoer.vn\/wp-content\/uploads\/2025\/09\/Khay-nap-ly-tam.png","datePublished":"2025-09-17T08:23:37+00:00","description":"Khay n\u1ea1p c\u1ea5p li\u1ec7u ly t\u00e2m SWOER: Gi\u1ea3i ph\u00e1p c\u1ea5p ph\u00f4i t\u1ed1c \u0111\u1ed9 cao cho chi ti\u1ebft nh\u1ecf. T\u1ed1i \u01b0u n\u0103ng su\u1ea5t, \u0111\u1ea3m b\u1ea3o d\u00f2ng ch\u1ea3y li\u00ean t\u1ee5c v\u00e0 hi\u1ec7u qu\u1ea3 v\u01b0\u1ee3t tr\u1ed9i.","breadcrumb":{"@id":"https:\/\/swoer.vn\/manufacturer\/khay-nap-cap-lieu-ly-tam\/#breadcrumb"},"inLanguage":"ja","potentialAction":[{"@type":"ReadAction","target":["https:\/\/swoer.vn\/manufacturer\/khay-nap-cap-lieu-ly-tam\/"]}]},{"@type":"ImageObject","inLanguage":"ja","@id":"https:\/\/swoer.vn\/manufacturer\/khay-nap-cap-lieu-ly-tam\/#primaryimage","url":"https:\/\/swoer.vn\/wp-content\/uploads\/2025\/09\/Khay-nap-ly-tam.png","contentUrl":"https:\/\/swoer.vn\/wp-content\/uploads\/2025\/09\/Khay-nap-ly-tam.png","width":800,"height":800,"caption":"Khay na\u0323p ly ta\u0302m"},{"@type":"BreadcrumbList","@id":"https:\/\/swoer.vn\/manufacturer\/khay-nap-cap-lieu-ly-tam\/#breadcrumb","itemListElement":[{"@type":"ListItem","position":1,"name":"Home","item":"https:\/\/swoer.vn\/"},{"@type":"ListItem","position":2,"name":"S\u1ea3n ph\u1ea9m","item":"https:\/\/swoer.vn\/shop\/"},{"@type":"ListItem","position":3,"name":"Khay n\u1ea1p c\u1ea5p li\u1ec7u ly t\u00e2m"}]},{"@type":"WebSite","@id":"https:\/\/swoer.vn\/#website","url":"https:\/\/swoer.vn\/","name":"\u5de5\u696d\u7528\u30d5\u30a3\u30fc\u30c0\u30fc\u30e1\u30fc\u30ab\u30fc","description":"\u30ed\u30dc\u30c3\u30c8\u3001\u30d5\u30ec\u30ad\u30b7\u30d6\u30eb\u30d5\u30a3\u30fc\u30c0\u30fc\u3001\u9060\u5fc3\u30d5\u30a3\u30fc\u30c0\u30fc\u3001\u81ea\u52d5\u632f\u52d5\u30d5\u30a3\u30fc\u30c0\u30fc\u306e\u30b5\u30d7\u30e9\u30a4\u30e4\u30fc","potentialAction":[{"@type":"SearchAction","target":{"@type":"EntryPoint","urlTemplate":"https:\/\/swoer.vn\/?s={search_term_string}"},"query-input":{"@type":"PropertyValueSpecification","valueRequired":true,"valueName":"search_term_string"}}],"inLanguage":"ja"}]}},"_links":{"self":[{"href":"https:\/\/swoer.vn\/ja\/wp-json\/wp\/v2\/product\/4591","targetHints":{"allow":["GET"]}}],"collection":[{"href":"https:\/\/swoer.vn\/ja\/wp-json\/wp\/v2\/product"}],"about":[{"href":"https:\/\/swoer.vn\/ja\/wp-json\/wp\/v2\/types\/product"}],"replies":[{"embeddable":true,"href":"https:\/\/swoer.vn\/ja\/wp-json\/wp\/v2\/comments?post=4591"}],"wp:featuredmedia":[{"embeddable":true,"href":"https:\/\/swoer.vn\/ja\/wp-json\/wp\/v2\/media\/4592"}],"wp:attachment":[{"href":"https:\/\/swoer.vn\/ja\/wp-json\/wp\/v2\/media?parent=4591"}],"wp:term":[{"taxonomy":"product_brand","embeddable":true,"href":"https:\/\/swoer.vn\/ja\/wp-json\/wp\/v2\/product_brand?post=4591"},{"taxonomy":"product_cat","embeddable":true,"href":"https:\/\/swoer.vn\/ja\/wp-json\/wp\/v2\/product_cat?post=4591"},{"taxonomy":"product_tag","embeddable":true,"href":"https:\/\/swoer.vn\/ja\/wp-json\/wp\/v2\/product_tag?post=4591"}],"curies":[{"name":"wp","href":"https:\/\/api.w.org\/{rel}","templated":true}]}}