{"id":4544,"date":"2025-09-15T10:29:05","date_gmt":"2025-09-15T03:29:05","guid":{"rendered":"https:\/\/swoer.vn\/?post_type=product&#038;p=4544"},"modified":"2025-09-15T10:29:05","modified_gmt":"2025-09-15T03:29:05","slug":"bo-dieu-khien-may-nap-rung-on-dinh-dien-ap-hien-thi-so-sw-10","status":"publish","type":"product","link":"https:\/\/swoer.vn\/ja\/manufacturer\/bo-dieu-khien-may-nap-rung-on-dinh-dien-ap-hien-thi-so-sw-10\/","title":{"rendered":"B\u1ed9 \u0111i\u1ec1u khi\u1ec3n m\u00e1y n\u1ea1p rung \u1ed5n \u0111\u1ecbnh \u0111i\u1ec7n \u00e1p hi\u1ec3n th\u1ecb s\u1ed1 SW-10"},"content":{"rendered":"<h2><span style=\"font-weight: 400;\">\u88fd\u54c1\u4ed5\u69d8:<\/span><\/h2>\n<table>\n<tbody>\n<tr>\n<td><span style=\"font-weight: 400;\">M\u00e3 s\u1ea3n ph\u1ea9m<\/span><\/td>\n<td><span style=\"font-weight: 400;\">SW-10<\/span><\/td>\n<\/tr>\n<tr>\n<td><span style=\"font-weight: 400;\">C\u00f4ng su\u1ea5t \u0111\u1ed9ng c\u01a1 (kW)<\/span><\/td>\n<td><span style=\"font-weight: 400;\">1 \u0111\u1ebfn 10<\/span><\/td>\n<\/tr>\n<tr>\n<td><span style=\"font-weight: 400;\">\u4f7f\u7528<\/span><\/td>\n<td><span style=\"font-weight: 400;\">Vibrating Feeder Controller<\/span><\/td>\n<\/tr>\n<tr>\n<td><span style=\"font-weight: 400;\">Warranty<\/span><\/td>\n<td><span style=\"font-weight: 400;\">1\u5e74<\/span><\/td>\n<\/tr>\n<tr>\n<td><span style=\"font-weight: 400;\">Appearance<\/span><\/td>\n<td><span style=\"font-weight: 400;\">128 mm (L) * 50 mm (W) * 53 mm (H)<\/span><\/td>\n<\/tr>\n<tr>\n<td><span style=\"font-weight: 400;\">Chute Size (mm)<\/span><\/td>\n<td><span style=\"font-weight: 400;\">Customized<\/span><\/td>\n<\/tr>\n<tr>\n<td><span style=\"font-weight: 400;\">Nh\u00e3n hi\u1ec7u<\/span><\/td>\n<td><span style=\"font-weight: 400;\">\u8a93\u3046<\/span><\/td>\n<\/tr>\n<tr>\n<td><span style=\"font-weight: 400;\">S\u1ee9c ch\u1ee9a (t\/h)<\/span><\/td>\n<td><span style=\"font-weight: 400;\">Digital Frequency Controller<\/span><\/td>\n<\/tr>\n<tr>\n<td><span style=\"font-weight: 400;\">\u30bf\u30a4\u30d7<\/span><\/td>\n<td><span style=\"font-weight: 400;\">Vibrating Feeder Controller<\/span><\/td>\n<\/tr>\n<tr>\n<td><span style=\"font-weight: 400;\">Lead Time<\/span><\/td>\n<td><span style=\"font-weight: 400;\">7 &#8211; 14 ng\u00e0y<\/span><\/td>\n<\/tr>\n<tr>\n<td><span style=\"font-weight: 400;\">Movement Mode<\/span><\/td>\n<td><span style=\"font-weight: 400;\">Digital Frequency Controller<\/span><\/td>\n<\/tr>\n<tr>\n<td><span style=\"font-weight: 400;\">Installation Slope<\/span><\/td>\n<td><span style=\"font-weight: 400;\">Customized<\/span><\/td>\n<\/tr>\n<tr>\n<td><span style=\"font-weight: 400;\">G\u00f3i v\u1eadn chuy\u1ec3n<\/span><\/td>\n<td><span style=\"font-weight: 400;\">Carton\/G\u1ed7 d\u00e1n<\/span><\/td>\n<\/tr>\n<tr>\n<td><span style=\"font-weight: 400;\">Xu\u1ea5t x\u1ee9<\/span><\/td>\n<td><span style=\"font-weight: 400;\">\u4e2d\u56fd<\/span><\/td>\n<\/tr>\n<tr>\n<td><span style=\"font-weight: 400;\">\u91cd\u3055<\/span><\/td>\n<td><span style=\"font-weight: 400;\">610 g<\/span><\/td>\n<\/tr>\n<tr>\n<td><span style=\"font-weight: 400;\">\u632f\u52d5\u5468\u6ce2\u6570<\/span><\/td>\n<td><span style=\"font-weight: 400;\">50 Hz<\/span><\/td>\n<\/tr>\n<tr>\n<td><span style=\"font-weight: 400;\">\u96fb\u5727<\/span><\/td>\n<td><span style=\"font-weight: 400;\">220 V<\/span><\/td>\n<\/tr>\n<tr>\n<td><span style=\"font-weight: 400;\">S\u1ed1 dao \u0111\u1ed9ng<\/span><\/td>\n<td><span style=\"font-weight: 400;\">50 ~ 200 l\u1ea7n\/gi\u00e2y<\/span><\/td>\n<\/tr>\n<\/tbody>\n<\/table>\n<h2><span style=\"font-weight: 400;\">\u7279\u5fb4\uff1a<\/span><\/h2>\n<ul>\n<li style=\"font-weight: 400;\" aria-level=\"1\"><span style=\"font-weight: 400;\">B\u1eb1ng c\u00e1ch ch\u1ea1m nh\u1eb9 v\u00e0o ph\u00edm \u0111\u1ec3 kh\u1edfi \u0111\u1ed9ng v\u00e0 d\u1eebng ho\u1ea1t \u0111\u1ed9ng, thu\u1eadn ti\u1ec7n v\u00e0 \u0111\u00e1ng tin c\u1eady.\u00a0\u00a0\u00a0\u00a0\u00a0\u00a0\u00a0\u00a0\u00a0\u00a0\u00a0\u00a0\u00a0\u00a0\u00a0\u00a0\u00a0\u00a0\u00a0\u00a0\u00a0\u00a0\u00a0\u00a0\u00a0\u00a0\u00a0\u00a0\u00a0\u00a0\u00a0\u00a0\u00a0\u00a0\u00a0\u00a0\u00a0\u00a0\u00a0<\/span><\/li>\n<li style=\"font-weight: 400;\" aria-level=\"1\"><span style=\"font-weight: 400;\">B\u1ed1n b\u1ed9 \u0111\u00e8n ch\u1ec9 b\u00e1o tr\u1ea1ng th\u00e1i ho\u1ea1t \u0111\u1ed9ng, giao di\u1ec7n v\u1eadn h\u00e0nh \u0111\u01a1n gi\u1ea3n v\u00e0 tr\u1ef1c quan.\u00a0\u00a0\u00a0\u00a0\u00a0\u00a0\u00a0\u00a0\u00a0\u00a0\u00a0\u00a0\u00a0\u00a0\u00a0\u00a0\u00a0\u00a0\u00a0\u00a0\u00a0\u00a0\u00a0\u00a0\u00a0\u00a0\u00a0\u00a0\u00a0\u00a0\u00a0<\/span><\/li>\n<li style=\"font-weight: 400;\" aria-level=\"1\"><span style=\"font-weight: 400;\">Ch\u01b0\u01a1ng tr\u00ecnh kh\u1edfi \u0111\u1ed9ng ch\u1eadm th\u00f4ng minh v\u00e0 d\u1eebng ch\u1eadm, \u0111\u1ea3m b\u1ea3o th\u1eddi gian b\u1eaft \u0111\u1ea7u v\u00e0 d\u1eebng ch\u1ea1y ch\u1eadm \u0111\u01b0\u1ee3c tr\u00f4i ch\u1ea3y.\u00a0\u00a0\u00a0\u00a0\u00a0\u00a0\u00a0\u00a0\u00a0\u00a0\u00a0\u00a0\u00a0\u00a0<\/span><\/li>\n<li style=\"font-weight: 400;\" aria-level=\"1\"><span style=\"font-weight: 400;\">S\u1eed d\u1ee5ng \u0111i\u1ec7n th\u1ebf k\u1ebf tu\u1ed5i th\u1ecd cao \u0111\u01b0\u1ee3c h\u00e0n k\u00edn ho\u00e0n to\u00e0n, \u1ed5n \u0111\u1ecbnh v\u00e0 b\u1ec1n.\u00a0\u00a0\u00a0\u00a0\u00a0\u00a0\u00a0\u00a0\u00a0\u00a0\u00a0\u00a0\u00a0\u00a0\u00a0\u00a0\u00a0\u00a0\u00a0\u00a0\u00a0\u00a0\u00a0\u00a0\u00a0\u00a0\u00a0\u00a0\u00a0\u00a0\u00a0\u00a0\u00a0\u00a0\u00a0\u00a0\u00a0\u00a0\u00a0\u00a0\u00a0\u00a0\u00a0\u00a0\u00a0\u00a0\u00a0\u00a0<\/span><\/li>\n<li style=\"font-weight: 400;\" aria-level=\"1\"><span style=\"font-weight: 400;\">Hi\u1ec7u su\u1ea5t \u0111i\u1ec1u ch\u1ec9nh t\u1ed1t,trong tr\u01b0\u1eddng h\u1ee3p c\u00f3 dao \u0111\u1ed9ng \u0111i\u1ec7n \u00e1p l\u01b0\u1edbi \u0111i\u1ec7n, \u0111\u1ea3m b\u1ea3o t\u1ed1c \u0111\u1ed9 \u1ed5n \u0111\u1ecbnh.\u00a0<\/span><\/li>\n<li style=\"font-weight: 400;\" aria-level=\"1\"><span style=\"font-weight: 400;\">H\u1ec7 th\u1ed1ng t\u00edch h\u1ee3p cao, k\u00edch th\u01b0\u1edbc t\u1ed1i \u01b0u, tr\u1ecdng l\u01b0\u1ee3ng nh\u1eb9, di\u1ec7n t\u00edch nh\u1ecf, l\u1eafp \u0111\u1eb7t d\u1ec5 d\u00e0ng.\u00a0\u00a0\u00a0\u00a0\u00a0\u00a0\u00a0\u00a0\u00a0\u00a0\u00a0\u00a0\u00a0\u00a0\u00a0\u00a0\u00a0\u00a0\u00a0\u00a0\u00a0\u00a0<\/span><\/li>\n<li style=\"font-weight: 400;\" aria-level=\"1\"><span style=\"font-weight: 400;\">Th\u00e2n m\u00e1y kh\u00e9p k\u00edn ho\u00e0n to\u00e0n, \u0111\u01b0\u1ee3c \u0111i\u1ec1u ch\u1ec9nh cho ph\u00f9 h\u1ee3p v\u1edbi m\u00f4i tr\u01b0\u1eddng l\u00e0m vi\u1ec7c kh\u00f4ng th\u00e2n thi\u1ec7n.\u00a0\u00a0\u00a0\u00a0\u00a0\u00a0\u00a0\u00a0\u00a0\u00a0\u00a0\u00a0\u00a0\u00a0\u00a0\u00a0\u00a0\u00a0\u00a0\u00a0\u00a0\u00a0\u00a0\u00a0\u00a0\u00a0\u00a0\u00a0\u00a0\u00a0\u00a0\u00a0\u00a0\u00a0\u00a0\u00a0\u00a0\u00a0\u00a0\u00a0\u00a0\u00a0\u00a0\u00a0\u00a0<\/span><\/li>\n<li style=\"font-weight: 400;\" aria-level=\"1\"><span style=\"font-weight: 400;\">V\u1edbi b\u1ea3o v\u1ec7 qu\u00e1 nhi\u1ec7t, qu\u00e1 t\u1ea3i, \u0111o\u1ea3n m\u1ea1ch \u0111\u1ea7u ra.\u00a0<\/span><\/li>\n<\/ul>","protected":false},"excerpt":{"rendered":"<p>\u0110\u1eebng \u0111\u1ec3 nh\u1eefng s\u1ef1 c\u1ed1 \u0111i\u1ec7n \u00e1p b\u1ea5t ng\u1edd l\u00e0m gi\u00e1n \u0111o\u1ea1n d\u00e2y chuy\u1ec1n s\u1ea3n xu\u1ea5t c\u1ee7a b\u1ea1n. <b>B\u1ed9 \u0111i\u1ec1u khi\u1ec3n m\u00e1y n\u1ea1p rung \u1ed5n \u0111\u1ecbnh \u0111i\u1ec7n \u00e1p hi\u1ec3n th\u1ecb s\u1ed1 SW-10<\/b> c\u1ee7a SWOER l\u00e0 gi\u1ea3i ph\u00e1p tin c\u1eady, gi\u00fap m\u1ecdi quy tr\u00ecnh di\u1ec5n ra li\u00ean t\u1ee5c. V\u1edbi ch\u1ee9c n\u0103ng \u1ed5n \u0111\u1ecbnh \u0111i\u1ec7n \u00e1p t\u1ef1 \u0111\u1ed9ng, SW-10 \u0111\u1ea3m b\u1ea3o m\u00e1y c\u1ea5p li\u1ec7u rung c\u1ee7a b\u1ea1n lu\u00f4n nh\u1eadn \u0111\u01b0\u1ee3c ngu\u1ed3n \u0111i\u1ec7n \u1ed5n \u0111\u1ecbnh, lo\u1ea1i b\u1ecf t\u00ecnh tr\u1ea1ng ho\u1ea1t \u0111\u1ed9ng ch\u1eadp ch\u1eddn. M\u00e0n h\u00ecnh hi\u1ec3n th\u1ecb s\u1ed1 tr\u1ef1c quan cho ph\u00e9p b\u1ea1n d\u1ec5 d\u00e0ng theo d\u00f5i v\u00e0 ki\u1ec3m so\u00e1t t\u1ed1c \u0111\u1ed9 c\u1ea5p ph\u00f4i, mang l\u1ea1i hi\u1ec7u su\u1ea5t l\u00e0m vi\u1ec7c cao nh\u1ea5t. \u0110\u00e2y l\u00e0 gi\u1ea3i ph\u00e1p \u0111\u01a1n gi\u1ea3n nh\u01b0ng hi\u1ec7u qu\u1ea3, t\u1ed1i \u01b0u h\u00f3a s\u1ef1 \u1ed5n \u0111\u1ecbnh cho m\u1ecdi d\u00e2y chuy\u1ec1n s\u1ea3n xu\u1ea5t.<\/p>","protected":false},"featured_media":4545,"comment_status":"open","ping_status":"closed","template":"","meta":[],"product_brand":[],"product_cat":[86],"product_tag":[83,159,160],"class_list":{"0":"post-4544","1":"product","2":"type-product","3":"status-publish","4":"has-post-thumbnail","6":"product_cat-bo-dieu-khien-nap-rung","7":"product_tag-bo-dieu-khien-bat-rung","8":"product_tag-bo-dieu-khien-nap-rung","9":"product_tag-dieu-khien-tan-so-rung","11":"first","12":"instock","13":"shipping-taxable","14":"product-type-simple"},"yoast_head":"<!-- This site is optimized with the Yoast SEO plugin v26.0 - https:\/\/yoast.com\/wordpress\/plugins\/seo\/ -->\n<title>B\u1ed9 \u0111i\u1ec1u khi\u1ec3n m\u00e1y n\u1ea1p rung \u1ed5n \u0111\u1ecbnh \u0111i\u1ec7n \u00e1p hi\u1ec3n th\u1ecb s\u1ed1 SW-10 - Nh\u00e0 s\u1ea3n xu\u1ea5t m\u00e1y c\u1ea5p li\u1ec7u c\u00f4ng nghi\u1ec7p<\/title>\n<meta name=\"description\" content=\"B\u1ed9 \u0111i\u1ec1u khi\u1ec3n m\u00e1y n\u1ea1p rung SWOER SW-10: \u1ed4n \u0111\u1ecbnh \u0111i\u1ec7n \u00e1p, hi\u1ec3n th\u1ecb s\u1ed1, \u0111\u1ea3m b\u1ea3o m\u00e1y c\u1ea5p li\u1ec7u ho\u1ea1t \u0111\u1ed9ng li\u00ean t\u1ee5c v\u00e0 ch\u00ednh x\u00e1c. Gi\u1ea3i ph\u00e1p \u0111\u01a1n gi\u1ea3n, hi\u1ec7u qu\u1ea3\" \/>\n<meta name=\"robots\" content=\"index, follow, max-snippet:-1, max-image-preview:large, max-video-preview:-1\" \/>\n<link rel=\"canonical\" href=\"https:\/\/swoer.vn\/ja\/manufacturer\/bo-dieu-khien-may-nap-rung-on-dinh-dien-ap-hien-thi-so-sw-10\/\" \/>\n<meta property=\"og:locale\" content=\"ja_JP\" \/>\n<meta property=\"og:type\" content=\"article\" \/>\n<meta property=\"og:title\" content=\"B\u1ed9 \u0111i\u1ec1u khi\u1ec3n m\u00e1y n\u1ea1p rung \u1ed5n \u0111\u1ecbnh \u0111i\u1ec7n \u00e1p hi\u1ec3n th\u1ecb s\u1ed1 SW-10 - Nh\u00e0 s\u1ea3n xu\u1ea5t m\u00e1y c\u1ea5p li\u1ec7u c\u00f4ng nghi\u1ec7p\" \/>\n<meta property=\"og:description\" content=\"B\u1ed9 \u0111i\u1ec1u khi\u1ec3n m\u00e1y n\u1ea1p rung SWOER SW-10: \u1ed4n \u0111\u1ecbnh \u0111i\u1ec7n \u00e1p, hi\u1ec3n th\u1ecb s\u1ed1, \u0111\u1ea3m b\u1ea3o m\u00e1y c\u1ea5p li\u1ec7u ho\u1ea1t \u0111\u1ed9ng li\u00ean t\u1ee5c v\u00e0 ch\u00ednh x\u00e1c. Gi\u1ea3i ph\u00e1p \u0111\u01a1n gi\u1ea3n, hi\u1ec7u qu\u1ea3\" \/>\n<meta property=\"og:url\" content=\"https:\/\/swoer.vn\/ja\/manufacturer\/bo-dieu-khien-may-nap-rung-on-dinh-dien-ap-hien-thi-so-sw-10\/\" \/>\n<meta property=\"og:site_name\" content=\"Nh\u00e0 s\u1ea3n xu\u1ea5t m\u00e1y c\u1ea5p li\u1ec7u c\u00f4ng nghi\u1ec7p\" \/>\n<meta property=\"og:image\" content=\"https:\/\/swoer.vn\/wp-content\/uploads\/2025\/09\/Bo-dieu-khien-may-nap-rung-on-dinh-dien-ap-hien-thi-so-SW-10.png\" \/>\n\t<meta property=\"og:image:width\" content=\"800\" \/>\n\t<meta property=\"og:image:height\" content=\"800\" \/>\n\t<meta property=\"og:image:type\" content=\"image\/png\" \/>\n<meta name=\"twitter:card\" content=\"summary_large_image\" \/>\n<meta name=\"twitter:label1\" content=\"\u63a8\u5b9a\u8aad\u307f\u53d6\u308a\u6642\u9593\" \/>\n\t<meta name=\"twitter:data1\" content=\"2\u5206\" \/>\n<script type=\"application\/ld+json\" class=\"yoast-schema-graph\">{\"@context\":\"https:\/\/schema.org\",\"@graph\":[{\"@type\":\"WebPage\",\"@id\":\"https:\/\/swoer.vn\/manufacturer\/bo-dieu-khien-may-nap-rung-on-dinh-dien-ap-hien-thi-so-sw-10\/\",\"url\":\"https:\/\/swoer.vn\/manufacturer\/bo-dieu-khien-may-nap-rung-on-dinh-dien-ap-hien-thi-so-sw-10\/\",\"name\":\"B\u1ed9 \u0111i\u1ec1u khi\u1ec3n m\u00e1y n\u1ea1p rung \u1ed5n \u0111\u1ecbnh \u0111i\u1ec7n \u00e1p hi\u1ec3n th\u1ecb s\u1ed1 SW-10 - Nh\u00e0 s\u1ea3n xu\u1ea5t m\u00e1y c\u1ea5p li\u1ec7u c\u00f4ng nghi\u1ec7p\",\"isPartOf\":{\"@id\":\"https:\/\/swoer.vn\/#website\"},\"primaryImageOfPage\":{\"@id\":\"https:\/\/swoer.vn\/manufacturer\/bo-dieu-khien-may-nap-rung-on-dinh-dien-ap-hien-thi-so-sw-10\/#primaryimage\"},\"image\":{\"@id\":\"https:\/\/swoer.vn\/manufacturer\/bo-dieu-khien-may-nap-rung-on-dinh-dien-ap-hien-thi-so-sw-10\/#primaryimage\"},\"thumbnailUrl\":\"https:\/\/swoer.vn\/wp-content\/uploads\/2025\/09\/Bo-dieu-khien-may-nap-rung-on-dinh-dien-ap-hien-thi-so-SW-10.png\",\"datePublished\":\"2025-09-15T03:29:05+00:00\",\"description\":\"B\u1ed9 \u0111i\u1ec1u khi\u1ec3n m\u00e1y n\u1ea1p rung SWOER SW-10: \u1ed4n \u0111\u1ecbnh \u0111i\u1ec7n \u00e1p, hi\u1ec3n th\u1ecb s\u1ed1, \u0111\u1ea3m b\u1ea3o m\u00e1y c\u1ea5p li\u1ec7u ho\u1ea1t \u0111\u1ed9ng li\u00ean t\u1ee5c v\u00e0 ch\u00ednh x\u00e1c. Gi\u1ea3i ph\u00e1p \u0111\u01a1n gi\u1ea3n, hi\u1ec7u qu\u1ea3\",\"breadcrumb\":{\"@id\":\"https:\/\/swoer.vn\/manufacturer\/bo-dieu-khien-may-nap-rung-on-dinh-dien-ap-hien-thi-so-sw-10\/#breadcrumb\"},\"inLanguage\":\"ja\",\"potentialAction\":[{\"@type\":\"ReadAction\",\"target\":[\"https:\/\/swoer.vn\/manufacturer\/bo-dieu-khien-may-nap-rung-on-dinh-dien-ap-hien-thi-so-sw-10\/\"]}]},{\"@type\":\"ImageObject\",\"inLanguage\":\"ja\",\"@id\":\"https:\/\/swoer.vn\/manufacturer\/bo-dieu-khien-may-nap-rung-on-dinh-dien-ap-hien-thi-so-sw-10\/#primaryimage\",\"url\":\"https:\/\/swoer.vn\/wp-content\/uploads\/2025\/09\/Bo-dieu-khien-may-nap-rung-on-dinh-dien-ap-hien-thi-so-SW-10.png\",\"contentUrl\":\"https:\/\/swoer.vn\/wp-content\/uploads\/2025\/09\/Bo-dieu-khien-may-nap-rung-on-dinh-dien-ap-hien-thi-so-SW-10.png\",\"width\":800,\"height\":800,\"caption\":\"Bo\u0323\u0302 \u0111ie\u0302\u0300u khie\u0302\u0309n ma\u0301y na\u0323p rung o\u0302\u0309n \u0111i\u0323nh \u0111ie\u0323\u0302n a\u0301p hie\u0302\u0309n thi\u0323 so\u0302\u0301 SW-10\"},{\"@type\":\"BreadcrumbList\",\"@id\":\"https:\/\/swoer.vn\/manufacturer\/bo-dieu-khien-may-nap-rung-on-dinh-dien-ap-hien-thi-so-sw-10\/#breadcrumb\",\"itemListElement\":[{\"@type\":\"ListItem\",\"position\":1,\"name\":\"Home\",\"item\":\"https:\/\/swoer.vn\/\"},{\"@type\":\"ListItem\",\"position\":2,\"name\":\"S\u1ea3n ph\u1ea9m\",\"item\":\"https:\/\/swoer.vn\/shop\/\"},{\"@type\":\"ListItem\",\"position\":3,\"name\":\"B\u1ed9 \u0111i\u1ec1u khi\u1ec3n m\u00e1y n\u1ea1p rung \u1ed5n \u0111\u1ecbnh \u0111i\u1ec7n \u00e1p hi\u1ec3n th\u1ecb s\u1ed1 SW-10\"}]},{\"@type\":\"WebSite\",\"@id\":\"https:\/\/swoer.vn\/#website\",\"url\":\"https:\/\/swoer.vn\/\",\"name\":\"Nh\u00e0 s\u1ea3n xu\u1ea5t m\u00e1y c\u1ea5p li\u1ec7u c\u00f4ng nghi\u1ec7p\",\"description\":\"Nh\u00e0 cung c\u1ea5p robot, m\u00e1y c\u1ea5p li\u1ec7u linh ho\u1ea1t, m\u00e1y c\u1ea5p li\u1ec7u ly t\u00e2m, m\u00e1y c\u1ea5p li\u1ec7u rung t\u1ef1 \u0111\u1ed9ng\",\"potentialAction\":[{\"@type\":\"SearchAction\",\"target\":{\"@type\":\"EntryPoint\",\"urlTemplate\":\"https:\/\/swoer.vn\/?s={search_term_string}\"},\"query-input\":{\"@type\":\"PropertyValueSpecification\",\"valueRequired\":true,\"valueName\":\"search_term_string\"}}],\"inLanguage\":\"ja\"}]}<\/script>\n<!-- \/ Yoast SEO plugin. -->","yoast_head_json":{"title":"B\u1ed9 \u0111i\u1ec1u khi\u1ec3n m\u00e1y n\u1ea1p rung \u1ed5n \u0111\u1ecbnh \u0111i\u1ec7n \u00e1p hi\u1ec3n th\u1ecb s\u1ed1 SW-10 - Nh\u00e0 s\u1ea3n xu\u1ea5t m\u00e1y c\u1ea5p li\u1ec7u c\u00f4ng nghi\u1ec7p","description":"B\u1ed9 \u0111i\u1ec1u khi\u1ec3n m\u00e1y n\u1ea1p rung SWOER SW-10: \u1ed4n \u0111\u1ecbnh \u0111i\u1ec7n \u00e1p, hi\u1ec3n th\u1ecb s\u1ed1, \u0111\u1ea3m b\u1ea3o m\u00e1y c\u1ea5p li\u1ec7u ho\u1ea1t \u0111\u1ed9ng li\u00ean t\u1ee5c v\u00e0 ch\u00ednh x\u00e1c. Gi\u1ea3i ph\u00e1p \u0111\u01a1n gi\u1ea3n, hi\u1ec7u qu\u1ea3","robots":{"index":"index","follow":"follow","max-snippet":"max-snippet:-1","max-image-preview":"max-image-preview:large","max-video-preview":"max-video-preview:-1"},"canonical":"https:\/\/swoer.vn\/ja\/manufacturer\/bo-dieu-khien-may-nap-rung-on-dinh-dien-ap-hien-thi-so-sw-10\/","og_locale":"ja_JP","og_type":"article","og_title":"B\u1ed9 \u0111i\u1ec1u khi\u1ec3n m\u00e1y n\u1ea1p rung \u1ed5n \u0111\u1ecbnh \u0111i\u1ec7n \u00e1p hi\u1ec3n th\u1ecb s\u1ed1 SW-10 - Nh\u00e0 s\u1ea3n xu\u1ea5t m\u00e1y c\u1ea5p li\u1ec7u c\u00f4ng nghi\u1ec7p","og_description":"B\u1ed9 \u0111i\u1ec1u khi\u1ec3n m\u00e1y n\u1ea1p rung SWOER SW-10: \u1ed4n \u0111\u1ecbnh \u0111i\u1ec7n \u00e1p, hi\u1ec3n th\u1ecb s\u1ed1, \u0111\u1ea3m b\u1ea3o m\u00e1y c\u1ea5p li\u1ec7u ho\u1ea1t \u0111\u1ed9ng li\u00ean t\u1ee5c v\u00e0 ch\u00ednh x\u00e1c. Gi\u1ea3i ph\u00e1p \u0111\u01a1n gi\u1ea3n, hi\u1ec7u qu\u1ea3","og_url":"https:\/\/swoer.vn\/ja\/manufacturer\/bo-dieu-khien-may-nap-rung-on-dinh-dien-ap-hien-thi-so-sw-10\/","og_site_name":"Nh\u00e0 s\u1ea3n xu\u1ea5t m\u00e1y c\u1ea5p li\u1ec7u c\u00f4ng nghi\u1ec7p","og_image":[{"width":800,"height":800,"url":"https:\/\/swoer.vn\/wp-content\/uploads\/2025\/09\/Bo-dieu-khien-may-nap-rung-on-dinh-dien-ap-hien-thi-so-SW-10.png","type":"image\/png"}],"twitter_card":"summary_large_image","twitter_misc":{"\u63a8\u5b9a\u8aad\u307f\u53d6\u308a\u6642\u9593":"2\u5206"},"schema":{"@context":"https:\/\/schema.org","@graph":[{"@type":"WebPage","@id":"https:\/\/swoer.vn\/manufacturer\/bo-dieu-khien-may-nap-rung-on-dinh-dien-ap-hien-thi-so-sw-10\/","url":"https:\/\/swoer.vn\/manufacturer\/bo-dieu-khien-may-nap-rung-on-dinh-dien-ap-hien-thi-so-sw-10\/","name":"B\u1ed9 \u0111i\u1ec1u khi\u1ec3n m\u00e1y n\u1ea1p rung \u1ed5n \u0111\u1ecbnh \u0111i\u1ec7n \u00e1p hi\u1ec3n th\u1ecb s\u1ed1 SW-10 - Nh\u00e0 s\u1ea3n xu\u1ea5t m\u00e1y c\u1ea5p li\u1ec7u c\u00f4ng nghi\u1ec7p","isPartOf":{"@id":"https:\/\/swoer.vn\/#website"},"primaryImageOfPage":{"@id":"https:\/\/swoer.vn\/manufacturer\/bo-dieu-khien-may-nap-rung-on-dinh-dien-ap-hien-thi-so-sw-10\/#primaryimage"},"image":{"@id":"https:\/\/swoer.vn\/manufacturer\/bo-dieu-khien-may-nap-rung-on-dinh-dien-ap-hien-thi-so-sw-10\/#primaryimage"},"thumbnailUrl":"https:\/\/swoer.vn\/wp-content\/uploads\/2025\/09\/Bo-dieu-khien-may-nap-rung-on-dinh-dien-ap-hien-thi-so-SW-10.png","datePublished":"2025-09-15T03:29:05+00:00","description":"B\u1ed9 \u0111i\u1ec1u khi\u1ec3n m\u00e1y n\u1ea1p rung SWOER SW-10: \u1ed4n \u0111\u1ecbnh \u0111i\u1ec7n \u00e1p, hi\u1ec3n th\u1ecb s\u1ed1, \u0111\u1ea3m b\u1ea3o m\u00e1y c\u1ea5p li\u1ec7u ho\u1ea1t \u0111\u1ed9ng li\u00ean t\u1ee5c v\u00e0 ch\u00ednh x\u00e1c. Gi\u1ea3i ph\u00e1p \u0111\u01a1n gi\u1ea3n, hi\u1ec7u qu\u1ea3","breadcrumb":{"@id":"https:\/\/swoer.vn\/manufacturer\/bo-dieu-khien-may-nap-rung-on-dinh-dien-ap-hien-thi-so-sw-10\/#breadcrumb"},"inLanguage":"ja","potentialAction":[{"@type":"ReadAction","target":["https:\/\/swoer.vn\/manufacturer\/bo-dieu-khien-may-nap-rung-on-dinh-dien-ap-hien-thi-so-sw-10\/"]}]},{"@type":"ImageObject","inLanguage":"ja","@id":"https:\/\/swoer.vn\/manufacturer\/bo-dieu-khien-may-nap-rung-on-dinh-dien-ap-hien-thi-so-sw-10\/#primaryimage","url":"https:\/\/swoer.vn\/wp-content\/uploads\/2025\/09\/Bo-dieu-khien-may-nap-rung-on-dinh-dien-ap-hien-thi-so-SW-10.png","contentUrl":"https:\/\/swoer.vn\/wp-content\/uploads\/2025\/09\/Bo-dieu-khien-may-nap-rung-on-dinh-dien-ap-hien-thi-so-SW-10.png","width":800,"height":800,"caption":"Bo\u0323\u0302 \u0111ie\u0302\u0300u khie\u0302\u0309n ma\u0301y na\u0323p rung o\u0302\u0309n \u0111i\u0323nh \u0111ie\u0323\u0302n a\u0301p hie\u0302\u0309n thi\u0323 so\u0302\u0301 SW-10"},{"@type":"BreadcrumbList","@id":"https:\/\/swoer.vn\/manufacturer\/bo-dieu-khien-may-nap-rung-on-dinh-dien-ap-hien-thi-so-sw-10\/#breadcrumb","itemListElement":[{"@type":"ListItem","position":1,"name":"Home","item":"https:\/\/swoer.vn\/"},{"@type":"ListItem","position":2,"name":"S\u1ea3n ph\u1ea9m","item":"https:\/\/swoer.vn\/shop\/"},{"@type":"ListItem","position":3,"name":"B\u1ed9 \u0111i\u1ec1u khi\u1ec3n m\u00e1y n\u1ea1p rung \u1ed5n \u0111\u1ecbnh \u0111i\u1ec7n \u00e1p hi\u1ec3n th\u1ecb s\u1ed1 SW-10"}]},{"@type":"WebSite","@id":"https:\/\/swoer.vn\/#website","url":"https:\/\/swoer.vn\/","name":"\u5de5\u696d\u7528\u30d5\u30a3\u30fc\u30c0\u30fc\u30e1\u30fc\u30ab\u30fc","description":"\u30ed\u30dc\u30c3\u30c8\u3001\u30d5\u30ec\u30ad\u30b7\u30d6\u30eb\u30d5\u30a3\u30fc\u30c0\u30fc\u3001\u9060\u5fc3\u30d5\u30a3\u30fc\u30c0\u30fc\u3001\u81ea\u52d5\u632f\u52d5\u30d5\u30a3\u30fc\u30c0\u30fc\u306e\u30b5\u30d7\u30e9\u30a4\u30e4\u30fc","potentialAction":[{"@type":"SearchAction","target":{"@type":"EntryPoint","urlTemplate":"https:\/\/swoer.vn\/?s={search_term_string}"},"query-input":{"@type":"PropertyValueSpecification","valueRequired":true,"valueName":"search_term_string"}}],"inLanguage":"ja"}]}},"_links":{"self":[{"href":"https:\/\/swoer.vn\/ja\/wp-json\/wp\/v2\/product\/4544","targetHints":{"allow":["GET"]}}],"collection":[{"href":"https:\/\/swoer.vn\/ja\/wp-json\/wp\/v2\/product"}],"about":[{"href":"https:\/\/swoer.vn\/ja\/wp-json\/wp\/v2\/types\/product"}],"replies":[{"embeddable":true,"href":"https:\/\/swoer.vn\/ja\/wp-json\/wp\/v2\/comments?post=4544"}],"wp:featuredmedia":[{"embeddable":true,"href":"https:\/\/swoer.vn\/ja\/wp-json\/wp\/v2\/media\/4545"}],"wp:attachment":[{"href":"https:\/\/swoer.vn\/ja\/wp-json\/wp\/v2\/media?parent=4544"}],"wp:term":[{"taxonomy":"product_brand","embeddable":true,"href":"https:\/\/swoer.vn\/ja\/wp-json\/wp\/v2\/product_brand?post=4544"},{"taxonomy":"product_cat","embeddable":true,"href":"https:\/\/swoer.vn\/ja\/wp-json\/wp\/v2\/product_cat?post=4544"},{"taxonomy":"product_tag","embeddable":true,"href":"https:\/\/swoer.vn\/ja\/wp-json\/wp\/v2\/product_tag?post=4544"}],"curies":[{"name":"wp","href":"https:\/\/api.w.org\/{rel}","templated":true}]}}