{"id":4528,"date":"2025-09-13T16:35:25","date_gmt":"2025-09-13T09:35:25","guid":{"rendered":"https:\/\/swoer.vn\/?post_type=product&#038;p=4528"},"modified":"2025-09-13T16:35:26","modified_gmt":"2025-09-13T09:35:26","slug":"may-nap-tuyen-tinh-rung-dong-pz","status":"publish","type":"product","link":"https:\/\/swoer.vn\/ja\/manufacturer\/may-nap-tuyen-tinh-rung-dong-pz\/","title":{"rendered":"M\u00e1y n\u1ea1p tuy\u1ebfn t\u00ednh rung &#8211; D\u00f2ng PZ"},"content":{"rendered":"<h2><span style=\"font-weight: 400;\">\u88fd\u54c1\u4ed5\u69d8:<\/span><\/h2>\n<table>\n<tbody>\n<tr>\n<td><span style=\"font-weight: 400;\">M\u00e3 s\u1ea3n ph\u1ea9m<\/span><\/td>\n<td><span style=\"font-weight: 400;\">PZ Series<\/span><\/td>\n<\/tr>\n<tr>\n<td><span style=\"font-weight: 400;\">C\u00f4ng su\u1ea5t \u0111\u1ed9ng c\u01a1 (kW)<\/span><\/td>\n<td><span style=\"font-weight: 400;\">1 \u0111\u1ebfn 10<\/span><\/td>\n<\/tr>\n<tr>\n<td><span style=\"font-weight: 400;\">\u4f7f\u7528<\/span><\/td>\n<td><span style=\"font-weight: 400;\">S\u00e2n c\u1ecf \u0111\u00e1, luy\u1ec7n kim, v\u1eadt li\u1ec7u x\u00e2y d\u1ef1ng, ng\u00e0nh ho\u00e1 ch\u1ea5t, ch\u1ebf bi\u1ebfn qu\u1eb7ng<\/span><\/td>\n<\/tr>\n<tr>\n<td><span style=\"font-weight: 400;\">Movement Mode\u00a0<\/span><\/td>\n<td><span style=\"font-weight: 400;\">Linear<\/span><\/td>\n<\/tr>\n<tr>\n<td><span style=\"font-weight: 400;\">Warranty<\/span><\/td>\n<td><span style=\"font-weight: 400;\">1\u5e74<\/span><\/td>\n<\/tr>\n<tr>\n<td><span style=\"font-weight: 400;\">Max Feeding (mm)<\/span><\/td>\n<td><span style=\"font-weight: 400;\">Customized<\/span><\/td>\n<\/tr>\n<tr>\n<td><span style=\"font-weight: 400;\">Chute Size (mm)<\/span><\/td>\n<td><span style=\"font-weight: 400;\">Customized<\/span><\/td>\n<\/tr>\n<tr>\n<td><span style=\"font-weight: 400;\">Nh\u00e3n hi\u1ec7u<\/span><\/td>\n<td><span style=\"font-weight: 400;\">\u8a93\u3046<\/span><\/td>\n<\/tr>\n<tr>\n<td><span style=\"font-weight: 400;\">S\u1ee9c ch\u1ee9a (t\/h)<\/span><\/td>\n<td><span style=\"font-weight: 400;\">150 &#8211; 300<\/span><\/td>\n<\/tr>\n<tr>\n<td><span style=\"font-weight: 400;\">\u30bf\u30a4\u30d7<\/span><\/td>\n<td><span style=\"font-weight: 400;\">Vibratory Linear Feeder<\/span><\/td>\n<\/tr>\n<tr>\n<td><span style=\"font-weight: 400;\">Lead Time<\/span><\/td>\n<td><span style=\"font-weight: 400;\">7 &#8211; 14 ng\u00e0y<\/span><\/td>\n<\/tr>\n<tr>\n<td><span style=\"font-weight: 400;\">After-sales Service<\/span><\/td>\n<td><span style=\"font-weight: 400;\">1\u5e74<\/span><\/td>\n<\/tr>\n<tr>\n<td><span style=\"font-weight: 400;\">Appearance<\/span><\/td>\n<td><span style=\"font-weight: 400;\">Customized<\/span><\/td>\n<\/tr>\n<tr>\n<td><span style=\"font-weight: 400;\">Installation Slope<\/span><\/td>\n<td><span style=\"font-weight: 400;\">Customized<\/span><\/td>\n<\/tr>\n<tr>\n<td><span style=\"font-weight: 400;\">Overall Dimension<\/span><\/td>\n<td><span style=\"font-weight: 400;\">SW-100PZ, 140PZ, 160PZ, 190PZ, 200PZ, 300PZ<\/span><\/td>\n<\/tr>\n<tr>\n<td><span style=\"font-weight: 400;\">G\u00f3i v\u1eadn chuy\u1ec3n<\/span><\/td>\n<td><span style=\"font-weight: 400;\">G\u1ed7 d\u00e1n<\/span><\/td>\n<\/tr>\n<tr>\n<td><span style=\"font-weight: 400;\">Xu\u1ea5t x\u1ee9<\/span><\/td>\n<td><span style=\"font-weight: 400;\">\u4e2d\u56fd<\/span><\/td>\n<\/tr>\n<\/tbody>\n<\/table>\n<h2><span style=\"font-weight: 400;\">\u7279\u5fb4\uff1a<\/span><\/h2>\n<ul>\n<li style=\"font-weight: 400;\" aria-level=\"1\"><span style=\"font-weight: 400;\">T\u1ea5t c\u1ea3 c\u00e1c ph\u1ee5 ki\u1ec7n \u0111\u1ec1u \u0111\u01b0\u1ee3c l\u00e0m th\u00e0nh ph\u1ea9m v\u00e0 b\u1ec1 m\u1eb7t b\u00ean ngo\u00e0i \u0111\u1ec1u \u0111\u01b0\u1ee3c x\u1eed l\u00fd b\u1eb1ng c\u00e1ch l\u00e0m b\u00e1nh n\u01b0\u1edbc anodizing ho\u1eb7c nhi\u1ec7t \u0111\u1ed9 cao v\u00e0 h\u00ecnh d\u00e1ng c\u1ee7a ph\u1ee5 ki\u1ec7n n\u00e0y \u0111\u1eb9p v\u00e0 c\u00f3 \u0111\u1ed9 ph\u1ee7 cao.<\/span><\/li>\n<li style=\"font-weight: 400;\" aria-level=\"1\"><span style=\"font-weight: 400;\">D\u1ec5 s\u1eed d\u1ee5ng v\u00e0 b\u1eb1ng c\u00e1ch \u0111i\u1ec1u ch\u1ec9nh v\u1ecb tr\u00ed c\u1ee7a kh\u1ed1i c\u00e2n b\u1eb1ng sau, b\u1ea5t c\u1ee9 ai c\u0169ng c\u00f3 th\u1ec3 d\u1ec5 d\u00e0ng \u0111i\u1ec1u ch\u1ec9nh x\u1eed l\u00fd kh\u00f4ng \u0111\u1ed3ng \u0111\u1ec1u.<\/span><\/li>\n<li style=\"font-weight: 400;\" aria-level=\"1\"><span style=\"font-weight: 400;\">Kh\u00f4ng c\u00f3 s\u1ef1 l\u1eafc ngang n\u00e0o v\u00e0 h\u1ea7u nh\u01b0 kh\u00f4ng c\u00f3 hi\u1ec7n t\u01b0\u1ee3ng rung g\u00e2y nhi\u1ec5u khi c\u1ea5p b\u1ed9 ph\u1eadn. V\u00ec v\u1eady, k\u1ebft h\u1ee3p d\u1ec5 d\u00e0ng v\u1edbi b\u1ed9 ph\u1eadn n\u1ea1p ph\u1ee5 ki\u1ec7n.<\/span><\/li>\n<li style=\"font-weight: 400;\" aria-level=\"1\"><span style=\"font-weight: 400;\">T\u0103ng tr\u1ecdng l\u01b0\u1ee3ng \u0111\u1ec3 v\u1eeba v\u1eb7n v\u1edbi nh\u1eefng ti\u1ebfng m\u00e1ng d\u00e0i h\u01a1n trong khi t\u0103ng tr\u1ecdng l\u01b0\u1ee3ng.<\/span><\/li>\n<li style=\"font-weight: 400;\" aria-level=\"1\"><span style=\"font-weight: 400;\">Thi\u1ebft k\u1ebf c\u1ea5u tr\u00fac tr\u1ecdng l\u01b0\u1ee3ng v\u00e0 c\u01a1 ch\u1ebf gi\u1ea3m rung. Khi chuy\u1ec3n c\u00e1c ph\u00f4i gia c\u00f4ng l\u1edbn ho\u1eb7c ray d\u1eabn h\u01b0\u1edbng \u0111\u01b0\u1ee3c k\u00e9o d\u00e0i qu\u00e1 l\u00e2u, c\u00f3 th\u1ec3 \u0111\u1ea1t \u0111\u01b0\u1ee3c y\u00eau c\u1ea7u v\u1ec1 truy\u1ec1n \u0111\u1ed9ng t\u1ed1c \u0111\u1ed9 cao v\u00e0 tr\u01a1n tru qua qu\u00e1 tr\u00ecnh \u0111i\u1ec1u ch\u1ec9nh.<\/span><\/li>\n<\/ul>","protected":false},"excerpt":{"rendered":"<p>B\u1ea1n \u0111ang t\u00ecm ki\u1ebfm m\u1ed9t gi\u1ea3i ph\u00e1p t\u1ed1i \u01b0u cho vi\u1ec7c c\u1ea5p ph\u00f4i c\u1ee7a c\u00e1c chi ti\u1ebft ph\u1ee9c t\u1ea1p, \u0111\u00f2i h\u1ecfi \u0111\u1ed9 ch\u00ednh x\u00e1c cao v\u00e0 \u0111\u1eb7c bi\u1ec7t l\u00e0 chi ph\u00ed h\u1ee3p l\u00fd? <b>M\u00e1y n\u1ea1p tuy\u1ebfn t\u00ednh rung &#8211; d\u00f2ng PZ<\/b> c\u1ee7a SWOER l\u00e0 l\u1ef1a ch\u1ecdn kh\u00f4ng th\u1ec3 b\u1ecf qua. \u0110\u00e2y l\u00e0 d\u00f2ng m\u00e1y ti\u00eau chu\u1ea9n nh\u01b0ng c\u1ef1c k\u1ef3 hi\u1ec7u qu\u1ea3. V\u1edbi c\u00f4ng ngh\u1ec7 rung \u0111i\u1ec7n t\u1eeb m\u1ea1nh m\u1ebd, d\u00f2ng PZ \u0111\u1ea3m b\u1ea3o d\u00f2ng ch\u1ea3y ph\u00f4i \u1ed5n \u0111\u1ecbnh v\u00e0 li\u00ean t\u1ee5c, gi\u1ea3m thi\u1ec3u t\u1eafc ngh\u1ebdn. \u0110\u00e2y l\u00e0 s\u1ef1 k\u1ebft h\u1ee3p ho\u00e0n h\u1ea3o gi\u1eefa hi\u1ec7u su\u1ea5t, \u0111\u1ed9 tin c\u1eady v\u00e0 chi ph\u00ed \u0111\u1ea7u t\u01b0 t\u1ed1i \u01b0u, gi\u00fap doanh nghi\u1ec7p d\u1ec5 d\u00e0ng ti\u1ebfp c\u1eadn v\u1edbi c\u00f4ng ngh\u1ec7 t\u1ef1 \u0111\u1ed9ng h\u00f3a.<\/p>","protected":false},"featured_media":4529,"comment_status":"open","ping_status":"closed","template":"","meta":[],"product_brand":[],"product_cat":[87],"product_tag":[153,154,152],"class_list":{"0":"post-4528","1":"product","2":"type-product","3":"status-publish","4":"has-post-thumbnail","6":"product_cat-bo-nap-tuyen-tinh","7":"product_tag-bo-nap-tuyen-tinh","8":"product_tag-bo-rung-tuyen-tinh","9":"product_tag-may-nap-tuyen-tinh-rung","11":"first","12":"instock","13":"shipping-taxable","14":"product-type-simple"},"yoast_head":"<!-- This site is optimized with the Yoast SEO plugin v26.0 - https:\/\/yoast.com\/wordpress\/plugins\/seo\/ -->\n<title>M\u00e1y n\u1ea1p tuy\u1ebfn t\u00ednh rung - D\u00f2ng PZ - Nh\u00e0 s\u1ea3n xu\u1ea5t m\u00e1y c\u1ea5p li\u1ec7u c\u00f4ng nghi\u1ec7p<\/title>\n<meta name=\"description\" content=\"M\u00e1y n\u1ea1p tuy\u1ebfn t\u00ednh rung SWOER d\u00f2ng PZ: Gi\u1ea3i ph\u00e1p c\u1ea5p ph\u00f4i hi\u1ec7u qu\u1ea3, \u1ed5n \u0111\u1ecbnh cho chi ti\u1ebft ph\u1ee9c t\u1ea1p. C\u00f4ng ngh\u1ec7 rung m\u1ea1nh m\u1ebd, chi ph\u00ed h\u1ee3p l\u00fd, t\u1ed1i \u01b0u h\u00f3a\" \/>\n<meta name=\"robots\" content=\"index, follow, max-snippet:-1, max-image-preview:large, max-video-preview:-1\" \/>\n<link rel=\"canonical\" href=\"https:\/\/swoer.vn\/ja\/manufacturer\/may-nap-tuyen-tinh-rung-dong-pz\/\" \/>\n<meta property=\"og:locale\" content=\"ja_JP\" \/>\n<meta property=\"og:type\" content=\"article\" \/>\n<meta property=\"og:title\" content=\"M\u00e1y n\u1ea1p tuy\u1ebfn t\u00ednh rung - D\u00f2ng PZ - Nh\u00e0 s\u1ea3n xu\u1ea5t m\u00e1y c\u1ea5p li\u1ec7u c\u00f4ng nghi\u1ec7p\" \/>\n<meta property=\"og:description\" content=\"M\u00e1y n\u1ea1p tuy\u1ebfn t\u00ednh rung SWOER d\u00f2ng PZ: Gi\u1ea3i ph\u00e1p c\u1ea5p ph\u00f4i hi\u1ec7u qu\u1ea3, \u1ed5n \u0111\u1ecbnh cho chi ti\u1ebft ph\u1ee9c t\u1ea1p. C\u00f4ng ngh\u1ec7 rung m\u1ea1nh m\u1ebd, chi ph\u00ed h\u1ee3p l\u00fd, t\u1ed1i \u01b0u h\u00f3a\" \/>\n<meta property=\"og:url\" content=\"https:\/\/swoer.vn\/ja\/manufacturer\/may-nap-tuyen-tinh-rung-dong-pz\/\" \/>\n<meta property=\"og:site_name\" content=\"Nh\u00e0 s\u1ea3n xu\u1ea5t m\u00e1y c\u1ea5p li\u1ec7u c\u00f4ng nghi\u1ec7p\" \/>\n<meta property=\"article:modified_time\" content=\"2025-09-13T09:35:26+00:00\" \/>\n<meta property=\"og:image\" content=\"https:\/\/swoer.vn\/wp-content\/uploads\/2025\/09\/May-nap-tuyen-tinh-rung-dong-PZ.png\" \/>\n\t<meta property=\"og:image:width\" content=\"800\" \/>\n\t<meta property=\"og:image:height\" content=\"800\" \/>\n\t<meta property=\"og:image:type\" content=\"image\/png\" \/>\n<meta name=\"twitter:card\" content=\"summary_large_image\" \/>\n<meta name=\"twitter:label1\" content=\"\u63a8\u5b9a\u8aad\u307f\u53d6\u308a\u6642\u9593\" \/>\n\t<meta name=\"twitter:data1\" content=\"2\u5206\" \/>\n<script type=\"application\/ld+json\" class=\"yoast-schema-graph\">{\"@context\":\"https:\/\/schema.org\",\"@graph\":[{\"@type\":\"WebPage\",\"@id\":\"https:\/\/swoer.vn\/manufacturer\/may-nap-tuyen-tinh-rung-dong-pz\/\",\"url\":\"https:\/\/swoer.vn\/manufacturer\/may-nap-tuyen-tinh-rung-dong-pz\/\",\"name\":\"M\u00e1y n\u1ea1p tuy\u1ebfn t\u00ednh rung - D\u00f2ng PZ - Nh\u00e0 s\u1ea3n xu\u1ea5t m\u00e1y c\u1ea5p li\u1ec7u c\u00f4ng nghi\u1ec7p\",\"isPartOf\":{\"@id\":\"https:\/\/swoer.vn\/#website\"},\"primaryImageOfPage\":{\"@id\":\"https:\/\/swoer.vn\/manufacturer\/may-nap-tuyen-tinh-rung-dong-pz\/#primaryimage\"},\"image\":{\"@id\":\"https:\/\/swoer.vn\/manufacturer\/may-nap-tuyen-tinh-rung-dong-pz\/#primaryimage\"},\"thumbnailUrl\":\"https:\/\/swoer.vn\/wp-content\/uploads\/2025\/09\/May-nap-tuyen-tinh-rung-dong-PZ.png\",\"datePublished\":\"2025-09-13T09:35:25+00:00\",\"dateModified\":\"2025-09-13T09:35:26+00:00\",\"description\":\"M\u00e1y n\u1ea1p tuy\u1ebfn t\u00ednh rung SWOER d\u00f2ng PZ: Gi\u1ea3i ph\u00e1p c\u1ea5p ph\u00f4i hi\u1ec7u qu\u1ea3, \u1ed5n \u0111\u1ecbnh cho chi ti\u1ebft ph\u1ee9c t\u1ea1p. C\u00f4ng ngh\u1ec7 rung m\u1ea1nh m\u1ebd, chi ph\u00ed h\u1ee3p l\u00fd, t\u1ed1i \u01b0u h\u00f3a\",\"breadcrumb\":{\"@id\":\"https:\/\/swoer.vn\/manufacturer\/may-nap-tuyen-tinh-rung-dong-pz\/#breadcrumb\"},\"inLanguage\":\"ja\",\"potentialAction\":[{\"@type\":\"ReadAction\",\"target\":[\"https:\/\/swoer.vn\/manufacturer\/may-nap-tuyen-tinh-rung-dong-pz\/\"]}]},{\"@type\":\"ImageObject\",\"inLanguage\":\"ja\",\"@id\":\"https:\/\/swoer.vn\/manufacturer\/may-nap-tuyen-tinh-rung-dong-pz\/#primaryimage\",\"url\":\"https:\/\/swoer.vn\/wp-content\/uploads\/2025\/09\/May-nap-tuyen-tinh-rung-dong-PZ.png\",\"contentUrl\":\"https:\/\/swoer.vn\/wp-content\/uploads\/2025\/09\/May-nap-tuyen-tinh-rung-dong-PZ.png\",\"width\":800,\"height\":800,\"caption\":\"Ma\u0301y na\u0323p tuye\u0302\u0301n ti\u0301nh rung do\u0300ng PZ\"},{\"@type\":\"BreadcrumbList\",\"@id\":\"https:\/\/swoer.vn\/manufacturer\/may-nap-tuyen-tinh-rung-dong-pz\/#breadcrumb\",\"itemListElement\":[{\"@type\":\"ListItem\",\"position\":1,\"name\":\"Home\",\"item\":\"https:\/\/swoer.vn\/\"},{\"@type\":\"ListItem\",\"position\":2,\"name\":\"S\u1ea3n ph\u1ea9m\",\"item\":\"https:\/\/swoer.vn\/shop\/\"},{\"@type\":\"ListItem\",\"position\":3,\"name\":\"M\u00e1y n\u1ea1p tuy\u1ebfn t\u00ednh rung &#8211; D\u00f2ng PZ\"}]},{\"@type\":\"WebSite\",\"@id\":\"https:\/\/swoer.vn\/#website\",\"url\":\"https:\/\/swoer.vn\/\",\"name\":\"Nh\u00e0 s\u1ea3n xu\u1ea5t m\u00e1y c\u1ea5p li\u1ec7u c\u00f4ng nghi\u1ec7p\",\"description\":\"Nh\u00e0 cung c\u1ea5p robot, m\u00e1y c\u1ea5p li\u1ec7u linh ho\u1ea1t, m\u00e1y c\u1ea5p li\u1ec7u ly t\u00e2m, m\u00e1y c\u1ea5p li\u1ec7u rung t\u1ef1 \u0111\u1ed9ng\",\"potentialAction\":[{\"@type\":\"SearchAction\",\"target\":{\"@type\":\"EntryPoint\",\"urlTemplate\":\"https:\/\/swoer.vn\/?s={search_term_string}\"},\"query-input\":{\"@type\":\"PropertyValueSpecification\",\"valueRequired\":true,\"valueName\":\"search_term_string\"}}],\"inLanguage\":\"ja\"}]}<\/script>\n<!-- \/ Yoast SEO plugin. -->","yoast_head_json":{"title":"M\u00e1y n\u1ea1p tuy\u1ebfn t\u00ednh rung - D\u00f2ng PZ - Nh\u00e0 s\u1ea3n xu\u1ea5t m\u00e1y c\u1ea5p li\u1ec7u c\u00f4ng nghi\u1ec7p","description":"M\u00e1y n\u1ea1p tuy\u1ebfn t\u00ednh rung SWOER d\u00f2ng PZ: Gi\u1ea3i ph\u00e1p c\u1ea5p ph\u00f4i hi\u1ec7u qu\u1ea3, \u1ed5n \u0111\u1ecbnh cho chi ti\u1ebft ph\u1ee9c t\u1ea1p. C\u00f4ng ngh\u1ec7 rung m\u1ea1nh m\u1ebd, chi ph\u00ed h\u1ee3p l\u00fd, t\u1ed1i \u01b0u h\u00f3a","robots":{"index":"index","follow":"follow","max-snippet":"max-snippet:-1","max-image-preview":"max-image-preview:large","max-video-preview":"max-video-preview:-1"},"canonical":"https:\/\/swoer.vn\/ja\/manufacturer\/may-nap-tuyen-tinh-rung-dong-pz\/","og_locale":"ja_JP","og_type":"article","og_title":"M\u00e1y n\u1ea1p tuy\u1ebfn t\u00ednh rung - D\u00f2ng PZ - Nh\u00e0 s\u1ea3n xu\u1ea5t m\u00e1y c\u1ea5p li\u1ec7u c\u00f4ng nghi\u1ec7p","og_description":"M\u00e1y n\u1ea1p tuy\u1ebfn t\u00ednh rung SWOER d\u00f2ng PZ: Gi\u1ea3i ph\u00e1p c\u1ea5p ph\u00f4i hi\u1ec7u qu\u1ea3, \u1ed5n \u0111\u1ecbnh cho chi ti\u1ebft ph\u1ee9c t\u1ea1p. C\u00f4ng ngh\u1ec7 rung m\u1ea1nh m\u1ebd, chi ph\u00ed h\u1ee3p l\u00fd, t\u1ed1i \u01b0u h\u00f3a","og_url":"https:\/\/swoer.vn\/ja\/manufacturer\/may-nap-tuyen-tinh-rung-dong-pz\/","og_site_name":"Nh\u00e0 s\u1ea3n xu\u1ea5t m\u00e1y c\u1ea5p li\u1ec7u c\u00f4ng nghi\u1ec7p","article_modified_time":"2025-09-13T09:35:26+00:00","og_image":[{"width":800,"height":800,"url":"https:\/\/swoer.vn\/wp-content\/uploads\/2025\/09\/May-nap-tuyen-tinh-rung-dong-PZ.png","type":"image\/png"}],"twitter_card":"summary_large_image","twitter_misc":{"\u63a8\u5b9a\u8aad\u307f\u53d6\u308a\u6642\u9593":"2\u5206"},"schema":{"@context":"https:\/\/schema.org","@graph":[{"@type":"WebPage","@id":"https:\/\/swoer.vn\/manufacturer\/may-nap-tuyen-tinh-rung-dong-pz\/","url":"https:\/\/swoer.vn\/manufacturer\/may-nap-tuyen-tinh-rung-dong-pz\/","name":"M\u00e1y n\u1ea1p tuy\u1ebfn t\u00ednh rung - D\u00f2ng PZ - Nh\u00e0 s\u1ea3n xu\u1ea5t m\u00e1y c\u1ea5p li\u1ec7u c\u00f4ng nghi\u1ec7p","isPartOf":{"@id":"https:\/\/swoer.vn\/#website"},"primaryImageOfPage":{"@id":"https:\/\/swoer.vn\/manufacturer\/may-nap-tuyen-tinh-rung-dong-pz\/#primaryimage"},"image":{"@id":"https:\/\/swoer.vn\/manufacturer\/may-nap-tuyen-tinh-rung-dong-pz\/#primaryimage"},"thumbnailUrl":"https:\/\/swoer.vn\/wp-content\/uploads\/2025\/09\/May-nap-tuyen-tinh-rung-dong-PZ.png","datePublished":"2025-09-13T09:35:25+00:00","dateModified":"2025-09-13T09:35:26+00:00","description":"M\u00e1y n\u1ea1p tuy\u1ebfn t\u00ednh rung SWOER d\u00f2ng PZ: Gi\u1ea3i ph\u00e1p c\u1ea5p ph\u00f4i hi\u1ec7u qu\u1ea3, \u1ed5n \u0111\u1ecbnh cho chi ti\u1ebft ph\u1ee9c t\u1ea1p. C\u00f4ng ngh\u1ec7 rung m\u1ea1nh m\u1ebd, chi ph\u00ed h\u1ee3p l\u00fd, t\u1ed1i \u01b0u h\u00f3a","breadcrumb":{"@id":"https:\/\/swoer.vn\/manufacturer\/may-nap-tuyen-tinh-rung-dong-pz\/#breadcrumb"},"inLanguage":"ja","potentialAction":[{"@type":"ReadAction","target":["https:\/\/swoer.vn\/manufacturer\/may-nap-tuyen-tinh-rung-dong-pz\/"]}]},{"@type":"ImageObject","inLanguage":"ja","@id":"https:\/\/swoer.vn\/manufacturer\/may-nap-tuyen-tinh-rung-dong-pz\/#primaryimage","url":"https:\/\/swoer.vn\/wp-content\/uploads\/2025\/09\/May-nap-tuyen-tinh-rung-dong-PZ.png","contentUrl":"https:\/\/swoer.vn\/wp-content\/uploads\/2025\/09\/May-nap-tuyen-tinh-rung-dong-PZ.png","width":800,"height":800,"caption":"Ma\u0301y na\u0323p tuye\u0302\u0301n ti\u0301nh rung do\u0300ng PZ"},{"@type":"BreadcrumbList","@id":"https:\/\/swoer.vn\/manufacturer\/may-nap-tuyen-tinh-rung-dong-pz\/#breadcrumb","itemListElement":[{"@type":"ListItem","position":1,"name":"Home","item":"https:\/\/swoer.vn\/"},{"@type":"ListItem","position":2,"name":"S\u1ea3n ph\u1ea9m","item":"https:\/\/swoer.vn\/shop\/"},{"@type":"ListItem","position":3,"name":"M\u00e1y n\u1ea1p tuy\u1ebfn t\u00ednh rung &#8211; D\u00f2ng PZ"}]},{"@type":"WebSite","@id":"https:\/\/swoer.vn\/#website","url":"https:\/\/swoer.vn\/","name":"\u5de5\u696d\u7528\u30d5\u30a3\u30fc\u30c0\u30fc\u30e1\u30fc\u30ab\u30fc","description":"\u30ed\u30dc\u30c3\u30c8\u3001\u30d5\u30ec\u30ad\u30b7\u30d6\u30eb\u30d5\u30a3\u30fc\u30c0\u30fc\u3001\u9060\u5fc3\u30d5\u30a3\u30fc\u30c0\u30fc\u3001\u81ea\u52d5\u632f\u52d5\u30d5\u30a3\u30fc\u30c0\u30fc\u306e\u30b5\u30d7\u30e9\u30a4\u30e4\u30fc","potentialAction":[{"@type":"SearchAction","target":{"@type":"EntryPoint","urlTemplate":"https:\/\/swoer.vn\/?s={search_term_string}"},"query-input":{"@type":"PropertyValueSpecification","valueRequired":true,"valueName":"search_term_string"}}],"inLanguage":"ja"}]}},"_links":{"self":[{"href":"https:\/\/swoer.vn\/ja\/wp-json\/wp\/v2\/product\/4528","targetHints":{"allow":["GET"]}}],"collection":[{"href":"https:\/\/swoer.vn\/ja\/wp-json\/wp\/v2\/product"}],"about":[{"href":"https:\/\/swoer.vn\/ja\/wp-json\/wp\/v2\/types\/product"}],"replies":[{"embeddable":true,"href":"https:\/\/swoer.vn\/ja\/wp-json\/wp\/v2\/comments?post=4528"}],"wp:featuredmedia":[{"embeddable":true,"href":"https:\/\/swoer.vn\/ja\/wp-json\/wp\/v2\/media\/4529"}],"wp:attachment":[{"href":"https:\/\/swoer.vn\/ja\/wp-json\/wp\/v2\/media?parent=4528"}],"wp:term":[{"taxonomy":"product_brand","embeddable":true,"href":"https:\/\/swoer.vn\/ja\/wp-json\/wp\/v2\/product_brand?post=4528"},{"taxonomy":"product_cat","embeddable":true,"href":"https:\/\/swoer.vn\/ja\/wp-json\/wp\/v2\/product_cat?post=4528"},{"taxonomy":"product_tag","embeddable":true,"href":"https:\/\/swoer.vn\/ja\/wp-json\/wp\/v2\/product_tag?post=4528"}],"curies":[{"name":"wp","href":"https:\/\/api.w.org\/{rel}","templated":true}]}}