{"id":2264,"date":"2025-03-05T10:08:57","date_gmt":"2025-03-05T03:08:57","guid":{"rendered":"https:\/\/swoer.vn\/?post_type=product&#038;p=2264"},"modified":"2025-03-05T10:08:57","modified_gmt":"2025-03-05T03:08:57","slug":"he-thong-nap-lieu-rung-cho-linh-kien-tron-rong","status":"publish","type":"product","link":"https:\/\/swoer.vn\/ja\/manufacturer\/he-thong-nap-lieu-rung-cho-linh-kien-tron-rong\/","title":{"rendered":"\u4e2d\u7a7a\u4e38\u90e8\u54c1\u7528\u632f\u52d5\u4f9b\u7d66\u30b7\u30b9\u30c6\u30e0"},"content":{"rendered":"<h2>\u88fd\u54c1\u4ed5\u69d8<\/h2>\n<table width=\"887\">\n<tbody>\n<tr>\n<td width=\"396\">\u88fd\u54c1\u540d<\/td>\n<td width=\"491\">\u4e2d\u7a7a\u4e38\u90e8\u54c1\u7528\u632f\u52d5\u4f9b\u7d66\u30b7\u30b9\u30c6\u30e0<\/td>\n<\/tr>\n<tr>\n<td width=\"396\">\u6750\u6599<\/td>\n<td width=\"491\">AL7075 \/ SUS304<\/td>\n<\/tr>\n<tr>\n<td width=\"396\">\u6750\u6599\u7279\u6027<\/td>\n<td width=\"491\">\u51b7\u9593\u935b\u9020\u5408\u91d1\u3001\u9ad8\u5f37\u5ea6\u3001\u9ad8\u786c\u5ea6<\/td>\n<\/tr>\n<tr>\n<td width=\"396\">\u96fb\u5727<\/td>\n<td width=\"491\">220V<\/td>\n<\/tr>\n<tr>\n<td width=\"396\">\u5bb9\u91cf<\/td>\n<td width=\"491\">65W \/150W \/180W \/ 220W \/ 350W<\/td>\n<\/tr>\n<tr>\n<td width=\"396\">\u8a8d\u8a3c<\/td>\n<td width=\"491\">CE\u3001ROHS\u3001ISO9001<\/td>\n<\/tr>\n<tr>\n<td width=\"396\">\u4fdd\u8a3c<\/td>\n<td width=\"491\">1\u5e74<\/td>\n<\/tr>\n<tr>\n<td width=\"396\">\u6700\u5c0f\u6ce8\u6587\u6570\u91cf<\/td>\n<td width=\"491\">1\u30bb\u30c3\u30c8<\/td>\n<\/tr>\n<tr>\n<td width=\"396\">\u914d\u9001\u65e5<\/td>\n<td width=\"491\">28\u65e5<\/td>\n<\/tr>\n<tr>\n<td width=\"396\">\u652f\u6255\u65b9\u6cd5<\/td>\n<td width=\"491\">T\/T\u30c7\u30dd\u30b8\u30c3\u30c830%\u3001\u6b8b\u984d\u306f\u914d\u9001\u524d\u306b\u652f\u6255\u3044<\/td>\n<\/tr>\n<tr>\n<td width=\"396\">\u539f\u7523\u56fd<\/td>\n<td width=\"491\">\u4e2d\u56fd<\/td>\n<\/tr>\n<\/tbody>\n<\/table>\n\t<div id=\"gap-911947733\" class=\"gap-element clearfix\" style=\"display:block; height:auto;\">\n\t\t\n<style>\n#gap-911947733 {\n  padding-top: 30px;\n}\n<\/style>\n\t<\/div>\n\t\n<h3 data-sourcepos=\"3:1-3:72\"><strong>\u30ab\u30b9\u30bf\u30e0\u632f\u52d5\u30d5\u30a3\u30fc\u30c0\u30fc\u3092\u6ce8\u6587\u3059\u308b\u969b\u306b\u77e5\u3063\u3066\u304a\u304f\u3079\u304d\u88fd\u54c1\u60c5\u5831:<\/strong><\/h3>\n<p data-sourcepos=\"5:1-5:36\"><strong>1. \u30d6\u30e9\u30f3\u30af\/\u6750\u6599\u306b\u95a2\u3059\u308b\u60c5\u5831:<\/strong><\/p>\n<ul data-sourcepos=\"7:1-19:0\">\n<li data-sourcepos=\"7:1-9:43\"><strong>\u7d20\u6750\u30bf\u30a4\u30d7:<\/strong>\n<ul data-sourcepos=\"8:5-9:43\">\n<li data-sourcepos=\"8:5-8:43\">\u6750\u8cea\uff08\u91d1\u5c5e\u3001\u30d7\u30e9\u30b9\u30c1\u30c3\u30af\u3001\u30bb\u30e9\u30df\u30c3\u30af\u306a\u3069\uff09<\/li>\n<li data-sourcepos=\"9:5-9:43\">\u7279\u6027\uff08\u58ca\u308c\u3084\u3059\u3044\u3001\u7c98\u7740\u6027\u304c\u3042\u308b\u3001\u7814\u78e8\u6027\u304c\u3042\u308b\u306a\u3069\uff09<\/li>\n<\/ul>\n<\/li>\n<li data-sourcepos=\"10:1-12:31\"><strong>\u6750\u6599\u306e\u30b5\u30a4\u30ba\u3068\u5f62\u72b6:<\/strong>\n<ul data-sourcepos=\"11:5-12:31\">\n<li data-sourcepos=\"11:5-11:45\">\u8a73\u7d30\u5bf8\u6cd5\u56f3\u307e\u305f\u306f\u898b\u672c<\/li>\n<li data-sourcepos=\"12:5-12:31\">\u5f62\u72b6\u306e\u8907\u96d1\u3055<\/li>\n<\/ul>\n<\/li>\n<li data-sourcepos=\"13:1-15:29\"><strong>\u7d20\u6750\u306e\u91cd\u91cf:<\/strong>\n<ul data-sourcepos=\"14:5-15:29\">\n<li data-sourcepos=\"14:5-14:35\">\u5404\u6750\u6599\u306e\u91cd\u91cf<\/li>\n<li data-sourcepos=\"15:5-15:29\">\u5fc5\u8981\u306a\u9001\u308a\u901f\u5ea6<\/li>\n<\/ul>\n<\/li>\n<li data-sourcepos=\"16:1-19:0\"><strong>\u6750\u6599\u306e\u72b6\u614b:<\/strong>\n<ul data-sourcepos=\"17:5-19:0\">\n<li data-sourcepos=\"17:5-17:32\">\u30eb\u30fc\u30ba\u307e\u305f\u306f\u30d1\u30c3\u30b1\u30fc\u30b8\u5316\u3055\u308c\u305f\u5f62\u614b<\/li>\n<li data-sourcepos=\"18:5-19:0\">\u7d20\u6750\u306e\u8868\u9762\u306e\u72b6\u614b\u3001\u6ed1\u3089\u304b\u304b\u3001\u6cb9\u3063\u307d\u3044\u304b\u306a\u3069\u3002<\/li>\n<\/ul>\n<\/li>\n<\/ul>\n<p data-sourcepos=\"20:1-20:24\"><strong>2. \u30d6\u30e9\u30f3\u30af\u4f9b\u7d66\u306e\u8981\u4ef6:<\/strong><\/p>\n<ul data-sourcepos=\"22:1-34:0\">\n<li data-sourcepos=\"22:1-24:44\"><strong>\u9001\u308a\u901f\u5ea6:<\/strong>\n<ul data-sourcepos=\"23:5-24:44\">\n<li data-sourcepos=\"23:5-23:40\">1\u5206\u9593\u306b\u4f9b\u7d66\u3055\u308c\u308b\u6750\u6599\u306e\u91cf<\/li>\n<li data-sourcepos=\"24:5-24:44\">\u751f\u7523\u30e9\u30a4\u30f3\u306e\u901f\u5ea6\u8981\u4ef6<\/li>\n<\/ul>\n<\/li>\n<li data-sourcepos=\"25:1-27:45\"><strong>\u9001\u308a\u65b9\u5411\u3068\u4f4d\u7f6e:<\/strong>\n<ul data-sourcepos=\"26:5-27:45\">\n<li data-sourcepos=\"26:5-26:60\">\u6750\u6599\u306f\u6b21\u306e\u6bb5\u968e\u306b\u3069\u306e\u65b9\u5411\u306b\u9032\u3080\u3079\u304d\u3067\u3057\u3087\u3046\u304b?<\/li>\n<li data-sourcepos=\"27:5-27:45\">\u7d66\u6c34\u53e3\u306e\u4f4d\u7f6e\u3068\u9ad8\u3055<\/li>\n<\/ul>\n<\/li>\n<li data-sourcepos=\"28:1-30:38\"><strong>\u7d66\u990c\u7cbe\u5ea6:<\/strong>\n<ul data-sourcepos=\"29:5-30:38\">\n<li data-sourcepos=\"29:5-29:46\">\u6750\u6599\u4f4d\u7f6e\u6c7a\u3081\u7cbe\u5ea6\u306e\u8981\u4ef6<\/li>\n<li data-sourcepos=\"30:5-30:38\">\u7279\u5225\u306a\u624b\u914d\u306f\u5fc5\u8981\u3067\u3059\u304b?<\/li>\n<\/ul>\n<\/li>\n<li data-sourcepos=\"31:1-34:0\"><strong>\u98fc\u6599\u5b89\u5b9a\u6027:<\/strong>\n<ul data-sourcepos=\"32:5-34:0\">\n<li data-sourcepos=\"32:5-32:37\">\u7d99\u7d9a\u7684\u306a\u7d66\u990c\u306f\u5fc5\u8981\u3067\u3059\u304b?<\/li>\n<li data-sourcepos=\"33:5-34:0\">\u98fc\u6599\u5b89\u5b9a\u6027\u306e\u8981\u4ef6\u3002<\/li>\n<\/ul>\n<\/li>\n<\/ul>\n<p data-sourcepos=\"35:1-35:27\"><strong>3. \u30c7\u30d0\u30a4\u30b9\u74b0\u5883:<\/strong><\/p>\n<ul data-sourcepos=\"37:1-47:0\">\n<li data-sourcepos=\"37:1-39:36\"><strong>\u30ef\u30fc\u30af\u30b9\u30da\u30fc\u30b9:<\/strong>\n<ul data-sourcepos=\"38:5-39:36\">\n<li data-sourcepos=\"38:5-38:65\">\u30d5\u30a3\u30fc\u30c0\u30fc\u8a2d\u7f6e\u306b\u4f7f\u7528\u53ef\u80fd\u306a\u30b9\u30da\u30fc\u30b9\u5bf8\u6cd5<\/li>\n<li data-sourcepos=\"39:5-39:36\">\u751f\u7523\u30e9\u30a4\u30f3\u306e\u30ec\u30a4\u30a2\u30a6\u30c8<\/li>\n<\/ul>\n<\/li>\n<li data-sourcepos=\"40:1-42:66\"><strong>\u52b4\u50cd\u74b0\u5883:<\/strong>\n<ul data-sourcepos=\"41:5-42:66\">\n<li data-sourcepos=\"41:5-41:57\">\u6e29\u5ea6\u3001\u6e7f\u5ea6\u3001\u307b\u3053\u308a\u306a\u3069\u306e\u74b0\u5883\u6761\u4ef6\u3002<\/li>\n<li data-sourcepos=\"42:5-42:66\">\u9632\u5875\u3001\u9632\u7206\u7b49\u306e\u7279\u5225\u306a\u8981\u4ef6\u306f\u3042\u308a\u307e\u3059\u304b\uff1f<\/li>\n<\/ul>\n<\/li>\n<li data-sourcepos=\"43:1-44:55\"><strong>\u96fb\u529b\u8981\u4ef6:<\/strong>\n<ul data-sourcepos=\"44:5-44:55\">\n<li data-sourcepos=\"44:5-44:55\">\u96fb\u5727\u3001\u5468\u6ce2\u6570\u306a\u3069\u306e\u96fb\u6e90\u30d1\u30e9\u30e1\u30fc\u30bf\u3002<\/li>\n<\/ul>\n<\/li>\n<li data-sourcepos=\"45:1-47:0\"><strong>\u9a12\u97f3\u8981\u4ef6:<\/strong>\n<ul data-sourcepos=\"46:5-47:0\">\n<li data-sourcepos=\"46:5-47:0\">\u9a12\u97f3\u5236\u9650\u306f\u3042\u308a\u307e\u3059\u304b\uff1f<\/li>\n<\/ul>\n<\/li>\n<\/ul>\n<p data-sourcepos=\"48:1-48:28\"><strong>4. \u81ea\u52d5\u5316\u306e\u7d71\u5408:<\/strong><\/p>\n<ul data-sourcepos=\"50:1-56:0\">\n<li data-sourcepos=\"50:1-52:36\"><strong>\u65e2\u5b58\u306e\u6a5f\u5668\u3068\u306e\u7d71\u5408:<\/strong>\n<ul data-sourcepos=\"51:5-52:36\">\n<li data-sourcepos=\"51:5-51:40\">\u3069\u306e\u3088\u3046\u306a\u30c7\u30d0\u30a4\u30b9\u3092\u63a5\u7d9a\u3059\u308b\u5fc5\u8981\u304c\u3042\u308a\u307e\u3059\u304b?<\/li>\n<li data-sourcepos=\"52:5-52:36\">\u5236\u5fa1\u4fe1\u53f7\u306e\u8981\u4ef6<\/li>\n<\/ul>\n<\/li>\n<li data-sourcepos=\"53:1-56:0\"><strong>\u5236\u5fa1\u30b7\u30b9\u30c6\u30e0\u8981\u4ef6:<\/strong>\n<ul data-sourcepos=\"54:5-56:0\">\n<li data-sourcepos=\"54:5-54:33\">PLC\u5236\u5fa1\u306f\u5fc5\u8981\u3067\u3059\u304b?<\/li>\n<li data-sourcepos=\"55:5-56:0\">\u30bb\u30f3\u30b5\u30fc\u30d5\u30a3\u30fc\u30c9\u30d0\u30c3\u30af\u306f\u5fc5\u8981\u3067\u3059\u304b?<\/li>\n<\/ul>\n<\/li>\n<\/ul>\n<p data-sourcepos=\"57:1-57:33\"><strong>5. \u305d\u306e\u4ed6\u306e\u7279\u5225\u306a\u8981\u4ef6:<\/strong><\/p>\n<ul data-sourcepos=\"59:1-67:0\">\n<li data-sourcepos=\"59:1-61:37\"><strong>\u6e05\u6383\u8981\u4ef6:<\/strong>\n<ul data-sourcepos=\"60:5-61:37\">\n<li data-sourcepos=\"60:5-60:39\">\u6383\u9664\u304c\u7c21\u5358\u306a\u30c7\u30b6\u30a4\u30f3\u304c\u5fc5\u8981\u3067\u3059\u304b?<\/li>\n<li data-sourcepos=\"61:5-61:37\">\u98df\u6599\u3084\u533b\u7642\u306b\u95a2\u3059\u308b\u8981\u4ef6<\/li>\n<\/ul>\n<\/li>\n<li data-sourcepos=\"62:1-64:39\"><strong>\u30e1\u30f3\u30c6\u30ca\u30f3\u30b9\u8981\u4ef6:<\/strong>\n<ul data-sourcepos=\"63:5-64:39\">\n<li data-sourcepos=\"63:5-63:25\">\u30e1\u30f3\u30c6\u30ca\u30f3\u30b9\u304c\u4fbf\u5229\u3002<\/li>\n<li data-sourcepos=\"64:5-64:39\">\u90e8\u54c1\u306e\u4ea4\u63db\u306f\u7c21\u5358\u3067\u3059\u304b\uff1f<\/li>\n<\/ul>\n<\/li>\n<li data-sourcepos=\"65:1-67:0\"><strong>\u5b89\u5168\u8981\u4ef6:<\/strong>\n<ul data-sourcepos=\"66:5-67:0\">\n<li data-sourcepos=\"66:5-67:0\">\u5b89\u5168\u88c5\u5099\u306f\u5fc5\u8981\u3067\u3059\u304b\uff1f<\/li>\n<\/ul>\n<\/li>\n<\/ul>","protected":false},"excerpt":{"rendered":"<p>SWOER \u306e\u4e2d\u7a7a\u5186\u5f62\u90e8\u54c1\u7528\u632f\u52d5\u4f9b\u7d66\u30b7\u30b9\u30c6\u30e0\u306f\u3001\u9ad8\u7cbe\u5ea6\u306e\u81ea\u52d5\u4f9b\u7d66\u7528\u306b\u8a2d\u8a08\u3055\u308c\u3066\u304a\u308a\u3001\u751f\u7523\u30d7\u30ed\u30bb\u30b9\u306e\u6700\u9069\u5316\u306b\u5f79\u7acb\u3061\u307e\u3059\u3002\u5b89\u5b9a\u3057\u305f\u901f\u5ea6\u5236\u5fa1\u3068\u90e8\u54c1\u306e\u914d\u5411\u306b\u3088\u308a\u3001\u96fb\u5b50\u6a5f\u5668\u3001\u81ea\u52d5\u8eca\u3001\u533b\u7642\u306a\u3069\u591a\u304f\u306e\u5206\u91ce\u306b\u9069\u3057\u3066\u3044\u307e\u3059\u3002<\/p>","protected":false},"featured_media":2266,"comment_status":"open","ping_status":"closed","template":"","meta":[],"product_brand":[],"product_cat":[106],"product_tag":[104,122,123],"class_list":{"0":"post-2264","1":"product","2":"type-product","3":"status-publish","4":"has-post-thumbnail","6":"product_cat-mam-rung-cap-phoi","7":"product_tag-he-thong-cap-phoi-tu-dong","8":"product_tag-he-thong-nap-bat-rung","9":"product_tag-pheu-rung-cap-linh-kien-tu-dong-cho-day-chuyen-lap-rap","11":"first","12":"instock","13":"shipping-taxable","14":"product-type-simple"},"yoast_head":"<!-- This site is optimized with the Yoast SEO plugin v26.0 - https:\/\/yoast.com\/wordpress\/plugins\/seo\/ -->\n<title>H\u1ec7 th\u1ed1ng n\u1ea1p li\u1ec7u rung cho linh ki\u1ec7n tr\u00f2n r\u1ed7ng - Nh\u00e0 s\u1ea3n xu\u1ea5t m\u00e1y c\u1ea5p li\u1ec7u c\u00f4ng nghi\u1ec7p<\/title>\n<meta name=\"description\" content=\"H\u1ec7 th\u1ed1ng n\u1ea1p li\u1ec7u rung cho linh ki\u1ec7n tr\u00f2n r\u1ed7ng c\u1ee7a SWOER gi\u00fap c\u1ea5p li\u1ec7u t\u1ef1 \u0111\u1ed9ng, ch\u00ednh x\u00e1c v\u00e0 \u1ed5n \u0111\u1ecbnh, t\u1ed1i \u01b0u h\u00f3a quy tr\u00ecnh s\u1ea3n xu\u1ea5t v\u00e0 n\u00e2ng cao n\u0103ng su\u1ea5t.\" \/>\n<meta name=\"robots\" content=\"index, follow, max-snippet:-1, max-image-preview:large, max-video-preview:-1\" \/>\n<link rel=\"canonical\" href=\"https:\/\/swoer.vn\/ja\/manufacturer\/he-thong-nap-lieu-rung-cho-linh-kien-tron-rong\/\" \/>\n<meta property=\"og:locale\" content=\"ja_JP\" \/>\n<meta property=\"og:type\" content=\"article\" \/>\n<meta property=\"og:title\" content=\"H\u1ec7 th\u1ed1ng n\u1ea1p li\u1ec7u rung cho linh ki\u1ec7n tr\u00f2n r\u1ed7ng - Nh\u00e0 s\u1ea3n xu\u1ea5t m\u00e1y c\u1ea5p li\u1ec7u c\u00f4ng nghi\u1ec7p\" \/>\n<meta property=\"og:description\" content=\"H\u1ec7 th\u1ed1ng n\u1ea1p li\u1ec7u rung cho linh ki\u1ec7n tr\u00f2n r\u1ed7ng c\u1ee7a SWOER gi\u00fap c\u1ea5p li\u1ec7u t\u1ef1 \u0111\u1ed9ng, ch\u00ednh x\u00e1c v\u00e0 \u1ed5n \u0111\u1ecbnh, t\u1ed1i \u01b0u h\u00f3a quy tr\u00ecnh s\u1ea3n xu\u1ea5t v\u00e0 n\u00e2ng cao n\u0103ng su\u1ea5t.\" \/>\n<meta property=\"og:url\" content=\"https:\/\/swoer.vn\/ja\/manufacturer\/he-thong-nap-lieu-rung-cho-linh-kien-tron-rong\/\" \/>\n<meta property=\"og:site_name\" content=\"Nh\u00e0 s\u1ea3n xu\u1ea5t m\u00e1y c\u1ea5p li\u1ec7u c\u00f4ng nghi\u1ec7p\" \/>\n<meta property=\"og:image\" content=\"https:\/\/swoer.vn\/wp-content\/uploads\/2025\/03\/He-thong-nap-lieu-cho-linh-kien-tron-rong-scaled.webp\" \/>\n\t<meta property=\"og:image:width\" content=\"2560\" \/>\n\t<meta property=\"og:image:height\" content=\"1280\" \/>\n\t<meta property=\"og:image:type\" content=\"image\/webp\" \/>\n<meta name=\"twitter:card\" content=\"summary_large_image\" \/>\n<meta name=\"twitter:label1\" content=\"\u63a8\u5b9a\u8aad\u307f\u53d6\u308a\u6642\u9593\" \/>\n\t<meta name=\"twitter:data1\" content=\"3\u5206\" \/>\n<script type=\"application\/ld+json\" class=\"yoast-schema-graph\">{\"@context\":\"https:\/\/schema.org\",\"@graph\":[{\"@type\":\"WebPage\",\"@id\":\"https:\/\/swoer.vn\/manufacturer\/he-thong-nap-lieu-rung-cho-linh-kien-tron-rong\/\",\"url\":\"https:\/\/swoer.vn\/manufacturer\/he-thong-nap-lieu-rung-cho-linh-kien-tron-rong\/\",\"name\":\"H\u1ec7 th\u1ed1ng n\u1ea1p li\u1ec7u rung cho linh ki\u1ec7n tr\u00f2n r\u1ed7ng - Nh\u00e0 s\u1ea3n xu\u1ea5t m\u00e1y c\u1ea5p li\u1ec7u c\u00f4ng nghi\u1ec7p\",\"isPartOf\":{\"@id\":\"https:\/\/swoer.vn\/#website\"},\"primaryImageOfPage\":{\"@id\":\"https:\/\/swoer.vn\/manufacturer\/he-thong-nap-lieu-rung-cho-linh-kien-tron-rong\/#primaryimage\"},\"image\":{\"@id\":\"https:\/\/swoer.vn\/manufacturer\/he-thong-nap-lieu-rung-cho-linh-kien-tron-rong\/#primaryimage\"},\"thumbnailUrl\":\"https:\/\/swoer.vn\/wp-content\/uploads\/2025\/03\/He-thong-nap-lieu-cho-linh-kien-tron-rong-scaled.webp\",\"datePublished\":\"2025-03-05T03:08:57+00:00\",\"description\":\"H\u1ec7 th\u1ed1ng n\u1ea1p li\u1ec7u rung cho linh ki\u1ec7n tr\u00f2n r\u1ed7ng c\u1ee7a SWOER gi\u00fap c\u1ea5p li\u1ec7u t\u1ef1 \u0111\u1ed9ng, ch\u00ednh x\u00e1c v\u00e0 \u1ed5n \u0111\u1ecbnh, t\u1ed1i \u01b0u h\u00f3a quy tr\u00ecnh s\u1ea3n xu\u1ea5t v\u00e0 n\u00e2ng cao n\u0103ng su\u1ea5t.\",\"breadcrumb\":{\"@id\":\"https:\/\/swoer.vn\/manufacturer\/he-thong-nap-lieu-rung-cho-linh-kien-tron-rong\/#breadcrumb\"},\"inLanguage\":\"ja\",\"potentialAction\":[{\"@type\":\"ReadAction\",\"target\":[\"https:\/\/swoer.vn\/manufacturer\/he-thong-nap-lieu-rung-cho-linh-kien-tron-rong\/\"]}]},{\"@type\":\"ImageObject\",\"inLanguage\":\"ja\",\"@id\":\"https:\/\/swoer.vn\/manufacturer\/he-thong-nap-lieu-rung-cho-linh-kien-tron-rong\/#primaryimage\",\"url\":\"https:\/\/swoer.vn\/wp-content\/uploads\/2025\/03\/He-thong-nap-lieu-cho-linh-kien-tron-rong-scaled.webp\",\"contentUrl\":\"https:\/\/swoer.vn\/wp-content\/uploads\/2025\/03\/He-thong-nap-lieu-cho-linh-kien-tron-rong-scaled.webp\",\"width\":2560,\"height\":1280},{\"@type\":\"BreadcrumbList\",\"@id\":\"https:\/\/swoer.vn\/manufacturer\/he-thong-nap-lieu-rung-cho-linh-kien-tron-rong\/#breadcrumb\",\"itemListElement\":[{\"@type\":\"ListItem\",\"position\":1,\"name\":\"Home\",\"item\":\"https:\/\/swoer.vn\/\"},{\"@type\":\"ListItem\",\"position\":2,\"name\":\"S\u1ea3n ph\u1ea9m\",\"item\":\"https:\/\/swoer.vn\/shop\/\"},{\"@type\":\"ListItem\",\"position\":3,\"name\":\"H\u1ec7 th\u1ed1ng n\u1ea1p li\u1ec7u rung cho linh ki\u1ec7n tr\u00f2n r\u1ed7ng\"}]},{\"@type\":\"WebSite\",\"@id\":\"https:\/\/swoer.vn\/#website\",\"url\":\"https:\/\/swoer.vn\/\",\"name\":\"Nh\u00e0 s\u1ea3n xu\u1ea5t m\u00e1y c\u1ea5p li\u1ec7u c\u00f4ng nghi\u1ec7p\",\"description\":\"Nh\u00e0 cung c\u1ea5p robot, m\u00e1y c\u1ea5p li\u1ec7u linh ho\u1ea1t, m\u00e1y c\u1ea5p li\u1ec7u ly t\u00e2m, m\u00e1y c\u1ea5p li\u1ec7u rung t\u1ef1 \u0111\u1ed9ng\",\"potentialAction\":[{\"@type\":\"SearchAction\",\"target\":{\"@type\":\"EntryPoint\",\"urlTemplate\":\"https:\/\/swoer.vn\/?s={search_term_string}\"},\"query-input\":{\"@type\":\"PropertyValueSpecification\",\"valueRequired\":true,\"valueName\":\"search_term_string\"}}],\"inLanguage\":\"ja\"}]}<\/script>\n<!-- \/ Yoast SEO plugin. -->","yoast_head_json":{"title":"\u4e2d\u7a7a\u4e38\u90e8\u54c1\u7528\u632f\u52d5\u4f9b\u7d66\u30b7\u30b9\u30c6\u30e0 - \u5de5\u696d\u7528\u30d5\u30a3\u30fc\u30c0\u30fc\u30e1\u30fc\u30ab\u30fc","description":"SWOER \u306e\u4e2d\u7a7a\u5186\u5f62\u90e8\u54c1\u7528\u632f\u52d5\u4f9b\u7d66\u30b7\u30b9\u30c6\u30e0\u306f\u3001\u81ea\u52d5\u3067\u6b63\u78ba\u304b\u3064\u5b89\u5b9a\u3057\u305f\u4f9b\u7d66\u3092\u53ef\u80fd\u306b\u3057\u3001\u751f\u7523\u30d7\u30ed\u30bb\u30b9\u3092\u6700\u9069\u5316\u3057\u3001\u751f\u7523\u6027\u3092\u5411\u4e0a\u3055\u305b\u307e\u3059\u3002","robots":{"index":"index","follow":"follow","max-snippet":"max-snippet:-1","max-image-preview":"max-image-preview:large","max-video-preview":"max-video-preview:-1"},"canonical":"https:\/\/swoer.vn\/ja\/manufacturer\/he-thong-nap-lieu-rung-cho-linh-kien-tron-rong\/","og_locale":"ja_JP","og_type":"article","og_title":"H\u1ec7 th\u1ed1ng n\u1ea1p li\u1ec7u rung cho linh ki\u1ec7n tr\u00f2n r\u1ed7ng - Nh\u00e0 s\u1ea3n xu\u1ea5t m\u00e1y c\u1ea5p li\u1ec7u c\u00f4ng nghi\u1ec7p","og_description":"H\u1ec7 th\u1ed1ng n\u1ea1p li\u1ec7u rung cho linh ki\u1ec7n tr\u00f2n r\u1ed7ng c\u1ee7a SWOER gi\u00fap c\u1ea5p li\u1ec7u t\u1ef1 \u0111\u1ed9ng, ch\u00ednh x\u00e1c v\u00e0 \u1ed5n \u0111\u1ecbnh, t\u1ed1i \u01b0u h\u00f3a quy tr\u00ecnh s\u1ea3n xu\u1ea5t v\u00e0 n\u00e2ng cao n\u0103ng su\u1ea5t.","og_url":"https:\/\/swoer.vn\/ja\/manufacturer\/he-thong-nap-lieu-rung-cho-linh-kien-tron-rong\/","og_site_name":"Nh\u00e0 s\u1ea3n xu\u1ea5t m\u00e1y c\u1ea5p li\u1ec7u c\u00f4ng nghi\u1ec7p","og_image":[{"width":2560,"height":1280,"url":"https:\/\/swoer.vn\/wp-content\/uploads\/2025\/03\/He-thong-nap-lieu-cho-linh-kien-tron-rong-scaled.webp","type":"image\/webp"}],"twitter_card":"summary_large_image","twitter_misc":{"\u63a8\u5b9a\u8aad\u307f\u53d6\u308a\u6642\u9593":"3\u5206"},"schema":{"@context":"https:\/\/schema.org","@graph":[{"@type":"WebPage","@id":"https:\/\/swoer.vn\/manufacturer\/he-thong-nap-lieu-rung-cho-linh-kien-tron-rong\/","url":"https:\/\/swoer.vn\/manufacturer\/he-thong-nap-lieu-rung-cho-linh-kien-tron-rong\/","name":"\u4e2d\u7a7a\u4e38\u90e8\u54c1\u7528\u632f\u52d5\u4f9b\u7d66\u30b7\u30b9\u30c6\u30e0 - \u5de5\u696d\u7528\u30d5\u30a3\u30fc\u30c0\u30fc\u30e1\u30fc\u30ab\u30fc","isPartOf":{"@id":"https:\/\/swoer.vn\/#website"},"primaryImageOfPage":{"@id":"https:\/\/swoer.vn\/manufacturer\/he-thong-nap-lieu-rung-cho-linh-kien-tron-rong\/#primaryimage"},"image":{"@id":"https:\/\/swoer.vn\/manufacturer\/he-thong-nap-lieu-rung-cho-linh-kien-tron-rong\/#primaryimage"},"thumbnailUrl":"https:\/\/swoer.vn\/wp-content\/uploads\/2025\/03\/He-thong-nap-lieu-cho-linh-kien-tron-rong-scaled.webp","datePublished":"2025-03-05T03:08:57+00:00","description":"SWOER \u306e\u4e2d\u7a7a\u5186\u5f62\u90e8\u54c1\u7528\u632f\u52d5\u4f9b\u7d66\u30b7\u30b9\u30c6\u30e0\u306f\u3001\u81ea\u52d5\u3067\u6b63\u78ba\u304b\u3064\u5b89\u5b9a\u3057\u305f\u4f9b\u7d66\u3092\u53ef\u80fd\u306b\u3057\u3001\u751f\u7523\u30d7\u30ed\u30bb\u30b9\u3092\u6700\u9069\u5316\u3057\u3001\u751f\u7523\u6027\u3092\u5411\u4e0a\u3055\u305b\u307e\u3059\u3002","breadcrumb":{"@id":"https:\/\/swoer.vn\/manufacturer\/he-thong-nap-lieu-rung-cho-linh-kien-tron-rong\/#breadcrumb"},"inLanguage":"ja","potentialAction":[{"@type":"ReadAction","target":["https:\/\/swoer.vn\/manufacturer\/he-thong-nap-lieu-rung-cho-linh-kien-tron-rong\/"]}]},{"@type":"ImageObject","inLanguage":"ja","@id":"https:\/\/swoer.vn\/manufacturer\/he-thong-nap-lieu-rung-cho-linh-kien-tron-rong\/#primaryimage","url":"https:\/\/swoer.vn\/wp-content\/uploads\/2025\/03\/He-thong-nap-lieu-cho-linh-kien-tron-rong-scaled.webp","contentUrl":"https:\/\/swoer.vn\/wp-content\/uploads\/2025\/03\/He-thong-nap-lieu-cho-linh-kien-tron-rong-scaled.webp","width":2560,"height":1280},{"@type":"BreadcrumbList","@id":"https:\/\/swoer.vn\/manufacturer\/he-thong-nap-lieu-rung-cho-linh-kien-tron-rong\/#breadcrumb","itemListElement":[{"@type":"ListItem","position":1,"name":"Home","item":"https:\/\/swoer.vn\/"},{"@type":"ListItem","position":2,"name":"S\u1ea3n ph\u1ea9m","item":"https:\/\/swoer.vn\/shop\/"},{"@type":"ListItem","position":3,"name":"H\u1ec7 th\u1ed1ng n\u1ea1p li\u1ec7u rung cho linh ki\u1ec7n tr\u00f2n r\u1ed7ng"}]},{"@type":"WebSite","@id":"https:\/\/swoer.vn\/#website","url":"https:\/\/swoer.vn\/","name":"\u5de5\u696d\u7528\u30d5\u30a3\u30fc\u30c0\u30fc\u30e1\u30fc\u30ab\u30fc","description":"\u30ed\u30dc\u30c3\u30c8\u3001\u30d5\u30ec\u30ad\u30b7\u30d6\u30eb\u30d5\u30a3\u30fc\u30c0\u30fc\u3001\u9060\u5fc3\u30d5\u30a3\u30fc\u30c0\u30fc\u3001\u81ea\u52d5\u632f\u52d5\u30d5\u30a3\u30fc\u30c0\u30fc\u306e\u30b5\u30d7\u30e9\u30a4\u30e4\u30fc","potentialAction":[{"@type":"SearchAction","target":{"@type":"EntryPoint","urlTemplate":"https:\/\/swoer.vn\/?s={search_term_string}"},"query-input":{"@type":"PropertyValueSpecification","valueRequired":true,"valueName":"search_term_string"}}],"inLanguage":"ja"}]}},"_links":{"self":[{"href":"https:\/\/swoer.vn\/ja\/wp-json\/wp\/v2\/product\/2264","targetHints":{"allow":["GET"]}}],"collection":[{"href":"https:\/\/swoer.vn\/ja\/wp-json\/wp\/v2\/product"}],"about":[{"href":"https:\/\/swoer.vn\/ja\/wp-json\/wp\/v2\/types\/product"}],"replies":[{"embeddable":true,"href":"https:\/\/swoer.vn\/ja\/wp-json\/wp\/v2\/comments?post=2264"}],"wp:featuredmedia":[{"embeddable":true,"href":"https:\/\/swoer.vn\/ja\/wp-json\/wp\/v2\/media\/2266"}],"wp:attachment":[{"href":"https:\/\/swoer.vn\/ja\/wp-json\/wp\/v2\/media?parent=2264"}],"wp:term":[{"taxonomy":"product_brand","embeddable":true,"href":"https:\/\/swoer.vn\/ja\/wp-json\/wp\/v2\/product_brand?post=2264"},{"taxonomy":"product_cat","embeddable":true,"href":"https:\/\/swoer.vn\/ja\/wp-json\/wp\/v2\/product_cat?post=2264"},{"taxonomy":"product_tag","embeddable":true,"href":"https:\/\/swoer.vn\/ja\/wp-json\/wp\/v2\/product_tag?post=2264"}],"curies":[{"name":"wp","href":"https:\/\/api.w.org\/{rel}","templated":true}]}}