{"id":2072,"date":"2025-03-03T13:11:00","date_gmt":"2025-03-03T06:11:00","guid":{"rendered":"https:\/\/swoer.vn\/?post_type=product&#038;p=2072"},"modified":"2025-03-15T10:27:48","modified_gmt":"2025-03-15T03:27:48","slug":"de-rung-sw-c320","status":"publish","type":"product","link":"https:\/\/swoer.vn\/ja\/manufacturer\/de-rung-sw-c320\/","title":{"rendered":"\u0110\u1ebf rung SW-C320"},"content":{"rendered":"<h2>\u4ed5\u69d8<\/h2>\n<table style=\"border-collapse: collapse; width: 393.02pt;\" border=\"0\" width=\"524\" cellspacing=\"0\" cellpadding=\"0\">\n<tbody>\n<tr style=\"height: 14.25pt;\">\n<td class=\"et2\" style=\"height: 14.25pt; width: 145.50pt;\" width=\"194\" height=\"19\">\u30bf\u30a4\u30d7<\/td>\n<td class=\"et2\" style=\"width: 248.00pt;\" width=\"330\">SW-C320<\/td>\n<\/tr>\n<tr style=\"height: 14.25pt;\">\n<td class=\"et2\" style=\"height: 14.25pt;\" height=\"19\">\u96fb\u5727<\/td>\n<td class=\"et2\">220V<\/td>\n<\/tr>\n<tr style=\"height: 14.25pt;\">\n<td class=\"et2\" style=\"height: 14.25pt;\" height=\"19\">\u983b\u5ea6<\/td>\n<td class=\"et2\">50Hz<\/td>\n<\/tr>\n<tr style=\"height: 14.25pt;\">\n<td class=\"et2\" style=\"height: 14.25pt;\" height=\"19\">\u96fb\u6d41<\/td>\n<td class=\"et2\">5.4A<\/td>\n<\/tr>\n<tr style=\"height: 14.25pt;\">\n<td class=\"et2\" style=\"height: 14.25pt;\" height=\"19\">\u6700\u5927\u30b5\u30a4\u30ba<\/td>\n<td class=\"et2\">590mm<\/td>\n<\/tr>\n<tr style=\"height: 14.25pt;\">\n<td class=\"et2\" style=\"height: 14.25pt;\" height=\"19\">\u6700\u5927\u8377\u91cd<\/td>\n<td class=\"et2\">18\u30ad\u30ed<\/td>\n<\/tr>\n<tr style=\"height: 14.25pt;\">\n<td class=\"et2\" style=\"height: 14.25pt;\" height=\"19\">\u30b3\u30f3\u30c8\u30ed\u30fc\u30e9<\/td>\n<td class=\"et2\">6A\u5468\u6ce2\u6570\u30b3\u30f3\u30c8\u30ed\u30fc\u30e9<\/td>\n<\/tr>\n<tr style=\"height: 14.25pt;\">\n<td class=\"et2\" style=\"height: 14.25pt;\" height=\"19\">\u4f7f\u7528\u3055\u308c\u308b\u30b9\u30d7\u30ea\u30f3\u30b0<\/td>\n<td class=\"et2\">SW-50CRVA-136\u00d735<\/td>\n<\/tr>\n<tr style=\"height: 14.25pt;\">\n<td class=\"et2\" style=\"height: 14.25pt;\" height=\"19\">\u632f\u52d5\u56de\u6570<\/td>\n<td class=\"et2\">50-200Hz<\/td>\n<\/tr>\n<tr style=\"height: 14.25pt;\">\n<td class=\"et3\" style=\"height: 28.50pt;\" rowspan=\"2\" height=\"38\">\u57fa\u672c\u91cd\u91cf<\/td>\n<td class=\"et2\">70kg\uff1a\u57fa\u672c\u578b\u3001\u6a5f\u68b0\u672c\u4f53\u5185\u306b\u30b5\u30d6\u30b5\u30a4\u30ed\u4ed8\u304d<\/td>\n<\/tr>\n<tr style=\"height: 14.25pt;\">\n<td class=\"et2\">78kg: \u30ed\u30fc\u30d7\u30ed\u30d5\u30a1\u30a4\u30eb\u3001\u30dc\u30c7\u30a3\u30de\u30a6\u30f3\u30c8\u30ea\u30e0\u4ed8\u304d<\/td>\n<\/tr>\n<\/tbody>\n<\/table>\n\t<div id=\"gap-1290937876\" class=\"gap-element clearfix\" style=\"display:block; height:auto;\">\n\t\t\n<style>\n#gap-1290937876 {\n  padding-top: 30px;\n}\n<\/style>\n\t<\/div>\n\t\n<h2>\u30b5\u30a4\u30ba<\/h2>\n\t<div class=\"img has-hover x md-x lg-x y md-y lg-y\" id=\"image_2043557613\">\n\t\t\t\t\t\t\t\t<div class=\"img-inner dark\" >\n\t\t\t<img loading=\"lazy\" decoding=\"async\" width=\"833\" height=\"618\" src=\"https:\/\/swoer.vn\/wp-content\/uploads\/2025\/03\/Dong-co-rung-SW-C320.webp\" class=\"attachment-original size-original\" alt=\"SW-C320 \u632f\u52d5\u30e2\u30fc\u30bf\u30fc\" srcset=\"https:\/\/swoer.vn\/wp-content\/uploads\/2025\/03\/Dong-co-rung-SW-C320.webp 833w, https:\/\/swoer.vn\/wp-content\/uploads\/2025\/03\/Dong-co-rung-SW-C320-300x223.webp 300w, https:\/\/swoer.vn\/wp-content\/uploads\/2025\/03\/Dong-co-rung-SW-C320-768x570.webp 768w, https:\/\/swoer.vn\/wp-content\/uploads\/2025\/03\/Dong-co-rung-SW-C320-16x12.webp 16w, https:\/\/swoer.vn\/wp-content\/uploads\/2025\/03\/Dong-co-rung-SW-C320-600x445.webp 600w\" sizes=\"auto, (max-width: 833px) 100vw, 833px\" title=\"\">\t\t\t\t\t\t\n\t\t\t\t\t<\/div>\n\t\t\t\t\t\t\t\t\n<style>\n#image_2043557613 {\n  width: 100%;\n}\n<\/style>\n\t<\/div>","protected":false},"excerpt":{"rendered":"<p>SW-C320 \u632f\u52d5\u30db\u30c3\u30d1\u30fc\u30c9\u30e9\u30a4\u30d6\u306f\u632f\u52d5\u4f9b\u7d66\u30b7\u30b9\u30c6\u30e0\u306b\u4e0d\u53ef\u6b20\u306a\u90e8\u54c1\u3067\u3042\u308a\u3001\u30b9\u30e0\u30fc\u30ba\u3067\u5b89\u5b9a\u3057\u305f\u6b63\u78ba\u306a\u4f1d\u9054\u3092\u4fdd\u8a3c\u3057\u307e\u3059\u3002\u8010\u4e45\u6027\u306e\u3042\u308b\u8a2d\u8a08\u306b\u3088\u308a\u632f\u52d5\u304c\u4f4e\u6e1b\u3055\u308c\u3001\u4f9b\u7d66\u52b9\u7387\u304c\u6700\u9069\u5316\u3055\u308c\u3001\u81ea\u52d5\u5316\u3055\u308c\u305f\u751f\u7523\u30e9\u30a4\u30f3\u306b\u7c21\u5358\u306b\u7d71\u5408\u3067\u304d\u307e\u3059\u3002\u81ea\u52d5\u8eca\u3001\u96fb\u5b50\u6a5f\u5668\u3001\u533b\u7642\u3001\u305d\u306e\u4ed6\u591a\u304f\u306e\u7523\u696d\u5206\u91ce\u306b\u9069\u3057\u3066\u3044\u307e\u3059\u3002<\/p>","protected":false},"featured_media":2073,"comment_status":"open","ping_status":"closed","template":"","meta":[],"product_brand":[],"product_cat":[92],"product_tag":[97,93,96],"class_list":{"0":"post-2072","1":"product","2":"type-product","3":"status-publish","4":"has-post-thumbnail","6":"product_cat-de-nap-rung","7":"product_tag-bo-phan-tao-rung","8":"product_tag-bo-truyen-dong-bat-rung","9":"product_tag-bo-truyen-dong-pheu-rung","11":"first","12":"instock","13":"shipping-taxable","14":"product-type-simple"},"yoast_head":"<!-- This site is optimized with the Yoast SEO plugin v26.0 - https:\/\/yoast.com\/wordpress\/plugins\/seo\/ -->\n<title>\u0110\u1ebf rung SW-C320 - Nh\u00e0 s\u1ea3n xu\u1ea5t m\u00e1y c\u1ea5p li\u1ec7u c\u00f4ng nghi\u1ec7p<\/title>\n<meta name=\"description\" content=\"\u0110\u1ebf rung SW-C320 \u2013 Ph\u1ee5 ki\u1ec7n quan tr\u1ecdng c\u1ee7a m\u00e1y c\u1ea5p li\u1ec7u rung, gi\u00fap truy\u1ec1n \u0111\u1ed9ng \u1ed5n \u0111\u1ecbnh, ch\u00ednh x\u00e1c, ph\u00f9 h\u1ee3p cho ng\u00e0nh \u00f4 t\u00f4, \u0111i\u1ec7n t\u1eed, y t\u1ebf.\" \/>\n<meta name=\"robots\" content=\"index, follow, max-snippet:-1, max-image-preview:large, max-video-preview:-1\" \/>\n<link rel=\"canonical\" href=\"https:\/\/swoer.vn\/ja\/manufacturer\/de-rung-sw-c320\/\" \/>\n<meta property=\"og:locale\" content=\"ja_JP\" \/>\n<meta property=\"og:type\" content=\"article\" \/>\n<meta property=\"og:title\" content=\"\u0110\u1ebf rung SW-C320 - Nh\u00e0 s\u1ea3n xu\u1ea5t m\u00e1y c\u1ea5p li\u1ec7u c\u00f4ng nghi\u1ec7p\" \/>\n<meta property=\"og:description\" content=\"\u0110\u1ebf rung SW-C320 \u2013 Ph\u1ee5 ki\u1ec7n quan tr\u1ecdng c\u1ee7a m\u00e1y c\u1ea5p li\u1ec7u rung, gi\u00fap truy\u1ec1n \u0111\u1ed9ng \u1ed5n \u0111\u1ecbnh, ch\u00ednh x\u00e1c, ph\u00f9 h\u1ee3p cho ng\u00e0nh \u00f4 t\u00f4, \u0111i\u1ec7n t\u1eed, y t\u1ebf.\" \/>\n<meta property=\"og:url\" content=\"https:\/\/swoer.vn\/ja\/manufacturer\/de-rung-sw-c320\/\" \/>\n<meta property=\"og:site_name\" content=\"Nh\u00e0 s\u1ea3n xu\u1ea5t m\u00e1y c\u1ea5p li\u1ec7u c\u00f4ng nghi\u1ec7p\" \/>\n<meta property=\"article:modified_time\" content=\"2025-03-15T03:27:48+00:00\" \/>\n<meta property=\"og:image\" content=\"https:\/\/swoer.vn\/wp-content\/uploads\/2025\/03\/Co-cau-truyen-dong-pheu-rung-SW-C320-1.webp\" \/>\n\t<meta property=\"og:image:width\" content=\"1000\" \/>\n\t<meta property=\"og:image:height\" content=\"1000\" \/>\n\t<meta property=\"og:image:type\" content=\"image\/webp\" \/>\n<meta name=\"twitter:card\" content=\"summary_large_image\" \/>\n<meta name=\"twitter:label1\" content=\"\u63a8\u5b9a\u8aad\u307f\u53d6\u308a\u6642\u9593\" \/>\n\t<meta name=\"twitter:data1\" content=\"1\u5206\" \/>\n<script type=\"application\/ld+json\" class=\"yoast-schema-graph\">{\"@context\":\"https:\/\/schema.org\",\"@graph\":[{\"@type\":\"WebPage\",\"@id\":\"https:\/\/swoer.vn\/manufacturer\/de-rung-sw-c320\/\",\"url\":\"https:\/\/swoer.vn\/manufacturer\/de-rung-sw-c320\/\",\"name\":\"\u0110\u1ebf rung SW-C320 - Nh\u00e0 s\u1ea3n xu\u1ea5t m\u00e1y c\u1ea5p li\u1ec7u c\u00f4ng nghi\u1ec7p\",\"isPartOf\":{\"@id\":\"https:\/\/swoer.vn\/#website\"},\"primaryImageOfPage\":{\"@id\":\"https:\/\/swoer.vn\/manufacturer\/de-rung-sw-c320\/#primaryimage\"},\"image\":{\"@id\":\"https:\/\/swoer.vn\/manufacturer\/de-rung-sw-c320\/#primaryimage\"},\"thumbnailUrl\":\"https:\/\/swoer.vn\/wp-content\/uploads\/2025\/03\/Co-cau-truyen-dong-pheu-rung-SW-C320-1.webp\",\"datePublished\":\"2025-03-03T06:11:00+00:00\",\"dateModified\":\"2025-03-15T03:27:48+00:00\",\"description\":\"\u0110\u1ebf rung SW-C320 \u2013 Ph\u1ee5 ki\u1ec7n quan tr\u1ecdng c\u1ee7a m\u00e1y c\u1ea5p li\u1ec7u rung, gi\u00fap truy\u1ec1n \u0111\u1ed9ng \u1ed5n \u0111\u1ecbnh, ch\u00ednh x\u00e1c, ph\u00f9 h\u1ee3p cho ng\u00e0nh \u00f4 t\u00f4, \u0111i\u1ec7n t\u1eed, y t\u1ebf.\",\"breadcrumb\":{\"@id\":\"https:\/\/swoer.vn\/manufacturer\/de-rung-sw-c320\/#breadcrumb\"},\"inLanguage\":\"ja\",\"potentialAction\":[{\"@type\":\"ReadAction\",\"target\":[\"https:\/\/swoer.vn\/manufacturer\/de-rung-sw-c320\/\"]}]},{\"@type\":\"ImageObject\",\"inLanguage\":\"ja\",\"@id\":\"https:\/\/swoer.vn\/manufacturer\/de-rung-sw-c320\/#primaryimage\",\"url\":\"https:\/\/swoer.vn\/wp-content\/uploads\/2025\/03\/Co-cau-truyen-dong-pheu-rung-SW-C320-1.webp\",\"contentUrl\":\"https:\/\/swoer.vn\/wp-content\/uploads\/2025\/03\/Co-cau-truyen-dong-pheu-rung-SW-C320-1.webp\",\"width\":1000,\"height\":1000,\"caption\":\"C\u01a1 c\u1ea5u truy\u1ec1n \u0111\u1ed9ng ph\u1ec5u rung SW-C320\"},{\"@type\":\"BreadcrumbList\",\"@id\":\"https:\/\/swoer.vn\/manufacturer\/de-rung-sw-c320\/#breadcrumb\",\"itemListElement\":[{\"@type\":\"ListItem\",\"position\":1,\"name\":\"Home\",\"item\":\"https:\/\/swoer.vn\/\"},{\"@type\":\"ListItem\",\"position\":2,\"name\":\"S\u1ea3n ph\u1ea9m\",\"item\":\"https:\/\/swoer.vn\/shop\/\"},{\"@type\":\"ListItem\",\"position\":3,\"name\":\"\u0110\u1ebf rung SW-C320\"}]},{\"@type\":\"WebSite\",\"@id\":\"https:\/\/swoer.vn\/#website\",\"url\":\"https:\/\/swoer.vn\/\",\"name\":\"Nh\u00e0 s\u1ea3n xu\u1ea5t m\u00e1y c\u1ea5p li\u1ec7u c\u00f4ng nghi\u1ec7p\",\"description\":\"Nh\u00e0 cung c\u1ea5p robot, m\u00e1y c\u1ea5p li\u1ec7u linh ho\u1ea1t, m\u00e1y c\u1ea5p li\u1ec7u ly t\u00e2m, m\u00e1y c\u1ea5p li\u1ec7u rung t\u1ef1 \u0111\u1ed9ng\",\"potentialAction\":[{\"@type\":\"SearchAction\",\"target\":{\"@type\":\"EntryPoint\",\"urlTemplate\":\"https:\/\/swoer.vn\/?s={search_term_string}\"},\"query-input\":{\"@type\":\"PropertyValueSpecification\",\"valueRequired\":true,\"valueName\":\"search_term_string\"}}],\"inLanguage\":\"ja\"}]}<\/script>\n<!-- \/ Yoast SEO plugin. -->","yoast_head_json":{"title":"\u0110\u1ebf rung SW-C320 - Nh\u00e0 s\u1ea3n xu\u1ea5t m\u00e1y c\u1ea5p li\u1ec7u c\u00f4ng nghi\u1ec7p","description":"\u0110\u1ebf rung SW-C320 \u2013 Ph\u1ee5 ki\u1ec7n quan tr\u1ecdng c\u1ee7a m\u00e1y c\u1ea5p li\u1ec7u rung, gi\u00fap truy\u1ec1n \u0111\u1ed9ng \u1ed5n \u0111\u1ecbnh, ch\u00ednh x\u00e1c, ph\u00f9 h\u1ee3p cho ng\u00e0nh \u00f4 t\u00f4, \u0111i\u1ec7n t\u1eed, y t\u1ebf.","robots":{"index":"index","follow":"follow","max-snippet":"max-snippet:-1","max-image-preview":"max-image-preview:large","max-video-preview":"max-video-preview:-1"},"canonical":"https:\/\/swoer.vn\/ja\/manufacturer\/de-rung-sw-c320\/","og_locale":"ja_JP","og_type":"article","og_title":"\u0110\u1ebf rung SW-C320 - Nh\u00e0 s\u1ea3n xu\u1ea5t m\u00e1y c\u1ea5p li\u1ec7u c\u00f4ng nghi\u1ec7p","og_description":"\u0110\u1ebf rung SW-C320 \u2013 Ph\u1ee5 ki\u1ec7n quan tr\u1ecdng c\u1ee7a m\u00e1y c\u1ea5p li\u1ec7u rung, gi\u00fap truy\u1ec1n \u0111\u1ed9ng \u1ed5n \u0111\u1ecbnh, ch\u00ednh x\u00e1c, ph\u00f9 h\u1ee3p cho ng\u00e0nh \u00f4 t\u00f4, \u0111i\u1ec7n t\u1eed, y t\u1ebf.","og_url":"https:\/\/swoer.vn\/ja\/manufacturer\/de-rung-sw-c320\/","og_site_name":"Nh\u00e0 s\u1ea3n xu\u1ea5t m\u00e1y c\u1ea5p li\u1ec7u c\u00f4ng nghi\u1ec7p","article_modified_time":"2025-03-15T03:27:48+00:00","og_image":[{"width":1000,"height":1000,"url":"https:\/\/swoer.vn\/wp-content\/uploads\/2025\/03\/Co-cau-truyen-dong-pheu-rung-SW-C320-1.webp","type":"image\/webp"}],"twitter_card":"summary_large_image","twitter_misc":{"\u63a8\u5b9a\u8aad\u307f\u53d6\u308a\u6642\u9593":"1\u5206"},"schema":{"@context":"https:\/\/schema.org","@graph":[{"@type":"WebPage","@id":"https:\/\/swoer.vn\/manufacturer\/de-rung-sw-c320\/","url":"https:\/\/swoer.vn\/manufacturer\/de-rung-sw-c320\/","name":"\u0110\u1ebf rung SW-C320 - Nh\u00e0 s\u1ea3n xu\u1ea5t m\u00e1y c\u1ea5p li\u1ec7u c\u00f4ng nghi\u1ec7p","isPartOf":{"@id":"https:\/\/swoer.vn\/#website"},"primaryImageOfPage":{"@id":"https:\/\/swoer.vn\/manufacturer\/de-rung-sw-c320\/#primaryimage"},"image":{"@id":"https:\/\/swoer.vn\/manufacturer\/de-rung-sw-c320\/#primaryimage"},"thumbnailUrl":"https:\/\/swoer.vn\/wp-content\/uploads\/2025\/03\/Co-cau-truyen-dong-pheu-rung-SW-C320-1.webp","datePublished":"2025-03-03T06:11:00+00:00","dateModified":"2025-03-15T03:27:48+00:00","description":"\u0110\u1ebf rung SW-C320 \u2013 Ph\u1ee5 ki\u1ec7n quan tr\u1ecdng c\u1ee7a m\u00e1y c\u1ea5p li\u1ec7u rung, gi\u00fap truy\u1ec1n \u0111\u1ed9ng \u1ed5n \u0111\u1ecbnh, ch\u00ednh x\u00e1c, ph\u00f9 h\u1ee3p cho ng\u00e0nh \u00f4 t\u00f4, \u0111i\u1ec7n t\u1eed, y t\u1ebf.","breadcrumb":{"@id":"https:\/\/swoer.vn\/manufacturer\/de-rung-sw-c320\/#breadcrumb"},"inLanguage":"ja","potentialAction":[{"@type":"ReadAction","target":["https:\/\/swoer.vn\/manufacturer\/de-rung-sw-c320\/"]}]},{"@type":"ImageObject","inLanguage":"ja","@id":"https:\/\/swoer.vn\/manufacturer\/de-rung-sw-c320\/#primaryimage","url":"https:\/\/swoer.vn\/wp-content\/uploads\/2025\/03\/Co-cau-truyen-dong-pheu-rung-SW-C320-1.webp","contentUrl":"https:\/\/swoer.vn\/wp-content\/uploads\/2025\/03\/Co-cau-truyen-dong-pheu-rung-SW-C320-1.webp","width":1000,"height":1000,"caption":"C\u01a1 c\u1ea5u truy\u1ec1n \u0111\u1ed9ng ph\u1ec5u rung SW-C320"},{"@type":"BreadcrumbList","@id":"https:\/\/swoer.vn\/manufacturer\/de-rung-sw-c320\/#breadcrumb","itemListElement":[{"@type":"ListItem","position":1,"name":"Home","item":"https:\/\/swoer.vn\/"},{"@type":"ListItem","position":2,"name":"S\u1ea3n ph\u1ea9m","item":"https:\/\/swoer.vn\/shop\/"},{"@type":"ListItem","position":3,"name":"\u0110\u1ebf rung SW-C320"}]},{"@type":"WebSite","@id":"https:\/\/swoer.vn\/#website","url":"https:\/\/swoer.vn\/","name":"\u5de5\u696d\u7528\u30d5\u30a3\u30fc\u30c0\u30fc\u30e1\u30fc\u30ab\u30fc","description":"\u30ed\u30dc\u30c3\u30c8\u3001\u30d5\u30ec\u30ad\u30b7\u30d6\u30eb\u30d5\u30a3\u30fc\u30c0\u30fc\u3001\u9060\u5fc3\u30d5\u30a3\u30fc\u30c0\u30fc\u3001\u81ea\u52d5\u632f\u52d5\u30d5\u30a3\u30fc\u30c0\u30fc\u306e\u30b5\u30d7\u30e9\u30a4\u30e4\u30fc","potentialAction":[{"@type":"SearchAction","target":{"@type":"EntryPoint","urlTemplate":"https:\/\/swoer.vn\/?s={search_term_string}"},"query-input":{"@type":"PropertyValueSpecification","valueRequired":true,"valueName":"search_term_string"}}],"inLanguage":"ja"}]}},"_links":{"self":[{"href":"https:\/\/swoer.vn\/ja\/wp-json\/wp\/v2\/product\/2072","targetHints":{"allow":["GET"]}}],"collection":[{"href":"https:\/\/swoer.vn\/ja\/wp-json\/wp\/v2\/product"}],"about":[{"href":"https:\/\/swoer.vn\/ja\/wp-json\/wp\/v2\/types\/product"}],"replies":[{"embeddable":true,"href":"https:\/\/swoer.vn\/ja\/wp-json\/wp\/v2\/comments?post=2072"}],"wp:featuredmedia":[{"embeddable":true,"href":"https:\/\/swoer.vn\/ja\/wp-json\/wp\/v2\/media\/2073"}],"wp:attachment":[{"href":"https:\/\/swoer.vn\/ja\/wp-json\/wp\/v2\/media?parent=2072"}],"wp:term":[{"taxonomy":"product_brand","embeddable":true,"href":"https:\/\/swoer.vn\/ja\/wp-json\/wp\/v2\/product_brand?post=2072"},{"taxonomy":"product_cat","embeddable":true,"href":"https:\/\/swoer.vn\/ja\/wp-json\/wp\/v2\/product_cat?post=2072"},{"taxonomy":"product_tag","embeddable":true,"href":"https:\/\/swoer.vn\/ja\/wp-json\/wp\/v2\/product_tag?post=2072"}],"curies":[{"name":"wp","href":"https:\/\/api.w.org\/{rel}","templated":true}]}}