{"id":2017,"date":"2025-03-03T09:02:02","date_gmt":"2025-03-03T02:02:02","guid":{"rendered":"https:\/\/swoer.vn\/?post_type=product&#038;p=2017"},"modified":"2025-03-10T11:05:26","modified_gmt":"2025-03-10T04:05:26","slug":"bang-tai-rung-tuyen-tinh-sw-160pz","status":"publish","type":"product","link":"https:\/\/swoer.vn\/ja\/manufacturer\/bang-tai-rung-tuyen-tinh-sw-160pz\/","title":{"rendered":"\u30ea\u30cb\u30a2\u30d0\u30a4\u30d6\u30ec\u30fc\u30bf\u30fc SW-160PZ"},"content":{"rendered":"<h2>\u30b5\u30a4\u30ba<\/h2>\n\t<div class=\"img has-hover x md-x lg-x y md-y lg-y\" id=\"image_589788654\">\n\t\t\t\t\t\t\t\t<div class=\"img-inner dark\" >\n\t\t\t<img loading=\"lazy\" decoding=\"async\" width=\"836\" height=\"537\" src=\"https:\/\/swoer.vn\/wp-content\/uploads\/2025\/03\/He-thong-cap-lieu-tuyen-tinh-SW-160PZ.webp\" class=\"attachment-original size-original\" alt=\"\u30ea\u30cb\u30a2\u30d5\u30a3\u30fc\u30c7\u30a3\u30f3\u30b0\u30b7\u30b9\u30c6\u30e0 SW-160PZ\" srcset=\"https:\/\/swoer.vn\/wp-content\/uploads\/2025\/03\/He-thong-cap-lieu-tuyen-tinh-SW-160PZ.webp 836w, https:\/\/swoer.vn\/wp-content\/uploads\/2025\/03\/He-thong-cap-lieu-tuyen-tinh-SW-160PZ-300x193.webp 300w, https:\/\/swoer.vn\/wp-content\/uploads\/2025\/03\/He-thong-cap-lieu-tuyen-tinh-SW-160PZ-768x493.webp 768w, https:\/\/swoer.vn\/wp-content\/uploads\/2025\/03\/He-thong-cap-lieu-tuyen-tinh-SW-160PZ-18x12.webp 18w, https:\/\/swoer.vn\/wp-content\/uploads\/2025\/03\/He-thong-cap-lieu-tuyen-tinh-SW-160PZ-600x385.webp 600w\" sizes=\"auto, (max-width: 836px) 100vw, 836px\" title=\"\">\t\t\t\t\t\t\n\t\t\t\t\t<\/div>\n\t\t\t\t\t\t\t\t\n<style>\n#image_589788654 {\n  width: 100%;\n}\n<\/style>\n\t<\/div>","protected":false},"excerpt":{"rendered":"<p>SW-160PZ \u30ea\u30cb\u30a2\u30d0\u30a4\u30d6\u30ec\u30fc\u30bf\u30fc\u306f\u632f\u52d5\u4f9b\u7d66\u30b7\u30b9\u30c6\u30e0\u306b\u4e0d\u53ef\u6b20\u306a\u90e8\u5206\u3067\u3042\u308a\u3001\u30ef\u30fc\u30af\u30d4\u30fc\u30b9\u3092\u30b9\u30e0\u30fc\u30ba\u306b\u52d5\u304b\u3057\u3001\u632f\u52d5\u3092\u4f4e\u6e1b\u3059\u308b\u306e\u306b\u5f79\u7acb\u3061\u307e\u3059\u3002\u81ea\u52d5\u8eca\u3001\u96fb\u5b50\u6a5f\u5668\u3001\u533b\u7642\u696d\u754c\u306b\u9069\u3057\u3066\u3044\u307e\u3059\u3002<\/p>","protected":false},"featured_media":2018,"comment_status":"open","ping_status":"closed","template":"","meta":[],"product_brand":[],"product_cat":[87],"product_tag":[88,91,90],"class_list":{"0":"post-2017","1":"product","2":"type-product","3":"status-publish","4":"has-post-thumbnail","6":"product_cat-bo-nap-tuyen-tinh","7":"product_tag-he-thong-cap-lieu-tuyen-tinh","8":"product_tag-may-cap-lieu-tuyen-tinh","9":"product_tag-may-cap-phoi-tuyen-tinh","11":"first","12":"instock","13":"shipping-taxable","14":"product-type-simple"},"yoast_head":"<!-- This site is optimized with the Yoast SEO plugin v26.0 - https:\/\/yoast.com\/wordpress\/plugins\/seo\/ -->\n<title>B\u1ed9 rung th\u1eb3ng tuy\u1ebfn t\u00ednh SW-160PZ - Nh\u00e0 s\u1ea3n xu\u1ea5t m\u00e1y c\u1ea5p li\u1ec7u c\u00f4ng nghi\u1ec7p<\/title>\n<meta name=\"description\" content=\"B\u1ed9 rung th\u1eb3ng tuy\u1ebfn t\u00ednh SW-160PZ \u2013 B\u1ed9 ph\u1eadn quan tr\u1ecdng c\u1ee7a m\u00e1y c\u1ea5p li\u1ec7u rung, \u0111\u1ea3m b\u1ea3o v\u1eadn chuy\u1ec3n ph\u00f4i \u1ed5n \u0111\u1ecbnh, ch\u00ednh x\u00e1c, ph\u00f9 h\u1ee3p cho s\u1ea3n xu\u1ea5t t\u1ef1 \u0111\u1ed9ng.\" \/>\n<meta name=\"robots\" content=\"index, follow, max-snippet:-1, max-image-preview:large, max-video-preview:-1\" \/>\n<link rel=\"canonical\" href=\"https:\/\/swoer.vn\/ja\/manufacturer\/bang-tai-rung-tuyen-tinh-sw-160pz\/\" \/>\n<meta property=\"og:locale\" content=\"ja_JP\" \/>\n<meta property=\"og:type\" content=\"article\" \/>\n<meta property=\"og:title\" content=\"B\u1ed9 rung th\u1eb3ng tuy\u1ebfn t\u00ednh SW-160PZ - Nh\u00e0 s\u1ea3n xu\u1ea5t m\u00e1y c\u1ea5p li\u1ec7u c\u00f4ng nghi\u1ec7p\" \/>\n<meta property=\"og:description\" content=\"B\u1ed9 rung th\u1eb3ng tuy\u1ebfn t\u00ednh SW-160PZ \u2013 B\u1ed9 ph\u1eadn quan tr\u1ecdng c\u1ee7a m\u00e1y c\u1ea5p li\u1ec7u rung, \u0111\u1ea3m b\u1ea3o v\u1eadn chuy\u1ec3n ph\u00f4i \u1ed5n \u0111\u1ecbnh, ch\u00ednh x\u00e1c, ph\u00f9 h\u1ee3p cho s\u1ea3n xu\u1ea5t t\u1ef1 \u0111\u1ed9ng.\" \/>\n<meta property=\"og:url\" content=\"https:\/\/swoer.vn\/ja\/manufacturer\/bang-tai-rung-tuyen-tinh-sw-160pz\/\" \/>\n<meta property=\"og:site_name\" content=\"Nh\u00e0 s\u1ea3n xu\u1ea5t m\u00e1y c\u1ea5p li\u1ec7u c\u00f4ng nghi\u1ec7p\" \/>\n<meta property=\"article:modified_time\" content=\"2025-03-10T04:05:26+00:00\" \/>\n<meta property=\"og:image\" content=\"https:\/\/swoer.vn\/wp-content\/uploads\/2025\/03\/Bang-tai-rung-tuyen-tinh-SW-160PZ.webp\" \/>\n\t<meta property=\"og:image:width\" content=\"800\" \/>\n\t<meta property=\"og:image:height\" content=\"800\" \/>\n\t<meta property=\"og:image:type\" content=\"image\/webp\" \/>\n<meta name=\"twitter:card\" content=\"summary_large_image\" \/>\n<meta name=\"twitter:label1\" content=\"\u63a8\u5b9a\u8aad\u307f\u53d6\u308a\u6642\u9593\" \/>\n\t<meta name=\"twitter:data1\" content=\"1\u5206\" \/>\n<script type=\"application\/ld+json\" class=\"yoast-schema-graph\">{\"@context\":\"https:\/\/schema.org\",\"@graph\":[{\"@type\":\"WebPage\",\"@id\":\"https:\/\/swoer.vn\/manufacturer\/bang-tai-rung-tuyen-tinh-sw-160pz\/\",\"url\":\"https:\/\/swoer.vn\/manufacturer\/bang-tai-rung-tuyen-tinh-sw-160pz\/\",\"name\":\"B\u1ed9 rung th\u1eb3ng tuy\u1ebfn t\u00ednh SW-160PZ - Nh\u00e0 s\u1ea3n xu\u1ea5t m\u00e1y c\u1ea5p li\u1ec7u c\u00f4ng nghi\u1ec7p\",\"isPartOf\":{\"@id\":\"https:\/\/swoer.vn\/#website\"},\"primaryImageOfPage\":{\"@id\":\"https:\/\/swoer.vn\/manufacturer\/bang-tai-rung-tuyen-tinh-sw-160pz\/#primaryimage\"},\"image\":{\"@id\":\"https:\/\/swoer.vn\/manufacturer\/bang-tai-rung-tuyen-tinh-sw-160pz\/#primaryimage\"},\"thumbnailUrl\":\"https:\/\/swoer.vn\/wp-content\/uploads\/2025\/03\/Bang-tai-rung-tuyen-tinh-SW-160PZ.webp\",\"datePublished\":\"2025-03-03T02:02:02+00:00\",\"dateModified\":\"2025-03-10T04:05:26+00:00\",\"description\":\"B\u1ed9 rung th\u1eb3ng tuy\u1ebfn t\u00ednh SW-160PZ \u2013 B\u1ed9 ph\u1eadn quan tr\u1ecdng c\u1ee7a m\u00e1y c\u1ea5p li\u1ec7u rung, \u0111\u1ea3m b\u1ea3o v\u1eadn chuy\u1ec3n ph\u00f4i \u1ed5n \u0111\u1ecbnh, ch\u00ednh x\u00e1c, ph\u00f9 h\u1ee3p cho s\u1ea3n xu\u1ea5t t\u1ef1 \u0111\u1ed9ng.\",\"breadcrumb\":{\"@id\":\"https:\/\/swoer.vn\/manufacturer\/bang-tai-rung-tuyen-tinh-sw-160pz\/#breadcrumb\"},\"inLanguage\":\"ja\",\"potentialAction\":[{\"@type\":\"ReadAction\",\"target\":[\"https:\/\/swoer.vn\/manufacturer\/bang-tai-rung-tuyen-tinh-sw-160pz\/\"]}]},{\"@type\":\"ImageObject\",\"inLanguage\":\"ja\",\"@id\":\"https:\/\/swoer.vn\/manufacturer\/bang-tai-rung-tuyen-tinh-sw-160pz\/#primaryimage\",\"url\":\"https:\/\/swoer.vn\/wp-content\/uploads\/2025\/03\/Bang-tai-rung-tuyen-tinh-SW-160PZ.webp\",\"contentUrl\":\"https:\/\/swoer.vn\/wp-content\/uploads\/2025\/03\/Bang-tai-rung-tuyen-tinh-SW-160PZ.webp\",\"width\":800,\"height\":800,\"caption\":\"B\u0103ng t\u1ea3i rung tuy\u1ebfn t\u00ednh SW-160PZ\"},{\"@type\":\"BreadcrumbList\",\"@id\":\"https:\/\/swoer.vn\/manufacturer\/bang-tai-rung-tuyen-tinh-sw-160pz\/#breadcrumb\",\"itemListElement\":[{\"@type\":\"ListItem\",\"position\":1,\"name\":\"Home\",\"item\":\"https:\/\/swoer.vn\/\"},{\"@type\":\"ListItem\",\"position\":2,\"name\":\"S\u1ea3n ph\u1ea9m\",\"item\":\"https:\/\/swoer.vn\/shop\/\"},{\"@type\":\"ListItem\",\"position\":3,\"name\":\"B\u1ed9 rung th\u1eb3ng tuy\u1ebfn t\u00ednh SW-160PZ\"}]},{\"@type\":\"WebSite\",\"@id\":\"https:\/\/swoer.vn\/#website\",\"url\":\"https:\/\/swoer.vn\/\",\"name\":\"Nh\u00e0 s\u1ea3n xu\u1ea5t m\u00e1y c\u1ea5p li\u1ec7u c\u00f4ng nghi\u1ec7p\",\"description\":\"Nh\u00e0 cung c\u1ea5p robot, m\u00e1y c\u1ea5p li\u1ec7u linh ho\u1ea1t, m\u00e1y c\u1ea5p li\u1ec7u ly t\u00e2m, m\u00e1y c\u1ea5p li\u1ec7u rung t\u1ef1 \u0111\u1ed9ng\",\"potentialAction\":[{\"@type\":\"SearchAction\",\"target\":{\"@type\":\"EntryPoint\",\"urlTemplate\":\"https:\/\/swoer.vn\/?s={search_term_string}\"},\"query-input\":{\"@type\":\"PropertyValueSpecification\",\"valueRequired\":true,\"valueName\":\"search_term_string\"}}],\"inLanguage\":\"ja\"}]}<\/script>\n<!-- \/ Yoast SEO plugin. -->","yoast_head_json":{"title":"\u30ea\u30cb\u30a2\u30d0\u30a4\u30d6\u30ec\u30fc\u30bf\u30fc SW-160PZ - \u5de5\u696d\u7528\u30d5\u30a3\u30fc\u30c0\u30fc\u30e1\u30fc\u30ab\u30fc","description":"SW-160PZ \u30ea\u30cb\u30a2\u30d0\u30a4\u30d6\u30ec\u30fc\u30bf\u30fc \u2013 \u632f\u52d5\u30d5\u30a3\u30fc\u30c0\u30fc\u306e\u4e3b\u8981\u90e8\u5206\u3067\u3042\u308a\u3001\u5b89\u5b9a\u3057\u305f\u6b63\u78ba\u306a\u30ef\u30fc\u30af\u30d4\u30fc\u30b9\u306e\u8f38\u9001\u3092\u4fdd\u8a3c\u3057\u3001\u81ea\u52d5\u751f\u7523\u306b\u9069\u3057\u3066\u3044\u307e\u3059\u3002","robots":{"index":"index","follow":"follow","max-snippet":"max-snippet:-1","max-image-preview":"max-image-preview:large","max-video-preview":"max-video-preview:-1"},"canonical":"https:\/\/swoer.vn\/ja\/manufacturer\/bang-tai-rung-tuyen-tinh-sw-160pz\/","og_locale":"ja_JP","og_type":"article","og_title":"B\u1ed9 rung th\u1eb3ng tuy\u1ebfn t\u00ednh SW-160PZ - Nh\u00e0 s\u1ea3n xu\u1ea5t m\u00e1y c\u1ea5p li\u1ec7u c\u00f4ng nghi\u1ec7p","og_description":"B\u1ed9 rung th\u1eb3ng tuy\u1ebfn t\u00ednh SW-160PZ \u2013 B\u1ed9 ph\u1eadn quan tr\u1ecdng c\u1ee7a m\u00e1y c\u1ea5p li\u1ec7u rung, \u0111\u1ea3m b\u1ea3o v\u1eadn chuy\u1ec3n ph\u00f4i \u1ed5n \u0111\u1ecbnh, ch\u00ednh x\u00e1c, ph\u00f9 h\u1ee3p cho s\u1ea3n xu\u1ea5t t\u1ef1 \u0111\u1ed9ng.","og_url":"https:\/\/swoer.vn\/ja\/manufacturer\/bang-tai-rung-tuyen-tinh-sw-160pz\/","og_site_name":"Nh\u00e0 s\u1ea3n xu\u1ea5t m\u00e1y c\u1ea5p li\u1ec7u c\u00f4ng nghi\u1ec7p","article_modified_time":"2025-03-10T04:05:26+00:00","og_image":[{"width":800,"height":800,"url":"https:\/\/swoer.vn\/wp-content\/uploads\/2025\/03\/Bang-tai-rung-tuyen-tinh-SW-160PZ.webp","type":"image\/webp"}],"twitter_card":"summary_large_image","twitter_misc":{"\u63a8\u5b9a\u8aad\u307f\u53d6\u308a\u6642\u9593":"1\u5206"},"schema":{"@context":"https:\/\/schema.org","@graph":[{"@type":"WebPage","@id":"https:\/\/swoer.vn\/manufacturer\/bang-tai-rung-tuyen-tinh-sw-160pz\/","url":"https:\/\/swoer.vn\/manufacturer\/bang-tai-rung-tuyen-tinh-sw-160pz\/","name":"\u30ea\u30cb\u30a2\u30d0\u30a4\u30d6\u30ec\u30fc\u30bf\u30fc SW-160PZ - \u5de5\u696d\u7528\u30d5\u30a3\u30fc\u30c0\u30fc\u30e1\u30fc\u30ab\u30fc","isPartOf":{"@id":"https:\/\/swoer.vn\/#website"},"primaryImageOfPage":{"@id":"https:\/\/swoer.vn\/manufacturer\/bang-tai-rung-tuyen-tinh-sw-160pz\/#primaryimage"},"image":{"@id":"https:\/\/swoer.vn\/manufacturer\/bang-tai-rung-tuyen-tinh-sw-160pz\/#primaryimage"},"thumbnailUrl":"https:\/\/swoer.vn\/wp-content\/uploads\/2025\/03\/Bang-tai-rung-tuyen-tinh-SW-160PZ.webp","datePublished":"2025-03-03T02:02:02+00:00","dateModified":"2025-03-10T04:05:26+00:00","description":"SW-160PZ \u30ea\u30cb\u30a2\u30d0\u30a4\u30d6\u30ec\u30fc\u30bf\u30fc \u2013 \u632f\u52d5\u30d5\u30a3\u30fc\u30c0\u30fc\u306e\u4e3b\u8981\u90e8\u5206\u3067\u3042\u308a\u3001\u5b89\u5b9a\u3057\u305f\u6b63\u78ba\u306a\u30ef\u30fc\u30af\u30d4\u30fc\u30b9\u306e\u8f38\u9001\u3092\u4fdd\u8a3c\u3057\u3001\u81ea\u52d5\u751f\u7523\u306b\u9069\u3057\u3066\u3044\u307e\u3059\u3002","breadcrumb":{"@id":"https:\/\/swoer.vn\/manufacturer\/bang-tai-rung-tuyen-tinh-sw-160pz\/#breadcrumb"},"inLanguage":"ja","potentialAction":[{"@type":"ReadAction","target":["https:\/\/swoer.vn\/manufacturer\/bang-tai-rung-tuyen-tinh-sw-160pz\/"]}]},{"@type":"ImageObject","inLanguage":"ja","@id":"https:\/\/swoer.vn\/manufacturer\/bang-tai-rung-tuyen-tinh-sw-160pz\/#primaryimage","url":"https:\/\/swoer.vn\/wp-content\/uploads\/2025\/03\/Bang-tai-rung-tuyen-tinh-SW-160PZ.webp","contentUrl":"https:\/\/swoer.vn\/wp-content\/uploads\/2025\/03\/Bang-tai-rung-tuyen-tinh-SW-160PZ.webp","width":800,"height":800,"caption":"B\u0103ng t\u1ea3i rung tuy\u1ebfn t\u00ednh SW-160PZ"},{"@type":"BreadcrumbList","@id":"https:\/\/swoer.vn\/manufacturer\/bang-tai-rung-tuyen-tinh-sw-160pz\/#breadcrumb","itemListElement":[{"@type":"ListItem","position":1,"name":"Home","item":"https:\/\/swoer.vn\/"},{"@type":"ListItem","position":2,"name":"S\u1ea3n ph\u1ea9m","item":"https:\/\/swoer.vn\/shop\/"},{"@type":"ListItem","position":3,"name":"B\u1ed9 rung th\u1eb3ng tuy\u1ebfn t\u00ednh SW-160PZ"}]},{"@type":"WebSite","@id":"https:\/\/swoer.vn\/#website","url":"https:\/\/swoer.vn\/","name":"\u5de5\u696d\u7528\u30d5\u30a3\u30fc\u30c0\u30fc\u30e1\u30fc\u30ab\u30fc","description":"\u30ed\u30dc\u30c3\u30c8\u3001\u30d5\u30ec\u30ad\u30b7\u30d6\u30eb\u30d5\u30a3\u30fc\u30c0\u30fc\u3001\u9060\u5fc3\u30d5\u30a3\u30fc\u30c0\u30fc\u3001\u81ea\u52d5\u632f\u52d5\u30d5\u30a3\u30fc\u30c0\u30fc\u306e\u30b5\u30d7\u30e9\u30a4\u30e4\u30fc","potentialAction":[{"@type":"SearchAction","target":{"@type":"EntryPoint","urlTemplate":"https:\/\/swoer.vn\/?s={search_term_string}"},"query-input":{"@type":"PropertyValueSpecification","valueRequired":true,"valueName":"search_term_string"}}],"inLanguage":"ja"}]}},"_links":{"self":[{"href":"https:\/\/swoer.vn\/ja\/wp-json\/wp\/v2\/product\/2017","targetHints":{"allow":["GET"]}}],"collection":[{"href":"https:\/\/swoer.vn\/ja\/wp-json\/wp\/v2\/product"}],"about":[{"href":"https:\/\/swoer.vn\/ja\/wp-json\/wp\/v2\/types\/product"}],"replies":[{"embeddable":true,"href":"https:\/\/swoer.vn\/ja\/wp-json\/wp\/v2\/comments?post=2017"}],"wp:featuredmedia":[{"embeddable":true,"href":"https:\/\/swoer.vn\/ja\/wp-json\/wp\/v2\/media\/2018"}],"wp:attachment":[{"href":"https:\/\/swoer.vn\/ja\/wp-json\/wp\/v2\/media?parent=2017"}],"wp:term":[{"taxonomy":"product_brand","embeddable":true,"href":"https:\/\/swoer.vn\/ja\/wp-json\/wp\/v2\/product_brand?post=2017"},{"taxonomy":"product_cat","embeddable":true,"href":"https:\/\/swoer.vn\/ja\/wp-json\/wp\/v2\/product_cat?post=2017"},{"taxonomy":"product_tag","embeddable":true,"href":"https:\/\/swoer.vn\/ja\/wp-json\/wp\/v2\/product_tag?post=2017"}],"curies":[{"name":"wp","href":"https:\/\/api.w.org\/{rel}","templated":true}]}}