{"id":2005,"date":"2025-03-03T08:29:16","date_gmt":"2025-03-03T01:29:16","guid":{"rendered":"https:\/\/swoer.vn\/?post_type=product&#038;p=2005"},"modified":"2025-03-03T08:41:14","modified_gmt":"2025-03-03T01:41:14","slug":"may-cap-lieu-tuyen-tinh-sw-140pt","status":"publish","type":"product","link":"https:\/\/swoer.vn\/ja\/manufacturer\/may-cap-lieu-tuyen-tinh-sw-140pt\/","title":{"rendered":"\u30ea\u30cb\u30a2\u30d5\u30a3\u30fc\u30c0\u30fc SW-140PT"},"content":{"rendered":"<h1>PT\u30b7\u30ea\u30fc\u30ba\u632f\u52d5\u30ea\u30cb\u30a2\u30d5\u30a3\u30fc\u30c0\u30fc<\/h1>\n<h2><strong>\u7279\u6027\uff1a<\/strong><\/h2>\n<table>\n<tbody>\n<tr>\n<td>\u88fd\u54c1\u540d<\/td>\n<td>\u30ea\u30cb\u30a2\u30d0\u30a4\u30d6\u30ec\u30fc\u30bf\u30fc<\/td>\n<\/tr>\n<tr>\n<td>\u7834\u7247\u306e\u6750\u8cea<\/td>\n<td>\u30b9\u30c6\u30f3\u30ec\u30b9\/\u6a39\u8102<\/td>\n<\/tr>\n<tr>\n<td>\u96fb\u6e90\u96fb\u5727<\/td>\n<td>220V 50\/60Hz<\/td>\n<\/tr>\n<tr>\n<td>\u6700\u5927\u96fb\u6d41<\/td>\n<td>0.04A<\/td>\n<\/tr>\n<tr>\n<td>\u6700\u5927\u51fa\u529b<\/td>\n<td>8W<\/td>\n<\/tr>\n<tr>\n<td>\u7d66\u6c34\u30c1\u30e3\u30cd\u30eb\u306e\u9577\u3055<\/td>\n<td>&lt;350MM<\/td>\n<\/tr>\n<tr>\n<td>\u7d66\u6c34\u8def\u5e45<\/td>\n<td>&lt;35MM<\/td>\n<\/tr>\n<tr>\n<td>\u6301\u3061\u904b\u3073\u91cd\u91cf<\/td>\n<td>&lt;1kg<\/td>\n<\/tr>\n<tr>\n<td>\u30d1\u30cd\u30eb\u30b5\u30a4\u30ba<\/td>\n<td>100x35MM<\/td>\n<\/tr>\n<tr>\n<td>\u6b63\u5473\u91cd\u91cf<\/td>\n<td>1.7kg<\/td>\n<\/tr>\n<tr>\n<td>\u88fd\u54c1\u30b5\u30a4\u30ba<\/td>\n<td>116x63x88.5mm<\/td>\n<\/tr>\n<\/tbody>\n<\/table>\n\t<div id=\"gap-747577181\" class=\"gap-element clearfix\" style=\"display:block; height:auto;\">\n\t\t\n<style>\n#gap-747577181 {\n  padding-top: 30px;\n}\n<\/style>\n\t<\/div>\n\t\n<p><strong>\u7834\u7247\u306e\u6750\u8cea\u306e\u9055\u3044:<\/strong><\/p>\n<ul>\n<li aria-level=\"1\">\u5b89\u5b9a\u3057\u305f\u30d7\u30e9\u30b9\u30c1\u30c3\u30af\u30b7\u30fc\u30c8\u306e\u6027\u80fd<\/li>\n<li aria-level=\"1\">\u30b9\u30c6\u30f3\u30ec\u30b9\u92fc\u677f\u306f\u5f37\u5ea6\u304c\u9ad8\u304f\u3001\u976d\u6027\u304c\u826f\u304f\u3001\u9306\u3073\u306b\u304f\u3044\u3067\u3059\u3002<\/li>\n<\/ul>\n\t<div class=\"img has-hover x md-x lg-x y md-y lg-y\" id=\"image_2136353907\">\n\t\t\t\t\t\t\t\t<div class=\"img-inner dark\" >\n\t\t\t<img loading=\"lazy\" decoding=\"async\" width=\"1000\" height=\"523\" src=\"https:\/\/swoer.vn\/wp-content\/uploads\/2025\/03\/Bang-tai-rung-tuyen-tinh-SW-140PT.webp\" class=\"attachment-original size-original\" alt=\"\u30ea\u30cb\u30a2\u632f\u52d5\u30b3\u30f3\u30d9\u30a2 SW-140PT\" srcset=\"https:\/\/swoer.vn\/wp-content\/uploads\/2025\/03\/Bang-tai-rung-tuyen-tinh-SW-140PT.webp 1000w, https:\/\/swoer.vn\/wp-content\/uploads\/2025\/03\/Bang-tai-rung-tuyen-tinh-SW-140PT-300x157.webp 300w, https:\/\/swoer.vn\/wp-content\/uploads\/2025\/03\/Bang-tai-rung-tuyen-tinh-SW-140PT-768x402.webp 768w, https:\/\/swoer.vn\/wp-content\/uploads\/2025\/03\/Bang-tai-rung-tuyen-tinh-SW-140PT-18x9.webp 18w, https:\/\/swoer.vn\/wp-content\/uploads\/2025\/03\/Bang-tai-rung-tuyen-tinh-SW-140PT-600x314.webp 600w\" sizes=\"auto, (max-width: 1000px) 100vw, 1000px\" title=\"\">\t\t\t\t\t\t\n\t\t\t\t\t<\/div>\n\t\t\t\t\t\t\t\t\n<style>\n#image_2136353907 {\n  width: 100%;\n}\n<\/style>\n\t<\/div>\n\t\n\t<div id=\"gap-1055713216\" class=\"gap-element clearfix\" style=\"display:block; height:auto;\">\n\t\t\n<style>\n#gap-1055713216 {\n  padding-top: 30px;\n}\n<\/style>\n\t<\/div>\n\t\n\t<div class=\"img has-hover x md-x lg-x y md-y lg-y\" id=\"image_1637053936\">\n\t\t\t\t\t\t\t\t<div class=\"img-inner dark\" >\n\t\t\t<img loading=\"lazy\" decoding=\"async\" width=\"576\" height=\"692\" src=\"https:\/\/swoer.vn\/wp-content\/uploads\/2025\/03\/May-cap-phoi-tuyen-tinh-SW-140PT.webp\" class=\"attachment-original size-original\" alt=\"\u30ea\u30cb\u30a2\u30d5\u30a3\u30fc\u30c0\u30fc SW-140PT\" srcset=\"https:\/\/swoer.vn\/wp-content\/uploads\/2025\/03\/May-cap-phoi-tuyen-tinh-SW-140PT.webp 576w, https:\/\/swoer.vn\/wp-content\/uploads\/2025\/03\/May-cap-phoi-tuyen-tinh-SW-140PT-250x300.webp 250w, https:\/\/swoer.vn\/wp-content\/uploads\/2025\/03\/May-cap-phoi-tuyen-tinh-SW-140PT-10x12.webp 10w\" sizes=\"auto, (max-width: 576px) 100vw, 576px\" title=\"\">\t\t\t\t\t\t\n\t\t\t\t\t<\/div>\n\t\t\t\t\t\t\t\t\n<style>\n#image_1637053936 {\n  width: 100%;\n}\n<\/style>\n\t<\/div>","protected":false},"excerpt":{"rendered":"<p>SW-140PT \u30ea\u30cb\u30a2\u30d5\u30a3\u30fc\u30c0\u30fc\u306f\u3001\u632f\u52d5\u30d5\u30a3\u30fc\u30c0\u30fc\u30b7\u30b9\u30c6\u30e0\u306b\u6b20\u304b\u305b\u306a\u3044\u90e8\u54c1\u3067\u3042\u308a\u3001\u30ef\u30fc\u30af\u30d4\u30fc\u30b9\u3092\u5b89\u5b9a\u3057\u3066\u6b63\u78ba\u306b\u79fb\u52d5\u3055\u305b\u308b\u306e\u306b\u5f79\u7acb\u3061\u307e\u3059\u3002\u5805\u7262\u306a\u8a2d\u8a08\u3067\u3001\u81ea\u52d5\u8eca\u3001\u96fb\u5b50\u6a5f\u5668\u3001\u533b\u7642\u696d\u754c\u306b\u9069\u3057\u3066\u3044\u307e\u3059\u3002<\/p>","protected":false},"featured_media":2010,"comment_status":"open","ping_status":"closed","template":"","meta":[],"product_brand":[],"product_cat":[87],"product_tag":[89,88,90],"class_list":{"0":"post-2005","1":"product","2":"type-product","3":"status-publish","4":"has-post-thumbnail","6":"product_cat-bo-nap-tuyen-tinh","7":"product_tag-bang-tai-rung-tuyen-tinh","8":"product_tag-he-thong-cap-lieu-tuyen-tinh","9":"product_tag-may-cap-phoi-tuyen-tinh","11":"first","12":"instock","13":"shipping-taxable","14":"product-type-simple"},"yoast_head":"<!-- This site is optimized with the Yoast SEO plugin v26.0 - https:\/\/yoast.com\/wordpress\/plugins\/seo\/ -->\n<title>M\u00e1y c\u1ea5p li\u1ec7u tuy\u1ebfn t\u00ednh SW-140PT - Nh\u00e0 s\u1ea3n xu\u1ea5t m\u00e1y c\u1ea5p li\u1ec7u c\u00f4ng nghi\u1ec7p<\/title>\n<meta name=\"description\" content=\"M\u00e1y c\u1ea5p li\u1ec7u tuy\u1ebfn t\u00ednh SW-140PT \u2013 B\u1ed9 ph\u1eadn quan tr\u1ecdng c\u1ee7a m\u00e1y c\u1ea5p li\u1ec7u rung, \u0111\u1ea3m b\u1ea3o v\u1eadn chuy\u1ec3n ph\u00f4i \u1ed5n \u0111\u1ecbnh v\u00e0 ch\u00ednh x\u00e1c trong s\u1ea3n xu\u1ea5t t\u1ef1 \u0111\u1ed9ng.\" \/>\n<meta name=\"robots\" content=\"index, follow, max-snippet:-1, max-image-preview:large, max-video-preview:-1\" \/>\n<link rel=\"canonical\" href=\"https:\/\/swoer.vn\/ja\/manufacturer\/may-cap-lieu-tuyen-tinh-sw-140pt\/\" \/>\n<meta property=\"og:locale\" content=\"ja_JP\" \/>\n<meta property=\"og:type\" content=\"article\" \/>\n<meta property=\"og:title\" content=\"M\u00e1y c\u1ea5p li\u1ec7u tuy\u1ebfn t\u00ednh SW-140PT - Nh\u00e0 s\u1ea3n xu\u1ea5t m\u00e1y c\u1ea5p li\u1ec7u c\u00f4ng nghi\u1ec7p\" \/>\n<meta property=\"og:description\" content=\"M\u00e1y c\u1ea5p li\u1ec7u tuy\u1ebfn t\u00ednh SW-140PT \u2013 B\u1ed9 ph\u1eadn quan tr\u1ecdng c\u1ee7a m\u00e1y c\u1ea5p li\u1ec7u rung, \u0111\u1ea3m b\u1ea3o v\u1eadn chuy\u1ec3n ph\u00f4i \u1ed5n \u0111\u1ecbnh v\u00e0 ch\u00ednh x\u00e1c trong s\u1ea3n xu\u1ea5t t\u1ef1 \u0111\u1ed9ng.\" \/>\n<meta property=\"og:url\" content=\"https:\/\/swoer.vn\/ja\/manufacturer\/may-cap-lieu-tuyen-tinh-sw-140pt\/\" \/>\n<meta property=\"og:site_name\" content=\"Nh\u00e0 s\u1ea3n xu\u1ea5t m\u00e1y c\u1ea5p li\u1ec7u c\u00f4ng nghi\u1ec7p\" \/>\n<meta property=\"article:modified_time\" content=\"2025-03-03T01:41:14+00:00\" \/>\n<meta property=\"og:image\" content=\"https:\/\/swoer.vn\/wp-content\/uploads\/2025\/03\/May-cap-lieu-tuyen-tinh-SW-140PT-1.webp\" \/>\n\t<meta property=\"og:image:width\" content=\"800\" \/>\n\t<meta property=\"og:image:height\" content=\"800\" \/>\n\t<meta property=\"og:image:type\" content=\"image\/webp\" \/>\n<meta name=\"twitter:card\" content=\"summary_large_image\" \/>\n<meta name=\"twitter:label1\" content=\"\u63a8\u5b9a\u8aad\u307f\u53d6\u308a\u6642\u9593\" \/>\n\t<meta name=\"twitter:data1\" content=\"1\u5206\" \/>\n<script type=\"application\/ld+json\" class=\"yoast-schema-graph\">{\"@context\":\"https:\/\/schema.org\",\"@graph\":[{\"@type\":\"WebPage\",\"@id\":\"https:\/\/swoer.vn\/manufacturer\/may-cap-lieu-tuyen-tinh-sw-140pt\/\",\"url\":\"https:\/\/swoer.vn\/manufacturer\/may-cap-lieu-tuyen-tinh-sw-140pt\/\",\"name\":\"M\u00e1y c\u1ea5p li\u1ec7u tuy\u1ebfn t\u00ednh SW-140PT - Nh\u00e0 s\u1ea3n xu\u1ea5t m\u00e1y c\u1ea5p li\u1ec7u c\u00f4ng nghi\u1ec7p\",\"isPartOf\":{\"@id\":\"https:\/\/swoer.vn\/#website\"},\"primaryImageOfPage\":{\"@id\":\"https:\/\/swoer.vn\/manufacturer\/may-cap-lieu-tuyen-tinh-sw-140pt\/#primaryimage\"},\"image\":{\"@id\":\"https:\/\/swoer.vn\/manufacturer\/may-cap-lieu-tuyen-tinh-sw-140pt\/#primaryimage\"},\"thumbnailUrl\":\"https:\/\/swoer.vn\/wp-content\/uploads\/2025\/03\/May-cap-lieu-tuyen-tinh-SW-140PT-1.webp\",\"datePublished\":\"2025-03-03T01:29:16+00:00\",\"dateModified\":\"2025-03-03T01:41:14+00:00\",\"description\":\"M\u00e1y c\u1ea5p li\u1ec7u tuy\u1ebfn t\u00ednh SW-140PT \u2013 B\u1ed9 ph\u1eadn quan tr\u1ecdng c\u1ee7a m\u00e1y c\u1ea5p li\u1ec7u rung, \u0111\u1ea3m b\u1ea3o v\u1eadn chuy\u1ec3n ph\u00f4i \u1ed5n \u0111\u1ecbnh v\u00e0 ch\u00ednh x\u00e1c trong s\u1ea3n xu\u1ea5t t\u1ef1 \u0111\u1ed9ng.\",\"breadcrumb\":{\"@id\":\"https:\/\/swoer.vn\/manufacturer\/may-cap-lieu-tuyen-tinh-sw-140pt\/#breadcrumb\"},\"inLanguage\":\"ja\",\"potentialAction\":[{\"@type\":\"ReadAction\",\"target\":[\"https:\/\/swoer.vn\/manufacturer\/may-cap-lieu-tuyen-tinh-sw-140pt\/\"]}]},{\"@type\":\"ImageObject\",\"inLanguage\":\"ja\",\"@id\":\"https:\/\/swoer.vn\/manufacturer\/may-cap-lieu-tuyen-tinh-sw-140pt\/#primaryimage\",\"url\":\"https:\/\/swoer.vn\/wp-content\/uploads\/2025\/03\/May-cap-lieu-tuyen-tinh-SW-140PT-1.webp\",\"contentUrl\":\"https:\/\/swoer.vn\/wp-content\/uploads\/2025\/03\/May-cap-lieu-tuyen-tinh-SW-140PT-1.webp\",\"width\":800,\"height\":800,\"caption\":\"M\u00e1y c\u1ea5p li\u1ec7u tuy\u1ebfn t\u00ednh SW-140PT\"},{\"@type\":\"BreadcrumbList\",\"@id\":\"https:\/\/swoer.vn\/manufacturer\/may-cap-lieu-tuyen-tinh-sw-140pt\/#breadcrumb\",\"itemListElement\":[{\"@type\":\"ListItem\",\"position\":1,\"name\":\"Home\",\"item\":\"https:\/\/swoer.vn\/\"},{\"@type\":\"ListItem\",\"position\":2,\"name\":\"S\u1ea3n ph\u1ea9m\",\"item\":\"https:\/\/swoer.vn\/shop\/\"},{\"@type\":\"ListItem\",\"position\":3,\"name\":\"M\u00e1y c\u1ea5p li\u1ec7u tuy\u1ebfn t\u00ednh SW-140PT\"}]},{\"@type\":\"WebSite\",\"@id\":\"https:\/\/swoer.vn\/#website\",\"url\":\"https:\/\/swoer.vn\/\",\"name\":\"Nh\u00e0 s\u1ea3n xu\u1ea5t m\u00e1y c\u1ea5p li\u1ec7u c\u00f4ng nghi\u1ec7p\",\"description\":\"Nh\u00e0 cung c\u1ea5p robot, m\u00e1y c\u1ea5p li\u1ec7u linh ho\u1ea1t, m\u00e1y c\u1ea5p li\u1ec7u ly t\u00e2m, m\u00e1y c\u1ea5p li\u1ec7u rung t\u1ef1 \u0111\u1ed9ng\",\"potentialAction\":[{\"@type\":\"SearchAction\",\"target\":{\"@type\":\"EntryPoint\",\"urlTemplate\":\"https:\/\/swoer.vn\/?s={search_term_string}\"},\"query-input\":{\"@type\":\"PropertyValueSpecification\",\"valueRequired\":true,\"valueName\":\"search_term_string\"}}],\"inLanguage\":\"ja\"}]}<\/script>\n<!-- \/ Yoast SEO plugin. -->","yoast_head_json":{"title":"\u30ea\u30cb\u30a2\u30d5\u30a3\u30fc\u30c0\u30fc SW-140PT - \u7523\u696d\u7528\u30d5\u30a3\u30fc\u30c0\u30fc\u30e1\u30fc\u30ab\u30fc","description":"SW-140PT \u30ea\u30cb\u30a2\u30d5\u30a3\u30fc\u30c0\u30fc \u2013 \u632f\u52d5\u30d5\u30a3\u30fc\u30c0\u30fc\u306e\u4e3b\u8981\u90e8\u5206\u3067\u3042\u308a\u3001\u81ea\u52d5\u751f\u7523\u306b\u304a\u3051\u308b\u5b89\u5b9a\u3057\u305f\u6b63\u78ba\u306a\u30ef\u30fc\u30af\u30d4\u30fc\u30b9\u306e\u642c\u9001\u3092\u4fdd\u8a3c\u3057\u307e\u3059\u3002","robots":{"index":"index","follow":"follow","max-snippet":"max-snippet:-1","max-image-preview":"max-image-preview:large","max-video-preview":"max-video-preview:-1"},"canonical":"https:\/\/swoer.vn\/ja\/manufacturer\/may-cap-lieu-tuyen-tinh-sw-140pt\/","og_locale":"ja_JP","og_type":"article","og_title":"M\u00e1y c\u1ea5p li\u1ec7u tuy\u1ebfn t\u00ednh SW-140PT - Nh\u00e0 s\u1ea3n xu\u1ea5t m\u00e1y c\u1ea5p li\u1ec7u c\u00f4ng nghi\u1ec7p","og_description":"M\u00e1y c\u1ea5p li\u1ec7u tuy\u1ebfn t\u00ednh SW-140PT \u2013 B\u1ed9 ph\u1eadn quan tr\u1ecdng c\u1ee7a m\u00e1y c\u1ea5p li\u1ec7u rung, \u0111\u1ea3m b\u1ea3o v\u1eadn chuy\u1ec3n ph\u00f4i \u1ed5n \u0111\u1ecbnh v\u00e0 ch\u00ednh x\u00e1c trong s\u1ea3n xu\u1ea5t t\u1ef1 \u0111\u1ed9ng.","og_url":"https:\/\/swoer.vn\/ja\/manufacturer\/may-cap-lieu-tuyen-tinh-sw-140pt\/","og_site_name":"Nh\u00e0 s\u1ea3n xu\u1ea5t m\u00e1y c\u1ea5p li\u1ec7u c\u00f4ng nghi\u1ec7p","article_modified_time":"2025-03-03T01:41:14+00:00","og_image":[{"width":800,"height":800,"url":"https:\/\/swoer.vn\/wp-content\/uploads\/2025\/03\/May-cap-lieu-tuyen-tinh-SW-140PT-1.webp","type":"image\/webp"}],"twitter_card":"summary_large_image","twitter_misc":{"\u63a8\u5b9a\u8aad\u307f\u53d6\u308a\u6642\u9593":"1\u5206"},"schema":{"@context":"https:\/\/schema.org","@graph":[{"@type":"WebPage","@id":"https:\/\/swoer.vn\/manufacturer\/may-cap-lieu-tuyen-tinh-sw-140pt\/","url":"https:\/\/swoer.vn\/manufacturer\/may-cap-lieu-tuyen-tinh-sw-140pt\/","name":"\u30ea\u30cb\u30a2\u30d5\u30a3\u30fc\u30c0\u30fc SW-140PT - \u7523\u696d\u7528\u30d5\u30a3\u30fc\u30c0\u30fc\u30e1\u30fc\u30ab\u30fc","isPartOf":{"@id":"https:\/\/swoer.vn\/#website"},"primaryImageOfPage":{"@id":"https:\/\/swoer.vn\/manufacturer\/may-cap-lieu-tuyen-tinh-sw-140pt\/#primaryimage"},"image":{"@id":"https:\/\/swoer.vn\/manufacturer\/may-cap-lieu-tuyen-tinh-sw-140pt\/#primaryimage"},"thumbnailUrl":"https:\/\/swoer.vn\/wp-content\/uploads\/2025\/03\/May-cap-lieu-tuyen-tinh-SW-140PT-1.webp","datePublished":"2025-03-03T01:29:16+00:00","dateModified":"2025-03-03T01:41:14+00:00","description":"SW-140PT \u30ea\u30cb\u30a2\u30d5\u30a3\u30fc\u30c0\u30fc \u2013 \u632f\u52d5\u30d5\u30a3\u30fc\u30c0\u30fc\u306e\u4e3b\u8981\u90e8\u5206\u3067\u3042\u308a\u3001\u81ea\u52d5\u751f\u7523\u306b\u304a\u3051\u308b\u5b89\u5b9a\u3057\u305f\u6b63\u78ba\u306a\u30ef\u30fc\u30af\u30d4\u30fc\u30b9\u306e\u642c\u9001\u3092\u4fdd\u8a3c\u3057\u307e\u3059\u3002","breadcrumb":{"@id":"https:\/\/swoer.vn\/manufacturer\/may-cap-lieu-tuyen-tinh-sw-140pt\/#breadcrumb"},"inLanguage":"ja","potentialAction":[{"@type":"ReadAction","target":["https:\/\/swoer.vn\/manufacturer\/may-cap-lieu-tuyen-tinh-sw-140pt\/"]}]},{"@type":"ImageObject","inLanguage":"ja","@id":"https:\/\/swoer.vn\/manufacturer\/may-cap-lieu-tuyen-tinh-sw-140pt\/#primaryimage","url":"https:\/\/swoer.vn\/wp-content\/uploads\/2025\/03\/May-cap-lieu-tuyen-tinh-SW-140PT-1.webp","contentUrl":"https:\/\/swoer.vn\/wp-content\/uploads\/2025\/03\/May-cap-lieu-tuyen-tinh-SW-140PT-1.webp","width":800,"height":800,"caption":"M\u00e1y c\u1ea5p li\u1ec7u tuy\u1ebfn t\u00ednh SW-140PT"},{"@type":"BreadcrumbList","@id":"https:\/\/swoer.vn\/manufacturer\/may-cap-lieu-tuyen-tinh-sw-140pt\/#breadcrumb","itemListElement":[{"@type":"ListItem","position":1,"name":"Home","item":"https:\/\/swoer.vn\/"},{"@type":"ListItem","position":2,"name":"S\u1ea3n ph\u1ea9m","item":"https:\/\/swoer.vn\/shop\/"},{"@type":"ListItem","position":3,"name":"M\u00e1y c\u1ea5p li\u1ec7u tuy\u1ebfn t\u00ednh SW-140PT"}]},{"@type":"WebSite","@id":"https:\/\/swoer.vn\/#website","url":"https:\/\/swoer.vn\/","name":"\u5de5\u696d\u7528\u30d5\u30a3\u30fc\u30c0\u30fc\u30e1\u30fc\u30ab\u30fc","description":"\u30ed\u30dc\u30c3\u30c8\u3001\u30d5\u30ec\u30ad\u30b7\u30d6\u30eb\u30d5\u30a3\u30fc\u30c0\u30fc\u3001\u9060\u5fc3\u30d5\u30a3\u30fc\u30c0\u30fc\u3001\u81ea\u52d5\u632f\u52d5\u30d5\u30a3\u30fc\u30c0\u30fc\u306e\u30b5\u30d7\u30e9\u30a4\u30e4\u30fc","potentialAction":[{"@type":"SearchAction","target":{"@type":"EntryPoint","urlTemplate":"https:\/\/swoer.vn\/?s={search_term_string}"},"query-input":{"@type":"PropertyValueSpecification","valueRequired":true,"valueName":"search_term_string"}}],"inLanguage":"ja"}]}},"_links":{"self":[{"href":"https:\/\/swoer.vn\/ja\/wp-json\/wp\/v2\/product\/2005","targetHints":{"allow":["GET"]}}],"collection":[{"href":"https:\/\/swoer.vn\/ja\/wp-json\/wp\/v2\/product"}],"about":[{"href":"https:\/\/swoer.vn\/ja\/wp-json\/wp\/v2\/types\/product"}],"replies":[{"embeddable":true,"href":"https:\/\/swoer.vn\/ja\/wp-json\/wp\/v2\/comments?post=2005"}],"wp:featuredmedia":[{"embeddable":true,"href":"https:\/\/swoer.vn\/ja\/wp-json\/wp\/v2\/media\/2010"}],"wp:attachment":[{"href":"https:\/\/swoer.vn\/ja\/wp-json\/wp\/v2\/media?parent=2005"}],"wp:term":[{"taxonomy":"product_brand","embeddable":true,"href":"https:\/\/swoer.vn\/ja\/wp-json\/wp\/v2\/product_brand?post=2005"},{"taxonomy":"product_cat","embeddable":true,"href":"https:\/\/swoer.vn\/ja\/wp-json\/wp\/v2\/product_cat?post=2005"},{"taxonomy":"product_tag","embeddable":true,"href":"https:\/\/swoer.vn\/ja\/wp-json\/wp\/v2\/product_tag?post=2005"}],"curies":[{"name":"wp","href":"https:\/\/api.w.org\/{rel}","templated":true}]}}