{"id":1894,"date":"2025-02-27T14:07:06","date_gmt":"2025-02-27T07:07:06","guid":{"rendered":"https:\/\/swoer.vn\/?post_type=product&#038;p=1894"},"modified":"2025-03-10T11:44:12","modified_gmt":"2025-03-10T04:44:12","slug":"bo-dieu-khien-rung-sdvc31-u-10a","status":"publish","type":"product","link":"https:\/\/swoer.vn\/ja\/manufacturer\/bo-dieu-khien-rung-sdvc31-u-10a\/","title":{"rendered":"SDVC31-U 10A \u632f\u52d5\u30b3\u30f3\u30c8\u30ed\u30fc\u30e9"},"content":{"rendered":"<h1>SDVC31-U \u632f\u52d5\u30b3\u30f3\u30c8\u30ed\u30fc\u30e9<\/h1>\n<p>\u632f\u52d5\u30b3\u30f3\u30c8\u30ed\u30fc\u30e9\u306f\u3001\u632f\u52d5\u30d5\u30a3\u30fc\u30c0\u306e\u52d5\u4f5c\u72b6\u614b\u3092\u8abf\u6574\u304a\u3088\u3073\u5236\u5fa1\u3059\u308b\u305f\u3081\u306b\u4f7f\u7528\u3055\u308c\u308b\u96fb\u5b50\u6a5f\u5668\u3067\u3059\u3002\u96fb\u6d41\u3068\u96fb\u5727\u3092\u5236\u5fa1\u3059\u308b\u3053\u3068\u3067\u632f\u52d5\u30d5\u30a3\u30fc\u30c0\u30fc\u306e\u632f\u52d5\u5468\u6ce2\u6570\u3068\u632f\u52d5\u632f\u5e45\u3092\u8abf\u6574\u3057\u3001\u6750\u6599\u3092\u9069\u5207\u306a\u901f\u5ea6\u3068\u65b9\u6cd5\u3067\u8f38\u9001\u3067\u304d\u308b\u3088\u3046\u306b\u3057\u307e\u3059\u3002<\/p>\n<h2><strong>\u7279\u5fb4<\/strong><\/h2>\n<ul>\n<li>\u9ad8\u7cbe\u5ea6\u306e\u81ea\u52d5\u5468\u6ce2\u6570\u8abf\u6574\u3068\u96fb\u5727\u5b89\u5b9a\u5316<\/li>\n<li>\u8abf\u6574\u53ef\u80fd\u306a\u30b9\u30ed\u30fc\u30b9\u30bf\u30fc\u30c8<\/li>\n<li>\u30b9\u30a4\u30c3\u30c1\u30bb\u30f3\u30b5\u30fc\u306b\u3088\u308b\u6e80\u676f\/\u7a7a\u505c\u6b62<\/li>\n<li>\u5149\u96fb\u30bb\u30f3\u30b5\u30fc\u306b\u3088\u308b\u5168\/\u7a7a\u30b7\u30e3\u30c3\u30c8\u30c0\u30a6\u30f3<\/li>\n<li>\u30ea\u30e2\u30fc\u30c8\u30b9\u30d4\u30fc\u30c9\u30b3\u30f3\u30c8\u30ed\u30fc\u30eb<\/li>\n<li>DC\u5236\u5fa1\u51fa\u529b<\/li>\n<li>\u30ad\u30fc\u30dc\u30fc\u30c9\u30ed\u30c3\u30af<\/li>\n<\/ul>\n<h2><strong>\u57fa\u672c\u6a5f\u80fd<\/strong><\/h2>\n<ul>\n<li><strong>\u5468\u6ce2\u6570\u8abf\u6574<\/strong>\u00a0: \u30e6\u30fc\u30b6\u30fc\u306f\u30b3\u30f3\u30c8\u30ed\u30fc\u30e9\u30fc\u306e\u51fa\u529b\u5468\u6ce2\u6570\u3092\u8abf\u6574\u3057\u3066\u3001\u98df\u54c1\u3092\u3088\u308a\u6ed1\u3089\u304b\u306b\u3001\u3088\u308a\u9759\u304b\u306b\u3001\u3088\u308a\u7701\u30a8\u30cd\u306b\u3059\u308b\u305f\u3081\u306e\u6700\u9069\u306a\u5468\u6ce2\u6570\u3092\u898b\u3064\u3051\u308b\u3053\u3068\u304c\u3067\u304d\u307e\u3059\u3002<\/li>\n<li><strong>\u9ad8\u7cbe\u5ea6\u81ea\u52d5\u96fb\u5727\u5b89\u5b9a\u88c5\u7f6e<\/strong>\u00a0: \u30c7\u30b8\u30bf\u30eb\u96fb\u5727\u5b89\u5b9a\u56de\u8def\u3092\u5185\u8535\u3057\u3001\u4e0d\u5b89\u5b9a\u306a\u96fb\u6e90\u4f9b\u7d66\u306b\u3088\u308b\u96fb\u6e90\u4f9b\u7d66\u901f\u5ea6\u306e\u5909\u5316\u3092\u89e3\u6d88\u3057\u307e\u3059\u3002<\/li>\n<li><strong>\u8abf\u6574\u53ef\u80fd\u306a\u30b9\u30ed\u30fc\u30b9\u30bf\u30fc\u30c8<\/strong>\u00a0: \u8d77\u52d5\u6642\u306b\u51fa\u529b\u96fb\u5727\u304c0\u304b\u3089\u8a2d\u5b9a\u96fb\u5727\u307e\u3067\u5f90\u3005\u306b\u4e0a\u6607\u3057\u3001\u632f\u52d5\u677f\u3078\u306e\u885d\u6483\u3092\u8efd\u6e1b\u3057\u307e\u3059\u3002\u30e6\u30fc\u30b6\u30fc\u306f\u30b9\u30ed\u30fc\u30b9\u30bf\u30fc\u30c8\u6642\u9593\u3092\u30c7\u30b8\u30bf\u30eb\u3067\u4e8b\u524d\u8a2d\u5b9a\u3067\u304d\u307e\u3059\u3002<\/li>\n<li><strong>\u6e80\u7a7a\u30bb\u30f3\u30b5\u30fc\u505c\u6b62\u30b9\u30a4\u30c3\u30c1<\/strong>\u00a0: NPN \u30bf\u30a4\u30d7\u306e\u30bb\u30f3\u30b5\u30fc\u307e\u305f\u306f PLC \u30ea\u30e2\u30fc\u30c8\u306e\u6e80\u676f\/\u7a7a\u505c\u6b62\u5236\u5fa1\u3092\u30b5\u30dd\u30fc\u30c8\u3057\u307e\u3059\u3002<\/li>\n<li><strong>\u5149\u96fb\u30bb\u30f3\u30b5\u30fc\u304c\u6e80\u676f\/\u7a7a\u3067\u505c\u6b62<\/strong>\u00a0: \u5149\u96fb\u30bb\u30f3\u30b5\u30fc\u306e\u6e80\u7a7a\u505c\u6b62\u5236\u5fa1\u3092\u30b5\u30dd\u30fc\u30c8\u3057\u307e\u3059\u3002<\/li>\n<li><strong>\u30ea\u30e2\u30fc\u30c8\u30b9\u30d4\u30fc\u30c9\u30b3\u30f3\u30c8\u30ed\u30fc\u30eb<\/strong>\u00a0: \u30e6\u30fc\u30b6\u30fc\u306f\u3001\u5916\u90e8\u30dd\u30c6\u30f3\u30b7\u30e7\u30e1\u30fc\u30bf\u3001PLC\u3001\u307e\u305f\u306f 1 \uff5e 5V \u306e\u96fb\u5727\u4fe1\u53f7\u306b\u3088\u3063\u3066\u51fa\u529b\u96fb\u5727\u3092\u30ea\u30e2\u30fc\u30c8\u3067\u5236\u5fa1\u3067\u304d\u307e\u3059\u3002<\/li>\n<li><strong>DC\u5236\u5fa1\u51fa\u529b<\/strong>\u00a0: \u30b3\u30f3\u30c8\u30ed\u30fc\u30e9\u306f\u3001\u30bd\u30ec\u30ce\u30a4\u30c9\u30d0\u30eb\u30d6\u306a\u3069\u306e\u30c7\u30d0\u30a4\u30b9\u3092\u5236\u5fa1\u3059\u308b\u305f\u3081\u306b\u4f4e\u96fb\u5727 DC \u5236\u5fa1\u4fe1\u53f7\u3092\u51fa\u529b\u3067\u304d\u307e\u3059\u3002<\/li>\n<li><strong>\u30ad\u30fc\u30dc\u30fc\u30c9\u30ed\u30c3\u30af<\/strong>\u00a0: \u30aa\u30f3\/\u30aa\u30d5 \u30ad\u30fc\u3092\u9577\u62bc\u3057\u3059\u308b\u3068\u3001\u3059\u3079\u3066\u306e\u30ad\u30fc\u304c\u30ed\u30c3\u30af\u3055\u308c\u3001\u8aa4\u64cd\u4f5c\u3092\u9632\u3050\u3053\u3068\u304c\u3067\u304d\u307e\u3059\u3002<\/li>\n<li><strong>\u6700\u5927\u51fa\u529b\u96fb\u5727\u3092\u8a2d\u5b9a\u3059\u308b<\/strong>\u00a0: \u30e6\u30fc\u30b6\u30fc\u306f\u3001\u30d0\u30a4\u30d6\u30ec\u30fc\u30bf\u30fc\u3092\u640d\u50b7\u3059\u308b\u53ef\u80fd\u6027\u306e\u3042\u308b\u5076\u767a\u7684\u306a\u904e\u96fb\u5727\u3092\u56de\u907f\u3059\u308b\u305f\u3081\u306b\u3001\u8abf\u6574\u53ef\u80fd\u306a\u6700\u5927\u96fb\u5727\u3092\u8a2d\u5b9a\u3067\u304d\u307e\u3059\u3002<\/li>\n<li><strong>\u904e\u96fb\u5727\u4fdd\u8b77<\/strong>\u00a0: \u5165\u529b\u96fb\u5727\u304c\u9ad8\u3059\u304e\u3066\u4fdd\u8b77\u3067\u304d\u306a\u3044\u5834\u5408\u306f\u3001\u96fb\u6e90\u304c\u81ea\u52d5\u7684\u306b\u30b7\u30e3\u30c3\u30c8\u30c0\u30a6\u30f3\u3055\u308c\u307e\u3059\u3002<\/li>\n<li><strong>\u30c7\u30b8\u30bf\u30eb\u904e\u71b1\u4fdd\u8b77<\/strong>\u00a0:\u52d5\u4f5c\u6e29\u5ea6\u304c\u9ad8\u3059\u304e\u308b\u5834\u5408\u3001\u30b3\u30f3\u30c8\u30ed\u30fc\u30e9\u30fc\u306f\u81ea\u5df1\u4fdd\u8b77\u3067\u304d\u305a\u306b\u51fa\u529b\u3092\u505c\u6b62\u3057\u307e\u3059\u3002<\/li>\n<li><strong>\u904e\u96fb\u6d41\u4fdd\u8b77<\/strong>\u00a0: \u52d5\u4f5c\u96fb\u6d41\u304c\u5b9a\u683c\u96fb\u6d41\u3092\u8d85\u3048\u308b\u3068\u3001\u30b3\u30f3\u30c8\u30ed\u30fc\u30e9\u3068\u632f\u52d5\u88c5\u7f6e\u3092\u4fdd\u8b77\u3059\u308b\u305f\u3081\u306b\u30b7\u30b9\u30c6\u30e0\u304c\u51fa\u529b\u3092\u505c\u6b62\u3057\u307e\u3059\u3002<\/li>\n<li><strong>\u56de\u5fa9\u53ef\u80fd\u306a\u77ed\u7d61\u4fdd\u8b77<\/strong>\u00a0: \u30b3\u30f3\u30c8\u30ed\u30fc\u30e9\u3068\u632f\u52d5\u88c5\u7f6e\u3092\u4fdd\u8b77\u3059\u308b\u305f\u3081\u3001\u77ed\u7d61\u6642\u306b\u306f\u51fa\u529b\u3092\u505c\u6b62\u3057\u307e\u3059\u3002\u77ed\u7d61\u304c\u89e3\u6d88\u3055\u308c\u305f\u5f8c\u3001\u30b7\u30b9\u30c6\u30e0\u306b\u518d\u5ea6\u96fb\u529b\u3092\u4f9b\u7d66\u3057\u3066\u901a\u5e38\u306e\u52d5\u4f5c\u306b\u623b\u308b\u3053\u3068\u304c\u3067\u304d\u307e\u3059\u3002<\/li>\n<\/ul>\n\t<div id=\"gap-1508149664\" class=\"gap-element clearfix\" style=\"display:block; height:auto;\">\n\t\t\n<style>\n#gap-1508149664 {\n  padding-top: 30px;\n}\n<\/style>\n\t<\/div>\n\t\n<h2><strong>\u4ed5\u69d8<\/strong><\/h2>\n<table width=\"767\">\n<tbody>\n<tr>\n<td rowspan=\"2\" width=\"225\"><strong>\u30a2\u30a4\u30c6\u30e0<\/strong><\/td>\n<td colspan=\"3\" width=\"216\"><strong>\u7bc4\u56f2<\/strong><\/td>\n<td rowspan=\"2\" width=\"72\"><strong>\u30e6\u30cb\u30c3\u30c8<\/strong><\/td>\n<td rowspan=\"2\" width=\"254\"><strong>\u8868\u73fe<\/strong><\/td>\n<\/tr>\n<tr>\n<td><strong>\u6700\u5c0f<\/strong><\/td>\n<td><strong>\u7279\u5fb4<\/strong><\/td>\n<td><strong>\u6700\u5927<\/strong><\/td>\n<\/tr>\n<tr>\n<td>\u5165\u529b\u96fb\u5727<\/td>\n<td>85<\/td>\n<td>220<\/td>\n<td>260<\/td>\n<td>\u4e94<\/td>\n<td>AC\u5b9f\u52b9\u5024<\/td>\n<\/tr>\n<tr>\n<td>\u51fa\u529b\u96fb\u5727\u8abf\u6574\u7bc4\u56f2<\/td>\n<td>0<\/td>\n<td><\/td>\n<td>260<\/td>\n<td>\u4e94<\/td>\n<td>\u5165\u529b\u96fb\u5727150%\u672a\u6e80<\/td>\n<\/tr>\n<tr>\n<td>\u96fb\u5727\u8abf\u6574\u7cbe\u5ea6<\/td>\n<td colspan=\"3\">1<\/td>\n<td>\u4e94<\/td>\n<td><\/td>\n<\/tr>\n<tr>\n<td>\u96fb\u5727\u8abf\u6574\u7cbe\u5ea6<\/td>\n<td>0<\/td>\n<td><\/td>\n<td>10<\/td>\n<td><\/td>\n<td>\u51fa\u529b\u96fb\u5727\/\u5165\u529b\u96fb\u5727<\/td>\n<\/tr>\n<tr>\n<td>\u96fb\u5727\u8abf\u6574\u5fdc\u7b54\u6642\u9593<\/td>\n<td>0,0025<\/td>\n<td><\/td>\n<td>0,025<\/td>\n<td>S<\/td>\n<td>1\/10\u30b5\u30a4\u30af\u30eb\u51fa\u529b\u96fb\u5727<\/td>\n<\/tr>\n<tr>\n<td rowspan=\"2\">\u51fa\u529b\u96fb\u6d41\u8abf\u6574\u7bc4\u56f2<\/td>\n<td rowspan=\"2\">0<\/td>\n<td rowspan=\"2\"><\/td>\n<td rowspan=\"2\">10<\/td>\n<td rowspan=\"2\">1\u3064<\/td>\n<td rowspan=\"2\"><\/td>\n<\/tr>\n<tr>\n<td rowspan=\"2\"><\/td>\n<td rowspan=\"2\"><\/td>\n<td rowspan=\"2\"><\/td>\n<td rowspan=\"2\"><\/td>\n<td rowspan=\"2\"><\/td>\n<td rowspan=\"2\"><\/td>\n<\/tr>\n<tr>\n<td>\u51fa\u529b\u5468\u6ce2\u6570<\/td>\n<td>40<\/td>\n<td><\/td>\n<td>400<\/td>\n<td>\u983b\u5ea6<\/td>\n<td><\/td>\n<\/tr>\n<tr>\n<td>\u5468\u6ce2\u6570\u8abf\u6574\u7cbe\u5ea6<\/td>\n<td colspan=\"3\">0,1<\/td>\n<td>\u983b\u5ea6<\/td>\n<td><\/td>\n<\/tr>\n<tr>\n<td>\u51fa\u529b\u6ce2\u5f62<\/td>\n<td colspan=\"3\">\u6b63\u5f26<\/td>\n<td><\/td>\n<td><\/td>\n<\/tr>\n<tr>\n<td>\u8d77\u52d5\u6642\u9593\u304c\u9045\u3044<\/td>\n<td>0<\/td>\n<td><\/td>\n<td>10<\/td>\n<td>S<\/td>\n<td>\u5de5\u5834\u51fa\u8377\u6642\u306e\u30c7\u30d5\u30a9\u30eb\u30c8\u306f0.5\u3067\u3059<\/td>\n<\/tr>\n<tr>\n<td>\u9045\u5ef6\u6642\u9593<\/td>\n<td>0<\/td>\n<td><\/td>\n<td>20<\/td>\n<td>S<\/td>\n<td>\u5de5\u5834\u51fa\u8377\u6642\u306e\u30c7\u30d5\u30a9\u30eb\u30c8 0.2<\/td>\n<\/tr>\n<tr>\n<td>\u9045\u5ef6\u6642\u9593\u306e\u7cbe\u5ea6<\/td>\n<td colspan=\"3\">0,1<\/td>\n<td>S<\/td>\n<td><\/td>\n<\/tr>\n<tr>\n<td>\u904e\u71b1\u4fdd\u8b77\u6e29\u5ea6<\/td>\n<td>60<\/td>\n<td>65<\/td>\n<td>65<\/td>\n<td>\u2103<\/td>\n<td><\/td>\n<\/tr>\n<tr>\n<td>DC\u5236\u5fa1\u51fa\u529b\u96fb\u5727<\/td>\n<td>22<\/td>\n<td>24<\/td>\n<td>26<\/td>\n<td>\u4e94<\/td>\n<td><\/td>\n<\/tr>\n<tr>\n<td>DC\u5236\u5fa1\u51fa\u529b\u96fb\u6d41<\/td>\n<td>0<\/td>\n<td><\/td>\n<td>200<\/td>\n<td>\u304a\u3070\u3051<\/td>\n<td><\/td>\n<\/tr>\n<tr>\n<td>\u30a2\u30ca\u30ed\u30b0\u5236\u5fa1\u30e2\u30c7\u30eb<\/td>\n<td colspan=\"3\">1 \u2013 5<\/td>\n<td>\u4e94<\/td>\n<td>\u30ea\u30e2\u30fc\u30c8\u901f\u5ea6\u5236\u5fa1\u96fb\u5727<\/td>\n<\/tr>\n<tr>\n<td>\u30c7\u30b8\u30bf\u30eb\u5236\u5fa1\u4fe1\u53f7<\/td>\n<td colspan=\"3\">24<\/td>\n<td>\u4e94<\/td>\n<td>\u30b9\u30a4\u30c3\u30c1\u4fe1\u53f7\u5236\u5fa1<\/td>\n<\/tr>\n<tr>\n<td>\u8abf\u6574\u65b9\u6cd5<\/td>\n<td colspan=\"3\">6<\/td>\n<td>\u9375<\/td>\n<td><\/td>\n<\/tr>\n<tr>\n<td>\u7121\u8ca0\u8377\u6642\u6d88\u8cbb\u96fb\u529b<\/td>\n<td><\/td>\n<td>3<\/td>\n<td><\/td>\n<td>T<\/td>\n<td><\/td>\n<\/tr>\n<tr>\n<td>\u8868\u793a\u30e2\u30fc\u30c9<\/td>\n<td colspan=\"3\">5<\/td>\n<td>\u6841<\/td>\n<td>LED\u30c7\u30b8\u30bf\u30eb\u30c1\u30e5\u30fc\u30d6<\/td>\n<\/tr>\n<tr>\n<td>\u7d66\u4e0e\u74b0\u5883\u6e29\u5ea6<\/td>\n<td>0<\/td>\n<td>25<\/td>\n<td>40<\/td>\n<td>\u2103<\/td>\n<td rowspan=\"2\">\u7d50\u9732\u306a\u3057<\/td>\n<\/tr>\n<tr>\n<td>\u7d66\u4e0e\u74b0\u5883\u6e7f\u5ea6<\/td>\n<td>10<\/td>\n<td>60<\/td>\n<td>85<\/td>\n<td>%<\/td>\n<\/tr>\n<\/tbody>\n<\/table>\n<h2><strong><b>\u5bf8\u6cd5\u3068\u91cd\u91cf<\/b><\/strong><\/h2>\n<ul>\n<li>\u5bf8\u6cd5\uff1a\u9577\u3055190\u00d7\u5e45242\u00d7\u9ad8\u305594.5\uff08mm\uff09<\/li>\n<li>\u91cd\u91cf: 2670g (\u4ed8\u5c5e\u54c1\u306a\u3057)<\/li>\n<\/ul>\n\t<div class=\"img has-hover x md-x lg-x y md-y lg-y\" id=\"image_182531024\">\n\t\t\t\t\t\t\t\t<div class=\"img-inner dark\" >\n\t\t\t<img loading=\"lazy\" decoding=\"async\" width=\"840\" height=\"538\" src=\"https:\/\/swoer.vn\/wp-content\/uploads\/2025\/02\/Ban-ve-kich-thuoc-SDVC31-U\uff0810A\uff09.webp\" class=\"attachment-original size-original\" alt=\"\u5bf8\u6cd5\u56f3 SDVC31-U\uff0810A\uff09\" srcset=\"https:\/\/swoer.vn\/wp-content\/uploads\/2025\/02\/Ban-ve-kich-thuoc-SDVC31-U\uff0810A\uff09.webp 840w, https:\/\/swoer.vn\/wp-content\/uploads\/2025\/02\/Ban-ve-kich-thuoc-SDVC31-U\uff0810A\uff09-300x192.webp 300w, https:\/\/swoer.vn\/wp-content\/uploads\/2025\/02\/Ban-ve-kich-thuoc-SDVC31-U\uff0810A\uff09-768x492.webp 768w, https:\/\/swoer.vn\/wp-content\/uploads\/2025\/02\/Ban-ve-kich-thuoc-SDVC31-U\uff0810A\uff09-18x12.webp 18w, https:\/\/swoer.vn\/wp-content\/uploads\/2025\/02\/Ban-ve-kich-thuoc-SDVC31-U\uff0810A\uff09-600x384.webp 600w\" sizes=\"auto, (max-width: 840px) 100vw, 840px\" title=\"\">\t\t\t\t\t\t\n\t\t\t\t\t<\/div>\n\t\t\t\t\t\t\t\t\n<style>\n#image_182531024 {\n  width: 60%;\n}\n<\/style>\n\t<\/div>","protected":false},"excerpt":{"rendered":"<p>\u632f\u52d5\u30b3\u30f3\u30c8\u30ed\u30fc\u30e9\u306f\u3001\u632f\u52d5\u30d5\u30a3\u30fc\u30c0\u306e\u52d5\u4f5c\u72b6\u614b\u3092\u8abf\u6574\u304a\u3088\u3073\u5236\u5fa1\u3059\u308b\u305f\u3081\u306b\u4f7f\u7528\u3055\u308c\u308b\u96fb\u5b50\u6a5f\u5668\u3067\u3059\u3002\u96fb\u6d41\u3068\u96fb\u5727\u3092\u5236\u5fa1\u3059\u308b\u3053\u3068\u3067\u632f\u52d5\u30d5\u30a3\u30fc\u30c0\u30fc\u306e\u632f\u52d5\u5468\u6ce2\u6570\u3068\u632f\u52d5\u632f\u5e45\u3092\u8abf\u6574\u3057\u3001\u6750\u6599\u3092\u9069\u5207\u306a\u901f\u5ea6\u3068\u65b9\u6cd5\u3067\u8f38\u9001\u3067\u304d\u308b\u3088\u3046\u306b\u3057\u307e\u3059\u3002<\/p>","protected":false},"featured_media":1895,"comment_status":"open","ping_status":"closed","template":"","meta":[],"product_brand":[],"product_cat":[86],"product_tag":[83,82,81],"class_list":{"0":"post-1894","1":"product","2":"type-product","3":"status-publish","4":"has-post-thumbnail","6":"product_cat-bo-dieu-khien-nap-rung","7":"product_tag-bo-dieu-khien-bat-rung","8":"product_tag-bo-dieu-khien-may-cap-lieu-rung","9":"product_tag-bo-dieu-khien-rung-dong","11":"first","12":"instock","13":"shipping-taxable","14":"product-type-simple"},"yoast_head":"<!-- This site is optimized with the Yoast SEO plugin v26.0 - https:\/\/yoast.com\/wordpress\/plugins\/seo\/ -->\n<title>B\u1ed9 \u0111i\u1ec1u khi\u1ec3n rung SDVC31-U 10A - Nh\u00e0 s\u1ea3n xu\u1ea5t m\u00e1y c\u1ea5p li\u1ec7u c\u00f4ng nghi\u1ec7p<\/title>\n<meta name=\"description\" content=\"B\u1ed9 \u0111i\u1ec1u khi\u1ec3n rung gi\u00fap \u0111i\u1ec1u ch\u1ec9nh t\u1ea7n su\u1ea5t rung \u1ed5n \u0111\u1ecbnh, n\u00e2ng cao hi\u1ec7u su\u1ea5t v\u00e0 \u0111\u1ed9 ch\u00ednh x\u00e1c trong c\u00e1c h\u1ec7 th\u1ed1ng c\u1ea5p li\u1ec7u t\u1ef1 \u0111\u1ed9ng c\u00f4ng nghi\u1ec7p.\" \/>\n<meta name=\"robots\" content=\"index, follow, max-snippet:-1, max-image-preview:large, max-video-preview:-1\" \/>\n<link rel=\"canonical\" href=\"https:\/\/swoer.vn\/ja\/manufacturer\/bo-dieu-khien-rung-sdvc31-u-10a\/\" \/>\n<meta property=\"og:locale\" content=\"ja_JP\" \/>\n<meta property=\"og:type\" content=\"article\" \/>\n<meta property=\"og:title\" content=\"B\u1ed9 \u0111i\u1ec1u khi\u1ec3n rung SDVC31-U 10A - Nh\u00e0 s\u1ea3n xu\u1ea5t m\u00e1y c\u1ea5p li\u1ec7u c\u00f4ng nghi\u1ec7p\" \/>\n<meta property=\"og:description\" content=\"B\u1ed9 \u0111i\u1ec1u khi\u1ec3n rung gi\u00fap \u0111i\u1ec1u ch\u1ec9nh t\u1ea7n su\u1ea5t rung \u1ed5n \u0111\u1ecbnh, n\u00e2ng cao hi\u1ec7u su\u1ea5t v\u00e0 \u0111\u1ed9 ch\u00ednh x\u00e1c trong c\u00e1c h\u1ec7 th\u1ed1ng c\u1ea5p li\u1ec7u t\u1ef1 \u0111\u1ed9ng c\u00f4ng nghi\u1ec7p.\" \/>\n<meta property=\"og:url\" content=\"https:\/\/swoer.vn\/ja\/manufacturer\/bo-dieu-khien-rung-sdvc31-u-10a\/\" \/>\n<meta property=\"og:site_name\" content=\"Nh\u00e0 s\u1ea3n xu\u1ea5t m\u00e1y c\u1ea5p li\u1ec7u c\u00f4ng nghi\u1ec7p\" \/>\n<meta property=\"article:modified_time\" content=\"2025-03-10T04:44:12+00:00\" \/>\n<meta property=\"og:image\" content=\"https:\/\/swoer.vn\/wp-content\/uploads\/2025\/02\/Bo-dieu-khien-may-cap-lieu-rung-SDVC31-U-10A.webp\" \/>\n\t<meta property=\"og:image:width\" content=\"1000\" \/>\n\t<meta property=\"og:image:height\" content=\"1000\" \/>\n\t<meta property=\"og:image:type\" content=\"image\/webp\" \/>\n<meta name=\"twitter:card\" content=\"summary_large_image\" \/>\n<meta name=\"twitter:label1\" content=\"\u63a8\u5b9a\u8aad\u307f\u53d6\u308a\u6642\u9593\" \/>\n\t<meta name=\"twitter:data1\" content=\"5\u5206\" \/>\n<script type=\"application\/ld+json\" class=\"yoast-schema-graph\">{\"@context\":\"https:\/\/schema.org\",\"@graph\":[{\"@type\":\"WebPage\",\"@id\":\"https:\/\/swoer.vn\/manufacturer\/bo-dieu-khien-rung-sdvc31-u-10a\/\",\"url\":\"https:\/\/swoer.vn\/manufacturer\/bo-dieu-khien-rung-sdvc31-u-10a\/\",\"name\":\"B\u1ed9 \u0111i\u1ec1u khi\u1ec3n rung SDVC31-U 10A - Nh\u00e0 s\u1ea3n xu\u1ea5t m\u00e1y c\u1ea5p li\u1ec7u c\u00f4ng nghi\u1ec7p\",\"isPartOf\":{\"@id\":\"https:\/\/swoer.vn\/#website\"},\"primaryImageOfPage\":{\"@id\":\"https:\/\/swoer.vn\/manufacturer\/bo-dieu-khien-rung-sdvc31-u-10a\/#primaryimage\"},\"image\":{\"@id\":\"https:\/\/swoer.vn\/manufacturer\/bo-dieu-khien-rung-sdvc31-u-10a\/#primaryimage\"},\"thumbnailUrl\":\"https:\/\/swoer.vn\/wp-content\/uploads\/2025\/02\/Bo-dieu-khien-may-cap-lieu-rung-SDVC31-U-10A.webp\",\"datePublished\":\"2025-02-27T07:07:06+00:00\",\"dateModified\":\"2025-03-10T04:44:12+00:00\",\"description\":\"B\u1ed9 \u0111i\u1ec1u khi\u1ec3n rung gi\u00fap \u0111i\u1ec1u ch\u1ec9nh t\u1ea7n su\u1ea5t rung \u1ed5n \u0111\u1ecbnh, n\u00e2ng cao hi\u1ec7u su\u1ea5t v\u00e0 \u0111\u1ed9 ch\u00ednh x\u00e1c trong c\u00e1c h\u1ec7 th\u1ed1ng c\u1ea5p li\u1ec7u t\u1ef1 \u0111\u1ed9ng c\u00f4ng nghi\u1ec7p.\",\"breadcrumb\":{\"@id\":\"https:\/\/swoer.vn\/manufacturer\/bo-dieu-khien-rung-sdvc31-u-10a\/#breadcrumb\"},\"inLanguage\":\"ja\",\"potentialAction\":[{\"@type\":\"ReadAction\",\"target\":[\"https:\/\/swoer.vn\/manufacturer\/bo-dieu-khien-rung-sdvc31-u-10a\/\"]}]},{\"@type\":\"ImageObject\",\"inLanguage\":\"ja\",\"@id\":\"https:\/\/swoer.vn\/manufacturer\/bo-dieu-khien-rung-sdvc31-u-10a\/#primaryimage\",\"url\":\"https:\/\/swoer.vn\/wp-content\/uploads\/2025\/02\/Bo-dieu-khien-may-cap-lieu-rung-SDVC31-U-10A.webp\",\"contentUrl\":\"https:\/\/swoer.vn\/wp-content\/uploads\/2025\/02\/Bo-dieu-khien-may-cap-lieu-rung-SDVC31-U-10A.webp\",\"width\":1000,\"height\":1000,\"caption\":\"B\u1ed9 \u0111i\u1ec1u khi\u1ec3n m\u00e1y c\u1ea5p li\u1ec7u rung SDVC31-U 10A\"},{\"@type\":\"BreadcrumbList\",\"@id\":\"https:\/\/swoer.vn\/manufacturer\/bo-dieu-khien-rung-sdvc31-u-10a\/#breadcrumb\",\"itemListElement\":[{\"@type\":\"ListItem\",\"position\":1,\"name\":\"Home\",\"item\":\"https:\/\/swoer.vn\/\"},{\"@type\":\"ListItem\",\"position\":2,\"name\":\"S\u1ea3n ph\u1ea9m\",\"item\":\"https:\/\/swoer.vn\/shop\/\"},{\"@type\":\"ListItem\",\"position\":3,\"name\":\"B\u1ed9 \u0111i\u1ec1u khi\u1ec3n rung SDVC31-U 10A\"}]},{\"@type\":\"WebSite\",\"@id\":\"https:\/\/swoer.vn\/#website\",\"url\":\"https:\/\/swoer.vn\/\",\"name\":\"Nh\u00e0 s\u1ea3n xu\u1ea5t m\u00e1y c\u1ea5p li\u1ec7u c\u00f4ng nghi\u1ec7p\",\"description\":\"Nh\u00e0 cung c\u1ea5p robot, m\u00e1y c\u1ea5p li\u1ec7u linh ho\u1ea1t, m\u00e1y c\u1ea5p li\u1ec7u ly t\u00e2m, m\u00e1y c\u1ea5p li\u1ec7u rung t\u1ef1 \u0111\u1ed9ng\",\"potentialAction\":[{\"@type\":\"SearchAction\",\"target\":{\"@type\":\"EntryPoint\",\"urlTemplate\":\"https:\/\/swoer.vn\/?s={search_term_string}\"},\"query-input\":{\"@type\":\"PropertyValueSpecification\",\"valueRequired\":true,\"valueName\":\"search_term_string\"}}],\"inLanguage\":\"ja\"}]}<\/script>\n<!-- \/ Yoast SEO plugin. -->","yoast_head_json":{"title":"SDVC31-U 10A \u632f\u52d5\u30b3\u30f3\u30c8\u30ed\u30fc\u30e9 - \u7523\u696d\u7528\u30d5\u30a3\u30fc\u30c0\u30fc\u30e1\u30fc\u30ab\u30fc","description":"\u632f\u52d5\u30b3\u30f3\u30c8\u30ed\u30fc\u30e9\u306f\u632f\u52d5\u5468\u6ce2\u6570\u3092\u5b89\u5b9a\u7684\u306b\u8abf\u6574\u3059\u308b\u306e\u306b\u5f79\u7acb\u3061\u3001\u7523\u696d\u7528\u81ea\u52d5\u7d66\u990c\u30b7\u30b9\u30c6\u30e0\u306e\u52b9\u7387\u3068\u7cbe\u5ea6\u3092\u5411\u4e0a\u3055\u305b\u307e\u3059\u3002","robots":{"index":"index","follow":"follow","max-snippet":"max-snippet:-1","max-image-preview":"max-image-preview:large","max-video-preview":"max-video-preview:-1"},"canonical":"https:\/\/swoer.vn\/ja\/manufacturer\/bo-dieu-khien-rung-sdvc31-u-10a\/","og_locale":"ja_JP","og_type":"article","og_title":"B\u1ed9 \u0111i\u1ec1u khi\u1ec3n rung SDVC31-U 10A - Nh\u00e0 s\u1ea3n xu\u1ea5t m\u00e1y c\u1ea5p li\u1ec7u c\u00f4ng nghi\u1ec7p","og_description":"B\u1ed9 \u0111i\u1ec1u khi\u1ec3n rung gi\u00fap \u0111i\u1ec1u ch\u1ec9nh t\u1ea7n su\u1ea5t rung \u1ed5n \u0111\u1ecbnh, n\u00e2ng cao hi\u1ec7u su\u1ea5t v\u00e0 \u0111\u1ed9 ch\u00ednh x\u00e1c trong c\u00e1c h\u1ec7 th\u1ed1ng c\u1ea5p li\u1ec7u t\u1ef1 \u0111\u1ed9ng c\u00f4ng nghi\u1ec7p.","og_url":"https:\/\/swoer.vn\/ja\/manufacturer\/bo-dieu-khien-rung-sdvc31-u-10a\/","og_site_name":"Nh\u00e0 s\u1ea3n xu\u1ea5t m\u00e1y c\u1ea5p li\u1ec7u c\u00f4ng nghi\u1ec7p","article_modified_time":"2025-03-10T04:44:12+00:00","og_image":[{"width":1000,"height":1000,"url":"https:\/\/swoer.vn\/wp-content\/uploads\/2025\/02\/Bo-dieu-khien-may-cap-lieu-rung-SDVC31-U-10A.webp","type":"image\/webp"}],"twitter_card":"summary_large_image","twitter_misc":{"\u63a8\u5b9a\u8aad\u307f\u53d6\u308a\u6642\u9593":"5\u5206"},"schema":{"@context":"https:\/\/schema.org","@graph":[{"@type":"WebPage","@id":"https:\/\/swoer.vn\/manufacturer\/bo-dieu-khien-rung-sdvc31-u-10a\/","url":"https:\/\/swoer.vn\/manufacturer\/bo-dieu-khien-rung-sdvc31-u-10a\/","name":"SDVC31-U 10A \u632f\u52d5\u30b3\u30f3\u30c8\u30ed\u30fc\u30e9 - \u7523\u696d\u7528\u30d5\u30a3\u30fc\u30c0\u30fc\u30e1\u30fc\u30ab\u30fc","isPartOf":{"@id":"https:\/\/swoer.vn\/#website"},"primaryImageOfPage":{"@id":"https:\/\/swoer.vn\/manufacturer\/bo-dieu-khien-rung-sdvc31-u-10a\/#primaryimage"},"image":{"@id":"https:\/\/swoer.vn\/manufacturer\/bo-dieu-khien-rung-sdvc31-u-10a\/#primaryimage"},"thumbnailUrl":"https:\/\/swoer.vn\/wp-content\/uploads\/2025\/02\/Bo-dieu-khien-may-cap-lieu-rung-SDVC31-U-10A.webp","datePublished":"2025-02-27T07:07:06+00:00","dateModified":"2025-03-10T04:44:12+00:00","description":"\u632f\u52d5\u30b3\u30f3\u30c8\u30ed\u30fc\u30e9\u306f\u632f\u52d5\u5468\u6ce2\u6570\u3092\u5b89\u5b9a\u7684\u306b\u8abf\u6574\u3059\u308b\u306e\u306b\u5f79\u7acb\u3061\u3001\u7523\u696d\u7528\u81ea\u52d5\u7d66\u990c\u30b7\u30b9\u30c6\u30e0\u306e\u52b9\u7387\u3068\u7cbe\u5ea6\u3092\u5411\u4e0a\u3055\u305b\u307e\u3059\u3002","breadcrumb":{"@id":"https:\/\/swoer.vn\/manufacturer\/bo-dieu-khien-rung-sdvc31-u-10a\/#breadcrumb"},"inLanguage":"ja","potentialAction":[{"@type":"ReadAction","target":["https:\/\/swoer.vn\/manufacturer\/bo-dieu-khien-rung-sdvc31-u-10a\/"]}]},{"@type":"ImageObject","inLanguage":"ja","@id":"https:\/\/swoer.vn\/manufacturer\/bo-dieu-khien-rung-sdvc31-u-10a\/#primaryimage","url":"https:\/\/swoer.vn\/wp-content\/uploads\/2025\/02\/Bo-dieu-khien-may-cap-lieu-rung-SDVC31-U-10A.webp","contentUrl":"https:\/\/swoer.vn\/wp-content\/uploads\/2025\/02\/Bo-dieu-khien-may-cap-lieu-rung-SDVC31-U-10A.webp","width":1000,"height":1000,"caption":"B\u1ed9 \u0111i\u1ec1u khi\u1ec3n m\u00e1y c\u1ea5p li\u1ec7u rung SDVC31-U 10A"},{"@type":"BreadcrumbList","@id":"https:\/\/swoer.vn\/manufacturer\/bo-dieu-khien-rung-sdvc31-u-10a\/#breadcrumb","itemListElement":[{"@type":"ListItem","position":1,"name":"Home","item":"https:\/\/swoer.vn\/"},{"@type":"ListItem","position":2,"name":"S\u1ea3n ph\u1ea9m","item":"https:\/\/swoer.vn\/shop\/"},{"@type":"ListItem","position":3,"name":"B\u1ed9 \u0111i\u1ec1u khi\u1ec3n rung SDVC31-U 10A"}]},{"@type":"WebSite","@id":"https:\/\/swoer.vn\/#website","url":"https:\/\/swoer.vn\/","name":"\u5de5\u696d\u7528\u30d5\u30a3\u30fc\u30c0\u30fc\u30e1\u30fc\u30ab\u30fc","description":"\u30ed\u30dc\u30c3\u30c8\u3001\u30d5\u30ec\u30ad\u30b7\u30d6\u30eb\u30d5\u30a3\u30fc\u30c0\u30fc\u3001\u9060\u5fc3\u30d5\u30a3\u30fc\u30c0\u30fc\u3001\u81ea\u52d5\u632f\u52d5\u30d5\u30a3\u30fc\u30c0\u30fc\u306e\u30b5\u30d7\u30e9\u30a4\u30e4\u30fc","potentialAction":[{"@type":"SearchAction","target":{"@type":"EntryPoint","urlTemplate":"https:\/\/swoer.vn\/?s={search_term_string}"},"query-input":{"@type":"PropertyValueSpecification","valueRequired":true,"valueName":"search_term_string"}}],"inLanguage":"ja"}]}},"_links":{"self":[{"href":"https:\/\/swoer.vn\/ja\/wp-json\/wp\/v2\/product\/1894","targetHints":{"allow":["GET"]}}],"collection":[{"href":"https:\/\/swoer.vn\/ja\/wp-json\/wp\/v2\/product"}],"about":[{"href":"https:\/\/swoer.vn\/ja\/wp-json\/wp\/v2\/types\/product"}],"replies":[{"embeddable":true,"href":"https:\/\/swoer.vn\/ja\/wp-json\/wp\/v2\/comments?post=1894"}],"wp:featuredmedia":[{"embeddable":true,"href":"https:\/\/swoer.vn\/ja\/wp-json\/wp\/v2\/media\/1895"}],"wp:attachment":[{"href":"https:\/\/swoer.vn\/ja\/wp-json\/wp\/v2\/media?parent=1894"}],"wp:term":[{"taxonomy":"product_brand","embeddable":true,"href":"https:\/\/swoer.vn\/ja\/wp-json\/wp\/v2\/product_brand?post=1894"},{"taxonomy":"product_cat","embeddable":true,"href":"https:\/\/swoer.vn\/ja\/wp-json\/wp\/v2\/product_cat?post=1894"},{"taxonomy":"product_tag","embeddable":true,"href":"https:\/\/swoer.vn\/ja\/wp-json\/wp\/v2\/product_tag?post=1894"}],"curies":[{"name":"wp","href":"https:\/\/api.w.org\/{rel}","templated":true}]}}