{"id":1868,"date":"2025-02-27T09:24:19","date_gmt":"2025-02-27T02:24:19","guid":{"rendered":"https:\/\/swoer.vn\/?post_type=product&#038;p=1868"},"modified":"2025-02-27T10:31:03","modified_gmt":"2025-02-27T03:31:03","slug":"thiet-bi-tu-dong-kiem-tra-tam-nhin-ccd","status":"publish","type":"product","link":"https:\/\/swoer.vn\/ja\/manufacturer\/thiet-bi-tu-dong-kiem-tra-tam-nhin-ccd\/","title":{"rendered":"CCD\u30d3\u30b8\u30e7\u30f3\u81ea\u52d5\u691c\u67fb\u88c5\u7f6e | AOI\u30de\u30b7\u30f3"},"content":{"rendered":"<section class=\"section\" id=\"section_956849673\">\n\t\t<div class=\"bg section-bg fill bg-fill  bg-loaded\" >\n\n\t\t\t\n\t\t\t\n\t\t\t\n\n\t\t<\/div>\n\n\t\t\n\n\t\t<div class=\"section-content relative\">\n\t\t\t\n<h2><strong><b>\u88fd\u54c1\u7d39\u4ecb<\/b><\/strong><\/h2>\n<p>\u30bf\u30fc\u30f3\u30c6\u30fc\u30d6\u30eb\u5f0f\u5916\u89b3\u691c\u67fb\u6a5f\u306f\u3001\u5404\u7a2e\u90e8\u54c1\u306e\u30b5\u30a4\u30ba\u3001\u5916\u89b3\u7b49\u306e\u6b20\u9665\u3092\u691c\u67fb\u3059\u308b\u305f\u3081\u306b\u958b\u767a\u3055\u308c\u305f\u81ea\u52d5\u691c\u67fb\u88c5\u7f6e\u3067\u3059\u3002\u632f\u52d5\u677f\u306a\u3069\u306e\u30ed\u30fc\u30c7\u30a3\u30f3\u30b0\u6a5f\u69cb\u3092\u4f7f\u7528\u3057\u3066\u90e8\u54c1\u3092\u30ac\u30e9\u30b9\u30bf\u30fc\u30f3\u30c6\u30fc\u30d6\u30eb\u306b\u81ea\u52d5\u7684\u306b\u642c\u9001\u3057\u305f\u5f8c\u3001\u76ee\u8996\u691c\u67fb\u30b9\u30c6\u30fc\u30b7\u30e7\u30f3\u3067\u753b\u50cf\u64ae\u5f71\u3092\u884c\u3044\u307e\u3059\u3002\u90e8\u54c1\u306e\u51e6\u7406\u3002\u30e2\u30fc\u30b7\u30e7\u30f3 \u30b3\u30f3\u30c8\u30ed\u30fc\u30e9\u306f\u3001\u30ac\u30e9\u30b9 \u30bf\u30fc\u30f3\u30c6\u30fc\u30d6\u30eb\u306e\u4e00\u5b9a\u901f\u5ea6\u56de\u8ee2\u3001\u6750\u6599\u4f4d\u7f6e\u306e\u30a8\u30f3\u30b3\u30fc\u30c0 \u30d5\u30a3\u30fc\u30c9\u30d0\u30c3\u30af\u3001\u304a\u3088\u3073\u30cf\u30fc\u30c9\u30a6\u30a7\u30a2\u4f4d\u7f6e\u6bd4\u8f03\u51fa\u529b\u3092\u5b8c\u4e86\u3057\u3001\u30de\u30eb\u30c1 \u30b9\u30c6\u30fc\u30b7\u30e7\u30f3 CCD \u30ab\u30e1\u30e9\u3068\u30a8\u30a2 \u30d6\u30ed\u30ef\u30fc\u3092\u5236\u5fa1\u3057\u3066\u3001\u591a\u9762\u4f53\u306e\u5f62\u72b6\u3001\u30b5\u30a4\u30ba\u3001\u304a\u3088\u3073\u305d\u306e\u4ed6\u306e\u5074\u9762\u306e\u691c\u67fb\u3001\u30b9\u30af\u30ea\u30fc\u30cb\u30f3\u30b0\u3092\u5b8c\u5168\u306b\u81ea\u52d5\u5316\u3057\u307e\u3059\u3002\u5fdc\u7528\u5e02\u5834 \u30bf\u30fc\u30f3\u30c6\u30fc\u30d6\u30eb\u753b\u50cf\u30b9\u30af\u30ea\u30fc\u30cb\u30f3\u30b0\u6a5f\u306f\u30013C \u30a8\u30ec\u30af\u30c8\u30ed\u30cb\u30af\u30b9\u3001\u30ea\u30c1\u30a6\u30e0\u96fb\u6c60\u3001\u96fb\u5b50\u90e8\u54c1\u3001\u534a\u5c0e\u4f53\u3001\u30cf\u30fc\u30c9\u30a6\u30a7\u30a2\u306a\u3069\u306e\u5de5\u696d\u88fd\u9020\u5206\u91ce\u3067\u5e83\u304f\u4f7f\u7528\u3055\u308c\u3066\u3044\u307e\u3059\u3002<\/p>\n\t<div id=\"gap-605948544\" class=\"gap-element clearfix\" style=\"display:block; height:auto;\">\n\t\t\n<style>\n#gap-605948544 {\n  padding-top: 30px;\n}\n<\/style>\n\t<\/div>\n\t\n<h2>\u5229\u70b9<\/h2>\n<ul>\n<li>\u30c6\u30b9\u30c8\u7d50\u679c\u306f\u5b89\u5b9a\u3057\u3066\u304a\u308a\u3001\u975e\u5e38\u306b\u4e00\u8cab\u3057\u3066\u3044\u307e\u3059<\/li>\n<li>\u4e0d\u826f\u54c1\u3092\u81ea\u52d5\u7684\u306b\u9078\u5225\u30fb\u5206\u985e\u3057\u3001\u6392\u9664\u3057\u3066\u88fd\u54c1\u306e\u54c1\u8cea\u3092\u5411\u4e0a<\/li>\n<li>\u8996\u899a\u7684\u306a\u822a\u7a7a\u5199\u771f\u306f\u3001\u9759\u6b62\u5199\u771f\u306b\u6bd4\u3079\u3066\u6a5f\u68b0\u306eCT\u3092\u6e1b\u3089\u3057\u3001\u52b9\u7387\u3092\u5411\u4e0a\u3055\u305b\u307e\u3059\u3002<\/li>\n<li>1 \u53f0\u306e\u6a5f\u68b0\u3092 1 \u4eba\u3067\u64cd\u4f5c\u3059\u308b\u3053\u3068\u3067\u30012 \uff5e 6 \u56de\u306e\u624b\u52d5\u64cd\u4f5c\u3092\u7f6e\u304d\u63db\u3048\u3001\u751f\u7523\u751f\u7523\u6027\u3092\u5411\u4e0a\u3055\u305b\u308b\u3053\u3068\u304c\u3067\u304d\u307e\u3059\u3002<\/li>\n<li>\u5404\u751f\u7523\u691c\u67fb\u5de5\u7a0b\u304c\u78ba\u5b9f\u304b\u3064\u52b9\u7387\u7684\u306b\u884c\u308f\u308c\u3066\u3044\u308b\u304b\u3092\u30aa\u30f3\u30e9\u30a4\u30f3\u3067\u76e3\u8996\u3059\u308b\u3053\u3068\u304c\u53ef\u80fd\u3067\u3059\u3002<\/li>\n<li>o \u5f93\u6765\u306ePLC +\u30bf\u30c3\u30c1\u30b9\u30af\u30ea\u30fc\u30f3\u30bd\u30ea\u30e5\u30fc\u30b7\u30e7\u30f3\u3068\u6bd4\u8f03\u3057\u3066\u3001\u7d71\u5408\u6027\u304c\u9ad8\u304f\u3001\u30b3\u30b9\u30c8\u52b9\u7387\u3068\u5fdc\u7b54\u6027\u306b\u512a\u308c\u3066\u3044\u308b\u305f\u3081\u3001\u3088\u308a\u9ad8\u901f\u3067\u52b9\u7387\u7684\u3067\u3059\u3002<\/li>\n<\/ul>\n\t\t<\/div>\n\n\t\t\n<style>\n#section_956849673 {\n  padding-top: 30px;\n  padding-bottom: 30px;\n}\n<\/style>\n\t<\/section>\n\t\n\t<section class=\"section\" id=\"section_809895639\">\n\t\t<div class=\"bg section-bg fill bg-fill  bg-loaded\" >\n\n\t\t\t\n\t\t\t\n\t\t\t\n\n\t\t<\/div>\n\n\t\t\n\n\t\t<div class=\"section-content relative\">\n\t\t\t\n<h2>\u3055\u307e\u3056\u307e\u306a\u30b3\u30f3\u30dd\u30fc\u30cd\u30f3\u30c8\u3092\u8868\u793a\u3059\u308b<\/h2>\n<div class=\"row\"  id=\"row-594101674\">\n\n\t<div id=\"col-1740999383\" class=\"col medium-4 small-12 large-4\"  >\n\t\t\t\t<div class=\"col-inner\"  >\n\t\t\t\n\t\t\t\n\t<div id=\"gap-1557830774\" class=\"gap-element clearfix\" style=\"display:block; height:auto;\">\n\t\t\n<style>\n#gap-1557830774 {\n  padding-top: 30px;\n}\n<\/style>\n\t<\/div>\n\t\n<h3 style=\"text-align: center;\">\u30e2\u30fc\u30b7\u30e7\u30f3\u30b3\u30f3\u30c8\u30ed\u30fc\u30e9<\/h3>\n\t<div class=\"img has-hover x md-x lg-x y md-y lg-y\" id=\"image_1105602472\">\n\t\t\t\t\t\t\t\t<div class=\"img-inner dark\" >\n\t\t\t<img loading=\"lazy\" decoding=\"async\" width=\"800\" height=\"512\" src=\"https:\/\/swoer.vn\/wp-content\/uploads\/2025\/02\/Bo-dieu-khien-chuyen-dong.webp\" class=\"attachment-original size-original\" alt=\"\u30e2\u30fc\u30b7\u30e7\u30f3\u30b3\u30f3\u30c8\u30ed\u30fc\u30e9\" srcset=\"https:\/\/swoer.vn\/wp-content\/uploads\/2025\/02\/Bo-dieu-khien-chuyen-dong.webp 800w, https:\/\/swoer.vn\/wp-content\/uploads\/2025\/02\/Bo-dieu-khien-chuyen-dong-300x192.webp 300w, https:\/\/swoer.vn\/wp-content\/uploads\/2025\/02\/Bo-dieu-khien-chuyen-dong-768x492.webp 768w, https:\/\/swoer.vn\/wp-content\/uploads\/2025\/02\/Bo-dieu-khien-chuyen-dong-18x12.webp 18w, https:\/\/swoer.vn\/wp-content\/uploads\/2025\/02\/Bo-dieu-khien-chuyen-dong-600x384.webp 600w\" sizes=\"auto, (max-width: 800px) 100vw, 800px\" title=\"\">\t\t\t\t\t\t\n\t\t\t\t\t<\/div>\n\t\t\t\t\t\t\t\t\n<style>\n#image_1105602472 {\n  width: 100%;\n}\n<\/style>\n\t<\/div>\n\t\n\t\t<\/div>\n\t\t\t\t\t<\/div>\n\n\t\n\n\t<div id=\"col-1664051259\" class=\"col medium-4 small-12 large-4\"  >\n\t\t\t\t<div class=\"col-inner\"  >\n\t\t\t\n\t\t\t\n\t<div id=\"gap-1702588498\" class=\"gap-element clearfix\" style=\"display:block; height:auto;\">\n\t\t\n<style>\n#gap-1702588498 {\n  padding-top: 30px;\n}\n<\/style>\n\t<\/div>\n\t\n<h3 style=\"text-align: center;\">\u30c6\u30b9\u30c8\u5bfe\u8c61\u88fd\u54c1<\/h3>\n\t<div class=\"img has-hover x md-x lg-x y md-y lg-y\" id=\"image_113623388\">\n\t\t\t\t\t\t\t\t<div class=\"img-inner dark\" >\n\t\t\t<img loading=\"lazy\" decoding=\"async\" width=\"800\" height=\"512\" src=\"https:\/\/swoer.vn\/wp-content\/uploads\/2025\/02\/san-pham-can-kiem-tra.webp\" class=\"attachment-original size-original\" alt=\"\u30c6\u30b9\u30c8\u5bfe\u8c61\u88fd\u54c1\" srcset=\"https:\/\/swoer.vn\/wp-content\/uploads\/2025\/02\/san-pham-can-kiem-tra.webp 800w, https:\/\/swoer.vn\/wp-content\/uploads\/2025\/02\/san-pham-can-kiem-tra-300x192.webp 300w, https:\/\/swoer.vn\/wp-content\/uploads\/2025\/02\/san-pham-can-kiem-tra-768x492.webp 768w, https:\/\/swoer.vn\/wp-content\/uploads\/2025\/02\/san-pham-can-kiem-tra-18x12.webp 18w, https:\/\/swoer.vn\/wp-content\/uploads\/2025\/02\/san-pham-can-kiem-tra-600x384.webp 600w\" sizes=\"auto, (max-width: 800px) 100vw, 800px\" title=\"\">\t\t\t\t\t\t\n\t\t\t\t\t<\/div>\n\t\t\t\t\t\t\t\t\n<style>\n#image_113623388 {\n  width: 100%;\n}\n<\/style>\n\t<\/div>\n\t\n\t\t<\/div>\n\t\t\t\t\t<\/div>\n\n\t\n\n\t<div id=\"col-31519152\" class=\"col medium-4 small-12 large-4\"  >\n\t\t\t\t<div class=\"col-inner\"  >\n\t\t\t\n\t\t\t\n\t<div id=\"gap-1040815123\" class=\"gap-element clearfix\" style=\"display:block; height:auto;\">\n\t\t\n<style>\n#gap-1040815123 {\n  padding-top: 30px;\n}\n<\/style>\n\t<\/div>\n\t\n<h2 style=\"text-align: center;\">\u7269\u8cea\u306e\u4f4d\u7f6e\u3092\u611f\u77e5\u3057\u8a18\u9332\u3059\u308b<\/h2>\n\t<div class=\"img has-hover x md-x lg-x y md-y lg-y\" id=\"image_1092605270\">\n\t\t\t\t\t\t\t\t<div class=\"img-inner dark\" >\n\t\t\t<img loading=\"lazy\" decoding=\"async\" width=\"800\" height=\"512\" src=\"https:\/\/swoer.vn\/wp-content\/uploads\/2025\/02\/Cam-nhan-vat-lieu-va-ghi-lai-vi-tri-cua-no.webp\" class=\"attachment-original size-original\" alt=\"\u7d20\u6750\u3092\u89e6\u3063\u3066\u4f4d\u7f6e\u3092\u8a18\u9332\u3059\u308b\" srcset=\"https:\/\/swoer.vn\/wp-content\/uploads\/2025\/02\/Cam-nhan-vat-lieu-va-ghi-lai-vi-tri-cua-no.webp 800w, https:\/\/swoer.vn\/wp-content\/uploads\/2025\/02\/Cam-nhan-vat-lieu-va-ghi-lai-vi-tri-cua-no-300x192.webp 300w, https:\/\/swoer.vn\/wp-content\/uploads\/2025\/02\/Cam-nhan-vat-lieu-va-ghi-lai-vi-tri-cua-no-768x492.webp 768w, https:\/\/swoer.vn\/wp-content\/uploads\/2025\/02\/Cam-nhan-vat-lieu-va-ghi-lai-vi-tri-cua-no-18x12.webp 18w, https:\/\/swoer.vn\/wp-content\/uploads\/2025\/02\/Cam-nhan-vat-lieu-va-ghi-lai-vi-tri-cua-no-600x384.webp 600w\" sizes=\"auto, (max-width: 800px) 100vw, 800px\" title=\"\">\t\t\t\t\t\t\n\t\t\t\t\t<\/div>\n\t\t\t\t\t\t\t\t\n<style>\n#image_1092605270 {\n  width: 100%;\n}\n<\/style>\n\t<\/div>\n\t\n\t\t<\/div>\n\t\t\t\t\t<\/div>\n\n\t\n<\/div>\n\t<div id=\"gap-216595003\" class=\"gap-element clearfix\" style=\"display:block; height:auto;\">\n\t\t\n<style>\n#gap-216595003 {\n  padding-top: 30px;\n}\n<\/style>\n\t<\/div>\n\t\n<div class=\"row\"  id=\"row-1527680682\">\n\n\t<div id=\"col-1819419237\" class=\"col medium-4 small-12 large-4\"  >\n\t\t\t\t<div class=\"col-inner\"  >\n\t\t\t\n\t\t\t\n<h3 style=\"text-align: center;\">\u30ab\u30e1\u30e9\u3092\u8d77\u52d5\u3057\u3066\u5199\u771f\u3092\u64ae\u308b<\/h3>\n\t<div class=\"img has-hover x md-x lg-x y md-y lg-y\" id=\"image_32519082\">\n\t\t\t\t\t\t\t\t<div class=\"img-inner dark\" >\n\t\t\t<img loading=\"lazy\" decoding=\"async\" width=\"800\" height=\"512\" src=\"https:\/\/swoer.vn\/wp-content\/uploads\/2025\/02\/Kich-hoat-may-anh-de-chup-anh.webp\" class=\"attachment-original size-original\" alt=\"\u30ab\u30e1\u30e9\u3092\u8d77\u52d5\u3057\u3066\u5199\u771f\u3092\u64ae\u308b\" srcset=\"https:\/\/swoer.vn\/wp-content\/uploads\/2025\/02\/Kich-hoat-may-anh-de-chup-anh.webp 800w, https:\/\/swoer.vn\/wp-content\/uploads\/2025\/02\/Kich-hoat-may-anh-de-chup-anh-300x192.webp 300w, https:\/\/swoer.vn\/wp-content\/uploads\/2025\/02\/Kich-hoat-may-anh-de-chup-anh-768x492.webp 768w, https:\/\/swoer.vn\/wp-content\/uploads\/2025\/02\/Kich-hoat-may-anh-de-chup-anh-18x12.webp 18w, https:\/\/swoer.vn\/wp-content\/uploads\/2025\/02\/Kich-hoat-may-anh-de-chup-anh-600x384.webp 600w\" sizes=\"auto, (max-width: 800px) 100vw, 800px\" title=\"\">\t\t\t\t\t\t\n\t\t\t\t\t<\/div>\n\t\t\t\t\t\t\t\t\n<style>\n#image_32519082 {\n  width: 100%;\n}\n<\/style>\n\t<\/div>\n\t\n\t\t<\/div>\n\t\t\t\t\t<\/div>\n\n\t\n\n\t<div id=\"col-485389043\" class=\"col medium-4 small-12 large-4\"  >\n\t\t\t\t<div class=\"col-inner\"  >\n\t\t\t\n\t\t\t\n<h3 style=\"text-align: center;\">\u8996\u899a\u30b7\u30b9\u30c6\u30e0\u306e\u51e6\u7406<\/h3>\n\t<div class=\"img has-hover x md-x lg-x y md-y lg-y\" id=\"image_260177706\">\n\t\t\t\t\t\t\t\t<div class=\"img-inner dark\" >\n\t\t\t<img loading=\"lazy\" decoding=\"async\" width=\"800\" height=\"512\" src=\"https:\/\/swoer.vn\/wp-content\/uploads\/2025\/02\/Xu-ly-he-thong-thi-giac.webp\" class=\"attachment-original size-original\" alt=\"\u8996\u899a\u30b7\u30b9\u30c6\u30e0\u306e\u51e6\u7406\" srcset=\"https:\/\/swoer.vn\/wp-content\/uploads\/2025\/02\/Xu-ly-he-thong-thi-giac.webp 800w, https:\/\/swoer.vn\/wp-content\/uploads\/2025\/02\/Xu-ly-he-thong-thi-giac-300x192.webp 300w, https:\/\/swoer.vn\/wp-content\/uploads\/2025\/02\/Xu-ly-he-thong-thi-giac-768x492.webp 768w, https:\/\/swoer.vn\/wp-content\/uploads\/2025\/02\/Xu-ly-he-thong-thi-giac-18x12.webp 18w, https:\/\/swoer.vn\/wp-content\/uploads\/2025\/02\/Xu-ly-he-thong-thi-giac-600x384.webp 600w\" sizes=\"auto, (max-width: 800px) 100vw, 800px\" title=\"\">\t\t\t\t\t\t\n\t\t\t\t\t<\/div>\n\t\t\t\t\t\t\t\t\n<style>\n#image_260177706 {\n  width: 100%;\n}\n<\/style>\n\t<\/div>\n\t\n\t\t<\/div>\n\t\t\t\t\t<\/div>\n\n\t\n\n\t<div id=\"col-1296687738\" class=\"col medium-4 small-12 large-4\"  >\n\t\t\t\t<div class=\"col-inner\"  >\n\t\t\t\n\t\t\t\n<h3 style=\"text-align: center;\">\u826f\u8cea\u306a\u88fd\u54c1\u3068\u60aa\u3044\u88fd\u54c1\u306e\u9078\u5225<\/h3>\n\t<div class=\"img has-hover x md-x lg-x y md-y lg-y\" id=\"image_1587663016\">\n\t\t\t\t\t\t\t\t<div class=\"img-inner dark\" >\n\t\t\t<img loading=\"lazy\" decoding=\"async\" width=\"800\" height=\"512\" src=\"https:\/\/swoer.vn\/wp-content\/uploads\/2025\/02\/Sang-loc-san-pham-tot-va-xau.webp\" class=\"attachment-original size-original\" alt=\"\u826f\u8cea\u306a\u88fd\u54c1\u3068\u60aa\u3044\u88fd\u54c1\u306e\u9078\u5225\" srcset=\"https:\/\/swoer.vn\/wp-content\/uploads\/2025\/02\/Sang-loc-san-pham-tot-va-xau.webp 800w, https:\/\/swoer.vn\/wp-content\/uploads\/2025\/02\/Sang-loc-san-pham-tot-va-xau-300x192.webp 300w, https:\/\/swoer.vn\/wp-content\/uploads\/2025\/02\/Sang-loc-san-pham-tot-va-xau-768x492.webp 768w, https:\/\/swoer.vn\/wp-content\/uploads\/2025\/02\/Sang-loc-san-pham-tot-va-xau-18x12.webp 18w, https:\/\/swoer.vn\/wp-content\/uploads\/2025\/02\/Sang-loc-san-pham-tot-va-xau-600x384.webp 600w\" sizes=\"auto, (max-width: 800px) 100vw, 800px\" title=\"\">\t\t\t\t\t\t\n\t\t\t\t\t<\/div>\n\t\t\t\t\t\t\t\t\n<style>\n#image_1587663016 {\n  width: 100%;\n}\n<\/style>\n\t<\/div>\n\t\n\t\t<\/div>\n\t\t\t\t\t<\/div>\n\n\t\n<\/div>\n\t\t<\/div>\n\n\t\t\n<style>\n#section_809895639 {\n  padding-top: 30px;\n  padding-bottom: 30px;\n}\n<\/style>\n\t<\/section>","protected":false},"excerpt":{"rendered":"<p>CCD \u30d3\u30b8\u30e7\u30f3\u30c6\u30b9\u30bf\u30fc | SWOER \u306e AOI \u30de\u30b7\u30f3\u306f\u3001\u88fd\u54c1\u306e\u54c1\u8cea\u3092\u6b63\u78ba\u304b\u3064\u52b9\u7387\u7684\u306b\u81ea\u52d5\u7684\u306b\u691c\u67fb\u3059\u308b\u3088\u3046\u306b\u8a2d\u8a08\u3055\u308c\u3066\u3044\u307e\u3059\u3002\u9ad8\u5ea6\u306a CCD \u30c6\u30af\u30ce\u30ed\u30b8\u30fc\u306b\u3088\u308a\u3001\u3053\u306e\u30c7\u30d0\u30a4\u30b9\u306f\u88fd\u54c1\u8868\u9762\u306e\u6700\u5c0f\u306e\u6b20\u9665\u3092\u691c\u51fa\u3067\u304d\u308b\u305f\u3081\u3001\u54c1\u8cea\u306e\u5411\u4e0a\u3068\u88fd\u9020\u30d7\u30ed\u30bb\u30b9\u306b\u304a\u3051\u308b\u30a8\u30e9\u30fc\u306e\u6700\u5c0f\u5316\u306b\u5f79\u7acb\u3061\u307e\u3059\u3002 AOI\uff08\u81ea\u52d5\u5149\u5b66\u691c\u67fb\uff09\u30de\u30b7\u30f3\u306f\u3001\u691c\u67fb\u3092\u9ad8\u901f\u5316\u3059\u308b\u3060\u3051\u3067\u306a\u304f\u3001\u751f\u7523\u30d7\u30ed\u30bb\u30b9\u3092\u6700\u9069\u5316\u3057\u3001\u88fd\u54c1\u304c\u6700\u9ad8\u57fa\u6e96\u3092\u6e80\u305f\u3059\u3053\u3068\u3092\u4fdd\u8a3c\u3057\u307e\u3059\u3002\u3053\u308c\u306f\u3001\u96fb\u5b50\u6a5f\u5668\u3001\u533b\u7642\u3001\u81ea\u52d5\u8eca\u88fd\u9020\u696d\u754c\u306b\u6700\u9069\u306a\u30bd\u30ea\u30e5\u30fc\u30b7\u30e7\u30f3\u3067\u3059\u3002<\/p>","protected":false},"featured_media":1869,"comment_status":"open","ping_status":"closed","template":"","meta":[],"product_brand":[],"product_cat":[76],"product_tag":[78,77,79],"class_list":{"0":"post-1868","1":"product","2":"type-product","3":"status-publish","4":"has-post-thumbnail","6":"product_cat-san-pham-moi","7":"product_tag-may-aoi","8":"product_tag-may-kiem-tra-tu-dong-aoi","9":"product_tag-thiet-bi-tu-dong-kiem-tra-tam-nhin-ccd","11":"first","12":"instock","13":"shipping-taxable","14":"product-type-simple"},"yoast_head":"<!-- This site is optimized with the Yoast SEO plugin v26.0 - https:\/\/yoast.com\/wordpress\/plugins\/seo\/ -->\n<title>Thi\u1ebft b\u1ecb t\u1ef1 \u0111\u1ed9ng ki\u1ec3m tra t\u1ea7m nh\u00ecn CCD | M\u00e1y AOI - Nh\u00e0 s\u1ea3n xu\u1ea5t m\u00e1y c\u1ea5p li\u1ec7u c\u00f4ng nghi\u1ec7p<\/title>\n<meta name=\"description\" content=\"Kh\u00e1m ph\u00e1 Thi\u1ebft b\u1ecb t\u1ef1 \u0111\u1ed9ng ki\u1ec3m tra t\u1ea7m nh\u00ecn CCD | M\u00e1y AOI c\u1ee7a SWOER, gi\u00fap ki\u1ec3m tra ch\u1ea5t l\u01b0\u1ee3ng s\u1ea3n ph\u1ea9m nhanh ch\u00f3ng, ch\u00ednh x\u00e1c v\u00e0 t\u1ed1i \u01b0u ho\u00e1 quy tr\u00ecnh s\u1ea3n xu\u1ea5t.\" \/>\n<meta name=\"robots\" content=\"index, follow, max-snippet:-1, max-image-preview:large, max-video-preview:-1\" \/>\n<link rel=\"canonical\" href=\"https:\/\/swoer.vn\/ja\/manufacturer\/thiet-bi-tu-dong-kiem-tra-tam-nhin-ccd\/\" \/>\n<meta property=\"og:locale\" content=\"ja_JP\" \/>\n<meta property=\"og:type\" content=\"article\" \/>\n<meta property=\"og:title\" content=\"Thi\u1ebft b\u1ecb t\u1ef1 \u0111\u1ed9ng ki\u1ec3m tra t\u1ea7m nh\u00ecn CCD | M\u00e1y AOI - Nh\u00e0 s\u1ea3n xu\u1ea5t m\u00e1y c\u1ea5p li\u1ec7u c\u00f4ng nghi\u1ec7p\" \/>\n<meta property=\"og:description\" content=\"Kh\u00e1m ph\u00e1 Thi\u1ebft b\u1ecb t\u1ef1 \u0111\u1ed9ng ki\u1ec3m tra t\u1ea7m nh\u00ecn CCD | M\u00e1y AOI c\u1ee7a SWOER, gi\u00fap ki\u1ec3m tra ch\u1ea5t l\u01b0\u1ee3ng s\u1ea3n ph\u1ea9m nhanh ch\u00f3ng, ch\u00ednh x\u00e1c v\u00e0 t\u1ed1i \u01b0u ho\u00e1 quy tr\u00ecnh s\u1ea3n xu\u1ea5t.\" \/>\n<meta property=\"og:url\" content=\"https:\/\/swoer.vn\/ja\/manufacturer\/thiet-bi-tu-dong-kiem-tra-tam-nhin-ccd\/\" \/>\n<meta property=\"og:site_name\" content=\"Nh\u00e0 s\u1ea3n xu\u1ea5t m\u00e1y c\u1ea5p li\u1ec7u c\u00f4ng nghi\u1ec7p\" \/>\n<meta property=\"article:modified_time\" content=\"2025-02-27T03:31:03+00:00\" \/>\n<meta property=\"og:image\" content=\"https:\/\/swoer.vn\/wp-content\/uploads\/2025\/02\/Thiet-bi-tu-dong-kiem-tra-tam-nhin-CCD.webp\" \/>\n\t<meta property=\"og:image:width\" content=\"1000\" \/>\n\t<meta property=\"og:image:height\" content=\"1000\" \/>\n\t<meta property=\"og:image:type\" content=\"image\/webp\" \/>\n<meta name=\"twitter:card\" content=\"summary_large_image\" \/>\n<meta name=\"twitter:label1\" content=\"\u63a8\u5b9a\u8aad\u307f\u53d6\u308a\u6642\u9593\" \/>\n\t<meta name=\"twitter:data1\" content=\"1\u5206\" \/>\n<script type=\"application\/ld+json\" class=\"yoast-schema-graph\">{\"@context\":\"https:\/\/schema.org\",\"@graph\":[{\"@type\":\"WebPage\",\"@id\":\"https:\/\/swoer.vn\/manufacturer\/thiet-bi-tu-dong-kiem-tra-tam-nhin-ccd\/\",\"url\":\"https:\/\/swoer.vn\/manufacturer\/thiet-bi-tu-dong-kiem-tra-tam-nhin-ccd\/\",\"name\":\"Thi\u1ebft b\u1ecb t\u1ef1 \u0111\u1ed9ng ki\u1ec3m tra t\u1ea7m nh\u00ecn CCD | M\u00e1y AOI - Nh\u00e0 s\u1ea3n xu\u1ea5t m\u00e1y c\u1ea5p li\u1ec7u c\u00f4ng nghi\u1ec7p\",\"isPartOf\":{\"@id\":\"https:\/\/swoer.vn\/#website\"},\"primaryImageOfPage\":{\"@id\":\"https:\/\/swoer.vn\/manufacturer\/thiet-bi-tu-dong-kiem-tra-tam-nhin-ccd\/#primaryimage\"},\"image\":{\"@id\":\"https:\/\/swoer.vn\/manufacturer\/thiet-bi-tu-dong-kiem-tra-tam-nhin-ccd\/#primaryimage\"},\"thumbnailUrl\":\"https:\/\/swoer.vn\/wp-content\/uploads\/2025\/02\/Thiet-bi-tu-dong-kiem-tra-tam-nhin-CCD.webp\",\"datePublished\":\"2025-02-27T02:24:19+00:00\",\"dateModified\":\"2025-02-27T03:31:03+00:00\",\"description\":\"Kh\u00e1m ph\u00e1 Thi\u1ebft b\u1ecb t\u1ef1 \u0111\u1ed9ng ki\u1ec3m tra t\u1ea7m nh\u00ecn CCD | M\u00e1y AOI c\u1ee7a SWOER, gi\u00fap ki\u1ec3m tra ch\u1ea5t l\u01b0\u1ee3ng s\u1ea3n ph\u1ea9m nhanh ch\u00f3ng, ch\u00ednh x\u00e1c v\u00e0 t\u1ed1i \u01b0u ho\u00e1 quy tr\u00ecnh s\u1ea3n xu\u1ea5t.\",\"breadcrumb\":{\"@id\":\"https:\/\/swoer.vn\/manufacturer\/thiet-bi-tu-dong-kiem-tra-tam-nhin-ccd\/#breadcrumb\"},\"inLanguage\":\"ja\",\"potentialAction\":[{\"@type\":\"ReadAction\",\"target\":[\"https:\/\/swoer.vn\/manufacturer\/thiet-bi-tu-dong-kiem-tra-tam-nhin-ccd\/\"]}]},{\"@type\":\"ImageObject\",\"inLanguage\":\"ja\",\"@id\":\"https:\/\/swoer.vn\/manufacturer\/thiet-bi-tu-dong-kiem-tra-tam-nhin-ccd\/#primaryimage\",\"url\":\"https:\/\/swoer.vn\/wp-content\/uploads\/2025\/02\/Thiet-bi-tu-dong-kiem-tra-tam-nhin-CCD.webp\",\"contentUrl\":\"https:\/\/swoer.vn\/wp-content\/uploads\/2025\/02\/Thiet-bi-tu-dong-kiem-tra-tam-nhin-CCD.webp\",\"width\":1000,\"height\":1000,\"caption\":\"Thi\u1ebft b\u1ecb t\u1ef1 \u0111\u1ed9ng ki\u1ec3m tra t\u1ea7m nh\u00ecn CCD\"},{\"@type\":\"BreadcrumbList\",\"@id\":\"https:\/\/swoer.vn\/manufacturer\/thiet-bi-tu-dong-kiem-tra-tam-nhin-ccd\/#breadcrumb\",\"itemListElement\":[{\"@type\":\"ListItem\",\"position\":1,\"name\":\"Home\",\"item\":\"https:\/\/swoer.vn\/\"},{\"@type\":\"ListItem\",\"position\":2,\"name\":\"S\u1ea3n ph\u1ea9m\",\"item\":\"https:\/\/swoer.vn\/shop\/\"},{\"@type\":\"ListItem\",\"position\":3,\"name\":\"Thi\u1ebft b\u1ecb t\u1ef1 \u0111\u1ed9ng ki\u1ec3m tra t\u1ea7m nh\u00ecn CCD | M\u00e1y AOI\"}]},{\"@type\":\"WebSite\",\"@id\":\"https:\/\/swoer.vn\/#website\",\"url\":\"https:\/\/swoer.vn\/\",\"name\":\"Nh\u00e0 s\u1ea3n xu\u1ea5t m\u00e1y c\u1ea5p li\u1ec7u c\u00f4ng nghi\u1ec7p\",\"description\":\"Nh\u00e0 cung c\u1ea5p robot, m\u00e1y c\u1ea5p li\u1ec7u linh ho\u1ea1t, m\u00e1y c\u1ea5p li\u1ec7u ly t\u00e2m, m\u00e1y c\u1ea5p li\u1ec7u rung t\u1ef1 \u0111\u1ed9ng\",\"potentialAction\":[{\"@type\":\"SearchAction\",\"target\":{\"@type\":\"EntryPoint\",\"urlTemplate\":\"https:\/\/swoer.vn\/?s={search_term_string}\"},\"query-input\":{\"@type\":\"PropertyValueSpecification\",\"valueRequired\":true,\"valueName\":\"search_term_string\"}}],\"inLanguage\":\"ja\"}]}<\/script>\n<!-- \/ Yoast SEO plugin. -->","yoast_head_json":{"title":"CCD\u30d3\u30b8\u30e7\u30f3\u81ea\u52d5\u691c\u67fb\u88c5\u7f6e | AOI \u30de\u30b7\u30f3 - \u5de5\u696d\u7528\u30d5\u30a3\u30fc\u30c0\u30fc\u30e1\u30fc\u30ab\u30fc","description":"CCD \u30d3\u30b8\u30e7\u30f3\u81ea\u52d5\u691c\u67fb\u88c5\u7f6e\u306e\u8a73\u7d30 | SWOER \u306e AOI \u30de\u30b7\u30f3\u306f\u3001\u88fd\u54c1\u306e\u54c1\u8cea\u3092\u8fc5\u901f\u304b\u3064\u6b63\u78ba\u306b\u30c1\u30a7\u30c3\u30af\u3057\u3001\u751f\u7523\u30d7\u30ed\u30bb\u30b9\u3092\u6700\u9069\u5316\u3059\u308b\u306e\u306b\u5f79\u7acb\u3061\u307e\u3059\u3002","robots":{"index":"index","follow":"follow","max-snippet":"max-snippet:-1","max-image-preview":"max-image-preview:large","max-video-preview":"max-video-preview:-1"},"canonical":"https:\/\/swoer.vn\/ja\/manufacturer\/thiet-bi-tu-dong-kiem-tra-tam-nhin-ccd\/","og_locale":"ja_JP","og_type":"article","og_title":"Thi\u1ebft b\u1ecb t\u1ef1 \u0111\u1ed9ng ki\u1ec3m tra t\u1ea7m nh\u00ecn CCD | M\u00e1y AOI - Nh\u00e0 s\u1ea3n xu\u1ea5t m\u00e1y c\u1ea5p li\u1ec7u c\u00f4ng nghi\u1ec7p","og_description":"Kh\u00e1m ph\u00e1 Thi\u1ebft b\u1ecb t\u1ef1 \u0111\u1ed9ng ki\u1ec3m tra t\u1ea7m nh\u00ecn CCD | M\u00e1y AOI c\u1ee7a SWOER, gi\u00fap ki\u1ec3m tra ch\u1ea5t l\u01b0\u1ee3ng s\u1ea3n ph\u1ea9m nhanh ch\u00f3ng, ch\u00ednh x\u00e1c v\u00e0 t\u1ed1i \u01b0u ho\u00e1 quy tr\u00ecnh s\u1ea3n xu\u1ea5t.","og_url":"https:\/\/swoer.vn\/ja\/manufacturer\/thiet-bi-tu-dong-kiem-tra-tam-nhin-ccd\/","og_site_name":"Nh\u00e0 s\u1ea3n xu\u1ea5t m\u00e1y c\u1ea5p li\u1ec7u c\u00f4ng nghi\u1ec7p","article_modified_time":"2025-02-27T03:31:03+00:00","og_image":[{"width":1000,"height":1000,"url":"https:\/\/swoer.vn\/wp-content\/uploads\/2025\/02\/Thiet-bi-tu-dong-kiem-tra-tam-nhin-CCD.webp","type":"image\/webp"}],"twitter_card":"summary_large_image","twitter_misc":{"\u63a8\u5b9a\u8aad\u307f\u53d6\u308a\u6642\u9593":"1\u5206"},"schema":{"@context":"https:\/\/schema.org","@graph":[{"@type":"WebPage","@id":"https:\/\/swoer.vn\/manufacturer\/thiet-bi-tu-dong-kiem-tra-tam-nhin-ccd\/","url":"https:\/\/swoer.vn\/manufacturer\/thiet-bi-tu-dong-kiem-tra-tam-nhin-ccd\/","name":"CCD\u30d3\u30b8\u30e7\u30f3\u81ea\u52d5\u691c\u67fb\u88c5\u7f6e | AOI \u30de\u30b7\u30f3 - \u5de5\u696d\u7528\u30d5\u30a3\u30fc\u30c0\u30fc\u30e1\u30fc\u30ab\u30fc","isPartOf":{"@id":"https:\/\/swoer.vn\/#website"},"primaryImageOfPage":{"@id":"https:\/\/swoer.vn\/manufacturer\/thiet-bi-tu-dong-kiem-tra-tam-nhin-ccd\/#primaryimage"},"image":{"@id":"https:\/\/swoer.vn\/manufacturer\/thiet-bi-tu-dong-kiem-tra-tam-nhin-ccd\/#primaryimage"},"thumbnailUrl":"https:\/\/swoer.vn\/wp-content\/uploads\/2025\/02\/Thiet-bi-tu-dong-kiem-tra-tam-nhin-CCD.webp","datePublished":"2025-02-27T02:24:19+00:00","dateModified":"2025-02-27T03:31:03+00:00","description":"CCD \u30d3\u30b8\u30e7\u30f3\u81ea\u52d5\u691c\u67fb\u88c5\u7f6e\u306e\u8a73\u7d30 | SWOER \u306e AOI \u30de\u30b7\u30f3\u306f\u3001\u88fd\u54c1\u306e\u54c1\u8cea\u3092\u8fc5\u901f\u304b\u3064\u6b63\u78ba\u306b\u30c1\u30a7\u30c3\u30af\u3057\u3001\u751f\u7523\u30d7\u30ed\u30bb\u30b9\u3092\u6700\u9069\u5316\u3059\u308b\u306e\u306b\u5f79\u7acb\u3061\u307e\u3059\u3002","breadcrumb":{"@id":"https:\/\/swoer.vn\/manufacturer\/thiet-bi-tu-dong-kiem-tra-tam-nhin-ccd\/#breadcrumb"},"inLanguage":"ja","potentialAction":[{"@type":"ReadAction","target":["https:\/\/swoer.vn\/manufacturer\/thiet-bi-tu-dong-kiem-tra-tam-nhin-ccd\/"]}]},{"@type":"ImageObject","inLanguage":"ja","@id":"https:\/\/swoer.vn\/manufacturer\/thiet-bi-tu-dong-kiem-tra-tam-nhin-ccd\/#primaryimage","url":"https:\/\/swoer.vn\/wp-content\/uploads\/2025\/02\/Thiet-bi-tu-dong-kiem-tra-tam-nhin-CCD.webp","contentUrl":"https:\/\/swoer.vn\/wp-content\/uploads\/2025\/02\/Thiet-bi-tu-dong-kiem-tra-tam-nhin-CCD.webp","width":1000,"height":1000,"caption":"Thi\u1ebft b\u1ecb t\u1ef1 \u0111\u1ed9ng ki\u1ec3m tra t\u1ea7m nh\u00ecn CCD"},{"@type":"BreadcrumbList","@id":"https:\/\/swoer.vn\/manufacturer\/thiet-bi-tu-dong-kiem-tra-tam-nhin-ccd\/#breadcrumb","itemListElement":[{"@type":"ListItem","position":1,"name":"Home","item":"https:\/\/swoer.vn\/"},{"@type":"ListItem","position":2,"name":"S\u1ea3n ph\u1ea9m","item":"https:\/\/swoer.vn\/shop\/"},{"@type":"ListItem","position":3,"name":"Thi\u1ebft b\u1ecb t\u1ef1 \u0111\u1ed9ng ki\u1ec3m tra t\u1ea7m nh\u00ecn CCD | M\u00e1y AOI"}]},{"@type":"WebSite","@id":"https:\/\/swoer.vn\/#website","url":"https:\/\/swoer.vn\/","name":"\u5de5\u696d\u7528\u30d5\u30a3\u30fc\u30c0\u30fc\u30e1\u30fc\u30ab\u30fc","description":"\u30ed\u30dc\u30c3\u30c8\u3001\u30d5\u30ec\u30ad\u30b7\u30d6\u30eb\u30d5\u30a3\u30fc\u30c0\u30fc\u3001\u9060\u5fc3\u30d5\u30a3\u30fc\u30c0\u30fc\u3001\u81ea\u52d5\u632f\u52d5\u30d5\u30a3\u30fc\u30c0\u30fc\u306e\u30b5\u30d7\u30e9\u30a4\u30e4\u30fc","potentialAction":[{"@type":"SearchAction","target":{"@type":"EntryPoint","urlTemplate":"https:\/\/swoer.vn\/?s={search_term_string}"},"query-input":{"@type":"PropertyValueSpecification","valueRequired":true,"valueName":"search_term_string"}}],"inLanguage":"ja"}]}},"_links":{"self":[{"href":"https:\/\/swoer.vn\/ja\/wp-json\/wp\/v2\/product\/1868","targetHints":{"allow":["GET"]}}],"collection":[{"href":"https:\/\/swoer.vn\/ja\/wp-json\/wp\/v2\/product"}],"about":[{"href":"https:\/\/swoer.vn\/ja\/wp-json\/wp\/v2\/types\/product"}],"replies":[{"embeddable":true,"href":"https:\/\/swoer.vn\/ja\/wp-json\/wp\/v2\/comments?post=1868"}],"wp:featuredmedia":[{"embeddable":true,"href":"https:\/\/swoer.vn\/ja\/wp-json\/wp\/v2\/media\/1869"}],"wp:attachment":[{"href":"https:\/\/swoer.vn\/ja\/wp-json\/wp\/v2\/media?parent=1868"}],"wp:term":[{"taxonomy":"product_brand","embeddable":true,"href":"https:\/\/swoer.vn\/ja\/wp-json\/wp\/v2\/product_brand?post=1868"},{"taxonomy":"product_cat","embeddable":true,"href":"https:\/\/swoer.vn\/ja\/wp-json\/wp\/v2\/product_cat?post=1868"},{"taxonomy":"product_tag","embeddable":true,"href":"https:\/\/swoer.vn\/ja\/wp-json\/wp\/v2\/product_tag?post=1868"}],"curies":[{"name":"wp","href":"https:\/\/api.w.org\/{rel}","templated":true}]}}