{"id":1852,"date":"2025-02-26T14:39:38","date_gmt":"2025-02-26T07:39:38","guid":{"rendered":"https:\/\/swoer.vn\/?post_type=product&#038;p=1852"},"modified":"2025-02-26T15:41:12","modified_gmt":"2025-02-26T08:41:12","slug":"robot-delta-cong-nghiep","status":"publish","type":"product","link":"https:\/\/swoer.vn\/ja\/manufacturer\/robot-delta-cong-nghiep\/","title":{"rendered":"\u30c7\u30eb\u30bf\u7523\u696d\u7528\u30ed\u30dc\u30c3\u30c8 |\u7523\u696d\u7528\u30b9\u30d1\u30a4\u30c0\u30fc\u30ed\u30dc\u30c3\u30c8"},"content":{"rendered":"<h2>Delta AC-03\u30ed\u30dc\u30c3\u30c8\u306e\u7279\u5fb4<\/h2>\n<ul>\n<li>\u9ad8\u7cbe\u5ea6\u30fb\u9ad8\u901f\u30ed\u30dc\u30c3\u30c8<\/li>\n<li>\u30d7\u30ed\u30b0\u30e9\u30df\u30f3\u30b0\u4e0d\u8981\u3001\u4f7f\u3044\u3084\u3059\u3044<\/li>\n<li>\u30c9\u30e9\u30a4\u30d0\u30fc\u3067\u7c21\u5358\u306b\u4f7f\u7528\u3067\u304d\u3001\u30ef\u30f3\u30b9\u30c6\u30c3\u30d7\u3067\u30a4\u30f3\u30b9\u30c8\u30fc\u30eb\u3067\u304d\u307e\u3059<\/li>\n<li>\u3055\u307e\u3056\u307e\u306a\u5206\u91ce\u306e\u30ed\u30dc\u30c3\u30c8\u30a2\u30d7\u30ea\u30b1\u30fc\u30b7\u30e7\u30f3\u306e\u30cb\u30fc\u30ba\u306b\u67d4\u8edf\u306b\u5bfe\u5fdc<\/li>\n<\/ul>\n\t<div id=\"gap-625514480\" class=\"gap-element clearfix\" style=\"display:block; height:auto;\">\n\t\t\n<style>\n#gap-625514480 {\n  padding-top: 30px;\n}\n<\/style>\n\t<\/div>\n\t\n<h2>\u30d1\u30e9\u30e1\u30fc\u30bf<\/h2>\n<table width=\"705\">\n<tbody>\n<tr>\n<td width=\"159\"><strong>\u540d\u524d<\/strong><\/td>\n<td width=\"178\">\u7bc4\u56f2<\/td>\n<td width=\"198\"><strong>\u540d\u524d<\/strong><\/td>\n<td width=\"170\">\u7bc4\u56f2<\/td>\n<\/tr>\n<tr>\n<td><strong>\u30bf\u30a4\u30d7<\/strong><\/td>\n<td>SW-AC03<\/td>\n<td><strong>\u7e70\u308a\u8fd4\u3057\u7cbe\u5ea6<\/strong><\/td>\n<td>\u00b10.1mm<\/td>\n<\/tr>\n<tr>\n<td><strong>\u96fb\u5727<\/strong><\/td>\n<td>AC220V<\/td>\n<td><strong>\u67d4\u8edf\u306a\u30c7\u30a3\u30b9\u30af\u30b5\u30a4\u30ba<\/strong><\/td>\n<td>100\u00d7150mm<\/td>\n<\/tr>\n<tr>\n<td><strong>\u5bb9\u91cf<\/strong><\/td>\n<td>500W<\/td>\n<td><strong>\u8ee2\u9001\u65b9\u6cd5<\/strong><\/td>\n<td>\u30b5\u30fc\u30dc\u30e2\u30fc\u30bf\u30fc<\/td>\n<\/tr>\n<tr>\n<td><strong>\u30b5\u30a4\u30ba<\/strong><\/td>\n<td>224*380*650mm<\/td>\n<td><strong>\u5149\u6e90<\/strong><\/td>\n<td>\u56db\u89d2\u3044\u767d\u3044\u5149<\/td>\n<\/tr>\n<tr>\n<td><strong>\u91cd\u3055<\/strong><\/td>\n<td>30kg<\/td>\n<td><strong>\u632f\u52d5\u30e2\u30fc\u30c9<\/strong><\/td>\n<td>\u632f\u52d5\u30e2\u30fc\u30bf\u30fc<\/td>\n<\/tr>\n<tr>\n<td><strong>\u696d\u52d9\u7bc4\u56f2<\/strong><\/td>\n<td>250\u00d7300mm<\/td>\n<td><strong>\u89e3\u6c7a<\/strong><\/td>\n<td>3072*2048\u30d4\u30af\u30bb\u30eb<\/td>\n<\/tr>\n<tr>\n<td><strong>\u8a2d\u5b9a\u7bc4\u56f2<\/strong><\/td>\n<td>200\u00d7240mm<\/td>\n<td><strong>\u7a7a\u6c17\u5165\u529b\u6e90<\/strong><\/td>\n<td>0.4\uff5e0.6MPa<\/td>\n<\/tr>\n<tr>\n<td><strong>\u6700\u9ad8\u901f\u5ea6<\/strong><\/td>\n<td>0.4\u79d2\/\u500b<\/td>\n<td><strong>\u51fa\u53e3\u7a7a\u6c17\u5727<\/strong><\/td>\n<td>\u00a04\u30ad\u30ed<\/td>\n<\/tr>\n<\/tbody>\n<\/table>\n\t<div id=\"gap-1299732048\" class=\"gap-element clearfix\" style=\"display:block; height:auto;\">\n\t\t\n<style>\n#gap-1299732048 {\n  padding-top: 30px;\n}\n<\/style>\n\t<\/div>\n\t\n\t<div id=\"gap-1555960127\" class=\"gap-element clearfix\" style=\"display:block; height:auto;\">\n\t\t\n<style>\n#gap-1555960127 {\n  padding-top: 30px;\n}\n<\/style>\n\t<\/div>\n\t\n<div class=\"row\"  id=\"row-1222772814\">\n\n\t<div id=\"col-1158108581\" class=\"col medium-6 small-12 large-6\"  >\n\t\t\t\t<div class=\"col-inner\"  >\n\t\t\t\n\t\t\t\n<h3 style=\"text-align: center;\">\u90e8\u54c1\u540d \u30c7\u30eb\u30bf\u30ed\u30dc\u30c3\u30c8 AC-03<\/h3>\n\t<div id=\"gap-1642701787\" class=\"gap-element clearfix\" style=\"display:block; height:auto;\">\n\t\t\n<style>\n#gap-1642701787 {\n  padding-top: 30px;\n}\n<\/style>\n\t<\/div>\n\t\n\t<div class=\"img has-hover x md-x lg-x y md-y lg-y\" id=\"image_303985932\">\n\t\t\t\t\t\t\t\t<div class=\"img-inner dark\" >\n\t\t\t<img loading=\"lazy\" decoding=\"async\" width=\"577\" height=\"462\" src=\"https:\/\/swoer.vn\/wp-content\/uploads\/2025\/02\/Ten-bo-phan-Robot-Delta-AC-03.webp\" class=\"attachment-original size-original\" alt=\"\u90e8\u54c1\u540d \u30c7\u30eb\u30bf\u30ed\u30dc\u30c3\u30c8 AC-03\" srcset=\"https:\/\/swoer.vn\/wp-content\/uploads\/2025\/02\/Ten-bo-phan-Robot-Delta-AC-03.webp 577w, https:\/\/swoer.vn\/wp-content\/uploads\/2025\/02\/Ten-bo-phan-Robot-Delta-AC-03-300x240.webp 300w, https:\/\/swoer.vn\/wp-content\/uploads\/2025\/02\/Ten-bo-phan-Robot-Delta-AC-03-15x12.webp 15w\" sizes=\"auto, (max-width: 577px) 100vw, 577px\" title=\"\">\t\t\t\t\t\t\n\t\t\t\t\t<\/div>\n\t\t\t\t\t\t\t\t\n<style>\n#image_303985932 {\n  width: 100%;\n}\n<\/style>\n\t<\/div>\n\t\n\t\t<\/div>\n\t\t\t\t\t<\/div>\n\n\t\n\n\t<div id=\"col-859754986\" class=\"col medium-6 small-12 large-6\"  >\n\t\t\t\t<div class=\"col-inner\"  >\n\t\t\t\n\t\t\t\n<h3 style=\"text-align: center;\">\u5916\u5f62\u5bf8\u6cd5<\/h3>\n\t<div id=\"gap-747647870\" class=\"gap-element clearfix\" style=\"display:block; height:auto;\">\n\t\t\n<style>\n#gap-747647870 {\n  padding-top: 30px;\n}\n<\/style>\n\t<\/div>\n\t\n\t<div class=\"img has-hover x md-x lg-x y md-y lg-y\" id=\"image_1612761024\">\n\t\t\t\t\t\t\t\t<div class=\"img-inner dark\" >\n\t\t\t<img loading=\"lazy\" decoding=\"async\" width=\"577\" height=\"462\" src=\"https:\/\/swoer.vn\/wp-content\/uploads\/2025\/02\/Kich-thuoc-be-ngoai-cua.webp\" class=\"attachment-original size-original\" alt=\"\u5916\u5f62\u5bf8\u6cd5\" srcset=\"https:\/\/swoer.vn\/wp-content\/uploads\/2025\/02\/Kich-thuoc-be-ngoai-cua.webp 577w, https:\/\/swoer.vn\/wp-content\/uploads\/2025\/02\/Kich-thuoc-be-ngoai-cua-300x240.webp 300w, https:\/\/swoer.vn\/wp-content\/uploads\/2025\/02\/Kich-thuoc-be-ngoai-cua-15x12.webp 15w\" sizes=\"auto, (max-width: 577px) 100vw, 577px\" title=\"\">\t\t\t\t\t\t\n\t\t\t\t\t<\/div>\n\t\t\t\t\t\t\t\t\n<style>\n#image_1612761024 {\n  width: 100%;\n}\n<\/style>\n\t<\/div>\n\t\n\t\t<\/div>\n\t\t\t\t\t<\/div>\n\n\t\n<\/div>\n\t<div id=\"gap-1583885598\" class=\"gap-element clearfix\" style=\"display:block; height:auto;\">\n\t\t\n<style>\n#gap-1583885598 {\n  padding-top: 30px;\n}\n<\/style>\n\t<\/div>\n\t\n<h2>\u5305\u88c5\u5185\u5bb9\u660e\u7d30\u66f8<\/h2>\n\t<div class=\"img has-hover x md-x lg-x y md-y lg-y\" id=\"image_1993682353\">\n\t\t\t\t\t\t\t\t<div class=\"img-inner dark\" >\n\t\t\t<img loading=\"lazy\" decoding=\"async\" width=\"1000\" height=\"841\" src=\"https:\/\/swoer.vn\/wp-content\/uploads\/2025\/02\/Danh-sach-dong-goi.webp\" class=\"attachment-original size-original\" alt=\"\u5305\u88c5\u5185\u5bb9\u660e\u7d30\u66f8\" srcset=\"https:\/\/swoer.vn\/wp-content\/uploads\/2025\/02\/Danh-sach-dong-goi.webp 1000w, https:\/\/swoer.vn\/wp-content\/uploads\/2025\/02\/Danh-sach-dong-goi-300x252.webp 300w, https:\/\/swoer.vn\/wp-content\/uploads\/2025\/02\/Danh-sach-dong-goi-768x646.webp 768w, https:\/\/swoer.vn\/wp-content\/uploads\/2025\/02\/Danh-sach-dong-goi-14x12.webp 14w, https:\/\/swoer.vn\/wp-content\/uploads\/2025\/02\/Danh-sach-dong-goi-600x505.webp 600w\" sizes=\"auto, (max-width: 1000px) 100vw, 1000px\" title=\"\">\t\t\t\t\t\t\n\t\t\t\t\t<\/div>\n\t\t\t\t\t\t\t\t\n<style>\n#image_1993682353 {\n  width: 100%;\n}\n<\/style>\n\t<\/div>","protected":false},"excerpt":{"rendered":"<p>SWOER \u306e\u7523\u696d\u7528\u30c7\u30eb\u30bf\u30ed\u30dc\u30c3\u30c8\u3068\u7523\u696d\u7528\u30b9\u30d1\u30a4\u30c0\u30fc\u30ed\u30dc\u30c3\u30c8\u306f\u3001\u88fd\u9020\u696d\u306e\u81ea\u52d5\u5316\u30a2\u30d7\u30ea\u30b1\u30fc\u30b7\u30e7\u30f3\u306b\u6700\u9069\u306a\u30bd\u30ea\u30e5\u30fc\u30b7\u30e7\u30f3\u3067\u3059\u3002\u3053\u308c\u3089\u306e\u30ed\u30dc\u30c3\u30c8\u306f\u30a4\u30f3\u30c6\u30ea\u30b8\u30a7\u30f3\u30c8\u306a\u8a2d\u8a08\u3068\u67d4\u8edf\u306a\u30e2\u30d3\u30ea\u30c6\u30a3\u3092\u5099\u3048\u3066\u304a\u308a\u3001\u52b9\u7387\u6027\u3092\u9ad8\u3081\u308b\u3060\u3051\u3067\u306a\u304f\u3001\u4eba\u4ef6\u8cbb\u3082\u524a\u6e1b\u3057\u307e\u3059\u3002\u7279\u306b\u3001\u5e45\u5e83\u3044\u7528\u9014\u3067\u3001\u7d44\u307f\u7acb\u3066\u304b\u3089\u88fd\u54c1\u306e\u54c1\u8cea\u691c\u67fb\u307e\u3067\u3001\u8907\u96d1\u306a\u751f\u7523\u30e9\u30a4\u30f3\u306e\u52b9\u7387\u5411\u4e0a\u306b\u8ca2\u732e\u3057\u307e\u3059\u3002<\/p>","protected":false},"featured_media":1853,"comment_status":"open","ping_status":"closed","template":"","meta":[],"product_brand":[],"product_cat":[69],"product_tag":[70,72,71],"class_list":{"0":"post-1852","1":"product","2":"type-product","3":"status-publish","4":"has-post-thumbnail","6":"product_cat-delta-robot","7":"product_tag-robot-delta","8":"product_tag-robot-nhen-cong-nghiep","9":"product_tag-robot-nhen-trong-san-xuat","11":"first","12":"instock","13":"shipping-taxable","14":"product-type-simple"},"yoast_head":"<!-- This site is optimized with the Yoast SEO plugin v26.0 - https:\/\/yoast.com\/wordpress\/plugins\/seo\/ -->\n<title>Robot Delta c\u00f4ng nghi\u1ec7p | Robot nh\u1ec7n c\u00f4ng nghi\u1ec7p - Nh\u00e0 s\u1ea3n xu\u1ea5t m\u00e1y c\u1ea5p li\u1ec7u c\u00f4ng nghi\u1ec7p<\/title>\n<meta name=\"description\" content=\"Robot Delta c\u00f4ng nghi\u1ec7p v\u00e0 Robot nh\u1ec7n c\u00f4ng nghi\u1ec7p SWOER mang \u0111\u1ebfn gi\u1ea3i ph\u00e1p t\u1ed1i \u01b0u cho t\u1ef1 \u0111\u1ed9ng h\u00f3a s\u1ea3n xu\u1ea5t. T\u0103ng c\u01b0\u1eddng hi\u1ec7u su\u1ea5t v\u00e0 \u0111\u1ed9 ch\u00ednh x\u00e1c ngay h\u00f4m nay!\" \/>\n<meta name=\"robots\" content=\"index, follow, max-snippet:-1, max-image-preview:large, max-video-preview:-1\" \/>\n<link rel=\"canonical\" href=\"https:\/\/swoer.vn\/ja\/manufacturer\/robot-delta-cong-nghiep\/\" \/>\n<meta property=\"og:locale\" content=\"ja_JP\" \/>\n<meta property=\"og:type\" content=\"article\" \/>\n<meta property=\"og:title\" content=\"Robot Delta c\u00f4ng nghi\u1ec7p | Robot nh\u1ec7n c\u00f4ng nghi\u1ec7p - Nh\u00e0 s\u1ea3n xu\u1ea5t m\u00e1y c\u1ea5p li\u1ec7u c\u00f4ng nghi\u1ec7p\" \/>\n<meta property=\"og:description\" content=\"Robot Delta c\u00f4ng nghi\u1ec7p v\u00e0 Robot nh\u1ec7n c\u00f4ng nghi\u1ec7p SWOER mang \u0111\u1ebfn gi\u1ea3i ph\u00e1p t\u1ed1i \u01b0u cho t\u1ef1 \u0111\u1ed9ng h\u00f3a s\u1ea3n xu\u1ea5t. T\u0103ng c\u01b0\u1eddng hi\u1ec7u su\u1ea5t v\u00e0 \u0111\u1ed9 ch\u00ednh x\u00e1c ngay h\u00f4m nay!\" \/>\n<meta property=\"og:url\" content=\"https:\/\/swoer.vn\/ja\/manufacturer\/robot-delta-cong-nghiep\/\" \/>\n<meta property=\"og:site_name\" content=\"Nh\u00e0 s\u1ea3n xu\u1ea5t m\u00e1y c\u1ea5p li\u1ec7u c\u00f4ng nghi\u1ec7p\" \/>\n<meta property=\"article:modified_time\" content=\"2025-02-26T08:41:12+00:00\" \/>\n<meta property=\"og:image\" content=\"https:\/\/swoer.vn\/wp-content\/uploads\/2025\/02\/Robot-Delta-cong-nghiep.webp\" \/>\n\t<meta property=\"og:image:width\" content=\"1000\" \/>\n\t<meta property=\"og:image:height\" content=\"1000\" \/>\n\t<meta property=\"og:image:type\" content=\"image\/webp\" \/>\n<meta name=\"twitter:card\" content=\"summary_large_image\" \/>\n<meta name=\"twitter:label1\" content=\"\u63a8\u5b9a\u8aad\u307f\u53d6\u308a\u6642\u9593\" \/>\n\t<meta name=\"twitter:data1\" content=\"2\u5206\" \/>\n<script type=\"application\/ld+json\" class=\"yoast-schema-graph\">{\"@context\":\"https:\/\/schema.org\",\"@graph\":[{\"@type\":\"WebPage\",\"@id\":\"https:\/\/swoer.vn\/manufacturer\/robot-delta-cong-nghiep\/\",\"url\":\"https:\/\/swoer.vn\/manufacturer\/robot-delta-cong-nghiep\/\",\"name\":\"Robot Delta c\u00f4ng nghi\u1ec7p | Robot nh\u1ec7n c\u00f4ng nghi\u1ec7p - Nh\u00e0 s\u1ea3n xu\u1ea5t m\u00e1y c\u1ea5p li\u1ec7u c\u00f4ng nghi\u1ec7p\",\"isPartOf\":{\"@id\":\"https:\/\/swoer.vn\/#website\"},\"primaryImageOfPage\":{\"@id\":\"https:\/\/swoer.vn\/manufacturer\/robot-delta-cong-nghiep\/#primaryimage\"},\"image\":{\"@id\":\"https:\/\/swoer.vn\/manufacturer\/robot-delta-cong-nghiep\/#primaryimage\"},\"thumbnailUrl\":\"https:\/\/swoer.vn\/wp-content\/uploads\/2025\/02\/Robot-Delta-cong-nghiep.webp\",\"datePublished\":\"2025-02-26T07:39:38+00:00\",\"dateModified\":\"2025-02-26T08:41:12+00:00\",\"description\":\"Robot Delta c\u00f4ng nghi\u1ec7p v\u00e0 Robot nh\u1ec7n c\u00f4ng nghi\u1ec7p SWOER mang \u0111\u1ebfn gi\u1ea3i ph\u00e1p t\u1ed1i \u01b0u cho t\u1ef1 \u0111\u1ed9ng h\u00f3a s\u1ea3n xu\u1ea5t. T\u0103ng c\u01b0\u1eddng hi\u1ec7u su\u1ea5t v\u00e0 \u0111\u1ed9 ch\u00ednh x\u00e1c ngay h\u00f4m nay!\",\"breadcrumb\":{\"@id\":\"https:\/\/swoer.vn\/manufacturer\/robot-delta-cong-nghiep\/#breadcrumb\"},\"inLanguage\":\"ja\",\"potentialAction\":[{\"@type\":\"ReadAction\",\"target\":[\"https:\/\/swoer.vn\/manufacturer\/robot-delta-cong-nghiep\/\"]}]},{\"@type\":\"ImageObject\",\"inLanguage\":\"ja\",\"@id\":\"https:\/\/swoer.vn\/manufacturer\/robot-delta-cong-nghiep\/#primaryimage\",\"url\":\"https:\/\/swoer.vn\/wp-content\/uploads\/2025\/02\/Robot-Delta-cong-nghiep.webp\",\"contentUrl\":\"https:\/\/swoer.vn\/wp-content\/uploads\/2025\/02\/Robot-Delta-cong-nghiep.webp\",\"width\":1000,\"height\":1000,\"caption\":\"Robot Delta c\u00f4ng nghi\u1ec7p\"},{\"@type\":\"BreadcrumbList\",\"@id\":\"https:\/\/swoer.vn\/manufacturer\/robot-delta-cong-nghiep\/#breadcrumb\",\"itemListElement\":[{\"@type\":\"ListItem\",\"position\":1,\"name\":\"Home\",\"item\":\"https:\/\/swoer.vn\/\"},{\"@type\":\"ListItem\",\"position\":2,\"name\":\"S\u1ea3n ph\u1ea9m\",\"item\":\"https:\/\/swoer.vn\/shop\/\"},{\"@type\":\"ListItem\",\"position\":3,\"name\":\"Robot Delta c\u00f4ng nghi\u1ec7p | Robot nh\u1ec7n c\u00f4ng nghi\u1ec7p\"}]},{\"@type\":\"WebSite\",\"@id\":\"https:\/\/swoer.vn\/#website\",\"url\":\"https:\/\/swoer.vn\/\",\"name\":\"Nh\u00e0 s\u1ea3n xu\u1ea5t m\u00e1y c\u1ea5p li\u1ec7u c\u00f4ng nghi\u1ec7p\",\"description\":\"Nh\u00e0 cung c\u1ea5p robot, m\u00e1y c\u1ea5p li\u1ec7u linh ho\u1ea1t, m\u00e1y c\u1ea5p li\u1ec7u ly t\u00e2m, m\u00e1y c\u1ea5p li\u1ec7u rung t\u1ef1 \u0111\u1ed9ng\",\"potentialAction\":[{\"@type\":\"SearchAction\",\"target\":{\"@type\":\"EntryPoint\",\"urlTemplate\":\"https:\/\/swoer.vn\/?s={search_term_string}\"},\"query-input\":{\"@type\":\"PropertyValueSpecification\",\"valueRequired\":true,\"valueName\":\"search_term_string\"}}],\"inLanguage\":\"ja\"}]}<\/script>\n<!-- \/ Yoast SEO plugin. -->","yoast_head_json":{"title":"\u30c7\u30eb\u30bf\u7523\u696d\u7528\u30ed\u30dc\u30c3\u30c8 |\u7523\u696d\u7528\u30b9\u30d1\u30a4\u30c0\u30fc\u30ed\u30dc\u30c3\u30c8 - \u7523\u696d\u7528\u30d5\u30a3\u30fc\u30c0\u30fc\u30e1\u30fc\u30ab\u30fc","description":"Delta Industrial Robots \u3068 SWOER Industrial Spider Robots \u306f\u3001\u751f\u7523\u81ea\u52d5\u5316\u306b\u6700\u9069\u306a\u30bd\u30ea\u30e5\u30fc\u30b7\u30e7\u30f3\u3092\u63d0\u4f9b\u3057\u307e\u3059\u3002\u4eca\u3059\u3050\u30d1\u30d5\u30a9\u30fc\u30de\u30f3\u30b9\u3068\u7cbe\u5ea6\u3092\u5411\u4e0a\u3055\u305b\u307e\u3057\u3087\u3046!","robots":{"index":"index","follow":"follow","max-snippet":"max-snippet:-1","max-image-preview":"max-image-preview:large","max-video-preview":"max-video-preview:-1"},"canonical":"https:\/\/swoer.vn\/ja\/manufacturer\/robot-delta-cong-nghiep\/","og_locale":"ja_JP","og_type":"article","og_title":"Robot Delta c\u00f4ng nghi\u1ec7p | Robot nh\u1ec7n c\u00f4ng nghi\u1ec7p - Nh\u00e0 s\u1ea3n xu\u1ea5t m\u00e1y c\u1ea5p li\u1ec7u c\u00f4ng nghi\u1ec7p","og_description":"Robot Delta c\u00f4ng nghi\u1ec7p v\u00e0 Robot nh\u1ec7n c\u00f4ng nghi\u1ec7p SWOER mang \u0111\u1ebfn gi\u1ea3i ph\u00e1p t\u1ed1i \u01b0u cho t\u1ef1 \u0111\u1ed9ng h\u00f3a s\u1ea3n xu\u1ea5t. T\u0103ng c\u01b0\u1eddng hi\u1ec7u su\u1ea5t v\u00e0 \u0111\u1ed9 ch\u00ednh x\u00e1c ngay h\u00f4m nay!","og_url":"https:\/\/swoer.vn\/ja\/manufacturer\/robot-delta-cong-nghiep\/","og_site_name":"Nh\u00e0 s\u1ea3n xu\u1ea5t m\u00e1y c\u1ea5p li\u1ec7u c\u00f4ng nghi\u1ec7p","article_modified_time":"2025-02-26T08:41:12+00:00","og_image":[{"width":1000,"height":1000,"url":"https:\/\/swoer.vn\/wp-content\/uploads\/2025\/02\/Robot-Delta-cong-nghiep.webp","type":"image\/webp"}],"twitter_card":"summary_large_image","twitter_misc":{"\u63a8\u5b9a\u8aad\u307f\u53d6\u308a\u6642\u9593":"2\u5206"},"schema":{"@context":"https:\/\/schema.org","@graph":[{"@type":"WebPage","@id":"https:\/\/swoer.vn\/manufacturer\/robot-delta-cong-nghiep\/","url":"https:\/\/swoer.vn\/manufacturer\/robot-delta-cong-nghiep\/","name":"\u30c7\u30eb\u30bf\u7523\u696d\u7528\u30ed\u30dc\u30c3\u30c8 |\u7523\u696d\u7528\u30b9\u30d1\u30a4\u30c0\u30fc\u30ed\u30dc\u30c3\u30c8 - \u7523\u696d\u7528\u30d5\u30a3\u30fc\u30c0\u30fc\u30e1\u30fc\u30ab\u30fc","isPartOf":{"@id":"https:\/\/swoer.vn\/#website"},"primaryImageOfPage":{"@id":"https:\/\/swoer.vn\/manufacturer\/robot-delta-cong-nghiep\/#primaryimage"},"image":{"@id":"https:\/\/swoer.vn\/manufacturer\/robot-delta-cong-nghiep\/#primaryimage"},"thumbnailUrl":"https:\/\/swoer.vn\/wp-content\/uploads\/2025\/02\/Robot-Delta-cong-nghiep.webp","datePublished":"2025-02-26T07:39:38+00:00","dateModified":"2025-02-26T08:41:12+00:00","description":"Delta Industrial Robots \u3068 SWOER Industrial Spider Robots \u306f\u3001\u751f\u7523\u81ea\u52d5\u5316\u306b\u6700\u9069\u306a\u30bd\u30ea\u30e5\u30fc\u30b7\u30e7\u30f3\u3092\u63d0\u4f9b\u3057\u307e\u3059\u3002\u4eca\u3059\u3050\u30d1\u30d5\u30a9\u30fc\u30de\u30f3\u30b9\u3068\u7cbe\u5ea6\u3092\u5411\u4e0a\u3055\u305b\u307e\u3057\u3087\u3046!","breadcrumb":{"@id":"https:\/\/swoer.vn\/manufacturer\/robot-delta-cong-nghiep\/#breadcrumb"},"inLanguage":"ja","potentialAction":[{"@type":"ReadAction","target":["https:\/\/swoer.vn\/manufacturer\/robot-delta-cong-nghiep\/"]}]},{"@type":"ImageObject","inLanguage":"ja","@id":"https:\/\/swoer.vn\/manufacturer\/robot-delta-cong-nghiep\/#primaryimage","url":"https:\/\/swoer.vn\/wp-content\/uploads\/2025\/02\/Robot-Delta-cong-nghiep.webp","contentUrl":"https:\/\/swoer.vn\/wp-content\/uploads\/2025\/02\/Robot-Delta-cong-nghiep.webp","width":1000,"height":1000,"caption":"Robot Delta c\u00f4ng nghi\u1ec7p"},{"@type":"BreadcrumbList","@id":"https:\/\/swoer.vn\/manufacturer\/robot-delta-cong-nghiep\/#breadcrumb","itemListElement":[{"@type":"ListItem","position":1,"name":"Home","item":"https:\/\/swoer.vn\/"},{"@type":"ListItem","position":2,"name":"S\u1ea3n ph\u1ea9m","item":"https:\/\/swoer.vn\/shop\/"},{"@type":"ListItem","position":3,"name":"Robot Delta c\u00f4ng nghi\u1ec7p | Robot nh\u1ec7n c\u00f4ng nghi\u1ec7p"}]},{"@type":"WebSite","@id":"https:\/\/swoer.vn\/#website","url":"https:\/\/swoer.vn\/","name":"\u5de5\u696d\u7528\u30d5\u30a3\u30fc\u30c0\u30fc\u30e1\u30fc\u30ab\u30fc","description":"\u30ed\u30dc\u30c3\u30c8\u3001\u30d5\u30ec\u30ad\u30b7\u30d6\u30eb\u30d5\u30a3\u30fc\u30c0\u30fc\u3001\u9060\u5fc3\u30d5\u30a3\u30fc\u30c0\u30fc\u3001\u81ea\u52d5\u632f\u52d5\u30d5\u30a3\u30fc\u30c0\u30fc\u306e\u30b5\u30d7\u30e9\u30a4\u30e4\u30fc","potentialAction":[{"@type":"SearchAction","target":{"@type":"EntryPoint","urlTemplate":"https:\/\/swoer.vn\/?s={search_term_string}"},"query-input":{"@type":"PropertyValueSpecification","valueRequired":true,"valueName":"search_term_string"}}],"inLanguage":"ja"}]}},"_links":{"self":[{"href":"https:\/\/swoer.vn\/ja\/wp-json\/wp\/v2\/product\/1852","targetHints":{"allow":["GET"]}}],"collection":[{"href":"https:\/\/swoer.vn\/ja\/wp-json\/wp\/v2\/product"}],"about":[{"href":"https:\/\/swoer.vn\/ja\/wp-json\/wp\/v2\/types\/product"}],"replies":[{"embeddable":true,"href":"https:\/\/swoer.vn\/ja\/wp-json\/wp\/v2\/comments?post=1852"}],"wp:featuredmedia":[{"embeddable":true,"href":"https:\/\/swoer.vn\/ja\/wp-json\/wp\/v2\/media\/1853"}],"wp:attachment":[{"href":"https:\/\/swoer.vn\/ja\/wp-json\/wp\/v2\/media?parent=1852"}],"wp:term":[{"taxonomy":"product_brand","embeddable":true,"href":"https:\/\/swoer.vn\/ja\/wp-json\/wp\/v2\/product_brand?post=1852"},{"taxonomy":"product_cat","embeddable":true,"href":"https:\/\/swoer.vn\/ja\/wp-json\/wp\/v2\/product_cat?post=1852"},{"taxonomy":"product_tag","embeddable":true,"href":"https:\/\/swoer.vn\/ja\/wp-json\/wp\/v2\/product_tag?post=1852"}],"curies":[{"name":"wp","href":"https:\/\/api.w.org\/{rel}","templated":true}]}}