{"id":1848,"date":"2025-02-26T09:43:56","date_gmt":"2025-02-26T02:43:56","guid":{"rendered":"https:\/\/swoer.vn\/?post_type=product&#038;p=1848"},"modified":"2025-02-26T09:51:44","modified_gmt":"2025-02-26T02:51:44","slug":"bo-nap-linh-hoat-sw-530","status":"publish","type":"product","link":"https:\/\/swoer.vn\/ja\/manufacturer\/bo-nap-linh-hoat-sw-530\/","title":{"rendered":"\u30d5\u30ec\u30ad\u30b7\u30d6\u30eb\u30d5\u30a3\u30fc\u30c0\u30fc SW-530"},"content":{"rendered":"<h2>\u8a73\u7d30\u4ed5\u69d8<\/h2>\n<table width=\"650\">\n<tbody>\n<tr>\n<td width=\"356\"><strong>\u8868\u73fe<\/strong><\/td>\n<td width=\"294\">SW-530<\/td>\n<\/tr>\n<tr>\n<td width=\"356\"><strong>\u30b5\u30a4\u30ba\uff08mm\uff09<\/strong><\/td>\n<td width=\"294\">710*480*211<\/td>\n<\/tr>\n<tr>\n<td><strong>\u30d5\u30a3\u30fc\u30c0\u30fc\u306e\u30b5\u30a4\u30ba\uff08mm\uff09<\/strong><\/td>\n<td width=\"294\">550*460*60<\/td>\n<\/tr>\n<tr>\n<td width=\"356\"><strong>\u91cd\u3055<\/strong><\/td>\n<td width=\"294\">\u7d0461.5kg<\/td>\n<\/tr>\n<tr>\n<td width=\"356\"><strong>\u96fb\u5727<\/strong><\/td>\n<td width=\"294\">DC20-30V(\u63a8\u596824V)<\/td>\n<\/tr>\n<tr>\n<td width=\"356\"><strong>\u6700\u5927\u96fb\u6d41<\/strong><\/td>\n<td width=\"294\">6A<\/td>\n<\/tr>\n<tr>\n<td width=\"356\"><strong>\u4ed5\u7d44\u307f<\/strong><\/td>\n<td width=\"294\">\u4e0a\u3001\u4e0b\u3001\u5de6\u3001\u53f3\u3001\u5de6\u4e0a\u3001\u5de6\u4e0b\u3001\u53f3\u4e0a\u3068\u53f3\u4e0b\u3001\u4e2d\u592e\u4e0a\u4e0b\u3001\u4e2d\u592e\u5de6\u3068\u53f3\u306b\u52d5\u304b\u3057\u3001\u632f\u3063\u3066\u53cd\u8ee2\u3057\u3001\u76f4\u63a5\u632f\u52d5\u3055\u305b\u3066\u8aad\u307f\u8fbc\u307f\u307e\u3059<\/td>\n<\/tr>\n<tr>\n<td width=\"356\"><strong>\u898f\u5247\u6027<\/strong><\/td>\n<td width=\"294\">10\u301c62Hz<\/td>\n<\/tr>\n<tr>\n<td width=\"356\"><strong>\u52d5\u4f5c\u97f3<\/strong><\/td>\n<td width=\"294\">&lt;50dB<\/td>\n<\/tr>\n<tr>\n<td width=\"356\"><strong>\u6700\u5927\u8377\u91cd<\/strong><\/td>\n<td width=\"294\">1.5kg<\/td>\n<\/tr>\n<tr>\n<td width=\"356\"><strong>\u53cd\u8ee2\u3057\u305f\u6750\u65991\u679a\u306e\u91cd\u91cf<\/strong><\/td>\n<td width=\"294\">150g\u672a\u6e80<\/td>\n<\/tr>\n<tr>\n<td rowspan=\"2\" width=\"356\"><strong>\u30b7\u30b0\u30ca\u30eb\u76f8\u4e92\u4f5c\u7528<\/strong><\/td>\n<td width=\"294\">TCP\/IP\u901a\u4fe1<\/td>\n<\/tr>\n<tr>\n<td width=\"294\">\u5165\u51fa\u529b\u30a4\u30f3\u30bf\u30fc\u30d5\u30a7\u30fc\u30b9<\/td>\n<\/tr>\n<\/tbody>\n<\/table>\n\t<div id=\"gap-598679253\" class=\"gap-element clearfix\" style=\"display:block; height:auto;\">\n\t\t\n<style>\n#gap-598679253 {\n  padding-top: 30px;\n}\n<\/style>\n\t<\/div>\n\t\n<h2><strong>\u5916\u5f62\u5bf8\u6cd5<\/strong><\/h2>\n\t<div class=\"img has-hover x md-x lg-x y md-y lg-y\" id=\"image_6035265\">\n\t\t\t\t\t\t\t\t<div class=\"img-inner dark\" >\n\t\t\t<img loading=\"lazy\" decoding=\"async\" width=\"681\" height=\"600\" src=\"https:\/\/swoer.vn\/wp-content\/uploads\/2025\/02\/Kich-thuoc-ben-ngoai-SW-420.webp\" class=\"attachment-original size-original\" alt=\"SW-420 \u5916\u5f62\u5bf8\u6cd5\" srcset=\"https:\/\/swoer.vn\/wp-content\/uploads\/2025\/02\/Kich-thuoc-ben-ngoai-SW-420.webp 681w, https:\/\/swoer.vn\/wp-content\/uploads\/2025\/02\/Kich-thuoc-ben-ngoai-SW-420-300x264.webp 300w, https:\/\/swoer.vn\/wp-content\/uploads\/2025\/02\/Kich-thuoc-ben-ngoai-SW-420-14x12.webp 14w, https:\/\/swoer.vn\/wp-content\/uploads\/2025\/02\/Kich-thuoc-ben-ngoai-SW-420-600x529.webp 600w\" sizes=\"auto, (max-width: 681px) 100vw, 681px\" title=\"\">\t\t\t\t\t\t\n\t\t\t\t\t<\/div>\n\t\t\t\t\t\t\t\t\n<style>\n#image_6035265 {\n  width: 60%;\n}\n<\/style>\n\t<\/div>","protected":false},"excerpt":{"rendered":"<p><strong>\u5927\u578b\u4e0d\u898f\u5247\u6750\u6599\u306e\u52b9\u7387\u7684\u306a\u30b9\u30af\u30ea\u30fc\u30cb\u30f3\u30b0\u30bd\u30ea\u30e5\u30fc\u30b7\u30e7\u30f3<\/strong><\/p>\n<ol>\n<li>\u304a\u3082\u3061\u3083\u306e\u30d6\u30ed\u30c3\u30af\u306a\u3069\u3001\u5927\u304d\u304f\u3066\u4e0d\u898f\u5247\u306a\u6750\u6599\u3092\u3075\u308b\u3044\u5206\u3051\u308b\u306e\u306b\u9069\u3057\u3066\u3044\u307e\u3059\u3002<\/li>\n<li>\u533b\u7642\u6a5f\u5668\u3084\u81ea\u52d5\u8eca\u90e8\u54c1\u306e\u691c\u67fb\u306b\u9069\u3057\u3066\u3044\u307e\u3059\u3002<\/li>\n<li>\u7279\u6b8a\u306a\u5f62\u72b6\u306e\u91d1\u5c5e\u90e8\u54c1\u3092\u52a0\u5de5\u3059\u308b\u306e\u306b\u4f7f\u7528\u3057\u307e\u3059\u3002<\/li>\n<\/ol>","protected":false},"featured_media":1849,"comment_status":"open","ping_status":"closed","template":"","meta":[],"product_brand":[],"product_cat":[62],"product_tag":[67,68,65],"class_list":{"0":"post-1848","1":"product","2":"type-product","3":"status-publish","4":"has-post-thumbnail","6":"product_cat-bo-nap-linh-hoat","7":"product_tag-bo-cap-lieu-da-nang","8":"product_tag-he-thong-cap-lieu-linh-hoat","9":"product_tag-may-cap-lieu-linh-hoat","11":"first","12":"instock","13":"shipping-taxable","14":"product-type-simple"},"yoast_head":"<!-- This site is optimized with the Yoast SEO plugin v26.0 - https:\/\/yoast.com\/wordpress\/plugins\/seo\/ -->\n<title>B\u1ed9 n\u1ea1p linh ho\u1ea1t SW-530 - Nh\u00e0 s\u1ea3n xu\u1ea5t m\u00e1y c\u1ea5p li\u1ec7u c\u00f4ng nghi\u1ec7p<\/title>\n<meta name=\"description\" content=\"Th\u00edch h\u1ee3p \u0111\u1ec3 s\u00e0ng l\u1ecdc c\u00e1c v\u1eadt li\u1ec7u l\u1edbn kh\u00f4ng \u0111\u1ec1u, ch\u1eb3ng h\u1ea1n nh\u01b0 kh\u1ed1i \u0111\u1ed3 ch\u01a1i, y t\u1ebfthi\u1ebft b\u1ecb, ph\u1ee5 t\u00f9ng \u00f4 t\u00f4, b\u1ed9 ph\u1eadn kim lo\u1ea1i c\u00f3 h\u00ecnh d\u1ea1ng \u0111\u1eb7c bi\u1ec7t, v.v\" \/>\n<meta name=\"robots\" content=\"index, follow, max-snippet:-1, max-image-preview:large, max-video-preview:-1\" \/>\n<link rel=\"canonical\" href=\"https:\/\/swoer.vn\/ja\/manufacturer\/bo-nap-linh-hoat-sw-530\/\" \/>\n<meta property=\"og:locale\" content=\"ja_JP\" \/>\n<meta property=\"og:type\" content=\"article\" \/>\n<meta property=\"og:title\" content=\"B\u1ed9 n\u1ea1p linh ho\u1ea1t SW-530 - Nh\u00e0 s\u1ea3n xu\u1ea5t m\u00e1y c\u1ea5p li\u1ec7u c\u00f4ng nghi\u1ec7p\" \/>\n<meta property=\"og:description\" content=\"Th\u00edch h\u1ee3p \u0111\u1ec3 s\u00e0ng l\u1ecdc c\u00e1c v\u1eadt li\u1ec7u l\u1edbn kh\u00f4ng \u0111\u1ec1u, ch\u1eb3ng h\u1ea1n nh\u01b0 kh\u1ed1i \u0111\u1ed3 ch\u01a1i, y t\u1ebfthi\u1ebft b\u1ecb, ph\u1ee5 t\u00f9ng \u00f4 t\u00f4, b\u1ed9 ph\u1eadn kim lo\u1ea1i c\u00f3 h\u00ecnh d\u1ea1ng \u0111\u1eb7c bi\u1ec7t, v.v\" \/>\n<meta property=\"og:url\" content=\"https:\/\/swoer.vn\/ja\/manufacturer\/bo-nap-linh-hoat-sw-530\/\" \/>\n<meta property=\"og:site_name\" content=\"Nh\u00e0 s\u1ea3n xu\u1ea5t m\u00e1y c\u1ea5p li\u1ec7u c\u00f4ng nghi\u1ec7p\" \/>\n<meta property=\"article:modified_time\" content=\"2025-02-26T02:51:44+00:00\" \/>\n<meta property=\"og:image\" content=\"https:\/\/swoer.vn\/wp-content\/uploads\/2025\/02\/Bo-nap-linh-hoat-SW-530.webp\" \/>\n\t<meta property=\"og:image:width\" content=\"1000\" \/>\n\t<meta property=\"og:image:height\" content=\"1000\" \/>\n\t<meta property=\"og:image:type\" content=\"image\/webp\" \/>\n<meta name=\"twitter:card\" content=\"summary_large_image\" \/>\n<meta name=\"twitter:label1\" content=\"\u63a8\u5b9a\u8aad\u307f\u53d6\u308a\u6642\u9593\" \/>\n\t<meta name=\"twitter:data1\" content=\"1\u5206\" \/>\n<script type=\"application\/ld+json\" class=\"yoast-schema-graph\">{\"@context\":\"https:\/\/schema.org\",\"@graph\":[{\"@type\":\"WebPage\",\"@id\":\"https:\/\/swoer.vn\/manufacturer\/bo-nap-linh-hoat-sw-530\/\",\"url\":\"https:\/\/swoer.vn\/manufacturer\/bo-nap-linh-hoat-sw-530\/\",\"name\":\"B\u1ed9 n\u1ea1p linh ho\u1ea1t SW-530 - Nh\u00e0 s\u1ea3n xu\u1ea5t m\u00e1y c\u1ea5p li\u1ec7u c\u00f4ng nghi\u1ec7p\",\"isPartOf\":{\"@id\":\"https:\/\/swoer.vn\/#website\"},\"primaryImageOfPage\":{\"@id\":\"https:\/\/swoer.vn\/manufacturer\/bo-nap-linh-hoat-sw-530\/#primaryimage\"},\"image\":{\"@id\":\"https:\/\/swoer.vn\/manufacturer\/bo-nap-linh-hoat-sw-530\/#primaryimage\"},\"thumbnailUrl\":\"https:\/\/swoer.vn\/wp-content\/uploads\/2025\/02\/Bo-nap-linh-hoat-SW-530.webp\",\"datePublished\":\"2025-02-26T02:43:56+00:00\",\"dateModified\":\"2025-02-26T02:51:44+00:00\",\"description\":\"Th\u00edch h\u1ee3p \u0111\u1ec3 s\u00e0ng l\u1ecdc c\u00e1c v\u1eadt li\u1ec7u l\u1edbn kh\u00f4ng \u0111\u1ec1u, ch\u1eb3ng h\u1ea1n nh\u01b0 kh\u1ed1i \u0111\u1ed3 ch\u01a1i, y t\u1ebfthi\u1ebft b\u1ecb, ph\u1ee5 t\u00f9ng \u00f4 t\u00f4, b\u1ed9 ph\u1eadn kim lo\u1ea1i c\u00f3 h\u00ecnh d\u1ea1ng \u0111\u1eb7c bi\u1ec7t, v.v\",\"breadcrumb\":{\"@id\":\"https:\/\/swoer.vn\/manufacturer\/bo-nap-linh-hoat-sw-530\/#breadcrumb\"},\"inLanguage\":\"ja\",\"potentialAction\":[{\"@type\":\"ReadAction\",\"target\":[\"https:\/\/swoer.vn\/manufacturer\/bo-nap-linh-hoat-sw-530\/\"]}]},{\"@type\":\"ImageObject\",\"inLanguage\":\"ja\",\"@id\":\"https:\/\/swoer.vn\/manufacturer\/bo-nap-linh-hoat-sw-530\/#primaryimage\",\"url\":\"https:\/\/swoer.vn\/wp-content\/uploads\/2025\/02\/Bo-nap-linh-hoat-SW-530.webp\",\"contentUrl\":\"https:\/\/swoer.vn\/wp-content\/uploads\/2025\/02\/Bo-nap-linh-hoat-SW-530.webp\",\"width\":1000,\"height\":1000,\"caption\":\"B\u1ed9 n\u1ea1p linh ho\u1ea1t SW-530\"},{\"@type\":\"BreadcrumbList\",\"@id\":\"https:\/\/swoer.vn\/manufacturer\/bo-nap-linh-hoat-sw-530\/#breadcrumb\",\"itemListElement\":[{\"@type\":\"ListItem\",\"position\":1,\"name\":\"Home\",\"item\":\"https:\/\/swoer.vn\/\"},{\"@type\":\"ListItem\",\"position\":2,\"name\":\"S\u1ea3n ph\u1ea9m\",\"item\":\"https:\/\/swoer.vn\/shop\/\"},{\"@type\":\"ListItem\",\"position\":3,\"name\":\"B\u1ed9 n\u1ea1p linh ho\u1ea1t SW-530\"}]},{\"@type\":\"WebSite\",\"@id\":\"https:\/\/swoer.vn\/#website\",\"url\":\"https:\/\/swoer.vn\/\",\"name\":\"Nh\u00e0 s\u1ea3n xu\u1ea5t m\u00e1y c\u1ea5p li\u1ec7u c\u00f4ng nghi\u1ec7p\",\"description\":\"Nh\u00e0 cung c\u1ea5p robot, m\u00e1y c\u1ea5p li\u1ec7u linh ho\u1ea1t, m\u00e1y c\u1ea5p li\u1ec7u ly t\u00e2m, m\u00e1y c\u1ea5p li\u1ec7u rung t\u1ef1 \u0111\u1ed9ng\",\"potentialAction\":[{\"@type\":\"SearchAction\",\"target\":{\"@type\":\"EntryPoint\",\"urlTemplate\":\"https:\/\/swoer.vn\/?s={search_term_string}\"},\"query-input\":{\"@type\":\"PropertyValueSpecification\",\"valueRequired\":true,\"valueName\":\"search_term_string\"}}],\"inLanguage\":\"ja\"}]}<\/script>\n<!-- \/ Yoast SEO plugin. -->","yoast_head_json":{"title":"\u30d5\u30ec\u30ad\u30b7\u30d6\u30eb\u30d5\u30a3\u30fc\u30c0\u30fc SW-530 - \u7523\u696d\u7528\u30d5\u30a3\u30fc\u30c0\u30fc\u30e1\u30fc\u30ab\u30fc","description":"\u304a\u3082\u3061\u3083\u306e\u30d6\u30ed\u30c3\u30af\u3001\u533b\u7642\u6a5f\u5668\u3001\u81ea\u52d5\u8eca\u90e8\u54c1\u3001\u7279\u6b8a\u5f62\u72b6\u306e\u91d1\u5c5e\u90e8\u54c1\u306a\u3069\u3001\u5927\u304d\u304f\u3066\u4e0d\u898f\u5247\u306a\u6750\u6599\u306e\u3075\u308b\u3044\u5206\u3051\u306b\u9069\u3057\u3066\u3044\u307e\u3059\u3002","robots":{"index":"index","follow":"follow","max-snippet":"max-snippet:-1","max-image-preview":"max-image-preview:large","max-video-preview":"max-video-preview:-1"},"canonical":"https:\/\/swoer.vn\/ja\/manufacturer\/bo-nap-linh-hoat-sw-530\/","og_locale":"ja_JP","og_type":"article","og_title":"B\u1ed9 n\u1ea1p linh ho\u1ea1t SW-530 - Nh\u00e0 s\u1ea3n xu\u1ea5t m\u00e1y c\u1ea5p li\u1ec7u c\u00f4ng nghi\u1ec7p","og_description":"Th\u00edch h\u1ee3p \u0111\u1ec3 s\u00e0ng l\u1ecdc c\u00e1c v\u1eadt li\u1ec7u l\u1edbn kh\u00f4ng \u0111\u1ec1u, ch\u1eb3ng h\u1ea1n nh\u01b0 kh\u1ed1i \u0111\u1ed3 ch\u01a1i, y t\u1ebfthi\u1ebft b\u1ecb, ph\u1ee5 t\u00f9ng \u00f4 t\u00f4, b\u1ed9 ph\u1eadn kim lo\u1ea1i c\u00f3 h\u00ecnh d\u1ea1ng \u0111\u1eb7c bi\u1ec7t, v.v","og_url":"https:\/\/swoer.vn\/ja\/manufacturer\/bo-nap-linh-hoat-sw-530\/","og_site_name":"Nh\u00e0 s\u1ea3n xu\u1ea5t m\u00e1y c\u1ea5p li\u1ec7u c\u00f4ng nghi\u1ec7p","article_modified_time":"2025-02-26T02:51:44+00:00","og_image":[{"width":1000,"height":1000,"url":"https:\/\/swoer.vn\/wp-content\/uploads\/2025\/02\/Bo-nap-linh-hoat-SW-530.webp","type":"image\/webp"}],"twitter_card":"summary_large_image","twitter_misc":{"\u63a8\u5b9a\u8aad\u307f\u53d6\u308a\u6642\u9593":"1\u5206"},"schema":{"@context":"https:\/\/schema.org","@graph":[{"@type":"WebPage","@id":"https:\/\/swoer.vn\/manufacturer\/bo-nap-linh-hoat-sw-530\/","url":"https:\/\/swoer.vn\/manufacturer\/bo-nap-linh-hoat-sw-530\/","name":"\u30d5\u30ec\u30ad\u30b7\u30d6\u30eb\u30d5\u30a3\u30fc\u30c0\u30fc SW-530 - \u7523\u696d\u7528\u30d5\u30a3\u30fc\u30c0\u30fc\u30e1\u30fc\u30ab\u30fc","isPartOf":{"@id":"https:\/\/swoer.vn\/#website"},"primaryImageOfPage":{"@id":"https:\/\/swoer.vn\/manufacturer\/bo-nap-linh-hoat-sw-530\/#primaryimage"},"image":{"@id":"https:\/\/swoer.vn\/manufacturer\/bo-nap-linh-hoat-sw-530\/#primaryimage"},"thumbnailUrl":"https:\/\/swoer.vn\/wp-content\/uploads\/2025\/02\/Bo-nap-linh-hoat-SW-530.webp","datePublished":"2025-02-26T02:43:56+00:00","dateModified":"2025-02-26T02:51:44+00:00","description":"\u304a\u3082\u3061\u3083\u306e\u30d6\u30ed\u30c3\u30af\u3001\u533b\u7642\u6a5f\u5668\u3001\u81ea\u52d5\u8eca\u90e8\u54c1\u3001\u7279\u6b8a\u5f62\u72b6\u306e\u91d1\u5c5e\u90e8\u54c1\u306a\u3069\u3001\u5927\u304d\u304f\u3066\u4e0d\u898f\u5247\u306a\u6750\u6599\u306e\u3075\u308b\u3044\u5206\u3051\u306b\u9069\u3057\u3066\u3044\u307e\u3059\u3002","breadcrumb":{"@id":"https:\/\/swoer.vn\/manufacturer\/bo-nap-linh-hoat-sw-530\/#breadcrumb"},"inLanguage":"ja","potentialAction":[{"@type":"ReadAction","target":["https:\/\/swoer.vn\/manufacturer\/bo-nap-linh-hoat-sw-530\/"]}]},{"@type":"ImageObject","inLanguage":"ja","@id":"https:\/\/swoer.vn\/manufacturer\/bo-nap-linh-hoat-sw-530\/#primaryimage","url":"https:\/\/swoer.vn\/wp-content\/uploads\/2025\/02\/Bo-nap-linh-hoat-SW-530.webp","contentUrl":"https:\/\/swoer.vn\/wp-content\/uploads\/2025\/02\/Bo-nap-linh-hoat-SW-530.webp","width":1000,"height":1000,"caption":"B\u1ed9 n\u1ea1p linh ho\u1ea1t SW-530"},{"@type":"BreadcrumbList","@id":"https:\/\/swoer.vn\/manufacturer\/bo-nap-linh-hoat-sw-530\/#breadcrumb","itemListElement":[{"@type":"ListItem","position":1,"name":"Home","item":"https:\/\/swoer.vn\/"},{"@type":"ListItem","position":2,"name":"S\u1ea3n ph\u1ea9m","item":"https:\/\/swoer.vn\/shop\/"},{"@type":"ListItem","position":3,"name":"B\u1ed9 n\u1ea1p linh ho\u1ea1t SW-530"}]},{"@type":"WebSite","@id":"https:\/\/swoer.vn\/#website","url":"https:\/\/swoer.vn\/","name":"\u5de5\u696d\u7528\u30d5\u30a3\u30fc\u30c0\u30fc\u30e1\u30fc\u30ab\u30fc","description":"\u30ed\u30dc\u30c3\u30c8\u3001\u30d5\u30ec\u30ad\u30b7\u30d6\u30eb\u30d5\u30a3\u30fc\u30c0\u30fc\u3001\u9060\u5fc3\u30d5\u30a3\u30fc\u30c0\u30fc\u3001\u81ea\u52d5\u632f\u52d5\u30d5\u30a3\u30fc\u30c0\u30fc\u306e\u30b5\u30d7\u30e9\u30a4\u30e4\u30fc","potentialAction":[{"@type":"SearchAction","target":{"@type":"EntryPoint","urlTemplate":"https:\/\/swoer.vn\/?s={search_term_string}"},"query-input":{"@type":"PropertyValueSpecification","valueRequired":true,"valueName":"search_term_string"}}],"inLanguage":"ja"}]}},"_links":{"self":[{"href":"https:\/\/swoer.vn\/ja\/wp-json\/wp\/v2\/product\/1848","targetHints":{"allow":["GET"]}}],"collection":[{"href":"https:\/\/swoer.vn\/ja\/wp-json\/wp\/v2\/product"}],"about":[{"href":"https:\/\/swoer.vn\/ja\/wp-json\/wp\/v2\/types\/product"}],"replies":[{"embeddable":true,"href":"https:\/\/swoer.vn\/ja\/wp-json\/wp\/v2\/comments?post=1848"}],"wp:featuredmedia":[{"embeddable":true,"href":"https:\/\/swoer.vn\/ja\/wp-json\/wp\/v2\/media\/1849"}],"wp:attachment":[{"href":"https:\/\/swoer.vn\/ja\/wp-json\/wp\/v2\/media?parent=1848"}],"wp:term":[{"taxonomy":"product_brand","embeddable":true,"href":"https:\/\/swoer.vn\/ja\/wp-json\/wp\/v2\/product_brand?post=1848"},{"taxonomy":"product_cat","embeddable":true,"href":"https:\/\/swoer.vn\/ja\/wp-json\/wp\/v2\/product_cat?post=1848"},{"taxonomy":"product_tag","embeddable":true,"href":"https:\/\/swoer.vn\/ja\/wp-json\/wp\/v2\/product_tag?post=1848"}],"curies":[{"name":"wp","href":"https:\/\/api.w.org\/{rel}","templated":true}]}}