{"id":1805,"date":"2025-02-25T14:09:41","date_gmt":"2025-02-25T07:09:41","guid":{"rendered":"https:\/\/swoer.vn\/?post_type=product&#038;p=1805"},"modified":"2025-02-26T08:31:26","modified_gmt":"2025-02-26T01:31:26","slug":"he-thong-cap-lieu-ly-tam-nap-chai-nhua-trang-tuy-chinh","status":"publish","type":"product","link":"https:\/\/swoer.vn\/ja\/manufacturer\/he-thong-cap-lieu-ly-tam-nap-chai-nhua-trang-tuy-chinh\/","title":{"rendered":"\u30ab\u30b9\u30bf\u30de\u30a4\u30ba\u3055\u308c\u305f\u767d\u3044\u30d7\u30e9\u30b9\u30c1\u30c3\u30af\u30dc\u30c8\u30eb\u30ad\u30e3\u30c3\u30d7\u9060\u5fc3\u4f9b\u7d66\u30b7\u30b9\u30c6\u30e0"},"content":{"rendered":"<h2>\u88fd\u54c1\u60c5\u5831<\/h2>\n<table width=\"727\">\n<tbody>\n<tr>\n<td width=\"320\"><strong>\u88fd\u54c1\u540d<\/strong><\/td>\n<td width=\"407\">\u30ab\u30b9\u30bf\u30de\u30a4\u30ba\u3055\u308c\u305f\u767d\u3044\u30d7\u30e9\u30b9\u30c1\u30c3\u30af\u30dc\u30c8\u30eb\u30ad\u30e3\u30c3\u30d7\u9060\u5fc3\u4f9b\u7d66\u30b7\u30b9\u30c6\u30e0<\/td>\n<\/tr>\n<tr>\n<td width=\"320\"><strong>\u30d6\u30e9\u30f3\u30c9\u540d<\/strong><\/td>\n<td width=\"407\">\u8a93\u3046<\/td>\n<\/tr>\n<tr>\n<td width=\"320\"><strong>\u6750\u6599<\/strong><\/td>\n<td width=\"407\">SUS304<\/td>\n<\/tr>\n<tr>\n<td width=\"320\"><strong>\u30b5\u30a4\u30ba<\/strong><\/td>\n<td width=\"407\">\u9867\u5ba2\u306e\u8981\u671b\u306b\u5fdc\u3058\u3066<\/td>\n<\/tr>\n<tr>\n<td width=\"320\"><strong>\u95a2\u6570<\/strong><\/td>\n<td width=\"407\">\u81ea\u52d5\u7d66\u990c<\/td>\n<\/tr>\n<tr>\n<td width=\"320\"><strong>\u4f7f\u7528<\/strong><\/td>\n<td width=\"407\">\u9078\u5225\u30fb\u8a08\u6570\u6a5f<\/td>\n<\/tr>\n<tr>\n<td width=\"320\"><strong>\u30a2\u30c9\u30d0\u30f3\u30c6\u30fc\u30b8<\/strong><\/td>\n<td width=\"407\">\u4eba\u7684\u8cc7\u6e90\u3092\u7bc0\u7d04\u3059\u308b<\/td>\n<\/tr>\n<tr>\n<td width=\"320\"><strong>\u30de\u30b7\u30f3\u30bf\u30a4\u30d7<\/strong><\/td>\n<td width=\"407\">\u88c5\u5099\u30bb\u30c3\u30c8<\/td>\n<\/tr>\n<tr>\n<td width=\"320\"><strong>\u30d7\u30ed\u30b8\u30a7\u30af\u30c8<\/strong><\/td>\n<td width=\"407\">\u9060\u5fc3\u4f9b\u7d66\u30b7\u30b9\u30c6\u30e0<\/td>\n<\/tr>\n<tr>\n<td width=\"320\"><strong>\u5bfe\u8c61\u696d\u754c<\/strong><\/td>\n<td width=\"407\">\u30a8\u30ec\u30af\u30c8\u30ed\u30cb\u30af\u30b9\u7523\u696d\u3001\u533b\u7642\u6a5f\u5668\u7523\u696d\u3001\u81ea\u52d5\u8eca\u7523\u696d\u7b49<\/td>\n<\/tr>\n<tr>\n<td width=\"320\"><strong>\u512a\u308c\u305f\u9867\u5ba2\u30b5\u30fc\u30d3\u30b9<\/strong><\/td>\n<td width=\"407\">\u30d3\u30c7\u30aa\u6280\u8853\u30b5\u30dd\u30fc\u30c8\u3001\u30aa\u30f3\u30e9\u30a4\u30f3\u30b5\u30dd\u30fc\u30c8<\/td>\n<\/tr>\n<\/tbody>\n<\/table>\n\t<div id=\"gap-1479648772\" class=\"gap-element clearfix\" style=\"display:block; height:auto;\">\n\t\t\n<style>\n#gap-1479648772 {\n  padding-top: 30px;\n}\n<\/style>\n\t<\/div>\n\t\n<h2 data-start=\"400\" data-end=\"422\"><strong data-start=\"400\" data-end=\"422\">SWOER\u306e\u5229\u70b9:<\/strong><\/h2>\n<ol data-start=\"424\" data-end=\"1294\" data-is-only-node=\"\" data-is-last-node=\"\">\n<li data-start=\"424\" data-end=\"589\">\n<p data-start=\"427\" data-end=\"589\"><strong data-start=\"427\" data-end=\"451\">\u30ab\u30b9\u30bf\u30e0\u30bd\u30ea\u30e5\u30fc\u30b7\u30e7\u30f3:<\/strong><br data-start=\"451\" data-end=\"454\" \/>SWOER \u306f\u3001\u767d\u3044\u30d7\u30e9\u30b9\u30c1\u30c3\u30af\u30dc\u30c8\u30eb\u306e\u30ad\u30e3\u30c3\u30d7\u7528\u306b\u30ab\u30b9\u30bf\u30de\u30a4\u30ba\u3055\u308c\u305f\u9060\u5fc3\u4f9b\u7d66\u30b7\u30b9\u30c6\u30e0\u3092\u63d0\u4f9b\u3057\u307e\u3059\u3002<\/p>\n<\/li>\n<li data-start=\"591\" data-end=\"752\">\n<p data-start=\"594\" data-end=\"752\"><strong data-start=\"594\" data-end=\"618\">\u9577\u671f\u7d4c\u9a13:<\/strong><br data-start=\"618\" data-end=\"621\" \/>SWOER \u306f 10 \u5e74\u4ee5\u4e0a\u306e\u7d4c\u9a13\u3092\u6d3b\u304b\u3057\u3001\u304a\u5ba2\u69d8\u306b\u6700\u9069\u306a\u30bd\u30ea\u30e5\u30fc\u30b7\u30e7\u30f3\u3092\u63d0\u4f9b\u3059\u308b\u3053\u3068\u306b\u5c3d\u529b\u3057\u3066\u3044\u307e\u3059\u3002<\/p>\n<\/li>\n<li data-start=\"754\" data-end=\"948\">\n<p data-start=\"757\" data-end=\"948\"><strong data-start=\"757\" data-end=\"782\">\u512a\u308c\u305f\u54c1\u8cea:<\/strong><br data-start=\"782\" data-end=\"785\" \/>SWOER \u306f\u9ad8\u5ea6\u306a\u30c6\u30af\u30ce\u30ed\u30b8\u30fc\u3092\u4f7f\u7528\u3057\u3066\u54c1\u8cea\u3092\u4fdd\u8a3c\u3057\u3001\u88fd\u9020\u30a8\u30e9\u30fc\u3092\u524a\u6e1b\u3057\u307e\u3059\u3002<\/p>\n<\/li>\n<li data-start=\"950\" data-end=\"1116\">\n<p data-start=\"953\" data-end=\"1116\"><strong data-start=\"953\" data-end=\"976\">\u73fe\u4ee3\u306e\u30c6\u30af\u30ce\u30ed\u30b8\u30fc:<\/strong><br data-start=\"976\" data-end=\"979\" \/>SWOER \u306f\u6700\u65b0\u306e\u30c6\u30af\u30ce\u30ed\u30b8\u30fc\u3092\u63a1\u7528\u3057\u3001\u7d66\u990c\u30b7\u30b9\u30c6\u30e0\u306b\u5b89\u5b9a\u6027\u3068\u7cbe\u5ea6\u3092\u3082\u305f\u3089\u3057\u307e\u3059\u3002<\/p>\n<\/li>\n<li data-start=\"1118\" data-end=\"1294\" data-is-last-node=\"\">\n<p data-start=\"1121\" data-end=\"1294\" data-is-last-node=\"\"><strong data-start=\"1121\" data-end=\"1142\">\u7c21\u5358\u306a\u7d71\u5408:<\/strong><br data-start=\"1142\" data-end=\"1145\" \/>SWOER \u306e\u9060\u5fc3\u4f9b\u7d66\u30b7\u30b9\u30c6\u30e0\u306f\u81ea\u52d5\u5316\u30e9\u30a4\u30f3\u306b\u7c21\u5358\u306b\u7d71\u5408\u3067\u304d\u3001\u30b3\u30b9\u30c8\u3092\u7bc0\u7d04\u3067\u304d\u307e\u3059\u3002<\/p>\n<\/li>\n<\/ol>","protected":false},"excerpt":{"rendered":"<p><strong>\u30ab\u30b9\u30bf\u30e0\u9060\u5fc3\u30d5\u30a3\u30fc\u30c0\u30fc\u306b\u306f\u6b21\u306e\u60c5\u5831\u304c\u5fc5\u8981\u3067\u3059\u3002<\/strong><\/p>\n<ul>\n<li>\u90e8\u54c1\u30b5\u30a4\u30ba<\/li>\n<li>\u30d1\u30fc\u30c4\u30b5\u30a4\u30ba\u753b\u50cf<\/li>\n<li>\u901f\u5ea6\u8981\u4ef6<\/li>\n<li>\u6f0f\u6597\u306f\u5fc5\u8981\u3067\u3059\u304b?<\/li>\n<\/ul>","protected":false},"featured_media":1806,"comment_status":"open","ping_status":"closed","template":"","meta":[],"product_brand":[],"product_cat":[50],"product_tag":[53,51,54],"class_list":{"0":"post-1805","1":"product","2":"type-product","3":"status-publish","4":"has-post-thumbnail","6":"product_cat-may-cap-lieu-ly-tam","7":"product_tag-bo-cap-lieu-ly-tam","8":"product_tag-may-cap-lieu-ly-tam","9":"product_tag-may-nap-ly-tam","11":"first","12":"instock","13":"shipping-taxable","14":"product-type-simple"},"yoast_head":"<!-- This site is optimized with the Yoast SEO plugin v26.0 - https:\/\/yoast.com\/wordpress\/plugins\/seo\/ -->\n<title>H\u1ec7 th\u1ed1ng c\u1ea5p li\u1ec7u ly t\u00e2m n\u1eafp chai nh\u1ef1a tr\u1eafng t\u00f9y ch\u1ec9nh - Nh\u00e0 s\u1ea3n xu\u1ea5t m\u00e1y c\u1ea5p li\u1ec7u c\u00f4ng nghi\u1ec7p<\/title>\n<meta name=\"description\" content=\"H\u1ec7 th\u1ed1ng c\u1ea5p li\u1ec7u ly t\u00e2m n\u1eafp chai nh\u1ef1a tr\u1eafng t\u00f9y ch\u1ec9nh SWOER gi\u00fap ph\u00e2n lo\u1ea1i ch\u00ednh x\u00e1c v\u00e0 nhanh ch\u00f3ng, t\u1ed1i \u01b0u quy tr\u00ecnh s\u1ea3n xu\u1ea5t t\u1ef1 \u0111\u1ed9ng.\" \/>\n<meta name=\"robots\" content=\"index, follow, max-snippet:-1, max-image-preview:large, max-video-preview:-1\" \/>\n<link rel=\"canonical\" href=\"https:\/\/swoer.vn\/ja\/manufacturer\/he-thong-cap-lieu-ly-tam-nap-chai-nhua-trang-tuy-chinh\/\" \/>\n<meta property=\"og:locale\" content=\"ja_JP\" \/>\n<meta property=\"og:type\" content=\"article\" \/>\n<meta property=\"og:title\" content=\"H\u1ec7 th\u1ed1ng c\u1ea5p li\u1ec7u ly t\u00e2m n\u1eafp chai nh\u1ef1a tr\u1eafng t\u00f9y ch\u1ec9nh - Nh\u00e0 s\u1ea3n xu\u1ea5t m\u00e1y c\u1ea5p li\u1ec7u c\u00f4ng nghi\u1ec7p\" \/>\n<meta property=\"og:description\" content=\"H\u1ec7 th\u1ed1ng c\u1ea5p li\u1ec7u ly t\u00e2m n\u1eafp chai nh\u1ef1a tr\u1eafng t\u00f9y ch\u1ec9nh SWOER gi\u00fap ph\u00e2n lo\u1ea1i ch\u00ednh x\u00e1c v\u00e0 nhanh ch\u00f3ng, t\u1ed1i \u01b0u quy tr\u00ecnh s\u1ea3n xu\u1ea5t t\u1ef1 \u0111\u1ed9ng.\" \/>\n<meta property=\"og:url\" content=\"https:\/\/swoer.vn\/ja\/manufacturer\/he-thong-cap-lieu-ly-tam-nap-chai-nhua-trang-tuy-chinh\/\" \/>\n<meta property=\"og:site_name\" content=\"Nh\u00e0 s\u1ea3n xu\u1ea5t m\u00e1y c\u1ea5p li\u1ec7u c\u00f4ng nghi\u1ec7p\" \/>\n<meta property=\"article:modified_time\" content=\"2025-02-26T01:31:26+00:00\" \/>\n<meta property=\"og:image\" content=\"https:\/\/swoer.vn\/wp-content\/uploads\/2025\/02\/He-thong-cap-lieu-ly-tam-nap-chai-nhua-trang-tuy-chinh.webp\" \/>\n\t<meta property=\"og:image:width\" content=\"1000\" \/>\n\t<meta property=\"og:image:height\" content=\"1000\" \/>\n\t<meta property=\"og:image:type\" content=\"image\/webp\" \/>\n<meta name=\"twitter:card\" content=\"summary_large_image\" \/>\n<meta name=\"twitter:label1\" content=\"\u63a8\u5b9a\u8aad\u307f\u53d6\u308a\u6642\u9593\" \/>\n\t<meta name=\"twitter:data1\" content=\"2\u5206\" \/>\n<script type=\"application\/ld+json\" class=\"yoast-schema-graph\">{\"@context\":\"https:\/\/schema.org\",\"@graph\":[{\"@type\":\"WebPage\",\"@id\":\"https:\/\/swoer.vn\/manufacturer\/he-thong-cap-lieu-ly-tam-nap-chai-nhua-trang-tuy-chinh\/\",\"url\":\"https:\/\/swoer.vn\/manufacturer\/he-thong-cap-lieu-ly-tam-nap-chai-nhua-trang-tuy-chinh\/\",\"name\":\"H\u1ec7 th\u1ed1ng c\u1ea5p li\u1ec7u ly t\u00e2m n\u1eafp chai nh\u1ef1a tr\u1eafng t\u00f9y ch\u1ec9nh - Nh\u00e0 s\u1ea3n xu\u1ea5t m\u00e1y c\u1ea5p li\u1ec7u c\u00f4ng nghi\u1ec7p\",\"isPartOf\":{\"@id\":\"https:\/\/swoer.vn\/#website\"},\"primaryImageOfPage\":{\"@id\":\"https:\/\/swoer.vn\/manufacturer\/he-thong-cap-lieu-ly-tam-nap-chai-nhua-trang-tuy-chinh\/#primaryimage\"},\"image\":{\"@id\":\"https:\/\/swoer.vn\/manufacturer\/he-thong-cap-lieu-ly-tam-nap-chai-nhua-trang-tuy-chinh\/#primaryimage\"},\"thumbnailUrl\":\"https:\/\/swoer.vn\/wp-content\/uploads\/2025\/02\/He-thong-cap-lieu-ly-tam-nap-chai-nhua-trang-tuy-chinh.webp\",\"datePublished\":\"2025-02-25T07:09:41+00:00\",\"dateModified\":\"2025-02-26T01:31:26+00:00\",\"description\":\"H\u1ec7 th\u1ed1ng c\u1ea5p li\u1ec7u ly t\u00e2m n\u1eafp chai nh\u1ef1a tr\u1eafng t\u00f9y ch\u1ec9nh SWOER gi\u00fap ph\u00e2n lo\u1ea1i ch\u00ednh x\u00e1c v\u00e0 nhanh ch\u00f3ng, t\u1ed1i \u01b0u quy tr\u00ecnh s\u1ea3n xu\u1ea5t t\u1ef1 \u0111\u1ed9ng.\",\"breadcrumb\":{\"@id\":\"https:\/\/swoer.vn\/manufacturer\/he-thong-cap-lieu-ly-tam-nap-chai-nhua-trang-tuy-chinh\/#breadcrumb\"},\"inLanguage\":\"ja\",\"potentialAction\":[{\"@type\":\"ReadAction\",\"target\":[\"https:\/\/swoer.vn\/manufacturer\/he-thong-cap-lieu-ly-tam-nap-chai-nhua-trang-tuy-chinh\/\"]}]},{\"@type\":\"ImageObject\",\"inLanguage\":\"ja\",\"@id\":\"https:\/\/swoer.vn\/manufacturer\/he-thong-cap-lieu-ly-tam-nap-chai-nhua-trang-tuy-chinh\/#primaryimage\",\"url\":\"https:\/\/swoer.vn\/wp-content\/uploads\/2025\/02\/He-thong-cap-lieu-ly-tam-nap-chai-nhua-trang-tuy-chinh.webp\",\"contentUrl\":\"https:\/\/swoer.vn\/wp-content\/uploads\/2025\/02\/He-thong-cap-lieu-ly-tam-nap-chai-nhua-trang-tuy-chinh.webp\",\"width\":1000,\"height\":1000,\"caption\":\"H\u1ec7 th\u1ed1ng c\u1ea5p li\u1ec7u ly t\u00e2m n\u1eafp chai nh\u1ef1a tr\u1eafng t\u00f9y ch\u1ec9nh\"},{\"@type\":\"BreadcrumbList\",\"@id\":\"https:\/\/swoer.vn\/manufacturer\/he-thong-cap-lieu-ly-tam-nap-chai-nhua-trang-tuy-chinh\/#breadcrumb\",\"itemListElement\":[{\"@type\":\"ListItem\",\"position\":1,\"name\":\"Home\",\"item\":\"https:\/\/swoer.vn\/\"},{\"@type\":\"ListItem\",\"position\":2,\"name\":\"S\u1ea3n ph\u1ea9m\",\"item\":\"https:\/\/swoer.vn\/shop\/\"},{\"@type\":\"ListItem\",\"position\":3,\"name\":\"H\u1ec7 th\u1ed1ng c\u1ea5p li\u1ec7u ly t\u00e2m n\u1eafp chai nh\u1ef1a tr\u1eafng t\u00f9y ch\u1ec9nh\"}]},{\"@type\":\"WebSite\",\"@id\":\"https:\/\/swoer.vn\/#website\",\"url\":\"https:\/\/swoer.vn\/\",\"name\":\"Nh\u00e0 s\u1ea3n xu\u1ea5t m\u00e1y c\u1ea5p li\u1ec7u c\u00f4ng nghi\u1ec7p\",\"description\":\"Nh\u00e0 cung c\u1ea5p robot, m\u00e1y c\u1ea5p li\u1ec7u linh ho\u1ea1t, m\u00e1y c\u1ea5p li\u1ec7u ly t\u00e2m, m\u00e1y c\u1ea5p li\u1ec7u rung t\u1ef1 \u0111\u1ed9ng\",\"potentialAction\":[{\"@type\":\"SearchAction\",\"target\":{\"@type\":\"EntryPoint\",\"urlTemplate\":\"https:\/\/swoer.vn\/?s={search_term_string}\"},\"query-input\":{\"@type\":\"PropertyValueSpecification\",\"valueRequired\":true,\"valueName\":\"search_term_string\"}}],\"inLanguage\":\"ja\"}]}<\/script>\n<!-- \/ Yoast SEO plugin. -->","yoast_head_json":{"title":"\u30ab\u30b9\u30bf\u30e0\u30db\u30ef\u30a4\u30c8\u30d7\u30e9\u30b9\u30c1\u30c3\u30af\u30dc\u30c8\u30eb\u30ad\u30e3\u30c3\u30d7\u9060\u5fc3\u4f9b\u7d66\u30b7\u30b9\u30c6\u30e0 - \u5de5\u696d\u7528\u4f9b\u7d66\u6a5f\u68b0\u30e1\u30fc\u30ab\u30fc","description":"SWOER \u306e\u30ab\u30b9\u30bf\u30de\u30a4\u30ba\u3055\u308c\u305f\u767d\u3044\u30d7\u30e9\u30b9\u30c1\u30c3\u30af\u30dc\u30c8\u30eb\u30ad\u30e3\u30c3\u30d7\u306e\u9060\u5fc3\u4f9b\u7d66\u30b7\u30b9\u30c6\u30e0\u306f\u3001\u6b63\u78ba\u3067\u8fc5\u901f\u306a\u9078\u5225\u3092\u53ef\u80fd\u306b\u3057\u3001\u81ea\u52d5\u5316\u3055\u308c\u305f\u751f\u7523\u30d7\u30ed\u30bb\u30b9\u3092\u6700\u9069\u5316\u3057\u307e\u3059\u3002","robots":{"index":"index","follow":"follow","max-snippet":"max-snippet:-1","max-image-preview":"max-image-preview:large","max-video-preview":"max-video-preview:-1"},"canonical":"https:\/\/swoer.vn\/ja\/manufacturer\/he-thong-cap-lieu-ly-tam-nap-chai-nhua-trang-tuy-chinh\/","og_locale":"ja_JP","og_type":"article","og_title":"H\u1ec7 th\u1ed1ng c\u1ea5p li\u1ec7u ly t\u00e2m n\u1eafp chai nh\u1ef1a tr\u1eafng t\u00f9y ch\u1ec9nh - Nh\u00e0 s\u1ea3n xu\u1ea5t m\u00e1y c\u1ea5p li\u1ec7u c\u00f4ng nghi\u1ec7p","og_description":"H\u1ec7 th\u1ed1ng c\u1ea5p li\u1ec7u ly t\u00e2m n\u1eafp chai nh\u1ef1a tr\u1eafng t\u00f9y ch\u1ec9nh SWOER gi\u00fap ph\u00e2n lo\u1ea1i ch\u00ednh x\u00e1c v\u00e0 nhanh ch\u00f3ng, t\u1ed1i \u01b0u quy tr\u00ecnh s\u1ea3n xu\u1ea5t t\u1ef1 \u0111\u1ed9ng.","og_url":"https:\/\/swoer.vn\/ja\/manufacturer\/he-thong-cap-lieu-ly-tam-nap-chai-nhua-trang-tuy-chinh\/","og_site_name":"Nh\u00e0 s\u1ea3n xu\u1ea5t m\u00e1y c\u1ea5p li\u1ec7u c\u00f4ng nghi\u1ec7p","article_modified_time":"2025-02-26T01:31:26+00:00","og_image":[{"width":1000,"height":1000,"url":"https:\/\/swoer.vn\/wp-content\/uploads\/2025\/02\/He-thong-cap-lieu-ly-tam-nap-chai-nhua-trang-tuy-chinh.webp","type":"image\/webp"}],"twitter_card":"summary_large_image","twitter_misc":{"\u63a8\u5b9a\u8aad\u307f\u53d6\u308a\u6642\u9593":"2\u5206"},"schema":{"@context":"https:\/\/schema.org","@graph":[{"@type":"WebPage","@id":"https:\/\/swoer.vn\/manufacturer\/he-thong-cap-lieu-ly-tam-nap-chai-nhua-trang-tuy-chinh\/","url":"https:\/\/swoer.vn\/manufacturer\/he-thong-cap-lieu-ly-tam-nap-chai-nhua-trang-tuy-chinh\/","name":"\u30ab\u30b9\u30bf\u30e0\u30db\u30ef\u30a4\u30c8\u30d7\u30e9\u30b9\u30c1\u30c3\u30af\u30dc\u30c8\u30eb\u30ad\u30e3\u30c3\u30d7\u9060\u5fc3\u4f9b\u7d66\u30b7\u30b9\u30c6\u30e0 - \u5de5\u696d\u7528\u4f9b\u7d66\u6a5f\u68b0\u30e1\u30fc\u30ab\u30fc","isPartOf":{"@id":"https:\/\/swoer.vn\/#website"},"primaryImageOfPage":{"@id":"https:\/\/swoer.vn\/manufacturer\/he-thong-cap-lieu-ly-tam-nap-chai-nhua-trang-tuy-chinh\/#primaryimage"},"image":{"@id":"https:\/\/swoer.vn\/manufacturer\/he-thong-cap-lieu-ly-tam-nap-chai-nhua-trang-tuy-chinh\/#primaryimage"},"thumbnailUrl":"https:\/\/swoer.vn\/wp-content\/uploads\/2025\/02\/He-thong-cap-lieu-ly-tam-nap-chai-nhua-trang-tuy-chinh.webp","datePublished":"2025-02-25T07:09:41+00:00","dateModified":"2025-02-26T01:31:26+00:00","description":"SWOER \u306e\u30ab\u30b9\u30bf\u30de\u30a4\u30ba\u3055\u308c\u305f\u767d\u3044\u30d7\u30e9\u30b9\u30c1\u30c3\u30af\u30dc\u30c8\u30eb\u30ad\u30e3\u30c3\u30d7\u306e\u9060\u5fc3\u4f9b\u7d66\u30b7\u30b9\u30c6\u30e0\u306f\u3001\u6b63\u78ba\u3067\u8fc5\u901f\u306a\u9078\u5225\u3092\u53ef\u80fd\u306b\u3057\u3001\u81ea\u52d5\u5316\u3055\u308c\u305f\u751f\u7523\u30d7\u30ed\u30bb\u30b9\u3092\u6700\u9069\u5316\u3057\u307e\u3059\u3002","breadcrumb":{"@id":"https:\/\/swoer.vn\/manufacturer\/he-thong-cap-lieu-ly-tam-nap-chai-nhua-trang-tuy-chinh\/#breadcrumb"},"inLanguage":"ja","potentialAction":[{"@type":"ReadAction","target":["https:\/\/swoer.vn\/manufacturer\/he-thong-cap-lieu-ly-tam-nap-chai-nhua-trang-tuy-chinh\/"]}]},{"@type":"ImageObject","inLanguage":"ja","@id":"https:\/\/swoer.vn\/manufacturer\/he-thong-cap-lieu-ly-tam-nap-chai-nhua-trang-tuy-chinh\/#primaryimage","url":"https:\/\/swoer.vn\/wp-content\/uploads\/2025\/02\/He-thong-cap-lieu-ly-tam-nap-chai-nhua-trang-tuy-chinh.webp","contentUrl":"https:\/\/swoer.vn\/wp-content\/uploads\/2025\/02\/He-thong-cap-lieu-ly-tam-nap-chai-nhua-trang-tuy-chinh.webp","width":1000,"height":1000,"caption":"H\u1ec7 th\u1ed1ng c\u1ea5p li\u1ec7u ly t\u00e2m n\u1eafp chai nh\u1ef1a tr\u1eafng t\u00f9y ch\u1ec9nh"},{"@type":"BreadcrumbList","@id":"https:\/\/swoer.vn\/manufacturer\/he-thong-cap-lieu-ly-tam-nap-chai-nhua-trang-tuy-chinh\/#breadcrumb","itemListElement":[{"@type":"ListItem","position":1,"name":"Home","item":"https:\/\/swoer.vn\/"},{"@type":"ListItem","position":2,"name":"S\u1ea3n ph\u1ea9m","item":"https:\/\/swoer.vn\/shop\/"},{"@type":"ListItem","position":3,"name":"H\u1ec7 th\u1ed1ng c\u1ea5p li\u1ec7u ly t\u00e2m n\u1eafp chai nh\u1ef1a tr\u1eafng t\u00f9y ch\u1ec9nh"}]},{"@type":"WebSite","@id":"https:\/\/swoer.vn\/#website","url":"https:\/\/swoer.vn\/","name":"\u5de5\u696d\u7528\u30d5\u30a3\u30fc\u30c0\u30fc\u30e1\u30fc\u30ab\u30fc","description":"\u30ed\u30dc\u30c3\u30c8\u3001\u30d5\u30ec\u30ad\u30b7\u30d6\u30eb\u30d5\u30a3\u30fc\u30c0\u30fc\u3001\u9060\u5fc3\u30d5\u30a3\u30fc\u30c0\u30fc\u3001\u81ea\u52d5\u632f\u52d5\u30d5\u30a3\u30fc\u30c0\u30fc\u306e\u30b5\u30d7\u30e9\u30a4\u30e4\u30fc","potentialAction":[{"@type":"SearchAction","target":{"@type":"EntryPoint","urlTemplate":"https:\/\/swoer.vn\/?s={search_term_string}"},"query-input":{"@type":"PropertyValueSpecification","valueRequired":true,"valueName":"search_term_string"}}],"inLanguage":"ja"}]}},"_links":{"self":[{"href":"https:\/\/swoer.vn\/ja\/wp-json\/wp\/v2\/product\/1805","targetHints":{"allow":["GET"]}}],"collection":[{"href":"https:\/\/swoer.vn\/ja\/wp-json\/wp\/v2\/product"}],"about":[{"href":"https:\/\/swoer.vn\/ja\/wp-json\/wp\/v2\/types\/product"}],"replies":[{"embeddable":true,"href":"https:\/\/swoer.vn\/ja\/wp-json\/wp\/v2\/comments?post=1805"}],"wp:featuredmedia":[{"embeddable":true,"href":"https:\/\/swoer.vn\/ja\/wp-json\/wp\/v2\/media\/1806"}],"wp:attachment":[{"href":"https:\/\/swoer.vn\/ja\/wp-json\/wp\/v2\/media?parent=1805"}],"wp:term":[{"taxonomy":"product_brand","embeddable":true,"href":"https:\/\/swoer.vn\/ja\/wp-json\/wp\/v2\/product_brand?post=1805"},{"taxonomy":"product_cat","embeddable":true,"href":"https:\/\/swoer.vn\/ja\/wp-json\/wp\/v2\/product_cat?post=1805"},{"taxonomy":"product_tag","embeddable":true,"href":"https:\/\/swoer.vn\/ja\/wp-json\/wp\/v2\/product_tag?post=1805"}],"curies":[{"name":"wp","href":"https:\/\/api.w.org\/{rel}","templated":true}]}}