{"id":1786,"date":"2025-02-25T10:38:11","date_gmt":"2025-02-25T03:38:11","guid":{"rendered":"https:\/\/swoer.vn\/?post_type=product&#038;p=1786"},"modified":"2025-02-25T12:55:57","modified_gmt":"2025-02-25T05:55:57","slug":"he-thong-cap-nap-ly-tam","status":"publish","type":"product","link":"https:\/\/swoer.vn\/ja\/manufacturer\/he-thong-cap-nap-ly-tam\/","title":{"rendered":"\u9060\u5fc3\u30ad\u30e3\u30c3\u30d7\u4f9b\u7d66\u30b7\u30b9\u30c6\u30e0"},"content":{"rendered":"<p>\u304a\u5ba2\u69d8\u306e\u30cb\u30fc\u30ba\u306b\u3074\u3063\u305f\u308a\u5408\u3063\u305f\u9060\u5fc3\u30b3\u30f3\u30d9\u30a2 \u30bd\u30ea\u30e5\u30fc\u30b7\u30e7\u30f3\u3092\u4f53\u9a13\u3057\u3066\u304f\u3060\u3055\u3044\u3002\u8981\u4ef6\u306b\u5408\u308f\u305b\u3066\u901f\u5ea6\u8a2d\u5b9a\u3092\u30b7\u30fc\u30e0\u30ec\u30b9\u306b\u30ab\u30b9\u30bf\u30de\u30a4\u30ba\u3057\u307e\u3059\u3002\u5f53\u793e\u306e\u5c02\u9580\u7684\u306a\u7d66\u990c\u30bd\u30ea\u30e5\u30fc\u30b7\u30e7\u30f3\u306f\u3001\u6700\u9069\u306a\u52b9\u7387\u3092\u4fdd\u8a3c\u3057\u307e\u3059\u3002<\/p>\n<p>\u8a73\u7d30\u306a 3D CAD \u30e2\u30c7\u30eb\u3092\u5165\u624b\u3057\u3066\u3001\u751f\u7523\u30e9\u30a4\u30f3\u306b\u7c21\u5358\u306b\u7d71\u5408\u3067\u304d\u307e\u3059\u3002\u4fe1\u983c\u6027\u304c\u9ad8\u304f\u52b9\u7387\u7684\u306a\u7a4d\u8f09\u30bd\u30ea\u30e5\u30fc\u30b7\u30e7\u30f3\u306b\u3064\u3044\u3066\u306f\u3001\u5f53\u793e\u306e\u5c02\u9580\u77e5\u8b58\u3092\u4fe1\u983c\u3057\u3066\u304f\u3060\u3055\u3044\u3002\u30ab\u30b9\u30bf\u30de\u30a4\u30ba\u3055\u308c\u305f\u81ea\u52d5\u5316\u30a2\u30d7\u30ed\u30fc\u30c1\u306b\u3088\u308a\u751f\u7523\u6027\u3092\u6700\u5927\u5316\u3057\u307e\u3059\u3002<\/p>\n<h2><strong>\u88fd\u54c1\u60c5\u5831<\/strong><\/h2>\n<table style=\"border-collapse: collapse; width: 545.27pt;\" border=\"0\" width=\"727\" cellspacing=\"0\" cellpadding=\"0\">\n<tbody>\n<tr style=\"height: 20.25pt;\">\n<td class=\"et2\" style=\"height: 20.25pt; width: 240.00pt;\" width=\"320\" height=\"27\"><strong>\u88fd\u54c1\u540d<\/strong><\/td>\n<td class=\"et3\" style=\"width: 305.30pt;\" width=\"407\">\u9060\u5fc3\u4f9b\u7d66\u30b7\u30b9\u30c6\u30e0<\/td>\n<\/tr>\n<tr style=\"height: 20.25pt;\">\n<td class=\"et2\" style=\"height: 20.25pt; width: 240.00pt;\" width=\"320\" height=\"27\"><strong>\u30d6\u30e9\u30f3\u30c9\u540d<\/strong><\/td>\n<td class=\"et3\" style=\"width: 305.30pt;\" width=\"407\">\u8a93\u3046<\/td>\n<\/tr>\n<tr style=\"height: 20.25pt;\">\n<td class=\"et2\" style=\"height: 20.25pt; width: 240.00pt;\" width=\"320\" height=\"27\"><strong>\u6750\u6599<\/strong><\/td>\n<td class=\"et2\" style=\"width: 305.30pt;\" width=\"407\">SUS304<\/td>\n<\/tr>\n<tr style=\"height: 20.25pt;\">\n<td class=\"et2\" style=\"height: 20.25pt; width: 240.00pt;\" width=\"320\" height=\"27\"><strong>\u30b5\u30a4\u30ba<\/strong><\/td>\n<td class=\"et2\" style=\"width: 305.30pt;\" width=\"407\">\u9867\u5ba2\u306e\u8981\u6c42\u306b\u5fdc\u3058\u3066<\/td>\n<\/tr>\n<tr style=\"height: 20.25pt;\">\n<td class=\"et2\" style=\"height: 20.25pt; width: 240.00pt;\" width=\"320\" height=\"27\"><strong>\u95a2\u6570<\/strong><\/td>\n<td class=\"et2\" style=\"width: 305.30pt;\" width=\"407\">\u81ea\u52d5\u7d66\u990c<\/td>\n<\/tr>\n<tr style=\"height: 20.25pt;\">\n<td class=\"et2\" style=\"height: 20.25pt; width: 240.00pt;\" width=\"320\" height=\"27\"><strong>\u4f7f\u7528<\/strong><\/td>\n<td class=\"et2\" style=\"width: 305.30pt;\" width=\"407\">\u9078\u5225\u30fb\u8a08\u6570\u6a5f<\/td>\n<\/tr>\n<tr style=\"height: 20.25pt;\">\n<td class=\"et2\" style=\"height: 20.25pt; width: 240.00pt;\" width=\"320\" height=\"27\"><strong>\u30a2\u30c9\u30d0\u30f3\u30c6\u30fc\u30b8<\/strong><\/td>\n<td class=\"et2\" style=\"width: 305.30pt;\" width=\"407\">\u4eba\u7684\u8cc7\u6e90\u3092\u7bc0\u7d04\u3059\u308b<\/td>\n<\/tr>\n<tr style=\"height: 20.25pt;\">\n<td class=\"et2\" style=\"height: 20.25pt; width: 240.00pt;\" width=\"320\" height=\"27\"><strong>\u30de\u30b7\u30f3\u30bf\u30a4\u30d7<\/strong><\/td>\n<td class=\"et2\" style=\"width: 305.30pt;\" width=\"407\">\u88c5\u5099\u30bb\u30c3\u30c8<\/td>\n<\/tr>\n<tr style=\"height: 20.25pt;\">\n<td class=\"et2\" style=\"height: 20.25pt; width: 240.00pt;\" width=\"320\" height=\"27\"><strong>\u30d7\u30ed\u30b8\u30a7\u30af\u30c8<\/strong><\/td>\n<td class=\"et3\" style=\"width: 305.30pt;\" width=\"407\">\u9060\u5fc3\u4f9b\u7d66\u30b7\u30b9\u30c6\u30e0<\/td>\n<\/tr>\n<tr style=\"height: 60.75pt;\">\n<td class=\"et2\" style=\"height: 60.75pt; width: 240.00pt;\" width=\"320\" height=\"81\"><strong>\u5bfe\u8c61\u696d\u754c<\/strong><\/td>\n<td class=\"et2\" style=\"width: 305.30pt;\" width=\"407\">\u30a8\u30ec\u30af\u30c8\u30ed\u30cb\u30af\u30b9\u7523\u696d\u3001\u533b\u7642\u6a5f\u5668\u7523\u696d\u3001\u81ea\u52d5\u8eca\u7523\u696d\u7b49<\/td>\n<\/tr>\n<tr style=\"height: 20.25pt;\">\n<td class=\"et2\" style=\"height: 20.25pt; width: 240.00pt;\" width=\"320\" height=\"27\"><strong>\u512a\u308c\u305f\u9867\u5ba2\u30b5\u30fc\u30d3\u30b9<\/strong><\/td>\n<td class=\"et2\" style=\"width: 305.30pt;\" width=\"407\">\u30d3\u30c7\u30aa\u6280\u8853\u30b5\u30dd\u30fc\u30c8\u3001\u30aa\u30f3\u30e9\u30a4\u30f3\u30b5\u30dd\u30fc\u30c8\u3001<\/td>\n<\/tr>\n<\/tbody>\n<\/table>","protected":false},"excerpt":{"rendered":"<p>\u5f53\u793e\u3067\u306f\u3001\u304a\u5ba2\u69d8\u306e\u8981\u4ef6\u3092\u6e80\u305f\u3059\u30ab\u30b9\u30bf\u30e0\u901f\u5ea6\u8a2d\u5b9a\u3092\u5099\u3048\u305f\u7cbe\u5bc6\u306b\u8a2d\u8a08\u3055\u308c\u305f\u9060\u5fc3\u30b3\u30f3\u30d9\u30a2 \u30bd\u30ea\u30e5\u30fc\u30b7\u30e7\u30f3\u3092\u63d0\u4f9b\u3057\u3066\u3044\u307e\u3059\u3002\u751f\u7523\u30e9\u30a4\u30f3\u3078\u306e\u30b7\u30fc\u30e0\u30ec\u30b9\u306a\u7d71\u5408\u3092\u4fdd\u8a3c\u3059\u308b\u305f\u3081\u306b\u3001\u8a73\u7d30\u306a 3D CAD \u30e2\u30c7\u30eb\u304c\u63d0\u4f9b\u3055\u308c\u307e\u3059\u3002\u52b9\u7387\u3068\u751f\u7523\u6027\u3092\u6700\u9069\u5316\u3059\u308b\u305f\u3081\u306b\u3001\u5f53\u793e\u306e\u5c02\u9580\u7684\u306a\u7d66\u990c\u30bd\u30ea\u30e5\u30fc\u30b7\u30e7\u30f3\u3092\u3054\u5229\u7528\u304f\u3060\u3055\u3044\u3002<\/p>","protected":false},"featured_media":1787,"comment_status":"open","ping_status":"closed","template":"","meta":[],"product_brand":[],"product_cat":[50],"product_tag":[53,51,52],"class_list":{"0":"post-1786","1":"product","2":"type-product","3":"status-publish","4":"has-post-thumbnail","6":"product_cat-may-cap-lieu-ly-tam","7":"product_tag-bo-cap-lieu-ly-tam","8":"product_tag-may-cap-lieu-ly-tam","9":"product_tag-pheu-ly-tam","11":"first","12":"instock","13":"shipping-taxable","14":"product-type-simple"},"yoast_head":"<!-- This site is optimized with the Yoast SEO plugin v26.0 - https:\/\/yoast.com\/wordpress\/plugins\/seo\/ -->\n<title>H\u1ec7 th\u1ed1ng c\u1ea5p n\u1eafp ly t\u00e2m - Nh\u00e0 s\u1ea3n xu\u1ea5t m\u00e1y c\u1ea5p li\u1ec7u c\u00f4ng nghi\u1ec7p<\/title>\n<meta name=\"description\" content=\"Ch\u00fang t\u00f4i cung c\u1ea5p m\u00e1y c\u1ea5p li\u1ec7u ly t\u00e2m ch\u00ednh x\u00e1c, t\u1ed1c \u0111\u1ed9 t\u00f9y ch\u1ec9nh, t\u00edch h\u1ee3p li\u1ec1n m\u1ea1ch v\u00e0o d\u00e2y chuy\u1ec1n s\u1ea3n xu\u1ea5t. Gi\u1ea3i ph\u00e1p chuy\u00ean nghi\u1ec7p t\u1ed1i \u01b0u h\u00f3a n\u0103ng su\u1ea5t.\" \/>\n<meta name=\"robots\" content=\"index, follow, max-snippet:-1, max-image-preview:large, max-video-preview:-1\" \/>\n<link rel=\"canonical\" href=\"https:\/\/swoer.vn\/ja\/manufacturer\/he-thong-cap-nap-ly-tam\/\" \/>\n<meta property=\"og:locale\" content=\"ja_JP\" \/>\n<meta property=\"og:type\" content=\"article\" \/>\n<meta property=\"og:title\" content=\"H\u1ec7 th\u1ed1ng c\u1ea5p n\u1eafp ly t\u00e2m - Nh\u00e0 s\u1ea3n xu\u1ea5t m\u00e1y c\u1ea5p li\u1ec7u c\u00f4ng nghi\u1ec7p\" \/>\n<meta property=\"og:description\" content=\"Ch\u00fang t\u00f4i cung c\u1ea5p m\u00e1y c\u1ea5p li\u1ec7u ly t\u00e2m ch\u00ednh x\u00e1c, t\u1ed1c \u0111\u1ed9 t\u00f9y ch\u1ec9nh, t\u00edch h\u1ee3p li\u1ec1n m\u1ea1ch v\u00e0o d\u00e2y chuy\u1ec1n s\u1ea3n xu\u1ea5t. Gi\u1ea3i ph\u00e1p chuy\u00ean nghi\u1ec7p t\u1ed1i \u01b0u h\u00f3a n\u0103ng su\u1ea5t.\" \/>\n<meta property=\"og:url\" content=\"https:\/\/swoer.vn\/ja\/manufacturer\/he-thong-cap-nap-ly-tam\/\" \/>\n<meta property=\"og:site_name\" content=\"Nh\u00e0 s\u1ea3n xu\u1ea5t m\u00e1y c\u1ea5p li\u1ec7u c\u00f4ng nghi\u1ec7p\" \/>\n<meta property=\"article:modified_time\" content=\"2025-02-25T05:55:57+00:00\" \/>\n<meta property=\"og:image\" content=\"https:\/\/swoer.vn\/wp-content\/uploads\/2025\/02\/may-ly-tam-nap-chai.webp\" \/>\n\t<meta property=\"og:image:width\" content=\"1000\" \/>\n\t<meta property=\"og:image:height\" content=\"1000\" \/>\n\t<meta property=\"og:image:type\" content=\"image\/webp\" \/>\n<meta name=\"twitter:card\" content=\"summary_large_image\" \/>\n<meta name=\"twitter:label1\" content=\"\u63a8\u5b9a\u8aad\u307f\u53d6\u308a\u6642\u9593\" \/>\n\t<meta name=\"twitter:data1\" content=\"2\u5206\" \/>\n<script type=\"application\/ld+json\" class=\"yoast-schema-graph\">{\"@context\":\"https:\/\/schema.org\",\"@graph\":[{\"@type\":\"WebPage\",\"@id\":\"https:\/\/swoer.vn\/manufacturer\/he-thong-cap-nap-ly-tam\/\",\"url\":\"https:\/\/swoer.vn\/manufacturer\/he-thong-cap-nap-ly-tam\/\",\"name\":\"H\u1ec7 th\u1ed1ng c\u1ea5p n\u1eafp ly t\u00e2m - Nh\u00e0 s\u1ea3n xu\u1ea5t m\u00e1y c\u1ea5p li\u1ec7u c\u00f4ng nghi\u1ec7p\",\"isPartOf\":{\"@id\":\"https:\/\/swoer.vn\/#website\"},\"primaryImageOfPage\":{\"@id\":\"https:\/\/swoer.vn\/manufacturer\/he-thong-cap-nap-ly-tam\/#primaryimage\"},\"image\":{\"@id\":\"https:\/\/swoer.vn\/manufacturer\/he-thong-cap-nap-ly-tam\/#primaryimage\"},\"thumbnailUrl\":\"https:\/\/swoer.vn\/wp-content\/uploads\/2025\/02\/may-ly-tam-nap-chai.webp\",\"datePublished\":\"2025-02-25T03:38:11+00:00\",\"dateModified\":\"2025-02-25T05:55:57+00:00\",\"description\":\"Ch\u00fang t\u00f4i cung c\u1ea5p m\u00e1y c\u1ea5p li\u1ec7u ly t\u00e2m ch\u00ednh x\u00e1c, t\u1ed1c \u0111\u1ed9 t\u00f9y ch\u1ec9nh, t\u00edch h\u1ee3p li\u1ec1n m\u1ea1ch v\u00e0o d\u00e2y chuy\u1ec1n s\u1ea3n xu\u1ea5t. Gi\u1ea3i ph\u00e1p chuy\u00ean nghi\u1ec7p t\u1ed1i \u01b0u h\u00f3a n\u0103ng su\u1ea5t.\",\"breadcrumb\":{\"@id\":\"https:\/\/swoer.vn\/manufacturer\/he-thong-cap-nap-ly-tam\/#breadcrumb\"},\"inLanguage\":\"ja\",\"potentialAction\":[{\"@type\":\"ReadAction\",\"target\":[\"https:\/\/swoer.vn\/manufacturer\/he-thong-cap-nap-ly-tam\/\"]}]},{\"@type\":\"ImageObject\",\"inLanguage\":\"ja\",\"@id\":\"https:\/\/swoer.vn\/manufacturer\/he-thong-cap-nap-ly-tam\/#primaryimage\",\"url\":\"https:\/\/swoer.vn\/wp-content\/uploads\/2025\/02\/may-ly-tam-nap-chai.webp\",\"contentUrl\":\"https:\/\/swoer.vn\/wp-content\/uploads\/2025\/02\/may-ly-tam-nap-chai.webp\",\"width\":1000,\"height\":1000,\"caption\":\"m\u00e1y ly t\u00e2m n\u1eafp chai\"},{\"@type\":\"BreadcrumbList\",\"@id\":\"https:\/\/swoer.vn\/manufacturer\/he-thong-cap-nap-ly-tam\/#breadcrumb\",\"itemListElement\":[{\"@type\":\"ListItem\",\"position\":1,\"name\":\"Home\",\"item\":\"https:\/\/swoer.vn\/\"},{\"@type\":\"ListItem\",\"position\":2,\"name\":\"S\u1ea3n ph\u1ea9m\",\"item\":\"https:\/\/swoer.vn\/shop\/\"},{\"@type\":\"ListItem\",\"position\":3,\"name\":\"H\u1ec7 th\u1ed1ng c\u1ea5p n\u1eafp ly t\u00e2m\"}]},{\"@type\":\"WebSite\",\"@id\":\"https:\/\/swoer.vn\/#website\",\"url\":\"https:\/\/swoer.vn\/\",\"name\":\"Nh\u00e0 s\u1ea3n xu\u1ea5t m\u00e1y c\u1ea5p li\u1ec7u c\u00f4ng nghi\u1ec7p\",\"description\":\"Nh\u00e0 cung c\u1ea5p robot, m\u00e1y c\u1ea5p li\u1ec7u linh ho\u1ea1t, m\u00e1y c\u1ea5p li\u1ec7u ly t\u00e2m, m\u00e1y c\u1ea5p li\u1ec7u rung t\u1ef1 \u0111\u1ed9ng\",\"potentialAction\":[{\"@type\":\"SearchAction\",\"target\":{\"@type\":\"EntryPoint\",\"urlTemplate\":\"https:\/\/swoer.vn\/?s={search_term_string}\"},\"query-input\":{\"@type\":\"PropertyValueSpecification\",\"valueRequired\":true,\"valueName\":\"search_term_string\"}}],\"inLanguage\":\"ja\"}]}<\/script>\n<!-- \/ Yoast SEO plugin. -->","yoast_head_json":{"title":"\u9060\u5fc3\u30ad\u30e3\u30c3\u30d7\u4f9b\u7d66\u30b7\u30b9\u30c6\u30e0 - \u5de5\u696d\u7528\u30d5\u30a3\u30fc\u30c0\u30fc\u30e1\u30fc\u30ab\u30fc","description":"\u5f53\u793e\u306f\u3001\u751f\u7523\u30e9\u30a4\u30f3\u306b\u30b7\u30fc\u30e0\u30ec\u30b9\u306b\u7d71\u5408\u3067\u304d\u308b\u3001\u7cbe\u5bc6\u3067\u30ab\u30b9\u30bf\u30e0\u901f\u5ea6\u306e\u9060\u5fc3\u30d5\u30a3\u30fc\u30c0\u30fc\u3092\u63d0\u4f9b\u3057\u3066\u3044\u307e\u3059\u3002\u751f\u7523\u6027\u3092\u6700\u9069\u5316\u3059\u308b\u30d7\u30ed\u30d5\u30a7\u30c3\u30b7\u30e7\u30ca\u30eb\u306a\u30bd\u30ea\u30e5\u30fc\u30b7\u30e7\u30f3\u3002","robots":{"index":"index","follow":"follow","max-snippet":"max-snippet:-1","max-image-preview":"max-image-preview:large","max-video-preview":"max-video-preview:-1"},"canonical":"https:\/\/swoer.vn\/ja\/manufacturer\/he-thong-cap-nap-ly-tam\/","og_locale":"ja_JP","og_type":"article","og_title":"H\u1ec7 th\u1ed1ng c\u1ea5p n\u1eafp ly t\u00e2m - Nh\u00e0 s\u1ea3n xu\u1ea5t m\u00e1y c\u1ea5p li\u1ec7u c\u00f4ng nghi\u1ec7p","og_description":"Ch\u00fang t\u00f4i cung c\u1ea5p m\u00e1y c\u1ea5p li\u1ec7u ly t\u00e2m ch\u00ednh x\u00e1c, t\u1ed1c \u0111\u1ed9 t\u00f9y ch\u1ec9nh, t\u00edch h\u1ee3p li\u1ec1n m\u1ea1ch v\u00e0o d\u00e2y chuy\u1ec1n s\u1ea3n xu\u1ea5t. Gi\u1ea3i ph\u00e1p chuy\u00ean nghi\u1ec7p t\u1ed1i \u01b0u h\u00f3a n\u0103ng su\u1ea5t.","og_url":"https:\/\/swoer.vn\/ja\/manufacturer\/he-thong-cap-nap-ly-tam\/","og_site_name":"Nh\u00e0 s\u1ea3n xu\u1ea5t m\u00e1y c\u1ea5p li\u1ec7u c\u00f4ng nghi\u1ec7p","article_modified_time":"2025-02-25T05:55:57+00:00","og_image":[{"width":1000,"height":1000,"url":"https:\/\/swoer.vn\/wp-content\/uploads\/2025\/02\/may-ly-tam-nap-chai.webp","type":"image\/webp"}],"twitter_card":"summary_large_image","twitter_misc":{"\u63a8\u5b9a\u8aad\u307f\u53d6\u308a\u6642\u9593":"2\u5206"},"schema":{"@context":"https:\/\/schema.org","@graph":[{"@type":"WebPage","@id":"https:\/\/swoer.vn\/manufacturer\/he-thong-cap-nap-ly-tam\/","url":"https:\/\/swoer.vn\/manufacturer\/he-thong-cap-nap-ly-tam\/","name":"\u9060\u5fc3\u30ad\u30e3\u30c3\u30d7\u4f9b\u7d66\u30b7\u30b9\u30c6\u30e0 - \u5de5\u696d\u7528\u30d5\u30a3\u30fc\u30c0\u30fc\u30e1\u30fc\u30ab\u30fc","isPartOf":{"@id":"https:\/\/swoer.vn\/#website"},"primaryImageOfPage":{"@id":"https:\/\/swoer.vn\/manufacturer\/he-thong-cap-nap-ly-tam\/#primaryimage"},"image":{"@id":"https:\/\/swoer.vn\/manufacturer\/he-thong-cap-nap-ly-tam\/#primaryimage"},"thumbnailUrl":"https:\/\/swoer.vn\/wp-content\/uploads\/2025\/02\/may-ly-tam-nap-chai.webp","datePublished":"2025-02-25T03:38:11+00:00","dateModified":"2025-02-25T05:55:57+00:00","description":"\u5f53\u793e\u306f\u3001\u751f\u7523\u30e9\u30a4\u30f3\u306b\u30b7\u30fc\u30e0\u30ec\u30b9\u306b\u7d71\u5408\u3067\u304d\u308b\u3001\u7cbe\u5bc6\u3067\u30ab\u30b9\u30bf\u30e0\u901f\u5ea6\u306e\u9060\u5fc3\u30d5\u30a3\u30fc\u30c0\u30fc\u3092\u63d0\u4f9b\u3057\u3066\u3044\u307e\u3059\u3002\u751f\u7523\u6027\u3092\u6700\u9069\u5316\u3059\u308b\u30d7\u30ed\u30d5\u30a7\u30c3\u30b7\u30e7\u30ca\u30eb\u306a\u30bd\u30ea\u30e5\u30fc\u30b7\u30e7\u30f3\u3002","breadcrumb":{"@id":"https:\/\/swoer.vn\/manufacturer\/he-thong-cap-nap-ly-tam\/#breadcrumb"},"inLanguage":"ja","potentialAction":[{"@type":"ReadAction","target":["https:\/\/swoer.vn\/manufacturer\/he-thong-cap-nap-ly-tam\/"]}]},{"@type":"ImageObject","inLanguage":"ja","@id":"https:\/\/swoer.vn\/manufacturer\/he-thong-cap-nap-ly-tam\/#primaryimage","url":"https:\/\/swoer.vn\/wp-content\/uploads\/2025\/02\/may-ly-tam-nap-chai.webp","contentUrl":"https:\/\/swoer.vn\/wp-content\/uploads\/2025\/02\/may-ly-tam-nap-chai.webp","width":1000,"height":1000,"caption":"m\u00e1y ly t\u00e2m n\u1eafp chai"},{"@type":"BreadcrumbList","@id":"https:\/\/swoer.vn\/manufacturer\/he-thong-cap-nap-ly-tam\/#breadcrumb","itemListElement":[{"@type":"ListItem","position":1,"name":"Home","item":"https:\/\/swoer.vn\/"},{"@type":"ListItem","position":2,"name":"S\u1ea3n ph\u1ea9m","item":"https:\/\/swoer.vn\/shop\/"},{"@type":"ListItem","position":3,"name":"H\u1ec7 th\u1ed1ng c\u1ea5p n\u1eafp ly t\u00e2m"}]},{"@type":"WebSite","@id":"https:\/\/swoer.vn\/#website","url":"https:\/\/swoer.vn\/","name":"\u5de5\u696d\u7528\u30d5\u30a3\u30fc\u30c0\u30fc\u30e1\u30fc\u30ab\u30fc","description":"\u30ed\u30dc\u30c3\u30c8\u3001\u30d5\u30ec\u30ad\u30b7\u30d6\u30eb\u30d5\u30a3\u30fc\u30c0\u30fc\u3001\u9060\u5fc3\u30d5\u30a3\u30fc\u30c0\u30fc\u3001\u81ea\u52d5\u632f\u52d5\u30d5\u30a3\u30fc\u30c0\u30fc\u306e\u30b5\u30d7\u30e9\u30a4\u30e4\u30fc","potentialAction":[{"@type":"SearchAction","target":{"@type":"EntryPoint","urlTemplate":"https:\/\/swoer.vn\/?s={search_term_string}"},"query-input":{"@type":"PropertyValueSpecification","valueRequired":true,"valueName":"search_term_string"}}],"inLanguage":"ja"}]}},"_links":{"self":[{"href":"https:\/\/swoer.vn\/ja\/wp-json\/wp\/v2\/product\/1786","targetHints":{"allow":["GET"]}}],"collection":[{"href":"https:\/\/swoer.vn\/ja\/wp-json\/wp\/v2\/product"}],"about":[{"href":"https:\/\/swoer.vn\/ja\/wp-json\/wp\/v2\/types\/product"}],"replies":[{"embeddable":true,"href":"https:\/\/swoer.vn\/ja\/wp-json\/wp\/v2\/comments?post=1786"}],"wp:featuredmedia":[{"embeddable":true,"href":"https:\/\/swoer.vn\/ja\/wp-json\/wp\/v2\/media\/1787"}],"wp:attachment":[{"href":"https:\/\/swoer.vn\/ja\/wp-json\/wp\/v2\/media?parent=1786"}],"wp:term":[{"taxonomy":"product_brand","embeddable":true,"href":"https:\/\/swoer.vn\/ja\/wp-json\/wp\/v2\/product_brand?post=1786"},{"taxonomy":"product_cat","embeddable":true,"href":"https:\/\/swoer.vn\/ja\/wp-json\/wp\/v2\/product_cat?post=1786"},{"taxonomy":"product_tag","embeddable":true,"href":"https:\/\/swoer.vn\/ja\/wp-json\/wp\/v2\/product_tag?post=1786"}],"curies":[{"name":"wp","href":"https:\/\/api.w.org\/{rel}","templated":true}]}}