{"id":1781,"date":"2025-02-24T14:59:09","date_gmt":"2025-02-24T07:59:09","guid":{"rendered":"https:\/\/swoer.vn\/?post_type=product&#038;p=1781"},"modified":"2025-02-25T12:57:06","modified_gmt":"2025-02-25T05:57:06","slug":"pheu-cap-lieu-tuyen-tinh-luu-tru","status":"publish","type":"product","link":"https:\/\/swoer.vn\/ja\/manufacturer\/pheu-cap-lieu-tuyen-tinh-luu-tru\/","title":{"rendered":"\u30ea\u30cb\u30a2\u30b9\u30c8\u30ec\u30fc\u30b8\u30d5\u30a3\u30fc\u30c9\u30db\u30c3\u30d1\u30fc"},"content":{"rendered":"<p>\u9577\u671f\u4f5c\u696d\u3084\u8cc7\u6750\u4fdd\u7ba1\u306b\u9069\u3057\u3066\u304a\u308a\u3001\u88dc\u5145\u983b\u5ea6\u3092\u8efd\u6e1b\u3057\u307e\u3059\u3002<\/p>\n<h2><strong>\u7279\u5fb4\uff1a<\/strong><\/h2>\n<ul>\n<li>\u30d0\u30e9\u30f3\u30b9\u306e\u3068\u308c\u305f\u80da\u79fb\u690d\u3001\u304d\u3061\u3093\u3068\u3057\u305f<\/li>\n<li>\u80da\u3092\u9577\u8ddd\u96e2\u8f38\u9001\u3059\u308b<\/li>\n<li>\u6a5f\u68b0\u30b9\u30da\u30fc\u30b9\u3078\u306e\u8a2d\u7f6e\u3084\u63a5\u7d9a\u306b\u4fbf\u5229<\/li>\n<li>\u5b8c\u6210\u3057\u305f\u914d\u5411\u30d6\u30e9\u30f3\u30af\u306e\u4fdd\u7ba1<\/li>\n<li>\u7d66\u990c\u3092\u5b8c\u5168\u306b\u505c\u6b62\u3057\u3001\u958b\u59cb\u3092\u9045\u3089\u305b\u308b\u3053\u3068\u3067\u3001\u632f\u52d5\u677f\u306e\u9023\u7d9a\u52d5\u4f5c\u3092\u56de\u907f\u3057\u3001\u632f\u52d5\u677f\u306e\u5bff\u547d\u3092\u5ef6\u3070\u3057\u3001\u4f5c\u696d\u74b0\u5883\u306e\u9a12\u97f3\u3092\u4f4e\u6e1b\u3059\u308b\u3053\u3068\u304c\u3067\u304d\u307e\u3059\u3002<\/li>\n<\/ul>\n<h2 class=\"rich-text-table\"><strong>\u30d1\u30e9\u30e1\u30fc\u30bf:<\/strong><\/h2>\n<div>\n<table>\n<tbody>\n<tr>\n<td><b>\u30bf\u30a4\u30d7<\/b><\/td>\n<td><b>\u7a4d\u8f09\u65b9\u6cd5<\/b><\/td>\n<td><b>\u5730\u4e0a\u304b\u3089\u306e\u9ad8\u3055<\/b><\/td>\n<td><strong>\u51fa\u529b\u5e45<\/strong><\/td>\n<td><b>\u51fa\u529b\u306e\u9ad8\u3055<\/b><\/td>\n<\/tr>\n<tr>\n<td>SW-CL300<\/td>\n<td>\u30ea\u30cb\u30a2\u30d5\u30a3\u30fc\u30c0\u30fc<\/p>\n<p>\u30ea\u30cb\u30a2\u30d5\u30a3\u30fc\u30c0\u30fc<\/td>\n<td>250-490\u30df\u30ea\u30e1\u30fc\u30c8\u30eb<\/td>\n<td>120\u30df\u30ea\u30e1\u30fc\u30c8\u30eb<\/td>\n<td>10-50<\/td>\n<\/tr>\n<tr>\n<td>SW-CL350<\/td>\n<td>\u30ea\u30cb\u30a2\u30d5\u30a3\u30fc\u30c0\u30fc<\/p>\n<p>\u30ea\u30cb\u30a2\u30d5\u30a3\u30fc\u30c0\u30fc<\/td>\n<td>250-490\u30df\u30ea\u30e1\u30fc\u30c8\u30eb<\/td>\n<td>120\u30df\u30ea\u30e1\u30fc\u30c8\u30eb<\/td>\n<td>10-50<\/td>\n<\/tr>\n<tr>\n<td>SW-CL400<\/td>\n<td>\u30ea\u30cb\u30a2\u30d5\u30a3\u30fc\u30c0\u30fc<\/p>\n<p>\u30ea\u30cb\u30a2\u30d5\u30a3\u30fc\u30c0\u30fc<\/td>\n<td>300 \u2013 530\u30df\u30ea\u30e1\u30fc\u30c8\u30eb<\/td>\n<td>140\u30df\u30ea\u30e1\u30fc\u30c8\u30eb<\/td>\n<td>10-100<\/td>\n<\/tr>\n<tr>\n<td>SW-CL450<\/td>\n<td>\u30ea\u30cb\u30a2\u30d5\u30a3\u30fc\u30c0\u30fc<\/p>\n<p>\u30ea\u30cb\u30a2\u30d5\u30a3\u30fc\u30c0\u30fc<\/td>\n<td>300-570mm<\/td>\n<td>140\u30df\u30ea\u30e1\u30fc\u30c8\u30eb<\/td>\n<td>10-110<\/td>\n<\/tr>\n<tr>\n<td>SW-CL500<\/td>\n<td>\u30ea\u30cb\u30a2\u30d5\u30a3\u30fc\u30c0\u30fc<\/p>\n<p>\u30ea\u30cb\u30a2\u30d5\u30a3\u30fc\u30c0\u30fc<\/td>\n<td>380-700\u30df\u30ea\u30e1\u30fc\u30c8\u30eb<\/td>\n<td>160\u30df\u30ea\u30e1\u30fc\u30c8\u30eb<\/td>\n<td>10-120<\/td>\n<\/tr>\n<tr>\n<td>SW-CL550<\/td>\n<td>\u30ea\u30cb\u30a2\u30d5\u30a3\u30fc\u30c0\u30fc<\/p>\n<p>\u30ea\u30cb\u30a2\u30d5\u30a3\u30fc\u30c0\u30fc<\/td>\n<td>380-720mm<\/td>\n<td>160\u30df\u30ea\u30e1\u30fc\u30c8\u30eb<\/td>\n<td>10-120<\/td>\n<\/tr>\n<tr>\n<td>SW-CL600<\/td>\n<td>\u30ea\u30cb\u30a2\u30d5\u30a3\u30fc\u30c0\u30fc<\/p>\n<p>\u30ea\u30cb\u30a2\u30d5\u30a3\u30fc\u30c0\u30fc<\/td>\n<td>400\uff5e750\u30df\u30ea\u30e1\u30fc\u30c8\u30eb<\/td>\n<td>160\u30df\u30ea\u30e1\u30fc\u30c8\u30eb<\/td>\n<td>10-120<\/td>\n<\/tr>\n<\/tbody>\n<\/table>\n<\/div>","protected":false},"excerpt":{"rendered":"<p>\u30ea\u30cb\u30a2 \u30b9\u30c8\u30ec\u30fc\u30b8 \u30d5\u30a3\u30fc\u30c9 \u30db\u30c3\u30d1\u30fc\u306f\u3001\u7d66\u990c\u30d7\u30ed\u30bb\u30b9\u3092\u6700\u9069\u5316\u3057\u3001\u81ea\u52d5\u5316\u30b7\u30b9\u30c6\u30e0\u306b\u4fe1\u983c\u6027\u306e\u9ad8\u3044\u30bd\u30ea\u30e5\u30fc\u30b7\u30e7\u30f3\u3092\u63d0\u4f9b\u3057\u3001\u30b9\u30da\u30fc\u30b9\u3092\u7bc0\u7d04\u3057\u3066\u751f\u7523\u6027\u3092\u5411\u4e0a\u3055\u305b\u307e\u3059\u3002<\/p>","protected":false},"featured_media":1782,"comment_status":"open","ping_status":"closed","template":"","meta":[],"product_brand":[],"product_cat":[36],"product_tag":[44,43,45],"class_list":{"0":"post-1781","1":"product","2":"type-product","3":"status-publish","4":"has-post-thumbnail","6":"product_cat-pheu","7":"product_tag-bo-rung","8":"product_tag-mam-rung","9":"product_tag-thiet-bi-rung","11":"first","12":"instock","13":"shipping-taxable","14":"product-type-simple"},"yoast_head":"<!-- This site is optimized with the Yoast SEO plugin v26.0 - https:\/\/yoast.com\/wordpress\/plugins\/seo\/ -->\n<title>Ph\u1ec5u c\u1ea5p li\u1ec7u tuy\u1ebfn t\u00ednh l\u01b0u tr\u1eef - Nh\u00e0 s\u1ea3n xu\u1ea5t m\u00e1y c\u1ea5p li\u1ec7u c\u00f4ng nghi\u1ec7p<\/title>\n<meta name=\"description\" content=\"Kh\u00e1m ph\u00e1 ph\u1ec5u c\u1ea5p li\u1ec7u tuy\u1ebfn t\u00ednh l\u01b0u tr\u1eef, gi\u1ea3i ph\u00e1p hi\u1ec7u qu\u1ea3 cho h\u1ec7 th\u1ed1ng t\u1ef1 \u0111\u1ed9ng, ti\u1ebft ki\u1ec7m kh\u00f4ng gian v\u00e0 n\u00e2ng cao n\u0103ng su\u1ea5t s\u1ea3n xu\u1ea5t.\" \/>\n<meta name=\"robots\" content=\"index, follow, max-snippet:-1, max-image-preview:large, max-video-preview:-1\" \/>\n<link rel=\"canonical\" href=\"https:\/\/swoer.vn\/ja\/manufacturer\/pheu-cap-lieu-tuyen-tinh-luu-tru\/\" \/>\n<meta property=\"og:locale\" content=\"ja_JP\" \/>\n<meta property=\"og:type\" content=\"article\" \/>\n<meta property=\"og:title\" content=\"Ph\u1ec5u c\u1ea5p li\u1ec7u tuy\u1ebfn t\u00ednh l\u01b0u tr\u1eef - Nh\u00e0 s\u1ea3n xu\u1ea5t m\u00e1y c\u1ea5p li\u1ec7u c\u00f4ng nghi\u1ec7p\" \/>\n<meta property=\"og:description\" content=\"Kh\u00e1m ph\u00e1 ph\u1ec5u c\u1ea5p li\u1ec7u tuy\u1ebfn t\u00ednh l\u01b0u tr\u1eef, gi\u1ea3i ph\u00e1p hi\u1ec7u qu\u1ea3 cho h\u1ec7 th\u1ed1ng t\u1ef1 \u0111\u1ed9ng, ti\u1ebft ki\u1ec7m kh\u00f4ng gian v\u00e0 n\u00e2ng cao n\u0103ng su\u1ea5t s\u1ea3n xu\u1ea5t.\" \/>\n<meta property=\"og:url\" content=\"https:\/\/swoer.vn\/ja\/manufacturer\/pheu-cap-lieu-tuyen-tinh-luu-tru\/\" \/>\n<meta property=\"og:site_name\" content=\"Nh\u00e0 s\u1ea3n xu\u1ea5t m\u00e1y c\u1ea5p li\u1ec7u c\u00f4ng nghi\u1ec7p\" \/>\n<meta property=\"article:modified_time\" content=\"2025-02-25T05:57:06+00:00\" \/>\n<meta property=\"og:image\" content=\"https:\/\/swoer.vn\/wp-content\/uploads\/2025\/02\/Pheu-cap-lieu-tuyen-tinh-luu-tru.webp\" \/>\n\t<meta property=\"og:image:width\" content=\"1000\" \/>\n\t<meta property=\"og:image:height\" content=\"1000\" \/>\n\t<meta property=\"og:image:type\" content=\"image\/webp\" \/>\n<meta name=\"twitter:card\" content=\"summary_large_image\" \/>\n<meta name=\"twitter:label1\" content=\"\u63a8\u5b9a\u8aad\u307f\u53d6\u308a\u6642\u9593\" \/>\n\t<meta name=\"twitter:data1\" content=\"2\u5206\" \/>\n<script type=\"application\/ld+json\" class=\"yoast-schema-graph\">{\"@context\":\"https:\/\/schema.org\",\"@graph\":[{\"@type\":\"WebPage\",\"@id\":\"https:\/\/swoer.vn\/manufacturer\/pheu-cap-lieu-tuyen-tinh-luu-tru\/\",\"url\":\"https:\/\/swoer.vn\/manufacturer\/pheu-cap-lieu-tuyen-tinh-luu-tru\/\",\"name\":\"Ph\u1ec5u c\u1ea5p li\u1ec7u tuy\u1ebfn t\u00ednh l\u01b0u tr\u1eef - Nh\u00e0 s\u1ea3n xu\u1ea5t m\u00e1y c\u1ea5p li\u1ec7u c\u00f4ng nghi\u1ec7p\",\"isPartOf\":{\"@id\":\"https:\/\/swoer.vn\/#website\"},\"primaryImageOfPage\":{\"@id\":\"https:\/\/swoer.vn\/manufacturer\/pheu-cap-lieu-tuyen-tinh-luu-tru\/#primaryimage\"},\"image\":{\"@id\":\"https:\/\/swoer.vn\/manufacturer\/pheu-cap-lieu-tuyen-tinh-luu-tru\/#primaryimage\"},\"thumbnailUrl\":\"https:\/\/swoer.vn\/wp-content\/uploads\/2025\/02\/Pheu-cap-lieu-tuyen-tinh-luu-tru.webp\",\"datePublished\":\"2025-02-24T07:59:09+00:00\",\"dateModified\":\"2025-02-25T05:57:06+00:00\",\"description\":\"Kh\u00e1m ph\u00e1 ph\u1ec5u c\u1ea5p li\u1ec7u tuy\u1ebfn t\u00ednh l\u01b0u tr\u1eef, gi\u1ea3i ph\u00e1p hi\u1ec7u qu\u1ea3 cho h\u1ec7 th\u1ed1ng t\u1ef1 \u0111\u1ed9ng, ti\u1ebft ki\u1ec7m kh\u00f4ng gian v\u00e0 n\u00e2ng cao n\u0103ng su\u1ea5t s\u1ea3n xu\u1ea5t.\",\"breadcrumb\":{\"@id\":\"https:\/\/swoer.vn\/manufacturer\/pheu-cap-lieu-tuyen-tinh-luu-tru\/#breadcrumb\"},\"inLanguage\":\"ja\",\"potentialAction\":[{\"@type\":\"ReadAction\",\"target\":[\"https:\/\/swoer.vn\/manufacturer\/pheu-cap-lieu-tuyen-tinh-luu-tru\/\"]}]},{\"@type\":\"ImageObject\",\"inLanguage\":\"ja\",\"@id\":\"https:\/\/swoer.vn\/manufacturer\/pheu-cap-lieu-tuyen-tinh-luu-tru\/#primaryimage\",\"url\":\"https:\/\/swoer.vn\/wp-content\/uploads\/2025\/02\/Pheu-cap-lieu-tuyen-tinh-luu-tru.webp\",\"contentUrl\":\"https:\/\/swoer.vn\/wp-content\/uploads\/2025\/02\/Pheu-cap-lieu-tuyen-tinh-luu-tru.webp\",\"width\":1000,\"height\":1000,\"caption\":\"Ph\u1ec5u c\u1ea5p li\u1ec7u tuy\u1ebfn t\u00ednh l\u01b0u tr\u1eef\"},{\"@type\":\"BreadcrumbList\",\"@id\":\"https:\/\/swoer.vn\/manufacturer\/pheu-cap-lieu-tuyen-tinh-luu-tru\/#breadcrumb\",\"itemListElement\":[{\"@type\":\"ListItem\",\"position\":1,\"name\":\"Home\",\"item\":\"https:\/\/swoer.vn\/\"},{\"@type\":\"ListItem\",\"position\":2,\"name\":\"S\u1ea3n ph\u1ea9m\",\"item\":\"https:\/\/swoer.vn\/shop\/\"},{\"@type\":\"ListItem\",\"position\":3,\"name\":\"Ph\u1ec5u c\u1ea5p li\u1ec7u tuy\u1ebfn t\u00ednh l\u01b0u tr\u1eef\"}]},{\"@type\":\"WebSite\",\"@id\":\"https:\/\/swoer.vn\/#website\",\"url\":\"https:\/\/swoer.vn\/\",\"name\":\"Nh\u00e0 s\u1ea3n xu\u1ea5t m\u00e1y c\u1ea5p li\u1ec7u c\u00f4ng nghi\u1ec7p\",\"description\":\"Nh\u00e0 cung c\u1ea5p robot, m\u00e1y c\u1ea5p li\u1ec7u linh ho\u1ea1t, m\u00e1y c\u1ea5p li\u1ec7u ly t\u00e2m, m\u00e1y c\u1ea5p li\u1ec7u rung t\u1ef1 \u0111\u1ed9ng\",\"potentialAction\":[{\"@type\":\"SearchAction\",\"target\":{\"@type\":\"EntryPoint\",\"urlTemplate\":\"https:\/\/swoer.vn\/?s={search_term_string}\"},\"query-input\":{\"@type\":\"PropertyValueSpecification\",\"valueRequired\":true,\"valueName\":\"search_term_string\"}}],\"inLanguage\":\"ja\"}]}<\/script>\n<!-- \/ Yoast SEO plugin. -->","yoast_head_json":{"title":"\u30ea\u30cb\u30a2\u30b9\u30c8\u30ec\u30fc\u30b8\u30d5\u30a3\u30fc\u30c9\u30db\u30c3\u30d1\u30fc - \u5de5\u696d\u7528\u30d5\u30a3\u30fc\u30c0\u30fc\u30e1\u30fc\u30ab\u30fc","description":"\u30b9\u30da\u30fc\u30b9\u3092\u7bc0\u7d04\u3057\u3001\u751f\u7523\u751f\u7523\u6027\u3092\u5411\u4e0a\u3055\u305b\u308b\u3001\u81ea\u52d5\u5316\u30b7\u30b9\u30c6\u30e0\u5411\u3051\u306e\u52b9\u7387\u7684\u306a\u30bd\u30ea\u30e5\u30fc\u30b7\u30e7\u30f3\u3067\u3042\u308b\u30ea\u30cb\u30a2 \u30b9\u30c8\u30ec\u30fc\u30b8 \u30db\u30c3\u30d1\u30fc\u3092\u3054\u7d39\u4ecb\u3057\u307e\u3059\u3002","robots":{"index":"index","follow":"follow","max-snippet":"max-snippet:-1","max-image-preview":"max-image-preview:large","max-video-preview":"max-video-preview:-1"},"canonical":"https:\/\/swoer.vn\/ja\/manufacturer\/pheu-cap-lieu-tuyen-tinh-luu-tru\/","og_locale":"ja_JP","og_type":"article","og_title":"Ph\u1ec5u c\u1ea5p li\u1ec7u tuy\u1ebfn t\u00ednh l\u01b0u tr\u1eef - Nh\u00e0 s\u1ea3n xu\u1ea5t m\u00e1y c\u1ea5p li\u1ec7u c\u00f4ng nghi\u1ec7p","og_description":"Kh\u00e1m ph\u00e1 ph\u1ec5u c\u1ea5p li\u1ec7u tuy\u1ebfn t\u00ednh l\u01b0u tr\u1eef, gi\u1ea3i ph\u00e1p hi\u1ec7u qu\u1ea3 cho h\u1ec7 th\u1ed1ng t\u1ef1 \u0111\u1ed9ng, ti\u1ebft ki\u1ec7m kh\u00f4ng gian v\u00e0 n\u00e2ng cao n\u0103ng su\u1ea5t s\u1ea3n xu\u1ea5t.","og_url":"https:\/\/swoer.vn\/ja\/manufacturer\/pheu-cap-lieu-tuyen-tinh-luu-tru\/","og_site_name":"Nh\u00e0 s\u1ea3n xu\u1ea5t m\u00e1y c\u1ea5p li\u1ec7u c\u00f4ng nghi\u1ec7p","article_modified_time":"2025-02-25T05:57:06+00:00","og_image":[{"width":1000,"height":1000,"url":"https:\/\/swoer.vn\/wp-content\/uploads\/2025\/02\/Pheu-cap-lieu-tuyen-tinh-luu-tru.webp","type":"image\/webp"}],"twitter_card":"summary_large_image","twitter_misc":{"\u63a8\u5b9a\u8aad\u307f\u53d6\u308a\u6642\u9593":"2\u5206"},"schema":{"@context":"https:\/\/schema.org","@graph":[{"@type":"WebPage","@id":"https:\/\/swoer.vn\/manufacturer\/pheu-cap-lieu-tuyen-tinh-luu-tru\/","url":"https:\/\/swoer.vn\/manufacturer\/pheu-cap-lieu-tuyen-tinh-luu-tru\/","name":"\u30ea\u30cb\u30a2\u30b9\u30c8\u30ec\u30fc\u30b8\u30d5\u30a3\u30fc\u30c9\u30db\u30c3\u30d1\u30fc - \u5de5\u696d\u7528\u30d5\u30a3\u30fc\u30c0\u30fc\u30e1\u30fc\u30ab\u30fc","isPartOf":{"@id":"https:\/\/swoer.vn\/#website"},"primaryImageOfPage":{"@id":"https:\/\/swoer.vn\/manufacturer\/pheu-cap-lieu-tuyen-tinh-luu-tru\/#primaryimage"},"image":{"@id":"https:\/\/swoer.vn\/manufacturer\/pheu-cap-lieu-tuyen-tinh-luu-tru\/#primaryimage"},"thumbnailUrl":"https:\/\/swoer.vn\/wp-content\/uploads\/2025\/02\/Pheu-cap-lieu-tuyen-tinh-luu-tru.webp","datePublished":"2025-02-24T07:59:09+00:00","dateModified":"2025-02-25T05:57:06+00:00","description":"\u30b9\u30da\u30fc\u30b9\u3092\u7bc0\u7d04\u3057\u3001\u751f\u7523\u751f\u7523\u6027\u3092\u5411\u4e0a\u3055\u305b\u308b\u3001\u81ea\u52d5\u5316\u30b7\u30b9\u30c6\u30e0\u5411\u3051\u306e\u52b9\u7387\u7684\u306a\u30bd\u30ea\u30e5\u30fc\u30b7\u30e7\u30f3\u3067\u3042\u308b\u30ea\u30cb\u30a2 \u30b9\u30c8\u30ec\u30fc\u30b8 \u30db\u30c3\u30d1\u30fc\u3092\u3054\u7d39\u4ecb\u3057\u307e\u3059\u3002","breadcrumb":{"@id":"https:\/\/swoer.vn\/manufacturer\/pheu-cap-lieu-tuyen-tinh-luu-tru\/#breadcrumb"},"inLanguage":"ja","potentialAction":[{"@type":"ReadAction","target":["https:\/\/swoer.vn\/manufacturer\/pheu-cap-lieu-tuyen-tinh-luu-tru\/"]}]},{"@type":"ImageObject","inLanguage":"ja","@id":"https:\/\/swoer.vn\/manufacturer\/pheu-cap-lieu-tuyen-tinh-luu-tru\/#primaryimage","url":"https:\/\/swoer.vn\/wp-content\/uploads\/2025\/02\/Pheu-cap-lieu-tuyen-tinh-luu-tru.webp","contentUrl":"https:\/\/swoer.vn\/wp-content\/uploads\/2025\/02\/Pheu-cap-lieu-tuyen-tinh-luu-tru.webp","width":1000,"height":1000,"caption":"Ph\u1ec5u c\u1ea5p li\u1ec7u tuy\u1ebfn t\u00ednh l\u01b0u tr\u1eef"},{"@type":"BreadcrumbList","@id":"https:\/\/swoer.vn\/manufacturer\/pheu-cap-lieu-tuyen-tinh-luu-tru\/#breadcrumb","itemListElement":[{"@type":"ListItem","position":1,"name":"Home","item":"https:\/\/swoer.vn\/"},{"@type":"ListItem","position":2,"name":"S\u1ea3n ph\u1ea9m","item":"https:\/\/swoer.vn\/shop\/"},{"@type":"ListItem","position":3,"name":"Ph\u1ec5u c\u1ea5p li\u1ec7u tuy\u1ebfn t\u00ednh l\u01b0u tr\u1eef"}]},{"@type":"WebSite","@id":"https:\/\/swoer.vn\/#website","url":"https:\/\/swoer.vn\/","name":"\u5de5\u696d\u7528\u30d5\u30a3\u30fc\u30c0\u30fc\u30e1\u30fc\u30ab\u30fc","description":"\u30ed\u30dc\u30c3\u30c8\u3001\u30d5\u30ec\u30ad\u30b7\u30d6\u30eb\u30d5\u30a3\u30fc\u30c0\u30fc\u3001\u9060\u5fc3\u30d5\u30a3\u30fc\u30c0\u30fc\u3001\u81ea\u52d5\u632f\u52d5\u30d5\u30a3\u30fc\u30c0\u30fc\u306e\u30b5\u30d7\u30e9\u30a4\u30e4\u30fc","potentialAction":[{"@type":"SearchAction","target":{"@type":"EntryPoint","urlTemplate":"https:\/\/swoer.vn\/?s={search_term_string}"},"query-input":{"@type":"PropertyValueSpecification","valueRequired":true,"valueName":"search_term_string"}}],"inLanguage":"ja"}]}},"_links":{"self":[{"href":"https:\/\/swoer.vn\/ja\/wp-json\/wp\/v2\/product\/1781","targetHints":{"allow":["GET"]}}],"collection":[{"href":"https:\/\/swoer.vn\/ja\/wp-json\/wp\/v2\/product"}],"about":[{"href":"https:\/\/swoer.vn\/ja\/wp-json\/wp\/v2\/types\/product"}],"replies":[{"embeddable":true,"href":"https:\/\/swoer.vn\/ja\/wp-json\/wp\/v2\/comments?post=1781"}],"wp:featuredmedia":[{"embeddable":true,"href":"https:\/\/swoer.vn\/ja\/wp-json\/wp\/v2\/media\/1782"}],"wp:attachment":[{"href":"https:\/\/swoer.vn\/ja\/wp-json\/wp\/v2\/media?parent=1781"}],"wp:term":[{"taxonomy":"product_brand","embeddable":true,"href":"https:\/\/swoer.vn\/ja\/wp-json\/wp\/v2\/product_brand?post=1781"},{"taxonomy":"product_cat","embeddable":true,"href":"https:\/\/swoer.vn\/ja\/wp-json\/wp\/v2\/product_cat?post=1781"},{"taxonomy":"product_tag","embeddable":true,"href":"https:\/\/swoer.vn\/ja\/wp-json\/wp\/v2\/product_tag?post=1781"}],"curies":[{"name":"wp","href":"https:\/\/api.w.org\/{rel}","templated":true}]}}