{"id":1776,"date":"2025-02-24T14:18:52","date_gmt":"2025-02-24T07:18:52","guid":{"rendered":"https:\/\/swoer.vn\/?post_type=product&#038;p=1776"},"modified":"2025-02-24T14:34:57","modified_gmt":"2025-02-24T07:34:57","slug":"bo-cap-phoi-thang-rung-bang-thep-khong-gi-co-do-on-thap","status":"publish","type":"product","link":"https:\/\/swoer.vn\/ja\/manufacturer\/bo-cap-phoi-thang-rung-bang-thep-khong-gi-co-do-on-thap\/","title":{"rendered":"\u4f4e\u9a12\u97f3\u30b9\u30c6\u30f3\u30ec\u30b9\u88fd\u632f\u52d5\u30e9\u30c0\u30fc\u30d5\u30a3\u30fc\u30c0\u30fc"},"content":{"rendered":"<h2><strong>\u7279\u6027\uff1a<\/strong><\/h2>\n<ul>\n<li>\u523a\u6fc0\u7684\u306a\u632f\u52d5\u529b\u3068\u30d1\u30ef\u30fc\u304c\u3088\u304f\u30de\u30c3\u30c1\u3057\u3066\u304a\u308a\u3001\u632f\u52d5\u529b\u306f\u5927\u304d\u304f\u3001\u672c\u4f53\u306e\u91cd\u91cf\u306f\u8efd\u304f\u3001\u5bb9\u7a4d\u306f\u5c0f\u3055\u304f\u3001\u6a5f\u68b0\u7684\u306a\u9a12\u97f3\u306f\u4f4e\u3044\u3067\u3059\u3002<\/li>\n<li>\u5b89\u5b9a\u3057\u305f\u632f\u5e45\u3002<\/li>\n<li>\u632f\u52d5\u5468\u6ce2\u6570\u306f\u8abf\u6574\u53ef\u80fd\u3067\u67d4\u8edf\u3067\u3059\u3002<\/li>\n<li>\u76f4\u7dda\u72b6\u306e\u30b7\u30f3\u30d7\u30eb\u306a\u69cb\u9020\u3067\u3001\u8a2d\u7f6e\u3001\u4fdd\u5b88\u3001\u64cd\u4f5c\u304c\u7c21\u5358\u3067\u3059\u3002<\/li>\n<li>\u9ad8\u54c1\u8cea\u306e\u6750\u6599\u90e8\u54c1\u3001\u96fb\u6c17\u90e8\u54c1\u3001\u64cd\u4f5c\u90e8\u54c1\u3092\u63a1\u7528\u3002<\/li>\n<li>\u9ad8\u3044\u9001\u308a\u901f\u5ea6\u3002<\/li>\n<li>\u3055\u307e\u3056\u307e\u306a\u30e2\u30c7\u30eb\u3001\u30ab\u30b9\u30bf\u30de\u30a4\u30ba\u53ef\u80fd<\/li>\n<\/ul>\n\t<div id=\"gap-1274381949\" class=\"gap-element clearfix\" style=\"display:block; height:auto;\">\n\t\t\n<style>\n#gap-1274381949 {\n  padding-top: 30px;\n}\n<\/style>\n\t<\/div>\n\t\n<h2><strong>\u88fd\u54c1\u4ed5\u69d8:<\/strong><\/h2>\n<table width=\"935\">\n<tbody>\n<tr>\n<td colspan=\"2\" width=\"935\"><\/td>\n<\/tr>\n<tr>\n<td><strong>\u88fd\u54c1\u540d<\/strong><\/td>\n<td>\u4f4e\u9a12\u97f3\u30b9\u30c6\u30f3\u30ec\u30b9\u88fd\u632f\u52d5\u30e9\u30c0\u30fc\u30d5\u30a3\u30fc\u30c0\u30fc<\/td>\n<\/tr>\n<tr>\n<td><strong>\u6750\u6599<\/strong><\/td>\n<td>\u30b9\u30c6\u30f3\u30ec\u30b9\u92fc<\/td>\n<\/tr>\n<tr>\n<td><strong>\u6750\u6599\u7279\u6027<\/strong><\/td>\n<td>\u51b7\u9593\u935b\u9020\u5408\u91d1\u3001\u9ad8\u5f37\u5ea6\u3001\u9ad8\u786c\u5ea6<\/td>\n<\/tr>\n<tr>\n<td><strong>\u96fb\u5727<\/strong><\/td>\n<td>220V<\/td>\n<\/tr>\n<tr>\n<td><strong>\u5bb9\u91cf<\/strong><\/td>\n<td>\u00a065W \/150W \/180W \/ 220W \/ 350W<\/td>\n<\/tr>\n<tr>\n<td><strong>\u8a8d\u8a3c<\/strong><\/td>\n<td>CE\u3001ROHS\u3001ISO9001<\/td>\n<\/tr>\n<tr>\n<td><strong>\u4fdd\u8a3c<\/strong><\/td>\n<td>1\u5e74<\/td>\n<\/tr>\n<tr>\n<td><strong>\u6700\u5c0f\u6ce8\u6587\u6570\u91cf<\/strong><\/td>\n<td>1\u30bb\u30c3\u30c8<\/td>\n<\/tr>\n<tr>\n<td><strong>\u914d\u9001\u65e5<\/strong><\/td>\n<td>14\uff5e28\u65e5<\/td>\n<\/tr>\n<tr>\n<td><strong>\u652f\u6255\u65b9\u6cd5<\/strong><\/td>\n<td>T\/T\u30c7\u30dd\u30b8\u30c3\u30c830%\u3001\u6b8b\u984d\u306f\u914d\u9001\u524d\u306b\u652f\u6255\u3044<\/td>\n<\/tr>\n<tr>\n<td><strong>\u539f\u7523\u56fd<\/strong><\/td>\n<td>\u30d9\u30c8\u30ca\u30e0<\/td>\n<\/tr>\n<\/tbody>\n<\/table>","protected":false},"excerpt":{"rendered":"<p>\u52b9\u679c\u7684\u306a\u9a12\u97f3\u4f4e\u6e1b\u8a2d\u8a08\u3092\u5099\u3048\u305f\u30b9\u30c6\u30f3\u30ec\u30b9\u92fc\u632f\u52d5\u30e9\u30c0\u30fc\u30d5\u30a3\u30fc\u30c0\u30fc\u306f\u3001\u81ea\u52d5\u5316\u30a2\u30d7\u30ea\u30b1\u30fc\u30b7\u30e7\u30f3\u306b\u6700\u9069\u3067\u3001\u30b9\u30e0\u30fc\u30ba\u3067\u52b9\u7387\u7684\u306a\u64cd\u4f5c\u3092\u4fdd\u8a3c\u3057\u307e\u3059\u3002<\/p>","protected":false},"featured_media":1777,"comment_status":"open","ping_status":"closed","template":"","meta":[],"product_brand":[],"product_cat":[37],"product_tag":[38,39,42],"class_list":{"0":"post-1776","1":"product","2":"type-product","3":"status-publish","4":"has-post-thumbnail","6":"product_cat-may-cap-lieu-dang-bac-thang","7":"product_tag-bat-rung-bac-thang","8":"product_tag-may-cap-lieu-rung-bac-thang","9":"product_tag-pheu-rung-bac-thang","11":"first","12":"instock","13":"shipping-taxable","14":"product-type-simple"},"yoast_head":"<!-- This site is optimized with the Yoast SEO plugin v26.0 - https:\/\/yoast.com\/wordpress\/plugins\/seo\/ -->\n<title>B\u1ed9 c\u1ea5p ph\u00f4i thang rung b\u1eb1ng th\u00e9p kh\u00f4ng g\u1ec9 c\u00f3 \u0111\u1ed9 \u1ed3n th\u1ea5p - Nh\u00e0 s\u1ea3n xu\u1ea5t m\u00e1y c\u1ea5p li\u1ec7u c\u00f4ng nghi\u1ec7p<\/title>\n<meta name=\"description\" content=\"B\u1ed9 c\u1ea5p ph\u00f4i thang rung th\u00e9p kh\u00f4ng g\u1ec9 ch\u1ea5t l\u01b0\u1ee3ng cao, Thi\u1ebft k\u1ebf b\u1ec1n b\u1ec9, ti\u1ebft ki\u1ec7m n\u0103ng l\u01b0\u1ee3ng - Gi\u1ea3i ph\u00e1p t\u1ed1i \u01b0u cho d\u00e2y chuy\u1ec1n s\u1ea3n xu\u1ea5t t\u1ef1 \u0111\u1ed9ng. Click xem ngay!\" \/>\n<meta name=\"robots\" content=\"index, follow, max-snippet:-1, max-image-preview:large, max-video-preview:-1\" \/>\n<link rel=\"canonical\" href=\"https:\/\/swoer.vn\/ja\/manufacturer\/bo-cap-phoi-thang-rung-bang-thep-khong-gi-co-do-on-thap\/\" \/>\n<meta property=\"og:locale\" content=\"ja_JP\" \/>\n<meta property=\"og:type\" content=\"article\" \/>\n<meta property=\"og:title\" content=\"B\u1ed9 c\u1ea5p ph\u00f4i thang rung b\u1eb1ng th\u00e9p kh\u00f4ng g\u1ec9 c\u00f3 \u0111\u1ed9 \u1ed3n th\u1ea5p - Nh\u00e0 s\u1ea3n xu\u1ea5t m\u00e1y c\u1ea5p li\u1ec7u c\u00f4ng nghi\u1ec7p\" \/>\n<meta property=\"og:description\" content=\"B\u1ed9 c\u1ea5p ph\u00f4i thang rung th\u00e9p kh\u00f4ng g\u1ec9 ch\u1ea5t l\u01b0\u1ee3ng cao, Thi\u1ebft k\u1ebf b\u1ec1n b\u1ec9, ti\u1ebft ki\u1ec7m n\u0103ng l\u01b0\u1ee3ng - Gi\u1ea3i ph\u00e1p t\u1ed1i \u01b0u cho d\u00e2y chuy\u1ec1n s\u1ea3n xu\u1ea5t t\u1ef1 \u0111\u1ed9ng. Click xem ngay!\" \/>\n<meta property=\"og:url\" content=\"https:\/\/swoer.vn\/ja\/manufacturer\/bo-cap-phoi-thang-rung-bang-thep-khong-gi-co-do-on-thap\/\" \/>\n<meta property=\"og:site_name\" content=\"Nh\u00e0 s\u1ea3n xu\u1ea5t m\u00e1y c\u1ea5p li\u1ec7u c\u00f4ng nghi\u1ec7p\" \/>\n<meta property=\"article:modified_time\" content=\"2025-02-24T07:34:57+00:00\" \/>\n<meta property=\"og:image\" content=\"https:\/\/swoer.vn\/wp-content\/uploads\/2025\/02\/Nha-san-xuat-pheu-rung-bac-thang.webp\" \/>\n\t<meta property=\"og:image:width\" content=\"1000\" \/>\n\t<meta property=\"og:image:height\" content=\"1000\" \/>\n\t<meta property=\"og:image:type\" content=\"image\/webp\" \/>\n<meta name=\"twitter:card\" content=\"summary_large_image\" \/>\n<meta name=\"twitter:label1\" content=\"\u63a8\u5b9a\u8aad\u307f\u53d6\u308a\u6642\u9593\" \/>\n\t<meta name=\"twitter:data1\" content=\"2\u5206\" \/>\n<script type=\"application\/ld+json\" class=\"yoast-schema-graph\">{\"@context\":\"https:\/\/schema.org\",\"@graph\":[{\"@type\":\"WebPage\",\"@id\":\"https:\/\/swoer.vn\/manufacturer\/bo-cap-phoi-thang-rung-bang-thep-khong-gi-co-do-on-thap\/\",\"url\":\"https:\/\/swoer.vn\/manufacturer\/bo-cap-phoi-thang-rung-bang-thep-khong-gi-co-do-on-thap\/\",\"name\":\"B\u1ed9 c\u1ea5p ph\u00f4i thang rung b\u1eb1ng th\u00e9p kh\u00f4ng g\u1ec9 c\u00f3 \u0111\u1ed9 \u1ed3n th\u1ea5p - Nh\u00e0 s\u1ea3n xu\u1ea5t m\u00e1y c\u1ea5p li\u1ec7u c\u00f4ng nghi\u1ec7p\",\"isPartOf\":{\"@id\":\"https:\/\/swoer.vn\/#website\"},\"primaryImageOfPage\":{\"@id\":\"https:\/\/swoer.vn\/manufacturer\/bo-cap-phoi-thang-rung-bang-thep-khong-gi-co-do-on-thap\/#primaryimage\"},\"image\":{\"@id\":\"https:\/\/swoer.vn\/manufacturer\/bo-cap-phoi-thang-rung-bang-thep-khong-gi-co-do-on-thap\/#primaryimage\"},\"thumbnailUrl\":\"https:\/\/swoer.vn\/wp-content\/uploads\/2025\/02\/Nha-san-xuat-pheu-rung-bac-thang.webp\",\"datePublished\":\"2025-02-24T07:18:52+00:00\",\"dateModified\":\"2025-02-24T07:34:57+00:00\",\"description\":\"B\u1ed9 c\u1ea5p ph\u00f4i thang rung th\u00e9p kh\u00f4ng g\u1ec9 ch\u1ea5t l\u01b0\u1ee3ng cao, Thi\u1ebft k\u1ebf b\u1ec1n b\u1ec9, ti\u1ebft ki\u1ec7m n\u0103ng l\u01b0\u1ee3ng - Gi\u1ea3i ph\u00e1p t\u1ed1i \u01b0u cho d\u00e2y chuy\u1ec1n s\u1ea3n xu\u1ea5t t\u1ef1 \u0111\u1ed9ng. Click xem ngay!\",\"breadcrumb\":{\"@id\":\"https:\/\/swoer.vn\/manufacturer\/bo-cap-phoi-thang-rung-bang-thep-khong-gi-co-do-on-thap\/#breadcrumb\"},\"inLanguage\":\"ja\",\"potentialAction\":[{\"@type\":\"ReadAction\",\"target\":[\"https:\/\/swoer.vn\/manufacturer\/bo-cap-phoi-thang-rung-bang-thep-khong-gi-co-do-on-thap\/\"]}]},{\"@type\":\"ImageObject\",\"inLanguage\":\"ja\",\"@id\":\"https:\/\/swoer.vn\/manufacturer\/bo-cap-phoi-thang-rung-bang-thep-khong-gi-co-do-on-thap\/#primaryimage\",\"url\":\"https:\/\/swoer.vn\/wp-content\/uploads\/2025\/02\/Nha-san-xuat-pheu-rung-bac-thang.webp\",\"contentUrl\":\"https:\/\/swoer.vn\/wp-content\/uploads\/2025\/02\/Nha-san-xuat-pheu-rung-bac-thang.webp\",\"width\":1000,\"height\":1000,\"caption\":\"Nh\u00e0 s\u1ea3n xu\u1ea5t ph\u1ec5u rung b\u1eadc thang\"},{\"@type\":\"BreadcrumbList\",\"@id\":\"https:\/\/swoer.vn\/manufacturer\/bo-cap-phoi-thang-rung-bang-thep-khong-gi-co-do-on-thap\/#breadcrumb\",\"itemListElement\":[{\"@type\":\"ListItem\",\"position\":1,\"name\":\"Home\",\"item\":\"https:\/\/swoer.vn\/\"},{\"@type\":\"ListItem\",\"position\":2,\"name\":\"S\u1ea3n ph\u1ea9m\",\"item\":\"https:\/\/swoer.vn\/shop\/\"},{\"@type\":\"ListItem\",\"position\":3,\"name\":\"B\u1ed9 c\u1ea5p ph\u00f4i thang rung b\u1eb1ng th\u00e9p kh\u00f4ng g\u1ec9 c\u00f3 \u0111\u1ed9 \u1ed3n th\u1ea5p\"}]},{\"@type\":\"WebSite\",\"@id\":\"https:\/\/swoer.vn\/#website\",\"url\":\"https:\/\/swoer.vn\/\",\"name\":\"Nh\u00e0 s\u1ea3n xu\u1ea5t m\u00e1y c\u1ea5p li\u1ec7u c\u00f4ng nghi\u1ec7p\",\"description\":\"Nh\u00e0 cung c\u1ea5p robot, m\u00e1y c\u1ea5p li\u1ec7u linh ho\u1ea1t, m\u00e1y c\u1ea5p li\u1ec7u ly t\u00e2m, m\u00e1y c\u1ea5p li\u1ec7u rung t\u1ef1 \u0111\u1ed9ng\",\"potentialAction\":[{\"@type\":\"SearchAction\",\"target\":{\"@type\":\"EntryPoint\",\"urlTemplate\":\"https:\/\/swoer.vn\/?s={search_term_string}\"},\"query-input\":{\"@type\":\"PropertyValueSpecification\",\"valueRequired\":true,\"valueName\":\"search_term_string\"}}],\"inLanguage\":\"ja\"}]}<\/script>\n<!-- \/ Yoast SEO plugin. -->","yoast_head_json":{"title":"\u4f4e\u9a12\u97f3\u30b9\u30c6\u30f3\u30ec\u30b9\u88fd\u632f\u52d5\u30e9\u30c0\u30fc\u30d5\u30a3\u30fc\u30c0\u30fc - \u5de5\u696d\u7528\u30d5\u30a3\u30fc\u30c0\u30fc\u30e1\u30fc\u30ab\u30fc","description":"\u9ad8\u54c1\u8cea\u306e\u30b9\u30c6\u30f3\u30ec\u30b9\u30b9\u30c1\u30fc\u30eb\u88fd\u632f\u52d5\u30e9\u30c0\u30fc\u30d5\u30a3\u30fc\u30c0\u30fc\u3001\u8010\u4e45\u6027\u306e\u3042\u308b\u8a2d\u8a08\u3001\u7701\u30a8\u30cd - \u81ea\u52d5\u751f\u7523\u30e9\u30a4\u30f3\u306b\u6700\u9069\u306a\u30bd\u30ea\u30e5\u30fc\u30b7\u30e7\u30f3\u3002\u4eca\u3059\u3050\u30af\u30ea\u30c3\u30af\u3057\u3066\u3054\u89a7\u304f\u3060\u3055\u3044\uff01","robots":{"index":"index","follow":"follow","max-snippet":"max-snippet:-1","max-image-preview":"max-image-preview:large","max-video-preview":"max-video-preview:-1"},"canonical":"https:\/\/swoer.vn\/ja\/manufacturer\/bo-cap-phoi-thang-rung-bang-thep-khong-gi-co-do-on-thap\/","og_locale":"ja_JP","og_type":"article","og_title":"B\u1ed9 c\u1ea5p ph\u00f4i thang rung b\u1eb1ng th\u00e9p kh\u00f4ng g\u1ec9 c\u00f3 \u0111\u1ed9 \u1ed3n th\u1ea5p - Nh\u00e0 s\u1ea3n xu\u1ea5t m\u00e1y c\u1ea5p li\u1ec7u c\u00f4ng nghi\u1ec7p","og_description":"B\u1ed9 c\u1ea5p ph\u00f4i thang rung th\u00e9p kh\u00f4ng g\u1ec9 ch\u1ea5t l\u01b0\u1ee3ng cao, Thi\u1ebft k\u1ebf b\u1ec1n b\u1ec9, ti\u1ebft ki\u1ec7m n\u0103ng l\u01b0\u1ee3ng - Gi\u1ea3i ph\u00e1p t\u1ed1i \u01b0u cho d\u00e2y chuy\u1ec1n s\u1ea3n xu\u1ea5t t\u1ef1 \u0111\u1ed9ng. Click xem ngay!","og_url":"https:\/\/swoer.vn\/ja\/manufacturer\/bo-cap-phoi-thang-rung-bang-thep-khong-gi-co-do-on-thap\/","og_site_name":"Nh\u00e0 s\u1ea3n xu\u1ea5t m\u00e1y c\u1ea5p li\u1ec7u c\u00f4ng nghi\u1ec7p","article_modified_time":"2025-02-24T07:34:57+00:00","og_image":[{"width":1000,"height":1000,"url":"https:\/\/swoer.vn\/wp-content\/uploads\/2025\/02\/Nha-san-xuat-pheu-rung-bac-thang.webp","type":"image\/webp"}],"twitter_card":"summary_large_image","twitter_misc":{"\u63a8\u5b9a\u8aad\u307f\u53d6\u308a\u6642\u9593":"2\u5206"},"schema":{"@context":"https:\/\/schema.org","@graph":[{"@type":"WebPage","@id":"https:\/\/swoer.vn\/manufacturer\/bo-cap-phoi-thang-rung-bang-thep-khong-gi-co-do-on-thap\/","url":"https:\/\/swoer.vn\/manufacturer\/bo-cap-phoi-thang-rung-bang-thep-khong-gi-co-do-on-thap\/","name":"\u4f4e\u9a12\u97f3\u30b9\u30c6\u30f3\u30ec\u30b9\u88fd\u632f\u52d5\u30e9\u30c0\u30fc\u30d5\u30a3\u30fc\u30c0\u30fc - \u5de5\u696d\u7528\u30d5\u30a3\u30fc\u30c0\u30fc\u30e1\u30fc\u30ab\u30fc","isPartOf":{"@id":"https:\/\/swoer.vn\/#website"},"primaryImageOfPage":{"@id":"https:\/\/swoer.vn\/manufacturer\/bo-cap-phoi-thang-rung-bang-thep-khong-gi-co-do-on-thap\/#primaryimage"},"image":{"@id":"https:\/\/swoer.vn\/manufacturer\/bo-cap-phoi-thang-rung-bang-thep-khong-gi-co-do-on-thap\/#primaryimage"},"thumbnailUrl":"https:\/\/swoer.vn\/wp-content\/uploads\/2025\/02\/Nha-san-xuat-pheu-rung-bac-thang.webp","datePublished":"2025-02-24T07:18:52+00:00","dateModified":"2025-02-24T07:34:57+00:00","description":"\u9ad8\u54c1\u8cea\u306e\u30b9\u30c6\u30f3\u30ec\u30b9\u30b9\u30c1\u30fc\u30eb\u88fd\u632f\u52d5\u30e9\u30c0\u30fc\u30d5\u30a3\u30fc\u30c0\u30fc\u3001\u8010\u4e45\u6027\u306e\u3042\u308b\u8a2d\u8a08\u3001\u7701\u30a8\u30cd - \u81ea\u52d5\u751f\u7523\u30e9\u30a4\u30f3\u306b\u6700\u9069\u306a\u30bd\u30ea\u30e5\u30fc\u30b7\u30e7\u30f3\u3002\u4eca\u3059\u3050\u30af\u30ea\u30c3\u30af\u3057\u3066\u3054\u89a7\u304f\u3060\u3055\u3044\uff01","breadcrumb":{"@id":"https:\/\/swoer.vn\/manufacturer\/bo-cap-phoi-thang-rung-bang-thep-khong-gi-co-do-on-thap\/#breadcrumb"},"inLanguage":"ja","potentialAction":[{"@type":"ReadAction","target":["https:\/\/swoer.vn\/manufacturer\/bo-cap-phoi-thang-rung-bang-thep-khong-gi-co-do-on-thap\/"]}]},{"@type":"ImageObject","inLanguage":"ja","@id":"https:\/\/swoer.vn\/manufacturer\/bo-cap-phoi-thang-rung-bang-thep-khong-gi-co-do-on-thap\/#primaryimage","url":"https:\/\/swoer.vn\/wp-content\/uploads\/2025\/02\/Nha-san-xuat-pheu-rung-bac-thang.webp","contentUrl":"https:\/\/swoer.vn\/wp-content\/uploads\/2025\/02\/Nha-san-xuat-pheu-rung-bac-thang.webp","width":1000,"height":1000,"caption":"Nh\u00e0 s\u1ea3n xu\u1ea5t ph\u1ec5u rung b\u1eadc thang"},{"@type":"BreadcrumbList","@id":"https:\/\/swoer.vn\/manufacturer\/bo-cap-phoi-thang-rung-bang-thep-khong-gi-co-do-on-thap\/#breadcrumb","itemListElement":[{"@type":"ListItem","position":1,"name":"Home","item":"https:\/\/swoer.vn\/"},{"@type":"ListItem","position":2,"name":"S\u1ea3n ph\u1ea9m","item":"https:\/\/swoer.vn\/shop\/"},{"@type":"ListItem","position":3,"name":"B\u1ed9 c\u1ea5p ph\u00f4i thang rung b\u1eb1ng th\u00e9p kh\u00f4ng g\u1ec9 c\u00f3 \u0111\u1ed9 \u1ed3n th\u1ea5p"}]},{"@type":"WebSite","@id":"https:\/\/swoer.vn\/#website","url":"https:\/\/swoer.vn\/","name":"\u5de5\u696d\u7528\u30d5\u30a3\u30fc\u30c0\u30fc\u30e1\u30fc\u30ab\u30fc","description":"\u30ed\u30dc\u30c3\u30c8\u3001\u30d5\u30ec\u30ad\u30b7\u30d6\u30eb\u30d5\u30a3\u30fc\u30c0\u30fc\u3001\u9060\u5fc3\u30d5\u30a3\u30fc\u30c0\u30fc\u3001\u81ea\u52d5\u632f\u52d5\u30d5\u30a3\u30fc\u30c0\u30fc\u306e\u30b5\u30d7\u30e9\u30a4\u30e4\u30fc","potentialAction":[{"@type":"SearchAction","target":{"@type":"EntryPoint","urlTemplate":"https:\/\/swoer.vn\/?s={search_term_string}"},"query-input":{"@type":"PropertyValueSpecification","valueRequired":true,"valueName":"search_term_string"}}],"inLanguage":"ja"}]}},"_links":{"self":[{"href":"https:\/\/swoer.vn\/ja\/wp-json\/wp\/v2\/product\/1776","targetHints":{"allow":["GET"]}}],"collection":[{"href":"https:\/\/swoer.vn\/ja\/wp-json\/wp\/v2\/product"}],"about":[{"href":"https:\/\/swoer.vn\/ja\/wp-json\/wp\/v2\/types\/product"}],"replies":[{"embeddable":true,"href":"https:\/\/swoer.vn\/ja\/wp-json\/wp\/v2\/comments?post=1776"}],"wp:featuredmedia":[{"embeddable":true,"href":"https:\/\/swoer.vn\/ja\/wp-json\/wp\/v2\/media\/1777"}],"wp:attachment":[{"href":"https:\/\/swoer.vn\/ja\/wp-json\/wp\/v2\/media?parent=1776"}],"wp:term":[{"taxonomy":"product_brand","embeddable":true,"href":"https:\/\/swoer.vn\/ja\/wp-json\/wp\/v2\/product_brand?post=1776"},{"taxonomy":"product_cat","embeddable":true,"href":"https:\/\/swoer.vn\/ja\/wp-json\/wp\/v2\/product_cat?post=1776"},{"taxonomy":"product_tag","embeddable":true,"href":"https:\/\/swoer.vn\/ja\/wp-json\/wp\/v2\/product_tag?post=1776"}],"curies":[{"name":"wp","href":"https:\/\/api.w.org\/{rel}","templated":true}]}}