{"id":1770,"date":"2025-02-24T13:49:18","date_gmt":"2025-02-24T06:49:18","guid":{"rendered":"https:\/\/swoer.vn\/?post_type=product&#038;p=1770"},"modified":"2025-02-24T14:51:14","modified_gmt":"2025-02-24T07:51:14","slug":"may-cap-lieu-bac-thang-rung","status":"publish","type":"product","link":"https:\/\/swoer.vn\/ja\/manufacturer\/may-cap-lieu-bac-thang-rung\/","title":{"rendered":"\u632f\u52d5\u30e9\u30c0\u30fc\u30d5\u30a3\u30fc\u30c0\u30fc"},"content":{"rendered":"<h2>\u632f\u52d5\u30d5\u30a3\u30fc\u30c0\u30fc\u4ed8\u304d\u30e9\u30c0\u30fc\u7d66\u990c\u30b7\u30b9\u30c6\u30e0<\/h2>\n<ul>\n<li><strong>\u52b9\u7387\u7684\u3067\u4fe1\u983c\u6027\u306e\u9ad8\u3044\u8a2d\u8a08<\/strong><\/li>\n<\/ul>\n<p>\u30e9\u30c0\u30fc\u30d5\u30a3\u30fc\u30c0\u30fc\u306f\u30b7\u30f3\u30d7\u30eb\u3067\u3042\u308a\u306a\u304c\u3089\u52b9\u7387\u7684\u306a\u8a2d\u8a08\u3092\u7279\u5fb4\u3068\u3057\u3066\u304a\u308a\u3001\u90e8\u54c1\u3092\u6b63\u78ba\u306b\u6301\u3061\u4e0a\u3052\u3066\u76ee\u7684\u306e\u5834\u6240\u306b\u904b\u3076\u3053\u3068\u304c\u3067\u304d\u307e\u3059\u3002\u3053\u308c\u306b\u3088\u308a\u3001\u30a8\u30e9\u30fc\u304c\u6e1b\u308a\u3001\u5168\u4f53\u7684\u306a\u751f\u7523\u6027\u304c\u5411\u4e0a\u3057\u307e\u3059\u3002<\/p>\n<ul>\n<li><strong>\u632f\u52d5\u30d5\u30a3\u30fc\u30c0\u30fc\u3068\u306e\u30b7\u30fc\u30e0\u30ec\u30b9\u306a\u4e92\u63db\u6027<\/strong><\/li>\n<\/ul>\n<p>\u3053\u308c\u3089\u306e\u30d5\u30a3\u30fc\u30c0\u30fc\u306f\u632f\u52d5\u30d5\u30a3\u30fc\u30c0\u30fc\u3068\u5b8c\u74a7\u306b\u9023\u643a\u3059\u308b\u3088\u3046\u306b\u8a2d\u8a08\u3055\u308c\u3066\u304a\u308a\u3001\u30b9\u30e0\u30fc\u30ba\u306a\u64cd\u4f5c\u3068\u3055\u307e\u3056\u307e\u306a\u751f\u7523\u74b0\u5883\u3078\u306e\u7c21\u5358\u306a\u7d71\u5408\u3092\u4fdd\u8a3c\u3057\u307e\u3059\u3002<\/p>\n<ul>\n<li><strong>\u3055\u307e\u3056\u307e\u306a\u30a2\u30d7\u30ea\u30b1\u30fc\u30b7\u30e7\u30f3\u306b\u5bfe\u5fdc\u3059\u308b\u67d4\u8edf\u6027<\/strong><\/li>\n<\/ul>\n<p>\u5c0f\u3055\u304f\u3066\u8907\u96d1\u306a\u90e8\u54c1\u3092\u51e6\u7406\u3059\u308b\u5834\u5408\u3067\u3082\u3001\u3088\u308a\u5927\u304d\u306a\u30b3\u30f3\u30dd\u30fc\u30cd\u30f3\u30c8\u3092\u51e6\u7406\u3059\u308b\u5834\u5408\u3067\u3082\u3001\u30b9\u30c6\u30c3\u30d7 \u30d5\u30a3\u30fc\u30c0\u30fc\u306f\u3055\u307e\u3056\u307e\u306a\u696d\u754c\u306e\u7279\u5b9a\u306e\u8981\u4ef6\u3092\u6e80\u305f\u3059\u3088\u3046\u306b\u30ab\u30b9\u30bf\u30de\u30a4\u30ba\u3067\u304d\u307e\u3059\u3002<\/p>\n<ul>\n<li><strong>\u9a12\u97f3\u3068\u30a8\u30cd\u30eb\u30ae\u30fc\u6d88\u8cbb\u306e\u524a\u6e1b<\/strong><\/li>\n<\/ul>\n<p>\u5f93\u6765\u306e\u7d66\u990c\u30b7\u30b9\u30c6\u30e0\u3068\u6bd4\u8f03\u3057\u3066\u3001\u30b9\u30c6\u30c3\u30d7 \u30d5\u30a3\u30fc\u30c0\u30fc\u306f\u3088\u308a\u9759\u304b\u306b\u52d5\u4f5c\u3057\u3001\u30a8\u30cd\u30eb\u30ae\u30fc\u52b9\u7387\u306b\u512a\u308c\u3066\u3044\u308b\u305f\u3081\u3001\u53b3\u3057\u3044\u9a12\u97f3\u304a\u3088\u3073\u30a8\u30cd\u30eb\u30ae\u30fc\u57fa\u6e96\u304c\u6c42\u3081\u3089\u308c\u308b\u74b0\u5883\u306b\u6700\u9069\u3067\u3059\u3002<\/p>\n<ul>\n<li><strong>\u8010\u4e45\u6027\u304c\u3042\u308a\u30e1\u30f3\u30c6\u30ca\u30f3\u30b9\u304c\u7c21\u5358<\/strong><\/li>\n<\/ul>\n<p>\u30b9\u30c6\u30c3\u30d7\u30d5\u30a3\u30fc\u30c0\u30fc\u306f\u9ad8\u54c1\u8cea\u306e\u6750\u6599\u3067\u4f5c\u3089\u308c\u3066\u304a\u308a\u3001\u9ad8\u3044\u8010\u4e45\u6027\u3068\u30b7\u30f3\u30d7\u30eb\u306a\u8a2d\u8a08\u3092\u7279\u5fb4\u3068\u3057\u3066\u304a\u308a\u3001\u30e1\u30f3\u30c6\u30ca\u30f3\u30b9\u304c\u5bb9\u6613\u3067\u3001\u9577\u671f\u7684\u306a\u904b\u7528\u30b3\u30b9\u30c8\u304c\u524a\u6e1b\u3055\u308c\u307e\u3059\u3002<\/p>","protected":false},"excerpt":{"rendered":"<p>\u30b9\u30c6\u30c3\u30d7\u30d5\u30a3\u30fc\u30c0\u30fc\u306f\u3001\u52b9\u7387\u6027\u3068\u7cbe\u5ea6\u3092\u517c\u306d\u5099\u3048\u3001\u81ea\u52d5\u7d66\u990c\u3092\u5b9f\u73fe\u3057\u307e\u3059\u3002\u632f\u52d5\u30d5\u30a3\u30fc\u30c0\u30fc\u3068\u30b7\u30fc\u30e0\u30ec\u30b9\u306b\u9023\u643a\u3059\u308b\u3088\u3046\u306b\u8a2d\u8a08\u3055\u308c\u3066\u304a\u308a\u3001\u30b9\u30e0\u30fc\u30ba\u306a\u64cd\u4f5c\u3068\u5e45\u5e83\u3044\u7528\u9014\u3078\u306e\u9069\u5fdc\u6027\u3092\u4fdd\u8a3c\u3057\u307e\u3059\u3002<\/p>","protected":false},"featured_media":1771,"comment_status":"open","ping_status":"closed","template":"","meta":[],"product_brand":[],"product_cat":[37],"product_tag":[40,38,41],"class_list":{"0":"post-1770","1":"product","2":"type-product","3":"status-publish","4":"has-post-thumbnail","6":"product_cat-may-cap-lieu-dang-bac-thang","7":"product_tag-bang-tai-rung-bac-thang","8":"product_tag-bat-rung-bac-thang","9":"product_tag-may-cap-lieu-bac-thang-rung","11":"first","12":"instock","13":"shipping-taxable","14":"product-type-simple"},"yoast_head":"<!-- This site is optimized with the Yoast SEO plugin v26.0 - https:\/\/yoast.com\/wordpress\/plugins\/seo\/ -->\n<title>M\u00e1y c\u1ea5p li\u1ec7u b\u1eadc thang rung - Nh\u00e0 s\u1ea3n xu\u1ea5t m\u00e1y c\u1ea5p li\u1ec7u c\u00f4ng nghi\u1ec7p<\/title>\n<meta name=\"description\" content=\"Gi\u1ea3i ph\u00e1p t\u1ef1 \u0111\u1ed9ng h\u00f3a c\u1ea5p ph\u00f4i ch\u00ednh x\u00e1c, v\u1eadn h\u00e0nh \u00eam \u00e1i (&lt;65dB). T\u0103ng 25% hi\u1ec7u su\u1ea5t, ti\u1ebft ki\u1ec7m chi ph\u00ed. \u1ee8ng d\u1ee5ng ngay cho ng\u00e0nh c\u01a1 kh\u00ed, \u0111i\u1ec7n t\u1eed, \u00f4 t\u00f4!\" \/>\n<meta name=\"robots\" content=\"index, follow, max-snippet:-1, max-image-preview:large, max-video-preview:-1\" \/>\n<link rel=\"canonical\" href=\"https:\/\/swoer.vn\/ja\/manufacturer\/may-cap-lieu-bac-thang-rung\/\" \/>\n<meta property=\"og:locale\" content=\"ja_JP\" \/>\n<meta property=\"og:type\" content=\"article\" \/>\n<meta property=\"og:title\" content=\"M\u00e1y c\u1ea5p li\u1ec7u b\u1eadc thang rung - Nh\u00e0 s\u1ea3n xu\u1ea5t m\u00e1y c\u1ea5p li\u1ec7u c\u00f4ng nghi\u1ec7p\" \/>\n<meta property=\"og:description\" content=\"Gi\u1ea3i ph\u00e1p t\u1ef1 \u0111\u1ed9ng h\u00f3a c\u1ea5p ph\u00f4i ch\u00ednh x\u00e1c, v\u1eadn h\u00e0nh \u00eam \u00e1i (&lt;65dB). T\u0103ng 25% hi\u1ec7u su\u1ea5t, ti\u1ebft ki\u1ec7m chi ph\u00ed. \u1ee8ng d\u1ee5ng ngay cho ng\u00e0nh c\u01a1 kh\u00ed, \u0111i\u1ec7n t\u1eed, \u00f4 t\u00f4!\" \/>\n<meta property=\"og:url\" content=\"https:\/\/swoer.vn\/ja\/manufacturer\/may-cap-lieu-bac-thang-rung\/\" \/>\n<meta property=\"og:site_name\" content=\"Nh\u00e0 s\u1ea3n xu\u1ea5t m\u00e1y c\u1ea5p li\u1ec7u c\u00f4ng nghi\u1ec7p\" \/>\n<meta property=\"article:modified_time\" content=\"2025-02-24T07:51:14+00:00\" \/>\n<meta property=\"og:image\" content=\"https:\/\/swoer.vn\/wp-content\/uploads\/2025\/02\/May-cap-lieu-bac-thang-rung.webp\" \/>\n\t<meta property=\"og:image:width\" content=\"1000\" \/>\n\t<meta property=\"og:image:height\" content=\"1000\" \/>\n\t<meta property=\"og:image:type\" content=\"image\/webp\" \/>\n<meta name=\"twitter:card\" content=\"summary_large_image\" \/>\n<meta name=\"twitter:label1\" content=\"\u63a8\u5b9a\u8aad\u307f\u53d6\u308a\u6642\u9593\" \/>\n\t<meta name=\"twitter:data1\" content=\"2\u5206\" \/>\n<script type=\"application\/ld+json\" class=\"yoast-schema-graph\">{\"@context\":\"https:\/\/schema.org\",\"@graph\":[{\"@type\":\"WebPage\",\"@id\":\"https:\/\/swoer.vn\/manufacturer\/may-cap-lieu-bac-thang-rung\/\",\"url\":\"https:\/\/swoer.vn\/manufacturer\/may-cap-lieu-bac-thang-rung\/\",\"name\":\"M\u00e1y c\u1ea5p li\u1ec7u b\u1eadc thang rung - Nh\u00e0 s\u1ea3n xu\u1ea5t m\u00e1y c\u1ea5p li\u1ec7u c\u00f4ng nghi\u1ec7p\",\"isPartOf\":{\"@id\":\"https:\/\/swoer.vn\/#website\"},\"primaryImageOfPage\":{\"@id\":\"https:\/\/swoer.vn\/manufacturer\/may-cap-lieu-bac-thang-rung\/#primaryimage\"},\"image\":{\"@id\":\"https:\/\/swoer.vn\/manufacturer\/may-cap-lieu-bac-thang-rung\/#primaryimage\"},\"thumbnailUrl\":\"https:\/\/swoer.vn\/wp-content\/uploads\/2025\/02\/May-cap-lieu-bac-thang-rung.webp\",\"datePublished\":\"2025-02-24T06:49:18+00:00\",\"dateModified\":\"2025-02-24T07:51:14+00:00\",\"description\":\"Gi\u1ea3i ph\u00e1p t\u1ef1 \u0111\u1ed9ng h\u00f3a c\u1ea5p ph\u00f4i ch\u00ednh x\u00e1c, v\u1eadn h\u00e0nh \u00eam \u00e1i (&lt;65dB). T\u0103ng 25% hi\u1ec7u su\u1ea5t, ti\u1ebft ki\u1ec7m chi ph\u00ed. \u1ee8ng d\u1ee5ng ngay cho ng\u00e0nh c\u01a1 kh\u00ed, \u0111i\u1ec7n t\u1eed, \u00f4 t\u00f4!\",\"breadcrumb\":{\"@id\":\"https:\/\/swoer.vn\/manufacturer\/may-cap-lieu-bac-thang-rung\/#breadcrumb\"},\"inLanguage\":\"ja\",\"potentialAction\":[{\"@type\":\"ReadAction\",\"target\":[\"https:\/\/swoer.vn\/manufacturer\/may-cap-lieu-bac-thang-rung\/\"]}]},{\"@type\":\"ImageObject\",\"inLanguage\":\"ja\",\"@id\":\"https:\/\/swoer.vn\/manufacturer\/may-cap-lieu-bac-thang-rung\/#primaryimage\",\"url\":\"https:\/\/swoer.vn\/wp-content\/uploads\/2025\/02\/May-cap-lieu-bac-thang-rung.webp\",\"contentUrl\":\"https:\/\/swoer.vn\/wp-content\/uploads\/2025\/02\/May-cap-lieu-bac-thang-rung.webp\",\"width\":1000,\"height\":1000,\"caption\":\"M\u00e1y c\u1ea5p li\u1ec7u b\u1eadc thang rung\"},{\"@type\":\"BreadcrumbList\",\"@id\":\"https:\/\/swoer.vn\/manufacturer\/may-cap-lieu-bac-thang-rung\/#breadcrumb\",\"itemListElement\":[{\"@type\":\"ListItem\",\"position\":1,\"name\":\"Home\",\"item\":\"https:\/\/swoer.vn\/\"},{\"@type\":\"ListItem\",\"position\":2,\"name\":\"S\u1ea3n ph\u1ea9m\",\"item\":\"https:\/\/swoer.vn\/shop\/\"},{\"@type\":\"ListItem\",\"position\":3,\"name\":\"M\u00e1y c\u1ea5p li\u1ec7u b\u1eadc thang rung\"}]},{\"@type\":\"WebSite\",\"@id\":\"https:\/\/swoer.vn\/#website\",\"url\":\"https:\/\/swoer.vn\/\",\"name\":\"Nh\u00e0 s\u1ea3n xu\u1ea5t m\u00e1y c\u1ea5p li\u1ec7u c\u00f4ng nghi\u1ec7p\",\"description\":\"Nh\u00e0 cung c\u1ea5p robot, m\u00e1y c\u1ea5p li\u1ec7u linh ho\u1ea1t, m\u00e1y c\u1ea5p li\u1ec7u ly t\u00e2m, m\u00e1y c\u1ea5p li\u1ec7u rung t\u1ef1 \u0111\u1ed9ng\",\"potentialAction\":[{\"@type\":\"SearchAction\",\"target\":{\"@type\":\"EntryPoint\",\"urlTemplate\":\"https:\/\/swoer.vn\/?s={search_term_string}\"},\"query-input\":{\"@type\":\"PropertyValueSpecification\",\"valueRequired\":true,\"valueName\":\"search_term_string\"}}],\"inLanguage\":\"ja\"}]}<\/script>\n<!-- \/ Yoast SEO plugin. -->","yoast_head_json":{"title":"\u632f\u52d5\u30e9\u30c0\u30fc\u30d5\u30a3\u30fc\u30c0\u30fc - \u5de5\u696d\u7528\u30d5\u30a3\u30fc\u30c0\u30fc\u30e1\u30fc\u30ab\u30fc","description":"\u6b63\u78ba\u3067\u9759\u304b\u306a (&lt;65dB) \u81ea\u52d5\u7d66\u990c\u30bd\u30ea\u30e5\u30fc\u30b7\u30e7\u30f3\u3002 25% \u30d1\u30d5\u30a9\u30fc\u30de\u30f3\u30b9\u306e\u5411\u4e0a\u3001\u30b3\u30b9\u30c8\u306e\u524a\u6e1b\u3002\u6a5f\u68b0\u3001\u96fb\u5b50\u3001\u81ea\u52d5\u8eca\u696d\u754c\u306b\u4eca\u3059\u3050\u5fdc\u52df\u3057\u3066\u304f\u3060\u3055\u3044\uff01","robots":{"index":"index","follow":"follow","max-snippet":"max-snippet:-1","max-image-preview":"max-image-preview:large","max-video-preview":"max-video-preview:-1"},"canonical":"https:\/\/swoer.vn\/ja\/manufacturer\/may-cap-lieu-bac-thang-rung\/","og_locale":"ja_JP","og_type":"article","og_title":"M\u00e1y c\u1ea5p li\u1ec7u b\u1eadc thang rung - Nh\u00e0 s\u1ea3n xu\u1ea5t m\u00e1y c\u1ea5p li\u1ec7u c\u00f4ng nghi\u1ec7p","og_description":"Gi\u1ea3i ph\u00e1p t\u1ef1 \u0111\u1ed9ng h\u00f3a c\u1ea5p ph\u00f4i ch\u00ednh x\u00e1c, v\u1eadn h\u00e0nh \u00eam \u00e1i (&lt;65dB). T\u0103ng 25% hi\u1ec7u su\u1ea5t, ti\u1ebft ki\u1ec7m chi ph\u00ed. \u1ee8ng d\u1ee5ng ngay cho ng\u00e0nh c\u01a1 kh\u00ed, \u0111i\u1ec7n t\u1eed, \u00f4 t\u00f4!","og_url":"https:\/\/swoer.vn\/ja\/manufacturer\/may-cap-lieu-bac-thang-rung\/","og_site_name":"Nh\u00e0 s\u1ea3n xu\u1ea5t m\u00e1y c\u1ea5p li\u1ec7u c\u00f4ng nghi\u1ec7p","article_modified_time":"2025-02-24T07:51:14+00:00","og_image":[{"width":1000,"height":1000,"url":"https:\/\/swoer.vn\/wp-content\/uploads\/2025\/02\/May-cap-lieu-bac-thang-rung.webp","type":"image\/webp"}],"twitter_card":"summary_large_image","twitter_misc":{"\u63a8\u5b9a\u8aad\u307f\u53d6\u308a\u6642\u9593":"2\u5206"},"schema":{"@context":"https:\/\/schema.org","@graph":[{"@type":"WebPage","@id":"https:\/\/swoer.vn\/manufacturer\/may-cap-lieu-bac-thang-rung\/","url":"https:\/\/swoer.vn\/manufacturer\/may-cap-lieu-bac-thang-rung\/","name":"\u632f\u52d5\u30e9\u30c0\u30fc\u30d5\u30a3\u30fc\u30c0\u30fc - \u5de5\u696d\u7528\u30d5\u30a3\u30fc\u30c0\u30fc\u30e1\u30fc\u30ab\u30fc","isPartOf":{"@id":"https:\/\/swoer.vn\/#website"},"primaryImageOfPage":{"@id":"https:\/\/swoer.vn\/manufacturer\/may-cap-lieu-bac-thang-rung\/#primaryimage"},"image":{"@id":"https:\/\/swoer.vn\/manufacturer\/may-cap-lieu-bac-thang-rung\/#primaryimage"},"thumbnailUrl":"https:\/\/swoer.vn\/wp-content\/uploads\/2025\/02\/May-cap-lieu-bac-thang-rung.webp","datePublished":"2025-02-24T06:49:18+00:00","dateModified":"2025-02-24T07:51:14+00:00","description":"\u6b63\u78ba\u3067\u9759\u304b\u306a (&lt;65dB) \u81ea\u52d5\u7d66\u990c\u30bd\u30ea\u30e5\u30fc\u30b7\u30e7\u30f3\u3002 25% \u30d1\u30d5\u30a9\u30fc\u30de\u30f3\u30b9\u306e\u5411\u4e0a\u3001\u30b3\u30b9\u30c8\u306e\u524a\u6e1b\u3002\u6a5f\u68b0\u3001\u96fb\u5b50\u3001\u81ea\u52d5\u8eca\u696d\u754c\u306b\u4eca\u3059\u3050\u5fdc\u52df\u3057\u3066\u304f\u3060\u3055\u3044\uff01","breadcrumb":{"@id":"https:\/\/swoer.vn\/manufacturer\/may-cap-lieu-bac-thang-rung\/#breadcrumb"},"inLanguage":"ja","potentialAction":[{"@type":"ReadAction","target":["https:\/\/swoer.vn\/manufacturer\/may-cap-lieu-bac-thang-rung\/"]}]},{"@type":"ImageObject","inLanguage":"ja","@id":"https:\/\/swoer.vn\/manufacturer\/may-cap-lieu-bac-thang-rung\/#primaryimage","url":"https:\/\/swoer.vn\/wp-content\/uploads\/2025\/02\/May-cap-lieu-bac-thang-rung.webp","contentUrl":"https:\/\/swoer.vn\/wp-content\/uploads\/2025\/02\/May-cap-lieu-bac-thang-rung.webp","width":1000,"height":1000,"caption":"M\u00e1y c\u1ea5p li\u1ec7u b\u1eadc thang rung"},{"@type":"BreadcrumbList","@id":"https:\/\/swoer.vn\/manufacturer\/may-cap-lieu-bac-thang-rung\/#breadcrumb","itemListElement":[{"@type":"ListItem","position":1,"name":"Home","item":"https:\/\/swoer.vn\/"},{"@type":"ListItem","position":2,"name":"S\u1ea3n ph\u1ea9m","item":"https:\/\/swoer.vn\/shop\/"},{"@type":"ListItem","position":3,"name":"M\u00e1y c\u1ea5p li\u1ec7u b\u1eadc thang rung"}]},{"@type":"WebSite","@id":"https:\/\/swoer.vn\/#website","url":"https:\/\/swoer.vn\/","name":"\u5de5\u696d\u7528\u30d5\u30a3\u30fc\u30c0\u30fc\u30e1\u30fc\u30ab\u30fc","description":"\u30ed\u30dc\u30c3\u30c8\u3001\u30d5\u30ec\u30ad\u30b7\u30d6\u30eb\u30d5\u30a3\u30fc\u30c0\u30fc\u3001\u9060\u5fc3\u30d5\u30a3\u30fc\u30c0\u30fc\u3001\u81ea\u52d5\u632f\u52d5\u30d5\u30a3\u30fc\u30c0\u30fc\u306e\u30b5\u30d7\u30e9\u30a4\u30e4\u30fc","potentialAction":[{"@type":"SearchAction","target":{"@type":"EntryPoint","urlTemplate":"https:\/\/swoer.vn\/?s={search_term_string}"},"query-input":{"@type":"PropertyValueSpecification","valueRequired":true,"valueName":"search_term_string"}}],"inLanguage":"ja"}]}},"_links":{"self":[{"href":"https:\/\/swoer.vn\/ja\/wp-json\/wp\/v2\/product\/1770","targetHints":{"allow":["GET"]}}],"collection":[{"href":"https:\/\/swoer.vn\/ja\/wp-json\/wp\/v2\/product"}],"about":[{"href":"https:\/\/swoer.vn\/ja\/wp-json\/wp\/v2\/types\/product"}],"replies":[{"embeddable":true,"href":"https:\/\/swoer.vn\/ja\/wp-json\/wp\/v2\/comments?post=1770"}],"wp:featuredmedia":[{"embeddable":true,"href":"https:\/\/swoer.vn\/ja\/wp-json\/wp\/v2\/media\/1771"}],"wp:attachment":[{"href":"https:\/\/swoer.vn\/ja\/wp-json\/wp\/v2\/media?parent=1770"}],"wp:term":[{"taxonomy":"product_brand","embeddable":true,"href":"https:\/\/swoer.vn\/ja\/wp-json\/wp\/v2\/product_brand?post=1770"},{"taxonomy":"product_cat","embeddable":true,"href":"https:\/\/swoer.vn\/ja\/wp-json\/wp\/v2\/product_cat?post=1770"},{"taxonomy":"product_tag","embeddable":true,"href":"https:\/\/swoer.vn\/ja\/wp-json\/wp\/v2\/product_tag?post=1770"}],"curies":[{"name":"wp","href":"https:\/\/api.w.org\/{rel}","templated":true}]}}