{"id":8340,"date":"2026-04-14T14:38:39","date_gmt":"2026-04-14T07:38:39","guid":{"rendered":"https:\/\/swoer.vn\/?post_type=product&#038;p=8340"},"modified":"2026-04-14T14:38:40","modified_gmt":"2026-04-14T07:38:40","slug":"bo-cap-lieu-rung-nap-ong-2-ranh","status":"publish","type":"product","link":"https:\/\/swoer.vn\/en\/manufacturer\/bo-cap-lieu-rung-nap-ong-2-ranh\/","title":{"rendered":"B\u1ed9 c\u1ea5p li\u1ec7u rung n\u1eafp \u1ed1ng 2 r\u00e3nh"},"content":{"rendered":"<p><span style=\"font-weight: 400;\">H\u1ec7 th\u1ed1ng c\u1ea5p li\u1ec7u 2 r\u00e3nh c\u1ee7a SWOER mang \u0111\u1ebfn gi\u1ea3i ph\u00e1p x\u1eed l\u00fd n\u1eafp \u1ed1ng c\u1ef1c nhanh v\u00e0 ch\u00ednh x\u00e1c. B\u1eb1ng c\u00e1ch s\u1eed d\u1ee5ng hai \u0111\u01b0\u1eddng ray v\u1eadn h\u00e0nh song song, thi\u1ebft b\u1ecb gi\u00fap gia t\u0103ng \u0111\u00e1ng k\u1ec3 c\u00f4ng su\u1ea5t \u0111\u1ea7u ra, \u0111\u00e1p \u1ee9ng ho\u00e0n h\u1ea3o y\u00eau c\u1ea7u c\u1ee7a c\u00e1c d\u00e2y chuy\u1ec1n l\u1eafp r\u00e1p t\u1ef1 \u0111\u1ed9ng t\u1ed1c \u0111\u1ed9 cao hi\u1ec7n nay.<\/span><\/p>\n<h2><span style=\"font-weight: 400;\">Th\u00f4ng s\u1ed1 k\u1ef9 thu\u1eadt ti\u00eau chu\u1ea9n<\/span><\/h2>\n<table>\n<tbody>\n<tr>\n<td><b>H\u1ea1ng m\u1ee5c<\/b><\/td>\n<td><b>Specifications<\/b><\/td>\n<\/tr>\n<tr>\n<td><b>Product Name<\/b><\/td>\n<td><span style=\"font-weight: 400;\">B\u1ed9 c\u1ea5p li\u1ec7u rung 2 r\u00e3nh cho n\u1eafp \u1ed1ng (Two Tracks Vibratory Bowl Feeder for Tube Cap)<\/span><\/td>\n<\/tr>\n<tr>\n<td><b>V\u1eadt li\u1ec7u ch\u1ebf t\u1ea1o<\/b><\/td>\n<td><b>Th\u00e9p kh\u00f4ng g\u1ec9 SUS304 \/ SUS201<\/b><\/td>\n<\/tr>\n<tr>\n<td><b>\u0110\u1eb7c t\u00ednh v\u1eadt li\u1ec7u<\/b><\/td>\n<td><span style=\"font-weight: 400;\">H\u1ee3p kim r\u00e8n x\u1eed l\u00fd l\u1ea1nh, c\u01b0\u1eddng \u0111\u1ed9 cao, \u0111\u1ed9 c\u1ee9ng v\u01b0\u1ee3t tr\u1ed9i<\/span><\/td>\n<\/tr>\n<tr>\n<td><b>\u0110i\u1ec7n \u00e1p ho\u1ea1t \u0111\u1ed9ng<\/b><\/td>\n<td><span style=\"font-weight: 400;\">220V<\/span><\/td>\n<\/tr>\n<tr>\n<td><b>C\u00f4ng su\u1ea5t t\u00f9y ch\u1ecdn<\/b><\/td>\n<td><span style=\"font-weight: 400;\">65W \/ 150W \/ 180W \/ 220W \/ 350W<\/span><\/td>\n<\/tr>\n<tr>\n<td><b>Certification<\/b><\/td>\n<td><b>CE, ROHS, ISO9001<\/b><\/td>\n<\/tr>\n<tr>\n<td><b>Guarantee<\/b><\/td>\n<td><span style=\"font-weight: 400;\">01 n\u0103m ch\u00ednh h\u00e3ng<\/span><\/td>\n<\/tr>\n<\/tbody>\n<\/table>\n<h2><span style=\"font-weight: 400;\">\u01afu \u0111i\u1ec3m v\u01b0\u1ee3t tr\u1ed9i c\u1ee7a gi\u1ea3i ph\u00e1p SWOER<\/span><\/h2>\n<ul>\n<li style=\"font-weight: 400;\" aria-level=\"1\"><b>N\u00e2ng cao n\u0103ng su\u1ea5t s\u1ea3n xu\u1ea5t:<\/b><span style=\"font-weight: 400;\"> Thi\u1ebft k\u1ebf r\u00e3nh \u0111\u00f4i gi\u00fap gia t\u0103ng s\u1ea3n l\u01b0\u1ee3ng linh ki\u1ec7n \u0111\u1ea7u ra m\u00e0 kh\u00f4ng c\u1ea7n \u0111\u1ea7u t\u01b0 th\u00eam di\u1ec7n t\u00edch l\u1eafp \u0111\u1eb7t thi\u1ebft b\u1ecb.<\/span><\/li>\n<li style=\"font-weight: 400;\" aria-level=\"1\"><b>V\u1eadn h\u00e0nh m\u01b0\u1ee3t m\u00e0 &amp; Ch\u1ed1ng k\u1eb9t:<\/b><span style=\"font-weight: 400;\"> N\u1eafp \u1ed1ng \u0111\u01b0\u1ee3c di chuy\u1ec3n li\u00ean t\u1ee5c, lu\u00f4n gi\u1eef \u0111\u00fang h\u01b0\u1edbng \u0111\u1ecbnh v\u1ecb, gi\u00fap qu\u00e1 tr\u00ecnh s\u00e0ng l\u1ecdc v\u00e0 c\u1ea5p li\u1ec7u tr\u1edf n\u00ean \u1ed5n \u0111\u1ecbnh tuy\u1ec7t \u0111\u1ed1i.<\/span><\/li>\n<li style=\"font-weight: 400;\" aria-level=\"1\"><b>T\u00f9y bi\u1ebfn linh ho\u1ea1t:<\/b><span style=\"font-weight: 400;\"> SWOER cung c\u1ea5p c\u00e1c t\u00f9y ch\u1ecdn t\u00f9y ch\u1ec9nh theo th\u1ef1c t\u1ebf: k\u00edch th\u01b0\u1edbc \u0111\u01b0\u1eddng ray kh\u1edbp ho\u00e0n to\u00e0n v\u1edbi n\u1eafp \u1ed1ng, b\u1ed9 g\u1ea1t ph\u00f4i (tooling) \u0111\u01b0\u1ee3c gia c\u00f4ng tinh x\u1ea3o theo h\u00ecnh d\u00e1ng n\u1eafp c\u1ee7a kh\u00e1ch h\u00e0ng.<\/span><\/li>\n<li style=\"font-weight: 400;\" aria-level=\"1\"><b>D\u1ec5 d\u00e0ng t\u00edch h\u1ee3p:<\/b><span style=\"font-weight: 400;\"> H\u1ec7 th\u1ed1ng c\u00f3 kh\u1ea3 n\u0103ng k\u1ebft n\u1ed1i li\u1ec1n m\u1ea1ch v\u1edbi c\u00e1c c\u00e1nh tay Robot, b\u0103ng t\u1ea3i tuy\u1ebfn t\u00ednh v\u00e0 c\u00e1c h\u1ec7 th\u1ed1ng t\u1ef1 \u0111\u1ed9ng h\u00f3a s\u1eb5n c\u00f3.<\/span><\/li>\n<li style=\"font-weight: 400;\" aria-level=\"1\"><b>Gi\u1ea3m thi\u1ec3u th\u1eddi gian d\u1eebng m\u00e1y:<\/b><span style=\"font-weight: 400;\"> H\u1ea1n ch\u1ebf t\u1ed1i \u0111a c\u00e1c s\u1ef1 c\u1ed1 k\u1eb9t n\u1eafp, gi\u00fap d\u00f2ng ch\u1ea3y s\u1ea3n xu\u1ea5t lu\u00f4n \u0111\u01b0\u1ee3c duy tr\u00ec xuy\u00ean su\u1ed1t.<\/span><\/li>\n<\/ul>\n<h2><span style=\"font-weight: 400;\">T\u1ea1i sao n\u00ean ch\u1ecdn ph\u1ec5u rung n\u1eafp \u1ed1ng t\u1eeb SWOER?<\/span><\/h2>\n<p><span style=\"font-weight: 400;\">Ch\u00fang t\u00f4i ch\u1ebf t\u1ea1o thi\u1ebft b\u1ecb t\u1eeb v\u1eadt li\u1ec7u SUS304 cao c\u1ea5p v\u1edbi \u0111\u1ed9 b\u1ec1n c\u00f4ng nghi\u1ec7p, \u0111\u1ea3m b\u1ea3o tu\u1ed5i th\u1ecd l\u00e2u d\u00e0i ngay c\u1ea3 khi v\u1eadn h\u00e0nh trong m\u00f4i tr\u01b0\u1eddng s\u1ea3n xu\u1ea5t c\u01b0\u1eddng \u0111\u1ed9 l\u1edbn. V\u1edbi SWOER, n\u1eafp \u1ed1ng c\u1ee7a b\u1ea1n s\u1ebd \u0111\u01b0\u1ee3c x\u1eed l\u00fd m\u1ed9t c\u00e1ch chuy\u00ean nghi\u1ec7p nh\u1ea5t, gi\u00fap n\u00e2ng cao ch\u1ea5t l\u01b0\u1ee3ng th\u00e0nh ph\u1ea9m v\u00e0 t\u1ed1i \u01b0u h\u00f3a l\u1ee3i nhu\u1eadn cho doanh nghi\u1ec7p.<\/span><\/p>","protected":false},"excerpt":{"rendered":"<p><span style=\"font-weight: 400;\">Trong c\u00e1c d\u00e2y chuy\u1ec1n \u0111\u00f3ng g\u00f3i v\u00e0 l\u1eafp r\u00e1p t\u1ed1c \u0111\u1ed9 cao, vi\u1ec7c c\u1ea5p n\u1eafp \u1ed1ng ch\u00ednh x\u00e1c l\u00e0 y\u1ebfu t\u1ed1 quy\u1ebft \u0111\u1ecbnh \u0111\u1ec3 tr\u00e1nh d\u1eebng m\u00e1y (downtime). <\/span><b>H\u1ec7 th\u1ed1ng ph\u1ec5u rung 2 r\u00e3nh SWOER<\/b><span style=\"font-weight: 400;\"> \u0111\u01b0\u1ee3c thi\u1ebft k\u1ebf chuy\u00ean bi\u1ec7t \u0111\u1ec3 nh\u00e2n \u0111\u00f4i s\u1ea3n l\u01b0\u1ee3ng m\u00e0 kh\u00f4ng chi\u1ebfm th\u00eam di\u1ec7n t\u00edch nh\u00e0 x\u01b0\u1edfng. V\u1edbi c\u00f4ng ngh\u1ec7 r\u00e3nh \u0111\u00f4i song song, n\u1eafp \u1ed1ng lu\u00f4n \u0111\u01b0\u1ee3c c\u0103n ch\u1ec9nh ch\u00ednh x\u00e1c v\u00e0 c\u1ea5p v\u00e0o m\u00e1y l\u1eafp r\u00e1p m\u1ed9t c\u00e1ch m\u01b0\u1ee3t m\u00e0, gi\u00fap doanh nghi\u1ec7p t\u1ed1i \u01b0u h\u00f3a quy tr\u00ecnh v\u00e0 gi\u1ea3m thi\u1ec3u t\u1ed1i \u0111a l\u00e3ng ph\u00ed.<\/span><\/p>","protected":false},"featured_media":8341,"comment_status":"open","ping_status":"closed","template":"","meta":[],"product_brand":[],"product_cat":[106],"product_tag":[172,43,107,102,249],"class_list":{"0":"post-8340","1":"product","2":"type-product","3":"status-publish","4":"has-post-thumbnail","6":"product_cat-mam-rung-cap-phoi","7":"product_tag-bo-cap-lieu-rung","8":"product_tag-mam-rung","9":"product_tag-may-cap-lieu-rung","10":"product_tag-pheu-rung-cap-phoi","11":"product_tag-vibratory-bowl-feeder","13":"first","14":"instock","15":"shipping-taxable","16":"product-type-simple"},"yoast_head":"<!-- This site is optimized with the Yoast SEO plugin v26.0 - https:\/\/yoast.com\/wordpress\/plugins\/seo\/ -->\n<title>B\u1ed9 c\u1ea5p li\u1ec7u rung n\u1eafp \u1ed1ng 2 r\u00e3nh - Nh\u00e0 s\u1ea3n xu\u1ea5t m\u00e1y c\u1ea5p li\u1ec7u c\u00f4ng nghi\u1ec7p<\/title>\n<meta name=\"description\" content=\"B\u1ed9 c\u1ea5p li\u1ec7u rung 2 r\u00e3nh SWOER cho n\u1eafp \u1ed1ng: T\u0103ng g\u1ea5p \u0111\u00f4i c\u00f4ng su\u1ea5t, ch\u1ed1ng k\u1eb9t ph\u00f4i tuy\u1ec7t \u0111\u1ed1i. Thi\u1ebft k\u1ebf t\u00f9y ch\u1ec9nh theo n\u1eafp, giao h\u00e0ng 10-14 ng\u00e0y.\" \/>\n<meta name=\"robots\" content=\"index, follow, max-snippet:-1, max-image-preview:large, max-video-preview:-1\" \/>\n<link rel=\"canonical\" href=\"https:\/\/swoer.vn\/en\/manufacturer\/bo-cap-lieu-rung-nap-ong-2-ranh\/\" \/>\n<meta property=\"og:locale\" content=\"en_US\" \/>\n<meta property=\"og:type\" content=\"article\" \/>\n<meta property=\"og:title\" content=\"B\u1ed9 c\u1ea5p li\u1ec7u rung n\u1eafp \u1ed1ng 2 r\u00e3nh - Nh\u00e0 s\u1ea3n xu\u1ea5t m\u00e1y c\u1ea5p li\u1ec7u c\u00f4ng nghi\u1ec7p\" \/>\n<meta property=\"og:description\" content=\"B\u1ed9 c\u1ea5p li\u1ec7u rung 2 r\u00e3nh SWOER cho n\u1eafp \u1ed1ng: T\u0103ng g\u1ea5p \u0111\u00f4i c\u00f4ng su\u1ea5t, ch\u1ed1ng k\u1eb9t ph\u00f4i tuy\u1ec7t \u0111\u1ed1i. Thi\u1ebft k\u1ebf t\u00f9y ch\u1ec9nh theo n\u1eafp, giao h\u00e0ng 10-14 ng\u00e0y.\" \/>\n<meta property=\"og:url\" content=\"https:\/\/swoer.vn\/en\/manufacturer\/bo-cap-lieu-rung-nap-ong-2-ranh\/\" \/>\n<meta property=\"og:site_name\" content=\"Nh\u00e0 s\u1ea3n xu\u1ea5t m\u00e1y c\u1ea5p li\u1ec7u c\u00f4ng nghi\u1ec7p\" \/>\n<meta property=\"article:modified_time\" content=\"2026-04-14T07:38:40+00:00\" \/>\n<meta property=\"og:image\" content=\"https:\/\/swoer.vn\/wp-content\/uploads\/2026\/04\/BO-CAP-LIEU-RUNG-NAP-ONG-2-RANH.png\" \/>\n\t<meta property=\"og:image:width\" content=\"800\" \/>\n\t<meta property=\"og:image:height\" content=\"800\" \/>\n\t<meta property=\"og:image:type\" content=\"image\/png\" \/>\n<meta name=\"twitter:card\" content=\"summary_large_image\" \/>\n<meta name=\"twitter:label1\" content=\"Est. reading time\" \/>\n\t<meta name=\"twitter:data1\" content=\"3 minutes\" \/>\n<script type=\"application\/ld+json\" class=\"yoast-schema-graph\">{\"@context\":\"https:\/\/schema.org\",\"@graph\":[{\"@type\":\"WebPage\",\"@id\":\"https:\/\/swoer.vn\/manufacturer\/bo-cap-lieu-rung-nap-ong-2-ranh\/\",\"url\":\"https:\/\/swoer.vn\/manufacturer\/bo-cap-lieu-rung-nap-ong-2-ranh\/\",\"name\":\"B\u1ed9 c\u1ea5p li\u1ec7u rung n\u1eafp \u1ed1ng 2 r\u00e3nh - Nh\u00e0 s\u1ea3n xu\u1ea5t m\u00e1y c\u1ea5p li\u1ec7u c\u00f4ng nghi\u1ec7p\",\"isPartOf\":{\"@id\":\"https:\/\/swoer.vn\/#website\"},\"primaryImageOfPage\":{\"@id\":\"https:\/\/swoer.vn\/manufacturer\/bo-cap-lieu-rung-nap-ong-2-ranh\/#primaryimage\"},\"image\":{\"@id\":\"https:\/\/swoer.vn\/manufacturer\/bo-cap-lieu-rung-nap-ong-2-ranh\/#primaryimage\"},\"thumbnailUrl\":\"https:\/\/swoer.vn\/wp-content\/uploads\/2026\/04\/BO-CAP-LIEU-RUNG-NAP-ONG-2-RANH.png\",\"datePublished\":\"2026-04-14T07:38:39+00:00\",\"dateModified\":\"2026-04-14T07:38:40+00:00\",\"description\":\"B\u1ed9 c\u1ea5p li\u1ec7u rung 2 r\u00e3nh SWOER cho n\u1eafp \u1ed1ng: T\u0103ng g\u1ea5p \u0111\u00f4i c\u00f4ng su\u1ea5t, ch\u1ed1ng k\u1eb9t ph\u00f4i tuy\u1ec7t \u0111\u1ed1i. Thi\u1ebft k\u1ebf t\u00f9y ch\u1ec9nh theo n\u1eafp, giao h\u00e0ng 10-14 ng\u00e0y.\",\"breadcrumb\":{\"@id\":\"https:\/\/swoer.vn\/manufacturer\/bo-cap-lieu-rung-nap-ong-2-ranh\/#breadcrumb\"},\"inLanguage\":\"en-US\",\"potentialAction\":[{\"@type\":\"ReadAction\",\"target\":[\"https:\/\/swoer.vn\/manufacturer\/bo-cap-lieu-rung-nap-ong-2-ranh\/\"]}]},{\"@type\":\"ImageObject\",\"inLanguage\":\"en-US\",\"@id\":\"https:\/\/swoer.vn\/manufacturer\/bo-cap-lieu-rung-nap-ong-2-ranh\/#primaryimage\",\"url\":\"https:\/\/swoer.vn\/wp-content\/uploads\/2026\/04\/BO-CAP-LIEU-RUNG-NAP-ONG-2-RANH.png\",\"contentUrl\":\"https:\/\/swoer.vn\/wp-content\/uploads\/2026\/04\/BO-CAP-LIEU-RUNG-NAP-ONG-2-RANH.png\",\"width\":800,\"height\":800,\"caption\":\"BO\u0323\u0302 CA\u0302\u0301P LIE\u0323\u0302U RUNG NA\u0306\u0301P O\u0302NG 2 RA\u0303NH\"},{\"@type\":\"BreadcrumbList\",\"@id\":\"https:\/\/swoer.vn\/manufacturer\/bo-cap-lieu-rung-nap-ong-2-ranh\/#breadcrumb\",\"itemListElement\":[{\"@type\":\"ListItem\",\"position\":1,\"name\":\"Home\",\"item\":\"https:\/\/swoer.vn\/\"},{\"@type\":\"ListItem\",\"position\":2,\"name\":\"S\u1ea3n ph\u1ea9m\",\"item\":\"https:\/\/swoer.vn\/shop\/\"},{\"@type\":\"ListItem\",\"position\":3,\"name\":\"B\u1ed9 c\u1ea5p li\u1ec7u rung n\u1eafp \u1ed1ng 2 r\u00e3nh\"}]},{\"@type\":\"WebSite\",\"@id\":\"https:\/\/swoer.vn\/#website\",\"url\":\"https:\/\/swoer.vn\/\",\"name\":\"Nh\u00e0 s\u1ea3n xu\u1ea5t m\u00e1y c\u1ea5p li\u1ec7u c\u00f4ng nghi\u1ec7p\",\"description\":\"Nh\u00e0 cung c\u1ea5p robot, m\u00e1y c\u1ea5p li\u1ec7u linh ho\u1ea1t, m\u00e1y c\u1ea5p li\u1ec7u ly t\u00e2m, m\u00e1y c\u1ea5p li\u1ec7u rung t\u1ef1 \u0111\u1ed9ng\",\"potentialAction\":[{\"@type\":\"SearchAction\",\"target\":{\"@type\":\"EntryPoint\",\"urlTemplate\":\"https:\/\/swoer.vn\/?s={search_term_string}\"},\"query-input\":{\"@type\":\"PropertyValueSpecification\",\"valueRequired\":true,\"valueName\":\"search_term_string\"}}],\"inLanguage\":\"en-US\"}]}<\/script>\n<!-- \/ Yoast SEO plugin. -->","yoast_head_json":{"title":"B\u1ed9 c\u1ea5p li\u1ec7u rung n\u1eafp \u1ed1ng 2 r\u00e3nh - Nh\u00e0 s\u1ea3n xu\u1ea5t m\u00e1y c\u1ea5p li\u1ec7u c\u00f4ng nghi\u1ec7p","description":"B\u1ed9 c\u1ea5p li\u1ec7u rung 2 r\u00e3nh SWOER cho n\u1eafp \u1ed1ng: T\u0103ng g\u1ea5p \u0111\u00f4i c\u00f4ng su\u1ea5t, ch\u1ed1ng k\u1eb9t ph\u00f4i tuy\u1ec7t \u0111\u1ed1i. Thi\u1ebft k\u1ebf t\u00f9y ch\u1ec9nh theo n\u1eafp, giao h\u00e0ng 10-14 ng\u00e0y.","robots":{"index":"index","follow":"follow","max-snippet":"max-snippet:-1","max-image-preview":"max-image-preview:large","max-video-preview":"max-video-preview:-1"},"canonical":"https:\/\/swoer.vn\/en\/manufacturer\/bo-cap-lieu-rung-nap-ong-2-ranh\/","og_locale":"en_US","og_type":"article","og_title":"B\u1ed9 c\u1ea5p li\u1ec7u rung n\u1eafp \u1ed1ng 2 r\u00e3nh - Nh\u00e0 s\u1ea3n xu\u1ea5t m\u00e1y c\u1ea5p li\u1ec7u c\u00f4ng nghi\u1ec7p","og_description":"B\u1ed9 c\u1ea5p li\u1ec7u rung 2 r\u00e3nh SWOER cho n\u1eafp \u1ed1ng: T\u0103ng g\u1ea5p \u0111\u00f4i c\u00f4ng su\u1ea5t, ch\u1ed1ng k\u1eb9t ph\u00f4i tuy\u1ec7t \u0111\u1ed1i. Thi\u1ebft k\u1ebf t\u00f9y ch\u1ec9nh theo n\u1eafp, giao h\u00e0ng 10-14 ng\u00e0y.","og_url":"https:\/\/swoer.vn\/en\/manufacturer\/bo-cap-lieu-rung-nap-ong-2-ranh\/","og_site_name":"Nh\u00e0 s\u1ea3n xu\u1ea5t m\u00e1y c\u1ea5p li\u1ec7u c\u00f4ng nghi\u1ec7p","article_modified_time":"2026-04-14T07:38:40+00:00","og_image":[{"width":800,"height":800,"url":"https:\/\/swoer.vn\/wp-content\/uploads\/2026\/04\/BO-CAP-LIEU-RUNG-NAP-ONG-2-RANH.png","type":"image\/png"}],"twitter_card":"summary_large_image","twitter_misc":{"Est. reading time":"3 minutes"},"schema":{"@context":"https:\/\/schema.org","@graph":[{"@type":"WebPage","@id":"https:\/\/swoer.vn\/manufacturer\/bo-cap-lieu-rung-nap-ong-2-ranh\/","url":"https:\/\/swoer.vn\/manufacturer\/bo-cap-lieu-rung-nap-ong-2-ranh\/","name":"B\u1ed9 c\u1ea5p li\u1ec7u rung n\u1eafp \u1ed1ng 2 r\u00e3nh - Nh\u00e0 s\u1ea3n xu\u1ea5t m\u00e1y c\u1ea5p li\u1ec7u c\u00f4ng nghi\u1ec7p","isPartOf":{"@id":"https:\/\/swoer.vn\/#website"},"primaryImageOfPage":{"@id":"https:\/\/swoer.vn\/manufacturer\/bo-cap-lieu-rung-nap-ong-2-ranh\/#primaryimage"},"image":{"@id":"https:\/\/swoer.vn\/manufacturer\/bo-cap-lieu-rung-nap-ong-2-ranh\/#primaryimage"},"thumbnailUrl":"https:\/\/swoer.vn\/wp-content\/uploads\/2026\/04\/BO-CAP-LIEU-RUNG-NAP-ONG-2-RANH.png","datePublished":"2026-04-14T07:38:39+00:00","dateModified":"2026-04-14T07:38:40+00:00","description":"B\u1ed9 c\u1ea5p li\u1ec7u rung 2 r\u00e3nh SWOER cho n\u1eafp \u1ed1ng: T\u0103ng g\u1ea5p \u0111\u00f4i c\u00f4ng su\u1ea5t, ch\u1ed1ng k\u1eb9t ph\u00f4i tuy\u1ec7t \u0111\u1ed1i. Thi\u1ebft k\u1ebf t\u00f9y ch\u1ec9nh theo n\u1eafp, giao h\u00e0ng 10-14 ng\u00e0y.","breadcrumb":{"@id":"https:\/\/swoer.vn\/manufacturer\/bo-cap-lieu-rung-nap-ong-2-ranh\/#breadcrumb"},"inLanguage":"en-US","potentialAction":[{"@type":"ReadAction","target":["https:\/\/swoer.vn\/manufacturer\/bo-cap-lieu-rung-nap-ong-2-ranh\/"]}]},{"@type":"ImageObject","inLanguage":"en-US","@id":"https:\/\/swoer.vn\/manufacturer\/bo-cap-lieu-rung-nap-ong-2-ranh\/#primaryimage","url":"https:\/\/swoer.vn\/wp-content\/uploads\/2026\/04\/BO-CAP-LIEU-RUNG-NAP-ONG-2-RANH.png","contentUrl":"https:\/\/swoer.vn\/wp-content\/uploads\/2026\/04\/BO-CAP-LIEU-RUNG-NAP-ONG-2-RANH.png","width":800,"height":800,"caption":"BO\u0323\u0302 CA\u0302\u0301P LIE\u0323\u0302U RUNG NA\u0306\u0301P O\u0302NG 2 RA\u0303NH"},{"@type":"BreadcrumbList","@id":"https:\/\/swoer.vn\/manufacturer\/bo-cap-lieu-rung-nap-ong-2-ranh\/#breadcrumb","itemListElement":[{"@type":"ListItem","position":1,"name":"Home","item":"https:\/\/swoer.vn\/"},{"@type":"ListItem","position":2,"name":"S\u1ea3n ph\u1ea9m","item":"https:\/\/swoer.vn\/shop\/"},{"@type":"ListItem","position":3,"name":"B\u1ed9 c\u1ea5p li\u1ec7u rung n\u1eafp \u1ed1ng 2 r\u00e3nh"}]},{"@type":"WebSite","@id":"https:\/\/swoer.vn\/#website","url":"https:\/\/swoer.vn\/","name":"Industrial Feeder Manufacturer","description":"Supplier of robot, flexible feeder, centrifugal feeder, automatic vibrating feeder","potentialAction":[{"@type":"SearchAction","target":{"@type":"EntryPoint","urlTemplate":"https:\/\/swoer.vn\/?s={search_term_string}"},"query-input":{"@type":"PropertyValueSpecification","valueRequired":true,"valueName":"search_term_string"}}],"inLanguage":"en-US"}]}},"_links":{"self":[{"href":"https:\/\/swoer.vn\/en\/wp-json\/wp\/v2\/product\/8340","targetHints":{"allow":["GET"]}}],"collection":[{"href":"https:\/\/swoer.vn\/en\/wp-json\/wp\/v2\/product"}],"about":[{"href":"https:\/\/swoer.vn\/en\/wp-json\/wp\/v2\/types\/product"}],"replies":[{"embeddable":true,"href":"https:\/\/swoer.vn\/en\/wp-json\/wp\/v2\/comments?post=8340"}],"wp:featuredmedia":[{"embeddable":true,"href":"https:\/\/swoer.vn\/en\/wp-json\/wp\/v2\/media\/8341"}],"wp:attachment":[{"href":"https:\/\/swoer.vn\/en\/wp-json\/wp\/v2\/media?parent=8340"}],"wp:term":[{"taxonomy":"product_brand","embeddable":true,"href":"https:\/\/swoer.vn\/en\/wp-json\/wp\/v2\/product_brand?post=8340"},{"taxonomy":"product_cat","embeddable":true,"href":"https:\/\/swoer.vn\/en\/wp-json\/wp\/v2\/product_cat?post=8340"},{"taxonomy":"product_tag","embeddable":true,"href":"https:\/\/swoer.vn\/en\/wp-json\/wp\/v2\/product_tag?post=8340"}],"curies":[{"name":"wp","href":"https:\/\/api.w.org\/{rel}","templated":true}]}}