{"id":8308,"date":"2026-04-11T13:34:34","date_gmt":"2026-04-11T06:34:34","guid":{"rendered":"https:\/\/swoer.vn\/?post_type=product&#038;p=8308"},"modified":"2026-04-11T13:34:35","modified_gmt":"2026-04-11T06:34:35","slug":"bo-cap-lieu-rung-cho-nap-chai-nhua","status":"publish","type":"product","link":"https:\/\/swoer.vn\/en\/manufacturer\/bo-cap-lieu-rung-cho-nap-chai-nhua\/","title":{"rendered":"B\u1ed9 c\u1ea5p li\u1ec7u rung cho n\u1eafp chai nh\u1ef1a"},"content":{"rendered":"<p><span style=\"font-weight: 400;\">H\u1ec7 th\u1ed1ng c\u1ea5p li\u1ec7u rung xoay c\u1ee7a SWOER l\u00e0 l\u1ef1a ch\u1ecdn h\u00e0ng \u0111\u1ea7u \u0111\u1ec3 x\u1eed l\u00fd c\u00e1c lo\u1ea1i n\u1eafp chai nh\u1ef1a trong ng\u00e0nh h\u00f3a m\u1ef9 ph\u1ea9m, th\u1ef1c ph\u1ea9m v\u00e0 \u0111\u00f3ng g\u00f3i. V\u1edbi thi\u1ebft k\u1ebf t\u1ed1i \u01b0u, thi\u1ebft b\u1ecb \u0111\u1ea3m b\u1ea3o n\u1eafp chai \u0111\u01b0\u1ee3c \u0111\u1ecbnh h\u01b0\u1edbng ch\u00ednh x\u00e1c tr\u01b0\u1edbc khi chuy\u1ec3n sang c\u00f4ng \u0111o\u1ea1n \u0111\u00f3ng n\u1eafp, gi\u00fap lo\u1ea1i b\u1ecf t\u00ecnh tr\u1ea1ng k\u1eb9t ph\u00f4i v\u00e0 gi\u1ea3m thi\u1ec3u t\u1ed1i \u0111a th\u1eddi gian d\u1eebng m\u00e1y (downtime).<\/span><\/p>\n<h2><span style=\"font-weight: 400;\">L\u1ee3i \u00edch v\u01b0\u1ee3t tr\u1ed9i cho d\u00e2y chuy\u1ec1n \u0111\u00f3ng g\u00f3i<\/span><\/h2>\n<ul>\n<li style=\"font-weight: 400;\" aria-level=\"1\"><b>High precision:<\/b><span style=\"font-weight: 400;\"> N\u1eafp chai lu\u00f4n \u0111\u01b0\u1ee3c s\u1eafp x\u1ebfp \u0111\u00fang chi\u1ec1u, s\u1eb5n s\u00e0ng cho c\u00e1c c\u00f4ng \u0111o\u1ea1n x\u1eed l\u00fd ti\u1ebfp theo nh\u01b0 v\u1eb7n n\u1eafp t\u1ef1 \u0111\u1ed9ng.<\/span><\/li>\n<li style=\"font-weight: 400;\" aria-level=\"1\"><b>Cost savings:<\/b><span style=\"font-weight: 400;\"> Thay th\u1ebf ho\u00e0n to\u00e0n thao t\u00e1c th\u1ee7 c\u00f4ng, gi\u1ea3m chi ph\u00ed nh\u00e2n c\u00f4ng v\u00e0 h\u1ea1n ch\u1ebf sai s\u00f3t do con ng\u01b0\u1eddi.<\/span><\/li>\n<li style=\"font-weight: 400;\" aria-level=\"1\"><b>Improve productivity:<\/b><span style=\"font-weight: 400;\"> Ho\u1ea1t \u0111\u1ed9ng v\u1edbi c\u01b0\u1eddng \u0111\u1ed9 cao, \u0111\u1ea3m b\u1ea3o nh\u1ecbp s\u1ea3n xu\u1ea5t lu\u00f4n \u0111\u01b0\u1ee3c duy tr\u00ec \u1edf m\u1ee9c t\u1ed1i \u0111a.<\/span><\/li>\n<li style=\"font-weight: 400;\" aria-level=\"1\"><b>\u0110\u1ed9 b\u1ec1n c\u00f4ng nghi\u1ec7p:<\/b><span style=\"font-weight: 400;\"> Ch\u1ebf t\u1ea1o t\u1eeb v\u1eadt li\u1ec7u cao c\u1ea5p, ch\u1ecbu \u0111\u01b0\u1ee3c m\u00f4i tr\u01b0\u1eddng l\u00e0m vi\u1ec7c kh\u1eafc nghi\u1ec7t v\u00e0 c\u00f3 tu\u1ed5i th\u1ecd v\u1eadn h\u00e0nh l\u00e2u d\u00e0i.<\/span><\/li>\n<\/ul>\n<h2><span style=\"font-weight: 400;\">Kh\u1ea3 n\u0103ng t\u00f9y ch\u1ec9nh linh ho\u1ea1t<\/span><\/h2>\n<p><span style=\"font-weight: 400;\">H\u1ec7 th\u1ed1ng SWOER c\u00f3 th\u1ec3 tinh ch\u1ec9nh \u0111\u1ec3 t\u01b0\u01a1ng th\u00edch ho\u00e0n h\u1ea3o v\u1edbi m\u1ecdi y\u00eau c\u1ea7u s\u1ea3n xu\u1ea5t c\u1ee5 th\u1ec3:<\/span><\/p>\n<table>\n<tbody>\n<tr>\n<td><b>\u0110\u1eb7c t\u00ednh t\u00f9y ch\u1ec9nh<\/b><\/td>\n<td><b>Chi ti\u1ebft gi\u1ea3i ph\u00e1p<\/b><\/td>\n<\/tr>\n<tr>\n<td><b>K\u00edch th\u01b0\u1edbc n\u1eafp<\/b><\/td>\n<td><span style=\"font-weight: 400;\">C\u1ea5u h\u00ecnh linh ho\u1ea1t cho nhi\u1ec1u lo\u1ea1i \u0111\u01b0\u1eddng k\u00ednh v\u00e0 chi\u1ec1u cao n\u1eafp kh\u00e1c nhau.<\/span><\/td>\n<\/tr>\n<tr>\n<td><b>Ki\u1ec3m so\u00e1t t\u1ed1c \u0111\u1ed9<\/b><\/td>\n<td><span style=\"font-weight: 400;\">\u0110i\u1ec1u ch\u1ec9nh t\u1ed1c \u0111\u1ed9 c\u1ea5p li\u1ec7u \u0111\u1ed3ng b\u1ed9 v\u1edbi nh\u1ecbp \u0111\u1ed9 c\u1ee7a d\u00e2y chuy\u1ec1n h\u1ea1 ngu\u1ed3n.<\/span><\/td>\n<\/tr>\n<tr>\n<td><b>V\u1eadt li\u1ec7u ch\u1ebf t\u1ea1o<\/b><\/td>\n<td><span style=\"font-weight: 400;\">T\u00f9y ch\u1ecdn th\u00e9p kh\u00f4ng g\u1ec9 SUS304 ho\u1eb7c c\u00e1c l\u1edbp ph\u1ee7 chuy\u00ean d\u1ee5ng theo ti\u00eau chu\u1ea9n ng\u00e0nh.<\/span><\/td>\n<\/tr>\n<tr>\n<td><b>Kh\u1ea3 n\u0103ng t\u00edch h\u1ee3p<\/b><\/td>\n<td><span style=\"font-weight: 400;\">D\u1ec5 d\u00e0ng k\u1ebft n\u1ed1i v\u1edbi c\u00e1c h\u1ec7 th\u1ed1ng PLC v\u00e0 m\u00e1y \u0111\u00f3ng chai hi\u1ec7n c\u00f3.<\/span><\/td>\n<\/tr>\n<tr>\n<td><b>Capacity<\/b><\/td>\n<td><span style=\"font-weight: 400;\">Thi\u1ebft k\u1ebf ph\u00f9 h\u1ee3p cho c\u1ea3 s\u1ea3n xu\u1ea5t quy m\u00f4 nh\u1ecf l\u1eabn s\u1ea3n l\u01b0\u1ee3ng c\u00f4ng nghi\u1ec7p l\u1edbn.<\/span><\/td>\n<\/tr>\n<\/tbody>\n<\/table>\n<h2><span style=\"font-weight: 400;\">T\u1ea1i sao n\u00ean \u0111\u1ea7u t\u01b0 v\u00e0o gi\u1ea3i ph\u00e1p c\u1ea5p li\u1ec7u SWOER?<\/span><\/h2>\n<p><span style=\"font-weight: 400;\">Vi\u1ec7c \u0111\u1ea7u t\u01b0 v\u00e0o h\u1ec7 th\u1ed1ng ph\u1ec5u rung xoay kh\u00f4ng ch\u1ec9 l\u00e0 n\u00e2ng c\u1ea5p m\u00e1y m\u00f3c, m\u00e0 l\u00e0 b\u01b0\u1edbc \u0111i chi\u1ebfn l\u01b0\u1ee3c \u0111\u1ec3 hi\u1ec7n \u0111\u1ea1i h\u00f3a quy tr\u00ecnh s\u1ea3n xu\u1ea5t. V\u1edbi s\u1ef1 h\u1ed7 tr\u1ee3 k\u1ef9 thu\u1eadt t\u1eadn t\u00e2m v\u00e0 quy tr\u00ecnh ki\u1ec3m th\u1eed m\u1eabu nghi\u00eam ng\u1eb7t, SWOER cam k\u1ebft mang l\u1ea1i s\u1ef1 an t\u00e2m tuy\u1ec7t \u0111\u1ed1i v\u1ec1 ch\u1ea5t l\u01b0\u1ee3ng v\u00e0 hi\u1ec7u su\u1ea5t cho doanh nghi\u1ec7p c\u1ee7a b\u1ea1n.<\/span><\/p>","protected":false},"excerpt":{"rendered":"<p><span style=\"font-weight: 400;\">Trong k\u1ef7 nguy\u00ean s\u1ea3n xu\u1ea5t th\u00f4ng minh, vi\u1ec7c c\u1ea5p li\u1ec7u th\u1ee7 c\u00f4ng kh\u00f4ng ch\u1ec9 g\u00e2y l\u00e3ng ph\u00ed nh\u00e2n c\u00f4ng m\u00e0 c\u00f2n l\u00e0 &#8220;n\u00fat th\u1eaft&#8221; k\u00ecm h\u00e3m n\u0103ng su\u1ea5t d\u00e2y chuy\u1ec1n. <\/span><b>H\u1ec7 th\u1ed1ng ph\u1ec5u rung xoay SWOER<\/b><span style=\"font-weight: 400;\"> \u0111\u01b0\u1ee3c ra \u0111\u1eddi \u0111\u1ec3 gi\u1ea3i quy\u1ebft tri\u1ec7t \u0111\u1ec3 v\u1ea5n \u0111\u1ec1 n\u00e0y. B\u1eb1ng c\u00e1ch t\u1ef1 \u0111\u1ed9ng h\u00f3a kh\u00e2u s\u1eafp x\u1ebfp v\u00e0 c\u1ea5p n\u1eafp chai ch\u00ednh x\u00e1c 100%, h\u1ec7 th\u1ed1ng gi\u00fap doanh nghi\u1ec7p t\u1ed1i \u01b0u h\u00f3a quy tr\u00ecnh \u0111\u00f3ng g\u00f3i, \u0111\u1ea3m b\u1ea3o d\u00e2y chuy\u1ec1n v\u1eadn h\u00e0nh li\u00ean t\u1ee5c v\u00e0 \u1ed5n \u0111\u1ecbnh 24\/7.<\/span><\/p>","protected":false},"featured_media":8309,"comment_status":"open","ping_status":"closed","template":"","meta":[],"product_brand":[],"product_cat":[106],"product_tag":[172,43,107,121,249],"class_list":{"0":"post-8308","1":"product","2":"type-product","3":"status-publish","4":"has-post-thumbnail","6":"product_cat-mam-rung-cap-phoi","7":"product_tag-bo-cap-lieu-rung","8":"product_tag-mam-rung","9":"product_tag-may-cap-lieu-rung","10":"product_tag-pheu-rung-cap-lieu","11":"product_tag-vibratory-bowl-feeder","13":"first","14":"instock","15":"shipping-taxable","16":"product-type-simple"},"yoast_head":"<!-- This site is optimized with the Yoast SEO plugin v26.0 - https:\/\/yoast.com\/wordpress\/plugins\/seo\/ -->\n<title>B\u1ed9 c\u1ea5p li\u1ec7u rung cho n\u1eafp chai nh\u1ef1a - Nh\u00e0 s\u1ea3n xu\u1ea5t m\u00e1y c\u1ea5p li\u1ec7u c\u00f4ng nghi\u1ec7p<\/title>\n<meta name=\"description\" content=\"B\u1ed9 c\u1ea5p li\u1ec7u rung SWOER cho n\u1eafp chai nh\u1ef1a: Gi\u1ea3i ph\u00e1p t\u1ef1 \u0111\u1ed9ng h\u00f3a \u0111\u00f3ng g\u00f3i ch\u00ednh x\u00e1c, t\u1ed1c \u0111\u1ed9 cao. Gi\u1ea3m 90% th\u1eddi gian d\u1eebng m\u00e1y, t\u00f9y ch\u1ec9nh linh ho\u1ea1t\" \/>\n<meta name=\"robots\" content=\"index, follow, max-snippet:-1, max-image-preview:large, max-video-preview:-1\" \/>\n<link rel=\"canonical\" href=\"https:\/\/swoer.vn\/en\/manufacturer\/bo-cap-lieu-rung-cho-nap-chai-nhua\/\" \/>\n<meta property=\"og:locale\" content=\"en_US\" \/>\n<meta property=\"og:type\" content=\"article\" \/>\n<meta property=\"og:title\" content=\"B\u1ed9 c\u1ea5p li\u1ec7u rung cho n\u1eafp chai nh\u1ef1a - Nh\u00e0 s\u1ea3n xu\u1ea5t m\u00e1y c\u1ea5p li\u1ec7u c\u00f4ng nghi\u1ec7p\" \/>\n<meta property=\"og:description\" content=\"B\u1ed9 c\u1ea5p li\u1ec7u rung SWOER cho n\u1eafp chai nh\u1ef1a: Gi\u1ea3i ph\u00e1p t\u1ef1 \u0111\u1ed9ng h\u00f3a \u0111\u00f3ng g\u00f3i ch\u00ednh x\u00e1c, t\u1ed1c \u0111\u1ed9 cao. Gi\u1ea3m 90% th\u1eddi gian d\u1eebng m\u00e1y, t\u00f9y ch\u1ec9nh linh ho\u1ea1t\" \/>\n<meta property=\"og:url\" content=\"https:\/\/swoer.vn\/en\/manufacturer\/bo-cap-lieu-rung-cho-nap-chai-nhua\/\" \/>\n<meta property=\"og:site_name\" content=\"Nh\u00e0 s\u1ea3n xu\u1ea5t m\u00e1y c\u1ea5p li\u1ec7u c\u00f4ng nghi\u1ec7p\" \/>\n<meta property=\"article:modified_time\" content=\"2026-04-11T06:34:35+00:00\" \/>\n<meta property=\"og:image\" content=\"https:\/\/swoer.vn\/wp-content\/uploads\/2026\/04\/BO-CAP-LIEU-RUNG-CHO-NAP-CHAI-NHUA.png\" \/>\n\t<meta property=\"og:image:width\" content=\"800\" \/>\n\t<meta property=\"og:image:height\" content=\"800\" \/>\n\t<meta property=\"og:image:type\" content=\"image\/png\" \/>\n<meta name=\"twitter:card\" content=\"summary_large_image\" \/>\n<meta name=\"twitter:label1\" content=\"Est. reading time\" \/>\n\t<meta name=\"twitter:data1\" content=\"3 minutes\" \/>\n<script type=\"application\/ld+json\" class=\"yoast-schema-graph\">{\"@context\":\"https:\/\/schema.org\",\"@graph\":[{\"@type\":\"WebPage\",\"@id\":\"https:\/\/swoer.vn\/manufacturer\/bo-cap-lieu-rung-cho-nap-chai-nhua\/\",\"url\":\"https:\/\/swoer.vn\/manufacturer\/bo-cap-lieu-rung-cho-nap-chai-nhua\/\",\"name\":\"B\u1ed9 c\u1ea5p li\u1ec7u rung cho n\u1eafp chai nh\u1ef1a - Nh\u00e0 s\u1ea3n xu\u1ea5t m\u00e1y c\u1ea5p li\u1ec7u c\u00f4ng nghi\u1ec7p\",\"isPartOf\":{\"@id\":\"https:\/\/swoer.vn\/#website\"},\"primaryImageOfPage\":{\"@id\":\"https:\/\/swoer.vn\/manufacturer\/bo-cap-lieu-rung-cho-nap-chai-nhua\/#primaryimage\"},\"image\":{\"@id\":\"https:\/\/swoer.vn\/manufacturer\/bo-cap-lieu-rung-cho-nap-chai-nhua\/#primaryimage\"},\"thumbnailUrl\":\"https:\/\/swoer.vn\/wp-content\/uploads\/2026\/04\/BO-CAP-LIEU-RUNG-CHO-NAP-CHAI-NHUA.png\",\"datePublished\":\"2026-04-11T06:34:34+00:00\",\"dateModified\":\"2026-04-11T06:34:35+00:00\",\"description\":\"B\u1ed9 c\u1ea5p li\u1ec7u rung SWOER cho n\u1eafp chai nh\u1ef1a: Gi\u1ea3i ph\u00e1p t\u1ef1 \u0111\u1ed9ng h\u00f3a \u0111\u00f3ng g\u00f3i ch\u00ednh x\u00e1c, t\u1ed1c \u0111\u1ed9 cao. Gi\u1ea3m 90% th\u1eddi gian d\u1eebng m\u00e1y, t\u00f9y ch\u1ec9nh linh ho\u1ea1t\",\"breadcrumb\":{\"@id\":\"https:\/\/swoer.vn\/manufacturer\/bo-cap-lieu-rung-cho-nap-chai-nhua\/#breadcrumb\"},\"inLanguage\":\"en-US\",\"potentialAction\":[{\"@type\":\"ReadAction\",\"target\":[\"https:\/\/swoer.vn\/manufacturer\/bo-cap-lieu-rung-cho-nap-chai-nhua\/\"]}]},{\"@type\":\"ImageObject\",\"inLanguage\":\"en-US\",\"@id\":\"https:\/\/swoer.vn\/manufacturer\/bo-cap-lieu-rung-cho-nap-chai-nhua\/#primaryimage\",\"url\":\"https:\/\/swoer.vn\/wp-content\/uploads\/2026\/04\/BO-CAP-LIEU-RUNG-CHO-NAP-CHAI-NHUA.png\",\"contentUrl\":\"https:\/\/swoer.vn\/wp-content\/uploads\/2026\/04\/BO-CAP-LIEU-RUNG-CHO-NAP-CHAI-NHUA.png\",\"width\":800,\"height\":800,\"caption\":\"BO\u0323\u0302 CA\u0302\u0301P LIE\u0323\u0302U RUNG CHO NA\u0306\u0301P CHAI NHU\u031b\u0323A\"},{\"@type\":\"BreadcrumbList\",\"@id\":\"https:\/\/swoer.vn\/manufacturer\/bo-cap-lieu-rung-cho-nap-chai-nhua\/#breadcrumb\",\"itemListElement\":[{\"@type\":\"ListItem\",\"position\":1,\"name\":\"Home\",\"item\":\"https:\/\/swoer.vn\/\"},{\"@type\":\"ListItem\",\"position\":2,\"name\":\"S\u1ea3n ph\u1ea9m\",\"item\":\"https:\/\/swoer.vn\/shop\/\"},{\"@type\":\"ListItem\",\"position\":3,\"name\":\"B\u1ed9 c\u1ea5p li\u1ec7u rung cho n\u1eafp chai nh\u1ef1a\"}]},{\"@type\":\"WebSite\",\"@id\":\"https:\/\/swoer.vn\/#website\",\"url\":\"https:\/\/swoer.vn\/\",\"name\":\"Nh\u00e0 s\u1ea3n xu\u1ea5t m\u00e1y c\u1ea5p li\u1ec7u c\u00f4ng nghi\u1ec7p\",\"description\":\"Nh\u00e0 cung c\u1ea5p robot, m\u00e1y c\u1ea5p li\u1ec7u linh ho\u1ea1t, m\u00e1y c\u1ea5p li\u1ec7u ly t\u00e2m, m\u00e1y c\u1ea5p li\u1ec7u rung t\u1ef1 \u0111\u1ed9ng\",\"potentialAction\":[{\"@type\":\"SearchAction\",\"target\":{\"@type\":\"EntryPoint\",\"urlTemplate\":\"https:\/\/swoer.vn\/?s={search_term_string}\"},\"query-input\":{\"@type\":\"PropertyValueSpecification\",\"valueRequired\":true,\"valueName\":\"search_term_string\"}}],\"inLanguage\":\"en-US\"}]}<\/script>\n<!-- \/ Yoast SEO plugin. -->","yoast_head_json":{"title":"B\u1ed9 c\u1ea5p li\u1ec7u rung cho n\u1eafp chai nh\u1ef1a - Nh\u00e0 s\u1ea3n xu\u1ea5t m\u00e1y c\u1ea5p li\u1ec7u c\u00f4ng nghi\u1ec7p","description":"B\u1ed9 c\u1ea5p li\u1ec7u rung SWOER cho n\u1eafp chai nh\u1ef1a: Gi\u1ea3i ph\u00e1p t\u1ef1 \u0111\u1ed9ng h\u00f3a \u0111\u00f3ng g\u00f3i ch\u00ednh x\u00e1c, t\u1ed1c \u0111\u1ed9 cao. Gi\u1ea3m 90% th\u1eddi gian d\u1eebng m\u00e1y, t\u00f9y ch\u1ec9nh linh ho\u1ea1t","robots":{"index":"index","follow":"follow","max-snippet":"max-snippet:-1","max-image-preview":"max-image-preview:large","max-video-preview":"max-video-preview:-1"},"canonical":"https:\/\/swoer.vn\/en\/manufacturer\/bo-cap-lieu-rung-cho-nap-chai-nhua\/","og_locale":"en_US","og_type":"article","og_title":"B\u1ed9 c\u1ea5p li\u1ec7u rung cho n\u1eafp chai nh\u1ef1a - Nh\u00e0 s\u1ea3n xu\u1ea5t m\u00e1y c\u1ea5p li\u1ec7u c\u00f4ng nghi\u1ec7p","og_description":"B\u1ed9 c\u1ea5p li\u1ec7u rung SWOER cho n\u1eafp chai nh\u1ef1a: Gi\u1ea3i ph\u00e1p t\u1ef1 \u0111\u1ed9ng h\u00f3a \u0111\u00f3ng g\u00f3i ch\u00ednh x\u00e1c, t\u1ed1c \u0111\u1ed9 cao. Gi\u1ea3m 90% th\u1eddi gian d\u1eebng m\u00e1y, t\u00f9y ch\u1ec9nh linh ho\u1ea1t","og_url":"https:\/\/swoer.vn\/en\/manufacturer\/bo-cap-lieu-rung-cho-nap-chai-nhua\/","og_site_name":"Nh\u00e0 s\u1ea3n xu\u1ea5t m\u00e1y c\u1ea5p li\u1ec7u c\u00f4ng nghi\u1ec7p","article_modified_time":"2026-04-11T06:34:35+00:00","og_image":[{"width":800,"height":800,"url":"https:\/\/swoer.vn\/wp-content\/uploads\/2026\/04\/BO-CAP-LIEU-RUNG-CHO-NAP-CHAI-NHUA.png","type":"image\/png"}],"twitter_card":"summary_large_image","twitter_misc":{"Est. reading time":"3 minutes"},"schema":{"@context":"https:\/\/schema.org","@graph":[{"@type":"WebPage","@id":"https:\/\/swoer.vn\/manufacturer\/bo-cap-lieu-rung-cho-nap-chai-nhua\/","url":"https:\/\/swoer.vn\/manufacturer\/bo-cap-lieu-rung-cho-nap-chai-nhua\/","name":"B\u1ed9 c\u1ea5p li\u1ec7u rung cho n\u1eafp chai nh\u1ef1a - Nh\u00e0 s\u1ea3n xu\u1ea5t m\u00e1y c\u1ea5p li\u1ec7u c\u00f4ng nghi\u1ec7p","isPartOf":{"@id":"https:\/\/swoer.vn\/#website"},"primaryImageOfPage":{"@id":"https:\/\/swoer.vn\/manufacturer\/bo-cap-lieu-rung-cho-nap-chai-nhua\/#primaryimage"},"image":{"@id":"https:\/\/swoer.vn\/manufacturer\/bo-cap-lieu-rung-cho-nap-chai-nhua\/#primaryimage"},"thumbnailUrl":"https:\/\/swoer.vn\/wp-content\/uploads\/2026\/04\/BO-CAP-LIEU-RUNG-CHO-NAP-CHAI-NHUA.png","datePublished":"2026-04-11T06:34:34+00:00","dateModified":"2026-04-11T06:34:35+00:00","description":"B\u1ed9 c\u1ea5p li\u1ec7u rung SWOER cho n\u1eafp chai nh\u1ef1a: Gi\u1ea3i ph\u00e1p t\u1ef1 \u0111\u1ed9ng h\u00f3a \u0111\u00f3ng g\u00f3i ch\u00ednh x\u00e1c, t\u1ed1c \u0111\u1ed9 cao. Gi\u1ea3m 90% th\u1eddi gian d\u1eebng m\u00e1y, t\u00f9y ch\u1ec9nh linh ho\u1ea1t","breadcrumb":{"@id":"https:\/\/swoer.vn\/manufacturer\/bo-cap-lieu-rung-cho-nap-chai-nhua\/#breadcrumb"},"inLanguage":"en-US","potentialAction":[{"@type":"ReadAction","target":["https:\/\/swoer.vn\/manufacturer\/bo-cap-lieu-rung-cho-nap-chai-nhua\/"]}]},{"@type":"ImageObject","inLanguage":"en-US","@id":"https:\/\/swoer.vn\/manufacturer\/bo-cap-lieu-rung-cho-nap-chai-nhua\/#primaryimage","url":"https:\/\/swoer.vn\/wp-content\/uploads\/2026\/04\/BO-CAP-LIEU-RUNG-CHO-NAP-CHAI-NHUA.png","contentUrl":"https:\/\/swoer.vn\/wp-content\/uploads\/2026\/04\/BO-CAP-LIEU-RUNG-CHO-NAP-CHAI-NHUA.png","width":800,"height":800,"caption":"BO\u0323\u0302 CA\u0302\u0301P LIE\u0323\u0302U RUNG CHO NA\u0306\u0301P CHAI NHU\u031b\u0323A"},{"@type":"BreadcrumbList","@id":"https:\/\/swoer.vn\/manufacturer\/bo-cap-lieu-rung-cho-nap-chai-nhua\/#breadcrumb","itemListElement":[{"@type":"ListItem","position":1,"name":"Home","item":"https:\/\/swoer.vn\/"},{"@type":"ListItem","position":2,"name":"S\u1ea3n ph\u1ea9m","item":"https:\/\/swoer.vn\/shop\/"},{"@type":"ListItem","position":3,"name":"B\u1ed9 c\u1ea5p li\u1ec7u rung cho n\u1eafp chai nh\u1ef1a"}]},{"@type":"WebSite","@id":"https:\/\/swoer.vn\/#website","url":"https:\/\/swoer.vn\/","name":"Industrial Feeder Manufacturer","description":"Supplier of robot, flexible feeder, centrifugal feeder, automatic vibrating feeder","potentialAction":[{"@type":"SearchAction","target":{"@type":"EntryPoint","urlTemplate":"https:\/\/swoer.vn\/?s={search_term_string}"},"query-input":{"@type":"PropertyValueSpecification","valueRequired":true,"valueName":"search_term_string"}}],"inLanguage":"en-US"}]}},"_links":{"self":[{"href":"https:\/\/swoer.vn\/en\/wp-json\/wp\/v2\/product\/8308","targetHints":{"allow":["GET"]}}],"collection":[{"href":"https:\/\/swoer.vn\/en\/wp-json\/wp\/v2\/product"}],"about":[{"href":"https:\/\/swoer.vn\/en\/wp-json\/wp\/v2\/types\/product"}],"replies":[{"embeddable":true,"href":"https:\/\/swoer.vn\/en\/wp-json\/wp\/v2\/comments?post=8308"}],"wp:featuredmedia":[{"embeddable":true,"href":"https:\/\/swoer.vn\/en\/wp-json\/wp\/v2\/media\/8309"}],"wp:attachment":[{"href":"https:\/\/swoer.vn\/en\/wp-json\/wp\/v2\/media?parent=8308"}],"wp:term":[{"taxonomy":"product_brand","embeddable":true,"href":"https:\/\/swoer.vn\/en\/wp-json\/wp\/v2\/product_brand?post=8308"},{"taxonomy":"product_cat","embeddable":true,"href":"https:\/\/swoer.vn\/en\/wp-json\/wp\/v2\/product_cat?post=8308"},{"taxonomy":"product_tag","embeddable":true,"href":"https:\/\/swoer.vn\/en\/wp-json\/wp\/v2\/product_tag?post=8308"}],"curies":[{"name":"wp","href":"https:\/\/api.w.org\/{rel}","templated":true}]}}