{"id":8217,"date":"2026-04-04T08:35:58","date_gmt":"2026-04-04T01:35:58","guid":{"rendered":"https:\/\/swoer.vn\/?post_type=product&#038;p=8217"},"modified":"2026-04-04T08:35:58","modified_gmt":"2026-04-04T01:35:58","slug":"bo-cap-lieu-bac-thang-tu-dong-hoan-toan","status":"publish","type":"product","link":"https:\/\/swoer.vn\/en\/manufacturer\/bo-cap-lieu-bac-thang-tu-dong-hoan-toan\/","title":{"rendered":"B\u1ed9 c\u1ea5p li\u1ec7u b\u1eadc thang t\u1ef1 \u0111\u1ed9ng ho\u00e0n to\u00e0n"},"content":{"rendered":"<h2><span style=\"font-weight: 400;\">Specifications<\/span><\/h2>\n<table>\n<tbody>\n<tr>\n<td><b>H\u1ea1ng m\u1ee5c<\/b><\/td>\n<td><b>Specifications<\/b><\/td>\n<\/tr>\n<tr>\n<td><b>Product Name<\/b><\/td>\n<td><span style=\"font-weight: 400;\">B\u1ed9 c\u1ea5p li\u1ec7u b\u1eadc thang t\u1ef1 \u0111\u1ed9ng ho\u00e0n to\u00e0n (Bucket Hopper Elevator)<\/span><\/td>\n<\/tr>\n<tr>\n<td><b>Trademark<\/b><\/td>\n<td><b>SWOER<\/b><\/td>\n<\/tr>\n<tr>\n<td><b>N\u0103ng su\u1ea5t (Capacity)<\/b><\/td>\n<td><b>0.1 &#8211; 6 t\u1ea5n\/gi\u1edd<\/b><\/td>\n<\/tr>\n<tr>\n<td><b>\u0110i\u1ec7n \u00e1p ho\u1ea1t \u0111\u1ed9ng<\/b><\/td>\n<td><span style=\"font-weight: 400;\">85 &#8211; 260V<\/span><\/td>\n<\/tr>\n<tr>\n<td><b>Frequency<\/b><\/td>\n<td><span style=\"font-weight: 400;\">40 &#8211; 400Hz<\/span><\/td>\n<\/tr>\n<tr>\n<td><b>K\u00edch th\u01b0\u1edbc \/ Tr\u1ecdng l\u01b0\u1ee3ng<\/b><\/td>\n<td><b>Thi\u1ebft k\u1ebf t\u00f9y ch\u1ec9nh (Custom-made)<\/b><\/td>\n<\/tr>\n<tr>\n<td><b>Color<\/b><\/td>\n<td><span style=\"font-weight: 400;\">According to customer requirements<\/span><\/td>\n<\/tr>\n<tr>\n<td><b>Xu\u1ea5t x\u1ee9<\/b><\/td>\n<td><span style=\"font-weight: 400;\">Qu\u1ea3ng \u0110\u00f4ng, Trung Qu\u1ed1c<\/span><\/td>\n<\/tr>\n<\/tbody>\n<\/table>\n<p>&nbsp;<\/p>","protected":false},"excerpt":{"rendered":"<p><span style=\"font-weight: 400;\">T\u0103ng c\u01b0\u1eddng hi\u1ec7u su\u1ea5t v\u1eadn h\u00e0nh v\u1edbi h\u1ec7 th\u1ed1ng <\/span><b>M\u00e1y c\u1ea5p li\u1ec7u n\u00e2ng h\u1ea1 b\u1eadc thang t\u1ef1 \u0111\u1ed9ng ho\u00e0n to\u00e0n (Bucket Hopper Elevator)<\/b><span style=\"font-weight: 400;\"> t\u1eeb SWOER. Thi\u1ebft b\u1ecb \u0111\u01b0\u1ee3c thi\u1ebft k\u1ebf \u0111\u1ec3 tinh gi\u1ea3n quy tr\u00ecnh x\u1eed l\u00fd v\u1eadt li\u1ec7u, t\u1ea1o ra lu\u1ed3ng s\u1ea3n xu\u1ea5t li\u1ec1n m\u1ea1ch v\u00e0 t\u1ed1i \u0111a h\u00f3a n\u0103ng su\u1ea5t m\u1ed9t c\u00e1ch d\u1ec5 d\u00e0ng nh\u1ea5t.<\/span><\/p>","protected":false},"featured_media":8218,"comment_status":"open","ping_status":"closed","template":"","meta":[],"product_brand":[],"product_cat":[37],"product_tag":[163,197,164],"class_list":{"0":"post-8217","1":"product","2":"type-product","3":"status-publish","4":"has-post-thumbnail","6":"product_cat-may-cap-lieu-dang-bac-thang","7":"product_tag-bo-cap-lieu-bac-thang","8":"product_tag-may-cap-lieu-bac-thang","9":"product_tag-step-feeder","11":"first","12":"instock","13":"shipping-taxable","14":"product-type-simple"},"yoast_head":"<!-- This site is optimized with the Yoast SEO plugin v26.0 - https:\/\/yoast.com\/wordpress\/plugins\/seo\/ -->\n<title>B\u1ed9 c\u1ea5p li\u1ec7u b\u1eadc thang t\u1ef1 \u0111\u1ed9ng ho\u00e0n to\u00e0n - Nh\u00e0 s\u1ea3n xu\u1ea5t m\u00e1y c\u1ea5p li\u1ec7u c\u00f4ng nghi\u1ec7p<\/title>\n<meta name=\"description\" content=\"B\u1ed9 c\u1ea5p li\u1ec7u b\u1eadc thang t\u1ef1 \u0111\u1ed9ng SWOER (0.1-6t\/h) \u0111\u1ea1t chu\u1ea9n qu\u1ed1c t\u1ebf. Gi\u1ea3i ph\u00e1p c\u1ea5p li\u1ec7u li\u00ean t\u1ee5c, kh\u00f4ng c\u1ea7n can thi\u1ec7p th\u1ee7 c\u00f4ng, t\u1ed1i \u01b0u an to\u00e0n\" \/>\n<meta name=\"robots\" content=\"index, follow, max-snippet:-1, max-image-preview:large, max-video-preview:-1\" \/>\n<link rel=\"canonical\" href=\"https:\/\/swoer.vn\/en\/manufacturer\/bo-cap-lieu-bac-thang-tu-dong-hoan-toan\/\" \/>\n<meta property=\"og:locale\" content=\"en_US\" \/>\n<meta property=\"og:type\" content=\"article\" \/>\n<meta property=\"og:title\" content=\"B\u1ed9 c\u1ea5p li\u1ec7u b\u1eadc thang t\u1ef1 \u0111\u1ed9ng ho\u00e0n to\u00e0n - Nh\u00e0 s\u1ea3n xu\u1ea5t m\u00e1y c\u1ea5p li\u1ec7u c\u00f4ng nghi\u1ec7p\" \/>\n<meta property=\"og:description\" content=\"B\u1ed9 c\u1ea5p li\u1ec7u b\u1eadc thang t\u1ef1 \u0111\u1ed9ng SWOER (0.1-6t\/h) \u0111\u1ea1t chu\u1ea9n qu\u1ed1c t\u1ebf. Gi\u1ea3i ph\u00e1p c\u1ea5p li\u1ec7u li\u00ean t\u1ee5c, kh\u00f4ng c\u1ea7n can thi\u1ec7p th\u1ee7 c\u00f4ng, t\u1ed1i \u01b0u an to\u00e0n\" \/>\n<meta property=\"og:url\" content=\"https:\/\/swoer.vn\/en\/manufacturer\/bo-cap-lieu-bac-thang-tu-dong-hoan-toan\/\" \/>\n<meta property=\"og:site_name\" content=\"Nh\u00e0 s\u1ea3n xu\u1ea5t m\u00e1y c\u1ea5p li\u1ec7u c\u00f4ng nghi\u1ec7p\" \/>\n<meta property=\"og:image\" content=\"https:\/\/swoer.vn\/wp-content\/uploads\/2026\/04\/Bo-cap-lieu-bac-thang-tu-dong-hoan-toan.png\" \/>\n\t<meta property=\"og:image:width\" content=\"800\" \/>\n\t<meta property=\"og:image:height\" content=\"800\" \/>\n\t<meta property=\"og:image:type\" content=\"image\/png\" \/>\n<meta name=\"twitter:card\" content=\"summary_large_image\" \/>\n<meta name=\"twitter:label1\" content=\"Est. reading time\" \/>\n\t<meta name=\"twitter:data1\" content=\"1 minute\" \/>\n<script type=\"application\/ld+json\" class=\"yoast-schema-graph\">{\"@context\":\"https:\/\/schema.org\",\"@graph\":[{\"@type\":\"WebPage\",\"@id\":\"https:\/\/swoer.vn\/manufacturer\/bo-cap-lieu-bac-thang-tu-dong-hoan-toan\/\",\"url\":\"https:\/\/swoer.vn\/manufacturer\/bo-cap-lieu-bac-thang-tu-dong-hoan-toan\/\",\"name\":\"B\u1ed9 c\u1ea5p li\u1ec7u b\u1eadc thang t\u1ef1 \u0111\u1ed9ng ho\u00e0n to\u00e0n - Nh\u00e0 s\u1ea3n xu\u1ea5t m\u00e1y c\u1ea5p li\u1ec7u c\u00f4ng nghi\u1ec7p\",\"isPartOf\":{\"@id\":\"https:\/\/swoer.vn\/#website\"},\"primaryImageOfPage\":{\"@id\":\"https:\/\/swoer.vn\/manufacturer\/bo-cap-lieu-bac-thang-tu-dong-hoan-toan\/#primaryimage\"},\"image\":{\"@id\":\"https:\/\/swoer.vn\/manufacturer\/bo-cap-lieu-bac-thang-tu-dong-hoan-toan\/#primaryimage\"},\"thumbnailUrl\":\"https:\/\/swoer.vn\/wp-content\/uploads\/2026\/04\/Bo-cap-lieu-bac-thang-tu-dong-hoan-toan.png\",\"datePublished\":\"2026-04-04T01:35:58+00:00\",\"description\":\"B\u1ed9 c\u1ea5p li\u1ec7u b\u1eadc thang t\u1ef1 \u0111\u1ed9ng SWOER (0.1-6t\/h) \u0111\u1ea1t chu\u1ea9n qu\u1ed1c t\u1ebf. Gi\u1ea3i ph\u00e1p c\u1ea5p li\u1ec7u li\u00ean t\u1ee5c, kh\u00f4ng c\u1ea7n can thi\u1ec7p th\u1ee7 c\u00f4ng, t\u1ed1i \u01b0u an to\u00e0n\",\"breadcrumb\":{\"@id\":\"https:\/\/swoer.vn\/manufacturer\/bo-cap-lieu-bac-thang-tu-dong-hoan-toan\/#breadcrumb\"},\"inLanguage\":\"en-US\",\"potentialAction\":[{\"@type\":\"ReadAction\",\"target\":[\"https:\/\/swoer.vn\/manufacturer\/bo-cap-lieu-bac-thang-tu-dong-hoan-toan\/\"]}]},{\"@type\":\"ImageObject\",\"inLanguage\":\"en-US\",\"@id\":\"https:\/\/swoer.vn\/manufacturer\/bo-cap-lieu-bac-thang-tu-dong-hoan-toan\/#primaryimage\",\"url\":\"https:\/\/swoer.vn\/wp-content\/uploads\/2026\/04\/Bo-cap-lieu-bac-thang-tu-dong-hoan-toan.png\",\"contentUrl\":\"https:\/\/swoer.vn\/wp-content\/uploads\/2026\/04\/Bo-cap-lieu-bac-thang-tu-dong-hoan-toan.png\",\"width\":800,\"height\":800,\"caption\":\"Bo\u0323\u0302 ca\u0302\u0301p lie\u0323\u0302u ba\u0323\u0302c thang tu\u031b\u0323 \u0111o\u0323\u0302ng hoa\u0300n toa\u0300n\"},{\"@type\":\"BreadcrumbList\",\"@id\":\"https:\/\/swoer.vn\/manufacturer\/bo-cap-lieu-bac-thang-tu-dong-hoan-toan\/#breadcrumb\",\"itemListElement\":[{\"@type\":\"ListItem\",\"position\":1,\"name\":\"Home\",\"item\":\"https:\/\/swoer.vn\/\"},{\"@type\":\"ListItem\",\"position\":2,\"name\":\"S\u1ea3n ph\u1ea9m\",\"item\":\"https:\/\/swoer.vn\/shop\/\"},{\"@type\":\"ListItem\",\"position\":3,\"name\":\"B\u1ed9 c\u1ea5p li\u1ec7u b\u1eadc thang t\u1ef1 \u0111\u1ed9ng ho\u00e0n to\u00e0n\"}]},{\"@type\":\"WebSite\",\"@id\":\"https:\/\/swoer.vn\/#website\",\"url\":\"https:\/\/swoer.vn\/\",\"name\":\"Nh\u00e0 s\u1ea3n xu\u1ea5t m\u00e1y c\u1ea5p li\u1ec7u c\u00f4ng nghi\u1ec7p\",\"description\":\"Nh\u00e0 cung c\u1ea5p robot, m\u00e1y c\u1ea5p li\u1ec7u linh ho\u1ea1t, m\u00e1y c\u1ea5p li\u1ec7u ly t\u00e2m, m\u00e1y c\u1ea5p li\u1ec7u rung t\u1ef1 \u0111\u1ed9ng\",\"potentialAction\":[{\"@type\":\"SearchAction\",\"target\":{\"@type\":\"EntryPoint\",\"urlTemplate\":\"https:\/\/swoer.vn\/?s={search_term_string}\"},\"query-input\":{\"@type\":\"PropertyValueSpecification\",\"valueRequired\":true,\"valueName\":\"search_term_string\"}}],\"inLanguage\":\"en-US\"}]}<\/script>\n<!-- \/ Yoast SEO plugin. -->","yoast_head_json":{"title":"B\u1ed9 c\u1ea5p li\u1ec7u b\u1eadc thang t\u1ef1 \u0111\u1ed9ng ho\u00e0n to\u00e0n - Nh\u00e0 s\u1ea3n xu\u1ea5t m\u00e1y c\u1ea5p li\u1ec7u c\u00f4ng nghi\u1ec7p","description":"B\u1ed9 c\u1ea5p li\u1ec7u b\u1eadc thang t\u1ef1 \u0111\u1ed9ng SWOER (0.1-6t\/h) \u0111\u1ea1t chu\u1ea9n qu\u1ed1c t\u1ebf. Gi\u1ea3i ph\u00e1p c\u1ea5p li\u1ec7u li\u00ean t\u1ee5c, kh\u00f4ng c\u1ea7n can thi\u1ec7p th\u1ee7 c\u00f4ng, t\u1ed1i \u01b0u an to\u00e0n","robots":{"index":"index","follow":"follow","max-snippet":"max-snippet:-1","max-image-preview":"max-image-preview:large","max-video-preview":"max-video-preview:-1"},"canonical":"https:\/\/swoer.vn\/en\/manufacturer\/bo-cap-lieu-bac-thang-tu-dong-hoan-toan\/","og_locale":"en_US","og_type":"article","og_title":"B\u1ed9 c\u1ea5p li\u1ec7u b\u1eadc thang t\u1ef1 \u0111\u1ed9ng ho\u00e0n to\u00e0n - Nh\u00e0 s\u1ea3n xu\u1ea5t m\u00e1y c\u1ea5p li\u1ec7u c\u00f4ng nghi\u1ec7p","og_description":"B\u1ed9 c\u1ea5p li\u1ec7u b\u1eadc thang t\u1ef1 \u0111\u1ed9ng SWOER (0.1-6t\/h) \u0111\u1ea1t chu\u1ea9n qu\u1ed1c t\u1ebf. Gi\u1ea3i ph\u00e1p c\u1ea5p li\u1ec7u li\u00ean t\u1ee5c, kh\u00f4ng c\u1ea7n can thi\u1ec7p th\u1ee7 c\u00f4ng, t\u1ed1i \u01b0u an to\u00e0n","og_url":"https:\/\/swoer.vn\/en\/manufacturer\/bo-cap-lieu-bac-thang-tu-dong-hoan-toan\/","og_site_name":"Nh\u00e0 s\u1ea3n xu\u1ea5t m\u00e1y c\u1ea5p li\u1ec7u c\u00f4ng nghi\u1ec7p","og_image":[{"width":800,"height":800,"url":"https:\/\/swoer.vn\/wp-content\/uploads\/2026\/04\/Bo-cap-lieu-bac-thang-tu-dong-hoan-toan.png","type":"image\/png"}],"twitter_card":"summary_large_image","twitter_misc":{"Est. reading time":"1 minute"},"schema":{"@context":"https:\/\/schema.org","@graph":[{"@type":"WebPage","@id":"https:\/\/swoer.vn\/manufacturer\/bo-cap-lieu-bac-thang-tu-dong-hoan-toan\/","url":"https:\/\/swoer.vn\/manufacturer\/bo-cap-lieu-bac-thang-tu-dong-hoan-toan\/","name":"B\u1ed9 c\u1ea5p li\u1ec7u b\u1eadc thang t\u1ef1 \u0111\u1ed9ng ho\u00e0n to\u00e0n - Nh\u00e0 s\u1ea3n xu\u1ea5t m\u00e1y c\u1ea5p li\u1ec7u c\u00f4ng nghi\u1ec7p","isPartOf":{"@id":"https:\/\/swoer.vn\/#website"},"primaryImageOfPage":{"@id":"https:\/\/swoer.vn\/manufacturer\/bo-cap-lieu-bac-thang-tu-dong-hoan-toan\/#primaryimage"},"image":{"@id":"https:\/\/swoer.vn\/manufacturer\/bo-cap-lieu-bac-thang-tu-dong-hoan-toan\/#primaryimage"},"thumbnailUrl":"https:\/\/swoer.vn\/wp-content\/uploads\/2026\/04\/Bo-cap-lieu-bac-thang-tu-dong-hoan-toan.png","datePublished":"2026-04-04T01:35:58+00:00","description":"B\u1ed9 c\u1ea5p li\u1ec7u b\u1eadc thang t\u1ef1 \u0111\u1ed9ng SWOER (0.1-6t\/h) \u0111\u1ea1t chu\u1ea9n qu\u1ed1c t\u1ebf. Gi\u1ea3i ph\u00e1p c\u1ea5p li\u1ec7u li\u00ean t\u1ee5c, kh\u00f4ng c\u1ea7n can thi\u1ec7p th\u1ee7 c\u00f4ng, t\u1ed1i \u01b0u an to\u00e0n","breadcrumb":{"@id":"https:\/\/swoer.vn\/manufacturer\/bo-cap-lieu-bac-thang-tu-dong-hoan-toan\/#breadcrumb"},"inLanguage":"en-US","potentialAction":[{"@type":"ReadAction","target":["https:\/\/swoer.vn\/manufacturer\/bo-cap-lieu-bac-thang-tu-dong-hoan-toan\/"]}]},{"@type":"ImageObject","inLanguage":"en-US","@id":"https:\/\/swoer.vn\/manufacturer\/bo-cap-lieu-bac-thang-tu-dong-hoan-toan\/#primaryimage","url":"https:\/\/swoer.vn\/wp-content\/uploads\/2026\/04\/Bo-cap-lieu-bac-thang-tu-dong-hoan-toan.png","contentUrl":"https:\/\/swoer.vn\/wp-content\/uploads\/2026\/04\/Bo-cap-lieu-bac-thang-tu-dong-hoan-toan.png","width":800,"height":800,"caption":"Bo\u0323\u0302 ca\u0302\u0301p lie\u0323\u0302u ba\u0323\u0302c thang tu\u031b\u0323 \u0111o\u0323\u0302ng hoa\u0300n toa\u0300n"},{"@type":"BreadcrumbList","@id":"https:\/\/swoer.vn\/manufacturer\/bo-cap-lieu-bac-thang-tu-dong-hoan-toan\/#breadcrumb","itemListElement":[{"@type":"ListItem","position":1,"name":"Home","item":"https:\/\/swoer.vn\/"},{"@type":"ListItem","position":2,"name":"S\u1ea3n ph\u1ea9m","item":"https:\/\/swoer.vn\/shop\/"},{"@type":"ListItem","position":3,"name":"B\u1ed9 c\u1ea5p li\u1ec7u b\u1eadc thang t\u1ef1 \u0111\u1ed9ng ho\u00e0n to\u00e0n"}]},{"@type":"WebSite","@id":"https:\/\/swoer.vn\/#website","url":"https:\/\/swoer.vn\/","name":"Industrial Feeder Manufacturer","description":"Supplier of robot, flexible feeder, centrifugal feeder, automatic vibrating feeder","potentialAction":[{"@type":"SearchAction","target":{"@type":"EntryPoint","urlTemplate":"https:\/\/swoer.vn\/?s={search_term_string}"},"query-input":{"@type":"PropertyValueSpecification","valueRequired":true,"valueName":"search_term_string"}}],"inLanguage":"en-US"}]}},"_links":{"self":[{"href":"https:\/\/swoer.vn\/en\/wp-json\/wp\/v2\/product\/8217","targetHints":{"allow":["GET"]}}],"collection":[{"href":"https:\/\/swoer.vn\/en\/wp-json\/wp\/v2\/product"}],"about":[{"href":"https:\/\/swoer.vn\/en\/wp-json\/wp\/v2\/types\/product"}],"replies":[{"embeddable":true,"href":"https:\/\/swoer.vn\/en\/wp-json\/wp\/v2\/comments?post=8217"}],"wp:featuredmedia":[{"embeddable":true,"href":"https:\/\/swoer.vn\/en\/wp-json\/wp\/v2\/media\/8218"}],"wp:attachment":[{"href":"https:\/\/swoer.vn\/en\/wp-json\/wp\/v2\/media?parent=8217"}],"wp:term":[{"taxonomy":"product_brand","embeddable":true,"href":"https:\/\/swoer.vn\/en\/wp-json\/wp\/v2\/product_brand?post=8217"},{"taxonomy":"product_cat","embeddable":true,"href":"https:\/\/swoer.vn\/en\/wp-json\/wp\/v2\/product_cat?post=8217"},{"taxonomy":"product_tag","embeddable":true,"href":"https:\/\/swoer.vn\/en\/wp-json\/wp\/v2\/product_tag?post=8217"}],"curies":[{"name":"wp","href":"https:\/\/api.w.org\/{rel}","templated":true}]}}