{"id":8150,"date":"2026-03-31T09:11:23","date_gmt":"2026-03-31T02:11:23","guid":{"rendered":"https:\/\/swoer.vn\/?post_type=product&#038;p=8150"},"modified":"2026-03-31T09:11:24","modified_gmt":"2026-03-31T02:11:24","slug":"camera-cong-nghiep-ccd","status":"publish","type":"product","link":"https:\/\/swoer.vn\/en\/manufacturer\/camera-cong-nghiep-ccd\/","title":{"rendered":"Camera c\u00f4ng nghi\u1ec7p CCD"},"content":{"rendered":"<h2><span style=\"font-weight: 400;\">\u0110\u1eb7c \u0111i\u1ec3m k\u1ef9 thu\u1eadt<\/span><\/h2>\n<p><span style=\"font-weight: 400;\">Model <\/span><b>SW-80308<\/b><span style=\"font-weight: 400;\"> s\u1edf h\u1eefu b\u1ed9 t\u00ednh n\u0103ng m\u1ea1nh m\u1ebd, t\u1ed1i \u01b0u h\u00f3a cho c\u00e1c d\u00e2y chuy\u1ec1n s\u1ea3n xu\u1ea5t t\u1ed1c \u0111\u1ed9 cao:<\/span><\/p>\n<ul>\n<li style=\"font-weight: 400;\" aria-level=\"1\"><b>T\u1ed1c \u0111\u1ed9 nh\u1eadn di\u1ec7n th\u1ea7n t\u1ed1c:<\/b><span style=\"font-weight: 400;\"> X\u1eed l\u00fd \u1ea5n t\u01b0\u1ee3ng t\u1eeb <\/span><b>1500 &#8211; 1800 s\u1ea3n ph\u1ea9m\/ph\u00fat<\/b><span style=\"font-weight: 400;\">, \u0111\u00e1p \u1ee9ng ho\u00e0n h\u1ea3o ngay c\u1ea3 v\u1edbi nh\u1eefng d\u00e2y chuy\u1ec1n s\u1ea3n xu\u1ea5t kh\u1eaft khe nh\u1ea5t.<\/span><\/li>\n<li style=\"font-weight: 400;\" aria-level=\"1\"><b>Nh\u1eadn di\u1ec7n \u0111a lu\u1ed3ng (Multi-Track):<\/b><span style=\"font-weight: 400;\"> Cho ph\u00e9p x\u00e1c \u0111\u1ecbnh v\u00e0 theo d\u00f5i \u0111\u1ed3ng th\u1eddi l\u00ean \u0111\u1ebfn <\/span><b>4 \u0111\u1ed1i t\u01b0\u1ee3ng<\/b><span style=\"font-weight: 400;\">, gi\u00fap t\u1ed1i \u0111a h\u00f3a th\u00f4ng l\u01b0\u1ee3ng ki\u1ec3m tra v\u00e0 x\u1eed l\u00fd c\u00e1c c\u1ea5u h\u00ecnh s\u1ea3n ph\u1ea9m ph\u1ee9c t\u1ea1p.<\/span><\/li>\n<li style=\"font-weight: 400;\" aria-level=\"1\"><b>\u0110\u1ed9 ch\u00ednh x\u00e1c tuy\u1ec7t \u0111\u1ed1i:<\/b><span style=\"font-weight: 400;\"> \u0110\u1ea1t t\u1ef7 l\u1ec7 nh\u1eadn di\u1ec7n ch\u00ednh x\u00e1c l\u00ean \u0111\u1ebfn <\/span><b>99,99%<\/b><span style=\"font-weight: 400;\">, gi\u00fap lo\u1ea1i b\u1ecf sai s\u00f3t ch\u1ee7 quan v\u00e0 \u0111\u1ea3m b\u1ea3o ch\u1ea5t l\u01b0\u1ee3ng \u0111\u1ea7u ra \u0111\u1ed3ng nh\u1ea5t.<\/span><\/li>\n<li style=\"font-weight: 400;\" aria-level=\"1\"><b>T\u1ef7 l\u1ec7 sai l\u1ed7i g\u1ea7n nh\u01b0 b\u1eb1ng kh\u00f4ng:<\/b><span style=\"font-weight: 400;\"> Duy tr\u00ec t\u1ef7 l\u1ec7 v\u1eadt li\u1ec7u l\u1ed7i\/ng\u01b0\u1ee3c d\u01b0\u1edbi m\u1ee9c <\/span><b>0,0001%<\/b><span style=\"font-weight: 400;\">, gi\u00fap t\u1ed1i \u01b0u h\u00f3a ngu\u1ed3n l\u1ef1c v\u00e0 gi\u1ea3m thi\u1ec3u l\u00e3ng ph\u00ed.<\/span><\/li>\n<li style=\"font-weight: 400;\" aria-level=\"1\"><b>C\u01a1 ch\u1ebf k\u00edch ho\u1ea1t n\u1ed9i b\u1ed9 (Internal Trigger):<\/b><span style=\"font-weight: 400;\"> \u0110\u1ea3m b\u1ea3o vi\u1ec7c ch\u1ee5p \u1ea3nh ch\u00ednh x\u00e1c v\u00e0 \u0111\u1ed3ng b\u1ed9 theo th\u1eddi gian th\u1ef1c.<\/span><\/li>\n<li style=\"font-weight: 400;\" aria-level=\"1\"><b>V\u1eadn h\u00e0nh linh ho\u1ea1t:<\/b><span style=\"font-weight: 400;\"> Ch\u1ee9c n\u0103ng h\u1ed7 tr\u1ee3 t\u1eeb xa gi\u00fap x\u1eed l\u00fd s\u1ef1 c\u1ed1 k\u1ecbp th\u1eddi v\u00e0 t\u00ednh n\u0103ng chuy\u1ec3n \u0111\u1ed5i s\u1ea3n ph\u1ea9m ch\u1ec9 v\u1edbi &#8220;m\u1ed9t c\u00fa nh\u1ea5p chu\u1ed9t&#8221; gi\u00fap gi\u1ea3m thi\u1ec3u th\u1eddi gian d\u1eebng m\u00e1y.<\/span><\/li>\n<li style=\"font-weight: 400;\" aria-level=\"1\"><b>L\u1eafp \u0111\u1eb7t Plug-and-Play:<\/b><span style=\"font-weight: 400;\"> Quy tr\u00ecnh thi\u1ebft l\u1eadp li\u1ec1n m\u1ea1ch, kh\u00f4ng c\u1ea7n quy tr\u00ecnh hi\u1ec7u ch\u1ec9nh (debugging) ph\u1ee9c t\u1ea1p.<\/span><\/li>\n<\/ul>\n<h2><span style=\"font-weight: 400;\">Th\u00f4ng s\u1ed1 k\u1ef9 thu\u1eadt chi ti\u1ebft<\/span><\/h2>\n<table>\n<tbody>\n<tr>\n<td><b>H\u1ea1ng m\u1ee5c<\/b><\/td>\n<td><b>Th\u00f4ng tin chi ti\u1ebft<\/b><\/td>\n<\/tr>\n<tr>\n<td><b>Model<\/b><\/td>\n<td><span style=\"font-weight: 400;\">SW-80308<\/span><\/td>\n<\/tr>\n<tr>\n<td><b>Trademark<\/b><\/td>\n<td><span style=\"font-weight: 400;\">SWOER<\/span><\/td>\n<\/tr>\n<tr>\n<td><b>Voltage<\/b><\/td>\n<td><span style=\"font-weight: 400;\">220V<\/span><\/td>\n<\/tr>\n<tr>\n<td><b>C\u00f4ng su\u1ea5t t\u00f9y ch\u1ecdn<\/b><\/td>\n<td><span style=\"font-weight: 400;\">65W \/ 150W \/ 180W \/ 220W \/ 350W<\/span><\/td>\n<\/tr>\n<tr>\n<td><b>Ch\u1ee9ng nh\u1eadn ch\u1ea5t l\u01b0\u1ee3ng<\/b><\/td>\n<td><span style=\"font-weight: 400;\">CE, ROHS, ISO9001<\/span><\/td>\n<\/tr>\n<tr>\n<td><b>Xu\u1ea5t x\u1ee9<\/b><\/td>\n<td><span style=\"font-weight: 400;\">China<\/span><\/td>\n<\/tr>\n<\/tbody>\n<\/table>\n<h2><span style=\"font-weight: 400;\">Danh m\u1ee5c thi\u1ebft b\u1ecb \u0111\u1ed3ng b\u1ed9<\/span><\/h2>\n<p><span style=\"font-weight: 400;\">H\u1ec7 th\u1ed1ng \u0111\u01b0\u1ee3c cung c\u1ea5p tr\u1ecdn b\u1ed9, s\u1eb5n s\u00e0ng \u0111\u01b0a v\u00e0o v\u1eadn h\u00e0nh:<\/span><\/p>\n<ul>\n<li style=\"font-weight: 400;\" aria-level=\"1\"><b>01 M\u00e1y t\u00ednh c\u00f4ng nghi\u1ec7p<\/b><\/li>\n<li style=\"font-weight: 400;\" aria-level=\"1\"><b>01 M\u00e0n h\u00ecnh hi\u1ec3n th\u1ecb 8-inch<\/b><\/li>\n<li style=\"font-weight: 400;\" aria-level=\"1\"><b>01 Camera CCD chuy\u00ean d\u1ee5ng<\/b><\/li>\n<li style=\"font-weight: 400;\" aria-level=\"1\"><b>01 \u1ed0ng k\u00ednh (Lens)<\/b><\/li>\n<li style=\"font-weight: 400;\" aria-level=\"1\"><b>01 Ngu\u1ed3n s\u00e1ng b\u1ed5 tr\u1ee3<\/b><\/li>\n<li style=\"font-weight: 400;\" aria-level=\"1\"><b>01 Gi\u00e1 \u0111\u1ee1 c\u1ed1 \u0111\u1ecbnh Camera v\u00e0 ngu\u1ed3n s\u00e1ng<\/b><\/li>\n<\/ul>\n<h2><span style=\"font-weight: 400;\">Ch\u00ednh s\u00e1ch th\u01b0\u01a1ng m\u1ea1i &amp; b\u1ea3o h\u00e0nh<\/span><\/h2>\n<ul>\n<li style=\"font-weight: 400;\" aria-level=\"1\"><b>B\u1ea3o h\u00e0nh:<\/b><span style=\"font-weight: 400;\"> 01 n\u0103m ch\u00ednh h\u00e3ng.<\/span><\/li>\n<li style=\"font-weight: 400;\" aria-level=\"1\"><b>S\u1ed1 l\u01b0\u1ee3ng \u0111\u1eb7t h\u00e0ng t\u1ed1i thi\u1ec3u (MOQ):<\/b><span style=\"font-weight: 400;\"> 01 b\u1ed9.<\/span><\/li>\n<li style=\"font-weight: 400;\" aria-level=\"1\"><b>Th\u1eddi gian giao h\u00e0ng:<\/b><span style=\"font-weight: 400;\"> 10 &#8211; 14 ng\u00e0y.<\/span><\/li>\n<li style=\"font-weight: 400;\" aria-level=\"1\"><b>\u0110i\u1ec1u kho\u1ea3n thanh to\u00e1n:<\/b><span style=\"font-weight: 400;\"> T\/T (\u0110\u1eb7t c\u1ecdc 40%, thanh to\u00e1n 60% c\u00f2n l\u1ea1i tr\u01b0\u1edbc khi giao h\u00e0ng).<\/span><\/li>\n<\/ul>","protected":false},"excerpt":{"rendered":"<p><span style=\"font-weight: 400;\">C\u00e1ch m\u1ea1ng h\u00f3a quy tr\u00ecnh s\u1ea3n xu\u1ea5t c\u1ee7a b\u1ea1n v\u1edbi d\u00f2ng Camera c\u00f4ng nghi\u1ec7p CCD ti\u00ean ti\u1ebfn nh\u1ea5t, \u0111\u01b0\u1ee3c thi\u1ebft k\u1ebf \u0111\u1ec3 n\u00e2ng cao hi\u1ec7u su\u1ea5t, \u0111\u1ed9 ch\u00ednh x\u00e1c v\u00e0 t\u00ednh to\u00e0n v\u1eb9n c\u1ee7a s\u1ea3n ph\u1ea9m. \u0110\u00e2y l\u00e0 gi\u1ea3i ph\u00e1p t\u00edch h\u1ee3p th\u00f4ng minh gi\u00fap doanh nghi\u1ec7p \u0111\u1ea1t \u0111\u01b0\u1ee3c nh\u1eefng k\u1ebft qu\u1ea3 ki\u1ec3m tra v\u01b0\u1ee3t tr\u1ed9i trong m\u00f4i tr\u01b0\u1eddng c\u00f4ng nghi\u1ec7p kh\u1eaft khe.<\/span><\/p>","protected":false},"featured_media":8151,"comment_status":"open","ping_status":"closed","template":"","meta":[],"product_brand":[],"product_cat":[221],"product_tag":[228,229,223],"class_list":{"0":"post-8150","1":"product","2":"type-product","3":"status-publish","4":"has-post-thumbnail","6":"product_cat-he-thong-vision-ccd","7":"product_tag-camera-cong-nghiep-ccd","8":"product_tag-he-thong-kiem-tra-hinh-anh-ccd","9":"product_tag-he-thong-vision-ccd","11":"first","12":"instock","13":"shipping-taxable","14":"product-type-simple"},"yoast_head":"<!-- This site is optimized with the Yoast SEO plugin v26.0 - https:\/\/yoast.com\/wordpress\/plugins\/seo\/ -->\n<title>Camera c\u00f4ng nghi\u1ec7p CCD - Nh\u00e0 s\u1ea3n xu\u1ea5t m\u00e1y c\u1ea5p li\u1ec7u c\u00f4ng nghi\u1ec7p<\/title>\n<meta name=\"description\" content=\"Camera c\u00f4ng nghi\u1ec7p CCD SWOER SW-80308 \u0111\u1ea1t chu\u1ea9n ISO9001\/CE. T\u1ed1c \u0111\u1ed9 c\u1ef1c cao 1800 s\u1ea3n ph\u1ea9m\/ph\u00fat, nh\u1eadn di\u1ec7n 4 lu\u1ed3ng \u0111\u1ed3ng th\u1eddi, ch\u00ednh x\u00e1c 99.99%. B\u1ea3o h\u00e0nh 1 n\u0103m\" \/>\n<meta name=\"robots\" content=\"index, follow, max-snippet:-1, max-image-preview:large, max-video-preview:-1\" \/>\n<link rel=\"canonical\" href=\"https:\/\/swoer.vn\/en\/manufacturer\/camera-cong-nghiep-ccd\/\" \/>\n<meta property=\"og:locale\" content=\"en_US\" \/>\n<meta property=\"og:type\" content=\"article\" \/>\n<meta property=\"og:title\" content=\"Camera c\u00f4ng nghi\u1ec7p CCD - Nh\u00e0 s\u1ea3n xu\u1ea5t m\u00e1y c\u1ea5p li\u1ec7u c\u00f4ng nghi\u1ec7p\" \/>\n<meta property=\"og:description\" content=\"Camera c\u00f4ng nghi\u1ec7p CCD SWOER SW-80308 \u0111\u1ea1t chu\u1ea9n ISO9001\/CE. T\u1ed1c \u0111\u1ed9 c\u1ef1c cao 1800 s\u1ea3n ph\u1ea9m\/ph\u00fat, nh\u1eadn di\u1ec7n 4 lu\u1ed3ng \u0111\u1ed3ng th\u1eddi, ch\u00ednh x\u00e1c 99.99%. B\u1ea3o h\u00e0nh 1 n\u0103m\" \/>\n<meta property=\"og:url\" content=\"https:\/\/swoer.vn\/en\/manufacturer\/camera-cong-nghiep-ccd\/\" \/>\n<meta property=\"og:site_name\" content=\"Nh\u00e0 s\u1ea3n xu\u1ea5t m\u00e1y c\u1ea5p li\u1ec7u c\u00f4ng nghi\u1ec7p\" \/>\n<meta property=\"article:modified_time\" content=\"2026-03-31T02:11:24+00:00\" \/>\n<meta property=\"og:image\" content=\"https:\/\/swoer.vn\/wp-content\/uploads\/2026\/03\/Camera-cong-nghiep-CCD.png\" \/>\n\t<meta property=\"og:image:width\" content=\"800\" \/>\n\t<meta property=\"og:image:height\" content=\"800\" \/>\n\t<meta property=\"og:image:type\" content=\"image\/png\" \/>\n<meta name=\"twitter:card\" content=\"summary_large_image\" \/>\n<meta name=\"twitter:label1\" content=\"Est. reading time\" \/>\n\t<meta name=\"twitter:data1\" content=\"3 minutes\" \/>\n<script type=\"application\/ld+json\" class=\"yoast-schema-graph\">{\"@context\":\"https:\/\/schema.org\",\"@graph\":[{\"@type\":\"WebPage\",\"@id\":\"https:\/\/swoer.vn\/manufacturer\/camera-cong-nghiep-ccd\/\",\"url\":\"https:\/\/swoer.vn\/manufacturer\/camera-cong-nghiep-ccd\/\",\"name\":\"Camera c\u00f4ng nghi\u1ec7p CCD - Nh\u00e0 s\u1ea3n xu\u1ea5t m\u00e1y c\u1ea5p li\u1ec7u c\u00f4ng nghi\u1ec7p\",\"isPartOf\":{\"@id\":\"https:\/\/swoer.vn\/#website\"},\"primaryImageOfPage\":{\"@id\":\"https:\/\/swoer.vn\/manufacturer\/camera-cong-nghiep-ccd\/#primaryimage\"},\"image\":{\"@id\":\"https:\/\/swoer.vn\/manufacturer\/camera-cong-nghiep-ccd\/#primaryimage\"},\"thumbnailUrl\":\"https:\/\/swoer.vn\/wp-content\/uploads\/2026\/03\/Camera-cong-nghiep-CCD.png\",\"datePublished\":\"2026-03-31T02:11:23+00:00\",\"dateModified\":\"2026-03-31T02:11:24+00:00\",\"description\":\"Camera c\u00f4ng nghi\u1ec7p CCD SWOER SW-80308 \u0111\u1ea1t chu\u1ea9n ISO9001\/CE. T\u1ed1c \u0111\u1ed9 c\u1ef1c cao 1800 s\u1ea3n ph\u1ea9m\/ph\u00fat, nh\u1eadn di\u1ec7n 4 lu\u1ed3ng \u0111\u1ed3ng th\u1eddi, ch\u00ednh x\u00e1c 99.99%. B\u1ea3o h\u00e0nh 1 n\u0103m\",\"breadcrumb\":{\"@id\":\"https:\/\/swoer.vn\/manufacturer\/camera-cong-nghiep-ccd\/#breadcrumb\"},\"inLanguage\":\"en-US\",\"potentialAction\":[{\"@type\":\"ReadAction\",\"target\":[\"https:\/\/swoer.vn\/manufacturer\/camera-cong-nghiep-ccd\/\"]}]},{\"@type\":\"ImageObject\",\"inLanguage\":\"en-US\",\"@id\":\"https:\/\/swoer.vn\/manufacturer\/camera-cong-nghiep-ccd\/#primaryimage\",\"url\":\"https:\/\/swoer.vn\/wp-content\/uploads\/2026\/03\/Camera-cong-nghiep-CCD.png\",\"contentUrl\":\"https:\/\/swoer.vn\/wp-content\/uploads\/2026\/03\/Camera-cong-nghiep-CCD.png\",\"width\":800,\"height\":800,\"caption\":\"Camera c\u00f4ng nghi\u1ec7p CCD\"},{\"@type\":\"BreadcrumbList\",\"@id\":\"https:\/\/swoer.vn\/manufacturer\/camera-cong-nghiep-ccd\/#breadcrumb\",\"itemListElement\":[{\"@type\":\"ListItem\",\"position\":1,\"name\":\"Home\",\"item\":\"https:\/\/swoer.vn\/\"},{\"@type\":\"ListItem\",\"position\":2,\"name\":\"S\u1ea3n ph\u1ea9m\",\"item\":\"https:\/\/swoer.vn\/shop\/\"},{\"@type\":\"ListItem\",\"position\":3,\"name\":\"Camera c\u00f4ng nghi\u1ec7p CCD\"}]},{\"@type\":\"WebSite\",\"@id\":\"https:\/\/swoer.vn\/#website\",\"url\":\"https:\/\/swoer.vn\/\",\"name\":\"Nh\u00e0 s\u1ea3n xu\u1ea5t m\u00e1y c\u1ea5p li\u1ec7u c\u00f4ng nghi\u1ec7p\",\"description\":\"Nh\u00e0 cung c\u1ea5p robot, m\u00e1y c\u1ea5p li\u1ec7u linh ho\u1ea1t, m\u00e1y c\u1ea5p li\u1ec7u ly t\u00e2m, m\u00e1y c\u1ea5p li\u1ec7u rung t\u1ef1 \u0111\u1ed9ng\",\"potentialAction\":[{\"@type\":\"SearchAction\",\"target\":{\"@type\":\"EntryPoint\",\"urlTemplate\":\"https:\/\/swoer.vn\/?s={search_term_string}\"},\"query-input\":{\"@type\":\"PropertyValueSpecification\",\"valueRequired\":true,\"valueName\":\"search_term_string\"}}],\"inLanguage\":\"en-US\"}]}<\/script>\n<!-- \/ Yoast SEO plugin. -->","yoast_head_json":{"title":"Camera c\u00f4ng nghi\u1ec7p CCD - Nh\u00e0 s\u1ea3n xu\u1ea5t m\u00e1y c\u1ea5p li\u1ec7u c\u00f4ng nghi\u1ec7p","description":"Camera c\u00f4ng nghi\u1ec7p CCD SWOER SW-80308 \u0111\u1ea1t chu\u1ea9n ISO9001\/CE. T\u1ed1c \u0111\u1ed9 c\u1ef1c cao 1800 s\u1ea3n ph\u1ea9m\/ph\u00fat, nh\u1eadn di\u1ec7n 4 lu\u1ed3ng \u0111\u1ed3ng th\u1eddi, ch\u00ednh x\u00e1c 99.99%. B\u1ea3o h\u00e0nh 1 n\u0103m","robots":{"index":"index","follow":"follow","max-snippet":"max-snippet:-1","max-image-preview":"max-image-preview:large","max-video-preview":"max-video-preview:-1"},"canonical":"https:\/\/swoer.vn\/en\/manufacturer\/camera-cong-nghiep-ccd\/","og_locale":"en_US","og_type":"article","og_title":"Camera c\u00f4ng nghi\u1ec7p CCD - Nh\u00e0 s\u1ea3n xu\u1ea5t m\u00e1y c\u1ea5p li\u1ec7u c\u00f4ng nghi\u1ec7p","og_description":"Camera c\u00f4ng nghi\u1ec7p CCD SWOER SW-80308 \u0111\u1ea1t chu\u1ea9n ISO9001\/CE. T\u1ed1c \u0111\u1ed9 c\u1ef1c cao 1800 s\u1ea3n ph\u1ea9m\/ph\u00fat, nh\u1eadn di\u1ec7n 4 lu\u1ed3ng \u0111\u1ed3ng th\u1eddi, ch\u00ednh x\u00e1c 99.99%. B\u1ea3o h\u00e0nh 1 n\u0103m","og_url":"https:\/\/swoer.vn\/en\/manufacturer\/camera-cong-nghiep-ccd\/","og_site_name":"Nh\u00e0 s\u1ea3n xu\u1ea5t m\u00e1y c\u1ea5p li\u1ec7u c\u00f4ng nghi\u1ec7p","article_modified_time":"2026-03-31T02:11:24+00:00","og_image":[{"width":800,"height":800,"url":"https:\/\/swoer.vn\/wp-content\/uploads\/2026\/03\/Camera-cong-nghiep-CCD.png","type":"image\/png"}],"twitter_card":"summary_large_image","twitter_misc":{"Est. reading time":"3 minutes"},"schema":{"@context":"https:\/\/schema.org","@graph":[{"@type":"WebPage","@id":"https:\/\/swoer.vn\/manufacturer\/camera-cong-nghiep-ccd\/","url":"https:\/\/swoer.vn\/manufacturer\/camera-cong-nghiep-ccd\/","name":"Camera c\u00f4ng nghi\u1ec7p CCD - Nh\u00e0 s\u1ea3n xu\u1ea5t m\u00e1y c\u1ea5p li\u1ec7u c\u00f4ng nghi\u1ec7p","isPartOf":{"@id":"https:\/\/swoer.vn\/#website"},"primaryImageOfPage":{"@id":"https:\/\/swoer.vn\/manufacturer\/camera-cong-nghiep-ccd\/#primaryimage"},"image":{"@id":"https:\/\/swoer.vn\/manufacturer\/camera-cong-nghiep-ccd\/#primaryimage"},"thumbnailUrl":"https:\/\/swoer.vn\/wp-content\/uploads\/2026\/03\/Camera-cong-nghiep-CCD.png","datePublished":"2026-03-31T02:11:23+00:00","dateModified":"2026-03-31T02:11:24+00:00","description":"Camera c\u00f4ng nghi\u1ec7p CCD SWOER SW-80308 \u0111\u1ea1t chu\u1ea9n ISO9001\/CE. T\u1ed1c \u0111\u1ed9 c\u1ef1c cao 1800 s\u1ea3n ph\u1ea9m\/ph\u00fat, nh\u1eadn di\u1ec7n 4 lu\u1ed3ng \u0111\u1ed3ng th\u1eddi, ch\u00ednh x\u00e1c 99.99%. B\u1ea3o h\u00e0nh 1 n\u0103m","breadcrumb":{"@id":"https:\/\/swoer.vn\/manufacturer\/camera-cong-nghiep-ccd\/#breadcrumb"},"inLanguage":"en-US","potentialAction":[{"@type":"ReadAction","target":["https:\/\/swoer.vn\/manufacturer\/camera-cong-nghiep-ccd\/"]}]},{"@type":"ImageObject","inLanguage":"en-US","@id":"https:\/\/swoer.vn\/manufacturer\/camera-cong-nghiep-ccd\/#primaryimage","url":"https:\/\/swoer.vn\/wp-content\/uploads\/2026\/03\/Camera-cong-nghiep-CCD.png","contentUrl":"https:\/\/swoer.vn\/wp-content\/uploads\/2026\/03\/Camera-cong-nghiep-CCD.png","width":800,"height":800,"caption":"Camera c\u00f4ng nghi\u1ec7p CCD"},{"@type":"BreadcrumbList","@id":"https:\/\/swoer.vn\/manufacturer\/camera-cong-nghiep-ccd\/#breadcrumb","itemListElement":[{"@type":"ListItem","position":1,"name":"Home","item":"https:\/\/swoer.vn\/"},{"@type":"ListItem","position":2,"name":"S\u1ea3n ph\u1ea9m","item":"https:\/\/swoer.vn\/shop\/"},{"@type":"ListItem","position":3,"name":"Camera c\u00f4ng nghi\u1ec7p CCD"}]},{"@type":"WebSite","@id":"https:\/\/swoer.vn\/#website","url":"https:\/\/swoer.vn\/","name":"Industrial Feeder Manufacturer","description":"Supplier of robot, flexible feeder, centrifugal feeder, automatic vibrating feeder","potentialAction":[{"@type":"SearchAction","target":{"@type":"EntryPoint","urlTemplate":"https:\/\/swoer.vn\/?s={search_term_string}"},"query-input":{"@type":"PropertyValueSpecification","valueRequired":true,"valueName":"search_term_string"}}],"inLanguage":"en-US"}]}},"_links":{"self":[{"href":"https:\/\/swoer.vn\/en\/wp-json\/wp\/v2\/product\/8150","targetHints":{"allow":["GET"]}}],"collection":[{"href":"https:\/\/swoer.vn\/en\/wp-json\/wp\/v2\/product"}],"about":[{"href":"https:\/\/swoer.vn\/en\/wp-json\/wp\/v2\/types\/product"}],"replies":[{"embeddable":true,"href":"https:\/\/swoer.vn\/en\/wp-json\/wp\/v2\/comments?post=8150"}],"wp:featuredmedia":[{"embeddable":true,"href":"https:\/\/swoer.vn\/en\/wp-json\/wp\/v2\/media\/8151"}],"wp:attachment":[{"href":"https:\/\/swoer.vn\/en\/wp-json\/wp\/v2\/media?parent=8150"}],"wp:term":[{"taxonomy":"product_brand","embeddable":true,"href":"https:\/\/swoer.vn\/en\/wp-json\/wp\/v2\/product_brand?post=8150"},{"taxonomy":"product_cat","embeddable":true,"href":"https:\/\/swoer.vn\/en\/wp-json\/wp\/v2\/product_cat?post=8150"},{"taxonomy":"product_tag","embeddable":true,"href":"https:\/\/swoer.vn\/en\/wp-json\/wp\/v2\/product_tag?post=8150"}],"curies":[{"name":"wp","href":"https:\/\/api.w.org\/{rel}","templated":true}]}}