{"id":5305,"date":"2025-10-15T15:31:44","date_gmt":"2025-10-15T08:31:44","guid":{"rendered":"https:\/\/swoer.vn\/?post_type=product&#038;p=5305"},"modified":"2025-10-15T15:31:44","modified_gmt":"2025-10-15T08:31:44","slug":"may-han-thiec-tu-dong-da-nang","status":"publish","type":"product","link":"https:\/\/swoer.vn\/en\/manufacturer\/may-han-thiec-tu-dong-da-nang\/","title":{"rendered":"M\u00e1y h\u00e0n thi\u1ebfc t\u1ef1 \u0111\u1ed9ng \u0111a n\u0103ng"},"content":{"rendered":"<h2><span style=\"font-weight: 400;\">Product Specifications<\/span><\/h2>\n<table>\n<tbody>\n<tr>\n<td><b>Thu\u1ed9c t\u00ednh<\/b><\/td>\n<td><b>Chi ti\u1ebft<\/b><\/td>\n<\/tr>\n<tr>\n<td><span style=\"font-weight: 400;\">Tr\u1ee5c ch\u00ednh<\/span><\/td>\n<td><span style=\"font-weight: 400;\">4 tr\u1ee5c + V\u1eadt li\u1ec7u h\u00e0n thi\u1ebfc<\/span><\/td>\n<\/tr>\n<tr>\n<td><span style=\"font-weight: 400;\">H\u00e0nh tr\u00ecnh (X * Y * Z * R)<\/span><\/td>\n<td><span style=\"font-weight: 400;\">500\u00d7300\u00d7100\u00d7360 mm<\/span><\/td>\n<\/tr>\n<tr>\n<td><span style=\"font-weight: 400;\">T\u1ed1c \u0111\u1ed9 v\u1eadn h\u00e0nh (X\/Y\/Z\/R)<\/span><\/td>\n<td><span style=\"font-weight: 400;\">X\/Y\/Z:600 mm\/s<\/span><\/td>\n<\/tr>\n<tr>\n<td><span style=\"font-weight: 400;\">C\u00f4ng \u0111o\u1ea1n l\u00e0m vi\u1ec7c<\/span><\/td>\n<td><span style=\"font-weight: 400;\">M\u1ed9t tr\u1ea1m (H\u1ed7 tr\u1ee3 hai tr\u1ea1m)<\/span><\/td>\n<\/tr>\n<tr>\n<td><span style=\"font-weight: 400;\">\u0110\u1ed9 ch\u00ednh x\u00e1c l\u1eb7p l\u1ea1i<\/span><\/td>\n<td><span style=\"font-weight: 400;\">\u00b10.02 mm<\/span><\/td>\n<\/tr>\n<tr>\n<td><span style=\"font-weight: 400;\">T\u1ea3i tr\u1ecdng<\/span><\/td>\n<td><span style=\"font-weight: 400;\">6 kg<\/span><\/td>\n<\/tr>\n<tr>\n<td><span style=\"font-weight: 400;\">Ch\u01b0\u01a1ng tr\u00ecnh<\/span><\/td>\n<td><span style=\"font-weight: 400;\">Nh\u1eadp tr\u1ef1c ti\u1ebfp t\u1ecda \u0111\u1ed9 \u0111i\u1ec3m h\u00e0n, \u0111\u1ed3ng th\u1eddi c\u00f3 th\u1ec3 d\u1ea1y v\u00e0 t\u00e1i t\u1ea1o t\u1ecda \u0111\u1ed9 \u0111i\u1ec3m h\u00e0n<\/span><\/td>\n<\/tr>\n<tr>\n<td><span style=\"font-weight: 400;\">Ki\u1ec3m so\u00e1t nhi\u1ec7t \u0111\u1ed9<\/span><\/td>\n<td><span style=\"font-weight: 400;\">Gia nhi\u1ec7t xo\u00e1y t\u1ea7n s\u1ed1 cao\/HZ-230A<\/span><\/td>\n<\/tr>\n<tr>\n<td><span style=\"font-weight: 400;\">\u0110\u1ed9ng c\u01a1<\/span><\/td>\n<td><span style=\"font-weight: 400;\">\u0110\u1ed9ng c\u01a1 b\u01b0\u1edbc (Stepper Motor)<\/span><\/td>\n<\/tr>\n<tr>\n<td><span style=\"font-weight: 400;\">Nhi\u1ec7t \u0111\u1ed9<\/span><\/td>\n<td><span style=\"font-weight: 400;\">100 \u00b0C\u223c500 \u00b0C<\/span><\/td>\n<\/tr>\n<tr>\n<td><span style=\"font-weight: 400;\">C\u1ea5p thi\u1ebfc<\/span><\/td>\n<td><span style=\"font-weight: 400;\">Ch\u1ee9c n\u0103ng c\u1ea3nh b\u00e1o kh\u00f4ng c\u00f3 d\u00e2y thi\u1ebfc<\/span><\/td>\n<\/tr>\n<tr>\n<td><span style=\"font-weight: 400;\">Chi\u1ec1u d\u00e0i thi\u1ebfc t\u1ed1i thi\u1ec3u<\/span><\/td>\n<td><span style=\"font-weight: 400;\">0.01 mm<\/span><\/td>\n<\/tr>\n<tr>\n<td><span style=\"font-weight: 400;\">\u0110\u01b0\u1eddng k\u00ednh d\u00e2y h\u00e0n<\/span><\/td>\n<td><span style=\"font-weight: 400;\">0.5\u223c1.2 mm<\/span><\/td>\n<\/tr>\n<tr>\n<td><span style=\"font-weight: 400;\">Voltage<\/span><\/td>\n<td><span style=\"font-weight: 400;\">220V AC\/50 Hz<\/span><\/td>\n<\/tr>\n<tr>\n<td><span style=\"font-weight: 400;\">\u00c1p su\u1ea5t kh\u00ed<\/span><\/td>\n<td><span style=\"font-weight: 400;\">0.4\u223c0.8 MPa, s\u1ea1ch v\u00e0 kh\u00f4<\/span><\/td>\n<\/tr>\n<tr>\n<td><span style=\"font-weight: 400;\">M\u00f4i tr\u01b0\u1eddng<\/span><\/td>\n<td><span style=\"font-weight: 400;\">0\u223c40 \u00b0C, \u0110\u1ed9 \u1ea9m 20%\u223c95%<\/span><\/td>\n<\/tr>\n<tr>\n<td><span style=\"font-weight: 400;\">Weight<\/span><\/td>\n<td><span style=\"font-weight: 400;\">60 kg<\/span><\/td>\n<\/tr>\n<tr>\n<td><span style=\"font-weight: 400;\">K\u00edch th\u01b0\u1edbc (R\u1ed9ng * S\u00e2u * Cao)<\/span><\/td>\n<td><span style=\"font-weight: 400;\">650\u00d7550\u00d7850 mm<\/span><\/td>\n<\/tr>\n<\/tbody>\n<\/table>\n<p><span style=\"font-weight: 400;\">M\u00e1y h\u00e0n thi\u1ebfc t\u1ef1 \u0111\u1ed9ng l\u00e0 m\u1ed9t thi\u1ebft b\u1ecb \u0111a ch\u1ee9c n\u0103ng, c\u00f3 kh\u1ea3 n\u0103ng \u0111i\u1ec1u ch\u1ec9nh linh ho\u1ea1t g\u00f3c h\u00e0n, h\u01b0\u1edbng h\u00e0n, \u0111i\u1ec3m c\u00e0i \u0111\u1eb7t, ki\u1ec3m so\u00e1t l\u01b0\u1ee3ng thi\u1ebfc ra\/v\u00e0o v\u00e0 k\u00edch th\u01b0\u1edbc m\u1ed1i h\u00e0n, t\u1eeb \u0111\u00f3 \u0111\u1ea3m b\u1ea3o t\u1ed1t h\u01a1n c\u00e1c y\u00eau c\u1ea7u k\u1ef9 thu\u1eadt h\u00e0n c\u1ee7a s\u1ea3n ph\u1ea9m kh\u00e1ch h\u00e0ng.<\/span><\/p>\n<p><span style=\"font-weight: 400;\">M\u00e1y \u0111\u01b0\u1ee3c trang b\u1ecb <\/span><b>b\u1ed1n tr\u1ee5c<\/b><span style=\"font-weight: 400;\">. Ngo\u00e0i ba tr\u1ee5c th\u00f4ng th\u01b0\u1eddng XYZ, m\u00e1y c\u00f2n c\u00f3 m\u1ed9t <\/span><b>tr\u1ee5c quay (R-axis)<\/b><span style=\"font-weight: 400;\"> c\u00f3 th\u1ec3 xoay 360\u2218 theo m\u1ecdi h\u01b0\u1edbng. Ch\u1ee9c n\u0103ng ch\u00ednh c\u1ee7a tr\u1ee5c quay n\u00e0y l\u00e0:<\/span><\/p>\n<ul>\n<li style=\"font-weight: 400;\" aria-level=\"1\"><span style=\"font-weight: 400;\">Gi\u00fap \u0111\u1ea7u m\u1ecf h\u00e0n tr\u00e1nh c\u00e1c ch\u01b0\u1edbng ng\u1ea1i v\u1eadt qu\u00e1 cao tr\u00ean bo m\u1ea1ch PCB nh\u01b0 linh ki\u1ec7n, chip, d\u00e2y d\u1eabn ho\u1eb7c terminal (\u0111\u1ea7u cu\u1ed1i).<\/span><\/li>\n<li style=\"font-weight: 400;\" aria-level=\"1\"><span style=\"font-weight: 400;\">C\u00f3 th\u1ec3 \u0111i\u1ec1u ch\u1ec9nh g\u00f3c h\u00e0n, \u1ed1ng d\u1eabn thi\u1ebfc v\u00e0 \u0111\u1ea7u kim theo \u00fd mu\u1ed1n.<\/span><\/li>\n<li style=\"font-weight: 400;\" aria-level=\"1\"><span style=\"font-weight: 400;\">D\u00e2y thi\u1ebfc c\u00f3 th\u1ec3 \u0111\u01b0\u1ee3c \u0111\u01b0a \u0111\u1ebfn \u0111\u1ea7u m\u1ecf h\u00e0n m\u1ed9t c\u00e1ch ch\u00ednh x\u00e1c, kh\u1edbp v\u1edbi b\u1ec1 m\u1eb7t thi\u1ebfc n\u00f3ng ch\u1ea3y ph\u00f9 h\u1ee3p v\u1edbi s\u1ea3n ph\u1ea9m c\u1ee7a kh\u00e1ch h\u00e0ng, tr\u00e1nh \u0111\u01b0\u1ee3c hi\u1ec7n t\u01b0\u1ee3ng k\u1eb9t thi\u1ebfc do nhi\u1ec1u nguy\u00ean nh\u00e2n trong qu\u00e1 tr\u00ecnh h\u00e0n.<\/span><\/li>\n<\/ul>","protected":false},"excerpt":{"rendered":"<p><span style=\"font-weight: 400;\">M\u00e1y h\u00e0n thi\u1ebfc t\u1ef1 \u0111\u1ed9ng 4 tr\u1ee5c l\u00e0 thi\u1ebft b\u1ecb \u0111a n\u0103ng cho ph\u00e9p \u0111i\u1ec1u ch\u1ec9nh linh ho\u1ea1t g\u00f3c h\u00e0n, h\u01b0\u1edbng v\u00e0 l\u01b0\u1ee3ng thi\u1ebfc, \u0111\u1ea3m b\u1ea3o y\u00eau c\u1ea7u k\u1ef9 thu\u1eadt h\u00e0n kh\u1eaft khe c\u1ee7a kh\u00e1ch h\u00e0ng. M\u00e1y c\u00f3 tr\u1ee5c quay R 360\u2218 \u0111\u1eb7c bi\u1ec7t, gi\u00fap m\u1ecf h\u00e0n tr\u00e1nh c\u00e1c linh ki\u1ec7n cao tr\u00ean PCB, \u0111\u1ed3ng th\u1eddi ki\u1ec3m so\u00e1t ch\u00ednh x\u00e1c d\u00e2y thi\u1ebfc 0.5\u22121.2 mm. V\u1edbi \u0111\u1ed9 ch\u00ednh x\u00e1c l\u1eb7p l\u1ea1i \u00b10.02 mm v\u00e0 nhi\u1ec7t \u0111\u1ed9 100 \u00b0C\u2212500 \u00b0C, \u0111\u00e2y l\u00e0 gi\u1ea3i ph\u00e1p h\u00e0n t\u1ef1 \u0111\u1ed9ng h\u00f3a cao c\u1ea5p v\u00e0 \u0111\u00e1ng tin c\u1eady.<\/span><\/p>","protected":false},"featured_media":5306,"comment_status":"open","ping_status":"closed","template":"","meta":[],"product_brand":[],"product_cat":[46],"product_tag":[],"class_list":{"0":"post-5305","1":"product","2":"type-product","3":"status-publish","4":"has-post-thumbnail","6":"product_cat-may-tan-dinh-tu-dong","8":"first","9":"instock","10":"shipping-taxable","11":"product-type-simple"},"yoast_head":"<!-- This site is optimized with the Yoast SEO plugin v26.0 - https:\/\/yoast.com\/wordpress\/plugins\/seo\/ -->\n<title>M\u00e1y h\u00e0n thi\u1ebfc t\u1ef1 \u0111\u1ed9ng \u0111a n\u0103ng - Nh\u00e0 s\u1ea3n xu\u1ea5t m\u00e1y c\u1ea5p li\u1ec7u c\u00f4ng nghi\u1ec7p<\/title>\n<meta name=\"description\" content=\"M\u00e1y h\u00e0n thi\u1ebfc t\u1ef1 \u0111\u1ed9ng 4 tr\u1ee5c (XYZR), \u0111\u1ed9 ch\u00ednh x\u00e1c \u00b10.02 mm, c\u00f3 tr\u1ee5c R xoay 360\u2218 tr\u00e1nh linh ki\u1ec7n. Ki\u1ec3m so\u00e1t nhi\u1ec7t \u0111\u1ed9 100\u2212500 \u00b0C, d\u00e2y h\u00e0n 0.5\u22121.2 mm.\" \/>\n<meta name=\"robots\" content=\"index, follow, max-snippet:-1, max-image-preview:large, max-video-preview:-1\" \/>\n<link rel=\"canonical\" href=\"https:\/\/swoer.vn\/en\/manufacturer\/may-han-thiec-tu-dong-da-nang\/\" \/>\n<meta property=\"og:locale\" content=\"en_US\" \/>\n<meta property=\"og:type\" content=\"article\" \/>\n<meta property=\"og:title\" content=\"M\u00e1y h\u00e0n thi\u1ebfc t\u1ef1 \u0111\u1ed9ng \u0111a n\u0103ng - Nh\u00e0 s\u1ea3n xu\u1ea5t m\u00e1y c\u1ea5p li\u1ec7u c\u00f4ng nghi\u1ec7p\" \/>\n<meta property=\"og:description\" content=\"M\u00e1y h\u00e0n thi\u1ebfc t\u1ef1 \u0111\u1ed9ng 4 tr\u1ee5c (XYZR), \u0111\u1ed9 ch\u00ednh x\u00e1c \u00b10.02 mm, c\u00f3 tr\u1ee5c R xoay 360\u2218 tr\u00e1nh linh ki\u1ec7n. Ki\u1ec3m so\u00e1t nhi\u1ec7t \u0111\u1ed9 100\u2212500 \u00b0C, d\u00e2y h\u00e0n 0.5\u22121.2 mm.\" \/>\n<meta property=\"og:url\" content=\"https:\/\/swoer.vn\/en\/manufacturer\/may-han-thiec-tu-dong-da-nang\/\" \/>\n<meta property=\"og:site_name\" content=\"Nh\u00e0 s\u1ea3n xu\u1ea5t m\u00e1y c\u1ea5p li\u1ec7u c\u00f4ng nghi\u1ec7p\" \/>\n<meta property=\"og:image\" content=\"https:\/\/swoer.vn\/wp-content\/uploads\/2025\/10\/AUTOMATIC-SOLDERING-MACHINE.png\" \/>\n\t<meta property=\"og:image:width\" content=\"800\" \/>\n\t<meta property=\"og:image:height\" content=\"800\" \/>\n\t<meta property=\"og:image:type\" content=\"image\/png\" \/>\n<meta name=\"twitter:card\" content=\"summary_large_image\" \/>\n<meta name=\"twitter:label1\" content=\"Est. reading time\" \/>\n\t<meta name=\"twitter:data1\" content=\"2 minutes\" \/>\n<script type=\"application\/ld+json\" class=\"yoast-schema-graph\">{\"@context\":\"https:\/\/schema.org\",\"@graph\":[{\"@type\":\"WebPage\",\"@id\":\"https:\/\/swoer.vn\/manufacturer\/may-han-thiec-tu-dong-da-nang\/\",\"url\":\"https:\/\/swoer.vn\/manufacturer\/may-han-thiec-tu-dong-da-nang\/\",\"name\":\"M\u00e1y h\u00e0n thi\u1ebfc t\u1ef1 \u0111\u1ed9ng \u0111a n\u0103ng - Nh\u00e0 s\u1ea3n xu\u1ea5t m\u00e1y c\u1ea5p li\u1ec7u c\u00f4ng nghi\u1ec7p\",\"isPartOf\":{\"@id\":\"https:\/\/swoer.vn\/#website\"},\"primaryImageOfPage\":{\"@id\":\"https:\/\/swoer.vn\/manufacturer\/may-han-thiec-tu-dong-da-nang\/#primaryimage\"},\"image\":{\"@id\":\"https:\/\/swoer.vn\/manufacturer\/may-han-thiec-tu-dong-da-nang\/#primaryimage\"},\"thumbnailUrl\":\"https:\/\/swoer.vn\/wp-content\/uploads\/2025\/10\/AUTOMATIC-SOLDERING-MACHINE.png\",\"datePublished\":\"2025-10-15T08:31:44+00:00\",\"description\":\"M\u00e1y h\u00e0n thi\u1ebfc t\u1ef1 \u0111\u1ed9ng 4 tr\u1ee5c (XYZR), \u0111\u1ed9 ch\u00ednh x\u00e1c \u00b10.02 mm, c\u00f3 tr\u1ee5c R xoay 360\u2218 tr\u00e1nh linh ki\u1ec7n. Ki\u1ec3m so\u00e1t nhi\u1ec7t \u0111\u1ed9 100\u2212500 \u00b0C, d\u00e2y h\u00e0n 0.5\u22121.2 mm.\",\"breadcrumb\":{\"@id\":\"https:\/\/swoer.vn\/manufacturer\/may-han-thiec-tu-dong-da-nang\/#breadcrumb\"},\"inLanguage\":\"en-US\",\"potentialAction\":[{\"@type\":\"ReadAction\",\"target\":[\"https:\/\/swoer.vn\/manufacturer\/may-han-thiec-tu-dong-da-nang\/\"]}]},{\"@type\":\"ImageObject\",\"inLanguage\":\"en-US\",\"@id\":\"https:\/\/swoer.vn\/manufacturer\/may-han-thiec-tu-dong-da-nang\/#primaryimage\",\"url\":\"https:\/\/swoer.vn\/wp-content\/uploads\/2025\/10\/AUTOMATIC-SOLDERING-MACHINE.png\",\"contentUrl\":\"https:\/\/swoer.vn\/wp-content\/uploads\/2025\/10\/AUTOMATIC-SOLDERING-MACHINE.png\",\"width\":800,\"height\":800,\"caption\":\"AUTOMATIC SOLDERING MACHINE\"},{\"@type\":\"BreadcrumbList\",\"@id\":\"https:\/\/swoer.vn\/manufacturer\/may-han-thiec-tu-dong-da-nang\/#breadcrumb\",\"itemListElement\":[{\"@type\":\"ListItem\",\"position\":1,\"name\":\"Home\",\"item\":\"https:\/\/swoer.vn\/\"},{\"@type\":\"ListItem\",\"position\":2,\"name\":\"S\u1ea3n ph\u1ea9m\",\"item\":\"https:\/\/swoer.vn\/shop\/\"},{\"@type\":\"ListItem\",\"position\":3,\"name\":\"M\u00e1y h\u00e0n thi\u1ebfc t\u1ef1 \u0111\u1ed9ng \u0111a n\u0103ng\"}]},{\"@type\":\"WebSite\",\"@id\":\"https:\/\/swoer.vn\/#website\",\"url\":\"https:\/\/swoer.vn\/\",\"name\":\"Nh\u00e0 s\u1ea3n xu\u1ea5t m\u00e1y c\u1ea5p li\u1ec7u c\u00f4ng nghi\u1ec7p\",\"description\":\"Nh\u00e0 cung c\u1ea5p robot, m\u00e1y c\u1ea5p li\u1ec7u linh ho\u1ea1t, m\u00e1y c\u1ea5p li\u1ec7u ly t\u00e2m, m\u00e1y c\u1ea5p li\u1ec7u rung t\u1ef1 \u0111\u1ed9ng\",\"potentialAction\":[{\"@type\":\"SearchAction\",\"target\":{\"@type\":\"EntryPoint\",\"urlTemplate\":\"https:\/\/swoer.vn\/?s={search_term_string}\"},\"query-input\":{\"@type\":\"PropertyValueSpecification\",\"valueRequired\":true,\"valueName\":\"search_term_string\"}}],\"inLanguage\":\"en-US\"}]}<\/script>\n<!-- \/ Yoast SEO plugin. -->","yoast_head_json":{"title":"M\u00e1y h\u00e0n thi\u1ebfc t\u1ef1 \u0111\u1ed9ng \u0111a n\u0103ng - Nh\u00e0 s\u1ea3n xu\u1ea5t m\u00e1y c\u1ea5p li\u1ec7u c\u00f4ng nghi\u1ec7p","description":"M\u00e1y h\u00e0n thi\u1ebfc t\u1ef1 \u0111\u1ed9ng 4 tr\u1ee5c (XYZR), \u0111\u1ed9 ch\u00ednh x\u00e1c \u00b10.02 mm, c\u00f3 tr\u1ee5c R xoay 360\u2218 tr\u00e1nh linh ki\u1ec7n. Ki\u1ec3m so\u00e1t nhi\u1ec7t \u0111\u1ed9 100\u2212500 \u00b0C, d\u00e2y h\u00e0n 0.5\u22121.2 mm.","robots":{"index":"index","follow":"follow","max-snippet":"max-snippet:-1","max-image-preview":"max-image-preview:large","max-video-preview":"max-video-preview:-1"},"canonical":"https:\/\/swoer.vn\/en\/manufacturer\/may-han-thiec-tu-dong-da-nang\/","og_locale":"en_US","og_type":"article","og_title":"M\u00e1y h\u00e0n thi\u1ebfc t\u1ef1 \u0111\u1ed9ng \u0111a n\u0103ng - Nh\u00e0 s\u1ea3n xu\u1ea5t m\u00e1y c\u1ea5p li\u1ec7u c\u00f4ng nghi\u1ec7p","og_description":"M\u00e1y h\u00e0n thi\u1ebfc t\u1ef1 \u0111\u1ed9ng 4 tr\u1ee5c (XYZR), \u0111\u1ed9 ch\u00ednh x\u00e1c \u00b10.02 mm, c\u00f3 tr\u1ee5c R xoay 360\u2218 tr\u00e1nh linh ki\u1ec7n. Ki\u1ec3m so\u00e1t nhi\u1ec7t \u0111\u1ed9 100\u2212500 \u00b0C, d\u00e2y h\u00e0n 0.5\u22121.2 mm.","og_url":"https:\/\/swoer.vn\/en\/manufacturer\/may-han-thiec-tu-dong-da-nang\/","og_site_name":"Nh\u00e0 s\u1ea3n xu\u1ea5t m\u00e1y c\u1ea5p li\u1ec7u c\u00f4ng nghi\u1ec7p","og_image":[{"width":800,"height":800,"url":"https:\/\/swoer.vn\/wp-content\/uploads\/2025\/10\/AUTOMATIC-SOLDERING-MACHINE.png","type":"image\/png"}],"twitter_card":"summary_large_image","twitter_misc":{"Est. reading time":"2 minutes"},"schema":{"@context":"https:\/\/schema.org","@graph":[{"@type":"WebPage","@id":"https:\/\/swoer.vn\/manufacturer\/may-han-thiec-tu-dong-da-nang\/","url":"https:\/\/swoer.vn\/manufacturer\/may-han-thiec-tu-dong-da-nang\/","name":"M\u00e1y h\u00e0n thi\u1ebfc t\u1ef1 \u0111\u1ed9ng \u0111a n\u0103ng - Nh\u00e0 s\u1ea3n xu\u1ea5t m\u00e1y c\u1ea5p li\u1ec7u c\u00f4ng nghi\u1ec7p","isPartOf":{"@id":"https:\/\/swoer.vn\/#website"},"primaryImageOfPage":{"@id":"https:\/\/swoer.vn\/manufacturer\/may-han-thiec-tu-dong-da-nang\/#primaryimage"},"image":{"@id":"https:\/\/swoer.vn\/manufacturer\/may-han-thiec-tu-dong-da-nang\/#primaryimage"},"thumbnailUrl":"https:\/\/swoer.vn\/wp-content\/uploads\/2025\/10\/AUTOMATIC-SOLDERING-MACHINE.png","datePublished":"2025-10-15T08:31:44+00:00","description":"M\u00e1y h\u00e0n thi\u1ebfc t\u1ef1 \u0111\u1ed9ng 4 tr\u1ee5c (XYZR), \u0111\u1ed9 ch\u00ednh x\u00e1c \u00b10.02 mm, c\u00f3 tr\u1ee5c R xoay 360\u2218 tr\u00e1nh linh ki\u1ec7n. Ki\u1ec3m so\u00e1t nhi\u1ec7t \u0111\u1ed9 100\u2212500 \u00b0C, d\u00e2y h\u00e0n 0.5\u22121.2 mm.","breadcrumb":{"@id":"https:\/\/swoer.vn\/manufacturer\/may-han-thiec-tu-dong-da-nang\/#breadcrumb"},"inLanguage":"en-US","potentialAction":[{"@type":"ReadAction","target":["https:\/\/swoer.vn\/manufacturer\/may-han-thiec-tu-dong-da-nang\/"]}]},{"@type":"ImageObject","inLanguage":"en-US","@id":"https:\/\/swoer.vn\/manufacturer\/may-han-thiec-tu-dong-da-nang\/#primaryimage","url":"https:\/\/swoer.vn\/wp-content\/uploads\/2025\/10\/AUTOMATIC-SOLDERING-MACHINE.png","contentUrl":"https:\/\/swoer.vn\/wp-content\/uploads\/2025\/10\/AUTOMATIC-SOLDERING-MACHINE.png","width":800,"height":800,"caption":"AUTOMATIC SOLDERING MACHINE"},{"@type":"BreadcrumbList","@id":"https:\/\/swoer.vn\/manufacturer\/may-han-thiec-tu-dong-da-nang\/#breadcrumb","itemListElement":[{"@type":"ListItem","position":1,"name":"Home","item":"https:\/\/swoer.vn\/"},{"@type":"ListItem","position":2,"name":"S\u1ea3n ph\u1ea9m","item":"https:\/\/swoer.vn\/shop\/"},{"@type":"ListItem","position":3,"name":"M\u00e1y h\u00e0n thi\u1ebfc t\u1ef1 \u0111\u1ed9ng \u0111a n\u0103ng"}]},{"@type":"WebSite","@id":"https:\/\/swoer.vn\/#website","url":"https:\/\/swoer.vn\/","name":"Industrial Feeder Manufacturer","description":"Supplier of robot, flexible feeder, centrifugal feeder, automatic vibrating feeder","potentialAction":[{"@type":"SearchAction","target":{"@type":"EntryPoint","urlTemplate":"https:\/\/swoer.vn\/?s={search_term_string}"},"query-input":{"@type":"PropertyValueSpecification","valueRequired":true,"valueName":"search_term_string"}}],"inLanguage":"en-US"}]}},"_links":{"self":[{"href":"https:\/\/swoer.vn\/en\/wp-json\/wp\/v2\/product\/5305","targetHints":{"allow":["GET"]}}],"collection":[{"href":"https:\/\/swoer.vn\/en\/wp-json\/wp\/v2\/product"}],"about":[{"href":"https:\/\/swoer.vn\/en\/wp-json\/wp\/v2\/types\/product"}],"replies":[{"embeddable":true,"href":"https:\/\/swoer.vn\/en\/wp-json\/wp\/v2\/comments?post=5305"}],"wp:featuredmedia":[{"embeddable":true,"href":"https:\/\/swoer.vn\/en\/wp-json\/wp\/v2\/media\/5306"}],"wp:attachment":[{"href":"https:\/\/swoer.vn\/en\/wp-json\/wp\/v2\/media?parent=5305"}],"wp:term":[{"taxonomy":"product_brand","embeddable":true,"href":"https:\/\/swoer.vn\/en\/wp-json\/wp\/v2\/product_brand?post=5305"},{"taxonomy":"product_cat","embeddable":true,"href":"https:\/\/swoer.vn\/en\/wp-json\/wp\/v2\/product_cat?post=5305"},{"taxonomy":"product_tag","embeddable":true,"href":"https:\/\/swoer.vn\/en\/wp-json\/wp\/v2\/product_tag?post=5305"}],"curies":[{"name":"wp","href":"https:\/\/api.w.org\/{rel}","templated":true}]}}