{"id":5267,"date":"2025-10-14T15:40:11","date_gmt":"2025-10-14T08:40:11","guid":{"rendered":"https:\/\/swoer.vn\/?post_type=product&#038;p=5267"},"modified":"2025-10-14T15:40:11","modified_gmt":"2025-10-14T08:40:11","slug":"may-tu-dong-siet-vit-da-truc-chinh-xac","status":"publish","type":"product","link":"https:\/\/swoer.vn\/en\/manufacturer\/may-tu-dong-siet-vit-da-truc-chinh-xac\/","title":{"rendered":"M\u00e1y t\u1ef1 \u0111\u1ed9ng si\u1ebft v\u00edt \u0111a tr\u1ee5c ch\u00ednh x\u00e1c"},"content":{"rendered":"<h2><span style=\"font-weight: 400;\">Product Specifications<\/span><\/h2>\n<h3><span style=\"font-weight: 400;\">H\u1ec7 th\u1ed1ng si\u1ebft v\u00edt\u00a0<\/span><\/h3>\n<table>\n<tbody>\n<tr>\n<td><span style=\"font-weight: 400;\">Thu\u1ed9c t\u00ednh<\/span><\/td>\n<td><span style=\"font-weight: 400;\">Gi\u00e1 tr\u1ecb<\/span><\/td>\n<\/tr>\n<tr>\n<td><span style=\"font-weight: 400;\">Lo\u1ea1i v\u00edt \u00e1p d\u1ee5ng<\/span><\/td>\n<td><span style=\"font-weight: 400;\">V\u00edt t\u1ef1 ren ho\u1eb7c v\u00edt ren m\u00e1y t\u1eeb M1.0 &#8211; M3.0 (th\u01b0\u1eddng d\u00f9ng trong \u0111i\u1ec7n t\u1eed, gia d\u1ee5ng)<\/span><\/td>\n<\/tr>\n<tr>\n<td><span style=\"font-weight: 400;\">Ph\u01b0\u01a1ng th\u1ee9c c\u1ea5p li\u1ec7u<\/span><\/td>\n<td><span style=\"font-weight: 400;\">C\u1ea5p li\u1ec7u b\u1eb1ng kh\u00ed n\u00e9n k\u1ebft h\u1ee3p h\u00fat t\u1eeb t\u00ednh\u00a0<\/span><\/td>\n<\/tr>\n<tr>\n<td><span style=\"font-weight: 400;\">Ph\u1ea1m vi m\u00f4-men xo\u1eafn<\/span><\/td>\n<td><span style=\"font-weight: 400;\">0.1 kgf\u22c5cm\u221210 kgf\u22c5cm<\/span><\/td>\n<\/tr>\n<tr>\n<td><span style=\"font-weight: 400;\">\u0110\u1ed9 ch\u00ednh x\u00e1c m\u00f4-men xo\u1eafn<\/span><\/td>\n<td><span style=\"font-weight: 400;\">\u00b1(2%\u22125%) FS<\/span><\/td>\n<\/tr>\n<tr>\n<td><span style=\"font-weight: 400;\">Ph\u1ea1m vi t\u1ed1c \u0111\u1ed9 quay<\/span><\/td>\n<td><span style=\"font-weight: 400;\">0\u22123000 RPM<\/span><\/td>\n<\/tr>\n<tr>\n<td><span style=\"font-weight: 400;\">\u0110\u1ed9 ch\u00ednh x\u00e1c l\u1eb7p l\u1ea1i<\/span><\/td>\n<td><span style=\"font-weight: 400;\">\u00b10.01 mm\u2212\u00b10.05 mm<\/span><\/td>\n<\/tr>\n<\/tbody>\n<\/table>\n<h3><span style=\"font-weight: 400;\">H\u1ec7 th\u1ed1ng chuy\u1ec3n \u0111\u1ed9ng<\/span><\/h3>\n<table>\n<tbody>\n<tr>\n<td><span style=\"font-weight: 400;\">Thu\u1ed9c t\u00ednh<\/span><\/td>\n<td><span style=\"font-weight: 400;\">Gi\u00e1 tr\u1ecb<\/span><\/td>\n<\/tr>\n<tr>\n<td><span style=\"font-weight: 400;\">Ph\u01b0\u01a1ng th\u1ee9c truy\u1ec1n \u0111\u1ed9ng<\/span><\/td>\n<td><span style=\"font-weight: 400;\">\u0110\u1ed9ng c\u01a1 Servo + Vitme ch\u00ednh x\u00e1c\/Module<\/span><\/td>\n<\/tr>\n<tr>\n<td><span style=\"font-weight: 400;\">S\u1ed1 l\u01b0\u1ee3ng tr\u1ee5c<\/span><\/td>\n<td><span style=\"font-weight: 400;\">Th\u01b0\u1eddng l\u00e0 3 tr\u1ee5c (X, Y, Z) ho\u1eb7c 4 tr\u1ee5c (X, Y, Z, R &#8211; Xoay)<\/span><\/td>\n<\/tr>\n<tr>\n<td><span style=\"font-weight: 400;\">H\u00e0nh tr\u00ecnh m\u1eb7t ph\u1eb3ng XY<\/span><\/td>\n<td><span style=\"font-weight: 400;\">T\u00f9y ch\u1ec9nh theo k\u00edch th\u01b0\u1edbc s\u1ea3n ph\u1ea9m v\u00e0 s\u1ed1 l\u01b0\u1ee3ng l\u1ed7 v\u00edt (v\u00ed d\u1ee5: 300 mm\u00d7300 mm)<\/span><\/td>\n<\/tr>\n<tr>\n<td><span style=\"font-weight: 400;\">H\u00e0nh tr\u00ecnh tr\u1ee5c Z<\/span><\/td>\n<td><span style=\"font-weight: 400;\">T\u00f9y ch\u1ec9nh theo chi\u1ec1u d\u00e0i v\u00edt v\u00e0 chi\u1ec1u cao chi ti\u1ebft (v\u00ed d\u1ee5: 50 mm\u2212100 mm)<\/span><\/td>\n<\/tr>\n<tr>\n<td><span style=\"font-weight: 400;\">\u0110\u1ed9 ch\u00ednh x\u00e1c \u0111\u1ecbnh v\u1ecb<\/span><\/td>\n<td><span style=\"font-weight: 400;\">\u00b10.02 mm\/300 mm<\/span><\/td>\n<\/tr>\n<\/tbody>\n<\/table>\n<h3><span style=\"font-weight: 400;\">H\u1ec7 th\u1ed1ng th\u1ed5i kh\u00ed<\/span><\/h3>\n<table>\n<tbody>\n<tr>\n<td><span style=\"font-weight: 400;\">Thu\u1ed9c t\u00ednh<\/span><\/td>\n<td><span style=\"font-weight: 400;\">Gi\u00e1 tr\u1ecb<\/span><\/td>\n<\/tr>\n<tr>\n<td><span style=\"font-weight: 400;\">Function<\/span><\/td>\n<td><span style=\"font-weight: 400;\">1. <\/span><b>L\u00e0m s\u1ea1ch:<\/b><span style=\"font-weight: 400;\"> Th\u1ed5i bay t\u1ea1p ch\u1ea5t kh\u1ecfi l\u1ed7 v\u00edt tr\u01b0\u1edbc khi si\u1ebft;\u00a0<\/span><\/p>\n<p><span style=\"font-weight: 400;\">2. <\/span><b>C\u1ea5p li\u1ec7u:<\/b><span style=\"font-weight: 400;\"> Ph\u1ed1i h\u1ee3p v\u1edbi b\u1ed9 c\u1ea5p li\u1ec7u \u0111\u1ec3 th\u1ed5i v\u00edt \u0111\u1ebfn d\u01b0\u1edbi m\u0169i si\u1ebft (bit).<\/span><\/td>\n<\/tr>\n<tr>\n<td><span style=\"font-weight: 400;\">\u00c1p su\u1ea5t kh\u00ed ngu\u1ed3n<\/span><\/td>\n<td><span style=\"font-weight: 400;\">0.4\u22120.6 MPa<\/span><\/td>\n<\/tr>\n<\/tbody>\n<\/table>\n<h3><span style=\"font-weight: 400;\">Hi\u1ec7u su\u1ea5t v\u00e0 s\u1ea3n l\u01b0\u1ee3ng<\/span><\/h3>\n<table>\n<tbody>\n<tr>\n<td><span style=\"font-weight: 400;\">Thu\u1ed9c t\u00ednh<\/span><\/td>\n<td><span style=\"font-weight: 400;\">Gi\u00e1 tr\u1ecb<\/span><\/td>\n<\/tr>\n<tr>\n<td><span style=\"font-weight: 400;\">Chu k\u1ef3 si\u1ebft m\u1ed9t v\u00edt<\/span><\/td>\n<td><span style=\"font-weight: 400;\">1.5\u22123 gi\u00e2y\/v\u00edt (T\u00f9y thu\u1ed9c v\u00e0o h\u00e0nh tr\u00ecnh v\u00e0 y\u00eau c\u1ea7u \u0111\u1ed9 ch\u00ednh x\u00e1c)<\/span><\/td>\n<\/tr>\n<tr>\n<td><span style=\"font-weight: 400;\">Kh\u1ea3 n\u0103ng t\u01b0\u01a1ng th\u00edch<\/span><\/td>\n<td><span style=\"font-weight: 400;\">C\u00f3 th\u1ec3 t\u01b0\u01a1ng th\u00edch v\u1edbi nhi\u1ec1u m\u1eabu s\u1ea3n ph\u1ea9m (th\u00f4ng qua vi\u1ec7c thay th\u1ebf g\u00e1 k\u1eb9p\/Jig)<\/span><\/td>\n<\/tr>\n<\/tbody>\n<\/table>\n<h3><span style=\"font-weight: 400;\">H\u1ec7 th\u1ed1ng ki\u1ec3m so\u00e1t &amp; ph\u1ea7n m\u1ec1m<\/span><\/h3>\n<table>\n<tbody>\n<tr>\n<td><span style=\"font-weight: 400;\">Thu\u1ed9c t\u00ednh<\/span><\/td>\n<td><span style=\"font-weight: 400;\">Chi ti\u1ebft<\/span><\/td>\n<\/tr>\n<tr>\n<td><span style=\"font-weight: 400;\">Linh ki\u1ec7n c\u1ed1t l\u00f5i<\/span><\/td>\n<td><span style=\"font-weight: 400;\">PLC, HMI, Module An to\u00e0n<\/span><\/td>\n<\/tr>\n<\/tbody>\n<\/table>\n<h3><span style=\"font-weight: 400;\">H\u1ec7 th\u1ed1ng \u0111\u1ecbnh v\u1ecb th\u1ecb gi\u00e1c<\/span><\/h3>\n<table>\n<tbody>\n<tr>\n<td><span style=\"font-weight: 400;\">Thu\u1ed9c t\u00ednh<\/span><\/td>\n<td><span style=\"font-weight: 400;\">Chi ti\u1ebft<\/span><\/td>\n<\/tr>\n<tr>\n<td><span style=\"font-weight: 400;\">Linh ki\u1ec7n C\u1ed1t l\u00f5i<\/span><\/td>\n<td><span style=\"font-weight: 400;\">Camera c\u00f4ng nghi\u1ec7p v\u00e0 Ngu\u1ed3n s\u00e1ng<\/span><\/td>\n<\/tr>\n<tr>\n<td><span style=\"font-weight: 400;\">\u0110i\u1ec3m m\u1ea5u ch\u1ed1t c\u1ea5u h\u00ecnh<\/span><\/td>\n<td><span style=\"font-weight: 400;\">\u0110\u1ed1i v\u1edbi c\u00e1c \u1ee9ng d\u1ee5ng y\u00eau c\u1ea7u \u0111\u1ed9 ch\u00ednh x\u00e1c c\u1ef1c cao ho\u1eb7c khi v\u1ecb tr\u00ed chi ti\u1ebft c\u00f3 sai s\u1ed1, h\u1ec7 th\u1ed1ng Vision s\u1ebd \u0111\u01b0\u1ee3c b\u1ed5 sung.<\/span><\/td>\n<\/tr>\n<tr>\n<td><span style=\"font-weight: 400;\">Quy tr\u00ecnh ho\u1ea1t \u0111\u1ed9ng Vision<\/span><\/td>\n<td><span style=\"font-weight: 400;\">1. Camera ch\u1ee5p \u1ea3nh \u0111\u1ecbnh v\u1ecb l\u1ed7 v\u00edt tr\u00ean chi ti\u1ebft. 2. H\u1ec7 th\u1ed1ng chuy\u1ec3n \u0111\u1ed5i t\u1ecda \u0111\u1ed9, t\u00ednh to\u00e1n t\u1ecda \u0111\u1ed9 th\u1ef1c t\u1ebf c\u1ee7a l\u1ed7 v\u00e0 t\u1ef1 \u0111\u1ed9ng <\/span><b>b\u00f9 sai s\u1ed1<\/b><span style=\"font-weight: 400;\"> cho h\u1ec7 th\u1ed1ng chuy\u1ec3n \u0111\u1ed9ng. 3. H\u01b0\u1edbng d\u1eabn m\u0169i si\u1ebft \u0111\u1ecbnh v\u1ecb ch\u00ednh x\u00e1c, \u0111\u1ea1t \u0111\u01b0\u1ee3c kh\u1ea3 n\u0103ng &#8220;si\u1ebft b\u00f9 sai s\u1ed1&#8221; ho\u1eb7c b\u00f9 tr\u1eeb l\u1ed7i g\u00e1 k\u1eb9p, n\u00e2ng cao \u0111\u00e1ng k\u1ec3 t\u1ef7 l\u1ec7 th\u00e0nh ph\u1ea9m (Yield Rate).<\/span><\/td>\n<\/tr>\n<\/tbody>\n<\/table>\n<p><span style=\"font-weight: 400;\">\u0110\u00e2y l\u00e0 m\u1ed9t thi\u1ebft b\u1ecb t\u1ef1 \u0111\u1ed9ng h\u00f3a \u0111\u01b0\u1ee3c thi\u1ebft k\u1ebf t\u00f9y ch\u1ec9nh, s\u1eed d\u1ee5ng \u0111\u1ed9ng c\u01a1 servo \u0111\u1ec3 truy\u1ec1n \u0111\u1ed9ng, d\u00f9ng \u0111\u1ea7u h\u00fat t\u1eeb t\u00ednh \u0111\u1ec3 g\u1eafp v\u00e0 \u0111\u1eb7t (Pick &amp; Place), c\u00f3 kh\u1ea3 n\u0103ng th\u1ef1c hi\u1ec7n \u0111\u1ed3ng th\u1eddi thao t\u00e1c si\u1ebft v\u00edt tr\u00ean nhi\u1ec1u chi ti\u1ebft v\u1edbi \u0111\u1ed9 ch\u00ednh x\u00e1c cao.<\/span><\/p>\n<p><span style=\"font-weight: 400;\">Thi\u1ebft b\u1ecb n\u00e0y ch\u1ee7 y\u1ebfu \u0111\u01b0\u1ee3c d\u00f9ng \u0111\u1ec3 thay th\u1ebf s\u1ee9c lao \u0111\u1ed9ng th\u1ee7 c\u00f4ng, th\u1ef1c hi\u1ec7n c\u00f4ng vi\u1ec7c si\u1ebft ch\u1eb7t nhi\u1ec1u \u1ed1c v\u00edt m\u1ed9t c\u00e1ch hi\u1ec7u qu\u1ea3 v\u00e0 \u0111\u00e1ng tin c\u1eady tr\u00ean d\u00e2y chuy\u1ec1n l\u1eafp r\u00e1p c\u00e1c s\u1ea3n ph\u1ea9m \u0111i\u1ec7n t\u1eed, thi\u1ebft b\u1ecb gia d\u1ee5ng v\u00e0 linh ki\u1ec7n \u00f4 t\u00f4.<\/span><\/p>\n<h2><span style=\"font-weight: 400;\">Quy tr\u00ecnh l\u00e0m vi\u1ec7c<\/span><\/h2>\n<ol>\n<li style=\"font-weight: 400;\" aria-level=\"1\"><b>C\u1ea5p li\u1ec7u:<\/b><span style=\"font-weight: 400;\"> C\u00f4ng nh\u00e2n ho\u1eb7c robot \u0111\u01b0a v\u1ecf ngo\u00e0i v\u00e0o g\u00e1 k\u1eb9p \u0111\u01b0\u1ee3c thi\u1ebft k\u1ebf ri\u00eang; xi lanh t\u1ef1 \u0111\u1ed9ng k\u1eb9p ch\u1eb7t.<\/span><\/li>\n<li style=\"font-weight: 400;\" aria-level=\"1\"><b>\u0110\u1ecbnh v\u1ecb:<\/b><span style=\"font-weight: 400;\"> Camera ch\u1ee5p \u1ea3nh \u0111\u1ec3 \u0111\u1ecbnh v\u1ecb l\u1ed7 v\u00edt.<\/span><\/li>\n<li style=\"font-weight: 400;\" aria-level=\"1\"><b>G\u1eafp v\u00edt:<\/b><span style=\"font-weight: 400;\"> Tr\u1ee5c XYZR di chuy\u1ec3n, \u0111\u01b0a m\u0169i si\u1ebft \u0111\u1ebfn c\u1ed5ng ra c\u1ee7a b\u1ed9 c\u1ea5p li\u1ec7u; nam ch\u00e2m \u0111i\u1ec7n c\u1ea5p \u0111i\u1ec7n h\u00fat m\u1ed9t chi\u1ebfc v\u00edt.<\/span><\/li>\n<li style=\"font-weight: 400;\" aria-level=\"1\"><b>L\u00e0m s\u1ea1ch:<\/b><span style=\"font-weight: 400;\"> Di chuy\u1ec3n \u0111\u1ebfn ph\u00eda tr\u00ean l\u1ed7 v\u00edt, th\u1ed5i kh\u00ed l\u00e0m s\u1ea1ch l\u1ed7.<\/span><\/li>\n<li style=\"font-weight: 400;\" aria-level=\"1\"><b>Si\u1ebft v\u00edt:<\/b><span style=\"font-weight: 400;\"> M\u0169i si\u1ebft ch\u00e8n ch\u00ednh x\u00e1c v\u00e0o l\u1ed7, \u0111\u1ed9ng c\u01a1 si\u1ebft v\u00edt Servo v\u1eb7n ch\u1eb7t v\u00edt theo \u0111\u01b0\u1eddng cong t\u1ed1c \u0111\u1ed9 v\u00e0 m\u00f4-men xo\u1eafn \u0111\u00e3 c\u00e0i \u0111\u1eb7t tr\u01b0\u1edbc.<\/span><\/li>\n<li style=\"font-weight: 400;\" aria-level=\"1\"><b>Ki\u1ec3m tra &amp; ph\u1ea3n h\u1ed3i:<\/b><span style=\"font-weight: 400;\"> H\u1ec7 th\u1ed1ng gi\u00e1m s\u00e1t m\u00f4-men xo\u1eafn v\u00e0 g\u00f3c quay theo th\u1eddi gian th\u1ef1c \u0111\u1ec3 x\u00e1c \u0111\u1ecbnh vi\u1ec7c si\u1ebft v\u00edt c\u00f3 \u0111\u1ea1t y\u00eau c\u1ea7u hay kh\u00f4ng.<\/span><\/li>\n<li style=\"font-weight: 400;\" aria-level=\"1\"><b>L\u1eb7p l\u1ea1i:<\/b><span style=\"font-weight: 400;\"> Di chuy\u1ec3n \u0111\u1ebfn l\u1ed7 ti\u1ebfp theo, l\u1eb7p l\u1ea1i c\u00e1c b\u01b0\u1edbc 3-6 cho \u0111\u1ebfn khi t\u1ea5t c\u1ea3 c\u00e1c v\u00edt \u0111\u01b0\u1ee3c si\u1ebft ho\u00e0n t\u1ea5t.<\/span><\/li>\n<li style=\"font-weight: 400;\" aria-level=\"1\"><b>Nh\u1ea3 li\u1ec7u:<\/b><span style=\"font-weight: 400;\"> G\u00e1 k\u1eb9p n\u1edbi l\u1ecfng, robot ho\u1eb7c c\u00f4ng nh\u00e2n l\u1ea5y s\u1ea3n ph\u1ea9m ho\u00e0n ch\u1ec9nh ra.<\/span><\/li>\n<\/ol>","protected":false},"excerpt":{"rendered":"<p><span style=\"font-weight: 400;\">M\u00e1y t\u1ef1 \u0111\u1ed9ng si\u1ebft v\u00edt \u0111a tr\u1ee5c s\u1eed d\u1ee5ng \u0111\u1ed9ng c\u01a1 Servo v\u00e0 \u0111\u1ea7u h\u00fat t\u1eeb t\u00ednh, l\u00e0 gi\u1ea3i ph\u00e1p t\u1ef1 \u0111\u1ed9ng h\u00f3a cao c\u1ea5p thay th\u1ebf l\u1eafp r\u00e1p th\u1ee7 c\u00f4ng trong vi\u1ec7c si\u1ebft v\u00edt M1.0 &#8211; M3.0. Thi\u1ebft b\u1ecb \u0111\u1ea1t \u0111\u1ed9 ch\u00ednh x\u00e1c l\u1eb7p l\u1ea1i \u00b10.01 mm, ki\u1ec3m so\u00e1t m\u00f4-men xo\u1eafn ch\u1eb7t ch\u1ebd \u00b1(2%\u22125%) FS. V\u1edbi h\u1ec7 th\u1ed1ng chuy\u1ec3n \u0111\u1ed9ng XYZR, PLC, v\u00e0 t\u00f9y ch\u1ecdn Vision b\u00f9 sai s\u1ed1, m\u00e1y \u0111\u1ea3m b\u1ea3o quy tr\u00ecnh si\u1ebft v\u00edt t\u1ed1c \u0111\u1ed9 cao (1.5\u22123 gia\u02c6y\/v\u0131\u02cat) v\u00e0 ch\u1ea5t l\u01b0\u1ee3ng ho\u00e0n h\u1ea3o cho c\u00e1c s\u1ea3n ph\u1ea9m \u0111i\u1ec7n t\u1eed, gia d\u1ee5ng v\u00e0 \u00f4 t\u00f4.<\/span><\/p>","protected":false},"featured_media":5268,"comment_status":"open","ping_status":"closed","template":"","meta":[],"product_brand":[],"product_cat":[46],"product_tag":[213,211,212],"class_list":{"0":"post-5267","1":"product","2":"type-product","3":"status-publish","4":"has-post-thumbnail","6":"product_cat-may-tan-dinh-tu-dong","7":"product_tag-cap-oc-vit","8":"product_tag-may-cap-vit-tu-dong","9":"product_tag-may-tu-dong-siet-vit","11":"first","12":"instock","13":"shipping-taxable","14":"product-type-simple"},"yoast_head":"<!-- This site is optimized with the Yoast SEO plugin v26.0 - https:\/\/yoast.com\/wordpress\/plugins\/seo\/ -->\n<title>M\u00e1y t\u1ef1 \u0111\u1ed9ng si\u1ebft v\u00edt \u0111a tr\u1ee5c ch\u00ednh x\u00e1c - Nh\u00e0 s\u1ea3n xu\u1ea5t m\u00e1y c\u1ea5p li\u1ec7u c\u00f4ng nghi\u1ec7p<\/title>\n<meta name=\"description\" content=\"M\u00e1y si\u1ebft v\u00edt Servo t\u1ef1 \u0111\u1ed9ng \u0111a tr\u1ee5c (X,Y,Z,R), \u0111\u1ed9 ch\u00ednh x\u00e1c \u00b10.01 mm, m\u00f4-men xo\u1eafn 0.1\u221210 kgf\u22c5cm. T\u00edch h\u1ee3p kh\u00ed n\u00e9n, PLC, Vision t\u00f9y ch\u1ecdn\" \/>\n<meta name=\"robots\" content=\"index, follow, max-snippet:-1, max-image-preview:large, max-video-preview:-1\" \/>\n<link rel=\"canonical\" href=\"https:\/\/swoer.vn\/en\/manufacturer\/may-tu-dong-siet-vit-da-truc-chinh-xac\/\" \/>\n<meta property=\"og:locale\" content=\"en_US\" \/>\n<meta property=\"og:type\" content=\"article\" \/>\n<meta property=\"og:title\" content=\"M\u00e1y t\u1ef1 \u0111\u1ed9ng si\u1ebft v\u00edt \u0111a tr\u1ee5c ch\u00ednh x\u00e1c - Nh\u00e0 s\u1ea3n xu\u1ea5t m\u00e1y c\u1ea5p li\u1ec7u c\u00f4ng nghi\u1ec7p\" \/>\n<meta property=\"og:description\" content=\"M\u00e1y si\u1ebft v\u00edt Servo t\u1ef1 \u0111\u1ed9ng \u0111a tr\u1ee5c (X,Y,Z,R), \u0111\u1ed9 ch\u00ednh x\u00e1c \u00b10.01 mm, m\u00f4-men xo\u1eafn 0.1\u221210 kgf\u22c5cm. T\u00edch h\u1ee3p kh\u00ed n\u00e9n, PLC, Vision t\u00f9y ch\u1ecdn\" \/>\n<meta property=\"og:url\" content=\"https:\/\/swoer.vn\/en\/manufacturer\/may-tu-dong-siet-vit-da-truc-chinh-xac\/\" \/>\n<meta property=\"og:site_name\" content=\"Nh\u00e0 s\u1ea3n xu\u1ea5t m\u00e1y c\u1ea5p li\u1ec7u c\u00f4ng nghi\u1ec7p\" \/>\n<meta property=\"og:image\" content=\"https:\/\/swoer.vn\/wp-content\/uploads\/2025\/10\/PRECISION-MULTI-AXIS-AUTOMATIC-SCREW-FASTENING-MACHINE.png\" \/>\n\t<meta property=\"og:image:width\" content=\"800\" \/>\n\t<meta property=\"og:image:height\" content=\"800\" \/>\n\t<meta property=\"og:image:type\" content=\"image\/png\" \/>\n<meta name=\"twitter:card\" content=\"summary_large_image\" \/>\n<meta name=\"twitter:label1\" content=\"Est. reading time\" \/>\n\t<meta name=\"twitter:data1\" content=\"4 minutes\" \/>\n<script type=\"application\/ld+json\" class=\"yoast-schema-graph\">{\"@context\":\"https:\/\/schema.org\",\"@graph\":[{\"@type\":\"WebPage\",\"@id\":\"https:\/\/swoer.vn\/manufacturer\/may-tu-dong-siet-vit-da-truc-chinh-xac\/\",\"url\":\"https:\/\/swoer.vn\/manufacturer\/may-tu-dong-siet-vit-da-truc-chinh-xac\/\",\"name\":\"M\u00e1y t\u1ef1 \u0111\u1ed9ng si\u1ebft v\u00edt \u0111a tr\u1ee5c ch\u00ednh x\u00e1c - Nh\u00e0 s\u1ea3n xu\u1ea5t m\u00e1y c\u1ea5p li\u1ec7u c\u00f4ng nghi\u1ec7p\",\"isPartOf\":{\"@id\":\"https:\/\/swoer.vn\/#website\"},\"primaryImageOfPage\":{\"@id\":\"https:\/\/swoer.vn\/manufacturer\/may-tu-dong-siet-vit-da-truc-chinh-xac\/#primaryimage\"},\"image\":{\"@id\":\"https:\/\/swoer.vn\/manufacturer\/may-tu-dong-siet-vit-da-truc-chinh-xac\/#primaryimage\"},\"thumbnailUrl\":\"https:\/\/swoer.vn\/wp-content\/uploads\/2025\/10\/PRECISION-MULTI-AXIS-AUTOMATIC-SCREW-FASTENING-MACHINE.png\",\"datePublished\":\"2025-10-14T08:40:11+00:00\",\"description\":\"M\u00e1y si\u1ebft v\u00edt Servo t\u1ef1 \u0111\u1ed9ng \u0111a tr\u1ee5c (X,Y,Z,R), \u0111\u1ed9 ch\u00ednh x\u00e1c \u00b10.01 mm, m\u00f4-men xo\u1eafn 0.1\u221210 kgf\u22c5cm. T\u00edch h\u1ee3p kh\u00ed n\u00e9n, PLC, Vision t\u00f9y ch\u1ecdn\",\"breadcrumb\":{\"@id\":\"https:\/\/swoer.vn\/manufacturer\/may-tu-dong-siet-vit-da-truc-chinh-xac\/#breadcrumb\"},\"inLanguage\":\"en-US\",\"potentialAction\":[{\"@type\":\"ReadAction\",\"target\":[\"https:\/\/swoer.vn\/manufacturer\/may-tu-dong-siet-vit-da-truc-chinh-xac\/\"]}]},{\"@type\":\"ImageObject\",\"inLanguage\":\"en-US\",\"@id\":\"https:\/\/swoer.vn\/manufacturer\/may-tu-dong-siet-vit-da-truc-chinh-xac\/#primaryimage\",\"url\":\"https:\/\/swoer.vn\/wp-content\/uploads\/2025\/10\/PRECISION-MULTI-AXIS-AUTOMATIC-SCREW-FASTENING-MACHINE.png\",\"contentUrl\":\"https:\/\/swoer.vn\/wp-content\/uploads\/2025\/10\/PRECISION-MULTI-AXIS-AUTOMATIC-SCREW-FASTENING-MACHINE.png\",\"width\":800,\"height\":800,\"caption\":\"PRECISION MULTI-AXIS AUTOMATIC SCREW FASTENING MACHINE\"},{\"@type\":\"BreadcrumbList\",\"@id\":\"https:\/\/swoer.vn\/manufacturer\/may-tu-dong-siet-vit-da-truc-chinh-xac\/#breadcrumb\",\"itemListElement\":[{\"@type\":\"ListItem\",\"position\":1,\"name\":\"Home\",\"item\":\"https:\/\/swoer.vn\/\"},{\"@type\":\"ListItem\",\"position\":2,\"name\":\"S\u1ea3n ph\u1ea9m\",\"item\":\"https:\/\/swoer.vn\/shop\/\"},{\"@type\":\"ListItem\",\"position\":3,\"name\":\"M\u00e1y t\u1ef1 \u0111\u1ed9ng si\u1ebft v\u00edt \u0111a tr\u1ee5c ch\u00ednh x\u00e1c\"}]},{\"@type\":\"WebSite\",\"@id\":\"https:\/\/swoer.vn\/#website\",\"url\":\"https:\/\/swoer.vn\/\",\"name\":\"Nh\u00e0 s\u1ea3n xu\u1ea5t m\u00e1y c\u1ea5p li\u1ec7u c\u00f4ng nghi\u1ec7p\",\"description\":\"Nh\u00e0 cung c\u1ea5p robot, m\u00e1y c\u1ea5p li\u1ec7u linh ho\u1ea1t, m\u00e1y c\u1ea5p li\u1ec7u ly t\u00e2m, m\u00e1y c\u1ea5p li\u1ec7u rung t\u1ef1 \u0111\u1ed9ng\",\"potentialAction\":[{\"@type\":\"SearchAction\",\"target\":{\"@type\":\"EntryPoint\",\"urlTemplate\":\"https:\/\/swoer.vn\/?s={search_term_string}\"},\"query-input\":{\"@type\":\"PropertyValueSpecification\",\"valueRequired\":true,\"valueName\":\"search_term_string\"}}],\"inLanguage\":\"en-US\"}]}<\/script>\n<!-- \/ Yoast SEO plugin. -->","yoast_head_json":{"title":"M\u00e1y t\u1ef1 \u0111\u1ed9ng si\u1ebft v\u00edt \u0111a tr\u1ee5c ch\u00ednh x\u00e1c - Nh\u00e0 s\u1ea3n xu\u1ea5t m\u00e1y c\u1ea5p li\u1ec7u c\u00f4ng nghi\u1ec7p","description":"M\u00e1y si\u1ebft v\u00edt Servo t\u1ef1 \u0111\u1ed9ng \u0111a tr\u1ee5c (X,Y,Z,R), \u0111\u1ed9 ch\u00ednh x\u00e1c \u00b10.01 mm, m\u00f4-men xo\u1eafn 0.1\u221210 kgf\u22c5cm. T\u00edch h\u1ee3p kh\u00ed n\u00e9n, PLC, Vision t\u00f9y ch\u1ecdn","robots":{"index":"index","follow":"follow","max-snippet":"max-snippet:-1","max-image-preview":"max-image-preview:large","max-video-preview":"max-video-preview:-1"},"canonical":"https:\/\/swoer.vn\/en\/manufacturer\/may-tu-dong-siet-vit-da-truc-chinh-xac\/","og_locale":"en_US","og_type":"article","og_title":"M\u00e1y t\u1ef1 \u0111\u1ed9ng si\u1ebft v\u00edt \u0111a tr\u1ee5c ch\u00ednh x\u00e1c - Nh\u00e0 s\u1ea3n xu\u1ea5t m\u00e1y c\u1ea5p li\u1ec7u c\u00f4ng nghi\u1ec7p","og_description":"M\u00e1y si\u1ebft v\u00edt Servo t\u1ef1 \u0111\u1ed9ng \u0111a tr\u1ee5c (X,Y,Z,R), \u0111\u1ed9 ch\u00ednh x\u00e1c \u00b10.01 mm, m\u00f4-men xo\u1eafn 0.1\u221210 kgf\u22c5cm. T\u00edch h\u1ee3p kh\u00ed n\u00e9n, PLC, Vision t\u00f9y ch\u1ecdn","og_url":"https:\/\/swoer.vn\/en\/manufacturer\/may-tu-dong-siet-vit-da-truc-chinh-xac\/","og_site_name":"Nh\u00e0 s\u1ea3n xu\u1ea5t m\u00e1y c\u1ea5p li\u1ec7u c\u00f4ng nghi\u1ec7p","og_image":[{"width":800,"height":800,"url":"https:\/\/swoer.vn\/wp-content\/uploads\/2025\/10\/PRECISION-MULTI-AXIS-AUTOMATIC-SCREW-FASTENING-MACHINE.png","type":"image\/png"}],"twitter_card":"summary_large_image","twitter_misc":{"Est. reading time":"4 minutes"},"schema":{"@context":"https:\/\/schema.org","@graph":[{"@type":"WebPage","@id":"https:\/\/swoer.vn\/manufacturer\/may-tu-dong-siet-vit-da-truc-chinh-xac\/","url":"https:\/\/swoer.vn\/manufacturer\/may-tu-dong-siet-vit-da-truc-chinh-xac\/","name":"M\u00e1y t\u1ef1 \u0111\u1ed9ng si\u1ebft v\u00edt \u0111a tr\u1ee5c ch\u00ednh x\u00e1c - Nh\u00e0 s\u1ea3n xu\u1ea5t m\u00e1y c\u1ea5p li\u1ec7u c\u00f4ng nghi\u1ec7p","isPartOf":{"@id":"https:\/\/swoer.vn\/#website"},"primaryImageOfPage":{"@id":"https:\/\/swoer.vn\/manufacturer\/may-tu-dong-siet-vit-da-truc-chinh-xac\/#primaryimage"},"image":{"@id":"https:\/\/swoer.vn\/manufacturer\/may-tu-dong-siet-vit-da-truc-chinh-xac\/#primaryimage"},"thumbnailUrl":"https:\/\/swoer.vn\/wp-content\/uploads\/2025\/10\/PRECISION-MULTI-AXIS-AUTOMATIC-SCREW-FASTENING-MACHINE.png","datePublished":"2025-10-14T08:40:11+00:00","description":"M\u00e1y si\u1ebft v\u00edt Servo t\u1ef1 \u0111\u1ed9ng \u0111a tr\u1ee5c (X,Y,Z,R), \u0111\u1ed9 ch\u00ednh x\u00e1c \u00b10.01 mm, m\u00f4-men xo\u1eafn 0.1\u221210 kgf\u22c5cm. T\u00edch h\u1ee3p kh\u00ed n\u00e9n, PLC, Vision t\u00f9y ch\u1ecdn","breadcrumb":{"@id":"https:\/\/swoer.vn\/manufacturer\/may-tu-dong-siet-vit-da-truc-chinh-xac\/#breadcrumb"},"inLanguage":"en-US","potentialAction":[{"@type":"ReadAction","target":["https:\/\/swoer.vn\/manufacturer\/may-tu-dong-siet-vit-da-truc-chinh-xac\/"]}]},{"@type":"ImageObject","inLanguage":"en-US","@id":"https:\/\/swoer.vn\/manufacturer\/may-tu-dong-siet-vit-da-truc-chinh-xac\/#primaryimage","url":"https:\/\/swoer.vn\/wp-content\/uploads\/2025\/10\/PRECISION-MULTI-AXIS-AUTOMATIC-SCREW-FASTENING-MACHINE.png","contentUrl":"https:\/\/swoer.vn\/wp-content\/uploads\/2025\/10\/PRECISION-MULTI-AXIS-AUTOMATIC-SCREW-FASTENING-MACHINE.png","width":800,"height":800,"caption":"PRECISION MULTI-AXIS AUTOMATIC SCREW FASTENING MACHINE"},{"@type":"BreadcrumbList","@id":"https:\/\/swoer.vn\/manufacturer\/may-tu-dong-siet-vit-da-truc-chinh-xac\/#breadcrumb","itemListElement":[{"@type":"ListItem","position":1,"name":"Home","item":"https:\/\/swoer.vn\/"},{"@type":"ListItem","position":2,"name":"S\u1ea3n ph\u1ea9m","item":"https:\/\/swoer.vn\/shop\/"},{"@type":"ListItem","position":3,"name":"M\u00e1y t\u1ef1 \u0111\u1ed9ng si\u1ebft v\u00edt \u0111a tr\u1ee5c ch\u00ednh x\u00e1c"}]},{"@type":"WebSite","@id":"https:\/\/swoer.vn\/#website","url":"https:\/\/swoer.vn\/","name":"Industrial Feeder Manufacturer","description":"Supplier of robot, flexible feeder, centrifugal feeder, automatic vibrating feeder","potentialAction":[{"@type":"SearchAction","target":{"@type":"EntryPoint","urlTemplate":"https:\/\/swoer.vn\/?s={search_term_string}"},"query-input":{"@type":"PropertyValueSpecification","valueRequired":true,"valueName":"search_term_string"}}],"inLanguage":"en-US"}]}},"_links":{"self":[{"href":"https:\/\/swoer.vn\/en\/wp-json\/wp\/v2\/product\/5267","targetHints":{"allow":["GET"]}}],"collection":[{"href":"https:\/\/swoer.vn\/en\/wp-json\/wp\/v2\/product"}],"about":[{"href":"https:\/\/swoer.vn\/en\/wp-json\/wp\/v2\/types\/product"}],"replies":[{"embeddable":true,"href":"https:\/\/swoer.vn\/en\/wp-json\/wp\/v2\/comments?post=5267"}],"wp:featuredmedia":[{"embeddable":true,"href":"https:\/\/swoer.vn\/en\/wp-json\/wp\/v2\/media\/5268"}],"wp:attachment":[{"href":"https:\/\/swoer.vn\/en\/wp-json\/wp\/v2\/media?parent=5267"}],"wp:term":[{"taxonomy":"product_brand","embeddable":true,"href":"https:\/\/swoer.vn\/en\/wp-json\/wp\/v2\/product_brand?post=5267"},{"taxonomy":"product_cat","embeddable":true,"href":"https:\/\/swoer.vn\/en\/wp-json\/wp\/v2\/product_cat?post=5267"},{"taxonomy":"product_tag","embeddable":true,"href":"https:\/\/swoer.vn\/en\/wp-json\/wp\/v2\/product_tag?post=5267"}],"curies":[{"name":"wp","href":"https:\/\/api.w.org\/{rel}","templated":true}]}}