{"id":5262,"date":"2025-10-14T15:17:03","date_gmt":"2025-10-14T08:17:03","guid":{"rendered":"https:\/\/swoer.vn\/?post_type=product&#038;p=5262"},"modified":"2025-10-14T15:17:03","modified_gmt":"2025-10-14T08:17:03","slug":"may-ep-dinh-tan-truc-kim-loai-tu-dong","status":"publish","type":"product","link":"https:\/\/swoer.vn\/en\/manufacturer\/may-ep-dinh-tan-truc-kim-loai-tu-dong\/","title":{"rendered":"M\u00e1y \u00e9p \u0111inh t\u00e1n\/tr\u1ee5c kim lo\u1ea1i t\u1ef1 \u0111\u1ed9ng"},"content":{"rendered":"<h2><span style=\"font-weight: 400;\">Product specifications:<\/span><\/h2>\n<table>\n<tbody>\n<tr>\n<td><span style=\"font-weight: 400;\">Thu\u1ed9c t\u00ednh quan tr\u1ecdng<\/span><\/td>\n<td><span style=\"font-weight: 400;\">Gi\u00e1 tr\u1ecb<\/span><\/td>\n<\/tr>\n<tr>\n<td><b>Warranty period<\/b><\/td>\n<td><span style=\"font-weight: 400;\">one year<\/span><\/td>\n<\/tr>\n<tr>\n<td><b>Voltage<\/b><\/td>\n<td><span style=\"font-weight: 400;\">220V<\/span><\/td>\n<\/tr>\n<tr>\n<td><b>Capacity<\/b><\/td>\n<td><span style=\"font-weight: 400;\">1 kW<\/span><\/td>\n<\/tr>\n<tr>\n<td><b>\u00c1p su\u1ea5t kh\u00ed n\u00e9n<\/b><\/td>\n<td><span style=\"font-weight: 400;\">0.6 Mpa<\/span><\/td>\n<\/tr>\n<tr>\n<td><b>Function<\/b><\/td>\n<td><span style=\"font-weight: 400;\">Assemble<\/span><\/td>\n<\/tr>\n<tr>\n<td><b>Ki\u1ec3m tra xu\u1ea5t x\u01b0\u1edfng b\u1eb1ng video<\/b><\/td>\n<td><span style=\"font-weight: 400;\">C\u00f3 th\u1ec3 cung c\u1ea5p<\/span><\/td>\n<\/tr>\n<tr>\n<td><b>S\u1ea3n l\u01b0\u1ee3ng<\/b><\/td>\n<td><span style=\"font-weight: 400;\">20\u221240 s\u1ea3n ph\u1ea9m\/ph\u00fat<\/span><\/td>\n<\/tr>\n<tr>\n<td><b>Ch\u1ebf \u0111\u1ed9 v\u1eadn h\u00e0nh<\/b><\/td>\n<td><span style=\"font-weight: 400;\">M\u00e0n h\u00ecnh c\u1ea3m \u1ee9ng<\/span><\/td>\n<\/tr>\n<tr>\n<td><b>Weight<\/b><\/td>\n<td><span style=\"font-weight: 400;\">1500 kg<\/span><\/td>\n<\/tr>\n<tr>\n<td><b>Linh ki\u1ec7n c\u1ed1t l\u00f5i<\/b><\/td>\n<td><span style=\"font-weight: 400;\">\u0110\u1ed9ng c\u01a1, PLC<\/span><\/td>\n<\/tr>\n<tr>\n<td><b>V\u1eadt li\u1ec7u s\u1ea3n ph\u1ea9m<\/b><\/td>\n<td><span style=\"font-weight: 400;\">Stainless steel<\/span><\/td>\n<\/tr>\n<tr>\n<td><b>N\u01a1i s\u1ea3n xu\u1ea5t<\/b><\/td>\n<td><span style=\"font-weight: 400;\">China<\/span><\/td>\n<\/tr>\n<tr>\n<td><b>Trademark<\/b><\/td>\n<td><span style=\"font-weight: 400;\">SWOER<\/span><\/td>\n<\/tr>\n<tr>\n<td><b>V\u1eadt li\u1ec7u \u0111\u00f3ng g\u00f3i<\/b><\/td>\n<td><span style=\"font-weight: 400;\">Th\u00f9ng g\u1ed7<\/span><\/td>\n<\/tr>\n<\/tbody>\n<\/table>\n<p><span style=\"font-weight: 400;\">\u0110\u00e2y l\u00e0 m\u1ed9t thi\u1ebft b\u1ecb chuy\u00ean d\u1ee5ng c\u00f3 m\u1ee9c \u0111\u1ed9 t\u1ef1 \u0111\u1ed9ng h\u00f3a cao. Ch\u1ee9c n\u0103ng c\u1ed1t l\u00f5i c\u1ee7a m\u00e1y l\u00e0 thay th\u1ebf thao t\u00e1c th\u1ee7 c\u00f4ng, th\u1ef1c hi\u1ec7n vi\u1ec7c <\/span><b>\u00e9p \u0111inh t\u00e1n<\/b><span style=\"font-weight: 400;\"> (ho\u1eb7c tr\u1ee5c kim lo\u1ea1i\/tr\u1ee5c nh\u1ef1a) v\u00e0o l\u1ed7 \u0111\u00e3 \u0111\u01b0\u1ee3c chu\u1ea9n b\u1ecb s\u1eb5n tr\u00ean m\u1ed9t t\u1ea5m n\u1ec1n m\u1ed9t c\u00e1ch ch\u00ednh x\u00e1c, hi\u1ec7u qu\u1ea3 v\u00e0 \u0111\u00e1ng tin c\u1eady.<\/span><\/p>\n<h2><span style=\"font-weight: 400;\">C\u00e1c th\u00e0nh ph\u1ea7n c\u1ed1t l\u00f5i<\/span><\/h2>\n<ol>\n<li style=\"font-weight: 400;\" aria-level=\"1\"><b>Khung m\u00e1y v\u00e0 \u0111\u1ebf:<\/b><span style=\"font-weight: 400;\"> \u0110\u01b0\u1ee3c h\u00e0n t\u1eeb th\u00e9p t\u1ea5m v\u00e0 th\u00e9p h\u00ecnh c\u01b0\u1eddng \u0111\u1ed9 cao, \u0111\u1ea3m b\u1ea3o \u0111\u1ed9 c\u1ee9ng v\u1eefng t\u1ed5ng th\u1ec3 v\u00e0 s\u1ef1 \u1ed5n \u0111\u1ecbnh c\u1ee7a thi\u1ebft b\u1ecb, gi\u1ea3m thi\u1ec3u rung \u0111\u1ed9ng.<\/span><\/li>\n<li style=\"font-weight: 400;\" aria-level=\"1\"><b>Control system:<\/b>\n<ul>\n<li style=\"font-weight: 400;\" aria-level=\"2\"><b>C\u1ed1t l\u00f5i:<\/b><span style=\"font-weight: 400;\"> PLC, ch\u1ecbu tr\u00e1ch nhi\u1ec7m \u0111i\u1ec1u khi\u1ec3n logic to\u00e0n b\u1ed9 quy tr\u00ecnh.<\/span><\/li>\n<li style=\"font-weight: 400;\" aria-level=\"2\"><b>Giao di\u1ec7n Ng\u01b0\u1eddi-M\u00e1y:<\/b><span style=\"font-weight: 400;\"> HMI, d\u00f9ng \u0111\u1ec3 c\u00e0i \u0111\u1eb7t th\u00f4ng s\u1ed1, gi\u00e1m s\u00e1t tr\u1ea1ng th\u00e1i, th\u1ed1ng k\u00ea s\u1ea3n l\u01b0\u1ee3ng v\u00e0 c\u1ea3nh b\u00e1o l\u1ed7i.<\/span><\/li>\n<\/ul>\n<\/li>\n<li style=\"font-weight: 400;\" aria-level=\"1\"><b>H\u1ec7 th\u1ed1ng ch\u1ea5p h\u00e0nh:<\/b>\n<ul>\n<li style=\"font-weight: 400;\" aria-level=\"2\"><b>Module chuy\u1ec3n \u0111\u1ed9ng \u0111a tr\u1ee5c:<\/b><span style=\"font-weight: 400;\"> Th\u01b0\u1eddng s\u1eed d\u1ee5ng c\u00e1c module vitme ch\u00ednh x\u00e1c ho\u1eb7c module \u0111ai, d\u1eabn \u0111\u1ed9ng \u0111\u1ea7u t\u00e1n \u0111inh\/\u00e9p th\u1ef1c hi\u1ec7n chuy\u1ec3n \u0111\u1ed9ng ba tr\u1ee5c XYZ.<\/span><\/li>\n<li style=\"font-weight: 400;\" aria-level=\"2\"><b>B\u1ed9 ph\u1eadn th\u1ee7y l\u1ef1c t\u00e1n \u0111inh\/\u00e9p:<\/b><span style=\"font-weight: 400;\"> Xi lanh kh\u00ed n\u00e9n-th\u1ee7y l\u1ef1c ho\u1eb7c xi lanh \u0111i\u1ec7n Servo, cung c\u1ea5p l\u1ef1c \u00e9p \u1ed5n \u0111\u1ecbnh v\u00e0 c\u00f3 th\u1ec3 \u0111i\u1ec1u ch\u1ec9nh.<\/span><\/li>\n<li style=\"font-weight: 400;\" aria-level=\"2\"><b>H\u1ec7 th\u1ed1ng kh\u00ed n\u00e9n:<\/b><span style=\"font-weight: 400;\"> Bao g\u1ed3m xi lanh kh\u00ed, van \u0111i\u1ec7n t\u1eeb, v.v., \u0111\u01b0\u1ee3c s\u1eed d\u1ee5ng cho c\u00e1c thao t\u00e1c nh\u01b0 k\u1eb9p jig, c\u1ea5p li\u1ec7u.<\/span><\/li>\n<\/ul>\n<\/li>\n<li style=\"font-weight: 400;\" aria-level=\"1\"><b>H\u1ec7 th\u1ed1ng c\u1ea5p li\u1ec7u:<\/b>\n<ul>\n<li style=\"font-weight: 400;\" aria-level=\"2\"><b>C\u1ea5p tr\u1ee5c:<\/b><span style=\"font-weight: 400;\"> M\u00e2m rung, khoang ch\u1ee9a li\u1ec7u, m\u00e1ng rung th\u1eb3ng.<\/span><\/li>\n<li style=\"font-weight: 400;\" aria-level=\"2\"><b>\u0110\u1ecbnh v\u1ecb t\u1ea5m n\u1ec1n:<\/b><span style=\"font-weight: 400;\"> Jig ch\u00ednh x\u00e1c, ch\u1ed1t \u0111\u1ecbnh v\u1ecb.<\/span><\/li>\n<\/ul>\n<\/li>\n<li style=\"font-weight: 400;\" aria-level=\"1\"><b>H\u1ec7 th\u1ed1ng c\u1ea3m bi\u1ebfn v\u00e0 ki\u1ec3m tra:<\/b>\n<ul>\n<li style=\"font-weight: 400;\" aria-level=\"2\"><b>Sensor:<\/b><span style=\"font-weight: 400;\"> C\u1ea3m bi\u1ebfn s\u1ee3i quang, c\u00f4ng t\u1eafc ti\u1ec7m c\u1eadn, d\u00f9ng \u0111\u1ec3 ki\u1ec3m tra s\u1ef1 hi\u1ec7n di\u1ec7n v\u00e0 v\u1ecb tr\u00ed v\u1eadt li\u1ec7u.<\/span><\/li>\n<li style=\"font-weight: 400;\" aria-level=\"2\"><b>C\u1ea3m bi\u1ebfn \u00e1p l\u1ef1c:<\/b><span style=\"font-weight: 400;\"> Gi\u00e1m s\u00e1t l\u1ef1c \u00e9p \u0111inh t\u00e1n theo th\u1eddi gian th\u1ef1c.<\/span><\/li>\n<li style=\"font-weight: 400;\" aria-level=\"2\"><b>C\u1ea3m bi\u1ebfn d\u1ecbch chuy\u1ec3n:<\/b><span style=\"font-weight: 400;\"> \u0110o \u0111\u1ed9 s\u00e2u \u00e9p.<\/span><\/li>\n<\/ul>\n<\/li>\n<\/ol>","protected":false},"excerpt":{"rendered":"<p><span style=\"font-weight: 400;\">M\u00e1y \u00e9p \u0111inh t\u00e1n\/tr\u1ee5c kim lo\u1ea1i SWOER l\u00e0 thi\u1ebft b\u1ecb t\u1ef1 \u0111\u1ed9ng h\u00f3a chuy\u00ean d\u1ee5ng, thay th\u1ebf th\u1ee7 c\u00f4ng trong vi\u1ec7c \u00e9p tr\u1ee5c kim lo\u1ea1i\/nh\u1ef1a v\u00e0o t\u1ea5m n\u1ec1n v\u1edbi \u0111\u1ed9 ch\u00ednh x\u00e1c v\u00e0 hi\u1ec7u su\u1ea5t cao. Qu\u00e1 tr\u00ecnh t\u1ef1 \u0111\u1ed9ng t\u1eeb c\u1ea5p li\u1ec7u, \u0111\u1ecbnh v\u1ecb \u0111\u1ebfn \u00e9p, \u0111\u1ea1t s\u1ea3n l\u01b0\u1ee3ng 20\u221240 s\u1ea3n ph\u1ea9m\/ph\u00fat. M\u00e1y s\u1eed d\u1ee5ng PLC v\u00e0 HMI \u0111\u1ec3 ki\u1ec3m so\u00e1t logic, t\u00edch h\u1ee3p xi lanh Servo\/kh\u00ed-th\u1ee7y l\u1ef1c cho l\u1ef1c \u00e9p \u1ed5n \u0111\u1ecbnh. C\u1ea5u t\u1ea1o t\u1eeb th\u00e9p kh\u00f4ng g\u1ec9, m\u00e1y \u0111\u1ea3m b\u1ea3o t\u00ednh \u1ed5n \u0111\u1ecbnh v\u00e0 l\u00e0 gi\u1ea3i ph\u00e1p l\u1eafp r\u00e1p l\u00fd t\u01b0\u1edfng cho c\u00e1c chi ti\u1ebft c\u1ea7n \u0111\u1ed9 ch\u00ednh x\u00e1c cao.<\/span><\/p>","protected":false},"featured_media":5263,"comment_status":"open","ping_status":"closed","template":"","meta":[],"product_brand":[],"product_cat":[142,76],"product_tag":[209,210,140],"class_list":{"0":"post-5262","1":"product","2":"type-product","3":"status-publish","4":"has-post-thumbnail","6":"product_cat-may-lap-rap-tu-dong","7":"product_cat-san-pham-moi","8":"product_tag-may-ep-dinh-tan","9":"product_tag-may-ep-tu-dong","10":"product_tag-may-lap-rap-tu-dong","12":"first","13":"instock","14":"shipping-taxable","15":"product-type-simple"},"yoast_head":"<!-- This site is optimized with the Yoast SEO plugin v26.0 - https:\/\/yoast.com\/wordpress\/plugins\/seo\/ -->\n<title>M\u00e1y \u00e9p \u0111inh t\u00e1n\/tr\u1ee5c kim lo\u1ea1i t\u1ef1 \u0111\u1ed9ng - Nh\u00e0 s\u1ea3n xu\u1ea5t m\u00e1y c\u1ea5p li\u1ec7u c\u00f4ng nghi\u1ec7p<\/title>\n<meta name=\"description\" content=\"M\u00e1y \u00e9p \u0111inh t\u00e1n\/tr\u1ee5c kim lo\u1ea1i SWOER t\u1ef1 \u0111\u1ed9ng ho\u00e0n to\u00e0n, \u0111\u1ed9 ch\u00ednh x\u00e1c cao. S\u1ea3n l\u01b0\u1ee3ng 20-40 s\u1ea3n ph\u1ea9m\/ph\u00fat, d\u00f9ng Servo\/kh\u00ed-th\u1ee7y l\u1ef1c...\" \/>\n<meta name=\"robots\" content=\"index, follow, max-snippet:-1, max-image-preview:large, max-video-preview:-1\" \/>\n<link rel=\"canonical\" href=\"https:\/\/swoer.vn\/en\/manufacturer\/may-ep-dinh-tan-truc-kim-loai-tu-dong\/\" \/>\n<meta property=\"og:locale\" content=\"en_US\" \/>\n<meta property=\"og:type\" content=\"article\" \/>\n<meta property=\"og:title\" content=\"M\u00e1y \u00e9p \u0111inh t\u00e1n\/tr\u1ee5c kim lo\u1ea1i t\u1ef1 \u0111\u1ed9ng - Nh\u00e0 s\u1ea3n xu\u1ea5t m\u00e1y c\u1ea5p li\u1ec7u c\u00f4ng nghi\u1ec7p\" \/>\n<meta property=\"og:description\" content=\"M\u00e1y \u00e9p \u0111inh t\u00e1n\/tr\u1ee5c kim lo\u1ea1i SWOER t\u1ef1 \u0111\u1ed9ng ho\u00e0n to\u00e0n, \u0111\u1ed9 ch\u00ednh x\u00e1c cao. S\u1ea3n l\u01b0\u1ee3ng 20-40 s\u1ea3n ph\u1ea9m\/ph\u00fat, d\u00f9ng Servo\/kh\u00ed-th\u1ee7y l\u1ef1c...\" \/>\n<meta property=\"og:url\" content=\"https:\/\/swoer.vn\/en\/manufacturer\/may-ep-dinh-tan-truc-kim-loai-tu-dong\/\" \/>\n<meta property=\"og:site_name\" content=\"Nh\u00e0 s\u1ea3n xu\u1ea5t m\u00e1y c\u1ea5p li\u1ec7u c\u00f4ng nghi\u1ec7p\" \/>\n<meta property=\"og:image\" content=\"https:\/\/swoer.vn\/wp-content\/uploads\/2025\/10\/AUTOMATIC-RIVETINGPRESSING-MACHINE-FOR-METAL-BUSHING.png\" \/>\n\t<meta property=\"og:image:width\" content=\"800\" \/>\n\t<meta property=\"og:image:height\" content=\"800\" \/>\n\t<meta property=\"og:image:type\" content=\"image\/png\" \/>\n<meta name=\"twitter:card\" content=\"summary_large_image\" \/>\n<meta name=\"twitter:label1\" content=\"Est. reading time\" \/>\n\t<meta name=\"twitter:data1\" content=\"3 minutes\" \/>\n<script type=\"application\/ld+json\" class=\"yoast-schema-graph\">{\"@context\":\"https:\/\/schema.org\",\"@graph\":[{\"@type\":\"WebPage\",\"@id\":\"https:\/\/swoer.vn\/manufacturer\/may-ep-dinh-tan-truc-kim-loai-tu-dong\/\",\"url\":\"https:\/\/swoer.vn\/manufacturer\/may-ep-dinh-tan-truc-kim-loai-tu-dong\/\",\"name\":\"M\u00e1y \u00e9p \u0111inh t\u00e1n\/tr\u1ee5c kim lo\u1ea1i t\u1ef1 \u0111\u1ed9ng - Nh\u00e0 s\u1ea3n xu\u1ea5t m\u00e1y c\u1ea5p li\u1ec7u c\u00f4ng nghi\u1ec7p\",\"isPartOf\":{\"@id\":\"https:\/\/swoer.vn\/#website\"},\"primaryImageOfPage\":{\"@id\":\"https:\/\/swoer.vn\/manufacturer\/may-ep-dinh-tan-truc-kim-loai-tu-dong\/#primaryimage\"},\"image\":{\"@id\":\"https:\/\/swoer.vn\/manufacturer\/may-ep-dinh-tan-truc-kim-loai-tu-dong\/#primaryimage\"},\"thumbnailUrl\":\"https:\/\/swoer.vn\/wp-content\/uploads\/2025\/10\/AUTOMATIC-RIVETINGPRESSING-MACHINE-FOR-METAL-BUSHING.png\",\"datePublished\":\"2025-10-14T08:17:03+00:00\",\"description\":\"M\u00e1y \u00e9p \u0111inh t\u00e1n\/tr\u1ee5c kim lo\u1ea1i SWOER t\u1ef1 \u0111\u1ed9ng ho\u00e0n to\u00e0n, \u0111\u1ed9 ch\u00ednh x\u00e1c cao. S\u1ea3n l\u01b0\u1ee3ng 20-40 s\u1ea3n ph\u1ea9m\/ph\u00fat, d\u00f9ng Servo\/kh\u00ed-th\u1ee7y l\u1ef1c...\",\"breadcrumb\":{\"@id\":\"https:\/\/swoer.vn\/manufacturer\/may-ep-dinh-tan-truc-kim-loai-tu-dong\/#breadcrumb\"},\"inLanguage\":\"en-US\",\"potentialAction\":[{\"@type\":\"ReadAction\",\"target\":[\"https:\/\/swoer.vn\/manufacturer\/may-ep-dinh-tan-truc-kim-loai-tu-dong\/\"]}]},{\"@type\":\"ImageObject\",\"inLanguage\":\"en-US\",\"@id\":\"https:\/\/swoer.vn\/manufacturer\/may-ep-dinh-tan-truc-kim-loai-tu-dong\/#primaryimage\",\"url\":\"https:\/\/swoer.vn\/wp-content\/uploads\/2025\/10\/AUTOMATIC-RIVETINGPRESSING-MACHINE-FOR-METAL-BUSHING.png\",\"contentUrl\":\"https:\/\/swoer.vn\/wp-content\/uploads\/2025\/10\/AUTOMATIC-RIVETINGPRESSING-MACHINE-FOR-METAL-BUSHING.png\",\"width\":800,\"height\":800,\"caption\":\"AUTOMATIC RIVETINGPRESSING MACHINE FOR METAL BUSHING\"},{\"@type\":\"BreadcrumbList\",\"@id\":\"https:\/\/swoer.vn\/manufacturer\/may-ep-dinh-tan-truc-kim-loai-tu-dong\/#breadcrumb\",\"itemListElement\":[{\"@type\":\"ListItem\",\"position\":1,\"name\":\"Home\",\"item\":\"https:\/\/swoer.vn\/\"},{\"@type\":\"ListItem\",\"position\":2,\"name\":\"S\u1ea3n ph\u1ea9m\",\"item\":\"https:\/\/swoer.vn\/shop\/\"},{\"@type\":\"ListItem\",\"position\":3,\"name\":\"M\u00e1y \u00e9p \u0111inh t\u00e1n\/tr\u1ee5c kim lo\u1ea1i t\u1ef1 \u0111\u1ed9ng\"}]},{\"@type\":\"WebSite\",\"@id\":\"https:\/\/swoer.vn\/#website\",\"url\":\"https:\/\/swoer.vn\/\",\"name\":\"Nh\u00e0 s\u1ea3n xu\u1ea5t m\u00e1y c\u1ea5p li\u1ec7u c\u00f4ng nghi\u1ec7p\",\"description\":\"Nh\u00e0 cung c\u1ea5p robot, m\u00e1y c\u1ea5p li\u1ec7u linh ho\u1ea1t, m\u00e1y c\u1ea5p li\u1ec7u ly t\u00e2m, m\u00e1y c\u1ea5p li\u1ec7u rung t\u1ef1 \u0111\u1ed9ng\",\"potentialAction\":[{\"@type\":\"SearchAction\",\"target\":{\"@type\":\"EntryPoint\",\"urlTemplate\":\"https:\/\/swoer.vn\/?s={search_term_string}\"},\"query-input\":{\"@type\":\"PropertyValueSpecification\",\"valueRequired\":true,\"valueName\":\"search_term_string\"}}],\"inLanguage\":\"en-US\"}]}<\/script>\n<!-- \/ Yoast SEO plugin. -->","yoast_head_json":{"title":"M\u00e1y \u00e9p \u0111inh t\u00e1n\/tr\u1ee5c kim lo\u1ea1i t\u1ef1 \u0111\u1ed9ng - Nh\u00e0 s\u1ea3n xu\u1ea5t m\u00e1y c\u1ea5p li\u1ec7u c\u00f4ng nghi\u1ec7p","description":"M\u00e1y \u00e9p \u0111inh t\u00e1n\/tr\u1ee5c kim lo\u1ea1i SWOER t\u1ef1 \u0111\u1ed9ng ho\u00e0n to\u00e0n, \u0111\u1ed9 ch\u00ednh x\u00e1c cao. S\u1ea3n l\u01b0\u1ee3ng 20-40 s\u1ea3n ph\u1ea9m\/ph\u00fat, d\u00f9ng Servo\/kh\u00ed-th\u1ee7y l\u1ef1c...","robots":{"index":"index","follow":"follow","max-snippet":"max-snippet:-1","max-image-preview":"max-image-preview:large","max-video-preview":"max-video-preview:-1"},"canonical":"https:\/\/swoer.vn\/en\/manufacturer\/may-ep-dinh-tan-truc-kim-loai-tu-dong\/","og_locale":"en_US","og_type":"article","og_title":"M\u00e1y \u00e9p \u0111inh t\u00e1n\/tr\u1ee5c kim lo\u1ea1i t\u1ef1 \u0111\u1ed9ng - Nh\u00e0 s\u1ea3n xu\u1ea5t m\u00e1y c\u1ea5p li\u1ec7u c\u00f4ng nghi\u1ec7p","og_description":"M\u00e1y \u00e9p \u0111inh t\u00e1n\/tr\u1ee5c kim lo\u1ea1i SWOER t\u1ef1 \u0111\u1ed9ng ho\u00e0n to\u00e0n, \u0111\u1ed9 ch\u00ednh x\u00e1c cao. S\u1ea3n l\u01b0\u1ee3ng 20-40 s\u1ea3n ph\u1ea9m\/ph\u00fat, d\u00f9ng Servo\/kh\u00ed-th\u1ee7y l\u1ef1c...","og_url":"https:\/\/swoer.vn\/en\/manufacturer\/may-ep-dinh-tan-truc-kim-loai-tu-dong\/","og_site_name":"Nh\u00e0 s\u1ea3n xu\u1ea5t m\u00e1y c\u1ea5p li\u1ec7u c\u00f4ng nghi\u1ec7p","og_image":[{"width":800,"height":800,"url":"https:\/\/swoer.vn\/wp-content\/uploads\/2025\/10\/AUTOMATIC-RIVETINGPRESSING-MACHINE-FOR-METAL-BUSHING.png","type":"image\/png"}],"twitter_card":"summary_large_image","twitter_misc":{"Est. reading time":"3 minutes"},"schema":{"@context":"https:\/\/schema.org","@graph":[{"@type":"WebPage","@id":"https:\/\/swoer.vn\/manufacturer\/may-ep-dinh-tan-truc-kim-loai-tu-dong\/","url":"https:\/\/swoer.vn\/manufacturer\/may-ep-dinh-tan-truc-kim-loai-tu-dong\/","name":"M\u00e1y \u00e9p \u0111inh t\u00e1n\/tr\u1ee5c kim lo\u1ea1i t\u1ef1 \u0111\u1ed9ng - Nh\u00e0 s\u1ea3n xu\u1ea5t m\u00e1y c\u1ea5p li\u1ec7u c\u00f4ng nghi\u1ec7p","isPartOf":{"@id":"https:\/\/swoer.vn\/#website"},"primaryImageOfPage":{"@id":"https:\/\/swoer.vn\/manufacturer\/may-ep-dinh-tan-truc-kim-loai-tu-dong\/#primaryimage"},"image":{"@id":"https:\/\/swoer.vn\/manufacturer\/may-ep-dinh-tan-truc-kim-loai-tu-dong\/#primaryimage"},"thumbnailUrl":"https:\/\/swoer.vn\/wp-content\/uploads\/2025\/10\/AUTOMATIC-RIVETINGPRESSING-MACHINE-FOR-METAL-BUSHING.png","datePublished":"2025-10-14T08:17:03+00:00","description":"M\u00e1y \u00e9p \u0111inh t\u00e1n\/tr\u1ee5c kim lo\u1ea1i SWOER t\u1ef1 \u0111\u1ed9ng ho\u00e0n to\u00e0n, \u0111\u1ed9 ch\u00ednh x\u00e1c cao. S\u1ea3n l\u01b0\u1ee3ng 20-40 s\u1ea3n ph\u1ea9m\/ph\u00fat, d\u00f9ng Servo\/kh\u00ed-th\u1ee7y l\u1ef1c...","breadcrumb":{"@id":"https:\/\/swoer.vn\/manufacturer\/may-ep-dinh-tan-truc-kim-loai-tu-dong\/#breadcrumb"},"inLanguage":"en-US","potentialAction":[{"@type":"ReadAction","target":["https:\/\/swoer.vn\/manufacturer\/may-ep-dinh-tan-truc-kim-loai-tu-dong\/"]}]},{"@type":"ImageObject","inLanguage":"en-US","@id":"https:\/\/swoer.vn\/manufacturer\/may-ep-dinh-tan-truc-kim-loai-tu-dong\/#primaryimage","url":"https:\/\/swoer.vn\/wp-content\/uploads\/2025\/10\/AUTOMATIC-RIVETINGPRESSING-MACHINE-FOR-METAL-BUSHING.png","contentUrl":"https:\/\/swoer.vn\/wp-content\/uploads\/2025\/10\/AUTOMATIC-RIVETINGPRESSING-MACHINE-FOR-METAL-BUSHING.png","width":800,"height":800,"caption":"AUTOMATIC RIVETINGPRESSING MACHINE FOR METAL BUSHING"},{"@type":"BreadcrumbList","@id":"https:\/\/swoer.vn\/manufacturer\/may-ep-dinh-tan-truc-kim-loai-tu-dong\/#breadcrumb","itemListElement":[{"@type":"ListItem","position":1,"name":"Home","item":"https:\/\/swoer.vn\/"},{"@type":"ListItem","position":2,"name":"S\u1ea3n ph\u1ea9m","item":"https:\/\/swoer.vn\/shop\/"},{"@type":"ListItem","position":3,"name":"M\u00e1y \u00e9p \u0111inh t\u00e1n\/tr\u1ee5c kim lo\u1ea1i t\u1ef1 \u0111\u1ed9ng"}]},{"@type":"WebSite","@id":"https:\/\/swoer.vn\/#website","url":"https:\/\/swoer.vn\/","name":"Industrial Feeder Manufacturer","description":"Supplier of robot, flexible feeder, centrifugal feeder, automatic vibrating feeder","potentialAction":[{"@type":"SearchAction","target":{"@type":"EntryPoint","urlTemplate":"https:\/\/swoer.vn\/?s={search_term_string}"},"query-input":{"@type":"PropertyValueSpecification","valueRequired":true,"valueName":"search_term_string"}}],"inLanguage":"en-US"}]}},"_links":{"self":[{"href":"https:\/\/swoer.vn\/en\/wp-json\/wp\/v2\/product\/5262","targetHints":{"allow":["GET"]}}],"collection":[{"href":"https:\/\/swoer.vn\/en\/wp-json\/wp\/v2\/product"}],"about":[{"href":"https:\/\/swoer.vn\/en\/wp-json\/wp\/v2\/types\/product"}],"replies":[{"embeddable":true,"href":"https:\/\/swoer.vn\/en\/wp-json\/wp\/v2\/comments?post=5262"}],"wp:featuredmedia":[{"embeddable":true,"href":"https:\/\/swoer.vn\/en\/wp-json\/wp\/v2\/media\/5263"}],"wp:attachment":[{"href":"https:\/\/swoer.vn\/en\/wp-json\/wp\/v2\/media?parent=5262"}],"wp:term":[{"taxonomy":"product_brand","embeddable":true,"href":"https:\/\/swoer.vn\/en\/wp-json\/wp\/v2\/product_brand?post=5262"},{"taxonomy":"product_cat","embeddable":true,"href":"https:\/\/swoer.vn\/en\/wp-json\/wp\/v2\/product_cat?post=5262"},{"taxonomy":"product_tag","embeddable":true,"href":"https:\/\/swoer.vn\/en\/wp-json\/wp\/v2\/product_tag?post=5262"}],"curies":[{"name":"wp","href":"https:\/\/api.w.org\/{rel}","templated":true}]}}