{"id":4926,"date":"2025-10-01T10:48:43","date_gmt":"2025-10-01T03:48:43","guid":{"rendered":"https:\/\/swoer.vn\/?post_type=product&#038;p=4926"},"modified":"2025-10-01T10:49:12","modified_gmt":"2025-10-01T03:49:12","slug":"may-dan-nhan-co-nho","status":"publish","type":"product","link":"https:\/\/swoer.vn\/en\/manufacturer\/may-dan-nhan-co-nho\/","title":{"rendered":"M\u00e1y d\u00e1n nh\u00e3n c\u1ee1 nh\u1ecf"},"content":{"rendered":"<p><b>M\u00e1y D\u00e1n Nh\u00e3n C\u1ee1 Nh\u1ecf<\/b><span style=\"font-weight: 400;\"> th\u01b0\u1eddng \u0111\u01b0\u1ee3c hi\u1ec3u theo hai ngh\u0129a: m\u1ed9t l\u00e0 k\u00edch th\u01b0\u1edbc v\u1eadt l\u00fd c\u1ee7a thi\u1ebft b\u1ecb <\/span><b>compact<\/b><span style=\"font-weight: 400;\">; hai l\u00e0 \u0111\u1ed1i t\u01b0\u1ee3ng s\u1ea3n ph\u1ea9m m\u00e0 m\u00e1y d\u00e1n nh\u00e3n l\u00e0 <\/span><b>s\u1ea3n ph\u1ea9m c\u1ee1 nh\u1ecf<\/b><span style=\"font-weight: 400;\">.<\/span><\/p>\n<p><span style=\"font-weight: 400;\">Thi\u1ebft b\u1ecb n\u00e0y r\u1ea5t ph\u00f9 h\u1ee3p \u0111\u1ec3 s\u1eed d\u1ee5ng trong c\u00e1c ph\u00f2ng th\u00ed nghi\u1ec7m, x\u01b0\u1edfng s\u1ea3n xu\u1ea5t c\u00f3 <\/span><b>kh\u00f4ng gian h\u1ea1n ch\u1ebf<\/b><span style=\"font-weight: 400;\"> ho\u1eb7c c\u00e1c d\u00e2y chuy\u1ec1n s\u1ea3n xu\u1ea5t quy m\u00f4 nh\u1ecf.<\/span><\/p>\n<h2><span style=\"font-weight: 400;\">C\u00e1c lo\u1ea1i m\u00e1y d\u00e1n nh\u00e3n c\u1ee1 nh\u1ecf ch\u00ednh<\/span><\/h2>\n<ol>\n<li style=\"font-weight: 400;\" aria-level=\"1\"><b>M\u00e1y d\u00e1n nh\u00e3n b\u00e1n t\u1ef1 \u0111\u1ed9ng \u0111\u1ec3 b\u00e0n (Desktop Semi-automatic Labeling Machine):<\/b><span style=\"font-weight: 400;\"> Thi\u1ebft b\u1ecb nh\u1ecf g\u1ecdn, c\u1ea7n ng\u01b0\u1eddi v\u1eadn h\u00e0nh \u0111\u1eb7t s\u1ea3n ph\u1ea9m v\u00e0o v\u1ecb tr\u00ed d\u00e1n.<\/span><\/li>\n<li style=\"font-weight: 400;\" aria-level=\"1\"><b>M\u00e1y d\u00e1n nh\u00e3n t\u1ef1 \u0111\u1ed9ng tr\u1ef1c tuy\u1ebfn (Inline Fully-automatic Labeling Machine):<\/b><span style=\"font-weight: 400;\"> K\u00edch th\u01b0\u1edbc v\u1eadt l\u00fd nh\u1ecf, nh\u01b0ng c\u00f3 th\u1ec3 t\u00edch h\u1ee3p v\u00e0o d\u00e2y chuy\u1ec1n s\u1ea3n xu\u1ea5t \u0111\u1ec3 t\u1ef1 \u0111\u1ed9ng d\u00e1n nh\u00e3n.<\/span><\/li>\n<li style=\"font-weight: 400;\" aria-level=\"1\"><b>M\u00e1y d\u00e1n nh\u00e3n c\u1ea7m tay (Handheld Labeling Machine):<\/b><span style=\"font-weight: 400;\"> Thi\u1ebft b\u1ecb r\u1ea5t linh ho\u1ea1t, d\u00f9ng \u0111\u1ec3 d\u00e1n nh\u00e3n c\u00e1c s\u1ea3n ph\u1ea9m kh\u00f4ng th\u1ec3 \u0111\u01b0a l\u00ean d\u00e2y chuy\u1ec1n ho\u1eb7c d\u00e1n \u1edf c\u00e1c v\u1ecb tr\u00ed \u0111\u1eb7c bi\u1ec7t.<\/span><\/li>\n<\/ol>\n<h2><span style=\"font-weight: 400;\">C\u00e1ch l\u1ef1a ch\u1ecdn m\u00e1y d\u00e1n nh\u00e3n c\u1ee1 nh\u1ecf ph\u00f9 h\u1ee3p<\/span><\/h2>\n<p><span style=\"font-weight: 400;\">Vi\u1ec7c l\u1ef1a ch\u1ecdn m\u00e1y d\u00e1n nh\u00e3n ph\u00f9 h\u1ee3p c\u1ea7n tu\u00e2n theo m\u1ed9t quy tr\u00ecnh quy\u1ebft \u0111\u1ecbnh r\u00f5 r\u00e0ng. Tr\u01b0\u1edbc ti\u00ean, b\u1ea1n c\u1ea7n ch\u1ecdn d\u1ef1a tr\u00ean nhu c\u1ea7u s\u1ea3n xu\u1ea5t c\u1ed1t l\u00f5i, v\u00e0 sau \u0111\u00f3 l\u00e0 c\u00e1c b\u01b0\u1edbc ki\u1ec3m ch\u1ee9ng quan tr\u1ecdng:<\/span><\/p>\n<table>\n<tbody>\n<tr>\n<td><span style=\"font-weight: 400;\">B\u01b0\u1edbc 1: Quy\u1ebft \u0111\u1ecbnh Nhu c\u1ea7u<\/span><\/td>\n<td><span style=\"font-weight: 400;\">B\u01b0\u1edbc 2: Ph\u00e2n t\u00edch S\u1ea3n l\u01b0\u1ee3ng<\/span><\/td>\n<td><span style=\"font-weight: 400;\">B\u01b0\u1edbc 3: L\u1ef1a ch\u1ecdn Thi\u1ebft b\u1ecb<\/span><\/td>\n<\/tr>\n<tr>\n<td><b>S\u1ea3n ph\u1ea9m N\u1eb1m c\u1ed1 \u0111\u1ecbnh\/R\u1eddi r\u1ea1c<\/b><\/td>\n<td><b>Th\u1ea5p\/Trung b\u00ecnh<\/b><span style=\"font-weight: 400;\"> (VD: &lt;30 s\u1ea3n ph\u1ea9m\/phu\u02cat)<\/span><\/td>\n<td><b>M\u00e1y B\u00e1n t\u1ef1 \u0111\u1ed9ng \u0111\u1ec3 b\u00e0n<\/b><span style=\"font-weight: 400;\"> (Chi ph\u00ed th\u1ea5p nh\u1ea5t)<\/span><\/td>\n<\/tr>\n<tr>\n<td><b>S\u1ea3n ph\u1ea9m N\u1eb1m tr\u00ean D\u00e2y chuy\u1ec1n<\/b><\/td>\n<td><b>Trung b\u00ecnh\/Cao<\/b><span style=\"font-weight: 400;\"> (VD: &gt;30 s\u1ea3n ph\u1ea9m\/phu\u02cat)<\/span><\/td>\n<td><b>M\u00e1y T\u1ef1 \u0111\u1ed9ng Tr\u1ef1c tuy\u1ebfn<\/b><span style=\"font-weight: 400;\"> (Hi\u1ec7u su\u1ea5t cao)<\/span><\/td>\n<\/tr>\n<tr>\n<td><b>S\u1ea3n ph\u1ea9m C\u1ed3ng k\u1ec1nh\/\u0110a d\u1ea1ng<\/b><\/td>\n<td><b>Short<\/b><\/td>\n<td><b>M\u00e1y C\u1ea7m tay<\/b><span style=\"font-weight: 400;\"> (T\u00ednh linh ho\u1ea1t cao nh\u1ea5t)<\/span><\/td>\n<\/tr>\n<\/tbody>\n<\/table>\n<p><span style=\"font-weight: 400;\">Sau khi \u0111\u01b0a ra l\u1ef1a ch\u1ecdn s\u01a1 b\u1ed9 theo quy tr\u00ecnh tr\u00ean, b\u1ea1n c\u1ea7n xem x\u00e9t c\u00e1c chi ti\u1ebft sau:<\/span><\/p>\n<h3><span style=\"font-weight: 400;\">\u0110\u1eb7c t\u00ednh S\u1ea3n ph\u1ea9m v\u00e0 nh\u00e3n (Y\u1ebfu t\u1ed1 c\u01a1 b\u1ea3n)<\/span><\/h3>\n<ul>\n<li style=\"font-weight: 400;\" aria-level=\"1\"><b>Th\u00f4ng tin S\u1ea3n ph\u1ea9m:<\/b><span style=\"font-weight: 400;\"> S\u1ea3n ph\u1ea9m c\u1ea7n d\u00e1n nh\u00e3n l\u00e0 g\u00ec? (Chai nh\u1ef1a nh\u1ecf, chip \u0111i\u1ec7n t\u1eed, hay h\u1ed9p gi\u1ea5y?) <\/span><b>C\u1ea7n cung c\u1ea5p m\u1eabu v\u1eadt l\u00fd.<\/b><\/li>\n<li style=\"font-weight: 400;\" aria-level=\"1\"><b>Th\u00f4ng tin Nh\u00e3n:<\/b><span style=\"font-weight: 400;\"> K\u00edch th\u01b0\u1edbc (d\u00e0i, r\u1ed9ng) c\u1ee7a nh\u00e3n l\u00e0 bao nhi\u00eau? <\/span><b>C\u1ea7n cung c\u1ea5p m\u1eabu nh\u00e3n.<\/b><\/li>\n<li style=\"font-weight: 400;\" aria-level=\"1\"><b>Y\u00eau c\u1ea7u D\u00e1n nh\u00e3n:<\/b><span style=\"font-weight: 400;\"> V\u1ecb tr\u00ed v\u00e0 \u0111\u1ed9 ch\u00ednh x\u00e1c d\u00e1n nh\u00e3n (v\u00ed d\u1ee5: \u00b10.5 mm) l\u00e0 g\u00ec?<\/span><\/li>\n<\/ul>\n<h3><span style=\"font-weight: 400;\">Nhu c\u1ea7u s\u1ea3n xu\u1ea5t (M\u1ee5c ti\u00eau)<\/span><\/h3>\n<ul>\n<li style=\"font-weight: 400;\" aria-level=\"1\"><b>Hi\u1ec7u su\u1ea5t S\u1ea3n xu\u1ea5t:<\/b><span style=\"font-weight: 400;\"> B\u1ea1n c\u1ea7n d\u00e1n kho\u1ea3ng bao nhi\u00eau s\u1ea3n ph\u1ea9m m\u1ed7i ph\u00fat? \u0110i\u1ec1u n\u00e0y quy\u1ebft \u0111\u1ecbnh tr\u1ef1c ti\u1ebfp b\u1ea1n c\u1ea7n thi\u1ebft b\u1ecb b\u00e1n t\u1ef1 \u0111\u1ed9ng hay t\u1ef1 \u0111\u1ed9ng ho\u00e0n to\u00e0n.<\/span><\/li>\n<li style=\"font-weight: 400;\" aria-level=\"1\"><b>Ph\u1ea1m vi Ng\u00e2n s\u00e1ch:<\/b><span style=\"font-weight: 400;\"> Ng\u00e2n s\u00e1ch \u0111\u1ea7u t\u01b0 c\u1ee7a b\u1ea1n l\u00e0 bao nhi\u00eau?<\/span><\/li>\n<\/ul>\n<h2><span style=\"font-weight: 400;\">\u01afu \u0111i\u1ec3m chung c\u1ee7a m\u00e1y d\u00e1n nh\u00e3n c\u1ee1 nh\u1ecf<\/span><\/h2>\n<ul>\n<li style=\"font-weight: 400;\" aria-level=\"1\"><b>Ti\u1ebft ki\u1ec7m Di\u1ec7n t\u00edch:<\/b><span style=\"font-weight: 400;\"> Chi\u1ebfm \u00edt kh\u00f4ng gian qu\u00fd b\u00e1u trong x\u01b0\u1edfng s\u1ea3n xu\u1ea5t.<\/span><\/li>\n<li style=\"font-weight: 400;\" aria-level=\"1\"><b>Hi\u1ec7u qu\u1ea3 Chi ph\u00ed Cao (Cost-Effective):<\/b><span style=\"font-weight: 400;\"> Chi ph\u00ed \u0111\u1ea7u t\u01b0 ban \u0111\u1ea7u v\u00e0 chi ph\u00ed v\u1eadn h\u00e0nh th\u1ea5p h\u01a1n \u0111\u00e1ng k\u1ec3 so v\u1edbi c\u00e1c thi\u1ebft b\u1ecb c\u1ee1 l\u1edbn.<\/span><\/li>\n<li style=\"font-weight: 400;\" aria-level=\"1\"><b>T\u00ednh Linh ho\u1ea1t T\u1ed1t:<\/b><span style=\"font-weight: 400;\"> D\u1ec5 d\u00e0ng chuy\u1ec3n \u0111\u1ed5i m\u1eabu s\u1ea3n ph\u1ea9m, ph\u00f9 h\u1ee3p cho s\u1ea3n xu\u1ea5t <\/span><b>\u0111a d\u1ea1ng ch\u1ee7ng lo\u1ea1i, s\u1ed1 l\u01b0\u1ee3ng nh\u1ecf<\/b><span style=\"font-weight: 400;\">.<\/span><\/li>\n<li style=\"font-weight: 400;\" aria-level=\"1\"><b>V\u1eadn h\u00e0nh \u0110\u01a1n gi\u1ea3n:<\/b><span style=\"font-weight: 400;\"> Th\u01b0\u1eddng d\u1ec5 d\u00e0ng l\u1eafp \u0111\u1eb7t, c\u00e0i \u0111\u1eb7t v\u00e0 thao t\u00e1c.<\/span><\/li>\n<\/ul>\n<h2><span style=\"font-weight: 400;\">L\u01b0u \u00fd quan tr\u1ecdng khi mua s\u1eafm<\/span><\/h2>\n<ol>\n<li style=\"font-weight: 400;\" aria-level=\"1\"><b>Cung c\u1ea5p m\u1eabu \u0111\u1ec3 th\u1eed nghi\u1ec7m:<\/b><span style=\"font-weight: 400;\"> D\u00f9 b\u1ea1n ch\u1ecdn lo\u1ea1i n\u00e0o, b\u01b0\u1edbc quan tr\u1ecdng nh\u1ea5t l\u00e0 g\u1eedi m\u1eabu s\u1ea3n ph\u1ea9m v\u00e0 m\u1eabu nh\u00e3n c\u1ee7a b\u1ea1n \u0111\u1ebfn nh\u00e0 cung c\u1ea5p \u0111\u1ec3 <\/span><b>ki\u1ec3m tra mi\u1ec5n ph\u00ed<\/b><span style=\"font-weight: 400;\">. \u0110i\u1ec1u n\u00e0y \u0111\u1ea3m b\u1ea3o hi\u1ec7u qu\u1ea3 d\u00e1n nh\u00e3n \u0111\u1ea1t \u0111\u01b0\u1ee3c k\u1ef3 v\u1ecdng.<\/span><\/li>\n<li style=\"font-weight: 400;\" aria-level=\"1\"><b>X\u00e1c nh\u1eadn c\u1ea5u h\u00ecnh c\u1ed1t l\u00f5i:<\/b><span style=\"font-weight: 400;\"> T\u00ecm hi\u1ec3u th\u01b0\u01a1ng hi\u1ec7u v\u00e0 hi\u1ec7u su\u1ea5t c\u1ee7a c\u00e1c b\u1ed9 ph\u1eadn ch\u00ednh nh\u01b0 \u0111\u1ed9ng c\u01a1 (Stepper hay Servo), c\u1ea3m bi\u1ebfn.<\/span><\/li>\n<li style=\"font-weight: 400;\" aria-level=\"1\"><b>H\u1ecfi v\u1ec1 d\u1ecbch v\u1ee5 h\u1eadu m\u00e3i:<\/b><span style=\"font-weight: 400;\"> T\u00ecm hi\u1ec3u ch\u00ednh s\u00e1ch b\u1ea3o h\u00e0nh, ph\u01b0\u01a1ng th\u1ee9c h\u1ed7 tr\u1ee3 k\u1ef9 thu\u1eadt v\u00e0 kh\u1ea3 n\u0103ng cung c\u1ea5p linh ki\u1ec7n thay th\u1ebf.<\/span><\/li>\n<\/ol>","protected":false},"excerpt":{"rendered":"<div id=\"871bc31bd3afbc23\" class=\"conversation-container message-actions-hover-boundary ng-star-inserted\">\n<div>\n<div class=\"response-container ng-tns-c1417162639-502 response-container-with-gpi is-mobile ng-star-inserted response-container-has-multiple-responses\" data-hveid=\"1\">\n<div class=\"presented-response-container ng-tns-c1417162639-502\">\n<div class=\"response-container-content ng-tns-c1417162639-502 is-mobile\">\n<div class=\"response-content ng-tns-c1417162639-502\">\n<div id=\"model-response-message-contentr_871bc31bd3afbc23\" class=\"markdown markdown-main-panel enable-updated-hr-color\" dir=\"ltr\">\n<p><b>M\u00e1y d\u00e1n nh\u00e3n c\u1ee1 nh\u1ecf<\/b> c\u1ee7a SWOER l\u00e0 s\u1ef1 k\u1ebft h\u1ee3p ho\u00e0n h\u1ea3o gi\u1eefa <b>t\u00ednh chuy\u00ean nghi\u1ec7p v\u00e0 s\u1ef1 ti\u1ec7n l\u1ee3i<\/b>, \u0111\u01b0\u1ee3c thi\u1ebft k\u1ebf \u0111\u1eb7c bi\u1ec7t cho c\u00e1c doanh nghi\u1ec7p kh\u1edfi nghi\u1ec7p, ph\u00f2ng nghi\u00ean c\u1ee9u (R&amp;D) ho\u1eb7c c\u00e1c c\u01a1 s\u1edf s\u1ea3n xu\u1ea5t c\u00f3 kh\u00f4ng gian h\u1ea1n ch\u1ebf. V\u1edbi k\u00edch th\u01b0\u1edbc <b>nh\u1ecf g\u1ecdn, \u0111\u1ec3 b\u00e0n<\/b>, m\u00e1y d\u1ec5 d\u00e0ng l\u1eafp \u0111\u1eb7t v\u00e0 v\u1eadn h\u00e0nh m\u00e0 kh\u00f4ng c\u1ea7n di\u1ec7n t\u00edch l\u1edbn. M\u1eb7c d\u00f9 nh\u1ecf, m\u00e1y v\u1eabn \u0111\u1ea3m b\u1ea3o \u0111\u1ed9 ch\u00ednh x\u00e1c cao khi d\u00e1n nh\u00e3n, gi\u00fap s\u1ea3n ph\u1ea9m c\u1ee7a b\u1ea1n \u0111\u1ea1t \u0111\u01b0\u1ee3c <b>t\u00ednh th\u1ea9m m\u1ef9 v\u00e0 ch\u1ea5t l\u01b0\u1ee3ng \u0111\u1ed3ng nh\u1ea5t<\/b> nh\u01b0 c\u00e1c d\u00e2y chuy\u1ec1n l\u1edbn. \u0110\u00e2y l\u00e0 kho\u1ea3n \u0111\u1ea7u t\u01b0 th\u00f4ng minh, gi\u00fap t\u1ef1 \u0111\u1ed9ng h\u00f3a quy tr\u00ecnh \u0111\u00f3ng g\u00f3i ban \u0111\u1ea7u v\u1edbi <b>chi ph\u00ed th\u1ea5p<\/b> v\u00e0 hi\u1ec7u qu\u1ea3 v\u01b0\u1ee3t tr\u1ed9i.<\/p>\n<\/div>\n<\/div>\n<\/div>\n<\/div>\n<\/div>\n<\/div>\n<\/div>","protected":false},"featured_media":4927,"comment_status":"open","ping_status":"closed","template":"","meta":[],"product_brand":[],"product_cat":[149],"product_tag":[143,204,144],"class_list":{"0":"post-4926","1":"product","2":"type-product","3":"status-publish","4":"has-post-thumbnail","6":"product_cat-may-dan-nhan-tu-dong","7":"product_tag-may-dan-nhan","8":"product_tag-may-dan-nhan-co-nho","9":"product_tag-may-dan-nhan-tu-dong","11":"first","12":"instock","13":"shipping-taxable","14":"product-type-simple"},"yoast_head":"<!-- This site is optimized with the Yoast SEO plugin v26.0 - https:\/\/yoast.com\/wordpress\/plugins\/seo\/ -->\n<title>M\u00e1y d\u00e1n nh\u00e3n c\u1ee1 nh\u1ecf - Nh\u00e0 s\u1ea3n xu\u1ea5t m\u00e1y c\u1ea5p li\u1ec7u c\u00f4ng nghi\u1ec7p<\/title>\n<meta name=\"description\" content=\"M\u00e1y d\u00e1n nh\u00e3n c\u1ee1 nh\u1ecf: Thi\u1ebft k\u1ebf nh\u1ecf g\u1ecdn, \u0111\u1ec3 b\u00e0n, l\u00fd t\u01b0\u1edfng cho kh\u1edfi nghi\u1ec7p, ph\u00f2ng th\u00ed nghi\u1ec7m, ho\u1eb7c s\u1ea3n xu\u1ea5t quy m\u00f4 nh\u1ecf. \u0110\u1ea3m b\u1ea3o \u0111\u1ed9 ch\u00ednh x\u00e1c d\u00e1n nh\u00e3n chuy\u00ean nghi\u1ec7p\" \/>\n<meta name=\"robots\" content=\"index, follow, max-snippet:-1, max-image-preview:large, max-video-preview:-1\" \/>\n<link rel=\"canonical\" href=\"https:\/\/swoer.vn\/en\/manufacturer\/may-dan-nhan-co-nho\/\" \/>\n<meta property=\"og:locale\" content=\"en_US\" \/>\n<meta property=\"og:type\" content=\"article\" \/>\n<meta property=\"og:title\" content=\"M\u00e1y d\u00e1n nh\u00e3n c\u1ee1 nh\u1ecf - Nh\u00e0 s\u1ea3n xu\u1ea5t m\u00e1y c\u1ea5p li\u1ec7u c\u00f4ng nghi\u1ec7p\" \/>\n<meta property=\"og:description\" content=\"M\u00e1y d\u00e1n nh\u00e3n c\u1ee1 nh\u1ecf: Thi\u1ebft k\u1ebf nh\u1ecf g\u1ecdn, \u0111\u1ec3 b\u00e0n, l\u00fd t\u01b0\u1edfng cho kh\u1edfi nghi\u1ec7p, ph\u00f2ng th\u00ed nghi\u1ec7m, ho\u1eb7c s\u1ea3n xu\u1ea5t quy m\u00f4 nh\u1ecf. \u0110\u1ea3m b\u1ea3o \u0111\u1ed9 ch\u00ednh x\u00e1c d\u00e1n nh\u00e3n chuy\u00ean nghi\u1ec7p\" \/>\n<meta property=\"og:url\" content=\"https:\/\/swoer.vn\/en\/manufacturer\/may-dan-nhan-co-nho\/\" \/>\n<meta property=\"og:site_name\" content=\"Nh\u00e0 s\u1ea3n xu\u1ea5t m\u00e1y c\u1ea5p li\u1ec7u c\u00f4ng nghi\u1ec7p\" \/>\n<meta property=\"article:modified_time\" content=\"2025-10-01T03:49:12+00:00\" \/>\n<meta property=\"og:image\" content=\"https:\/\/swoer.vn\/wp-content\/uploads\/2025\/10\/MAY-DAN-NHAN-CO-NHO.png\" \/>\n\t<meta property=\"og:image:width\" content=\"800\" \/>\n\t<meta property=\"og:image:height\" content=\"800\" \/>\n\t<meta property=\"og:image:type\" content=\"image\/png\" \/>\n<meta name=\"twitter:card\" content=\"summary_large_image\" \/>\n<meta name=\"twitter:label1\" content=\"Est. reading time\" \/>\n\t<meta name=\"twitter:data1\" content=\"4 minutes\" \/>\n<script type=\"application\/ld+json\" class=\"yoast-schema-graph\">{\"@context\":\"https:\/\/schema.org\",\"@graph\":[{\"@type\":\"WebPage\",\"@id\":\"https:\/\/swoer.vn\/manufacturer\/may-dan-nhan-co-nho\/\",\"url\":\"https:\/\/swoer.vn\/manufacturer\/may-dan-nhan-co-nho\/\",\"name\":\"M\u00e1y d\u00e1n nh\u00e3n c\u1ee1 nh\u1ecf - Nh\u00e0 s\u1ea3n xu\u1ea5t m\u00e1y c\u1ea5p li\u1ec7u c\u00f4ng nghi\u1ec7p\",\"isPartOf\":{\"@id\":\"https:\/\/swoer.vn\/#website\"},\"primaryImageOfPage\":{\"@id\":\"https:\/\/swoer.vn\/manufacturer\/may-dan-nhan-co-nho\/#primaryimage\"},\"image\":{\"@id\":\"https:\/\/swoer.vn\/manufacturer\/may-dan-nhan-co-nho\/#primaryimage\"},\"thumbnailUrl\":\"https:\/\/swoer.vn\/wp-content\/uploads\/2025\/10\/MAY-DAN-NHAN-CO-NHO.png\",\"datePublished\":\"2025-10-01T03:48:43+00:00\",\"dateModified\":\"2025-10-01T03:49:12+00:00\",\"description\":\"M\u00e1y d\u00e1n nh\u00e3n c\u1ee1 nh\u1ecf: Thi\u1ebft k\u1ebf nh\u1ecf g\u1ecdn, \u0111\u1ec3 b\u00e0n, l\u00fd t\u01b0\u1edfng cho kh\u1edfi nghi\u1ec7p, ph\u00f2ng th\u00ed nghi\u1ec7m, ho\u1eb7c s\u1ea3n xu\u1ea5t quy m\u00f4 nh\u1ecf. \u0110\u1ea3m b\u1ea3o \u0111\u1ed9 ch\u00ednh x\u00e1c d\u00e1n nh\u00e3n chuy\u00ean nghi\u1ec7p\",\"breadcrumb\":{\"@id\":\"https:\/\/swoer.vn\/manufacturer\/may-dan-nhan-co-nho\/#breadcrumb\"},\"inLanguage\":\"en-US\",\"potentialAction\":[{\"@type\":\"ReadAction\",\"target\":[\"https:\/\/swoer.vn\/manufacturer\/may-dan-nhan-co-nho\/\"]}]},{\"@type\":\"ImageObject\",\"inLanguage\":\"en-US\",\"@id\":\"https:\/\/swoer.vn\/manufacturer\/may-dan-nhan-co-nho\/#primaryimage\",\"url\":\"https:\/\/swoer.vn\/wp-content\/uploads\/2025\/10\/MAY-DAN-NHAN-CO-NHO.png\",\"contentUrl\":\"https:\/\/swoer.vn\/wp-content\/uploads\/2025\/10\/MAY-DAN-NHAN-CO-NHO.png\",\"width\":800,\"height\":800,\"caption\":\"MA\u0301Y DA\u0301N NHA\u0303N CO\u031b\u0303 NHO\u0309\"},{\"@type\":\"BreadcrumbList\",\"@id\":\"https:\/\/swoer.vn\/manufacturer\/may-dan-nhan-co-nho\/#breadcrumb\",\"itemListElement\":[{\"@type\":\"ListItem\",\"position\":1,\"name\":\"Home\",\"item\":\"https:\/\/swoer.vn\/\"},{\"@type\":\"ListItem\",\"position\":2,\"name\":\"S\u1ea3n ph\u1ea9m\",\"item\":\"https:\/\/swoer.vn\/shop\/\"},{\"@type\":\"ListItem\",\"position\":3,\"name\":\"M\u00e1y d\u00e1n nh\u00e3n c\u1ee1 nh\u1ecf\"}]},{\"@type\":\"WebSite\",\"@id\":\"https:\/\/swoer.vn\/#website\",\"url\":\"https:\/\/swoer.vn\/\",\"name\":\"Nh\u00e0 s\u1ea3n xu\u1ea5t m\u00e1y c\u1ea5p li\u1ec7u c\u00f4ng nghi\u1ec7p\",\"description\":\"Nh\u00e0 cung c\u1ea5p robot, m\u00e1y c\u1ea5p li\u1ec7u linh ho\u1ea1t, m\u00e1y c\u1ea5p li\u1ec7u ly t\u00e2m, m\u00e1y c\u1ea5p li\u1ec7u rung t\u1ef1 \u0111\u1ed9ng\",\"potentialAction\":[{\"@type\":\"SearchAction\",\"target\":{\"@type\":\"EntryPoint\",\"urlTemplate\":\"https:\/\/swoer.vn\/?s={search_term_string}\"},\"query-input\":{\"@type\":\"PropertyValueSpecification\",\"valueRequired\":true,\"valueName\":\"search_term_string\"}}],\"inLanguage\":\"en-US\"}]}<\/script>\n<!-- \/ Yoast SEO plugin. -->","yoast_head_json":{"title":"M\u00e1y d\u00e1n nh\u00e3n c\u1ee1 nh\u1ecf - Nh\u00e0 s\u1ea3n xu\u1ea5t m\u00e1y c\u1ea5p li\u1ec7u c\u00f4ng nghi\u1ec7p","description":"M\u00e1y d\u00e1n nh\u00e3n c\u1ee1 nh\u1ecf: Thi\u1ebft k\u1ebf nh\u1ecf g\u1ecdn, \u0111\u1ec3 b\u00e0n, l\u00fd t\u01b0\u1edfng cho kh\u1edfi nghi\u1ec7p, ph\u00f2ng th\u00ed nghi\u1ec7m, ho\u1eb7c s\u1ea3n xu\u1ea5t quy m\u00f4 nh\u1ecf. \u0110\u1ea3m b\u1ea3o \u0111\u1ed9 ch\u00ednh x\u00e1c d\u00e1n nh\u00e3n chuy\u00ean nghi\u1ec7p","robots":{"index":"index","follow":"follow","max-snippet":"max-snippet:-1","max-image-preview":"max-image-preview:large","max-video-preview":"max-video-preview:-1"},"canonical":"https:\/\/swoer.vn\/en\/manufacturer\/may-dan-nhan-co-nho\/","og_locale":"en_US","og_type":"article","og_title":"M\u00e1y d\u00e1n nh\u00e3n c\u1ee1 nh\u1ecf - Nh\u00e0 s\u1ea3n xu\u1ea5t m\u00e1y c\u1ea5p li\u1ec7u c\u00f4ng nghi\u1ec7p","og_description":"M\u00e1y d\u00e1n nh\u00e3n c\u1ee1 nh\u1ecf: Thi\u1ebft k\u1ebf nh\u1ecf g\u1ecdn, \u0111\u1ec3 b\u00e0n, l\u00fd t\u01b0\u1edfng cho kh\u1edfi nghi\u1ec7p, ph\u00f2ng th\u00ed nghi\u1ec7m, ho\u1eb7c s\u1ea3n xu\u1ea5t quy m\u00f4 nh\u1ecf. \u0110\u1ea3m b\u1ea3o \u0111\u1ed9 ch\u00ednh x\u00e1c d\u00e1n nh\u00e3n chuy\u00ean nghi\u1ec7p","og_url":"https:\/\/swoer.vn\/en\/manufacturer\/may-dan-nhan-co-nho\/","og_site_name":"Nh\u00e0 s\u1ea3n xu\u1ea5t m\u00e1y c\u1ea5p li\u1ec7u c\u00f4ng nghi\u1ec7p","article_modified_time":"2025-10-01T03:49:12+00:00","og_image":[{"width":800,"height":800,"url":"https:\/\/swoer.vn\/wp-content\/uploads\/2025\/10\/MAY-DAN-NHAN-CO-NHO.png","type":"image\/png"}],"twitter_card":"summary_large_image","twitter_misc":{"Est. reading time":"4 minutes"},"schema":{"@context":"https:\/\/schema.org","@graph":[{"@type":"WebPage","@id":"https:\/\/swoer.vn\/manufacturer\/may-dan-nhan-co-nho\/","url":"https:\/\/swoer.vn\/manufacturer\/may-dan-nhan-co-nho\/","name":"M\u00e1y d\u00e1n nh\u00e3n c\u1ee1 nh\u1ecf - Nh\u00e0 s\u1ea3n xu\u1ea5t m\u00e1y c\u1ea5p li\u1ec7u c\u00f4ng nghi\u1ec7p","isPartOf":{"@id":"https:\/\/swoer.vn\/#website"},"primaryImageOfPage":{"@id":"https:\/\/swoer.vn\/manufacturer\/may-dan-nhan-co-nho\/#primaryimage"},"image":{"@id":"https:\/\/swoer.vn\/manufacturer\/may-dan-nhan-co-nho\/#primaryimage"},"thumbnailUrl":"https:\/\/swoer.vn\/wp-content\/uploads\/2025\/10\/MAY-DAN-NHAN-CO-NHO.png","datePublished":"2025-10-01T03:48:43+00:00","dateModified":"2025-10-01T03:49:12+00:00","description":"M\u00e1y d\u00e1n nh\u00e3n c\u1ee1 nh\u1ecf: Thi\u1ebft k\u1ebf nh\u1ecf g\u1ecdn, \u0111\u1ec3 b\u00e0n, l\u00fd t\u01b0\u1edfng cho kh\u1edfi nghi\u1ec7p, ph\u00f2ng th\u00ed nghi\u1ec7m, ho\u1eb7c s\u1ea3n xu\u1ea5t quy m\u00f4 nh\u1ecf. \u0110\u1ea3m b\u1ea3o \u0111\u1ed9 ch\u00ednh x\u00e1c d\u00e1n nh\u00e3n chuy\u00ean nghi\u1ec7p","breadcrumb":{"@id":"https:\/\/swoer.vn\/manufacturer\/may-dan-nhan-co-nho\/#breadcrumb"},"inLanguage":"en-US","potentialAction":[{"@type":"ReadAction","target":["https:\/\/swoer.vn\/manufacturer\/may-dan-nhan-co-nho\/"]}]},{"@type":"ImageObject","inLanguage":"en-US","@id":"https:\/\/swoer.vn\/manufacturer\/may-dan-nhan-co-nho\/#primaryimage","url":"https:\/\/swoer.vn\/wp-content\/uploads\/2025\/10\/MAY-DAN-NHAN-CO-NHO.png","contentUrl":"https:\/\/swoer.vn\/wp-content\/uploads\/2025\/10\/MAY-DAN-NHAN-CO-NHO.png","width":800,"height":800,"caption":"MA\u0301Y DA\u0301N NHA\u0303N CO\u031b\u0303 NHO\u0309"},{"@type":"BreadcrumbList","@id":"https:\/\/swoer.vn\/manufacturer\/may-dan-nhan-co-nho\/#breadcrumb","itemListElement":[{"@type":"ListItem","position":1,"name":"Home","item":"https:\/\/swoer.vn\/"},{"@type":"ListItem","position":2,"name":"S\u1ea3n ph\u1ea9m","item":"https:\/\/swoer.vn\/shop\/"},{"@type":"ListItem","position":3,"name":"M\u00e1y d\u00e1n nh\u00e3n c\u1ee1 nh\u1ecf"}]},{"@type":"WebSite","@id":"https:\/\/swoer.vn\/#website","url":"https:\/\/swoer.vn\/","name":"Industrial Feeder Manufacturer","description":"Supplier of robot, flexible feeder, centrifugal feeder, automatic vibrating feeder","potentialAction":[{"@type":"SearchAction","target":{"@type":"EntryPoint","urlTemplate":"https:\/\/swoer.vn\/?s={search_term_string}"},"query-input":{"@type":"PropertyValueSpecification","valueRequired":true,"valueName":"search_term_string"}}],"inLanguage":"en-US"}]}},"_links":{"self":[{"href":"https:\/\/swoer.vn\/en\/wp-json\/wp\/v2\/product\/4926","targetHints":{"allow":["GET"]}}],"collection":[{"href":"https:\/\/swoer.vn\/en\/wp-json\/wp\/v2\/product"}],"about":[{"href":"https:\/\/swoer.vn\/en\/wp-json\/wp\/v2\/types\/product"}],"replies":[{"embeddable":true,"href":"https:\/\/swoer.vn\/en\/wp-json\/wp\/v2\/comments?post=4926"}],"wp:featuredmedia":[{"embeddable":true,"href":"https:\/\/swoer.vn\/en\/wp-json\/wp\/v2\/media\/4927"}],"wp:attachment":[{"href":"https:\/\/swoer.vn\/en\/wp-json\/wp\/v2\/media?parent=4926"}],"wp:term":[{"taxonomy":"product_brand","embeddable":true,"href":"https:\/\/swoer.vn\/en\/wp-json\/wp\/v2\/product_brand?post=4926"},{"taxonomy":"product_cat","embeddable":true,"href":"https:\/\/swoer.vn\/en\/wp-json\/wp\/v2\/product_cat?post=4926"},{"taxonomy":"product_tag","embeddable":true,"href":"https:\/\/swoer.vn\/en\/wp-json\/wp\/v2\/product_tag?post=4926"}],"curies":[{"name":"wp","href":"https:\/\/api.w.org\/{rel}","templated":true}]}}