{"id":4915,"date":"2025-10-01T10:10:58","date_gmt":"2025-10-01T03:10:58","guid":{"rendered":"https:\/\/swoer.vn\/?post_type=product&#038;p=4915"},"modified":"2025-10-01T10:10:59","modified_gmt":"2025-10-01T03:10:59","slug":"may-dan-nhan-hai-mat","status":"publish","type":"product","link":"https:\/\/swoer.vn\/en\/manufacturer\/may-dan-nhan-hai-mat\/","title":{"rendered":"M\u00e1y d\u00e1n nh\u00e3n hai m\u1eb7t"},"content":{"rendered":"<h2><span style=\"font-weight: 400;\">M\u00e1y d\u00e1n nh\u00e3n hai m\u1eb7t<\/span><\/h2>\n<p><span style=\"font-weight: 400;\">M\u00e1y d\u00e1n nh\u00e3n hai m\u1eb7t l\u00e0 m\u1ed9t thi\u1ebft b\u1ecb t\u1ef1 \u0111\u1ed9ng h\u00f3a chuy\u00ean d\u1ee5ng \u0111\u01b0\u1ee3c thi\u1ebft k\u1ebf \u0111\u1ec3 t\u1ef1 \u0111\u1ed9ng d\u00e1n nh\u00e3n l\u00ean hai v\u1ecb tr\u00ed ch\u1ec9 \u0111\u1ecbnh tr\u00ean s\u1ea3n ph\u1ea9m. Th\u00f4ng qua c\u1ea5u tr\u00fac c\u01a1 kh\u00ed v\u00e0 h\u1ec7 th\u1ed1ng \u0111i\u1ec1u khi\u1ec3n ch\u00ednh x\u00e1c (nh\u01b0 PLC v\u00e0 c\u1ea3m bi\u1ebfn), m\u00e1y th\u1ef1c hi\u1ec7n thao t\u00e1c d\u00e1n nh\u00e3n v\u1edbi hi\u1ec7u su\u1ea5t v\u00e0 \u0111\u1ed9 ch\u00ednh x\u00e1c cao, \u0111\u01b0\u1ee3c \u1ee9ng d\u1ee5ng r\u1ed9ng r\u00e3i trong c\u00e1c ng\u00e0nh th\u1ef1c ph\u1ea9m, \u0111\u1ed3 u\u1ed1ng, d\u01b0\u1ee3c ph\u1ea9m, h\u00f3a m\u1ef9 ph\u1ea9m, \u0111i\u1ec7n t\u1eed, v.v.<\/span><\/p>\n<h2><span style=\"font-weight: 400;\">C\u00e1c lo\u1ea1i ch\u00ednh v\u00e0 ph\u01b0\u01a1ng th\u1ee9c ho\u1ea1t \u0111\u1ed9ng<\/span><\/h2>\n<p><span style=\"font-weight: 400;\">D\u1ef1a tr\u00ean c\u00e1c v\u1ecb tr\u00ed d\u00e1n nh\u00e3n hai m\u1eb7t kh\u00e1c nhau tr\u00ean s\u1ea3n ph\u1ea9m, m\u00e1y d\u00e1n nh\u00e3n hai m\u1eb7t ch\u1ee7 y\u1ebfu c\u00f3 c\u00e1c ph\u01b0\u01a1ng th\u1ee9c th\u1ef1c hi\u1ec7n sau:<\/span><\/p>\n<h3><span style=\"font-weight: 400;\">M\u00e1y d\u00e1n nh\u00e3n hai \u0111\u1ea7u (Double-Headed Labeling Machine) (Ph\u1ed5 bi\u1ebfn nh\u1ea5t)<\/span><\/h3>\n<p><span style=\"font-weight: 400;\">\u0110\u00e2y l\u00e0 m\u00f4 h\u00ecnh <\/span><b>&#8220;d\u00e1n hai m\u1eb7t&#8221;<\/b><span style=\"font-weight: 400;\"> ti\u00eau bi\u1ec3u nh\u1ea5t, trong \u0111\u00f3 m\u1ed9t thi\u1ebft b\u1ecb \u0111\u01b0\u1ee3c trang b\u1ecb hai \u0111\u1ea7u d\u00e1n nh\u00e3n \u0111\u1ed9c l\u1eadp.<\/span><\/p>\n<ul>\n<li style=\"font-weight: 400;\" aria-level=\"1\"><b>Ph\u01b0\u01a1ng th\u1ee9c ho\u1ea1t \u0111\u1ed9ng:<\/b><span style=\"font-weight: 400;\"> S\u1ea3n ph\u1ea9m di chuy\u1ec3n tr\u00ean b\u0103ng t\u1ea3i, qua \u0111\u1ea7u d\u00e1n th\u1ee9 nh\u1ea5t \u0111\u1ec3 d\u00e1n nh\u00e3n \u0111\u1ea7u ti\u00ean (v\u00ed d\u1ee5: nh\u00e3n m\u1eb7t tr\u01b0\u1edbc); sau \u0111\u00f3 s\u1ea3n ph\u1ea9m ti\u1ebfp t\u1ee5c di chuy\u1ec3n qua \u0111\u1ea7u d\u00e1n th\u1ee9 hai \u0111\u1ec3 d\u00e1n nh\u00e3n th\u1ee9 hai (v\u00ed d\u1ee5: nh\u00e3n m\u1eb7t b\u00ean ho\u1eb7c m\u1eb7t sau).<\/span><\/li>\n<li style=\"font-weight: 400;\" aria-level=\"1\"><b>Advantage:<\/b><span style=\"font-weight: 400;\"> C\u1ea5u tr\u00fac nh\u1ecf g\u1ecdn, hi\u1ec7u su\u1ea5t cao, ho\u00e0n th\u00e0nh d\u00e1n nh\u00e3n hai m\u1eb7t ch\u1ec9 trong m\u1ed9t l\u1ea7n \u0111i qua.<\/span><\/li>\n<li style=\"font-weight: 400;\" aria-level=\"1\"><b>S\u1ea3n ph\u1ea9m \u00e1p d\u1ee5ng:<\/b><span style=\"font-weight: 400;\"> H\u1ed9p, s\u00e1ch, chai nh\u1ef1a, lon, v\u00e0 c\u00e1c v\u1eadt th\u1ec3 h\u00ecnh d\u1ea1ng \u0111\u1ec1u c\u1ea7n d\u00e1n hai nh\u00e3n.<\/span><\/li>\n<\/ul>\n<h3><span style=\"font-weight: 400;\">M\u00e1y d\u00e1n nh\u00e3n hai m\u1eb7t d\u1ea1ng xoay (Rotary Two-Side Labeling Machine)<\/span><\/h3>\n<p><span style=\"font-weight: 400;\">M\u00f4 h\u00ecnh n\u00e0y th\u01b0\u1eddng c\u00f3 m\u1ed9t c\u01a1 c\u1ea5u xoay, ch\u1eb3ng h\u1ea1n nh\u01b0 c\u00e1nh tay robot ho\u1eb7c b\u00e0n l\u00e0m vi\u1ec7c xoay.<\/span><\/p>\n<ul>\n<li style=\"font-weight: 400;\" aria-level=\"1\"><b>Ph\u01b0\u01a1ng th\u1ee9c ho\u1ea1t \u0111\u1ed9ng:<\/b>\n<ul>\n<li style=\"font-weight: 400;\" aria-level=\"2\"><b>C\u00e1ch 1 (B\u00e0n xoay):<\/b><span style=\"font-weight: 400;\"> S\u1ea3n ph\u1ea9m \u0111\u01b0\u1ee3c \u0111\u01b0a \u0111\u1ebfn m\u1ed9t tr\u1ea1m, d\u00e1n nh\u00e3n m\u1eb7t th\u1ee9 nh\u1ea5t; sau \u0111\u00f3 b\u00e0n xoay quay s\u1ea3n ph\u1ea9m <\/span><b>180 \u0111\u1ed9<\/b><span style=\"font-weight: 400;\">, \u0111\u01b0a s\u1ea3n ph\u1ea9m \u0111\u1ebfn tr\u1ea1m th\u1ee9 hai \u0111\u1ec3 d\u00e1n nh\u00e3n m\u1eb7t th\u1ee9 hai.<\/span><\/li>\n<li style=\"font-weight: 400;\" aria-level=\"2\"><b>C\u00e1ch 2 (C\u00e1nh tay Robot):<\/b><span style=\"font-weight: 400;\"> C\u00e1nh tay robot g\u1eafp s\u1ea3n ph\u1ea9m, d\u00e1n nh\u00e3n m\u1eb7t th\u1ee9 nh\u1ea5t d\u01b0\u1edbi m\u1ed9t \u0111\u1ea7u d\u00e1n, sau \u0111\u00f3 <\/span><b>l\u1eadt (flip)<\/b><span style=\"font-weight: 400;\"> s\u1ea3n ph\u1ea9m v\u00e0 d\u00e1n nh\u00e3n m\u1eb7t th\u1ee9 hai d\u01b0\u1edbi m\u1ed9t \u0111\u1ea7u d\u00e1n kh\u00e1c.<\/span><\/li>\n<\/ul>\n<\/li>\n<li style=\"font-weight: 400;\" aria-level=\"1\"><b>Advantage:<\/b><span style=\"font-weight: 400;\"> Ph\u00f9 h\u1ee3p v\u1edbi c\u00e1c tr\u01b0\u1eddng h\u1ee3p c\u1ea7n d\u00e1n nh\u00e3n tr\u00ean hai m\u1eb7t ho\u00e0n to\u00e0n \u0111\u1ed1i di\u1ec7n c\u1ee7a s\u1ea3n ph\u1ea9m, \u0111\u1ea1t \u0111\u1ed9 ch\u00ednh x\u00e1c c\u1ef1c cao.<\/span><\/li>\n<li style=\"font-weight: 400;\" aria-level=\"1\"><b>S\u1ea3n ph\u1ea9m \u00e1p d\u1ee5ng:<\/b><span style=\"font-weight: 400;\"> C\u00e1c linh ki\u1ec7n \u0111i\u1ec7n t\u1eed nh\u1ecf, h\u1ed9p m\u1ef9 ph\u1ea9m, h\u1ed9p thu\u1ed1c, v.v.<\/span><\/li>\n<\/ul>\n<h3><span style=\"font-weight: 400;\">M\u00e1y d\u00e1n nh\u00e3n hai b\u00ean h\u00f4ng (Double Side Labeling Machine)<\/span><\/h3>\n<p><span style=\"font-weight: 400;\">\u0110\u00e2y l\u00e0 m\u1ed9t d\u1ea1ng \u0111\u1eb7c bi\u1ec7t c\u1ee7a m\u00e1y d\u00e1n nh\u00e3n hai \u0111\u1ea7u, \u0111\u01b0\u1ee3c thi\u1ebft k\u1ebf \u0111\u1ec3 d\u00e1n nh\u00e3n \u1edf v\u1ecb tr\u00ed <\/span><b>t\u01b0\u01a1ng t\u1ef1<\/b><span style=\"font-weight: 400;\"> tr\u00ean c\u1ea3 hai m\u1eb7t h\u00f4ng c\u1ee7a s\u1ea3n ph\u1ea9m.<\/span><\/p>\n<ul>\n<li style=\"font-weight: 400;\" aria-level=\"1\"><b>Ph\u01b0\u01a1ng th\u1ee9c ho\u1ea1t \u0111\u1ed9ng:<\/b><span style=\"font-weight: 400;\"> Hai \u0111\u1ea7u d\u00e1n \u0111\u01b0\u1ee3c \u0111\u1eb7t \u1edf hai b\u00ean (tr\u00e1i v\u00e0 ph\u1ea3i) c\u1ee7a d\u00e2y chuy\u1ec1n v\u1eadn chuy\u1ec3n, d\u00e1n nh\u00e3n \u0111\u1ed3ng b\u1ed9 ho\u1eb7c tu\u1ea7n t\u1ef1 l\u00ean hai m\u1eb7t b\u00ean c\u1ee7a s\u1ea3n ph\u1ea9m.<\/span><\/li>\n<li style=\"font-weight: 400;\" aria-level=\"1\"><b>Advantage:<\/b><span style=\"font-weight: 400;\"> Hi\u1ec7u su\u1ea5t cao, th\u00edch h\u1ee3p cho c\u00e1c t\u00ecnh hu\u1ed1ng c\u1ea7n d\u00e1n nh\u00e3n \u1edf hai b\u00ean th\u00f9ng carton (v\u00ed d\u1ee5: nh\u00e3n logistics).<\/span><\/li>\n<li style=\"font-weight: 400;\" aria-level=\"1\"><b>S\u1ea3n ph\u1ea9m \u00e1p d\u1ee5ng:<\/b><span style=\"font-weight: 400;\"> Th\u00f9ng carton, h\u1ed9p \u0111\u00f3ng g\u00f3i.<\/span><\/li>\n<\/ul>","protected":false},"excerpt":{"rendered":"<p><span style=\"font-weight: 400;\">M\u00e1y d\u00e1n nh\u00e3n hai m\u1eb7t l\u00e0 thi\u1ebft b\u1ecb quan tr\u1ecdng gi\u00fap n\u00e2ng cao m\u1ee9c \u0111\u1ed9 t\u1ef1 \u0111\u1ed9ng h\u00f3a v\u00e0 hi\u1ec7u qu\u1ea3 \u0111\u00f3ng g\u00f3i c\u1ee7a d\u00e2y chuy\u1ec1n s\u1ea3n xu\u1ea5t. Vi\u1ec7c l\u1ef1a ch\u1ecdn m\u00f4 h\u00ecnh m\u00e1y ph\u00f9 h\u1ee3p c\u1ea7n \u0111\u01b0\u1ee3c ph\u00e2n t\u00edch t\u1ed5ng h\u1ee3p d\u1ef1a tr\u00ean s\u1ea3n ph\u1ea9m c\u1ee5 th\u1ec3, lo\u1ea1i nh\u00e3n v\u00e0 y\u00eau c\u1ea7u s\u1ea3n xu\u1ea5t c\u1ee7a b\u1ea1n. <\/span><b>N\u00ean cung c\u1ea5p m\u1eabu s\u1ea3n ph\u1ea9m \u0111\u1ec3 ti\u1ebfn h\u00e0nh th\u1eed nghi\u1ec7m<\/b><span style=\"font-weight: 400;\"> nh\u1eb1m \u0111\u1ea3m b\u1ea3o thi\u1ebft b\u1ecb \u0111\u00e1p \u1ee9ng ho\u00e0n h\u1ea3o nhu c\u1ea7u c\u1ee7a b\u1ea1n.<\/span><\/p>","protected":false},"featured_media":4916,"comment_status":"open","ping_status":"closed","template":"","meta":[],"product_brand":[],"product_cat":[149],"product_tag":[143,199,144],"class_list":{"0":"post-4915","1":"product","2":"type-product","3":"status-publish","4":"has-post-thumbnail","6":"product_cat-may-dan-nhan-tu-dong","7":"product_tag-may-dan-nhan","8":"product_tag-may-dan-nhan-hai-mat","9":"product_tag-may-dan-nhan-tu-dong","11":"first","12":"instock","13":"shipping-taxable","14":"product-type-simple"},"yoast_head":"<!-- This site is optimized with the Yoast SEO plugin v26.0 - https:\/\/yoast.com\/wordpress\/plugins\/seo\/ -->\n<title>M\u00e1y d\u00e1n nh\u00e3n hai m\u1eb7t - Nh\u00e0 s\u1ea3n xu\u1ea5t m\u00e1y c\u1ea5p li\u1ec7u c\u00f4ng nghi\u1ec7p<\/title>\n<meta name=\"description\" content=\"M\u00e1y d\u00e1n nh\u00e3n hai m\u1eb7t SWOER: T\u1ef1 \u0111\u1ed9ng d\u00e1n ch\u00ednh x\u00e1c nh\u00e3n tr\u01b0\u1edbc v\u00e0 nh\u00e3n sau l\u00ean chai vu\u00f4ng, chai d\u1eb9t, h\u1ed9p. \u0110\u1ea3m b\u1ea3o c\u0103n ch\u1ec9nh \u0111\u1ed3ng nh\u1ea5t, kh\u00f4ng l\u1ec7ch, t\u1ed1c \u0111\u1ed9 cao.\" \/>\n<meta name=\"robots\" content=\"index, follow, max-snippet:-1, max-image-preview:large, max-video-preview:-1\" \/>\n<link rel=\"canonical\" href=\"https:\/\/swoer.vn\/en\/manufacturer\/may-dan-nhan-hai-mat\/\" \/>\n<meta property=\"og:locale\" content=\"en_US\" \/>\n<meta property=\"og:type\" content=\"article\" \/>\n<meta property=\"og:title\" content=\"M\u00e1y d\u00e1n nh\u00e3n hai m\u1eb7t - Nh\u00e0 s\u1ea3n xu\u1ea5t m\u00e1y c\u1ea5p li\u1ec7u c\u00f4ng nghi\u1ec7p\" \/>\n<meta property=\"og:description\" content=\"M\u00e1y d\u00e1n nh\u00e3n hai m\u1eb7t SWOER: T\u1ef1 \u0111\u1ed9ng d\u00e1n ch\u00ednh x\u00e1c nh\u00e3n tr\u01b0\u1edbc v\u00e0 nh\u00e3n sau l\u00ean chai vu\u00f4ng, chai d\u1eb9t, h\u1ed9p. \u0110\u1ea3m b\u1ea3o c\u0103n ch\u1ec9nh \u0111\u1ed3ng nh\u1ea5t, kh\u00f4ng l\u1ec7ch, t\u1ed1c \u0111\u1ed9 cao.\" \/>\n<meta property=\"og:url\" content=\"https:\/\/swoer.vn\/en\/manufacturer\/may-dan-nhan-hai-mat\/\" \/>\n<meta property=\"og:site_name\" content=\"Nh\u00e0 s\u1ea3n xu\u1ea5t m\u00e1y c\u1ea5p li\u1ec7u c\u00f4ng nghi\u1ec7p\" \/>\n<meta property=\"article:modified_time\" content=\"2025-10-01T03:10:59+00:00\" \/>\n<meta property=\"og:image\" content=\"https:\/\/swoer.vn\/wp-content\/uploads\/2025\/10\/MAY-DAN-NHAN-HAI-MAT.png\" \/>\n\t<meta property=\"og:image:width\" content=\"800\" \/>\n\t<meta property=\"og:image:height\" content=\"800\" \/>\n\t<meta property=\"og:image:type\" content=\"image\/png\" \/>\n<meta name=\"twitter:card\" content=\"summary_large_image\" \/>\n<meta name=\"twitter:label1\" content=\"Est. reading time\" \/>\n\t<meta name=\"twitter:data1\" content=\"4 minutes\" \/>\n<script type=\"application\/ld+json\" class=\"yoast-schema-graph\">{\"@context\":\"https:\/\/schema.org\",\"@graph\":[{\"@type\":\"WebPage\",\"@id\":\"https:\/\/swoer.vn\/manufacturer\/may-dan-nhan-hai-mat\/\",\"url\":\"https:\/\/swoer.vn\/manufacturer\/may-dan-nhan-hai-mat\/\",\"name\":\"M\u00e1y d\u00e1n nh\u00e3n hai m\u1eb7t - Nh\u00e0 s\u1ea3n xu\u1ea5t m\u00e1y c\u1ea5p li\u1ec7u c\u00f4ng nghi\u1ec7p\",\"isPartOf\":{\"@id\":\"https:\/\/swoer.vn\/#website\"},\"primaryImageOfPage\":{\"@id\":\"https:\/\/swoer.vn\/manufacturer\/may-dan-nhan-hai-mat\/#primaryimage\"},\"image\":{\"@id\":\"https:\/\/swoer.vn\/manufacturer\/may-dan-nhan-hai-mat\/#primaryimage\"},\"thumbnailUrl\":\"https:\/\/swoer.vn\/wp-content\/uploads\/2025\/10\/MAY-DAN-NHAN-HAI-MAT.png\",\"datePublished\":\"2025-10-01T03:10:58+00:00\",\"dateModified\":\"2025-10-01T03:10:59+00:00\",\"description\":\"M\u00e1y d\u00e1n nh\u00e3n hai m\u1eb7t SWOER: T\u1ef1 \u0111\u1ed9ng d\u00e1n ch\u00ednh x\u00e1c nh\u00e3n tr\u01b0\u1edbc v\u00e0 nh\u00e3n sau l\u00ean chai vu\u00f4ng, chai d\u1eb9t, h\u1ed9p. \u0110\u1ea3m b\u1ea3o c\u0103n ch\u1ec9nh \u0111\u1ed3ng nh\u1ea5t, kh\u00f4ng l\u1ec7ch, t\u1ed1c \u0111\u1ed9 cao.\",\"breadcrumb\":{\"@id\":\"https:\/\/swoer.vn\/manufacturer\/may-dan-nhan-hai-mat\/#breadcrumb\"},\"inLanguage\":\"en-US\",\"potentialAction\":[{\"@type\":\"ReadAction\",\"target\":[\"https:\/\/swoer.vn\/manufacturer\/may-dan-nhan-hai-mat\/\"]}]},{\"@type\":\"ImageObject\",\"inLanguage\":\"en-US\",\"@id\":\"https:\/\/swoer.vn\/manufacturer\/may-dan-nhan-hai-mat\/#primaryimage\",\"url\":\"https:\/\/swoer.vn\/wp-content\/uploads\/2025\/10\/MAY-DAN-NHAN-HAI-MAT.png\",\"contentUrl\":\"https:\/\/swoer.vn\/wp-content\/uploads\/2025\/10\/MAY-DAN-NHAN-HAI-MAT.png\",\"width\":800,\"height\":800,\"caption\":\"MA\u0301Y DA\u0301N NHA\u0303N HAI MA\u0323\u0306T\"},{\"@type\":\"BreadcrumbList\",\"@id\":\"https:\/\/swoer.vn\/manufacturer\/may-dan-nhan-hai-mat\/#breadcrumb\",\"itemListElement\":[{\"@type\":\"ListItem\",\"position\":1,\"name\":\"Home\",\"item\":\"https:\/\/swoer.vn\/\"},{\"@type\":\"ListItem\",\"position\":2,\"name\":\"S\u1ea3n ph\u1ea9m\",\"item\":\"https:\/\/swoer.vn\/shop\/\"},{\"@type\":\"ListItem\",\"position\":3,\"name\":\"M\u00e1y d\u00e1n nh\u00e3n hai m\u1eb7t\"}]},{\"@type\":\"WebSite\",\"@id\":\"https:\/\/swoer.vn\/#website\",\"url\":\"https:\/\/swoer.vn\/\",\"name\":\"Nh\u00e0 s\u1ea3n xu\u1ea5t m\u00e1y c\u1ea5p li\u1ec7u c\u00f4ng nghi\u1ec7p\",\"description\":\"Nh\u00e0 cung c\u1ea5p robot, m\u00e1y c\u1ea5p li\u1ec7u linh ho\u1ea1t, m\u00e1y c\u1ea5p li\u1ec7u ly t\u00e2m, m\u00e1y c\u1ea5p li\u1ec7u rung t\u1ef1 \u0111\u1ed9ng\",\"potentialAction\":[{\"@type\":\"SearchAction\",\"target\":{\"@type\":\"EntryPoint\",\"urlTemplate\":\"https:\/\/swoer.vn\/?s={search_term_string}\"},\"query-input\":{\"@type\":\"PropertyValueSpecification\",\"valueRequired\":true,\"valueName\":\"search_term_string\"}}],\"inLanguage\":\"en-US\"}]}<\/script>\n<!-- \/ Yoast SEO plugin. -->","yoast_head_json":{"title":"M\u00e1y d\u00e1n nh\u00e3n hai m\u1eb7t - Nh\u00e0 s\u1ea3n xu\u1ea5t m\u00e1y c\u1ea5p li\u1ec7u c\u00f4ng nghi\u1ec7p","description":"M\u00e1y d\u00e1n nh\u00e3n hai m\u1eb7t SWOER: T\u1ef1 \u0111\u1ed9ng d\u00e1n ch\u00ednh x\u00e1c nh\u00e3n tr\u01b0\u1edbc v\u00e0 nh\u00e3n sau l\u00ean chai vu\u00f4ng, chai d\u1eb9t, h\u1ed9p. \u0110\u1ea3m b\u1ea3o c\u0103n ch\u1ec9nh \u0111\u1ed3ng nh\u1ea5t, kh\u00f4ng l\u1ec7ch, t\u1ed1c \u0111\u1ed9 cao.","robots":{"index":"index","follow":"follow","max-snippet":"max-snippet:-1","max-image-preview":"max-image-preview:large","max-video-preview":"max-video-preview:-1"},"canonical":"https:\/\/swoer.vn\/en\/manufacturer\/may-dan-nhan-hai-mat\/","og_locale":"en_US","og_type":"article","og_title":"M\u00e1y d\u00e1n nh\u00e3n hai m\u1eb7t - Nh\u00e0 s\u1ea3n xu\u1ea5t m\u00e1y c\u1ea5p li\u1ec7u c\u00f4ng nghi\u1ec7p","og_description":"M\u00e1y d\u00e1n nh\u00e3n hai m\u1eb7t SWOER: T\u1ef1 \u0111\u1ed9ng d\u00e1n ch\u00ednh x\u00e1c nh\u00e3n tr\u01b0\u1edbc v\u00e0 nh\u00e3n sau l\u00ean chai vu\u00f4ng, chai d\u1eb9t, h\u1ed9p. \u0110\u1ea3m b\u1ea3o c\u0103n ch\u1ec9nh \u0111\u1ed3ng nh\u1ea5t, kh\u00f4ng l\u1ec7ch, t\u1ed1c \u0111\u1ed9 cao.","og_url":"https:\/\/swoer.vn\/en\/manufacturer\/may-dan-nhan-hai-mat\/","og_site_name":"Nh\u00e0 s\u1ea3n xu\u1ea5t m\u00e1y c\u1ea5p li\u1ec7u c\u00f4ng nghi\u1ec7p","article_modified_time":"2025-10-01T03:10:59+00:00","og_image":[{"width":800,"height":800,"url":"https:\/\/swoer.vn\/wp-content\/uploads\/2025\/10\/MAY-DAN-NHAN-HAI-MAT.png","type":"image\/png"}],"twitter_card":"summary_large_image","twitter_misc":{"Est. reading time":"4 minutes"},"schema":{"@context":"https:\/\/schema.org","@graph":[{"@type":"WebPage","@id":"https:\/\/swoer.vn\/manufacturer\/may-dan-nhan-hai-mat\/","url":"https:\/\/swoer.vn\/manufacturer\/may-dan-nhan-hai-mat\/","name":"M\u00e1y d\u00e1n nh\u00e3n hai m\u1eb7t - Nh\u00e0 s\u1ea3n xu\u1ea5t m\u00e1y c\u1ea5p li\u1ec7u c\u00f4ng nghi\u1ec7p","isPartOf":{"@id":"https:\/\/swoer.vn\/#website"},"primaryImageOfPage":{"@id":"https:\/\/swoer.vn\/manufacturer\/may-dan-nhan-hai-mat\/#primaryimage"},"image":{"@id":"https:\/\/swoer.vn\/manufacturer\/may-dan-nhan-hai-mat\/#primaryimage"},"thumbnailUrl":"https:\/\/swoer.vn\/wp-content\/uploads\/2025\/10\/MAY-DAN-NHAN-HAI-MAT.png","datePublished":"2025-10-01T03:10:58+00:00","dateModified":"2025-10-01T03:10:59+00:00","description":"M\u00e1y d\u00e1n nh\u00e3n hai m\u1eb7t SWOER: T\u1ef1 \u0111\u1ed9ng d\u00e1n ch\u00ednh x\u00e1c nh\u00e3n tr\u01b0\u1edbc v\u00e0 nh\u00e3n sau l\u00ean chai vu\u00f4ng, chai d\u1eb9t, h\u1ed9p. \u0110\u1ea3m b\u1ea3o c\u0103n ch\u1ec9nh \u0111\u1ed3ng nh\u1ea5t, kh\u00f4ng l\u1ec7ch, t\u1ed1c \u0111\u1ed9 cao.","breadcrumb":{"@id":"https:\/\/swoer.vn\/manufacturer\/may-dan-nhan-hai-mat\/#breadcrumb"},"inLanguage":"en-US","potentialAction":[{"@type":"ReadAction","target":["https:\/\/swoer.vn\/manufacturer\/may-dan-nhan-hai-mat\/"]}]},{"@type":"ImageObject","inLanguage":"en-US","@id":"https:\/\/swoer.vn\/manufacturer\/may-dan-nhan-hai-mat\/#primaryimage","url":"https:\/\/swoer.vn\/wp-content\/uploads\/2025\/10\/MAY-DAN-NHAN-HAI-MAT.png","contentUrl":"https:\/\/swoer.vn\/wp-content\/uploads\/2025\/10\/MAY-DAN-NHAN-HAI-MAT.png","width":800,"height":800,"caption":"MA\u0301Y DA\u0301N NHA\u0303N HAI MA\u0323\u0306T"},{"@type":"BreadcrumbList","@id":"https:\/\/swoer.vn\/manufacturer\/may-dan-nhan-hai-mat\/#breadcrumb","itemListElement":[{"@type":"ListItem","position":1,"name":"Home","item":"https:\/\/swoer.vn\/"},{"@type":"ListItem","position":2,"name":"S\u1ea3n ph\u1ea9m","item":"https:\/\/swoer.vn\/shop\/"},{"@type":"ListItem","position":3,"name":"M\u00e1y d\u00e1n nh\u00e3n hai m\u1eb7t"}]},{"@type":"WebSite","@id":"https:\/\/swoer.vn\/#website","url":"https:\/\/swoer.vn\/","name":"Industrial Feeder Manufacturer","description":"Supplier of robot, flexible feeder, centrifugal feeder, automatic vibrating feeder","potentialAction":[{"@type":"SearchAction","target":{"@type":"EntryPoint","urlTemplate":"https:\/\/swoer.vn\/?s={search_term_string}"},"query-input":{"@type":"PropertyValueSpecification","valueRequired":true,"valueName":"search_term_string"}}],"inLanguage":"en-US"}]}},"_links":{"self":[{"href":"https:\/\/swoer.vn\/en\/wp-json\/wp\/v2\/product\/4915","targetHints":{"allow":["GET"]}}],"collection":[{"href":"https:\/\/swoer.vn\/en\/wp-json\/wp\/v2\/product"}],"about":[{"href":"https:\/\/swoer.vn\/en\/wp-json\/wp\/v2\/types\/product"}],"replies":[{"embeddable":true,"href":"https:\/\/swoer.vn\/en\/wp-json\/wp\/v2\/comments?post=4915"}],"wp:featuredmedia":[{"embeddable":true,"href":"https:\/\/swoer.vn\/en\/wp-json\/wp\/v2\/media\/4916"}],"wp:attachment":[{"href":"https:\/\/swoer.vn\/en\/wp-json\/wp\/v2\/media?parent=4915"}],"wp:term":[{"taxonomy":"product_brand","embeddable":true,"href":"https:\/\/swoer.vn\/en\/wp-json\/wp\/v2\/product_brand?post=4915"},{"taxonomy":"product_cat","embeddable":true,"href":"https:\/\/swoer.vn\/en\/wp-json\/wp\/v2\/product_cat?post=4915"},{"taxonomy":"product_tag","embeddable":true,"href":"https:\/\/swoer.vn\/en\/wp-json\/wp\/v2\/product_tag?post=4915"}],"curies":[{"name":"wp","href":"https:\/\/api.w.org\/{rel}","templated":true}]}}