{"id":4843,"date":"2025-09-29T15:50:05","date_gmt":"2025-09-29T08:50:05","guid":{"rendered":"https:\/\/swoer.vn\/?post_type=product&#038;p=4843"},"modified":"2025-09-29T15:50:05","modified_gmt":"2025-09-29T08:50:05","slug":"may-dan-mang-do-chinh-xac-cao-2","status":"publish","type":"product","link":"https:\/\/swoer.vn\/en\/manufacturer\/may-dan-mang-do-chinh-xac-cao-2\/","title":{"rendered":"M\u00e1y d\u00e1n m\u00e0ng \u0111\u1ed9 ch\u00ednh x\u00e1c cao"},"content":{"rendered":"<h2><span style=\"font-weight: 400;\">Product Specifications<\/span><\/h2>\n<table>\n<tbody>\n<tr>\n<td><b>Trademark<\/b><\/td>\n<td><b>SWOER<\/b><\/td>\n<\/tr>\n<tr>\n<td><b>Xu\u1ea5t x\u1ee9<\/b><\/td>\n<td><b>China<\/b><\/td>\n<\/tr>\n<tr>\n<td><b>Lo\u1ea1i bao b\u00ec<\/b><\/td>\n<td><span style=\"font-weight: 400;\">B\u1ecdc, M\u00e0ng m\u1ecfng (\u5305, \u8584\u819c)<\/span><\/td>\n<\/tr>\n<tr>\n<td><b>V\u1eadt li\u1ec7u ch\u1ebf t\u1ea1o<\/b><\/td>\n<td><b>Stainless steel<\/b><span style=\"font-weight: 400;\"> (\u4e0d\u9508\u94a2)<\/span><\/td>\n<\/tr>\n<tr>\n<td><b>Voltage<\/b><\/td>\n<td><b>220V<\/b><\/td>\n<\/tr>\n<tr>\n<td><b>Capacity<\/b><\/td>\n<td><span style=\"font-weight: 400;\">3.0KW<\/span><\/td>\n<\/tr>\n<tr>\n<td><b>Tr\u1ecdng l\u01b0\u1ee3ng m\u00e1y<\/b><\/td>\n<td><b>300KG<\/b><\/td>\n<\/tr>\n<tr>\n<td><b>Ch\u1ee9c n\u0103ng ch\u00ednh<\/b><\/td>\n<td><span style=\"font-weight: 400;\">\u0110\u00f3ng g\u00f3i, D\u00e1n k\u00edn, \u0110\u1ebfm s\u1ed1 l\u01b0\u1ee3ng (\u5305\u88c5, \u5c01\u53e3, \u8ba1\u6570)<\/span><\/td>\n<\/tr>\n<tr>\n<td><b>Linh ki\u1ec7n c\u1ed1t l\u00f5i<\/b><\/td>\n<td><b>\u0110\u1ed9ng c\u01a1, PLC<\/b><span style=\"font-weight: 400;\"> (\u7535\u673a, PLC)<\/span><\/td>\n<\/tr>\n<tr>\n<td><b>Ch\u1ebf \u0111\u1ed9 ho\u1ea1t \u0111\u1ed9ng<\/b><\/td>\n<td><b>M\u00e0n h\u00ecnh c\u1ea3m \u1ee9ng<\/b><span style=\"font-weight: 400;\"> (\u89e6\u6478\u5c4f)<\/span><\/td>\n<\/tr>\n<tr>\n<td><b>T\u1ed1c \u0111\u1ed9 s\u1ea3n xu\u1ea5t<\/b><\/td>\n<td><span style=\"font-weight: 400;\">20-40 <\/span><b>t\u00fai\/ph\u00fat<\/b><span style=\"font-weight: 400;\"> (20-40 \u888b\/\u5206\u949f)<\/span><\/td>\n<\/tr>\n<tr>\n<td><b>Size<\/b><span style=\"font-weight: 400;\"> (D\u00d7R\u00d7C)<\/span><\/td>\n<td><span style=\"font-weight: 400;\">4500\u00d71300\u00d71700 mm<\/span><\/td>\n<\/tr>\n<tr>\n<td><b>Lo\u1ea1i \u0111\u00f3ng g\u00f3i<\/b><\/td>\n<td><span style=\"font-weight: 400;\">H\u00f2m g\u1ed7 (\u6728\u7bb1)<\/span><\/td>\n<\/tr>\n<tr>\n<td><b>B\u1ea3o h\u00e0nh chung<\/b><\/td>\n<td><b>one year<\/b><\/td>\n<\/tr>\n<tr>\n<td><b>Video xu\u1ea5t x\u01b0\u1edfng<\/b><\/td>\n<td><span style=\"font-weight: 400;\">C\u00f3 th\u1ec3 cung c\u1ea5p (\u53ef\u63d0\u4f9b)<\/span><\/td>\n<\/tr>\n<\/tbody>\n<\/table>\n<h2><span style=\"font-weight: 400;\">Features<\/span><\/h2>\n<p><b>M\u00e1y d\u00e1n m\u00e0ng \u0111\u1ed9 ch\u00ednh x\u00e1c cao<\/b><span style=\"font-weight: 400;\"> (High-Precision Film Laminator) l\u00e0 m\u1ed9t thi\u1ebft b\u1ecb t\u1ef1 \u0111\u1ed9ng h\u00f3a s\u1eed d\u1ee5ng \u0111\u1ec3 d\u00e1n c\u00e1c v\u1eadt li\u1ec7u nh\u01b0 <\/span><b>m\u00e0ng b\u1ea3o v\u1ec7, m\u00e0ng ch\u1ee9c n\u0103ng (nh\u01b0 keo quang h\u1ecdc OCA), ho\u1eb7c m\u00e0ng trang tr\u00ed<\/b><span style=\"font-weight: 400;\"> l\u00ean b\u1ec1 m\u1eb7t s\u1ea3n ph\u1ea9m (nh\u01b0 k\u00ednh, m\u00e0n h\u00ecnh, kim lo\u1ea1i, nh\u1ef1a) v\u1edbi <\/span><b>\u0111\u1ed9 ch\u00ednh x\u00e1c v\u1ecb tr\u00ed c\u1ef1c cao<\/b><span style=\"font-weight: 400;\"> (th\u01b0\u1eddng \u0111\u1ea1t \u00b10.05 mm \u00a0 \u00b10.2 mm), \u0111\u1ed9 ch\u00ednh x\u00e1c g\u00f3c v\u00e0 ti\u00eau chu\u1ea9n kh\u00f4ng b\u1ee5i, kh\u00f4ng b\u1ecdt kh\u00ed.<\/span><\/p>\n<p><span style=\"font-weight: 400;\">M\u00e1y n\u00e0y kh\u00e1c bi\u1ec7t so v\u1edbi c\u00e1c lo\u1ea1i m\u00e1y d\u00e1n th\u1ee7 c\u00f4ng ho\u1eb7c \u0111\u01a1n gi\u1ea3n \u1edf m\u1ee9c \u0111\u1ed9 <\/span><b>ch\u00ednh x\u00e1c, t\u1ef7 l\u1ec7 s\u1ea3n ph\u1ea9m \u0111\u1ea1t ch\u1ea5t l\u01b0\u1ee3ng (Yield Rate), v\u00e0 t\u1ef1 \u0111\u1ed9ng h\u00f3a<\/b><span style=\"font-weight: 400;\">.<\/span><\/p>\n<h2><span style=\"font-weight: 400;\">Nguy\u00ean l\u00fd ho\u1ea1t \u0111\u1ed9ng c\u1ee7a m\u00e1y<\/span><\/h2>\n<p><span style=\"font-weight: 400;\">Nguy\u00ean l\u00fd ho\u1ea1t \u0111\u1ed9ng c\u1ed1t l\u00f5i c\u1ee7a m\u00e1y d\u00e1n m\u00e0ng \u0111\u1ed9 ch\u00ednh x\u00e1c cao n\u1eb1m \u1edf <\/span><b>H\u1ec7 th\u1ed1ng \u0110\u1ecbnh v\u1ecb \u0110\u1ed9 ch\u00ednh x\u00e1c cao<\/b><span style=\"font-weight: 400;\"> and <\/span><b>C\u00f4ng ngh\u1ec7 D\u00e1n kh\u00f4ng b\u1ecdt kh\u00ed<\/b><span style=\"font-weight: 400;\">. Quy tr\u00ecnh l\u00e0m vi\u1ec7c c\u00f3 th\u1ec3 \u0111\u01b0\u1ee3c chia th\u00e0nh b\u1ed1n b\u01b0\u1edbc ch\u00ednh: <\/span><b>Chu\u1ea9n b\u1ecb &#8211; \u0110\u1ecbnh v\u1ecb &#8211; D\u00e1n &#8211; Ho\u00e0n th\u00e0nh<\/b><span style=\"font-weight: 400;\">.<\/span><\/p>\n<h3><span style=\"font-weight: 400;\">1. Giai \u0111o\u1ea1n Chu\u1ea9n b\u1ecb<\/span><\/h3>\n<ul>\n<li style=\"font-weight: 400;\" aria-level=\"1\"><b>C\u1ea5p li\u1ec7u:<\/b><span style=\"font-weight: 400;\"> Ng\u01b0\u1eddi v\u1eadn h\u00e0nh c\u1ed1 \u0111\u1ecbnh s\u1ea3n ph\u1ea9m (v\u00ed d\u1ee5: k\u00ednh che ph\u1ee7 \u0111i\u1ec7n tho\u1ea1i) v\u00e0o <\/span><b>\u0111\u1ed3 g\u00e1 (fixture)<\/b><span style=\"font-weight: 400;\"> v\u00e0 l\u1eafp m\u00e0ng b\u1ea3o v\u1ec7 v\u00e0o khung c\u1ea5p li\u1ec7u. Qu\u00e1 tr\u00ecnh n\u00e0y th\u01b0\u1eddng di\u1ec5n ra trong m\u00f4i tr\u01b0\u1eddng s\u1ea1ch \u0111\u1ec3 ng\u0103n b\u1ee5i.<\/span><\/li>\n<li style=\"font-weight: 400;\" aria-level=\"1\"><b>L\u00e0m s\u1ea1ch:<\/b><span style=\"font-weight: 400;\"> Thi\u1ebft b\u1ecb t\u1ef1 \u0111\u1ed9ng s\u1eed d\u1ee5ng <\/span><b>thanh qu\u1ea1t ion<\/b><span style=\"font-weight: 400;\">, <\/span><b>th\u1ed5i kh\u00ed \u00e1p su\u1ea5t cao<\/b><span style=\"font-weight: 400;\">, ho\u1eb7c <\/span><b>con l\u0103n d\u00ednh b\u1ee5i<\/b><span style=\"font-weight: 400;\"> \u0111\u1ec3 l\u00e0m s\u1ea1ch b\u1ec1 m\u1eb7t s\u1ea3n ph\u1ea9m, lo\u1ea1i b\u1ecf t\u0129nh \u0111i\u1ec7n v\u00e0 c\u00e1c h\u1ea1t vi m\u00f4. \u0110\u00e2y l\u00e0 b\u01b0\u1edbc quan tr\u1ecdng \u0111\u1ec3 \u0111\u1ea1t \u0111\u01b0\u1ee3c k\u1ebft qu\u1ea3 d\u00e1n kh\u00f4ng b\u1ee5i.<\/span><\/li>\n<\/ul>\n<h3><span style=\"font-weight: 400;\">2. Giai \u0111o\u1ea1n \u0110\u1ecbnh v\u1ecb v\u00e0 C\u0103n ch\u1ec9nh (C\u1ed1t l\u00f5i c\u1ee7a &#8220;\u0110\u1ed9 Ch\u00ednh X\u00e1c&#8221;)<\/span><\/h3>\n<ul>\n<li style=\"font-weight: 400;\" aria-level=\"1\"><b>Nh\u1eadn d\u1ea1ng th\u1ecb gi\u00e1c:<\/b><span style=\"font-weight: 400;\"> Camera c\u00f4ng nghi\u1ec7p (<\/span><b>CCD<\/b><span style=\"font-weight: 400;\">) ph\u00eda tr\u00ean thi\u1ebft b\u1ecb ch\u1ee5p \u1ea3nh v\u1ecb tr\u00ed s\u1ea3n ph\u1ea9m, nh\u1eadn d\u1ea1ng c\u00e1c <\/span><b>d\u1ea5u hi\u1ec7u c\u1ee5 th\u1ec3<\/b><span style=\"font-weight: 400;\"> (nh\u01b0 l\u1ed7 n\u00fat Home, l\u1ed7 camera) ho\u1eb7c c\u00e1c c\u1ea1nh. \u0110\u1ed3ng th\u1eddi, m\u1ed9t camera kh\u00e1c ch\u1ee5p \u1ea3nh v\u1ecb tr\u00ed m\u00e0ng \u0111\u1ec3 nh\u1eadn d\u1ea1ng c\u00e1c <\/span><b>d\u1ea5u hi\u1ec7u c\u0103n ch\u1ec9nh<\/b><span style=\"font-weight: 400;\"> tr\u00ean m\u00e0ng.<\/span><\/li>\n<li style=\"font-weight: 400;\" aria-level=\"1\"><b>T\u00ednh to\u00e1n v\u00e0 \u0110i\u1ec1u ch\u1ec9nh sai l\u1ec7ch:<\/b><span style=\"font-weight: 400;\"> H\u1ec7 th\u1ed1ng th\u1ecb gi\u00e1c truy\u1ec1n th\u00f4ng tin v\u1ecb tr\u00ed c\u1ee7a s\u1ea3n ph\u1ea9m v\u00e0 m\u00e0ng \u0111\u1ebfn ph\u1ea7n m\u1ec1m \u0111i\u1ec1u khi\u1ec3n (th\u01b0\u1eddng l\u00e0 h\u1ec7 th\u1ed1ng \u0111i\u1ec1u khi\u1ec3n chuy\u1ec3n \u0111\u1ed9ng d\u1ef1a tr\u00ean PC ho\u1eb7c PLC). Ph\u1ea7n m\u1ec1m s\u1eed d\u1ee5ng thu\u1eadt to\u00e1n ph\u1ee9c t\u1ea1p \u0111\u1ec3 t\u00ednh to\u00e1n <\/span><b>sai l\u1ec7ch v\u1ecb tr\u00ed<\/b><span style=\"font-weight: 400;\"> (bao g\u1ed3m d\u1ecbch chuy\u1ec3n X, Y v\u00e0 sai l\u1ec7ch g\u00f3c \u03b8) theo th\u1eddi gian th\u1ef1c.<\/span><\/li>\n<li style=\"font-weight: 400;\" aria-level=\"1\"><b>Th\u1ef1c thi \u0111i\u1ec1u ch\u1ec9nh:<\/b><span style=\"font-weight: 400;\"> H\u1ec7 th\u1ed1ng \u0111i\u1ec1u khi\u1ec3n \u0111i\u1ec1u khi\u1ec3n <\/span><b>\u0111\u1ed9ng c\u01a1 ch\u00ednh x\u00e1c<\/b><span style=\"font-weight: 400;\"> (th\u01b0\u1eddng l\u00e0 \u0111\u1ed9ng c\u01a1 servo ho\u1eb7c \u0111\u1ed9ng c\u01a1 b\u01b0\u1edbc) \u0111\u1ec3 \u0111i\u1ec1u ch\u1ec9nh v\u1ecb tr\u00ed \u0111\u1ea7u d\u00e1n ho\u1eb7c \u0111\u1ed3 g\u00e1 s\u1ea3n ph\u1ea9m cho \u0111\u1ebfn khi s\u1ea3n ph\u1ea9m v\u00e0 m\u00e0ng \u0111\u01b0\u1ee3c c\u0103n ch\u1ec9nh ho\u00e0n h\u1ea3o. <\/span><b>\u0110\u1ed9 ch\u00ednh x\u00e1c c\u0103n ch\u1ec9nh n\u00e0y c\u00f3 th\u1ec3 \u0111\u1ea1t \u00b10.05 mm ho\u1eb7c cao h\u01a1n<\/b><span style=\"font-weight: 400;\">.<\/span><\/li>\n<\/ul>\n<h3><span style=\"font-weight: 400;\">3. Giai \u0111o\u1ea1n D\u00e1n (C\u1ed1t l\u00f5i c\u1ee7a &#8220;Kh\u00f4ng B\u1ecdt Kh\u00ed&#8221;)<\/span><\/h3>\n<ul>\n<li style=\"font-weight: 400;\" aria-level=\"1\"><span style=\"font-weight: 400;\">Sau khi c\u0103n ch\u1ec9nh, \u0111\u1ea7u d\u00e1n b\u1eaft \u0111\u1ea7u h\u1ea1 xu\u1ed1ng. Qu\u00e1 tr\u00ecnh d\u00e1n kh\u00f4ng ch\u1ec9 \u0111\u01a1n thu\u1ea7n l\u00e0 &#8220;\u1ea5n&#8221; m\u00e0ng xu\u1ed1ng, v\u00ec \u0111i\u1ec1u \u0111\u00f3 d\u1ec5 t\u1ea1o ra b\u1ecdt kh\u00ed. M\u00e1y d\u00e1n \u0111\u1ed9 ch\u00ednh x\u00e1c cao s\u1eed d\u1ee5ng c\u00e1c c\u00f4ng ngh\u1ec7 d\u00e1n \u0111\u1eb7c bi\u1ec7t:<\/span>\n<ul>\n<li style=\"font-weight: 400;\" aria-level=\"2\"><b>D\u00e1n b\u1eb1ng con l\u0103n \u00e1p l\u1ef1c m\u1ec1m:<\/b><span style=\"font-weight: 400;\"> \u0110\u00e2y l\u00e0 ph\u01b0\u01a1ng ph\u00e1p ph\u1ed5 bi\u1ebfn nh\u1ea5t. M\u1ed9t ho\u1eb7c nhi\u1ec1u <\/span><b>con l\u0103n silicon<\/b><span style=\"font-weight: 400;\"> \u0111\u1ed9 ch\u00ednh x\u00e1c cao l\u0103n \u00e9p ch\u1eadm t\u1eeb m\u1ed9t \u0111\u1ea7u sang \u0111\u1ea7u kia. \u00c1p l\u1ef1c, t\u1ed1c \u0111\u1ed9 v\u00e0 \u0111\u1ed9 c\u1ee9ng c\u1ee7a con l\u0103n \u0111\u01b0\u1ee3c ki\u1ec3m so\u00e1t ch\u00ednh x\u00e1c, gi\u00fap <\/span><b>&#8220;\u00e9p&#8221; kh\u00f4ng kh\u00ed<\/b><span style=\"font-weight: 400;\"> gi\u1eefa m\u00e0ng v\u00e0 s\u1ea3n ph\u1ea9m ra ngo\u00e0i m\u1ed9t c\u00e1ch tr\u01a1n tru, t\u1ea1o ra qu\u00e1 tr\u00ecnh ti\u1ebfp x\u00fac d\u1ea1ng tuy\u1ebfn t\u00ednh.<\/span><\/li>\n<li style=\"font-weight: 400;\" aria-level=\"2\"><b>D\u00e1n b\u1eb1ng h\u00fat ch\u00e2n kh\u00f4ng:<\/b><span style=\"font-weight: 400;\"> \u0110\u1ea7u d\u00e1n l\u00e0 m\u1ed9t khoang ch\u00e2n kh\u00f4ng c\u00f3 l\u1ed7 nh\u1ecf. Khi d\u00e1n, ch\u00e2n kh\u00f4ng \u0111\u01b0\u1ee3c b\u1eadt, h\u00fat m\u00e0ng \u0111\u1ed3ng \u0111\u1ec1u v\u00e0 ph\u1eb3ng v\u00e0o v\u1eadt li\u1ec7u m\u1ec1m (nh\u01b0 silicon) tr\u00ean \u0111\u1ea7u d\u00e1n. Khi d\u00e1n, khoang ch\u00e2n kh\u00f4ng <\/span><b>gi\u1ea3i ph\u00f3ng ch\u00e2n kh\u00f4ng theo t\u1eebng \u0111o\u1ea1n ho\u1eb7c t\u1eebng khu v\u1ef1c<\/b><span style=\"font-weight: 400;\">, cho ph\u00e9p m\u00e0ng d\u1ea7n ti\u1ebfp x\u00fac v\u1edbi s\u1ea3n ph\u1ea9m <\/span><b>t\u1eeb gi\u1eefa ra ngo\u00e0i ho\u1eb7c t\u1eeb m\u1ed9t b\u00ean sang b\u00ean kia<\/b><span style=\"font-weight: 400;\">, ng\u0103n ch\u1eb7n kh\u00f4ng kh\u00ed b\u1ecb cu\u1ed1n v\u00e0o m\u1ed9t c\u00e1ch hi\u1ec7u qu\u1ea3.<\/span><\/li>\n<\/ul>\n<\/li>\n<li style=\"font-weight: 400;\" aria-level=\"1\"><span style=\"font-weight: 400;\">To\u00e0n b\u1ed9 qu\u00e1 tr\u00ecnh c\u00f3 th\u1ec3 \u0111\u01b0\u1ee3c k\u1ebft h\u1ee3p v\u1edbi <\/span><b>qu\u1ea1t ion<\/b><span style=\"font-weight: 400;\"> \u0111\u1ec3 lo\u1ea1i b\u1ecf t\u0129nh \u0111i\u1ec7n, tr\u00e1nh b\u1ee5i b\u1ea9n do t\u0129nh \u0111i\u1ec7n h\u00fat v\u00e0o ho\u1eb7c g\u00e2y d\u00e1n m\u00e0ng kh\u00f4ng \u0111\u1ec1u.<\/span><\/li>\n<\/ul>\n<h3><span style=\"font-weight: 400;\">4. Giai \u0111o\u1ea1n Ho\u00e0n th\u00e0nh v\u00e0 Xu\u1ea5t li\u1ec7u<\/span><\/h3>\n<ul>\n<li style=\"font-weight: 400;\" aria-level=\"1\"><span style=\"font-weight: 400;\">Sau khi d\u00e1n xong, \u0111\u1ea7u d\u00e1n n\u00e2ng l\u00ean v\u00e0 \u0111\u1ed3 g\u00e1 di chuy\u1ec3n \u0111\u1ebfn v\u1ecb tr\u00ed xu\u1ea5t li\u1ec7u.<\/span><\/li>\n<li style=\"font-weight: 400;\" aria-level=\"1\"><span style=\"font-weight: 400;\">Thi\u1ebft b\u1ecb c\u00f3 th\u1ec3 th\u1ef1c hi\u1ec7n <\/span><b>ki\u1ec3m tra quang h\u1ecdc (AOI)<\/b><span style=\"font-weight: 400;\"> \u0111\u1ec3 t\u1ef1 \u0111\u1ed9ng ki\u1ec3m tra m\u00e0ng c\u00f3 b\u1ecb b\u1ecdt kh\u00ed, nh\u0103n, tr\u1ea7y x\u01b0\u1edbc ho\u1eb7c c\u0103n ch\u1ec9nh k\u00e9m hay kh\u00f4ng.<\/span><\/li>\n<li style=\"font-weight: 400;\" aria-level=\"1\"><span style=\"font-weight: 400;\">Cu\u1ed1i c\u00f9ng, s\u1ea3n ph\u1ea9m \u0111\u00e3 \u0111\u01b0\u1ee3c d\u00e1n m\u00e0ng s\u1ebd \u0111\u01b0\u1ee3c l\u1ea5y ra b\u1eb1ng <\/span><b>c\u00e1nh tay robot<\/b><span style=\"font-weight: 400;\"> ho\u1eb7c th\u1ee7 c\u00f4ng, k\u1ebft th\u00fac m\u1ed9t chu tr\u00ecnh.<\/span><\/li>\n<\/ul>","protected":false},"excerpt":{"rendered":"<div id=\"e10cb2fd1372b2b0\" class=\"conversation-container message-actions-hover-boundary ng-star-inserted\">\n<div>\n<div class=\"response-container ng-tns-c1222284846-672 response-container-with-gpi is-mobile ng-star-inserted response-container-has-multiple-responses\">\n<div class=\"presented-response-container ng-tns-c1222284846-672\">\n<div class=\"response-container-content ng-tns-c1222284846-672 is-mobile\">\n<div class=\"response-content ng-tns-c1222284846-672\">\n<div id=\"model-response-message-contentr_e10cb2fd1372b2b0\" class=\"markdown markdown-main-panel enable-updated-hr-color\" dir=\"ltr\">\n<p><b>M\u00e1y d\u00e1n m\u00e0ng \u0111\u1ed9 ch\u00ednh x\u00e1c cao<\/b> c\u1ee7a SWOER l\u00e0 thi\u1ebft b\u1ecb ti\u00ean phong, \u0111\u01b0\u1ee3c thi\u1ebft k\u1ebf cho c\u00e1c ng\u00e0nh c\u00f4ng nghi\u1ec7p \u0111\u00f2i h\u1ecfi <b>ti\u00eau chu\u1ea9n ch\u1ea5t l\u01b0\u1ee3ng kh\u1eaft khe<\/b> nh\u01b0 d\u01b0\u1ee3c ph\u1ea9m, th\u1ef1c ph\u1ea9m ch\u1ee9c n\u0103ng v\u00e0 h\u00f3a ch\u1ea5t. \u0110i\u1ec3m kh\u00e1c bi\u1ec7t c\u1ed1t l\u00f5i l\u00e0 h\u1ec7 th\u1ed1ng ki\u1ec3m so\u00e1t nhi\u1ec7t \u0111\u1ed9 v\u00e0 \u00e1p su\u1ea5t <b>ho\u00e0n to\u00e0n t\u1ef1 \u0111\u1ed9ng v\u00e0 ch\u00ednh x\u00e1c theo t\u1eebng miligi\u00e2y<\/b>. \u0110i\u1ec1u n\u00e0y \u0111\u1ea3m b\u1ea3o r\u1eb1ng m\u1ed7i l\u1edbp m\u00e0ng seal \u0111\u01b0\u1ee3c d\u00e1n \u0111\u1ec1u \u0111\u1ea1t <b>\u0111\u1ed9 k\u00edn tuy\u1ec7t \u0111\u1ed1i (100% airtight)<\/b>, kh\u00f4ng c\u00f3 khe h\u1edf, kh\u00f4ng b\u1ecb nh\u0103n ho\u1eb7c ch\u00e1y m\u00e0ng. B\u1eb1ng c\u00e1ch lo\u1ea1i b\u1ecf r\u1ee7i ro r\u00f2 r\u1ec9 v\u00e0 \u00f4 nhi\u1ec5m, m\u00e1y d\u00e1n m\u00e0ng n\u00e0y kh\u00f4ng ch\u1ec9 <b>k\u00e9o d\u00e0i th\u1eddi h\u1ea1n s\u1eed d\u1ee5ng<\/b> c\u1ee7a s\u1ea3n ph\u1ea9m m\u00e0 c\u00f2n l\u00e0 gi\u1ea3i ph\u00e1p then ch\u1ed1t \u0111\u1ec3 duy tr\u00ec s\u1ef1 to\u00e0n v\u1eb9n v\u00e0 uy t\u00edn th\u01b0\u01a1ng hi\u1ec7u c\u1ee7a b\u1ea1n.<\/p>\n<\/div>\n<\/div>\n<\/div>\n<\/div>\n<\/div>\n<\/div>\n<\/div>","protected":false},"featured_media":4844,"comment_status":"open","ping_status":"closed","template":"","meta":[],"product_brand":[],"product_cat":[149,76],"product_tag":[196,143,144],"class_list":{"0":"post-4843","1":"product","2":"type-product","3":"status-publish","4":"has-post-thumbnail","6":"product_cat-may-dan-nhan-tu-dong","7":"product_cat-san-pham-moi","8":"product_tag-may-dan-mang-toc-do-cao","9":"product_tag-may-dan-nhan","10":"product_tag-may-dan-nhan-tu-dong","12":"first","13":"instock","14":"shipping-taxable","15":"product-type-simple"},"yoast_head":"<!-- This site is optimized with the Yoast SEO plugin v26.0 - https:\/\/yoast.com\/wordpress\/plugins\/seo\/ -->\n<title>M\u00e1y d\u00e1n m\u00e0ng \u0111\u1ed9 ch\u00ednh x\u00e1c cao - Nh\u00e0 s\u1ea3n xu\u1ea5t m\u00e1y c\u1ea5p li\u1ec7u c\u00f4ng nghi\u1ec7p<\/title>\n<meta name=\"description\" content=\"M\u00e1y d\u00e1n m\u00e0ng \u0111\u1ed9 ch\u00ednh x\u00e1c cao SWOER: Ki\u1ec3m so\u00e1t nhi\u1ec7t \u0111\u1ed9 v\u00e0 \u00e1p su\u1ea5t t\u1ed1i \u01b0u. \u0110\u1ea3m b\u1ea3o l\u1edbp seal k\u00edn 100%, kh\u00f4ng nh\u0103n, kh\u00f4ng r\u00f2 r\u1ec9. L\u00fd t\u01b0\u1edfng cho d\u01b0\u1ee3c ph\u1ea9m\" \/>\n<meta name=\"robots\" content=\"index, follow, max-snippet:-1, max-image-preview:large, max-video-preview:-1\" \/>\n<link rel=\"canonical\" href=\"https:\/\/swoer.vn\/en\/manufacturer\/may-dan-mang-do-chinh-xac-cao-2\/\" \/>\n<meta property=\"og:locale\" content=\"en_US\" \/>\n<meta property=\"og:type\" content=\"article\" \/>\n<meta property=\"og:title\" content=\"M\u00e1y d\u00e1n m\u00e0ng \u0111\u1ed9 ch\u00ednh x\u00e1c cao - Nh\u00e0 s\u1ea3n xu\u1ea5t m\u00e1y c\u1ea5p li\u1ec7u c\u00f4ng nghi\u1ec7p\" \/>\n<meta property=\"og:description\" content=\"M\u00e1y d\u00e1n m\u00e0ng \u0111\u1ed9 ch\u00ednh x\u00e1c cao SWOER: Ki\u1ec3m so\u00e1t nhi\u1ec7t \u0111\u1ed9 v\u00e0 \u00e1p su\u1ea5t t\u1ed1i \u01b0u. \u0110\u1ea3m b\u1ea3o l\u1edbp seal k\u00edn 100%, kh\u00f4ng nh\u0103n, kh\u00f4ng r\u00f2 r\u1ec9. L\u00fd t\u01b0\u1edfng cho d\u01b0\u1ee3c ph\u1ea9m\" \/>\n<meta property=\"og:url\" content=\"https:\/\/swoer.vn\/en\/manufacturer\/may-dan-mang-do-chinh-xac-cao-2\/\" \/>\n<meta property=\"og:site_name\" content=\"Nh\u00e0 s\u1ea3n xu\u1ea5t m\u00e1y c\u1ea5p li\u1ec7u c\u00f4ng nghi\u1ec7p\" \/>\n<meta property=\"og:image\" content=\"https:\/\/swoer.vn\/wp-content\/uploads\/2025\/09\/May-dan-mang-do-chinh-xac-cao-1.png\" \/>\n\t<meta property=\"og:image:width\" content=\"800\" \/>\n\t<meta property=\"og:image:height\" content=\"800\" \/>\n\t<meta property=\"og:image:type\" content=\"image\/png\" \/>\n<meta name=\"twitter:card\" content=\"summary_large_image\" \/>\n<meta name=\"twitter:label1\" content=\"Est. reading time\" \/>\n\t<meta name=\"twitter:data1\" content=\"6 minutes\" \/>\n<script type=\"application\/ld+json\" class=\"yoast-schema-graph\">{\"@context\":\"https:\/\/schema.org\",\"@graph\":[{\"@type\":\"WebPage\",\"@id\":\"https:\/\/swoer.vn\/manufacturer\/may-dan-mang-do-chinh-xac-cao-2\/\",\"url\":\"https:\/\/swoer.vn\/manufacturer\/may-dan-mang-do-chinh-xac-cao-2\/\",\"name\":\"M\u00e1y d\u00e1n m\u00e0ng \u0111\u1ed9 ch\u00ednh x\u00e1c cao - Nh\u00e0 s\u1ea3n xu\u1ea5t m\u00e1y c\u1ea5p li\u1ec7u c\u00f4ng nghi\u1ec7p\",\"isPartOf\":{\"@id\":\"https:\/\/swoer.vn\/#website\"},\"primaryImageOfPage\":{\"@id\":\"https:\/\/swoer.vn\/manufacturer\/may-dan-mang-do-chinh-xac-cao-2\/#primaryimage\"},\"image\":{\"@id\":\"https:\/\/swoer.vn\/manufacturer\/may-dan-mang-do-chinh-xac-cao-2\/#primaryimage\"},\"thumbnailUrl\":\"https:\/\/swoer.vn\/wp-content\/uploads\/2025\/09\/May-dan-mang-do-chinh-xac-cao-1.png\",\"datePublished\":\"2025-09-29T08:50:05+00:00\",\"description\":\"M\u00e1y d\u00e1n m\u00e0ng \u0111\u1ed9 ch\u00ednh x\u00e1c cao SWOER: Ki\u1ec3m so\u00e1t nhi\u1ec7t \u0111\u1ed9 v\u00e0 \u00e1p su\u1ea5t t\u1ed1i \u01b0u. \u0110\u1ea3m b\u1ea3o l\u1edbp seal k\u00edn 100%, kh\u00f4ng nh\u0103n, kh\u00f4ng r\u00f2 r\u1ec9. L\u00fd t\u01b0\u1edfng cho d\u01b0\u1ee3c ph\u1ea9m\",\"breadcrumb\":{\"@id\":\"https:\/\/swoer.vn\/manufacturer\/may-dan-mang-do-chinh-xac-cao-2\/#breadcrumb\"},\"inLanguage\":\"en-US\",\"potentialAction\":[{\"@type\":\"ReadAction\",\"target\":[\"https:\/\/swoer.vn\/manufacturer\/may-dan-mang-do-chinh-xac-cao-2\/\"]}]},{\"@type\":\"ImageObject\",\"inLanguage\":\"en-US\",\"@id\":\"https:\/\/swoer.vn\/manufacturer\/may-dan-mang-do-chinh-xac-cao-2\/#primaryimage\",\"url\":\"https:\/\/swoer.vn\/wp-content\/uploads\/2025\/09\/May-dan-mang-do-chinh-xac-cao-1.png\",\"contentUrl\":\"https:\/\/swoer.vn\/wp-content\/uploads\/2025\/09\/May-dan-mang-do-chinh-xac-cao-1.png\",\"width\":800,\"height\":800,\"caption\":\"Ma\u0301y da\u0301n ma\u0300ng \u0111o\u0323\u0302 chi\u0301nh xa\u0301c cao (1)\"},{\"@type\":\"BreadcrumbList\",\"@id\":\"https:\/\/swoer.vn\/manufacturer\/may-dan-mang-do-chinh-xac-cao-2\/#breadcrumb\",\"itemListElement\":[{\"@type\":\"ListItem\",\"position\":1,\"name\":\"Home\",\"item\":\"https:\/\/swoer.vn\/\"},{\"@type\":\"ListItem\",\"position\":2,\"name\":\"S\u1ea3n ph\u1ea9m\",\"item\":\"https:\/\/swoer.vn\/shop\/\"},{\"@type\":\"ListItem\",\"position\":3,\"name\":\"M\u00e1y d\u00e1n m\u00e0ng \u0111\u1ed9 ch\u00ednh x\u00e1c cao\"}]},{\"@type\":\"WebSite\",\"@id\":\"https:\/\/swoer.vn\/#website\",\"url\":\"https:\/\/swoer.vn\/\",\"name\":\"Nh\u00e0 s\u1ea3n xu\u1ea5t m\u00e1y c\u1ea5p li\u1ec7u c\u00f4ng nghi\u1ec7p\",\"description\":\"Nh\u00e0 cung c\u1ea5p robot, m\u00e1y c\u1ea5p li\u1ec7u linh ho\u1ea1t, m\u00e1y c\u1ea5p li\u1ec7u ly t\u00e2m, m\u00e1y c\u1ea5p li\u1ec7u rung t\u1ef1 \u0111\u1ed9ng\",\"potentialAction\":[{\"@type\":\"SearchAction\",\"target\":{\"@type\":\"EntryPoint\",\"urlTemplate\":\"https:\/\/swoer.vn\/?s={search_term_string}\"},\"query-input\":{\"@type\":\"PropertyValueSpecification\",\"valueRequired\":true,\"valueName\":\"search_term_string\"}}],\"inLanguage\":\"en-US\"}]}<\/script>\n<!-- \/ Yoast SEO plugin. -->","yoast_head_json":{"title":"M\u00e1y d\u00e1n m\u00e0ng \u0111\u1ed9 ch\u00ednh x\u00e1c cao - Nh\u00e0 s\u1ea3n xu\u1ea5t m\u00e1y c\u1ea5p li\u1ec7u c\u00f4ng nghi\u1ec7p","description":"M\u00e1y d\u00e1n m\u00e0ng \u0111\u1ed9 ch\u00ednh x\u00e1c cao SWOER: Ki\u1ec3m so\u00e1t nhi\u1ec7t \u0111\u1ed9 v\u00e0 \u00e1p su\u1ea5t t\u1ed1i \u01b0u. \u0110\u1ea3m b\u1ea3o l\u1edbp seal k\u00edn 100%, kh\u00f4ng nh\u0103n, kh\u00f4ng r\u00f2 r\u1ec9. L\u00fd t\u01b0\u1edfng cho d\u01b0\u1ee3c ph\u1ea9m","robots":{"index":"index","follow":"follow","max-snippet":"max-snippet:-1","max-image-preview":"max-image-preview:large","max-video-preview":"max-video-preview:-1"},"canonical":"https:\/\/swoer.vn\/en\/manufacturer\/may-dan-mang-do-chinh-xac-cao-2\/","og_locale":"en_US","og_type":"article","og_title":"M\u00e1y d\u00e1n m\u00e0ng \u0111\u1ed9 ch\u00ednh x\u00e1c cao - Nh\u00e0 s\u1ea3n xu\u1ea5t m\u00e1y c\u1ea5p li\u1ec7u c\u00f4ng nghi\u1ec7p","og_description":"M\u00e1y d\u00e1n m\u00e0ng \u0111\u1ed9 ch\u00ednh x\u00e1c cao SWOER: Ki\u1ec3m so\u00e1t nhi\u1ec7t \u0111\u1ed9 v\u00e0 \u00e1p su\u1ea5t t\u1ed1i \u01b0u. \u0110\u1ea3m b\u1ea3o l\u1edbp seal k\u00edn 100%, kh\u00f4ng nh\u0103n, kh\u00f4ng r\u00f2 r\u1ec9. L\u00fd t\u01b0\u1edfng cho d\u01b0\u1ee3c ph\u1ea9m","og_url":"https:\/\/swoer.vn\/en\/manufacturer\/may-dan-mang-do-chinh-xac-cao-2\/","og_site_name":"Nh\u00e0 s\u1ea3n xu\u1ea5t m\u00e1y c\u1ea5p li\u1ec7u c\u00f4ng nghi\u1ec7p","og_image":[{"width":800,"height":800,"url":"https:\/\/swoer.vn\/wp-content\/uploads\/2025\/09\/May-dan-mang-do-chinh-xac-cao-1.png","type":"image\/png"}],"twitter_card":"summary_large_image","twitter_misc":{"Est. reading time":"6 minutes"},"schema":{"@context":"https:\/\/schema.org","@graph":[{"@type":"WebPage","@id":"https:\/\/swoer.vn\/manufacturer\/may-dan-mang-do-chinh-xac-cao-2\/","url":"https:\/\/swoer.vn\/manufacturer\/may-dan-mang-do-chinh-xac-cao-2\/","name":"M\u00e1y d\u00e1n m\u00e0ng \u0111\u1ed9 ch\u00ednh x\u00e1c cao - Nh\u00e0 s\u1ea3n xu\u1ea5t m\u00e1y c\u1ea5p li\u1ec7u c\u00f4ng nghi\u1ec7p","isPartOf":{"@id":"https:\/\/swoer.vn\/#website"},"primaryImageOfPage":{"@id":"https:\/\/swoer.vn\/manufacturer\/may-dan-mang-do-chinh-xac-cao-2\/#primaryimage"},"image":{"@id":"https:\/\/swoer.vn\/manufacturer\/may-dan-mang-do-chinh-xac-cao-2\/#primaryimage"},"thumbnailUrl":"https:\/\/swoer.vn\/wp-content\/uploads\/2025\/09\/May-dan-mang-do-chinh-xac-cao-1.png","datePublished":"2025-09-29T08:50:05+00:00","description":"M\u00e1y d\u00e1n m\u00e0ng \u0111\u1ed9 ch\u00ednh x\u00e1c cao SWOER: Ki\u1ec3m so\u00e1t nhi\u1ec7t \u0111\u1ed9 v\u00e0 \u00e1p su\u1ea5t t\u1ed1i \u01b0u. \u0110\u1ea3m b\u1ea3o l\u1edbp seal k\u00edn 100%, kh\u00f4ng nh\u0103n, kh\u00f4ng r\u00f2 r\u1ec9. L\u00fd t\u01b0\u1edfng cho d\u01b0\u1ee3c ph\u1ea9m","breadcrumb":{"@id":"https:\/\/swoer.vn\/manufacturer\/may-dan-mang-do-chinh-xac-cao-2\/#breadcrumb"},"inLanguage":"en-US","potentialAction":[{"@type":"ReadAction","target":["https:\/\/swoer.vn\/manufacturer\/may-dan-mang-do-chinh-xac-cao-2\/"]}]},{"@type":"ImageObject","inLanguage":"en-US","@id":"https:\/\/swoer.vn\/manufacturer\/may-dan-mang-do-chinh-xac-cao-2\/#primaryimage","url":"https:\/\/swoer.vn\/wp-content\/uploads\/2025\/09\/May-dan-mang-do-chinh-xac-cao-1.png","contentUrl":"https:\/\/swoer.vn\/wp-content\/uploads\/2025\/09\/May-dan-mang-do-chinh-xac-cao-1.png","width":800,"height":800,"caption":"Ma\u0301y da\u0301n ma\u0300ng \u0111o\u0323\u0302 chi\u0301nh xa\u0301c cao (1)"},{"@type":"BreadcrumbList","@id":"https:\/\/swoer.vn\/manufacturer\/may-dan-mang-do-chinh-xac-cao-2\/#breadcrumb","itemListElement":[{"@type":"ListItem","position":1,"name":"Home","item":"https:\/\/swoer.vn\/"},{"@type":"ListItem","position":2,"name":"S\u1ea3n ph\u1ea9m","item":"https:\/\/swoer.vn\/shop\/"},{"@type":"ListItem","position":3,"name":"M\u00e1y d\u00e1n m\u00e0ng \u0111\u1ed9 ch\u00ednh x\u00e1c cao"}]},{"@type":"WebSite","@id":"https:\/\/swoer.vn\/#website","url":"https:\/\/swoer.vn\/","name":"Industrial Feeder Manufacturer","description":"Supplier of robot, flexible feeder, centrifugal feeder, automatic vibrating feeder","potentialAction":[{"@type":"SearchAction","target":{"@type":"EntryPoint","urlTemplate":"https:\/\/swoer.vn\/?s={search_term_string}"},"query-input":{"@type":"PropertyValueSpecification","valueRequired":true,"valueName":"search_term_string"}}],"inLanguage":"en-US"}]}},"_links":{"self":[{"href":"https:\/\/swoer.vn\/en\/wp-json\/wp\/v2\/product\/4843","targetHints":{"allow":["GET"]}}],"collection":[{"href":"https:\/\/swoer.vn\/en\/wp-json\/wp\/v2\/product"}],"about":[{"href":"https:\/\/swoer.vn\/en\/wp-json\/wp\/v2\/types\/product"}],"replies":[{"embeddable":true,"href":"https:\/\/swoer.vn\/en\/wp-json\/wp\/v2\/comments?post=4843"}],"wp:featuredmedia":[{"embeddable":true,"href":"https:\/\/swoer.vn\/en\/wp-json\/wp\/v2\/media\/4844"}],"wp:attachment":[{"href":"https:\/\/swoer.vn\/en\/wp-json\/wp\/v2\/media?parent=4843"}],"wp:term":[{"taxonomy":"product_brand","embeddable":true,"href":"https:\/\/swoer.vn\/en\/wp-json\/wp\/v2\/product_brand?post=4843"},{"taxonomy":"product_cat","embeddable":true,"href":"https:\/\/swoer.vn\/en\/wp-json\/wp\/v2\/product_cat?post=4843"},{"taxonomy":"product_tag","embeddable":true,"href":"https:\/\/swoer.vn\/en\/wp-json\/wp\/v2\/product_tag?post=4843"}],"curies":[{"name":"wp","href":"https:\/\/api.w.org\/{rel}","templated":true}]}}