{"id":4841,"date":"2025-09-29T15:43:37","date_gmt":"2025-09-29T08:43:37","guid":{"rendered":"https:\/\/swoer.vn\/?post_type=product&#038;p=4841"},"modified":"2025-09-29T15:43:37","modified_gmt":"2025-09-29T08:43:37","slug":"may-dan-mang-do-chinh-xac-cao","status":"publish","type":"product","link":"https:\/\/swoer.vn\/en\/manufacturer\/may-dan-mang-do-chinh-xac-cao\/","title":{"rendered":"M\u00e1y d\u00e1n m\u00e0ng \u0111\u1ed9 ch\u00ednh x\u00e1c cao"},"content":{"rendered":"<h2><span style=\"font-weight: 400;\">Product Specifications<\/span><\/h2>\n<table>\n<tbody>\n<tr>\n<td><b>Trademark<\/b><\/td>\n<td><b>SWOER<\/b><\/td>\n<\/tr>\n<tr>\n<td><b>Xu\u1ea5t x\u1ee9<\/b><\/td>\n<td><b>China<\/b><\/td>\n<\/tr>\n<tr>\n<td><b>Lo\u1ea1i bao b\u00ec<\/b><\/td>\n<td><span style=\"font-weight: 400;\">B\u1ecdc, M\u00e0ng m\u1ecfng (\u5305, \u8584\u819c)<\/span><\/td>\n<\/tr>\n<tr>\n<td><b>V\u1eadt li\u1ec7u ch\u1ebf t\u1ea1o<\/b><\/td>\n<td><b>Stainless steel<\/b><span style=\"font-weight: 400;\"> (\u4e0d\u9508\u94a2)<\/span><\/td>\n<\/tr>\n<tr>\n<td><b>Voltage<\/b><\/td>\n<td><b>220V<\/b><\/td>\n<\/tr>\n<tr>\n<td><b>Capacity<\/b><\/td>\n<td><span style=\"font-weight: 400;\">3.0KW<\/span><\/td>\n<\/tr>\n<tr>\n<td><b>Tr\u1ecdng l\u01b0\u1ee3ng m\u00e1y<\/b><\/td>\n<td><b>300KG<\/b><\/td>\n<\/tr>\n<tr>\n<td><b>Ch\u1ee9c n\u0103ng ch\u00ednh<\/b><\/td>\n<td><span style=\"font-weight: 400;\">\u0110\u00f3ng g\u00f3i, D\u00e1n k\u00edn, \u0110\u1ebfm s\u1ed1 l\u01b0\u1ee3ng (\u5305\u88c5, \u5c01\u53e3, \u8ba1\u6570)<\/span><\/td>\n<\/tr>\n<tr>\n<td><b>Linh ki\u1ec7n c\u1ed1t l\u00f5i<\/b><\/td>\n<td><b>\u0110\u1ed9ng c\u01a1, PLC<\/b><span style=\"font-weight: 400;\"> (\u7535\u673a, PLC)<\/span><\/td>\n<\/tr>\n<tr>\n<td><b>Ch\u1ebf \u0111\u1ed9 ho\u1ea1t \u0111\u1ed9ng<\/b><\/td>\n<td><b>M\u00e0n h\u00ecnh c\u1ea3m \u1ee9ng<\/b><span style=\"font-weight: 400;\"> (\u89e6\u6478\u5c4f)<\/span><\/td>\n<\/tr>\n<tr>\n<td><b>T\u1ed1c \u0111\u1ed9 s\u1ea3n xu\u1ea5t<\/b><\/td>\n<td><span style=\"font-weight: 400;\">20-40 <\/span><b>t\u00fai\/ph\u00fat<\/b><span style=\"font-weight: 400;\"> (20-40 \u888b\/\u5206\u949f)<\/span><\/td>\n<\/tr>\n<tr>\n<td><b>Size<\/b><span style=\"font-weight: 400;\"> (D\u00d7R\u00d7C)<\/span><\/td>\n<td><span style=\"font-weight: 400;\">4500\u00d71300\u00d71700 mm<\/span><\/td>\n<\/tr>\n<tr>\n<td><b>Lo\u1ea1i \u0111\u00f3ng g\u00f3i<\/b><\/td>\n<td><span style=\"font-weight: 400;\">H\u00f2m g\u1ed7 (\u6728\u7bb1)<\/span><\/td>\n<\/tr>\n<tr>\n<td><b>B\u1ea3o h\u00e0nh chung<\/b><\/td>\n<td><b>one year<\/b><\/td>\n<\/tr>\n<tr>\n<td><b>Video xu\u1ea5t x\u01b0\u1edfng<\/b><\/td>\n<td><span style=\"font-weight: 400;\">C\u00f3 th\u1ec3 cung c\u1ea5p (\u53ef\u63d0\u4f9b)<\/span><\/td>\n<\/tr>\n<\/tbody>\n<\/table>\n<h2><span style=\"font-weight: 400;\">Features<\/span><\/h2>\n<p><b>M\u00e1y d\u00e1n m\u00e0ng \u0111\u1ed9 ch\u00ednh x\u00e1c cao<\/b><span style=\"font-weight: 400;\"> l\u00e0 m\u1ed9t thi\u1ebft b\u1ecb t\u1ef1 \u0111\u1ed9ng h\u00f3a t\u00edch h\u1ee3p c\u01a1 kh\u00ed ch\u00ednh x\u00e1c, th\u1ecb gi\u00e1c m\u00e1y (machine vision), \u0111i\u1ec1u khi\u1ec3n kh\u00ed n\u00e9n v\u00e0 thu\u1eadt to\u00e1n ph\u1ea7n m\u1ec1m. M\u00e1y \u0111\u01b0\u1ee3c thi\u1ebft k\u1ebf ch\u1ee7 y\u1ebfu \u0111\u1ec3 kh\u1eafc ph\u1ee5c c\u00e1c v\u1ea5n \u0111\u1ec1 ph\u1ed5 bi\u1ebfn khi d\u00e1n th\u1ee7 c\u00f4ng nh\u01b0 <\/span><b>bong b\u00f3ng kh\u00ed, nh\u0103n m\u00e0ng, v\u00e0 l\u1ec7ch v\u1ecb tr\u00ed<\/b><span style=\"font-weight: 400;\">, \u0111\u1ed3ng th\u1eddi \u0111\u01b0\u1ee3c \u1ee9ng d\u1ee5ng r\u1ed9ng r\u00e3i trong vi\u1ec7c d\u00e1n m\u00e0ng b\u1ea3o v\u1ec7, m\u00e0ng ch\u1ed1ng ch\u00e1y n\u1ed5, ho\u1eb7c m\u00e0ng trang tr\u00ed cho m\u00e0n h\u00ecnh c\u00e1c s\u1ea3n ph\u1ea9m \u0111i\u1ec7n t\u1eed ti\u00eau d\u00f9ng nh\u01b0 \u0111i\u1ec7n tho\u1ea1i, m\u00e1y t\u00ednh b\u1ea3ng, m\u00e1y t\u00ednh x\u00e1ch tay, m\u00e0n h\u00ecnh \u0111i\u1ec1u khi\u1ec3n trung t\u00e2m \u00f4 t\u00f4, v\u00e0 thi\u1ebft b\u1ecb \u0111eo th\u00f4ng minh.<\/span><\/p>\n<p><span style=\"font-weight: 400;\">So v\u1edbi vi\u1ec7c d\u00e1n m\u00e0ng th\u1ee7 c\u00f4ng truy\u1ec1n th\u1ed1ng, l\u1ee3i th\u1ebf c\u1ee7a m\u00e1y d\u00e1n m\u00e0ng \u0111\u1ed9 ch\u00ednh x\u00e1c cao l\u00e0 v\u01b0\u1ee3t tr\u1ed9i, \u0111\u1eb7c bi\u1ec7t trong ng\u00e0nh s\u1ea3n xu\u1ea5t hi\u1ec7n \u0111\u1ea1i \u0111\u00f2i h\u1ecfi n\u0103ng su\u1ea5t v\u00e0 ch\u1ea5t l\u01b0\u1ee3ng cao.<\/span><\/p>\n<h2><span style=\"font-weight: 400;\">\u01afu \u0111i\u1ec3m n\u1ed5i b\u1eadt<\/span><\/h2>\n<h3><span style=\"font-weight: 400;\">1. \u0110\u1ed9 ch\u00ednh x\u00e1c v\u00e0 ch\u1ea5t l\u01b0\u1ee3ng d\u00e1n v\u01b0\u1ee3t tr\u1ed9i<\/span><\/h3>\n<ul>\n<li style=\"font-weight: 400;\" aria-level=\"1\"><b>\u0110\u1ecbnh v\u1ecb ch\u00ednh x\u00e1c:<\/b><span style=\"font-weight: 400;\"> H\u1ec7 th\u1ed1ng th\u1ecb gi\u00e1c m\u00e1y c\u00f3 th\u1ec3 \u0111\u1ea1t \u0111\u01b0\u1ee3c \u0111\u1ed9 ch\u00ednh x\u00e1c l\u1eb7p l\u1ea1i m\u00e0 m\u1eaft ng\u01b0\u1eddi kh\u00f4ng th\u1ec3 b\u1eb1ng (th\u01b0\u1eddng l\u00e0 trong kho\u1ea3ng \u00b10.05 mm), \u0111\u1ea3m b\u1ea3o m\u00e0ng v\u00e0 l\u1ed7\/c\u1ea1nh s\u1ea3n ph\u1ea9m \u0111\u01b0\u1ee3c c\u0103n ch\u1ec9nh ho\u00e0n h\u1ea3o.<\/span><\/li>\n<li style=\"font-weight: 400;\" aria-level=\"1\"><b>T\u00ednh nh\u1ea5t qu\u00e1n cao:<\/b><span style=\"font-weight: 400;\"> M\u00e1y c\u00f3 th\u1ec3 ho\u1ea1t \u0111\u1ed9ng li\u00ean t\u1ee5c 24\/7 m\u00e0 kh\u00f4ng m\u1ec7t m\u1ecfi, \u0111\u1ea3m b\u1ea3o ch\u1ea5t l\u01b0\u1ee3ng d\u00e1n m\u00e0ng (v\u00ed d\u1ee5: kh\u00f4ng b\u1ecdt kh\u00ed, kh\u00f4ng nh\u0103n) cho m\u1ecdi s\u1ea3n ph\u1ea9m \u0111\u1ec1u <\/span><b>\u0111\u1ed3ng nh\u1ea5t cao<\/b><span style=\"font-weight: 400;\">, tr\u00e1nh \u0111\u01b0\u1ee3c s\u1ef1 bi\u1ebfn \u0111\u1ed9ng ch\u1ea5t l\u01b0\u1ee3ng do y\u1ebfu t\u1ed1 con ng\u01b0\u1eddi (nh\u01b0 m\u1ec7t m\u1ecfi, c\u1ea3m x\u00fac) g\u00e2y ra.<\/span><\/li>\n<\/ul>\n<h3><span style=\"font-weight: 400;\">2. N\u0103ng su\u1ea5t v\u00e0 hi\u1ec7u qu\u1ea3 s\u1ea3n xu\u1ea5t c\u1ef1c cao<\/span><\/h3>\n<ul>\n<li style=\"font-weight: 400;\" aria-level=\"1\"><b>T\u1ed1c \u0111\u1ed9 nhanh:<\/b><span style=\"font-weight: 400;\"> M\u1ed9t thi\u1ebft b\u1ecb c\u00f3 th\u1ec3 \u0111\u1ea1t n\u0103ng su\u1ea5t h\u00e0ng tr\u0103m, th\u1eadm ch\u00ed h\u00e0ng ngh\u00ecn s\u1ea3n ph\u1ea9m m\u1ed7i gi\u1edd, cao h\u01a1n nhi\u1ec1u so v\u1edbi th\u1ee3 l\u00e0nh ngh\u1ec1.<\/span><\/li>\n<li style=\"font-weight: 400;\" aria-level=\"1\"><b>V\u1eadn h\u00e0nh li\u00ean t\u1ee5c:<\/b><span style=\"font-weight: 400;\"> Khi \u0111\u01b0\u1ee3c t\u00edch h\u1ee3p ch\u1ee9c n\u0103ng c\u1ea5p\/l\u1ea5y li\u1ec7u t\u1ef1 \u0111\u1ed9ng, m\u00e1y c\u00f3 th\u1ec3 k\u1ebft n\u1ed1i li\u1ec1n m\u1ea1ch v\u00e0o d\u00e2y chuy\u1ec1n s\u1ea3n xu\u1ea5t, c\u1ea3i thi\u1ec7n \u0111\u00e1ng k\u1ec3 nh\u1ecbp \u0111\u1ed9 s\u1ea3n xu\u1ea5t t\u1ed5ng th\u1ec3.<\/span><\/li>\n<\/ul>\n<h3><span style=\"font-weight: 400;\">3. T\u1ef7 l\u1ec7 s\u1ea3n ph\u1ea9m l\u1ed7i (Ph\u1ebf ph\u1ea9m) c\u1ef1c th\u1ea5p<\/span><\/h3>\n<ul>\n<li style=\"font-weight: 400;\" aria-level=\"1\"><b>T\u1ef7 l\u1ec7 \u0111\u1ea1t g\u1ea7n nh\u01b0 ho\u00e0n h\u1ea3o (Yield Rate):<\/b><span style=\"font-weight: 400;\"> Do tr\u00e1nh \u0111\u01b0\u1ee3c hi\u1ec7u qu\u1ea3 c\u00e1c v\u1ea5n \u0111\u1ec1 th\u01b0\u1eddng g\u1eb7p nh\u01b0 b\u1ecdt kh\u00ed, b\u1ee5i b\u1ea9n, l\u1ec7ch v\u1ecb tr\u00ed, t\u1ef7 l\u1ec7 s\u1ea3n ph\u1ea9m d\u00e1n m\u00e0ng \u0111\u1ea1t ch\u1ea5t l\u01b0\u1ee3ng c\u00f3 th\u1ec3 \u1ed5n \u0111\u1ecbnh \u1edf m\u1ee9c <\/span><b>99.5% tr\u1edf l\u00ean<\/b><span style=\"font-weight: 400;\">, th\u1eadm ch\u00ed l\u00e0 <\/span><b>100%<\/b><span style=\"font-weight: 400;\">. \u0110i\u1ec1u n\u00e0y gi\u00fap doanh nghi\u1ec7p ti\u1ebft ki\u1ec7m \u0111\u00e1ng k\u1ec3 chi ph\u00ed v\u1eadt li\u1ec7u m\u00e0ng v\u00e0 chi ph\u00ed s\u1ea3n ph\u1ea9m.<\/span><\/li>\n<\/ul>\n<h3><span style=\"font-weight: 400;\">4. Gi\u1ea3m \u0111\u00e1ng k\u1ec3 chi ph\u00ed nh\u00e2n c\u00f4ng v\u00e0 \u0111\u1ed9 kh\u00f3 v\u1eadn h\u00e0nh<\/span><\/h3>\n<ul>\n<li style=\"font-weight: 400;\" aria-level=\"1\"><b>Gi\u1ea3m ph\u1ee5 thu\u1ed9c v\u00e0o th\u1ee3 l\u00e0nh ngh\u1ec1:<\/b><span style=\"font-weight: 400;\"> D\u00e1n m\u00e0ng th\u1ee7 c\u00f4ng truy\u1ec1n th\u1ed1ng c\u1ea7n ng\u01b0\u1eddi lao \u0111\u1ed9ng \u0111\u01b0\u1ee3c \u0111\u00e0o t\u1ea1o chuy\u00ean s\u00e2u trong th\u1eddi gian d\u00e0i, trong khi thi\u1ebft b\u1ecb t\u1ef1 \u0111\u1ed9ng h\u00f3a ch\u1ec9 c\u1ea7n ng\u01b0\u1eddi v\u1eadn h\u00e0nh th\u00f4ng th\u01b0\u1eddng \u0111\u1ec3 c\u1ea5p\/l\u1ea5y li\u1ec7u.<\/span><\/li>\n<li style=\"font-weight: 400;\" aria-level=\"1\"><b>M\u1ed9t ng\u01b0\u1eddi v\u1eadn h\u00e0nh nhi\u1ec1u m\u00e1y (One-person, multi-machine):<\/b><span style=\"font-weight: 400;\"> M\u1ed9t ng\u01b0\u1eddi v\u1eadn h\u00e0nh c\u00f3 th\u1ec3 gi\u00e1m s\u00e1t nhi\u1ec1u thi\u1ebft b\u1ecb c\u00f9ng l\u00fac, gi\u1ea3m \u0111\u00e1ng k\u1ec3 chi ph\u00ed nh\u00e2n c\u00f4ng v\u00e0 \u0111\u1ed9 kh\u00f3 qu\u1ea3n l\u00fd.<\/span><\/li>\n<\/ul>\n<h3><span style=\"font-weight: 400;\">5. Ph\u1ea1m vi \u1ee9ng d\u1ee5ng r\u1ed9ng r\u00e3i v\u00e0 Linh ho\u1ea1t cao<\/span><\/h3>\n<ul>\n<li style=\"font-weight: 400;\" aria-level=\"1\"><span style=\"font-weight: 400;\">B\u1eb1ng c\u00e1ch thay \u0111\u1ed5i <\/span><b>\u0111\u1ed3 g\u00e1 (jig\/fixture)<\/b><span style=\"font-weight: 400;\"> v\u00e0 \u0111i\u1ec1u ch\u1ec9nh th\u00f4ng s\u1ed1 ch\u01b0\u01a1ng tr\u00ecnh, m\u1ed9t thi\u1ebft b\u1ecb c\u00f3 th\u1ec3 \u0111\u00e1p \u1ee9ng nhu c\u1ea7u d\u00e1n m\u00e0ng cho nhi\u1ec1u k\u00edch th\u01b0\u1edbc, h\u00ecnh d\u1ea1ng kh\u00e1c nhau (bao g\u1ed3m c\u1ea3 b\u1ec1 m\u1eb7t cong <\/span><b>2.5D\/3D<\/b><span style=\"font-weight: 400;\">), mang l\u1ea1i m\u1ee9c \u0111\u1ed9 linh ho\u1ea1t cao.<\/span><\/li>\n<\/ul>\n<h3><span style=\"font-weight: 400;\">6. C\u1ea3i thi\u1ec7n m\u00f4i tr\u01b0\u1eddng l\u00e0m vi\u1ec7c<\/span><\/h3>\n<ul>\n<li style=\"font-weight: 400;\" aria-level=\"1\"><span style=\"font-weight: 400;\">Gi\u1ea3i ph\u00f3ng ng\u01b0\u1eddi lao \u0111\u1ed9ng kh\u1ecfi c\u00f4ng vi\u1ec7c d\u00e1n m\u00e0ng l\u1eb7p \u0111i l\u1eb7p l\u1ea1i v\u00e0 nh\u00e0m ch\u00e1n, chuy\u1ec3n sang c\u00e1c c\u00f4ng vi\u1ec7c c\u00f3 gi\u00e1 tr\u1ecb h\u01a1n nh\u01b0 b\u1ea3o tr\u00ec v\u00e0 qu\u1ea3n l\u00fd thi\u1ebft b\u1ecb, n\u00e2ng cao ch\u1ea5t l\u01b0\u1ee3ng c\u00f4ng vi\u1ec7c.<\/span><\/li>\n<\/ul>","protected":false},"excerpt":{"rendered":"<div id=\"26d3d345b29f4f0b\" class=\"conversation-container message-actions-hover-boundary ng-star-inserted\">\n<div>\n<div class=\"response-container ng-tns-c1222284846-667 response-container-with-gpi is-mobile ng-star-inserted response-container-has-multiple-responses\">\n<div class=\"presented-response-container ng-tns-c1222284846-667\">\n<div class=\"response-container-content ng-tns-c1222284846-667 is-mobile\">\n<div class=\"response-content ng-tns-c1222284846-667\">\n<div id=\"model-response-message-contentr_26d3d345b29f4f0b\" class=\"markdown markdown-main-panel enable-updated-hr-color\" dir=\"ltr\">\n<p><b>M\u00e1y d\u00e1n m\u00e0ng \u0111\u1ed9 ch\u00ednh x\u00e1c cao<\/b> c\u1ee7a SWOER l\u00e0 thi\u1ebft b\u1ecb ti\u00ean phong, \u0111\u01b0\u1ee3c thi\u1ebft k\u1ebf cho c\u00e1c ng\u00e0nh c\u00f4ng nghi\u1ec7p \u0111\u00f2i h\u1ecfi ti\u00eau chu\u1ea9n ch\u1ea5t l\u01b0\u1ee3ng kh\u1eaft khe nh\u01b0 d\u01b0\u1ee3c ph\u1ea9m, th\u1ef1c ph\u1ea9m ch\u1ee9c n\u0103ng v\u00e0 h\u00f3a ch\u1ea5t. \u0110i\u1ec3m kh\u00e1c bi\u1ec7t c\u1ed1t l\u00f5i l\u00e0 h\u1ec7 th\u1ed1ng ki\u1ec3m so\u00e1t nhi\u1ec7t \u0111\u1ed9 v\u00e0 \u00e1p su\u1ea5t <b>ho\u00e0n to\u00e0n t\u1ef1 \u0111\u1ed9ng v\u00e0 ch\u00ednh x\u00e1c theo t\u1eebng miligi\u00e2y<\/b>. \u0110i\u1ec1u n\u00e0y \u0111\u1ea3m b\u1ea3o r\u1eb1ng m\u1ed7i l\u1edbp m\u00e0ng seal \u0111\u01b0\u1ee3c d\u00e1n \u0111\u1ec1u \u0111\u1ea1t <b>\u0111\u1ed9 k\u00edn tuy\u1ec7t \u0111\u1ed1i (100% airtight)<\/b>, kh\u00f4ng c\u00f3 khe h\u1edf, kh\u00f4ng b\u1ecb nh\u0103n ho\u1eb7c ch\u00e1y m\u00e0ng. B\u1eb1ng c\u00e1ch lo\u1ea1i b\u1ecf r\u1ee7i ro r\u00f2 r\u1ec9 v\u00e0 \u00f4 nhi\u1ec5m, m\u00e1y d\u00e1n m\u00e0ng n\u00e0y kh\u00f4ng ch\u1ec9 <b>k\u00e9o d\u00e0i th\u1eddi h\u1ea1n s\u1eed d\u1ee5ng<\/b> c\u1ee7a s\u1ea3n ph\u1ea9m m\u00e0 c\u00f2n l\u00e0 gi\u1ea3i ph\u00e1p then ch\u1ed1t \u0111\u1ec3 duy tr\u00ec s\u1ef1 to\u00e0n v\u1eb9n v\u00e0 uy t\u00edn th\u01b0\u01a1ng hi\u1ec7u c\u1ee7a b\u1ea1n.<\/p>\n<\/div>\n<\/div>\n<\/div>\n<\/div>\n<\/div>\n<\/div>\n<\/div>","protected":false},"featured_media":4842,"comment_status":"open","ping_status":"closed","template":"","meta":[],"product_brand":[],"product_cat":[149,76],"product_tag":[190,143,144],"class_list":{"0":"post-4841","1":"product","2":"type-product","3":"status-publish","4":"has-post-thumbnail","6":"product_cat-may-dan-nhan-tu-dong","7":"product_cat-san-pham-moi","8":"product_tag-may-dan-mang-tu-dong","9":"product_tag-may-dan-nhan","10":"product_tag-may-dan-nhan-tu-dong","12":"first","13":"instock","14":"shipping-taxable","15":"product-type-simple"},"yoast_head":"<!-- This site is optimized with the Yoast SEO plugin v26.0 - https:\/\/yoast.com\/wordpress\/plugins\/seo\/ -->\n<title>M\u00e1y d\u00e1n m\u00e0ng \u0111\u1ed9 ch\u00ednh x\u00e1c cao - Nh\u00e0 s\u1ea3n xu\u1ea5t m\u00e1y c\u1ea5p li\u1ec7u c\u00f4ng nghi\u1ec7p<\/title>\n<meta name=\"description\" content=\"M\u00e1y d\u00e1n m\u00e0ng \u0111\u1ed9 ch\u00ednh x\u00e1c cao SWOER: Ki\u1ec3m so\u00e1t nhi\u1ec7t \u0111\u1ed9 v\u00e0 \u00e1p su\u1ea5t t\u1ed1i \u01b0u. \u0110\u1ea3m b\u1ea3o l\u1edbp seal k\u00edn 100%, kh\u00f4ng nh\u0103n, kh\u00f4ng r\u00f2 r\u1ec9. L\u00fd t\u01b0\u1edfng cho d\u01b0\u1ee3c ph\u1ea9m\" \/>\n<meta name=\"robots\" content=\"index, follow, max-snippet:-1, max-image-preview:large, max-video-preview:-1\" \/>\n<link rel=\"canonical\" href=\"https:\/\/swoer.vn\/en\/manufacturer\/may-dan-mang-do-chinh-xac-cao\/\" \/>\n<meta property=\"og:locale\" content=\"en_US\" \/>\n<meta property=\"og:type\" content=\"article\" \/>\n<meta property=\"og:title\" content=\"M\u00e1y d\u00e1n m\u00e0ng \u0111\u1ed9 ch\u00ednh x\u00e1c cao - Nh\u00e0 s\u1ea3n xu\u1ea5t m\u00e1y c\u1ea5p li\u1ec7u c\u00f4ng nghi\u1ec7p\" \/>\n<meta property=\"og:description\" content=\"M\u00e1y d\u00e1n m\u00e0ng \u0111\u1ed9 ch\u00ednh x\u00e1c cao SWOER: Ki\u1ec3m so\u00e1t nhi\u1ec7t \u0111\u1ed9 v\u00e0 \u00e1p su\u1ea5t t\u1ed1i \u01b0u. \u0110\u1ea3m b\u1ea3o l\u1edbp seal k\u00edn 100%, kh\u00f4ng nh\u0103n, kh\u00f4ng r\u00f2 r\u1ec9. L\u00fd t\u01b0\u1edfng cho d\u01b0\u1ee3c ph\u1ea9m\" \/>\n<meta property=\"og:url\" content=\"https:\/\/swoer.vn\/en\/manufacturer\/may-dan-mang-do-chinh-xac-cao\/\" \/>\n<meta property=\"og:site_name\" content=\"Nh\u00e0 s\u1ea3n xu\u1ea5t m\u00e1y c\u1ea5p li\u1ec7u c\u00f4ng nghi\u1ec7p\" \/>\n<meta property=\"og:image\" content=\"https:\/\/swoer.vn\/wp-content\/uploads\/2025\/09\/May-dan-mang-do-chinh-xac-cao.png\" \/>\n\t<meta property=\"og:image:width\" content=\"800\" \/>\n\t<meta property=\"og:image:height\" content=\"800\" \/>\n\t<meta property=\"og:image:type\" content=\"image\/png\" \/>\n<meta name=\"twitter:card\" content=\"summary_large_image\" \/>\n<meta name=\"twitter:label1\" content=\"Est. reading time\" \/>\n\t<meta name=\"twitter:data1\" content=\"5 minutes\" \/>\n<script type=\"application\/ld+json\" class=\"yoast-schema-graph\">{\"@context\":\"https:\/\/schema.org\",\"@graph\":[{\"@type\":\"WebPage\",\"@id\":\"https:\/\/swoer.vn\/manufacturer\/may-dan-mang-do-chinh-xac-cao\/\",\"url\":\"https:\/\/swoer.vn\/manufacturer\/may-dan-mang-do-chinh-xac-cao\/\",\"name\":\"M\u00e1y d\u00e1n m\u00e0ng \u0111\u1ed9 ch\u00ednh x\u00e1c cao - Nh\u00e0 s\u1ea3n xu\u1ea5t m\u00e1y c\u1ea5p li\u1ec7u c\u00f4ng nghi\u1ec7p\",\"isPartOf\":{\"@id\":\"https:\/\/swoer.vn\/#website\"},\"primaryImageOfPage\":{\"@id\":\"https:\/\/swoer.vn\/manufacturer\/may-dan-mang-do-chinh-xac-cao\/#primaryimage\"},\"image\":{\"@id\":\"https:\/\/swoer.vn\/manufacturer\/may-dan-mang-do-chinh-xac-cao\/#primaryimage\"},\"thumbnailUrl\":\"https:\/\/swoer.vn\/wp-content\/uploads\/2025\/09\/May-dan-mang-do-chinh-xac-cao.png\",\"datePublished\":\"2025-09-29T08:43:37+00:00\",\"description\":\"M\u00e1y d\u00e1n m\u00e0ng \u0111\u1ed9 ch\u00ednh x\u00e1c cao SWOER: Ki\u1ec3m so\u00e1t nhi\u1ec7t \u0111\u1ed9 v\u00e0 \u00e1p su\u1ea5t t\u1ed1i \u01b0u. \u0110\u1ea3m b\u1ea3o l\u1edbp seal k\u00edn 100%, kh\u00f4ng nh\u0103n, kh\u00f4ng r\u00f2 r\u1ec9. L\u00fd t\u01b0\u1edfng cho d\u01b0\u1ee3c ph\u1ea9m\",\"breadcrumb\":{\"@id\":\"https:\/\/swoer.vn\/manufacturer\/may-dan-mang-do-chinh-xac-cao\/#breadcrumb\"},\"inLanguage\":\"en-US\",\"potentialAction\":[{\"@type\":\"ReadAction\",\"target\":[\"https:\/\/swoer.vn\/manufacturer\/may-dan-mang-do-chinh-xac-cao\/\"]}]},{\"@type\":\"ImageObject\",\"inLanguage\":\"en-US\",\"@id\":\"https:\/\/swoer.vn\/manufacturer\/may-dan-mang-do-chinh-xac-cao\/#primaryimage\",\"url\":\"https:\/\/swoer.vn\/wp-content\/uploads\/2025\/09\/May-dan-mang-do-chinh-xac-cao.png\",\"contentUrl\":\"https:\/\/swoer.vn\/wp-content\/uploads\/2025\/09\/May-dan-mang-do-chinh-xac-cao.png\",\"width\":800,\"height\":800,\"caption\":\"M\u00e1y d\u00e1n m\u00e0ng \u0111\u1ed9 ch\u00ednh x\u00e1c cao\"},{\"@type\":\"BreadcrumbList\",\"@id\":\"https:\/\/swoer.vn\/manufacturer\/may-dan-mang-do-chinh-xac-cao\/#breadcrumb\",\"itemListElement\":[{\"@type\":\"ListItem\",\"position\":1,\"name\":\"Home\",\"item\":\"https:\/\/swoer.vn\/\"},{\"@type\":\"ListItem\",\"position\":2,\"name\":\"S\u1ea3n ph\u1ea9m\",\"item\":\"https:\/\/swoer.vn\/shop\/\"},{\"@type\":\"ListItem\",\"position\":3,\"name\":\"M\u00e1y d\u00e1n m\u00e0ng \u0111\u1ed9 ch\u00ednh x\u00e1c cao\"}]},{\"@type\":\"WebSite\",\"@id\":\"https:\/\/swoer.vn\/#website\",\"url\":\"https:\/\/swoer.vn\/\",\"name\":\"Nh\u00e0 s\u1ea3n xu\u1ea5t m\u00e1y c\u1ea5p li\u1ec7u c\u00f4ng nghi\u1ec7p\",\"description\":\"Nh\u00e0 cung c\u1ea5p robot, m\u00e1y c\u1ea5p li\u1ec7u linh ho\u1ea1t, m\u00e1y c\u1ea5p li\u1ec7u ly t\u00e2m, m\u00e1y c\u1ea5p li\u1ec7u rung t\u1ef1 \u0111\u1ed9ng\",\"potentialAction\":[{\"@type\":\"SearchAction\",\"target\":{\"@type\":\"EntryPoint\",\"urlTemplate\":\"https:\/\/swoer.vn\/?s={search_term_string}\"},\"query-input\":{\"@type\":\"PropertyValueSpecification\",\"valueRequired\":true,\"valueName\":\"search_term_string\"}}],\"inLanguage\":\"en-US\"}]}<\/script>\n<!-- \/ Yoast SEO plugin. -->","yoast_head_json":{"title":"M\u00e1y d\u00e1n m\u00e0ng \u0111\u1ed9 ch\u00ednh x\u00e1c cao - Nh\u00e0 s\u1ea3n xu\u1ea5t m\u00e1y c\u1ea5p li\u1ec7u c\u00f4ng nghi\u1ec7p","description":"M\u00e1y d\u00e1n m\u00e0ng \u0111\u1ed9 ch\u00ednh x\u00e1c cao SWOER: Ki\u1ec3m so\u00e1t nhi\u1ec7t \u0111\u1ed9 v\u00e0 \u00e1p su\u1ea5t t\u1ed1i \u01b0u. \u0110\u1ea3m b\u1ea3o l\u1edbp seal k\u00edn 100%, kh\u00f4ng nh\u0103n, kh\u00f4ng r\u00f2 r\u1ec9. L\u00fd t\u01b0\u1edfng cho d\u01b0\u1ee3c ph\u1ea9m","robots":{"index":"index","follow":"follow","max-snippet":"max-snippet:-1","max-image-preview":"max-image-preview:large","max-video-preview":"max-video-preview:-1"},"canonical":"https:\/\/swoer.vn\/en\/manufacturer\/may-dan-mang-do-chinh-xac-cao\/","og_locale":"en_US","og_type":"article","og_title":"M\u00e1y d\u00e1n m\u00e0ng \u0111\u1ed9 ch\u00ednh x\u00e1c cao - Nh\u00e0 s\u1ea3n xu\u1ea5t m\u00e1y c\u1ea5p li\u1ec7u c\u00f4ng nghi\u1ec7p","og_description":"M\u00e1y d\u00e1n m\u00e0ng \u0111\u1ed9 ch\u00ednh x\u00e1c cao SWOER: Ki\u1ec3m so\u00e1t nhi\u1ec7t \u0111\u1ed9 v\u00e0 \u00e1p su\u1ea5t t\u1ed1i \u01b0u. \u0110\u1ea3m b\u1ea3o l\u1edbp seal k\u00edn 100%, kh\u00f4ng nh\u0103n, kh\u00f4ng r\u00f2 r\u1ec9. L\u00fd t\u01b0\u1edfng cho d\u01b0\u1ee3c ph\u1ea9m","og_url":"https:\/\/swoer.vn\/en\/manufacturer\/may-dan-mang-do-chinh-xac-cao\/","og_site_name":"Nh\u00e0 s\u1ea3n xu\u1ea5t m\u00e1y c\u1ea5p li\u1ec7u c\u00f4ng nghi\u1ec7p","og_image":[{"width":800,"height":800,"url":"https:\/\/swoer.vn\/wp-content\/uploads\/2025\/09\/May-dan-mang-do-chinh-xac-cao.png","type":"image\/png"}],"twitter_card":"summary_large_image","twitter_misc":{"Est. reading time":"5 minutes"},"schema":{"@context":"https:\/\/schema.org","@graph":[{"@type":"WebPage","@id":"https:\/\/swoer.vn\/manufacturer\/may-dan-mang-do-chinh-xac-cao\/","url":"https:\/\/swoer.vn\/manufacturer\/may-dan-mang-do-chinh-xac-cao\/","name":"M\u00e1y d\u00e1n m\u00e0ng \u0111\u1ed9 ch\u00ednh x\u00e1c cao - Nh\u00e0 s\u1ea3n xu\u1ea5t m\u00e1y c\u1ea5p li\u1ec7u c\u00f4ng nghi\u1ec7p","isPartOf":{"@id":"https:\/\/swoer.vn\/#website"},"primaryImageOfPage":{"@id":"https:\/\/swoer.vn\/manufacturer\/may-dan-mang-do-chinh-xac-cao\/#primaryimage"},"image":{"@id":"https:\/\/swoer.vn\/manufacturer\/may-dan-mang-do-chinh-xac-cao\/#primaryimage"},"thumbnailUrl":"https:\/\/swoer.vn\/wp-content\/uploads\/2025\/09\/May-dan-mang-do-chinh-xac-cao.png","datePublished":"2025-09-29T08:43:37+00:00","description":"M\u00e1y d\u00e1n m\u00e0ng \u0111\u1ed9 ch\u00ednh x\u00e1c cao SWOER: Ki\u1ec3m so\u00e1t nhi\u1ec7t \u0111\u1ed9 v\u00e0 \u00e1p su\u1ea5t t\u1ed1i \u01b0u. \u0110\u1ea3m b\u1ea3o l\u1edbp seal k\u00edn 100%, kh\u00f4ng nh\u0103n, kh\u00f4ng r\u00f2 r\u1ec9. L\u00fd t\u01b0\u1edfng cho d\u01b0\u1ee3c ph\u1ea9m","breadcrumb":{"@id":"https:\/\/swoer.vn\/manufacturer\/may-dan-mang-do-chinh-xac-cao\/#breadcrumb"},"inLanguage":"en-US","potentialAction":[{"@type":"ReadAction","target":["https:\/\/swoer.vn\/manufacturer\/may-dan-mang-do-chinh-xac-cao\/"]}]},{"@type":"ImageObject","inLanguage":"en-US","@id":"https:\/\/swoer.vn\/manufacturer\/may-dan-mang-do-chinh-xac-cao\/#primaryimage","url":"https:\/\/swoer.vn\/wp-content\/uploads\/2025\/09\/May-dan-mang-do-chinh-xac-cao.png","contentUrl":"https:\/\/swoer.vn\/wp-content\/uploads\/2025\/09\/May-dan-mang-do-chinh-xac-cao.png","width":800,"height":800,"caption":"M\u00e1y d\u00e1n m\u00e0ng \u0111\u1ed9 ch\u00ednh x\u00e1c cao"},{"@type":"BreadcrumbList","@id":"https:\/\/swoer.vn\/manufacturer\/may-dan-mang-do-chinh-xac-cao\/#breadcrumb","itemListElement":[{"@type":"ListItem","position":1,"name":"Home","item":"https:\/\/swoer.vn\/"},{"@type":"ListItem","position":2,"name":"S\u1ea3n ph\u1ea9m","item":"https:\/\/swoer.vn\/shop\/"},{"@type":"ListItem","position":3,"name":"M\u00e1y d\u00e1n m\u00e0ng \u0111\u1ed9 ch\u00ednh x\u00e1c cao"}]},{"@type":"WebSite","@id":"https:\/\/swoer.vn\/#website","url":"https:\/\/swoer.vn\/","name":"Industrial Feeder Manufacturer","description":"Supplier of robot, flexible feeder, centrifugal feeder, automatic vibrating feeder","potentialAction":[{"@type":"SearchAction","target":{"@type":"EntryPoint","urlTemplate":"https:\/\/swoer.vn\/?s={search_term_string}"},"query-input":{"@type":"PropertyValueSpecification","valueRequired":true,"valueName":"search_term_string"}}],"inLanguage":"en-US"}]}},"_links":{"self":[{"href":"https:\/\/swoer.vn\/en\/wp-json\/wp\/v2\/product\/4841","targetHints":{"allow":["GET"]}}],"collection":[{"href":"https:\/\/swoer.vn\/en\/wp-json\/wp\/v2\/product"}],"about":[{"href":"https:\/\/swoer.vn\/en\/wp-json\/wp\/v2\/types\/product"}],"replies":[{"embeddable":true,"href":"https:\/\/swoer.vn\/en\/wp-json\/wp\/v2\/comments?post=4841"}],"wp:featuredmedia":[{"embeddable":true,"href":"https:\/\/swoer.vn\/en\/wp-json\/wp\/v2\/media\/4842"}],"wp:attachment":[{"href":"https:\/\/swoer.vn\/en\/wp-json\/wp\/v2\/media?parent=4841"}],"wp:term":[{"taxonomy":"product_brand","embeddable":true,"href":"https:\/\/swoer.vn\/en\/wp-json\/wp\/v2\/product_brand?post=4841"},{"taxonomy":"product_cat","embeddable":true,"href":"https:\/\/swoer.vn\/en\/wp-json\/wp\/v2\/product_cat?post=4841"},{"taxonomy":"product_tag","embeddable":true,"href":"https:\/\/swoer.vn\/en\/wp-json\/wp\/v2\/product_tag?post=4841"}],"curies":[{"name":"wp","href":"https:\/\/api.w.org\/{rel}","templated":true}]}}