{"id":4835,"date":"2025-09-29T15:21:22","date_gmt":"2025-09-29T08:21:22","guid":{"rendered":"https:\/\/swoer.vn\/?post_type=product&#038;p=4835"},"modified":"2025-09-29T15:21:22","modified_gmt":"2025-09-29T08:21:22","slug":"may-dan-nhan-tu-dong-hoan-toan","status":"publish","type":"product","link":"https:\/\/swoer.vn\/en\/manufacturer\/may-dan-nhan-tu-dong-hoan-toan\/","title":{"rendered":"M\u00e1y d\u00e1n nh\u00e3n t\u1ef1 \u0111\u1ed9ng ho\u00e0n to\u00e0n"},"content":{"rendered":"<h2><span style=\"font-weight: 400;\">Product Specifications<\/span><\/h2>\n<table>\n<tbody>\n<tr>\n<td><b>Trademark<\/b><\/td>\n<td><b>SWOER<\/b><\/td>\n<\/tr>\n<tr>\n<td><b>Xu\u1ea5t x\u1ee9<\/b><\/td>\n<td><b>China<\/b><\/td>\n<\/tr>\n<tr>\n<td><b>Lo\u1ea1i bao b\u00ec<\/b><\/td>\n<td><span style=\"font-weight: 400;\">B\u1ecdc, M\u00e0ng m\u1ecfng (\u8584\u819c)<\/span><\/td>\n<\/tr>\n<tr>\n<td><b>V\u1eadt li\u1ec7u ch\u1ebf t\u1ea1o<\/b><\/td>\n<td><b>Stainless steel<\/b><span style=\"font-weight: 400;\"> (\u4e0d\u9508\u94a2)<\/span><\/td>\n<\/tr>\n<tr>\n<td><b>Voltage<\/b><\/td>\n<td><b>220V<\/b><\/td>\n<\/tr>\n<tr>\n<td><b>Tr\u1ecdng l\u01b0\u1ee3ng m\u00e1y<\/b><\/td>\n<td><b>300KG<\/b><\/td>\n<\/tr>\n<tr>\n<td><b>Linh ki\u1ec7n c\u1ed1t l\u00f5i<\/b><\/td>\n<td><b>\u0110\u1ed9ng c\u01a1, PLC<\/b><span style=\"font-weight: 400;\"> (\u7535\u673a, PLC)<\/span><\/td>\n<\/tr>\n<tr>\n<td><b>Ch\u1ee9c n\u0103ng ch\u00ednh<\/b><\/td>\n<td><span style=\"font-weight: 400;\">\u0110\u00f3ng g\u00f3i, D\u00e1n k\u00edn, \u0110\u1ebfm s\u1ed1 l\u01b0\u1ee3ng (\u5305\u88c5, \u5c01\u53e3, \u8ba1\u6570)<\/span><\/td>\n<\/tr>\n<tr>\n<td><b>Ch\u1ebf \u0111\u1ed9 ho\u1ea1t \u0111\u1ed9ng<\/b><\/td>\n<td><b>M\u00e0n h\u00ecnh c\u1ea3m \u1ee9ng<\/b><span style=\"font-weight: 400;\"> (\u89e6\u6478\u5c4f)<\/span><\/td>\n<\/tr>\n<tr>\n<td><b>T\u1ed1c \u0111\u1ed9 s\u1ea3n xu\u1ea5t<\/b><\/td>\n<td><b>20-40 t\u00fai\/ph\u00fat<\/b><span style=\"font-weight: 400;\"> (20-40 \u888b\/\u5206\u949f)<\/span><\/td>\n<\/tr>\n<tr>\n<td><b>\u0110\u00f3ng g\u00f3i<\/b><\/td>\n<td><span style=\"font-weight: 400;\">H\u00f2m g\u1ed7 (\u6728\u7bb1)<\/span><\/td>\n<\/tr>\n<tr>\n<td><b>B\u1ea3o h\u00e0nh chung<\/b><\/td>\n<td><b>one year<\/b><\/td>\n<\/tr>\n<tr>\n<td><b>Video xu\u1ea5t x\u01b0\u1edfng<\/b><\/td>\n<td><span style=\"font-weight: 400;\">C\u00f3 th\u1ec3 cung c\u1ea5p (\u53ef\u63d0\u4f9b)<\/span><\/td>\n<\/tr>\n<\/tbody>\n<\/table>\n<h2><span style=\"font-weight: 400;\">Features<\/span><\/h2>\n<p><b>M\u00e1y d\u00e1n nh\u00e3n<\/b><span style=\"font-weight: 400;\"> l\u00e0 thi\u1ebft b\u1ecb \u0111\u01b0\u1ee3c s\u1eed d\u1ee5ng \u0111\u1ec3 t\u1ef1 \u0111\u1ed9ng d\u00e1n nh\u00e3n l\u00ean s\u1ea3n ph\u1ea9m, v\u1eadt ch\u1ee9a ho\u1eb7c bao b\u00ec. Sau \u0111\u00e2y l\u00e0 t\u1ed5ng h\u1ee3p c\u00e1c ki\u1ebfn th\u1ee9c c\u1ed1t l\u00f5i v\u1ec1 m\u00e1y d\u00e1n nh\u00e3n:<\/span><\/p>\n<p><span style=\"font-weight: 400;\">M\u00e1y d\u00e1n nh\u00e3n c\u00f3 r\u1ea5t nhi\u1ec1u lo\u1ea1i, ch\u1ee7 y\u1ebfu \u0111\u01b0\u1ee3c ph\u00e2n lo\u1ea1i d\u1ef1a tr\u00ean \u0111\u1ed1i t\u01b0\u1ee3ng v\u00e0 ph\u01b0\u01a1ng th\u1ee9c d\u00e1n nh\u00e3n nh\u01b0 sau:<\/span><\/p>\n<table>\n<tbody>\n<tr>\n<td><span style=\"font-weight: 400;\">Lo\u1ea1i M\u00e1y D\u00e1n Nh\u00e3n<\/span><\/td>\n<td><span style=\"font-weight: 400;\">Nguy\u00ean l\u00fd ho\u1ea1t \u0111\u1ed9ng v\u00e0 \u0110\u1eb7c \u0111i\u1ec3m<\/span><\/td>\n<td><span style=\"font-weight: 400;\">K\u1ecbch b\u1ea3n \u1ee9ng d\u1ee5ng ti\u00eau bi\u1ec3u<\/span><\/td>\n<\/tr>\n<tr>\n<td><b>M\u00e1y D\u00e1n Nh\u00e3n Ph\u1eb3ng<\/b><\/td>\n<td><span style=\"font-weight: 400;\">Th\u1ef1c hi\u1ec7n d\u00e1n nh\u00e3n tr\u00ean m\u1ed9t m\u1eb7t ph\u1eb3ng c\u1ee7a s\u1ea3n ph\u1ea9m (nh\u01b0 m\u1eb7t tr\u00ean, m\u1eb7t b\u00ean).<\/span><\/td>\n<td><span style=\"font-weight: 400;\">H\u1ed9p gi\u1ea5y, t\u00fai \u0111\u00f3ng g\u00f3i, n\u1eafp nh\u1ef1a, s\u00e1ch, d\u1ee5ng c\u1ee5 kim lo\u1ea1i, v.v.<\/span><\/td>\n<\/tr>\n<tr>\n<td><b>M\u00e1y D\u00e1n Nh\u00e3n Chai Tr\u00f2n (Chu vi)<\/b><\/td>\n<td><span style=\"font-weight: 400;\">S\u1ea3n ph\u1ea9m quay tr\u00ean b\u0103ng t\u1ea3i, nh\u00e3n \u0111\u01b0\u1ee3c d\u00e1n v\u00f2ng quanh th\u00e2n chai m\u1ed9t c\u00e1ch ho\u00e0n ch\u1ec9nh.<\/span><\/td>\n<td><span style=\"font-weight: 400;\">Chai m\u1ef9 ph\u1ea9m, chai thu\u1ed1c, chai n\u01b0\u1edbc gi\u1ea3i kh\u00e1t, pin v\u00e0 c\u00e1c v\u1eadt th\u1ec3 h\u00ecnh tr\u1ee5 kh\u00e1c.<\/span><\/td>\n<\/tr>\n<tr>\n<td><b>M\u00e1y D\u00e1n Nh\u00e3n C\u1ea1nh\/M\u1eb7t B\u00ean<\/b><\/td>\n<td><span style=\"font-weight: 400;\">S\u1ea3n ph\u1ea9m \u0111\u01b0\u1ee3c v\u1eadn chuy\u1ec3n theo chi\u1ec1u \u0111\u1ee9ng ho\u1eb7c n\u1eb1m ngang, nh\u00e3n \u0111\u01b0\u1ee3c d\u00e1n v\u00e0o m\u1eb7t b\u00ean. Chia th\u00e0nh lo\u1ea1i \u0111\u1ee9ng (vertical) v\u00e0 lo\u1ea1i n\u1eb1m (horizontal).<\/span><\/td>\n<td><span style=\"font-weight: 400;\">Chai vu\u00f4ng, chai d\u1eb9t, \u1ed1ng m\u1ec1m (nh\u01b0 chai d\u1ea7u g\u1ed9i, tu\u00fdp thu\u1ed1c m\u1ee1).<\/span><\/td>\n<\/tr>\n<tr>\n<td><b>M\u00e1y D\u00e1n Nh\u00e3n Phi Ti\u00eau Chu\u1ea9n\/\u0110\u1eb7c Bi\u1ec7t<\/b><\/td>\n<td><span style=\"font-weight: 400;\">\u0110\u01b0\u1ee3c t\u00f9y ch\u1ec9nh cho c\u00e1c h\u00ecnh d\u1ea1ng \u0111\u1eb7c bi\u1ec7t (nh\u01b0 b\u1ec1 m\u1eb7t cong kh\u00f4ng \u0111\u1ec1u, d\u00e1n nh\u00e3n b\u00ean trong th\u00e0nh).<\/span><\/td>\n<td><span style=\"font-weight: 400;\">D\u00e1n nh\u00e3n th\u00e2n chai + c\u1ed5 chai n\u01b0\u1edbc t\u01b0\u01a1ng, d\u00e1n nh\u00e3n b\u00ean trong th\u00e0nh v\u1eadt ch\u1ee9a h\u00ecnh b\u00e1t, v.v.<\/span><\/td>\n<\/tr>\n<\/tbody>\n<\/table>\n<p><span style=\"font-weight: 400;\">Theo m\u1ee9c \u0111\u1ed9 t\u1ef1 \u0111\u1ed9ng h\u00f3a, m\u00e1y d\u00e1n nh\u00e3n c\u00f2n \u0111\u01b0\u1ee3c chia th\u00e0nh:<\/span><\/p>\n<ul>\n<li style=\"font-weight: 400;\" aria-level=\"1\"><b>M\u00e1y d\u00e1n nh\u00e3n t\u1ef1 \u0111\u1ed9ng ho\u00e0n to\u00e0n (Full Automatic Labeling Machine):<\/b><span style=\"font-weight: 400;\"> \u0110\u01b0\u1ee3c t\u00edch h\u1ee3p v\u00e0o d\u00e2y chuy\u1ec1n s\u1ea3n xu\u1ea5t, t\u1ef1 \u0111\u1ed9ng ho\u00e0n t\u1ea5t m\u1ecdi thao t\u00e1c, c\u00f3 hi\u1ec7u su\u1ea5t c\u1ef1c cao.<\/span><\/li>\n<li style=\"font-weight: 400;\" aria-level=\"1\"><b>M\u00e1y d\u00e1n nh\u00e3n b\u00e1n t\u1ef1 \u0111\u1ed9ng (Semi-Automatic Labeling Machine):<\/b><span style=\"font-weight: 400;\"> C\u1ea7n nh\u00e2n c\u00f4ng c\u1ea5p v\u00e0 l\u1ea5y s\u1ea3n ph\u1ea9m, m\u00e1y t\u1ef1 \u0111\u1ed9ng d\u00e1n nh\u00e3n, th\u00edch h\u1ee3p cho s\u1ea3n xu\u1ea5t quy m\u00f4 nh\u1ecf.<\/span><\/li>\n<\/ul>\n<h2><span style=\"font-weight: 400;\">Quy tr\u00ecnh l\u00e0m vi\u1ec7c c\u01a1 b\u1ea3n<\/span><\/h2>\n<p><span style=\"font-weight: 400;\">\u0110a s\u1ed1 m\u00e1y d\u00e1n nh\u00e3n \u0111\u1ec1u tu\u00e2n theo c\u00e1c b\u01b0\u1edbc c\u1ed1t l\u00f5i sau:<\/span><\/p>\n<ol>\n<li style=\"font-weight: 400;\" aria-level=\"1\"><b>C\u1ea5p nh\u00e3n:<\/b><span style=\"font-weight: 400;\"> Cu\u1ed9n nh\u00e3n \u0111\u01b0\u1ee3c k\u00e9o ra nh\u1edd c\u01a1 c\u1ea5u truy\u1ec1n \u0111\u1ed9ng.<\/span><\/li>\n<li style=\"font-weight: 400;\" aria-level=\"1\"><b>B\u00f3c nh\u00e3n:<\/b><span style=\"font-weight: 400;\"> Gi\u1ea5y n\u1ec1n (backing paper) \u0111i qua m\u1ed9t <\/span><b>&#8220;thanh b\u00f3c nh\u00e3n&#8221;<\/b><span style=\"font-weight: 400;\"> s\u1eafc b\u00e9n v\u00e0 \u0111\u1ed9t ng\u1ed9t chuy\u1ec3n h\u01b0\u1edbng, khi\u1ebfn m\u00e9p tr\u01b0\u1edbc c\u1ee7a nh\u00e3n b\u1ecb n\u00e2ng l\u00ean v\u00e0 t\u00e1ch kh\u1ecfi gi\u1ea5y n\u1ec1n.<\/span><\/li>\n<li style=\"font-weight: 400;\" aria-level=\"1\"><b>Ph\u00e1t hi\u1ec7n:<\/b><span style=\"font-weight: 400;\"> C\u1ea3m bi\u1ebfn ph\u00e1t hi\u1ec7n s\u1ea3n ph\u1ea9m \u0111\u00e3 v\u00e0o \u0111\u00fang v\u1ecb tr\u00ed v\u00e0 ph\u00e1t t\u00edn hi\u1ec7u d\u00e1n nh\u00e3n.<\/span><\/li>\n<li style=\"font-weight: 400;\" aria-level=\"1\"><b>D\u00e1n nh\u00e3n:<\/b><span style=\"font-weight: 400;\"> S\u1ea3n ph\u1ea9m trong qu\u00e1 tr\u00ecnh chuy\u1ec3n \u0111\u1ed9ng ti\u1ebfp x\u00fac v\u00e0 d\u00ednh l\u1ea5y nh\u00e3n \u0111\u00e3 \u0111\u01b0\u1ee3c b\u00f3c t\u00e1ch.<\/span><\/li>\n<li style=\"font-weight: 400;\" aria-level=\"1\"><b>\u00c9p ph\u1eb3ng:<\/b><span style=\"font-weight: 400;\"> Ch\u1ed5i ho\u1eb7c con l\u0103n \u00e9p nh\u00e3n ph\u1eb3ng phiu v\u00e0 ch\u1eafc ch\u1eafn l\u00ean b\u1ec1 m\u1eb7t s\u1ea3n ph\u1ea9m, lo\u1ea1i b\u1ecf kh\u00f4ng kh\u00ed.<\/span><\/li>\n<\/ol>\n<h2><span style=\"font-weight: 400;\">H\u01b0\u1edbng d\u1eabn l\u1ef1a ch\u1ecdn\u00a0<\/span><\/h2>\n<p><span style=\"font-weight: 400;\">\u0110\u1ec3 ch\u1ecdn m\u1ed9t m\u00e1y d\u00e1n nh\u00e3n ph\u00f9 h\u1ee3p, b\u1ea1n n\u00ean th\u1ef1c hi\u1ec7n theo c\u00e1c b\u01b0\u1edbc sau, trong \u0111\u00f3 b\u01b0\u1edbc quan tr\u1ecdng nh\u1ea5t l\u00e0 cung c\u1ea5p m\u1eabu s\u1ea3n ph\u1ea9m \u0111\u1ec3 th\u1eed nghi\u1ec7m:<\/span><\/p>\n<p><b>X\u00e1c \u0111\u1ecbnh r\u00f5 nhu c\u1ea7u c\u1ee7a b\u1ea1n (T\u1ef1 tr\u1ea3 l\u1eddi c\u00e1c c\u00e2u h\u1ecfi sau):<\/b><\/p>\n<ul>\n<li style=\"font-weight: 400;\" aria-level=\"2\"><b>S\u1ea3n ph\u1ea9m l\u00e0 g\u00ec?<\/b><span style=\"font-weight: 400;\"> Cung c\u1ea5p m\u1eabu v\u1eadt l\u00fd (ch\u1ea5t li\u1ec7u, h\u00ecnh d\u1ea1ng, k\u00edch th\u01b0\u1edbc).<\/span><\/li>\n<li style=\"font-weight: 400;\" aria-level=\"2\"><b>Nh\u00e3n l\u00e0 g\u00ec?<\/b><span style=\"font-weight: 400;\"> Cung c\u1ea5p m\u1eabu v\u1eadt l\u00fd (ch\u1ea5t li\u1ec7u, k\u00edch th\u01b0\u1edbc).<\/span><\/li>\n<li style=\"font-weight: 400;\" aria-level=\"2\"><b>D\u00e1n \u1edf \u0111\u00e2u?<\/b><span style=\"font-weight: 400;\"> X\u00e1c \u0111\u1ecbnh r\u00f5 v\u1ecb tr\u00ed d\u00e1n nh\u00e3n v\u00e0 y\u00eau c\u1ea7u v\u1ec1 \u0111\u1ed9 ch\u00ednh x\u00e1c (v\u00ed d\u1ee5: \u00b11 mm).<\/span><\/li>\n<li style=\"font-weight: 400;\" aria-level=\"2\"><b>Y\u00eau c\u1ea7u n\u0103ng su\u1ea5t?<\/b><span style=\"font-weight: 400;\"> C\u1ea7n d\u00e1n bao nhi\u00eau s\u1ea3n ph\u1ea9m m\u1ed7i ph\u00fat?<\/span><\/li>\n<li style=\"font-weight: 400;\" aria-level=\"2\"><b>Ph\u1ea1m vi ng\u00e2n s\u00e1ch?<\/b><\/li>\n<\/ul>","protected":false},"excerpt":{"rendered":"<div id=\"9cdf9759917fd550\" class=\"conversation-container message-actions-hover-boundary ng-star-inserted\">\n<div>\n<div class=\"response-container ng-tns-c1222284846-652 response-container-with-gpi is-mobile ng-star-inserted response-container-has-multiple-responses\">\n<div class=\"presented-response-container ng-tns-c1222284846-652\">\n<div class=\"response-container-content ng-tns-c1222284846-652 is-mobile\">\n<div class=\"response-content ng-tns-c1222284846-652\">\n<div id=\"model-response-message-contentr_9cdf9759917fd550\" class=\"markdown markdown-main-panel enable-updated-hr-color\" dir=\"ltr\">\n<p><b>M\u00e1y d\u00e1n nh\u00e3n t\u1ef1 \u0111\u1ed9ng ho\u00e0n to\u00e0n<\/b> c\u1ee7a SWOER l\u00e0 gi\u1ea3i ph\u00e1p n\u00e2ng c\u1ea5p to\u00e0n di\u1ec7n, \u0111\u01b0\u1ee3c thi\u1ebft k\u1ebf \u0111\u1ec3 lo\u1ea1i b\u1ecf tri\u1ec7t \u0111\u1ec3 c\u00e1c r\u00e0o c\u1ea3n v\u1ec1 t\u1ed1c \u0111\u1ed9 v\u00e0 sai s\u00f3t trong quy tr\u00ecnh \u0111\u00f3ng g\u00f3i. \u0110\u00e2y l\u00e0 m\u1ed9t h\u1ec7 th\u1ed1ng <b>t\u1ef1 \u0111\u1ed9ng h\u00f3a c\u1ea5p cao<\/b>, c\u00f3 kh\u1ea3 n\u0103ng x\u1eed l\u00fd m\u1ecdi c\u00f4ng \u0111o\u1ea1n t\u1eeb c\u1ea5p s\u1ea3n ph\u1ea9m v\u00e0o, \u0111\u1ecbnh v\u1ecb b\u1eb1ng c\u01a1 c\u1ea5u th\u00f4ng minh, cho \u0111\u1ebfn d\u00e1n nh\u00e3n v\u1edbi <b>t\u1ed1c \u0111\u1ed9 si\u00eau nhanh<\/b> and <b>\u0111\u1ed9 ch\u00ednh x\u00e1c ho\u00e0n h\u1ea3o<\/b>. B\u1eb1ng c\u00e1ch v\u1eadn h\u00e0nh li\u00ean t\u1ee5c 24\/7 m\u00e0 kh\u00f4ng c\u1ea7n s\u1ef1 can thi\u1ec7p c\u1ee7a con ng\u01b0\u1eddi, m\u00e1y gi\u00fap doanh nghi\u1ec7p <b>gi\u1ea3m chi ph\u00ed lao \u0111\u1ed9ng<\/b> \u0111\u00e1ng k\u1ec3, \u0111\u1ed3ng th\u1eddi \u0111\u1ea3m b\u1ea3o m\u1ecdi nh\u00e3n d\u00e1n \u0111\u1ec1u ph\u1eb3ng phiu, kh\u00f4ng nh\u0103n, kh\u00f4ng l\u1ec7ch. \u0110\u00e2y l\u00e0 kho\u1ea3n \u0111\u1ea7u t\u01b0 chi\u1ebfn l\u01b0\u1ee3c gi\u00fap t\u0103ng c\u01b0\u1eddng t\u00ednh c\u1ea1nh tranh v\u00e0 ch\u1ea5t l\u01b0\u1ee3ng th\u1ea9m m\u1ef9 c\u1ee7a s\u1ea3n ph\u1ea9m tr\u00ean th\u1ecb tr\u01b0\u1eddng.<\/p>\n<\/div>\n<\/div>\n<\/div>\n<\/div>\n<\/div>\n<\/div>\n<\/div>","protected":false},"featured_media":4836,"comment_status":"open","ping_status":"closed","template":"","meta":[],"product_brand":[],"product_cat":[149,76],"product_tag":[195,143,144,194],"class_list":{"0":"post-4835","1":"product","2":"type-product","3":"status-publish","4":"has-post-thumbnail","6":"product_cat-may-dan-nhan-tu-dong","7":"product_cat-san-pham-moi","8":"product_tag-may-dan-mang","9":"product_tag-may-dan-nhan","10":"product_tag-may-dan-nhan-tu-dong","11":"product_tag-may-dan-nhan-tu-dong-hoan-toan","13":"first","14":"instock","15":"shipping-taxable","16":"product-type-simple"},"yoast_head":"<!-- This site is optimized with the Yoast SEO plugin v26.0 - https:\/\/yoast.com\/wordpress\/plugins\/seo\/ -->\n<title>M\u00e1y d\u00e1n nh\u00e3n t\u1ef1 \u0111\u1ed9ng ho\u00e0n to\u00e0n - Nh\u00e0 s\u1ea3n xu\u1ea5t m\u00e1y c\u1ea5p li\u1ec7u c\u00f4ng nghi\u1ec7p<\/title>\n<meta name=\"description\" content=\"M\u00e1y d\u00e1n nh\u00e3n t\u1ef1 \u0111\u1ed9ng ho\u00e0n to\u00e0n SWOER: T\u1ef1 \u0111\u1ed9ng h\u00f3a d\u00e1n nh\u00e3n End-to-End v\u1edbi t\u1ed1c \u0111\u1ed9 si\u00eau nhanh v\u00e0 \u0111\u1ed9 ch\u00ednh x\u00e1c tuy\u1ec7t \u0111\u1ed1i. Lo\u1ea1i b\u1ecf l\u1ed7i th\u1ee7 c\u00f4ng, t\u1ed1i \u0111a h\u00f3a\" \/>\n<meta name=\"robots\" content=\"index, follow, max-snippet:-1, max-image-preview:large, max-video-preview:-1\" \/>\n<link rel=\"canonical\" href=\"https:\/\/swoer.vn\/en\/manufacturer\/may-dan-nhan-tu-dong-hoan-toan\/\" \/>\n<meta property=\"og:locale\" content=\"en_US\" \/>\n<meta property=\"og:type\" content=\"article\" \/>\n<meta property=\"og:title\" content=\"M\u00e1y d\u00e1n nh\u00e3n t\u1ef1 \u0111\u1ed9ng ho\u00e0n to\u00e0n - Nh\u00e0 s\u1ea3n xu\u1ea5t m\u00e1y c\u1ea5p li\u1ec7u c\u00f4ng nghi\u1ec7p\" \/>\n<meta property=\"og:description\" content=\"M\u00e1y d\u00e1n nh\u00e3n t\u1ef1 \u0111\u1ed9ng ho\u00e0n to\u00e0n SWOER: T\u1ef1 \u0111\u1ed9ng h\u00f3a d\u00e1n nh\u00e3n End-to-End v\u1edbi t\u1ed1c \u0111\u1ed9 si\u00eau nhanh v\u00e0 \u0111\u1ed9 ch\u00ednh x\u00e1c tuy\u1ec7t \u0111\u1ed1i. Lo\u1ea1i b\u1ecf l\u1ed7i th\u1ee7 c\u00f4ng, t\u1ed1i \u0111a h\u00f3a\" \/>\n<meta property=\"og:url\" content=\"https:\/\/swoer.vn\/en\/manufacturer\/may-dan-nhan-tu-dong-hoan-toan\/\" \/>\n<meta property=\"og:site_name\" content=\"Nh\u00e0 s\u1ea3n xu\u1ea5t m\u00e1y c\u1ea5p li\u1ec7u c\u00f4ng nghi\u1ec7p\" \/>\n<meta property=\"og:image\" content=\"https:\/\/swoer.vn\/wp-content\/uploads\/2025\/09\/may-dan-nhan-tu-dong-hoan-toan.png\" \/>\n\t<meta property=\"og:image:width\" content=\"800\" \/>\n\t<meta property=\"og:image:height\" content=\"800\" \/>\n\t<meta property=\"og:image:type\" content=\"image\/png\" \/>\n<meta name=\"twitter:card\" content=\"summary_large_image\" \/>\n<meta name=\"twitter:label1\" content=\"Est. reading time\" \/>\n\t<meta name=\"twitter:data1\" content=\"4 minutes\" \/>\n<script type=\"application\/ld+json\" class=\"yoast-schema-graph\">{\"@context\":\"https:\/\/schema.org\",\"@graph\":[{\"@type\":\"WebPage\",\"@id\":\"https:\/\/swoer.vn\/manufacturer\/may-dan-nhan-tu-dong-hoan-toan\/\",\"url\":\"https:\/\/swoer.vn\/manufacturer\/may-dan-nhan-tu-dong-hoan-toan\/\",\"name\":\"M\u00e1y d\u00e1n nh\u00e3n t\u1ef1 \u0111\u1ed9ng ho\u00e0n to\u00e0n - Nh\u00e0 s\u1ea3n xu\u1ea5t m\u00e1y c\u1ea5p li\u1ec7u c\u00f4ng nghi\u1ec7p\",\"isPartOf\":{\"@id\":\"https:\/\/swoer.vn\/#website\"},\"primaryImageOfPage\":{\"@id\":\"https:\/\/swoer.vn\/manufacturer\/may-dan-nhan-tu-dong-hoan-toan\/#primaryimage\"},\"image\":{\"@id\":\"https:\/\/swoer.vn\/manufacturer\/may-dan-nhan-tu-dong-hoan-toan\/#primaryimage\"},\"thumbnailUrl\":\"https:\/\/swoer.vn\/wp-content\/uploads\/2025\/09\/may-dan-nhan-tu-dong-hoan-toan.png\",\"datePublished\":\"2025-09-29T08:21:22+00:00\",\"description\":\"M\u00e1y d\u00e1n nh\u00e3n t\u1ef1 \u0111\u1ed9ng ho\u00e0n to\u00e0n SWOER: T\u1ef1 \u0111\u1ed9ng h\u00f3a d\u00e1n nh\u00e3n End-to-End v\u1edbi t\u1ed1c \u0111\u1ed9 si\u00eau nhanh v\u00e0 \u0111\u1ed9 ch\u00ednh x\u00e1c tuy\u1ec7t \u0111\u1ed1i. Lo\u1ea1i b\u1ecf l\u1ed7i th\u1ee7 c\u00f4ng, t\u1ed1i \u0111a h\u00f3a\",\"breadcrumb\":{\"@id\":\"https:\/\/swoer.vn\/manufacturer\/may-dan-nhan-tu-dong-hoan-toan\/#breadcrumb\"},\"inLanguage\":\"en-US\",\"potentialAction\":[{\"@type\":\"ReadAction\",\"target\":[\"https:\/\/swoer.vn\/manufacturer\/may-dan-nhan-tu-dong-hoan-toan\/\"]}]},{\"@type\":\"ImageObject\",\"inLanguage\":\"en-US\",\"@id\":\"https:\/\/swoer.vn\/manufacturer\/may-dan-nhan-tu-dong-hoan-toan\/#primaryimage\",\"url\":\"https:\/\/swoer.vn\/wp-content\/uploads\/2025\/09\/may-dan-nhan-tu-dong-hoan-toan.png\",\"contentUrl\":\"https:\/\/swoer.vn\/wp-content\/uploads\/2025\/09\/may-dan-nhan-tu-dong-hoan-toan.png\",\"width\":800,\"height\":800,\"caption\":\"ma\u0301y da\u0301n nha\u0303n tu\u031b\u0323 \u0111o\u0323\u0302ng hoa\u0300n toa\u0300n\"},{\"@type\":\"BreadcrumbList\",\"@id\":\"https:\/\/swoer.vn\/manufacturer\/may-dan-nhan-tu-dong-hoan-toan\/#breadcrumb\",\"itemListElement\":[{\"@type\":\"ListItem\",\"position\":1,\"name\":\"Home\",\"item\":\"https:\/\/swoer.vn\/\"},{\"@type\":\"ListItem\",\"position\":2,\"name\":\"S\u1ea3n ph\u1ea9m\",\"item\":\"https:\/\/swoer.vn\/shop\/\"},{\"@type\":\"ListItem\",\"position\":3,\"name\":\"M\u00e1y d\u00e1n nh\u00e3n t\u1ef1 \u0111\u1ed9ng ho\u00e0n to\u00e0n\"}]},{\"@type\":\"WebSite\",\"@id\":\"https:\/\/swoer.vn\/#website\",\"url\":\"https:\/\/swoer.vn\/\",\"name\":\"Nh\u00e0 s\u1ea3n xu\u1ea5t m\u00e1y c\u1ea5p li\u1ec7u c\u00f4ng nghi\u1ec7p\",\"description\":\"Nh\u00e0 cung c\u1ea5p robot, m\u00e1y c\u1ea5p li\u1ec7u linh ho\u1ea1t, m\u00e1y c\u1ea5p li\u1ec7u ly t\u00e2m, m\u00e1y c\u1ea5p li\u1ec7u rung t\u1ef1 \u0111\u1ed9ng\",\"potentialAction\":[{\"@type\":\"SearchAction\",\"target\":{\"@type\":\"EntryPoint\",\"urlTemplate\":\"https:\/\/swoer.vn\/?s={search_term_string}\"},\"query-input\":{\"@type\":\"PropertyValueSpecification\",\"valueRequired\":true,\"valueName\":\"search_term_string\"}}],\"inLanguage\":\"en-US\"}]}<\/script>\n<!-- \/ Yoast SEO plugin. -->","yoast_head_json":{"title":"M\u00e1y d\u00e1n nh\u00e3n t\u1ef1 \u0111\u1ed9ng ho\u00e0n to\u00e0n - Nh\u00e0 s\u1ea3n xu\u1ea5t m\u00e1y c\u1ea5p li\u1ec7u c\u00f4ng nghi\u1ec7p","description":"M\u00e1y d\u00e1n nh\u00e3n t\u1ef1 \u0111\u1ed9ng ho\u00e0n to\u00e0n SWOER: T\u1ef1 \u0111\u1ed9ng h\u00f3a d\u00e1n nh\u00e3n End-to-End v\u1edbi t\u1ed1c \u0111\u1ed9 si\u00eau nhanh v\u00e0 \u0111\u1ed9 ch\u00ednh x\u00e1c tuy\u1ec7t \u0111\u1ed1i. Lo\u1ea1i b\u1ecf l\u1ed7i th\u1ee7 c\u00f4ng, t\u1ed1i \u0111a h\u00f3a","robots":{"index":"index","follow":"follow","max-snippet":"max-snippet:-1","max-image-preview":"max-image-preview:large","max-video-preview":"max-video-preview:-1"},"canonical":"https:\/\/swoer.vn\/en\/manufacturer\/may-dan-nhan-tu-dong-hoan-toan\/","og_locale":"en_US","og_type":"article","og_title":"M\u00e1y d\u00e1n nh\u00e3n t\u1ef1 \u0111\u1ed9ng ho\u00e0n to\u00e0n - Nh\u00e0 s\u1ea3n xu\u1ea5t m\u00e1y c\u1ea5p li\u1ec7u c\u00f4ng nghi\u1ec7p","og_description":"M\u00e1y d\u00e1n nh\u00e3n t\u1ef1 \u0111\u1ed9ng ho\u00e0n to\u00e0n SWOER: T\u1ef1 \u0111\u1ed9ng h\u00f3a d\u00e1n nh\u00e3n End-to-End v\u1edbi t\u1ed1c \u0111\u1ed9 si\u00eau nhanh v\u00e0 \u0111\u1ed9 ch\u00ednh x\u00e1c tuy\u1ec7t \u0111\u1ed1i. Lo\u1ea1i b\u1ecf l\u1ed7i th\u1ee7 c\u00f4ng, t\u1ed1i \u0111a h\u00f3a","og_url":"https:\/\/swoer.vn\/en\/manufacturer\/may-dan-nhan-tu-dong-hoan-toan\/","og_site_name":"Nh\u00e0 s\u1ea3n xu\u1ea5t m\u00e1y c\u1ea5p li\u1ec7u c\u00f4ng nghi\u1ec7p","og_image":[{"width":800,"height":800,"url":"https:\/\/swoer.vn\/wp-content\/uploads\/2025\/09\/may-dan-nhan-tu-dong-hoan-toan.png","type":"image\/png"}],"twitter_card":"summary_large_image","twitter_misc":{"Est. reading time":"4 minutes"},"schema":{"@context":"https:\/\/schema.org","@graph":[{"@type":"WebPage","@id":"https:\/\/swoer.vn\/manufacturer\/may-dan-nhan-tu-dong-hoan-toan\/","url":"https:\/\/swoer.vn\/manufacturer\/may-dan-nhan-tu-dong-hoan-toan\/","name":"M\u00e1y d\u00e1n nh\u00e3n t\u1ef1 \u0111\u1ed9ng ho\u00e0n to\u00e0n - Nh\u00e0 s\u1ea3n xu\u1ea5t m\u00e1y c\u1ea5p li\u1ec7u c\u00f4ng nghi\u1ec7p","isPartOf":{"@id":"https:\/\/swoer.vn\/#website"},"primaryImageOfPage":{"@id":"https:\/\/swoer.vn\/manufacturer\/may-dan-nhan-tu-dong-hoan-toan\/#primaryimage"},"image":{"@id":"https:\/\/swoer.vn\/manufacturer\/may-dan-nhan-tu-dong-hoan-toan\/#primaryimage"},"thumbnailUrl":"https:\/\/swoer.vn\/wp-content\/uploads\/2025\/09\/may-dan-nhan-tu-dong-hoan-toan.png","datePublished":"2025-09-29T08:21:22+00:00","description":"M\u00e1y d\u00e1n nh\u00e3n t\u1ef1 \u0111\u1ed9ng ho\u00e0n to\u00e0n SWOER: T\u1ef1 \u0111\u1ed9ng h\u00f3a d\u00e1n nh\u00e3n End-to-End v\u1edbi t\u1ed1c \u0111\u1ed9 si\u00eau nhanh v\u00e0 \u0111\u1ed9 ch\u00ednh x\u00e1c tuy\u1ec7t \u0111\u1ed1i. Lo\u1ea1i b\u1ecf l\u1ed7i th\u1ee7 c\u00f4ng, t\u1ed1i \u0111a h\u00f3a","breadcrumb":{"@id":"https:\/\/swoer.vn\/manufacturer\/may-dan-nhan-tu-dong-hoan-toan\/#breadcrumb"},"inLanguage":"en-US","potentialAction":[{"@type":"ReadAction","target":["https:\/\/swoer.vn\/manufacturer\/may-dan-nhan-tu-dong-hoan-toan\/"]}]},{"@type":"ImageObject","inLanguage":"en-US","@id":"https:\/\/swoer.vn\/manufacturer\/may-dan-nhan-tu-dong-hoan-toan\/#primaryimage","url":"https:\/\/swoer.vn\/wp-content\/uploads\/2025\/09\/may-dan-nhan-tu-dong-hoan-toan.png","contentUrl":"https:\/\/swoer.vn\/wp-content\/uploads\/2025\/09\/may-dan-nhan-tu-dong-hoan-toan.png","width":800,"height":800,"caption":"ma\u0301y da\u0301n nha\u0303n tu\u031b\u0323 \u0111o\u0323\u0302ng hoa\u0300n toa\u0300n"},{"@type":"BreadcrumbList","@id":"https:\/\/swoer.vn\/manufacturer\/may-dan-nhan-tu-dong-hoan-toan\/#breadcrumb","itemListElement":[{"@type":"ListItem","position":1,"name":"Home","item":"https:\/\/swoer.vn\/"},{"@type":"ListItem","position":2,"name":"S\u1ea3n ph\u1ea9m","item":"https:\/\/swoer.vn\/shop\/"},{"@type":"ListItem","position":3,"name":"M\u00e1y d\u00e1n nh\u00e3n t\u1ef1 \u0111\u1ed9ng ho\u00e0n to\u00e0n"}]},{"@type":"WebSite","@id":"https:\/\/swoer.vn\/#website","url":"https:\/\/swoer.vn\/","name":"Industrial Feeder Manufacturer","description":"Supplier of robot, flexible feeder, centrifugal feeder, automatic vibrating feeder","potentialAction":[{"@type":"SearchAction","target":{"@type":"EntryPoint","urlTemplate":"https:\/\/swoer.vn\/?s={search_term_string}"},"query-input":{"@type":"PropertyValueSpecification","valueRequired":true,"valueName":"search_term_string"}}],"inLanguage":"en-US"}]}},"_links":{"self":[{"href":"https:\/\/swoer.vn\/en\/wp-json\/wp\/v2\/product\/4835","targetHints":{"allow":["GET"]}}],"collection":[{"href":"https:\/\/swoer.vn\/en\/wp-json\/wp\/v2\/product"}],"about":[{"href":"https:\/\/swoer.vn\/en\/wp-json\/wp\/v2\/types\/product"}],"replies":[{"embeddable":true,"href":"https:\/\/swoer.vn\/en\/wp-json\/wp\/v2\/comments?post=4835"}],"wp:featuredmedia":[{"embeddable":true,"href":"https:\/\/swoer.vn\/en\/wp-json\/wp\/v2\/media\/4836"}],"wp:attachment":[{"href":"https:\/\/swoer.vn\/en\/wp-json\/wp\/v2\/media?parent=4835"}],"wp:term":[{"taxonomy":"product_brand","embeddable":true,"href":"https:\/\/swoer.vn\/en\/wp-json\/wp\/v2\/product_brand?post=4835"},{"taxonomy":"product_cat","embeddable":true,"href":"https:\/\/swoer.vn\/en\/wp-json\/wp\/v2\/product_cat?post=4835"},{"taxonomy":"product_tag","embeddable":true,"href":"https:\/\/swoer.vn\/en\/wp-json\/wp\/v2\/product_tag?post=4835"}],"curies":[{"name":"wp","href":"https:\/\/api.w.org\/{rel}","templated":true}]}}