{"id":4691,"date":"2025-09-20T14:41:13","date_gmt":"2025-09-20T07:41:13","guid":{"rendered":"https:\/\/swoer.vn\/?post_type=product&#038;p=4691"},"modified":"2025-09-20T14:41:13","modified_gmt":"2025-09-20T07:41:13","slug":"may-nap-rung-pheu-hung-nang-bang-thong-tu-dong","status":"publish","type":"product","link":"https:\/\/swoer.vn\/en\/manufacturer\/may-nap-rung-pheu-hung-nang-bang-thong-tu-dong\/","title":{"rendered":"M\u00e1y n\u1ea1p rung ph\u1ec5u h\u1ee9ng n\u00e2ng b\u0103ng th\u00f4ng t\u1ef1 \u0111\u1ed9ng"},"content":{"rendered":"<h2><span style=\"font-weight: 400;\">Product specifications:<\/span><\/h2>\n<table>\n<tbody>\n<tr>\n<td><span style=\"font-weight: 400;\">M\u00e3 s\u1ea3n ph\u1ea9m<\/span><\/td>\n<td><span style=\"font-weight: 400;\">Custom Belt Elevator Hopper<\/span><\/td>\n<\/tr>\n<tr>\n<td><span style=\"font-weight: 400;\">C\u00f4ng su\u1ea5t \u0111\u1ed9ng c\u01a1 (kW)<\/span><\/td>\n<td><span style=\"font-weight: 400;\">1 \u0111\u1ebfn 10<\/span><\/td>\n<\/tr>\n<tr>\n<td><span style=\"font-weight: 400;\">Lead Time<\/span><\/td>\n<td><span style=\"font-weight: 400;\">7 &#8211; 14 ng\u00e0y<\/span><\/td>\n<\/tr>\n<tr>\n<td><span style=\"font-weight: 400;\">Movement Mode<\/span><\/td>\n<td><span style=\"font-weight: 400;\">Rotary<\/span><\/td>\n<\/tr>\n<tr>\n<td><span style=\"font-weight: 400;\">Max Feeding (mm)<\/span><\/td>\n<td><span style=\"font-weight: 400;\">500<\/span><\/td>\n<\/tr>\n<tr>\n<td><span style=\"font-weight: 400;\">After-sales Service<\/span><\/td>\n<td><span style=\"font-weight: 400;\">Online Technical Support<\/span><\/td>\n<\/tr>\n<tr>\n<td><span style=\"font-weight: 400;\">Chute Size (mm)<\/span><\/td>\n<td><span style=\"font-weight: 400;\">Customized<\/span><\/td>\n<\/tr>\n<tr>\n<td><span style=\"font-weight: 400;\">Nh\u00e3n hi\u1ec7u<\/span><\/td>\n<td><span style=\"font-weight: 400;\">SWOER<\/span><\/td>\n<\/tr>\n<tr>\n<td><span style=\"font-weight: 400;\">S\u1ee9c ch\u1ee9a (t\/h)<\/span><\/td>\n<td><span style=\"font-weight: 400;\">80 &#8211; 150<\/span><\/td>\n<\/tr>\n<tr>\n<td><span style=\"font-weight: 400;\">Type<\/span><\/td>\n<td><span style=\"font-weight: 400;\">Storage Feeder<\/span><\/td>\n<\/tr>\n<tr>\n<td><span style=\"font-weight: 400;\">Appearance<\/span><\/td>\n<td><span style=\"font-weight: 400;\">Open-type<\/span><\/td>\n<\/tr>\n<tr>\n<td><span style=\"font-weight: 400;\">Installation Slope<\/span><\/td>\n<td><span style=\"font-weight: 400;\">0<\/span><\/td>\n<\/tr>\n<tr>\n<td><span style=\"font-weight: 400;\">Warranty<\/span><\/td>\n<td><span style=\"font-weight: 400;\">one year<\/span><\/td>\n<\/tr>\n<tr>\n<td><span style=\"font-weight: 400;\">Overall Dimension<\/span><\/td>\n<td><span style=\"font-weight: 400;\">Customized<\/span><\/td>\n<\/tr>\n<tr>\n<td><span style=\"font-weight: 400;\">Xu\u1ea5t x\u1ee9<\/span><\/td>\n<td><span style=\"font-weight: 400;\">China<\/span><\/td>\n<\/tr>\n<tr>\n<td><span style=\"font-weight: 400;\">M\u1eabu<\/span><\/td>\n<td><span style=\"font-weight: 400;\">SW-RD1<\/span><\/td>\n<\/tr>\n<tr>\n<td><span style=\"font-weight: 400;\">Chi\u1ec1u cao n\u00e2ng (m)<\/span><\/td>\n<td><span style=\"font-weight: 400;\">2 &#8211; 4<\/span><\/td>\n<\/tr>\n<tr>\n<td><span style=\"font-weight: 400;\">\u0110i\u1ec7n dung (m3\/h)<\/span><\/td>\n<td><span style=\"font-weight: 400;\">1 &#8211; 4<\/span><\/td>\n<\/tr>\n<tr>\n<td><span style=\"font-weight: 400;\">Ngu\u1ed3n<\/span><\/td>\n<td><span style=\"font-weight: 400;\">220V \/50 ho\u1eb7c 60Hz \/ 750W<\/span><\/td>\n<\/tr>\n<tr>\n<td><span style=\"font-weight: 400;\">Tr\u1ecdng l\u01b0\u1ee3ng (kg)<\/span><\/td>\n<td><span style=\"font-weight: 400;\">300<\/span><\/td>\n<\/tr>\n<\/tbody>\n<\/table>\n<h2><span style=\"font-weight: 400;\">Features:<\/span><\/h2>\n<ul>\n<li style=\"font-weight: 400;\" aria-level=\"1\"><span style=\"font-weight: 400;\">C\u1ea5u tr\u00fac \u0111\u01a1n gi\u1ea3n, d\u1ec5 l\u1eafp \u0111\u1eb7t v\u00e0 b\u1ea3o tr\u00ec<\/span><\/li>\n<li style=\"font-weight: 400;\" aria-level=\"1\"><span style=\"font-weight: 400;\">M\u1ed9t ph\u1ec5u h\u1ee9ng \u0111\u1ec3 n\u00e2ng, d\u1ec5 l\u00e0m s\u1ea1ch.<\/span><\/li>\n<li style=\"font-weight: 400;\" aria-level=\"1\"><span style=\"font-weight: 400;\">\u0110i\u1ec1u khi\u1ec3n t\u1ed1c \u0111\u1ed9 b\u1ed9 bi\u1ebfn t\u1ea7n.<\/span><\/li>\n<li style=\"font-weight: 400;\" aria-level=\"1\"><span style=\"font-weight: 400;\">K\u1ebft c\u1ea5u nh\u1ecf g\u1ecdn v\u1edbi k\u00edch th\u01b0\u1edbc ph\u00f2ng \u00edt h\u01a1n.<\/span><\/li>\n<li style=\"font-weight: 400;\" aria-level=\"1\"><span style=\"font-weight: 400;\">Th\u00e9p nh\u1eb9 c\u00f3 l\u1edbp ph\u1ee7 b\u1ed9t v\u00e0 khung SS-304 l\u00e0 tu\u1ef3 ch\u1ecdn<\/span><\/li>\n<\/ul>\n<h2><span style=\"font-weight: 400;\">C\u00e2u h\u1ecfi th\u01b0\u1eddng g\u1eb7p:<\/span><\/h2>\n<h3><span style=\"font-weight: 400;\">Q1: B\u1ea1n c\u00f3 tin t\u01b0\u1edfng SWOER kh\u00f4ng?<\/span><\/h3>\n<p><span style=\"font-weight: 400;\">A1: Ch\u00fang t\u00f4i l\u00e0 nh\u00e0 m\u00e1y s\u1ea3n xu\u1ea5t c\u00e1c b\u1ed9 ph\u1eadn d\u1eadp khu\u00f4n b\u1eb1ng kim lo\u1ea1i c\u00f3 kinh nghi\u1ec7m h\u01a1n 12 n\u0103m.<\/span><\/p>\n<h3><span style=\"font-weight: 400;\">Q2: C\u1ea5p \u0111\u1ed9 k\u1ef9 thu\u1eadt c\u1ee7a c\u00e1c k\u1ef9 s\u01b0 c\u00f4ng ty b\u1ea1n l\u00e0 g\u00ec?<\/span><\/h3>\n<p><span style=\"font-weight: 400;\">A2: C\u00e1c k\u1ef9 s\u01b0 c\u1ee7a c\u00f4ng ty ch\u00fang t\u00f4i c\u00f3 h\u01a1n m\u01b0\u1eddi n\u0103m kinh nghi\u1ec7m trong ng\u00e0nh ph\u1ea7n c\u1ee9ng. C\u00e1c k\u1ef9 s\u01b0 c\u1ee7a ch\u00fang t\u00f4i s\u1ebd gi\u00fap kh\u00e1ch h\u00e0ng gi\u1ea3i quy\u1ebft c\u00e1c v\u1ea5n \u0111\u1ec1 k\u1ef9 thu\u1eadt.<\/span><\/p>\n<h3><span style=\"font-weight: 400;\">Q3: T\u00f4i c\u00f3 th\u1ec3 l\u1ea5y \u0111\u01b0\u1ee3c m\u1eabu kh\u00f4ng?<\/span><\/h3>\n<p><span style=\"font-weight: 400;\">A3: C\u00f3, \u0111\u01a1n h\u00e0ng m\u1eabu s\u1eb5n c\u00f3 \u0111\u1ec3 ki\u1ec3m tra ch\u1ea5t l\u01b0\u1ee3ng v\u00e0 ki\u1ec3m tra th\u1ecb tr\u01b0\u1eddng v\u00e0 s\u1ebd l\u00e0 thanh to\u00e1n ph\u00ed d\u1ef1 ki\u1ebfn. H\u01a1n n\u1eefa, c\u00f4ng ty ch\u00fang t\u00f4i c\u00f2n c\u00f3 m\u00e1y U\u1ed0N mini CNC \u0110\u1ee9c. N\u00f3 c\u00f3 th\u1ec3 t\u1ea1o ra m\u1eabu trong m\u1ed9t ng\u00e0y. C\u1ea3i thi\u1ec7n \u0111\u00e1ng k\u1ec3 hi\u1ec7u qu\u1ea3.<\/span><\/p>\n<h3><span style=\"font-weight: 400;\">Q4: Th\u1eddi h\u1ea1n thanh to\u00e1n c\u1ee7a b\u1ea1n l\u00e0 g\u00ec?<\/span><\/h3>\n<p><span style=\"font-weight: 400;\">A4: Tr\u01b0\u1edbc 40% T\/T, s\u1ed1 d\u01b0 60% tr\u01b0\u1edbc khi \u0111\u00f3ng t\u00e0u.<\/span><\/p>\n<h3><span style=\"font-weight: 400;\">Q5: Th\u1eddi gian giao h\u00e0ng l\u00e0 bao l\u00e2u?<\/span><\/h3>\n<p><span style=\"font-weight: 400;\">A5: Th\u00f4ng th\u01b0\u1eddng, kho\u1ea3ng 10 ng\u00e0y n\u1ebfu h\u00e0ng h\u00f3a c\u00f2n h\u00e0ng. Ho\u1eb7c 15-20 ng\u00e0y n\u1ebfu h\u00e0ng h\u00f3a \u0111\u01b0\u1ee3c t\u00f9y ch\u1ec9nh, h\u00e0ng h\u00f3a s\u1ebd \u0111\u01b0\u1ee3c t\u00f9y theo s\u1ed1 l\u01b0\u1ee3ng.<\/span><\/p>","protected":false},"excerpt":{"rendered":"<p>Trong c\u00e1c d\u00e2y chuy\u1ec1n s\u1ea3n xu\u1ea5t c\u1ea7n c\u1ea5p li\u1ec7u v\u1edbi s\u1ed1 l\u01b0\u1ee3ng l\u1edbn v\u00e0 t\u1ed1c \u0111\u1ed9 cao, <b>m\u00e1y n\u1ea1p rung ph\u1ec5u h\u1ee9ng n\u00e2ng b\u0103ng th\u00f4ng t\u1ef1 \u0111\u1ed9ng<\/b> c\u1ee7a SWOER l\u00e0 gi\u1ea3i ph\u00e1p t\u1ed1i \u01b0u. M\u00e1y \u0111\u01b0\u1ee3c thi\u1ebft k\u1ebf \u0111\u1ec3 k\u1ebft h\u1ee3p hi\u1ec7u qu\u1ea3 c\u1ee7a h\u1ec7 th\u1ed1ng c\u1ea5p li\u1ec7u rung v\u1edbi b\u0103ng t\u1ea3i t\u1ef1 \u0111\u1ed9ng. N\u00f3 gi\u00fap v\u1eadn chuy\u1ec3n v\u00e0 s\u1eafp x\u1ebfp c\u00e1c chi ti\u1ebft t\u1eeb ph\u1ec5u ch\u1ee9a l\u00ean m\u00e1y l\u1eafp r\u00e1p. \u0110i\u1ec1u n\u00e0y gi\u00fap lo\u1ea1i b\u1ecf t\u00ecnh tr\u1ea1ng k\u1eb9t ph\u00f4i. \u0110\u1ed3ng th\u1eddi, n\u00f3 gi\u00fap \u0111\u1ea3m b\u1ea3o d\u00f2ng ch\u1ea3y s\u1ea3n xu\u1ea5t lu\u00f4n li\u00ean t\u1ee5c. Gi\u1ea3i ph\u00e1p n\u00e0y kh\u00f4ng ch\u1ec9 n\u00e2ng cao n\u0103ng su\u1ea5t m\u00e0 c\u00f2n gi\u1ea3m \u0111\u00e1ng k\u1ec3 chi ph\u00ed nh\u00e2n c\u00f4ng.<\/p>","protected":false},"featured_media":4692,"comment_status":"open","ping_status":"closed","template":"","meta":[],"product_brand":[],"product_cat":[106],"product_tag":[180,170,107,166],"class_list":{"0":"post-4691","1":"product","2":"type-product","3":"status-publish","4":"has-post-thumbnail","6":"product_cat-mam-rung-cap-phoi","7":"product_tag-bo-nap-rung","8":"product_tag-mam-rung-cap-phoi","9":"product_tag-may-cap-lieu-rung","10":"product_tag-pheu-rung","12":"first","13":"instock","14":"shipping-taxable","15":"product-type-simple"},"yoast_head":"<!-- This site is optimized with the Yoast SEO plugin v26.0 - https:\/\/yoast.com\/wordpress\/plugins\/seo\/ -->\n<title>M\u00e1y n\u1ea1p rung ph\u1ec5u h\u1ee9ng n\u00e2ng b\u0103ng th\u00f4ng t\u1ef1 \u0111\u1ed9ng - Nh\u00e0 s\u1ea3n xu\u1ea5t m\u00e1y c\u1ea5p li\u1ec7u c\u00f4ng nghi\u1ec7p<\/title>\n<meta name=\"description\" content=\"M\u00e1y n\u1ea1p rung ph\u1ec5u h\u1ee9ng n\u00e2ng b\u0103ng th\u00f4ng t\u1ef1 \u0111\u1ed9ng SWOER: T\u1ed1i \u01b0u h\u00f3a c\u1ea5p li\u1ec7u s\u1ed1 l\u01b0\u1ee3ng l\u1edbn. \u0110\u1ea3m b\u1ea3o d\u00f2ng ch\u1ea3y s\u1ea3n xu\u1ea5t li\u00ean t\u1ee5c, hi\u1ec7u qu\u1ea3 v\u00e0 gi\u1ea3m chi ph\u00ed.\" \/>\n<meta name=\"robots\" content=\"index, follow, max-snippet:-1, max-image-preview:large, max-video-preview:-1\" \/>\n<link rel=\"canonical\" href=\"https:\/\/swoer.vn\/en\/manufacturer\/may-nap-rung-pheu-hung-nang-bang-thong-tu-dong\/\" \/>\n<meta property=\"og:locale\" content=\"en_US\" \/>\n<meta property=\"og:type\" content=\"article\" \/>\n<meta property=\"og:title\" content=\"M\u00e1y n\u1ea1p rung ph\u1ec5u h\u1ee9ng n\u00e2ng b\u0103ng th\u00f4ng t\u1ef1 \u0111\u1ed9ng - Nh\u00e0 s\u1ea3n xu\u1ea5t m\u00e1y c\u1ea5p li\u1ec7u c\u00f4ng nghi\u1ec7p\" \/>\n<meta property=\"og:description\" content=\"M\u00e1y n\u1ea1p rung ph\u1ec5u h\u1ee9ng n\u00e2ng b\u0103ng th\u00f4ng t\u1ef1 \u0111\u1ed9ng SWOER: T\u1ed1i \u01b0u h\u00f3a c\u1ea5p li\u1ec7u s\u1ed1 l\u01b0\u1ee3ng l\u1edbn. \u0110\u1ea3m b\u1ea3o d\u00f2ng ch\u1ea3y s\u1ea3n xu\u1ea5t li\u00ean t\u1ee5c, hi\u1ec7u qu\u1ea3 v\u00e0 gi\u1ea3m chi ph\u00ed.\" \/>\n<meta property=\"og:url\" content=\"https:\/\/swoer.vn\/en\/manufacturer\/may-nap-rung-pheu-hung-nang-bang-thong-tu-dong\/\" \/>\n<meta property=\"og:site_name\" content=\"Nh\u00e0 s\u1ea3n xu\u1ea5t m\u00e1y c\u1ea5p li\u1ec7u c\u00f4ng nghi\u1ec7p\" \/>\n<meta property=\"og:image\" content=\"https:\/\/swoer.vn\/wp-content\/uploads\/2025\/09\/May-nap-rung-pheu-hung-nang-bang-thong-tu-dong.png\" \/>\n\t<meta property=\"og:image:width\" content=\"800\" \/>\n\t<meta property=\"og:image:height\" content=\"800\" \/>\n\t<meta property=\"og:image:type\" content=\"image\/png\" \/>\n<meta name=\"twitter:card\" content=\"summary_large_image\" \/>\n<meta name=\"twitter:label1\" content=\"Est. reading time\" \/>\n\t<meta name=\"twitter:data1\" content=\"3 minutes\" \/>\n<script type=\"application\/ld+json\" class=\"yoast-schema-graph\">{\"@context\":\"https:\/\/schema.org\",\"@graph\":[{\"@type\":\"WebPage\",\"@id\":\"https:\/\/swoer.vn\/manufacturer\/may-nap-rung-pheu-hung-nang-bang-thong-tu-dong\/\",\"url\":\"https:\/\/swoer.vn\/manufacturer\/may-nap-rung-pheu-hung-nang-bang-thong-tu-dong\/\",\"name\":\"M\u00e1y n\u1ea1p rung ph\u1ec5u h\u1ee9ng n\u00e2ng b\u0103ng th\u00f4ng t\u1ef1 \u0111\u1ed9ng - Nh\u00e0 s\u1ea3n xu\u1ea5t m\u00e1y c\u1ea5p li\u1ec7u c\u00f4ng nghi\u1ec7p\",\"isPartOf\":{\"@id\":\"https:\/\/swoer.vn\/#website\"},\"primaryImageOfPage\":{\"@id\":\"https:\/\/swoer.vn\/manufacturer\/may-nap-rung-pheu-hung-nang-bang-thong-tu-dong\/#primaryimage\"},\"image\":{\"@id\":\"https:\/\/swoer.vn\/manufacturer\/may-nap-rung-pheu-hung-nang-bang-thong-tu-dong\/#primaryimage\"},\"thumbnailUrl\":\"https:\/\/swoer.vn\/wp-content\/uploads\/2025\/09\/May-nap-rung-pheu-hung-nang-bang-thong-tu-dong.png\",\"datePublished\":\"2025-09-20T07:41:13+00:00\",\"description\":\"M\u00e1y n\u1ea1p rung ph\u1ec5u h\u1ee9ng n\u00e2ng b\u0103ng th\u00f4ng t\u1ef1 \u0111\u1ed9ng SWOER: T\u1ed1i \u01b0u h\u00f3a c\u1ea5p li\u1ec7u s\u1ed1 l\u01b0\u1ee3ng l\u1edbn. \u0110\u1ea3m b\u1ea3o d\u00f2ng ch\u1ea3y s\u1ea3n xu\u1ea5t li\u00ean t\u1ee5c, hi\u1ec7u qu\u1ea3 v\u00e0 gi\u1ea3m chi ph\u00ed.\",\"breadcrumb\":{\"@id\":\"https:\/\/swoer.vn\/manufacturer\/may-nap-rung-pheu-hung-nang-bang-thong-tu-dong\/#breadcrumb\"},\"inLanguage\":\"en-US\",\"potentialAction\":[{\"@type\":\"ReadAction\",\"target\":[\"https:\/\/swoer.vn\/manufacturer\/may-nap-rung-pheu-hung-nang-bang-thong-tu-dong\/\"]}]},{\"@type\":\"ImageObject\",\"inLanguage\":\"en-US\",\"@id\":\"https:\/\/swoer.vn\/manufacturer\/may-nap-rung-pheu-hung-nang-bang-thong-tu-dong\/#primaryimage\",\"url\":\"https:\/\/swoer.vn\/wp-content\/uploads\/2025\/09\/May-nap-rung-pheu-hung-nang-bang-thong-tu-dong.png\",\"contentUrl\":\"https:\/\/swoer.vn\/wp-content\/uploads\/2025\/09\/May-nap-rung-pheu-hung-nang-bang-thong-tu-dong.png\",\"width\":800,\"height\":800,\"caption\":\"Ma\u0301y na\u0323p rung phe\u0302\u0303u hu\u031b\u0301ng na\u0302ng ba\u0306ng tho\u0302ng tu\u031b\u0323 \u0111o\u0323\u0302ng\"},{\"@type\":\"BreadcrumbList\",\"@id\":\"https:\/\/swoer.vn\/manufacturer\/may-nap-rung-pheu-hung-nang-bang-thong-tu-dong\/#breadcrumb\",\"itemListElement\":[{\"@type\":\"ListItem\",\"position\":1,\"name\":\"Home\",\"item\":\"https:\/\/swoer.vn\/\"},{\"@type\":\"ListItem\",\"position\":2,\"name\":\"S\u1ea3n ph\u1ea9m\",\"item\":\"https:\/\/swoer.vn\/shop\/\"},{\"@type\":\"ListItem\",\"position\":3,\"name\":\"M\u00e1y n\u1ea1p rung ph\u1ec5u h\u1ee9ng n\u00e2ng b\u0103ng th\u00f4ng t\u1ef1 \u0111\u1ed9ng\"}]},{\"@type\":\"WebSite\",\"@id\":\"https:\/\/swoer.vn\/#website\",\"url\":\"https:\/\/swoer.vn\/\",\"name\":\"Nh\u00e0 s\u1ea3n xu\u1ea5t m\u00e1y c\u1ea5p li\u1ec7u c\u00f4ng nghi\u1ec7p\",\"description\":\"Nh\u00e0 cung c\u1ea5p robot, m\u00e1y c\u1ea5p li\u1ec7u linh ho\u1ea1t, m\u00e1y c\u1ea5p li\u1ec7u ly t\u00e2m, m\u00e1y c\u1ea5p li\u1ec7u rung t\u1ef1 \u0111\u1ed9ng\",\"potentialAction\":[{\"@type\":\"SearchAction\",\"target\":{\"@type\":\"EntryPoint\",\"urlTemplate\":\"https:\/\/swoer.vn\/?s={search_term_string}\"},\"query-input\":{\"@type\":\"PropertyValueSpecification\",\"valueRequired\":true,\"valueName\":\"search_term_string\"}}],\"inLanguage\":\"en-US\"}]}<\/script>\n<!-- \/ Yoast SEO plugin. -->","yoast_head_json":{"title":"M\u00e1y n\u1ea1p rung ph\u1ec5u h\u1ee9ng n\u00e2ng b\u0103ng th\u00f4ng t\u1ef1 \u0111\u1ed9ng - Nh\u00e0 s\u1ea3n xu\u1ea5t m\u00e1y c\u1ea5p li\u1ec7u c\u00f4ng nghi\u1ec7p","description":"M\u00e1y n\u1ea1p rung ph\u1ec5u h\u1ee9ng n\u00e2ng b\u0103ng th\u00f4ng t\u1ef1 \u0111\u1ed9ng SWOER: T\u1ed1i \u01b0u h\u00f3a c\u1ea5p li\u1ec7u s\u1ed1 l\u01b0\u1ee3ng l\u1edbn. \u0110\u1ea3m b\u1ea3o d\u00f2ng ch\u1ea3y s\u1ea3n xu\u1ea5t li\u00ean t\u1ee5c, hi\u1ec7u qu\u1ea3 v\u00e0 gi\u1ea3m chi ph\u00ed.","robots":{"index":"index","follow":"follow","max-snippet":"max-snippet:-1","max-image-preview":"max-image-preview:large","max-video-preview":"max-video-preview:-1"},"canonical":"https:\/\/swoer.vn\/en\/manufacturer\/may-nap-rung-pheu-hung-nang-bang-thong-tu-dong\/","og_locale":"en_US","og_type":"article","og_title":"M\u00e1y n\u1ea1p rung ph\u1ec5u h\u1ee9ng n\u00e2ng b\u0103ng th\u00f4ng t\u1ef1 \u0111\u1ed9ng - Nh\u00e0 s\u1ea3n xu\u1ea5t m\u00e1y c\u1ea5p li\u1ec7u c\u00f4ng nghi\u1ec7p","og_description":"M\u00e1y n\u1ea1p rung ph\u1ec5u h\u1ee9ng n\u00e2ng b\u0103ng th\u00f4ng t\u1ef1 \u0111\u1ed9ng SWOER: T\u1ed1i \u01b0u h\u00f3a c\u1ea5p li\u1ec7u s\u1ed1 l\u01b0\u1ee3ng l\u1edbn. \u0110\u1ea3m b\u1ea3o d\u00f2ng ch\u1ea3y s\u1ea3n xu\u1ea5t li\u00ean t\u1ee5c, hi\u1ec7u qu\u1ea3 v\u00e0 gi\u1ea3m chi ph\u00ed.","og_url":"https:\/\/swoer.vn\/en\/manufacturer\/may-nap-rung-pheu-hung-nang-bang-thong-tu-dong\/","og_site_name":"Nh\u00e0 s\u1ea3n xu\u1ea5t m\u00e1y c\u1ea5p li\u1ec7u c\u00f4ng nghi\u1ec7p","og_image":[{"width":800,"height":800,"url":"https:\/\/swoer.vn\/wp-content\/uploads\/2025\/09\/May-nap-rung-pheu-hung-nang-bang-thong-tu-dong.png","type":"image\/png"}],"twitter_card":"summary_large_image","twitter_misc":{"Est. reading time":"3 minutes"},"schema":{"@context":"https:\/\/schema.org","@graph":[{"@type":"WebPage","@id":"https:\/\/swoer.vn\/manufacturer\/may-nap-rung-pheu-hung-nang-bang-thong-tu-dong\/","url":"https:\/\/swoer.vn\/manufacturer\/may-nap-rung-pheu-hung-nang-bang-thong-tu-dong\/","name":"M\u00e1y n\u1ea1p rung ph\u1ec5u h\u1ee9ng n\u00e2ng b\u0103ng th\u00f4ng t\u1ef1 \u0111\u1ed9ng - Nh\u00e0 s\u1ea3n xu\u1ea5t m\u00e1y c\u1ea5p li\u1ec7u c\u00f4ng nghi\u1ec7p","isPartOf":{"@id":"https:\/\/swoer.vn\/#website"},"primaryImageOfPage":{"@id":"https:\/\/swoer.vn\/manufacturer\/may-nap-rung-pheu-hung-nang-bang-thong-tu-dong\/#primaryimage"},"image":{"@id":"https:\/\/swoer.vn\/manufacturer\/may-nap-rung-pheu-hung-nang-bang-thong-tu-dong\/#primaryimage"},"thumbnailUrl":"https:\/\/swoer.vn\/wp-content\/uploads\/2025\/09\/May-nap-rung-pheu-hung-nang-bang-thong-tu-dong.png","datePublished":"2025-09-20T07:41:13+00:00","description":"M\u00e1y n\u1ea1p rung ph\u1ec5u h\u1ee9ng n\u00e2ng b\u0103ng th\u00f4ng t\u1ef1 \u0111\u1ed9ng SWOER: T\u1ed1i \u01b0u h\u00f3a c\u1ea5p li\u1ec7u s\u1ed1 l\u01b0\u1ee3ng l\u1edbn. \u0110\u1ea3m b\u1ea3o d\u00f2ng ch\u1ea3y s\u1ea3n xu\u1ea5t li\u00ean t\u1ee5c, hi\u1ec7u qu\u1ea3 v\u00e0 gi\u1ea3m chi ph\u00ed.","breadcrumb":{"@id":"https:\/\/swoer.vn\/manufacturer\/may-nap-rung-pheu-hung-nang-bang-thong-tu-dong\/#breadcrumb"},"inLanguage":"en-US","potentialAction":[{"@type":"ReadAction","target":["https:\/\/swoer.vn\/manufacturer\/may-nap-rung-pheu-hung-nang-bang-thong-tu-dong\/"]}]},{"@type":"ImageObject","inLanguage":"en-US","@id":"https:\/\/swoer.vn\/manufacturer\/may-nap-rung-pheu-hung-nang-bang-thong-tu-dong\/#primaryimage","url":"https:\/\/swoer.vn\/wp-content\/uploads\/2025\/09\/May-nap-rung-pheu-hung-nang-bang-thong-tu-dong.png","contentUrl":"https:\/\/swoer.vn\/wp-content\/uploads\/2025\/09\/May-nap-rung-pheu-hung-nang-bang-thong-tu-dong.png","width":800,"height":800,"caption":"Ma\u0301y na\u0323p rung phe\u0302\u0303u hu\u031b\u0301ng na\u0302ng ba\u0306ng tho\u0302ng tu\u031b\u0323 \u0111o\u0323\u0302ng"},{"@type":"BreadcrumbList","@id":"https:\/\/swoer.vn\/manufacturer\/may-nap-rung-pheu-hung-nang-bang-thong-tu-dong\/#breadcrumb","itemListElement":[{"@type":"ListItem","position":1,"name":"Home","item":"https:\/\/swoer.vn\/"},{"@type":"ListItem","position":2,"name":"S\u1ea3n ph\u1ea9m","item":"https:\/\/swoer.vn\/shop\/"},{"@type":"ListItem","position":3,"name":"M\u00e1y n\u1ea1p rung ph\u1ec5u h\u1ee9ng n\u00e2ng b\u0103ng th\u00f4ng t\u1ef1 \u0111\u1ed9ng"}]},{"@type":"WebSite","@id":"https:\/\/swoer.vn\/#website","url":"https:\/\/swoer.vn\/","name":"Industrial Feeder Manufacturer","description":"Supplier of robot, flexible feeder, centrifugal feeder, automatic vibrating feeder","potentialAction":[{"@type":"SearchAction","target":{"@type":"EntryPoint","urlTemplate":"https:\/\/swoer.vn\/?s={search_term_string}"},"query-input":{"@type":"PropertyValueSpecification","valueRequired":true,"valueName":"search_term_string"}}],"inLanguage":"en-US"}]}},"_links":{"self":[{"href":"https:\/\/swoer.vn\/en\/wp-json\/wp\/v2\/product\/4691","targetHints":{"allow":["GET"]}}],"collection":[{"href":"https:\/\/swoer.vn\/en\/wp-json\/wp\/v2\/product"}],"about":[{"href":"https:\/\/swoer.vn\/en\/wp-json\/wp\/v2\/types\/product"}],"replies":[{"embeddable":true,"href":"https:\/\/swoer.vn\/en\/wp-json\/wp\/v2\/comments?post=4691"}],"wp:featuredmedia":[{"embeddable":true,"href":"https:\/\/swoer.vn\/en\/wp-json\/wp\/v2\/media\/4692"}],"wp:attachment":[{"href":"https:\/\/swoer.vn\/en\/wp-json\/wp\/v2\/media?parent=4691"}],"wp:term":[{"taxonomy":"product_brand","embeddable":true,"href":"https:\/\/swoer.vn\/en\/wp-json\/wp\/v2\/product_brand?post=4691"},{"taxonomy":"product_cat","embeddable":true,"href":"https:\/\/swoer.vn\/en\/wp-json\/wp\/v2\/product_cat?post=4691"},{"taxonomy":"product_tag","embeddable":true,"href":"https:\/\/swoer.vn\/en\/wp-json\/wp\/v2\/product_tag?post=4691"}],"curies":[{"name":"wp","href":"https:\/\/api.w.org\/{rel}","templated":true}]}}