{"id":4688,"date":"2025-09-20T14:35:43","date_gmt":"2025-09-20T07:35:43","guid":{"rendered":"https:\/\/swoer.vn\/?post_type=product&#038;p=4688"},"modified":"2025-09-20T14:35:43","modified_gmt":"2025-09-20T07:35:43","slug":"may-cap-lieu-rung-dia-dieu-khien-ky-thuat-so-thong-minh","status":"publish","type":"product","link":"https:\/\/swoer.vn\/en\/manufacturer\/may-cap-lieu-rung-dia-dieu-khien-ky-thuat-so-thong-minh\/","title":{"rendered":"M\u00e1y c\u1ea5p li\u1ec7u rung \u0111\u0129a \u0111i\u1ec1u khi\u1ec3n k\u1ef9 thu\u1eadt s\u1ed1 th\u00f4ng minh"},"content":{"rendered":"<h2><span style=\"font-weight: 400;\">Product specifications:<\/span><\/h2>\n<table>\n<tbody>\n<tr>\n<td><span style=\"font-weight: 400;\">M\u00e3 s\u1ea3n ph\u1ea9m<\/span><\/td>\n<td><span style=\"font-weight: 400;\">Intelligent Digital Control Disk Vibrating Feeder<\/span><\/td>\n<\/tr>\n<tr>\n<td><span style=\"font-weight: 400;\">C\u00f4ng su\u1ea5t \u0111\u1ed9ng c\u01a1 (kW)<\/span><\/td>\n<td><span style=\"font-weight: 400;\">1 \u0111\u1ebfn 10<\/span><\/td>\n<\/tr>\n<tr>\n<td><span style=\"font-weight: 400;\">Lead Time<\/span><\/td>\n<td><span style=\"font-weight: 400;\">7 &#8211; 14 ng\u00e0y<\/span><\/td>\n<\/tr>\n<tr>\n<td><span style=\"font-weight: 400;\">Appearance<\/span><\/td>\n<td><span style=\"font-weight: 400;\">Open-type<\/span><\/td>\n<\/tr>\n<tr>\n<td><span style=\"font-weight: 400;\">Max Feeding (mm)<\/span><\/td>\n<td><span style=\"font-weight: 400;\">Customized<\/span><\/td>\n<\/tr>\n<tr>\n<td><span style=\"font-weight: 400;\">Chute Size (mm)<\/span><\/td>\n<td><span style=\"font-weight: 400;\">Customized<\/span><\/td>\n<\/tr>\n<tr>\n<td><span style=\"font-weight: 400;\">Nh\u00e3n hi\u1ec7u<\/span><\/td>\n<td><span style=\"font-weight: 400;\">SWOER<\/span><\/td>\n<\/tr>\n<tr>\n<td><span style=\"font-weight: 400;\">S\u1ee9c ch\u1ee9a (t\/h)<\/span><\/td>\n<td><span style=\"font-weight: 400;\">80 &#8211; 150<\/span><\/td>\n<\/tr>\n<tr>\n<td><span style=\"font-weight: 400;\">Type<\/span><\/td>\n<td><span style=\"font-weight: 400;\">M\u00e1y rung \u0111i\u1ec7n t\u1eeb<\/span><\/td>\n<\/tr>\n<tr>\n<td><span style=\"font-weight: 400;\">Movement Mode\u00a0<\/span><\/td>\n<td><span style=\"font-weight: 400;\">Linear<\/span><\/td>\n<\/tr>\n<tr>\n<td><span style=\"font-weight: 400;\">Warranty<\/span><\/td>\n<td><span style=\"font-weight: 400;\">one year<\/span><\/td>\n<\/tr>\n<tr>\n<td><span style=\"font-weight: 400;\">Installation Slope<\/span><\/td>\n<td><span style=\"font-weight: 400;\">Customized<\/span><\/td>\n<\/tr>\n<tr>\n<td><span style=\"font-weight: 400;\">Overall Dimension<\/span><\/td>\n<td><span style=\"font-weight: 400;\">Customized<\/span><\/td>\n<\/tr>\n<tr>\n<td><span style=\"font-weight: 400;\">Xu\u1ea5t x\u1ee9<\/span><\/td>\n<td><span style=\"font-weight: 400;\">China<\/span><\/td>\n<\/tr>\n<\/tbody>\n<\/table>\n<h2><span style=\"font-weight: 400;\">Features:\u00a0<\/span><\/h2>\n<p><span style=\"font-weight: 400;\">H\u1ec7 th\u1ed1ng c\u1ea5p li\u1ec7u b\u00e1t rung t\u1ef1 \u0111\u1ed9ng l\u00e0 m\u1ed9t lo\u1ea1i thi\u1ebft b\u1ecb ph\u1ee5 c\u1ee7a m\u00e1y l\u1eafp r\u00e1p t\u1ef1 \u0111\u1ed9ng, c\u00f3 th\u1ec3 s\u1eafp x\u1ebfp m\u1ecdi lo\u1ea1i s\u1ea3n ph\u1ea9m m\u1ed9t c\u00e1ch c\u00f3 tr\u1eadt t\u1ef1. C\u00f3 th\u1ec3 k\u1ebft h\u1ee3p b\u1ed9 ph\u1eadn n\u00e0y v\u1edbi thi\u1ebft b\u1ecb l\u1eafp r\u00e1p t\u1ef1 \u0111\u1ed9ng \u0111\u1ec3 l\u1eafp t\u1ea5t c\u1ea3 c\u00e1c b\u1ed9 ph\u1eadn c\u1ee7a s\u1ea3n ph\u1ea9m v\u00e0o m\u1ed9t s\u1ea3n ph\u1ea9m ho\u00e0n ch\u1ec9nh. Khay n\u1ea1p rung \u0111\u01b0\u1ee3c s\u1eed d\u1ee5ng r\u1ed9ng r\u00e3i trong c\u00e1c thi\u1ebft b\u1ecb \u0111i\u1ec7n t\u1eed, ph\u1ea7n c\u1ee9ng, xi m\u0103ng nh\u1ef1a, thu\u1ed1c an th\u00f4ng, th\u1ef1c ph\u1ea9m, \u0110\u1ed3 ch\u01a1i, m\u1eabu n\u1ec1n th\u01b0, h\u00e0ng ng\u00e0y v\u00e0 c\u00e1c ng\u00e0nh kh\u00e1c. \u0110\u00e2y l\u00e0 thi\u1ebft b\u1ecb c\u1ea7n thi\u1ebft \u0111\u1ec3 gi\u1ea3i quy\u1ebft vi\u1ec7c cung c\u1ea5p thi\u1ebft b\u1ecb t\u1ef1 \u0111\u1ed9ng h\u00f3a c\u00f4ng nghi\u1ec7p. C\u0169ng c\u00f3 th\u1ec3 s\u1eed d\u1ee5ng b\u1ed9 ti\u1ebfp li\u1ec7u b\u1eb1ng ch\u00e9n rung \u0111\u1ec3 ph\u00e2n lo\u1ea1i, ki\u1ec3m tra, \u0111\u1ebfm v\u00e0 \u0111\u00f3ng g\u00f3i,&#8230; \u0111\u00e2y l\u00e0 s\u1ea3n ph\u1ea9m c\u00f4ng ngh\u1ec7 cao hi\u1ec7n \u0111\u1ea1i.<\/span><\/p>\n<table>\n<tbody>\n<tr>\n<td><span style=\"font-weight: 400;\">\u0110\u01b0\u1eddng k\u00ednh cho b\u1ed9 n\u1ea1p c\u1ee7a b\u00e1t<\/span><\/td>\n<td><span style=\"font-weight: 400;\">Tu\u1ef3 ch\u1ec9nh<\/span><\/td>\n<\/tr>\n<tr>\n<td><span style=\"font-weight: 400;\">M\u00e1ng n\u1ea1p li\u1ec7u c\u1ee7a b\u00e1t<\/span><\/td>\n<td><span style=\"font-weight: 400;\">Tu\u1ef3 ch\u1ec9nh<\/span><\/td>\n<\/tr>\n<tr>\n<td><span style=\"font-weight: 400;\">Dung t\u00edch n\u1ea1p c\u1ee7a b\u00e1t<\/span><\/td>\n<td><span style=\"font-weight: 400;\">Tu\u1ef3 ch\u1ec9nh<\/span><\/td>\n<\/tr>\n<tr>\n<td><span style=\"font-weight: 400;\">Speed<\/span><\/td>\n<td><span style=\"font-weight: 400;\">\u0110i\u1ec1u ch\u1ec9nh<\/span><\/td>\n<\/tr>\n<tr>\n<td><span style=\"font-weight: 400;\">Voltage<\/span><\/td>\n<td><span style=\"font-weight: 400;\">220 V<\/span><\/td>\n<\/tr>\n<tr>\n<td><span style=\"font-weight: 400;\">Direction<\/span><\/td>\n<td><span style=\"font-weight: 400;\">Theo chi\u1ec1u kim \u0111\u1ed3ng h\u1ed3 ho\u1eb7c ng\u01b0\u1ee3c chi\u1ec1u kim \u0111\u1ed3ng h\u1ed3<\/span><\/td>\n<\/tr>\n<tr>\n<td><span style=\"font-weight: 400;\">Nguy\u00ean v\u1eadt li\u1ec7u<\/span><\/td>\n<td><span style=\"font-weight: 400;\">SS-304<\/span><\/td>\n<\/tr>\n<\/tbody>\n<\/table>\n<h2><span style=\"font-weight: 400;\">Quy tr\u00ecnh mua h\u00e0ng:<\/span><\/h2>\n<h3><span style=\"font-weight: 400;\">B\u01b0\u1edbc 1:<\/span><\/h3>\n<ol>\n<li style=\"font-weight: 400;\" aria-level=\"1\"><span style=\"font-weight: 400;\">Ng\u01b0\u1eddi mua cung c\u1ea5p h\u00ecnh \u1ea3nh v\u1eadt l\u00fd, k\u00edch c\u1ee1 v\u00e0 v\u1eadt li\u1ec7u.<\/span><\/li>\n<li style=\"font-weight: 400;\" aria-level=\"1\"><span style=\"font-weight: 400;\">Ng\u01b0\u1eddi mua cung c\u1ea5p \u0111\u01a1n h\u00e0ng v\u00e0 h\u01b0\u1edbng d\u1eabn x\u1ea3 v\u1eadt li\u1ec7u.<\/span><\/li>\n<li style=\"font-weight: 400;\" aria-level=\"1\"><span style=\"font-weight: 400;\">Ng\u01b0\u1eddi mua cung c\u1ea5p t\u1ed1c \u0111\u1ed9 x\u1ea3.<\/span><\/li>\n<li style=\"font-weight: 400;\" aria-level=\"1\"><span style=\"font-weight: 400;\">Ng\u01b0\u1ee3c chi\u1ec1u kim \u0111\u1ed3ng h\u1ed3 ho\u1eb7c theo chi\u1ec1u kim \u0111\u1ed3ng h\u1ed3.<\/span><\/li>\n<li style=\"font-weight: 400;\" aria-level=\"1\"><span style=\"font-weight: 400;\">X\u00e1c nh\u1eadn n\u1ebfu b\u1ea1n c\u1ea7n khay n\u1ea1p tuy\u1ebfn t\u00ednh, ph\u1ec5u h\u1ee9ng, b\u1ea3ng \u0111\u1ee1 v\u00e0 n\u1eafp ch\u1ed1ng \u00e2m thanh.<\/span><\/li>\n<\/ol>\n<h3><span style=\"font-weight: 400;\">B\u01b0\u1edbc 2: Ph\u1ea3n h\u1ed3i v\u1ec1 \u0111\u00e1nh gi\u00e1 c\u1ee7a ng\u01b0\u1eddi b\u00e1n<\/span><\/h3>\n<p><span style=\"font-weight: 400;\">V\u1eadt li\u1ec7u (tr\u1ea3 l\u1ea1i cho ng\u01b0\u1eddi mua c\u00f3 khay n\u1ea1p rung) ph\u1ea3i \u0111\u01b0\u1ee3c s\u1eed d\u1ee5ng \u0111\u1ec3 \u0111i\u1ec1u ch\u1ec9nh khay n\u1ea1p rung.<\/span><\/p>\n<h3><span style=\"font-weight: 400;\">B\u01b0\u1edbc 3: Sau khi thanh to\u00e1n v\u00e0 giao h\u00e0ng<\/span><\/h3>\n<ol>\n<li style=\"font-weight: 400;\" aria-level=\"1\"><span style=\"font-weight: 400;\">Ng\u01b0\u1eddi b\u00e1n b\u1eaft \u0111\u1ea7u \u0111\u1eb7t h\u00e0ng v\u00e0 th\u1ef1c hi\u1ec7n thanh to\u00e1n kh\u00f4ng tr\u1ea3 ti\u1ec1n.<\/span><\/li>\n<li style=\"font-weight: 400;\" aria-level=\"1\"><span style=\"font-weight: 400;\">Quay video tr\u00ean m\u00e1y ki\u1ec3m tra;<\/span><\/li>\n<li style=\"font-weight: 400;\" aria-level=\"1\"><span style=\"font-weight: 400;\">Ng\u01b0\u1eddi mua h\u00e0i l\u00f2ng v\u00e0 th\u1ef1c hi\u1ec7n thanh to\u00e1n cu\u1ed1i c\u00f9ng.<\/span><\/li>\n<li style=\"font-weight: 400;\" aria-level=\"1\"><span style=\"font-weight: 400;\">Ng\u01b0\u1eddi b\u00e1n \u0111\u00f3ng g\u00f3i c\u00e1c h\u1ed9p g\u1ed7 v\u00e0 giao h\u00e0ng b\u1eb1ng h\u1eadu c\u1ea7n.<\/span><\/li>\n<\/ol>","protected":false},"excerpt":{"rendered":"<p>Trong k\u1ef7 nguy\u00ean c\u00f4ng nghi\u1ec7p 4.0, s\u1ef1 th\u00f4ng minh v\u00e0 kh\u1ea3 n\u0103ng \u0111i\u1ec1u khi\u1ec3n ch\u00ednh x\u00e1c l\u00e0 y\u1ebfu t\u1ed1 s\u1ed1ng c\u00f2n. <b>M\u00e1y c\u1ea5p li\u1ec7u rung \u0111\u0129a \u0111i\u1ec1u khi\u1ec3n k\u1ef9 thu\u1eadt s\u1ed1 th\u00f4ng minh<\/b> c\u1ee7a SWOER l\u00e0 gi\u1ea3i ph\u00e1p \u0111\u1ed9t ph\u00e1. M\u00e1y s\u1eed d\u1ee5ng b\u1ed9 \u0111i\u1ec1u khi\u1ec3n k\u1ef9 thu\u1eadt s\u1ed1 ti\u00ean ti\u1ebfn. N\u00f3 cho ph\u00e9p ng\u01b0\u1eddi d\u00f9ng d\u1ec5 d\u00e0ng \u0111i\u1ec1u ch\u1ec9nh v\u00e0 l\u01b0u l\u1ea1i c\u00e1c th\u00f4ng s\u1ed1 c\u1ea5p li\u1ec7u. \u0110\u1ed3ng th\u1eddi, m\u00e1y c\u00f3 kh\u1ea3 n\u0103ng t\u1ef1 \u0111\u1ed9ng t\u1ed1i \u01b0u h\u00f3a t\u1ed1c \u0111\u1ed9 v\u00e0 t\u1ea7n s\u1ed1 rung. \u0110i\u1ec1u n\u00e0y gi\u00fap \u0111\u1ea3m b\u1ea3o \u0111\u1ed9 \u1ed5n \u0111\u1ecbnh v\u00e0 ch\u00ednh x\u00e1c cao nh\u1ea5t. S\u1ea3n ph\u1ea9m n\u00e0y kh\u00f4ng ch\u1ec9 n\u00e2ng cao n\u0103ng su\u1ea5t. N\u00f3 c\u00f2n gi\u00fap b\u1ea1n ti\u1ebft ki\u1ec7m th\u1eddi gian, nh\u00e2n l\u1ef1c v\u00e0 \u0111\u01a1n gi\u1ea3n h\u00f3a quy tr\u00ecnh.<\/p>","protected":false},"featured_media":4689,"comment_status":"open","ping_status":"closed","template":"","meta":[],"product_brand":[],"product_cat":[106],"product_tag":[170,107,174,166],"class_list":{"0":"post-4688","1":"product","2":"type-product","3":"status-publish","4":"has-post-thumbnail","6":"product_cat-mam-rung-cap-phoi","7":"product_tag-mam-rung-cap-phoi","8":"product_tag-may-cap-lieu-rung","9":"product_tag-may-nap-rung","10":"product_tag-pheu-rung","12":"first","13":"instock","14":"shipping-taxable","15":"product-type-simple"},"yoast_head":"<!-- This site is optimized with the Yoast SEO plugin v26.0 - https:\/\/yoast.com\/wordpress\/plugins\/seo\/ -->\n<title>M\u00e1y c\u1ea5p li\u1ec7u rung \u0111\u0129a \u0111i\u1ec1u khi\u1ec3n k\u1ef9 thu\u1eadt s\u1ed1 th\u00f4ng minh - Nh\u00e0 s\u1ea3n xu\u1ea5t m\u00e1y c\u1ea5p li\u1ec7u c\u00f4ng nghi\u1ec7p<\/title>\n<meta name=\"description\" content=\"M\u00e1y c\u1ea5p li\u1ec7u rung \u0111\u0129a \u0111i\u1ec1u khi\u1ec3n k\u1ef9 thu\u1eadt s\u1ed1 th\u00f4ng minh SWOER: T\u1ef1 \u0111\u1ed9ng t\u1ed1i \u01b0u h\u00f3a, \u0111i\u1ec1u khi\u1ec3n ch\u00ednh x\u00e1c, n\u00e2ng cao n\u0103ng su\u1ea5t v\u00e0 \u0111\u01a1n gi\u1ea3n h\u00f3a quy tr\u00ecnh\" \/>\n<meta name=\"robots\" content=\"index, follow, max-snippet:-1, max-image-preview:large, max-video-preview:-1\" \/>\n<link rel=\"canonical\" href=\"https:\/\/swoer.vn\/en\/manufacturer\/may-cap-lieu-rung-dia-dieu-khien-ky-thuat-so-thong-minh\/\" \/>\n<meta property=\"og:locale\" content=\"en_US\" \/>\n<meta property=\"og:type\" content=\"article\" \/>\n<meta property=\"og:title\" content=\"M\u00e1y c\u1ea5p li\u1ec7u rung \u0111\u0129a \u0111i\u1ec1u khi\u1ec3n k\u1ef9 thu\u1eadt s\u1ed1 th\u00f4ng minh - Nh\u00e0 s\u1ea3n xu\u1ea5t m\u00e1y c\u1ea5p li\u1ec7u c\u00f4ng nghi\u1ec7p\" \/>\n<meta property=\"og:description\" content=\"M\u00e1y c\u1ea5p li\u1ec7u rung \u0111\u0129a \u0111i\u1ec1u khi\u1ec3n k\u1ef9 thu\u1eadt s\u1ed1 th\u00f4ng minh SWOER: T\u1ef1 \u0111\u1ed9ng t\u1ed1i \u01b0u h\u00f3a, \u0111i\u1ec1u khi\u1ec3n ch\u00ednh x\u00e1c, n\u00e2ng cao n\u0103ng su\u1ea5t v\u00e0 \u0111\u01a1n gi\u1ea3n h\u00f3a quy tr\u00ecnh\" \/>\n<meta property=\"og:url\" content=\"https:\/\/swoer.vn\/en\/manufacturer\/may-cap-lieu-rung-dia-dieu-khien-ky-thuat-so-thong-minh\/\" \/>\n<meta property=\"og:site_name\" content=\"Nh\u00e0 s\u1ea3n xu\u1ea5t m\u00e1y c\u1ea5p li\u1ec7u c\u00f4ng nghi\u1ec7p\" \/>\n<meta property=\"og:image\" content=\"https:\/\/swoer.vn\/wp-content\/uploads\/2025\/09\/May-cap-lieu-rung-dia-dieu-khien-ky-thuat-so-thong-minh.png\" \/>\n\t<meta property=\"og:image:width\" content=\"800\" \/>\n\t<meta property=\"og:image:height\" content=\"800\" \/>\n\t<meta property=\"og:image:type\" content=\"image\/png\" \/>\n<meta name=\"twitter:card\" content=\"summary_large_image\" \/>\n<meta name=\"twitter:label1\" content=\"Est. reading time\" \/>\n\t<meta name=\"twitter:data1\" content=\"3 minutes\" \/>\n<script type=\"application\/ld+json\" class=\"yoast-schema-graph\">{\"@context\":\"https:\/\/schema.org\",\"@graph\":[{\"@type\":\"WebPage\",\"@id\":\"https:\/\/swoer.vn\/manufacturer\/may-cap-lieu-rung-dia-dieu-khien-ky-thuat-so-thong-minh\/\",\"url\":\"https:\/\/swoer.vn\/manufacturer\/may-cap-lieu-rung-dia-dieu-khien-ky-thuat-so-thong-minh\/\",\"name\":\"M\u00e1y c\u1ea5p li\u1ec7u rung \u0111\u0129a \u0111i\u1ec1u khi\u1ec3n k\u1ef9 thu\u1eadt s\u1ed1 th\u00f4ng minh - Nh\u00e0 s\u1ea3n xu\u1ea5t m\u00e1y c\u1ea5p li\u1ec7u c\u00f4ng nghi\u1ec7p\",\"isPartOf\":{\"@id\":\"https:\/\/swoer.vn\/#website\"},\"primaryImageOfPage\":{\"@id\":\"https:\/\/swoer.vn\/manufacturer\/may-cap-lieu-rung-dia-dieu-khien-ky-thuat-so-thong-minh\/#primaryimage\"},\"image\":{\"@id\":\"https:\/\/swoer.vn\/manufacturer\/may-cap-lieu-rung-dia-dieu-khien-ky-thuat-so-thong-minh\/#primaryimage\"},\"thumbnailUrl\":\"https:\/\/swoer.vn\/wp-content\/uploads\/2025\/09\/May-cap-lieu-rung-dia-dieu-khien-ky-thuat-so-thong-minh.png\",\"datePublished\":\"2025-09-20T07:35:43+00:00\",\"description\":\"M\u00e1y c\u1ea5p li\u1ec7u rung \u0111\u0129a \u0111i\u1ec1u khi\u1ec3n k\u1ef9 thu\u1eadt s\u1ed1 th\u00f4ng minh SWOER: T\u1ef1 \u0111\u1ed9ng t\u1ed1i \u01b0u h\u00f3a, \u0111i\u1ec1u khi\u1ec3n ch\u00ednh x\u00e1c, n\u00e2ng cao n\u0103ng su\u1ea5t v\u00e0 \u0111\u01a1n gi\u1ea3n h\u00f3a quy tr\u00ecnh\",\"breadcrumb\":{\"@id\":\"https:\/\/swoer.vn\/manufacturer\/may-cap-lieu-rung-dia-dieu-khien-ky-thuat-so-thong-minh\/#breadcrumb\"},\"inLanguage\":\"en-US\",\"potentialAction\":[{\"@type\":\"ReadAction\",\"target\":[\"https:\/\/swoer.vn\/manufacturer\/may-cap-lieu-rung-dia-dieu-khien-ky-thuat-so-thong-minh\/\"]}]},{\"@type\":\"ImageObject\",\"inLanguage\":\"en-US\",\"@id\":\"https:\/\/swoer.vn\/manufacturer\/may-cap-lieu-rung-dia-dieu-khien-ky-thuat-so-thong-minh\/#primaryimage\",\"url\":\"https:\/\/swoer.vn\/wp-content\/uploads\/2025\/09\/May-cap-lieu-rung-dia-dieu-khien-ky-thuat-so-thong-minh.png\",\"contentUrl\":\"https:\/\/swoer.vn\/wp-content\/uploads\/2025\/09\/May-cap-lieu-rung-dia-dieu-khien-ky-thuat-so-thong-minh.png\",\"width\":800,\"height\":800,\"caption\":\"M\u00e1y c\u1ea5p li\u1ec7u rung \u0111\u0129a \u0111i\u1ec1u khi\u1ec3n k\u1ef9 thu\u1eadt s\u1ed1 th\u00f4ng minh\"},{\"@type\":\"BreadcrumbList\",\"@id\":\"https:\/\/swoer.vn\/manufacturer\/may-cap-lieu-rung-dia-dieu-khien-ky-thuat-so-thong-minh\/#breadcrumb\",\"itemListElement\":[{\"@type\":\"ListItem\",\"position\":1,\"name\":\"Home\",\"item\":\"https:\/\/swoer.vn\/\"},{\"@type\":\"ListItem\",\"position\":2,\"name\":\"S\u1ea3n ph\u1ea9m\",\"item\":\"https:\/\/swoer.vn\/shop\/\"},{\"@type\":\"ListItem\",\"position\":3,\"name\":\"M\u00e1y c\u1ea5p li\u1ec7u rung \u0111\u0129a \u0111i\u1ec1u khi\u1ec3n k\u1ef9 thu\u1eadt s\u1ed1 th\u00f4ng minh\"}]},{\"@type\":\"WebSite\",\"@id\":\"https:\/\/swoer.vn\/#website\",\"url\":\"https:\/\/swoer.vn\/\",\"name\":\"Nh\u00e0 s\u1ea3n xu\u1ea5t m\u00e1y c\u1ea5p li\u1ec7u c\u00f4ng nghi\u1ec7p\",\"description\":\"Nh\u00e0 cung c\u1ea5p robot, m\u00e1y c\u1ea5p li\u1ec7u linh ho\u1ea1t, m\u00e1y c\u1ea5p li\u1ec7u ly t\u00e2m, m\u00e1y c\u1ea5p li\u1ec7u rung t\u1ef1 \u0111\u1ed9ng\",\"potentialAction\":[{\"@type\":\"SearchAction\",\"target\":{\"@type\":\"EntryPoint\",\"urlTemplate\":\"https:\/\/swoer.vn\/?s={search_term_string}\"},\"query-input\":{\"@type\":\"PropertyValueSpecification\",\"valueRequired\":true,\"valueName\":\"search_term_string\"}}],\"inLanguage\":\"en-US\"}]}<\/script>\n<!-- \/ Yoast SEO plugin. -->","yoast_head_json":{"title":"M\u00e1y c\u1ea5p li\u1ec7u rung \u0111\u0129a \u0111i\u1ec1u khi\u1ec3n k\u1ef9 thu\u1eadt s\u1ed1 th\u00f4ng minh - Nh\u00e0 s\u1ea3n xu\u1ea5t m\u00e1y c\u1ea5p li\u1ec7u c\u00f4ng nghi\u1ec7p","description":"M\u00e1y c\u1ea5p li\u1ec7u rung \u0111\u0129a \u0111i\u1ec1u khi\u1ec3n k\u1ef9 thu\u1eadt s\u1ed1 th\u00f4ng minh SWOER: T\u1ef1 \u0111\u1ed9ng t\u1ed1i \u01b0u h\u00f3a, \u0111i\u1ec1u khi\u1ec3n ch\u00ednh x\u00e1c, n\u00e2ng cao n\u0103ng su\u1ea5t v\u00e0 \u0111\u01a1n gi\u1ea3n h\u00f3a quy tr\u00ecnh","robots":{"index":"index","follow":"follow","max-snippet":"max-snippet:-1","max-image-preview":"max-image-preview:large","max-video-preview":"max-video-preview:-1"},"canonical":"https:\/\/swoer.vn\/en\/manufacturer\/may-cap-lieu-rung-dia-dieu-khien-ky-thuat-so-thong-minh\/","og_locale":"en_US","og_type":"article","og_title":"M\u00e1y c\u1ea5p li\u1ec7u rung \u0111\u0129a \u0111i\u1ec1u khi\u1ec3n k\u1ef9 thu\u1eadt s\u1ed1 th\u00f4ng minh - Nh\u00e0 s\u1ea3n xu\u1ea5t m\u00e1y c\u1ea5p li\u1ec7u c\u00f4ng nghi\u1ec7p","og_description":"M\u00e1y c\u1ea5p li\u1ec7u rung \u0111\u0129a \u0111i\u1ec1u khi\u1ec3n k\u1ef9 thu\u1eadt s\u1ed1 th\u00f4ng minh SWOER: T\u1ef1 \u0111\u1ed9ng t\u1ed1i \u01b0u h\u00f3a, \u0111i\u1ec1u khi\u1ec3n ch\u00ednh x\u00e1c, n\u00e2ng cao n\u0103ng su\u1ea5t v\u00e0 \u0111\u01a1n gi\u1ea3n h\u00f3a quy tr\u00ecnh","og_url":"https:\/\/swoer.vn\/en\/manufacturer\/may-cap-lieu-rung-dia-dieu-khien-ky-thuat-so-thong-minh\/","og_site_name":"Nh\u00e0 s\u1ea3n xu\u1ea5t m\u00e1y c\u1ea5p li\u1ec7u c\u00f4ng nghi\u1ec7p","og_image":[{"width":800,"height":800,"url":"https:\/\/swoer.vn\/wp-content\/uploads\/2025\/09\/May-cap-lieu-rung-dia-dieu-khien-ky-thuat-so-thong-minh.png","type":"image\/png"}],"twitter_card":"summary_large_image","twitter_misc":{"Est. reading time":"3 minutes"},"schema":{"@context":"https:\/\/schema.org","@graph":[{"@type":"WebPage","@id":"https:\/\/swoer.vn\/manufacturer\/may-cap-lieu-rung-dia-dieu-khien-ky-thuat-so-thong-minh\/","url":"https:\/\/swoer.vn\/manufacturer\/may-cap-lieu-rung-dia-dieu-khien-ky-thuat-so-thong-minh\/","name":"M\u00e1y c\u1ea5p li\u1ec7u rung \u0111\u0129a \u0111i\u1ec1u khi\u1ec3n k\u1ef9 thu\u1eadt s\u1ed1 th\u00f4ng minh - Nh\u00e0 s\u1ea3n xu\u1ea5t m\u00e1y c\u1ea5p li\u1ec7u c\u00f4ng nghi\u1ec7p","isPartOf":{"@id":"https:\/\/swoer.vn\/#website"},"primaryImageOfPage":{"@id":"https:\/\/swoer.vn\/manufacturer\/may-cap-lieu-rung-dia-dieu-khien-ky-thuat-so-thong-minh\/#primaryimage"},"image":{"@id":"https:\/\/swoer.vn\/manufacturer\/may-cap-lieu-rung-dia-dieu-khien-ky-thuat-so-thong-minh\/#primaryimage"},"thumbnailUrl":"https:\/\/swoer.vn\/wp-content\/uploads\/2025\/09\/May-cap-lieu-rung-dia-dieu-khien-ky-thuat-so-thong-minh.png","datePublished":"2025-09-20T07:35:43+00:00","description":"M\u00e1y c\u1ea5p li\u1ec7u rung \u0111\u0129a \u0111i\u1ec1u khi\u1ec3n k\u1ef9 thu\u1eadt s\u1ed1 th\u00f4ng minh SWOER: T\u1ef1 \u0111\u1ed9ng t\u1ed1i \u01b0u h\u00f3a, \u0111i\u1ec1u khi\u1ec3n ch\u00ednh x\u00e1c, n\u00e2ng cao n\u0103ng su\u1ea5t v\u00e0 \u0111\u01a1n gi\u1ea3n h\u00f3a quy tr\u00ecnh","breadcrumb":{"@id":"https:\/\/swoer.vn\/manufacturer\/may-cap-lieu-rung-dia-dieu-khien-ky-thuat-so-thong-minh\/#breadcrumb"},"inLanguage":"en-US","potentialAction":[{"@type":"ReadAction","target":["https:\/\/swoer.vn\/manufacturer\/may-cap-lieu-rung-dia-dieu-khien-ky-thuat-so-thong-minh\/"]}]},{"@type":"ImageObject","inLanguage":"en-US","@id":"https:\/\/swoer.vn\/manufacturer\/may-cap-lieu-rung-dia-dieu-khien-ky-thuat-so-thong-minh\/#primaryimage","url":"https:\/\/swoer.vn\/wp-content\/uploads\/2025\/09\/May-cap-lieu-rung-dia-dieu-khien-ky-thuat-so-thong-minh.png","contentUrl":"https:\/\/swoer.vn\/wp-content\/uploads\/2025\/09\/May-cap-lieu-rung-dia-dieu-khien-ky-thuat-so-thong-minh.png","width":800,"height":800,"caption":"M\u00e1y c\u1ea5p li\u1ec7u rung \u0111\u0129a \u0111i\u1ec1u khi\u1ec3n k\u1ef9 thu\u1eadt s\u1ed1 th\u00f4ng minh"},{"@type":"BreadcrumbList","@id":"https:\/\/swoer.vn\/manufacturer\/may-cap-lieu-rung-dia-dieu-khien-ky-thuat-so-thong-minh\/#breadcrumb","itemListElement":[{"@type":"ListItem","position":1,"name":"Home","item":"https:\/\/swoer.vn\/"},{"@type":"ListItem","position":2,"name":"S\u1ea3n ph\u1ea9m","item":"https:\/\/swoer.vn\/shop\/"},{"@type":"ListItem","position":3,"name":"M\u00e1y c\u1ea5p li\u1ec7u rung \u0111\u0129a \u0111i\u1ec1u khi\u1ec3n k\u1ef9 thu\u1eadt s\u1ed1 th\u00f4ng minh"}]},{"@type":"WebSite","@id":"https:\/\/swoer.vn\/#website","url":"https:\/\/swoer.vn\/","name":"Industrial Feeder Manufacturer","description":"Supplier of robot, flexible feeder, centrifugal feeder, automatic vibrating feeder","potentialAction":[{"@type":"SearchAction","target":{"@type":"EntryPoint","urlTemplate":"https:\/\/swoer.vn\/?s={search_term_string}"},"query-input":{"@type":"PropertyValueSpecification","valueRequired":true,"valueName":"search_term_string"}}],"inLanguage":"en-US"}]}},"_links":{"self":[{"href":"https:\/\/swoer.vn\/en\/wp-json\/wp\/v2\/product\/4688","targetHints":{"allow":["GET"]}}],"collection":[{"href":"https:\/\/swoer.vn\/en\/wp-json\/wp\/v2\/product"}],"about":[{"href":"https:\/\/swoer.vn\/en\/wp-json\/wp\/v2\/types\/product"}],"replies":[{"embeddable":true,"href":"https:\/\/swoer.vn\/en\/wp-json\/wp\/v2\/comments?post=4688"}],"wp:featuredmedia":[{"embeddable":true,"href":"https:\/\/swoer.vn\/en\/wp-json\/wp\/v2\/media\/4689"}],"wp:attachment":[{"href":"https:\/\/swoer.vn\/en\/wp-json\/wp\/v2\/media?parent=4688"}],"wp:term":[{"taxonomy":"product_brand","embeddable":true,"href":"https:\/\/swoer.vn\/en\/wp-json\/wp\/v2\/product_brand?post=4688"},{"taxonomy":"product_cat","embeddable":true,"href":"https:\/\/swoer.vn\/en\/wp-json\/wp\/v2\/product_cat?post=4688"},{"taxonomy":"product_tag","embeddable":true,"href":"https:\/\/swoer.vn\/en\/wp-json\/wp\/v2\/product_tag?post=4688"}],"curies":[{"name":"wp","href":"https:\/\/api.w.org\/{rel}","templated":true}]}}