{"id":4532,"date":"2025-09-13T16:54:10","date_gmt":"2025-09-13T09:54:10","guid":{"rendered":"https:\/\/swoer.vn\/?post_type=product&#038;p=4532"},"modified":"2025-09-13T16:54:10","modified_gmt":"2025-09-13T09:54:10","slug":"may-nap-tuyen-tinh-rung-dong-jd","status":"publish","type":"product","link":"https:\/\/swoer.vn\/en\/manufacturer\/may-nap-tuyen-tinh-rung-dong-jd\/","title":{"rendered":"M\u00e1y n\u1ea1p tuy\u1ebfn t\u00ednh rung  &#8211; D\u00f2ng JD"},"content":{"rendered":"<h2><span style=\"font-weight: 400;\">Product specifications:<\/span><\/h2>\n<table>\n<tbody>\n<tr>\n<td><span style=\"font-weight: 400;\">M\u00e3 s\u1ea3n ph\u1ea9m<\/span><\/td>\n<td><span style=\"font-weight: 400;\">JD Series<\/span><\/td>\n<\/tr>\n<tr>\n<td><span style=\"font-weight: 400;\">C\u00f4ng su\u1ea5t \u0111\u1ed9ng c\u01a1 (kW)<\/span><\/td>\n<td><span style=\"font-weight: 400;\">1 \u0111\u1ebfn 10<\/span><\/td>\n<\/tr>\n<tr>\n<td><span style=\"font-weight: 400;\">Use\u00a0<\/span><\/td>\n<td><span style=\"font-weight: 400;\">S\u00e2n c\u1ecf \u0111\u00e1, Luy\u1ec7n kim, V\u1eadt li\u1ec7u x\u00e2y d\u1ef1ng, Ng\u00e0nh h\u00f3a ch\u1ea5t<\/span><\/td>\n<\/tr>\n<tr>\n<td><span style=\"font-weight: 400;\">Movement Mode<\/span><\/td>\n<td><span style=\"font-weight: 400;\">Linear<\/span><\/td>\n<\/tr>\n<tr>\n<td><span style=\"font-weight: 400;\">After-sales Service<\/span><\/td>\n<td><span style=\"font-weight: 400;\">one year<\/span><\/td>\n<\/tr>\n<tr>\n<td><span style=\"font-weight: 400;\">Appearance<\/span><\/td>\n<td><span style=\"font-weight: 400;\">Customized<\/span><\/td>\n<\/tr>\n<tr>\n<td><span style=\"font-weight: 400;\">Chute Size (mm)\u00a0<\/span><\/td>\n<td><span style=\"font-weight: 400;\">Customized<\/span><\/td>\n<\/tr>\n<tr>\n<td><span style=\"font-weight: 400;\">Nh\u00e3n hi\u1ec7u<\/span><\/td>\n<td><span style=\"font-weight: 400;\">SWOER<\/span><\/td>\n<\/tr>\n<tr>\n<td><span style=\"font-weight: 400;\">S\u1ee9c ch\u1ee9a (t\/h)<\/span><\/td>\n<td><span style=\"font-weight: 400;\">180 &#8211; 400<\/span><\/td>\n<\/tr>\n<tr>\n<td><span style=\"font-weight: 400;\">Type<\/span><\/td>\n<td><span style=\"font-weight: 400;\">Vibratory Linear Feeder<\/span><\/td>\n<\/tr>\n<tr>\n<td><span style=\"font-weight: 400;\">Shipment<\/span><\/td>\n<td><span style=\"font-weight: 400;\">3 &#8211; 7 ng\u00e0y<\/span><\/td>\n<\/tr>\n<tr>\n<td><span style=\"font-weight: 400;\">Max Feeding (mm)<\/span><\/td>\n<td><span style=\"font-weight: 400;\">500<\/span><\/td>\n<\/tr>\n<tr>\n<td><span style=\"font-weight: 400;\">Warranty<\/span><\/td>\n<td><span style=\"font-weight: 400;\">one year<\/span><\/td>\n<\/tr>\n<tr>\n<td><span style=\"font-weight: 400;\">Installation Slope<\/span><\/td>\n<td><span style=\"font-weight: 400;\">Customized<\/span><\/td>\n<\/tr>\n<tr>\n<td><span style=\"font-weight: 400;\">Overall Dimension<\/span><\/td>\n<td><span style=\"font-weight: 400;\">SW-100JD, 140JD, 190JD<\/span><\/td>\n<\/tr>\n<tr>\n<td><span style=\"font-weight: 400;\">G\u00f3i v\u1eadn chuy\u1ec3n<\/span><\/td>\n<td><span style=\"font-weight: 400;\">G\u1ed7 d\u00e1n<\/span><\/td>\n<\/tr>\n<tr>\n<td><span style=\"font-weight: 400;\">Xu\u1ea5t x\u1ee9<\/span><\/td>\n<td><span style=\"font-weight: 400;\">China<\/span><\/td>\n<\/tr>\n<\/tbody>\n<\/table>\n<h2><span style=\"font-weight: 400;\">Features:<\/span><\/h2>\n<ul>\n<li style=\"font-weight: 400;\" aria-level=\"1\"><span style=\"font-weight: 400;\">K\u00edch th\u01b0\u1edbc nh\u1ecf , tr\u1ecdng l\u01b0\u1ee3ng nh\u1eb9 ,\u00a0\u00a0<\/span><\/li>\n<li style=\"font-weight: 400;\" aria-level=\"1\"><span style=\"font-weight: 400;\">Ti\u1ebfng \u1ed3n th\u1ea5p, ti\u00eau th\u1ee5 n\u0103ng l\u01b0\u1ee3ng th\u1ea5p.<\/span><\/li>\n<li style=\"font-weight: 400;\" aria-level=\"1\"><span style=\"font-weight: 400;\">T\u1ef1 \u0111\u1ed9ng ti\u1ebfp li\u1ec7u, \u0111\u1ecbnh l\u01b0\u1ee3ng<\/span><\/li>\n<li style=\"font-weight: 400;\" aria-level=\"1\"><span style=\"font-weight: 400;\">\u0110i\u1ec1u khi\u1ec3n t\u1eadp trung, t\u1ed1c \u0111\u1ed9 ti\u1ebfp nguy\u00ean li\u1ec7u \u0111i\u1ec1u ch\u1ec9nh li\u00ean t\u1ee5c<\/span><\/li>\n<li style=\"font-weight: 400;\" aria-level=\"1\"><span style=\"font-weight: 400;\">C\u00f3 th\u1ec3 v\u1eadn h\u00e0nh tr\u00ean b\u00e0n l\u00e0m vi\u1ec7c<\/span><\/li>\n<li style=\"font-weight: 400;\" aria-level=\"1\"><span style=\"font-weight: 400;\">C\u00f3 thi\u1ebft k\u1ebf \u0111\u1eb7c bi\u1ec7t theo y\u00eau c\u1ea7u c\u1ee7a kh\u00e1ch h\u00e0ng<\/span><\/li>\n<\/ul>\n<p><span style=\"font-weight: 400;\">\u0110i\u1ec1u bi\u1ebfn t\u1ea7n s\u1ed1 c\u00f3 th\u1ec3 thay \u0111\u1ed5i v\u00e0 ph\u00f9 h\u1ee3p v\u1edbi h\u1ec7 th\u1ed1ng c\u1ea5p li\u1ec7u tuy\u1ebfn t\u00ednh \u0111\u1ec3 chuy\u1ec3n v\u1eadn tuy\u1ebfn t\u00ednh c\u00e1c b\u1ed9 ph\u1eadn nh\u1ecf. Bi\u00ean \u0111\u1ed9 l\u00e1i xe nh\u1ecf v\u00e0 h\u1ea7u nh\u01b0 kh\u00f4ng c\u00f3 hi\u1ec7n t\u01b0\u1ee3ng nhi\u1ec5u rung gi\u1eefa b\u1ed9 d\u1eabn \u0111\u1ed9ng b\u1ed9 ph\u1eadn.<\/span><\/p>","protected":false},"excerpt":{"rendered":"<p>B\u1ea1n \u0111ang t\u00ecm ki\u1ebfm m\u1ed9t gi\u1ea3i ph\u00e1p c\u1ea5p ph\u00f4i m\u1ea1nh m\u1ebd, \u0111\u00e1ng tin c\u1eady cho c\u00e1c chi ti\u1ebft n\u1eb7ng ho\u1eb7c c\u00f3 k\u00edch th\u01b0\u1edbc l\u1edbn? <b>M\u00e1y n\u1ea1p tuy\u1ebfn t\u00ednh rung &#8211; d\u00f2ng JD<\/b> c\u1ee7a SWOER l\u00e0 c\u00e2u tr\u1ea3 l\u1eddi. D\u00f2ng m\u00e1y n\u00e0y \u0111\u01b0\u1ee3c thi\u1ebft k\u1ebf \u0111\u1ec3 x\u1eed l\u00fd c\u00e1c lo\u1ea1i ph\u00f4i m\u00e0 nh\u1eefng m\u00e1y ti\u00eau chu\u1ea9n kh\u00f4ng th\u1ec3 l\u00e0m \u0111\u01b0\u1ee3c. V\u1edbi c\u00f4ng su\u1ea5t rung v\u01b0\u1ee3t tr\u1ed9i v\u00e0 m\u00e1ng d\u1eabn ch\u1eafc ch\u1eafn, d\u00f2ng JD \u0111\u1ea3m b\u1ea3o c\u00e1c chi ti\u1ebft n\u1eb7ng \u0111\u01b0\u1ee3c di chuy\u1ec3n tr\u01a1n tru, li\u00ean t\u1ee5c, lo\u1ea1i b\u1ecf ho\u00e0n to\u00e0n nguy c\u01a1 t\u1eafc ngh\u1ebdn. \u0110\u00e2y l\u00e0 gi\u1ea3i ph\u00e1p ho\u00e0n h\u1ea3o \u0111\u1ec3 n\u00e2ng cao hi\u1ec7u su\u1ea5t cho c\u00e1c d\u00e2y chuy\u1ec1n s\u1ea3n xu\u1ea5t l\u1edbn, x\u1eed l\u00fd c\u00e1c chi ti\u1ebft c\u00f3 t\u1ea3i tr\u1ecdng cao.<\/p>","protected":false},"featured_media":4533,"comment_status":"open","ping_status":"closed","template":"","meta":[],"product_brand":[],"product_cat":[87],"product_tag":[153,154,152],"class_list":{"0":"post-4532","1":"product","2":"type-product","3":"status-publish","4":"has-post-thumbnail","6":"product_cat-bo-nap-tuyen-tinh","7":"product_tag-bo-nap-tuyen-tinh","8":"product_tag-bo-rung-tuyen-tinh","9":"product_tag-may-nap-tuyen-tinh-rung","11":"first","12":"instock","13":"shipping-taxable","14":"product-type-simple"},"yoast_head":"<!-- This site is optimized with the Yoast SEO plugin v26.0 - https:\/\/yoast.com\/wordpress\/plugins\/seo\/ -->\n<title>M\u00e1y n\u1ea1p tuy\u1ebfn t\u00ednh rung - D\u00f2ng JD - Nh\u00e0 s\u1ea3n xu\u1ea5t m\u00e1y c\u1ea5p li\u1ec7u c\u00f4ng nghi\u1ec7p<\/title>\n<meta name=\"description\" content=\"M\u00e1y n\u1ea1p tuy\u1ebfn t\u00ednh rung SWOER d\u00f2ng JD: Gi\u1ea3i ph\u00e1p c\u1ea5p ph\u00f4i m\u1ea1nh m\u1ebd cho chi ti\u1ebft n\u1eb7ng v\u00e0 k\u00edch th\u01b0\u1edbc l\u1edbn. \u0110\u1ea3m b\u1ea3o d\u00f2ng ch\u1ea3y ph\u00f4i li\u00ean t\u1ee5c, \u1ed5n \u0111\u1ecbnh, t\u1ed1i \u01b0u\" \/>\n<meta name=\"robots\" content=\"index, follow, max-snippet:-1, max-image-preview:large, max-video-preview:-1\" \/>\n<link rel=\"canonical\" href=\"https:\/\/swoer.vn\/en\/manufacturer\/may-nap-tuyen-tinh-rung-dong-jd\/\" \/>\n<meta property=\"og:locale\" content=\"en_US\" \/>\n<meta property=\"og:type\" content=\"article\" \/>\n<meta property=\"og:title\" content=\"M\u00e1y n\u1ea1p tuy\u1ebfn t\u00ednh rung - D\u00f2ng JD - Nh\u00e0 s\u1ea3n xu\u1ea5t m\u00e1y c\u1ea5p li\u1ec7u c\u00f4ng nghi\u1ec7p\" \/>\n<meta property=\"og:description\" content=\"M\u00e1y n\u1ea1p tuy\u1ebfn t\u00ednh rung SWOER d\u00f2ng JD: Gi\u1ea3i ph\u00e1p c\u1ea5p ph\u00f4i m\u1ea1nh m\u1ebd cho chi ti\u1ebft n\u1eb7ng v\u00e0 k\u00edch th\u01b0\u1edbc l\u1edbn. \u0110\u1ea3m b\u1ea3o d\u00f2ng ch\u1ea3y ph\u00f4i li\u00ean t\u1ee5c, \u1ed5n \u0111\u1ecbnh, t\u1ed1i \u01b0u\" \/>\n<meta property=\"og:url\" content=\"https:\/\/swoer.vn\/en\/manufacturer\/may-nap-tuyen-tinh-rung-dong-jd\/\" \/>\n<meta property=\"og:site_name\" content=\"Nh\u00e0 s\u1ea3n xu\u1ea5t m\u00e1y c\u1ea5p li\u1ec7u c\u00f4ng nghi\u1ec7p\" \/>\n<meta property=\"og:image\" content=\"https:\/\/swoer.vn\/wp-content\/uploads\/2025\/09\/May-nap-tuyen-tinh-rung-dong-JD.png\" \/>\n\t<meta property=\"og:image:width\" content=\"800\" \/>\n\t<meta property=\"og:image:height\" content=\"800\" \/>\n\t<meta property=\"og:image:type\" content=\"image\/png\" \/>\n<meta name=\"twitter:card\" content=\"summary_large_image\" \/>\n<meta name=\"twitter:label1\" content=\"Est. reading time\" \/>\n\t<meta name=\"twitter:data1\" content=\"2 minutes\" \/>\n<script type=\"application\/ld+json\" class=\"yoast-schema-graph\">{\"@context\":\"https:\/\/schema.org\",\"@graph\":[{\"@type\":\"WebPage\",\"@id\":\"https:\/\/swoer.vn\/manufacturer\/may-nap-tuyen-tinh-rung-dong-jd\/\",\"url\":\"https:\/\/swoer.vn\/manufacturer\/may-nap-tuyen-tinh-rung-dong-jd\/\",\"name\":\"M\u00e1y n\u1ea1p tuy\u1ebfn t\u00ednh rung - D\u00f2ng JD - Nh\u00e0 s\u1ea3n xu\u1ea5t m\u00e1y c\u1ea5p li\u1ec7u c\u00f4ng nghi\u1ec7p\",\"isPartOf\":{\"@id\":\"https:\/\/swoer.vn\/#website\"},\"primaryImageOfPage\":{\"@id\":\"https:\/\/swoer.vn\/manufacturer\/may-nap-tuyen-tinh-rung-dong-jd\/#primaryimage\"},\"image\":{\"@id\":\"https:\/\/swoer.vn\/manufacturer\/may-nap-tuyen-tinh-rung-dong-jd\/#primaryimage\"},\"thumbnailUrl\":\"https:\/\/swoer.vn\/wp-content\/uploads\/2025\/09\/May-nap-tuyen-tinh-rung-dong-JD.png\",\"datePublished\":\"2025-09-13T09:54:10+00:00\",\"description\":\"M\u00e1y n\u1ea1p tuy\u1ebfn t\u00ednh rung SWOER d\u00f2ng JD: Gi\u1ea3i ph\u00e1p c\u1ea5p ph\u00f4i m\u1ea1nh m\u1ebd cho chi ti\u1ebft n\u1eb7ng v\u00e0 k\u00edch th\u01b0\u1edbc l\u1edbn. \u0110\u1ea3m b\u1ea3o d\u00f2ng ch\u1ea3y ph\u00f4i li\u00ean t\u1ee5c, \u1ed5n \u0111\u1ecbnh, t\u1ed1i \u01b0u\",\"breadcrumb\":{\"@id\":\"https:\/\/swoer.vn\/manufacturer\/may-nap-tuyen-tinh-rung-dong-jd\/#breadcrumb\"},\"inLanguage\":\"en-US\",\"potentialAction\":[{\"@type\":\"ReadAction\",\"target\":[\"https:\/\/swoer.vn\/manufacturer\/may-nap-tuyen-tinh-rung-dong-jd\/\"]}]},{\"@type\":\"ImageObject\",\"inLanguage\":\"en-US\",\"@id\":\"https:\/\/swoer.vn\/manufacturer\/may-nap-tuyen-tinh-rung-dong-jd\/#primaryimage\",\"url\":\"https:\/\/swoer.vn\/wp-content\/uploads\/2025\/09\/May-nap-tuyen-tinh-rung-dong-JD.png\",\"contentUrl\":\"https:\/\/swoer.vn\/wp-content\/uploads\/2025\/09\/May-nap-tuyen-tinh-rung-dong-JD.png\",\"width\":800,\"height\":800,\"caption\":\"Ma\u0301y na\u0323p tuye\u0302\u0301n ti\u0301nh rung do\u0300ng JD\"},{\"@type\":\"BreadcrumbList\",\"@id\":\"https:\/\/swoer.vn\/manufacturer\/may-nap-tuyen-tinh-rung-dong-jd\/#breadcrumb\",\"itemListElement\":[{\"@type\":\"ListItem\",\"position\":1,\"name\":\"Home\",\"item\":\"https:\/\/swoer.vn\/\"},{\"@type\":\"ListItem\",\"position\":2,\"name\":\"S\u1ea3n ph\u1ea9m\",\"item\":\"https:\/\/swoer.vn\/shop\/\"},{\"@type\":\"ListItem\",\"position\":3,\"name\":\"M\u00e1y n\u1ea1p tuy\u1ebfn t\u00ednh rung &#8211; D\u00f2ng JD\"}]},{\"@type\":\"WebSite\",\"@id\":\"https:\/\/swoer.vn\/#website\",\"url\":\"https:\/\/swoer.vn\/\",\"name\":\"Nh\u00e0 s\u1ea3n xu\u1ea5t m\u00e1y c\u1ea5p li\u1ec7u c\u00f4ng nghi\u1ec7p\",\"description\":\"Nh\u00e0 cung c\u1ea5p robot, m\u00e1y c\u1ea5p li\u1ec7u linh ho\u1ea1t, m\u00e1y c\u1ea5p li\u1ec7u ly t\u00e2m, m\u00e1y c\u1ea5p li\u1ec7u rung t\u1ef1 \u0111\u1ed9ng\",\"potentialAction\":[{\"@type\":\"SearchAction\",\"target\":{\"@type\":\"EntryPoint\",\"urlTemplate\":\"https:\/\/swoer.vn\/?s={search_term_string}\"},\"query-input\":{\"@type\":\"PropertyValueSpecification\",\"valueRequired\":true,\"valueName\":\"search_term_string\"}}],\"inLanguage\":\"en-US\"}]}<\/script>\n<!-- \/ Yoast SEO plugin. -->","yoast_head_json":{"title":"M\u00e1y n\u1ea1p tuy\u1ebfn t\u00ednh rung - D\u00f2ng JD - Nh\u00e0 s\u1ea3n xu\u1ea5t m\u00e1y c\u1ea5p li\u1ec7u c\u00f4ng nghi\u1ec7p","description":"M\u00e1y n\u1ea1p tuy\u1ebfn t\u00ednh rung SWOER d\u00f2ng JD: Gi\u1ea3i ph\u00e1p c\u1ea5p ph\u00f4i m\u1ea1nh m\u1ebd cho chi ti\u1ebft n\u1eb7ng v\u00e0 k\u00edch th\u01b0\u1edbc l\u1edbn. \u0110\u1ea3m b\u1ea3o d\u00f2ng ch\u1ea3y ph\u00f4i li\u00ean t\u1ee5c, \u1ed5n \u0111\u1ecbnh, t\u1ed1i \u01b0u","robots":{"index":"index","follow":"follow","max-snippet":"max-snippet:-1","max-image-preview":"max-image-preview:large","max-video-preview":"max-video-preview:-1"},"canonical":"https:\/\/swoer.vn\/en\/manufacturer\/may-nap-tuyen-tinh-rung-dong-jd\/","og_locale":"en_US","og_type":"article","og_title":"M\u00e1y n\u1ea1p tuy\u1ebfn t\u00ednh rung - D\u00f2ng JD - Nh\u00e0 s\u1ea3n xu\u1ea5t m\u00e1y c\u1ea5p li\u1ec7u c\u00f4ng nghi\u1ec7p","og_description":"M\u00e1y n\u1ea1p tuy\u1ebfn t\u00ednh rung SWOER d\u00f2ng JD: Gi\u1ea3i ph\u00e1p c\u1ea5p ph\u00f4i m\u1ea1nh m\u1ebd cho chi ti\u1ebft n\u1eb7ng v\u00e0 k\u00edch th\u01b0\u1edbc l\u1edbn. \u0110\u1ea3m b\u1ea3o d\u00f2ng ch\u1ea3y ph\u00f4i li\u00ean t\u1ee5c, \u1ed5n \u0111\u1ecbnh, t\u1ed1i \u01b0u","og_url":"https:\/\/swoer.vn\/en\/manufacturer\/may-nap-tuyen-tinh-rung-dong-jd\/","og_site_name":"Nh\u00e0 s\u1ea3n xu\u1ea5t m\u00e1y c\u1ea5p li\u1ec7u c\u00f4ng nghi\u1ec7p","og_image":[{"width":800,"height":800,"url":"https:\/\/swoer.vn\/wp-content\/uploads\/2025\/09\/May-nap-tuyen-tinh-rung-dong-JD.png","type":"image\/png"}],"twitter_card":"summary_large_image","twitter_misc":{"Est. reading time":"2 minutes"},"schema":{"@context":"https:\/\/schema.org","@graph":[{"@type":"WebPage","@id":"https:\/\/swoer.vn\/manufacturer\/may-nap-tuyen-tinh-rung-dong-jd\/","url":"https:\/\/swoer.vn\/manufacturer\/may-nap-tuyen-tinh-rung-dong-jd\/","name":"M\u00e1y n\u1ea1p tuy\u1ebfn t\u00ednh rung - D\u00f2ng JD - Nh\u00e0 s\u1ea3n xu\u1ea5t m\u00e1y c\u1ea5p li\u1ec7u c\u00f4ng nghi\u1ec7p","isPartOf":{"@id":"https:\/\/swoer.vn\/#website"},"primaryImageOfPage":{"@id":"https:\/\/swoer.vn\/manufacturer\/may-nap-tuyen-tinh-rung-dong-jd\/#primaryimage"},"image":{"@id":"https:\/\/swoer.vn\/manufacturer\/may-nap-tuyen-tinh-rung-dong-jd\/#primaryimage"},"thumbnailUrl":"https:\/\/swoer.vn\/wp-content\/uploads\/2025\/09\/May-nap-tuyen-tinh-rung-dong-JD.png","datePublished":"2025-09-13T09:54:10+00:00","description":"M\u00e1y n\u1ea1p tuy\u1ebfn t\u00ednh rung SWOER d\u00f2ng JD: Gi\u1ea3i ph\u00e1p c\u1ea5p ph\u00f4i m\u1ea1nh m\u1ebd cho chi ti\u1ebft n\u1eb7ng v\u00e0 k\u00edch th\u01b0\u1edbc l\u1edbn. \u0110\u1ea3m b\u1ea3o d\u00f2ng ch\u1ea3y ph\u00f4i li\u00ean t\u1ee5c, \u1ed5n \u0111\u1ecbnh, t\u1ed1i \u01b0u","breadcrumb":{"@id":"https:\/\/swoer.vn\/manufacturer\/may-nap-tuyen-tinh-rung-dong-jd\/#breadcrumb"},"inLanguage":"en-US","potentialAction":[{"@type":"ReadAction","target":["https:\/\/swoer.vn\/manufacturer\/may-nap-tuyen-tinh-rung-dong-jd\/"]}]},{"@type":"ImageObject","inLanguage":"en-US","@id":"https:\/\/swoer.vn\/manufacturer\/may-nap-tuyen-tinh-rung-dong-jd\/#primaryimage","url":"https:\/\/swoer.vn\/wp-content\/uploads\/2025\/09\/May-nap-tuyen-tinh-rung-dong-JD.png","contentUrl":"https:\/\/swoer.vn\/wp-content\/uploads\/2025\/09\/May-nap-tuyen-tinh-rung-dong-JD.png","width":800,"height":800,"caption":"Ma\u0301y na\u0323p tuye\u0302\u0301n ti\u0301nh rung do\u0300ng JD"},{"@type":"BreadcrumbList","@id":"https:\/\/swoer.vn\/manufacturer\/may-nap-tuyen-tinh-rung-dong-jd\/#breadcrumb","itemListElement":[{"@type":"ListItem","position":1,"name":"Home","item":"https:\/\/swoer.vn\/"},{"@type":"ListItem","position":2,"name":"S\u1ea3n ph\u1ea9m","item":"https:\/\/swoer.vn\/shop\/"},{"@type":"ListItem","position":3,"name":"M\u00e1y n\u1ea1p tuy\u1ebfn t\u00ednh rung &#8211; D\u00f2ng JD"}]},{"@type":"WebSite","@id":"https:\/\/swoer.vn\/#website","url":"https:\/\/swoer.vn\/","name":"Industrial Feeder Manufacturer","description":"Supplier of robot, flexible feeder, centrifugal feeder, automatic vibrating feeder","potentialAction":[{"@type":"SearchAction","target":{"@type":"EntryPoint","urlTemplate":"https:\/\/swoer.vn\/?s={search_term_string}"},"query-input":{"@type":"PropertyValueSpecification","valueRequired":true,"valueName":"search_term_string"}}],"inLanguage":"en-US"}]}},"_links":{"self":[{"href":"https:\/\/swoer.vn\/en\/wp-json\/wp\/v2\/product\/4532","targetHints":{"allow":["GET"]}}],"collection":[{"href":"https:\/\/swoer.vn\/en\/wp-json\/wp\/v2\/product"}],"about":[{"href":"https:\/\/swoer.vn\/en\/wp-json\/wp\/v2\/types\/product"}],"replies":[{"embeddable":true,"href":"https:\/\/swoer.vn\/en\/wp-json\/wp\/v2\/comments?post=4532"}],"wp:featuredmedia":[{"embeddable":true,"href":"https:\/\/swoer.vn\/en\/wp-json\/wp\/v2\/media\/4533"}],"wp:attachment":[{"href":"https:\/\/swoer.vn\/en\/wp-json\/wp\/v2\/media?parent=4532"}],"wp:term":[{"taxonomy":"product_brand","embeddable":true,"href":"https:\/\/swoer.vn\/en\/wp-json\/wp\/v2\/product_brand?post=4532"},{"taxonomy":"product_cat","embeddable":true,"href":"https:\/\/swoer.vn\/en\/wp-json\/wp\/v2\/product_cat?post=4532"},{"taxonomy":"product_tag","embeddable":true,"href":"https:\/\/swoer.vn\/en\/wp-json\/wp\/v2\/product_tag?post=4532"}],"curies":[{"name":"wp","href":"https:\/\/api.w.org\/{rel}","templated":true}]}}