{"id":4530,"date":"2025-09-13T16:40:33","date_gmt":"2025-09-13T09:40:33","guid":{"rendered":"https:\/\/swoer.vn\/?post_type=product&#038;p=4530"},"modified":"2025-09-13T16:40:33","modified_gmt":"2025-09-13T09:40:33","slug":"may-nap-tuyen-tinh-rung-dong-fz","status":"publish","type":"product","link":"https:\/\/swoer.vn\/en\/manufacturer\/may-nap-tuyen-tinh-rung-dong-fz\/","title":{"rendered":"M\u00e1y n\u1ea1p tuy\u1ebfn t\u00ednh rung &#8211; D\u00f2ng FZ"},"content":{"rendered":"<h2><span style=\"font-weight: 400;\">Product specifications:<\/span><\/h2>\n<table>\n<tbody>\n<tr>\n<td><span style=\"font-weight: 400;\">M\u00e3 s\u1ea3n ph\u1ea9m<\/span><\/td>\n<td><span style=\"font-weight: 400;\">FZ Series<\/span><\/td>\n<\/tr>\n<tr>\n<td><span style=\"font-weight: 400;\">C\u00f4ng su\u1ea5t \u0111\u1ed9ng c\u01a1 (kW)<\/span><\/td>\n<td><span style=\"font-weight: 400;\">1 \u0111\u1ebfn 10<\/span><\/td>\n<\/tr>\n<tr>\n<td><span style=\"font-weight: 400;\">Use<\/span><\/td>\n<td><span style=\"font-weight: 400;\">Material Delivery<\/span><\/td>\n<\/tr>\n<tr>\n<td><span style=\"font-weight: 400;\">Movement Mode<\/span><\/td>\n<td><span style=\"font-weight: 400;\">Linear<\/span><\/td>\n<\/tr>\n<tr>\n<td><span style=\"font-weight: 400;\">Warranty<\/span><\/td>\n<td><span style=\"font-weight: 400;\">one year<\/span><\/td>\n<\/tr>\n<tr>\n<td><span style=\"font-weight: 400;\">Max Feeding (mm)<\/span><\/td>\n<td><span style=\"font-weight: 400;\">Customized<\/span><\/td>\n<\/tr>\n<tr>\n<td><span style=\"font-weight: 400;\">Chute Size (mm)<\/span><\/td>\n<td><span style=\"font-weight: 400;\">Customized<\/span><\/td>\n<\/tr>\n<tr>\n<td><span style=\"font-weight: 400;\">Nh\u00e3n hi\u1ec7u<\/span><\/td>\n<td><span style=\"font-weight: 400;\">SWOER<\/span><\/td>\n<\/tr>\n<tr>\n<td><span style=\"font-weight: 400;\">S\u1ee9c ch\u1ee9a (t\/h)<\/span><\/td>\n<td><span style=\"font-weight: 400;\">150 &#8211; 300<\/span><\/td>\n<\/tr>\n<tr>\n<td><span style=\"font-weight: 400;\">Type<\/span><\/td>\n<td><span style=\"font-weight: 400;\">Vibratory Linear Feeder<\/span><\/td>\n<\/tr>\n<tr>\n<td><span style=\"font-weight: 400;\">Lead Time<\/span><\/td>\n<td><span style=\"font-weight: 400;\">7 &#8211; 14 ng\u00e0y<\/span><\/td>\n<\/tr>\n<tr>\n<td><span style=\"font-weight: 400;\">After-sales Service<\/span><\/td>\n<td><span style=\"font-weight: 400;\">one year<\/span><\/td>\n<\/tr>\n<tr>\n<td><span style=\"font-weight: 400;\">Appearance<\/span><\/td>\n<td><span style=\"font-weight: 400;\">Customized<\/span><\/td>\n<\/tr>\n<tr>\n<td><span style=\"font-weight: 400;\">Installation Slope<\/span><\/td>\n<td><span style=\"font-weight: 400;\">Customized<\/span><\/td>\n<\/tr>\n<tr>\n<td><span style=\"font-weight: 400;\">Overall Dimension<\/span><\/td>\n<td><span style=\"font-weight: 400;\">SW-70FZ, 140FZ<\/span><\/td>\n<\/tr>\n<tr>\n<td><span style=\"font-weight: 400;\">G\u00f3i v\u1eadn chuy\u1ec3n<\/span><\/td>\n<td><span style=\"font-weight: 400;\">G\u1ed7 d\u00e1n<\/span><\/td>\n<\/tr>\n<tr>\n<td><span style=\"font-weight: 400;\">Xu\u1ea5t x\u1ee9<\/span><\/td>\n<td><span style=\"font-weight: 400;\">China<\/span><\/td>\n<\/tr>\n<\/tbody>\n<\/table>\n<h2><span style=\"font-weight: 400;\">Features:<\/span><\/h2>\n<p><span style=\"font-weight: 400;\">K\u1ebft h\u1ee3p v\u1edbi t\u1ea5m rung, thi\u1ebft b\u1ecb n\u00e0y r\u1ea5t t\u1ed1t khi v\u1eadn chuy\u1ec3n c\u00e1c v\u1eadt li\u1ec7u m\u1ea3nh mai, tr\u1ee5, vu\u00f4ng v\u00e0 gi\u1ed1ng kim kh\u00e1c. \u0110\u00e2y l\u00e0 m\u1ed9t khay n\u1ea1p \u0111i\u1ec7n t\u1eeb c\u00f3 nhi\u1ec1u chi\u1ec1u r\u1ed9ng b\u1ea3ng.<\/span><\/p>\n<ul>\n<li style=\"font-weight: 400;\" aria-level=\"1\"><span style=\"font-weight: 400;\">\u00c1p d\u1ee5ng cho m\u00e1y ch\u00e8n kim t\u1ef1 \u0111\u1ed9ng (m\u00e1y c\u00f3 n\u00f2ng \u0111\u01a1n, m\u00e1y c\u00f3 n\u00f2ng phun k\u00e9p).<\/span><\/li>\n<li style=\"font-weight: 400;\" aria-level=\"1\"><span style=\"font-weight: 400;\">Gi\u1ea3m \u0111\u1ed9 rung t\u1ea5m l\u00f2 xo b\u1eb1ng th\u00e9p c\u00f3 th\u1ec3 l\u00e0m gi\u1ea3m ph\u1ea3n \u1ee9ng l\u1ef1c l\u00ean b\u00e0n m\u00e1y trong khi m\u00e1y c\u1ea5p li\u1ec7u tuy\u1ebfn t\u00ednh \u0111ang l\u00e0m vi\u1ec7c.<\/span><\/li>\n<li style=\"font-weight: 400;\" aria-level=\"1\"><span style=\"font-weight: 400;\">\u0110\u1ed9 rung m\u01b0\u1ee3t v\u00e0 t\u1ed1c \u0111\u1ed9 chuy\u1ec3n \u0111\u1ed9ng nhanh, \u0111\u1eb7c bi\u1ec7t th\u00edch h\u1ee3p cho m\u00e1y c\u00f3 ch\u1ed1t khoang k\u00e9p, bi\u00ean \u0111\u1ed9 c\u1ed9ng h\u01b0\u1edfng nh\u1ecf.<\/span><\/li>\n<li style=\"font-weight: 400;\" aria-level=\"1\"><span style=\"font-weight: 400;\">Chi\u1ec1u cao c\u1ee7a khay n\u1ea1p tuy\u1ebfn t\u00ednh c\u00f3 th\u1ec3 \u0111i\u1ec1u ch\u1ec9nh \u0111\u01b0\u1ee3c (114mm~120mm) v\u00e0 c\u00f3 nhi\u1ec1u t\u00f9y ch\u1ecdn cho chi\u1ec1u r\u1ed9ng c\u1ee7a b\u1ea3ng tr\u00ean (160X90, 160X110, 160X130, 160X140).<\/span><\/li>\n<\/ul>","protected":false},"excerpt":{"rendered":"<p>B\u1ea1n \u0111ang t\u00ecm ki\u1ebfm m\u1ed9t gi\u1ea3i ph\u00e1p c\u1ea5p ph\u00f4i ho\u00e0n h\u1ea3o cho c\u00e1c chi ti\u1ebft c\u00f3 h\u00ecnh d\u00e1ng \u0111\u1eb7c th\u00f9, d\u1ec5 b\u1ecb d\u00ednh ho\u1eb7c \u0111\u00f2i h\u1ecfi s\u1ef1 \u1ed5n \u0111\u1ecbnh tuy\u1ec7t \u0111\u1ed1i? <b>M\u00e1y n\u1ea1p tuy\u1ebfn t\u00ednh rung &#8211; d\u00f2ng FZ<\/b> c\u1ee7a SWOER l\u00e0 l\u1ef1a ch\u1ecdn h\u00e0ng \u0111\u1ea7u. D\u00f2ng m\u00e1y n\u00e0y \u0111\u01b0\u1ee3c trang b\u1ecb c\u00f4ng ngh\u1ec7 rung ti\u00ean ti\u1ebfn, cho ph\u00e9p \u0111i\u1ec1u ch\u1ec9nh linh ho\u1ea1t bi\u00ean \u0111\u1ed9 v\u00e0 t\u1ea7n s\u1ed1. \u0110i\u1ec1u n\u00e0y gi\u00fap m\u00e1y x\u1eed l\u00fd ch\u00ednh x\u00e1c c\u00e1c lo\u1ea1i ph\u00f4i ph\u1ee9c t\u1ea1p nh\u1ea5t, t\u1eeb c\u00e1c chi ti\u1ebft d\u1eadp kim lo\u1ea1i si\u00eau m\u1ecfng \u0111\u1ebfn c\u00e1c linh ki\u1ec7n nh\u1ef1a c\u00f3 b\u1ec1 m\u1eb7t b\u00f3ng. D\u00f2ng FZ kh\u00f4ng ch\u1ec9 \u0111\u1ea3m b\u1ea3o t\u1ed1c \u0111\u1ed9 m\u00e0 c\u00f2n duy tr\u00ec s\u1ef1 \u1ed5n \u0111\u1ecbnh cao nh\u1ea5t, gi\u00fap d\u00e2y chuy\u1ec1n s\u1ea3n xu\u1ea5t c\u1ee7a b\u1ea1n lu\u00f4n ho\u1ea1t \u0111\u1ed9ng tr\u01a1n tru.<\/p>","protected":false},"featured_media":4531,"comment_status":"open","ping_status":"closed","template":"","meta":[],"product_brand":[],"product_cat":[87],"product_tag":[153,154,152],"class_list":{"0":"post-4530","1":"product","2":"type-product","3":"status-publish","4":"has-post-thumbnail","6":"product_cat-bo-nap-tuyen-tinh","7":"product_tag-bo-nap-tuyen-tinh","8":"product_tag-bo-rung-tuyen-tinh","9":"product_tag-may-nap-tuyen-tinh-rung","11":"first","12":"instock","13":"shipping-taxable","14":"product-type-simple"},"yoast_head":"<!-- This site is optimized with the Yoast SEO plugin v26.0 - https:\/\/yoast.com\/wordpress\/plugins\/seo\/ -->\n<title>M\u00e1y n\u1ea1p tuy\u1ebfn t\u00ednh rung - D\u00f2ng FZ - Nh\u00e0 s\u1ea3n xu\u1ea5t m\u00e1y c\u1ea5p li\u1ec7u c\u00f4ng nghi\u1ec7p<\/title>\n<meta name=\"description\" content=\"M\u00e1y n\u1ea1p tuy\u1ebfn t\u00ednh rung SWOER d\u00f2ng FZ: Gi\u1ea3i ph\u00e1p c\u1ea5p ph\u00f4i ch\u00ednh x\u00e1c cho chi ti\u1ebft d\u1eadp m\u1ecfng v\u00e0 linh ki\u1ec7n c\u00f3 h\u00ecnh d\u1ea1ng \u0111\u1eb7c th\u00f9. C\u00f4ng ngh\u1ec7 rung ti\u00ean ti\u1ebfn\" \/>\n<meta name=\"robots\" content=\"index, follow, max-snippet:-1, max-image-preview:large, max-video-preview:-1\" \/>\n<link rel=\"canonical\" href=\"https:\/\/swoer.vn\/en\/manufacturer\/may-nap-tuyen-tinh-rung-dong-fz\/\" \/>\n<meta property=\"og:locale\" content=\"en_US\" \/>\n<meta property=\"og:type\" content=\"article\" \/>\n<meta property=\"og:title\" content=\"M\u00e1y n\u1ea1p tuy\u1ebfn t\u00ednh rung - D\u00f2ng FZ - Nh\u00e0 s\u1ea3n xu\u1ea5t m\u00e1y c\u1ea5p li\u1ec7u c\u00f4ng nghi\u1ec7p\" \/>\n<meta property=\"og:description\" content=\"M\u00e1y n\u1ea1p tuy\u1ebfn t\u00ednh rung SWOER d\u00f2ng FZ: Gi\u1ea3i ph\u00e1p c\u1ea5p ph\u00f4i ch\u00ednh x\u00e1c cho chi ti\u1ebft d\u1eadp m\u1ecfng v\u00e0 linh ki\u1ec7n c\u00f3 h\u00ecnh d\u1ea1ng \u0111\u1eb7c th\u00f9. C\u00f4ng ngh\u1ec7 rung ti\u00ean ti\u1ebfn\" \/>\n<meta property=\"og:url\" content=\"https:\/\/swoer.vn\/en\/manufacturer\/may-nap-tuyen-tinh-rung-dong-fz\/\" \/>\n<meta property=\"og:site_name\" content=\"Nh\u00e0 s\u1ea3n xu\u1ea5t m\u00e1y c\u1ea5p li\u1ec7u c\u00f4ng nghi\u1ec7p\" \/>\n<meta property=\"og:image\" content=\"https:\/\/swoer.vn\/wp-content\/uploads\/2025\/09\/May-nap-tuyen-tinh-rung-dong-FZ.png\" \/>\n\t<meta property=\"og:image:width\" content=\"800\" \/>\n\t<meta property=\"og:image:height\" content=\"800\" \/>\n\t<meta property=\"og:image:type\" content=\"image\/png\" \/>\n<meta name=\"twitter:card\" content=\"summary_large_image\" \/>\n<meta name=\"twitter:label1\" content=\"Est. reading time\" \/>\n\t<meta name=\"twitter:data1\" content=\"2 minutes\" \/>\n<script type=\"application\/ld+json\" class=\"yoast-schema-graph\">{\"@context\":\"https:\/\/schema.org\",\"@graph\":[{\"@type\":\"WebPage\",\"@id\":\"https:\/\/swoer.vn\/manufacturer\/may-nap-tuyen-tinh-rung-dong-fz\/\",\"url\":\"https:\/\/swoer.vn\/manufacturer\/may-nap-tuyen-tinh-rung-dong-fz\/\",\"name\":\"M\u00e1y n\u1ea1p tuy\u1ebfn t\u00ednh rung - D\u00f2ng FZ - Nh\u00e0 s\u1ea3n xu\u1ea5t m\u00e1y c\u1ea5p li\u1ec7u c\u00f4ng nghi\u1ec7p\",\"isPartOf\":{\"@id\":\"https:\/\/swoer.vn\/#website\"},\"primaryImageOfPage\":{\"@id\":\"https:\/\/swoer.vn\/manufacturer\/may-nap-tuyen-tinh-rung-dong-fz\/#primaryimage\"},\"image\":{\"@id\":\"https:\/\/swoer.vn\/manufacturer\/may-nap-tuyen-tinh-rung-dong-fz\/#primaryimage\"},\"thumbnailUrl\":\"https:\/\/swoer.vn\/wp-content\/uploads\/2025\/09\/May-nap-tuyen-tinh-rung-dong-FZ.png\",\"datePublished\":\"2025-09-13T09:40:33+00:00\",\"description\":\"M\u00e1y n\u1ea1p tuy\u1ebfn t\u00ednh rung SWOER d\u00f2ng FZ: Gi\u1ea3i ph\u00e1p c\u1ea5p ph\u00f4i ch\u00ednh x\u00e1c cho chi ti\u1ebft d\u1eadp m\u1ecfng v\u00e0 linh ki\u1ec7n c\u00f3 h\u00ecnh d\u1ea1ng \u0111\u1eb7c th\u00f9. C\u00f4ng ngh\u1ec7 rung ti\u00ean ti\u1ebfn\",\"breadcrumb\":{\"@id\":\"https:\/\/swoer.vn\/manufacturer\/may-nap-tuyen-tinh-rung-dong-fz\/#breadcrumb\"},\"inLanguage\":\"en-US\",\"potentialAction\":[{\"@type\":\"ReadAction\",\"target\":[\"https:\/\/swoer.vn\/manufacturer\/may-nap-tuyen-tinh-rung-dong-fz\/\"]}]},{\"@type\":\"ImageObject\",\"inLanguage\":\"en-US\",\"@id\":\"https:\/\/swoer.vn\/manufacturer\/may-nap-tuyen-tinh-rung-dong-fz\/#primaryimage\",\"url\":\"https:\/\/swoer.vn\/wp-content\/uploads\/2025\/09\/May-nap-tuyen-tinh-rung-dong-FZ.png\",\"contentUrl\":\"https:\/\/swoer.vn\/wp-content\/uploads\/2025\/09\/May-nap-tuyen-tinh-rung-dong-FZ.png\",\"width\":800,\"height\":800,\"caption\":\"Ma\u0301y na\u0323p tuye\u0302\u0301n ti\u0301nh rung do\u0300ng FZ\"},{\"@type\":\"BreadcrumbList\",\"@id\":\"https:\/\/swoer.vn\/manufacturer\/may-nap-tuyen-tinh-rung-dong-fz\/#breadcrumb\",\"itemListElement\":[{\"@type\":\"ListItem\",\"position\":1,\"name\":\"Home\",\"item\":\"https:\/\/swoer.vn\/\"},{\"@type\":\"ListItem\",\"position\":2,\"name\":\"S\u1ea3n ph\u1ea9m\",\"item\":\"https:\/\/swoer.vn\/shop\/\"},{\"@type\":\"ListItem\",\"position\":3,\"name\":\"M\u00e1y n\u1ea1p tuy\u1ebfn t\u00ednh rung &#8211; D\u00f2ng FZ\"}]},{\"@type\":\"WebSite\",\"@id\":\"https:\/\/swoer.vn\/#website\",\"url\":\"https:\/\/swoer.vn\/\",\"name\":\"Nh\u00e0 s\u1ea3n xu\u1ea5t m\u00e1y c\u1ea5p li\u1ec7u c\u00f4ng nghi\u1ec7p\",\"description\":\"Nh\u00e0 cung c\u1ea5p robot, m\u00e1y c\u1ea5p li\u1ec7u linh ho\u1ea1t, m\u00e1y c\u1ea5p li\u1ec7u ly t\u00e2m, m\u00e1y c\u1ea5p li\u1ec7u rung t\u1ef1 \u0111\u1ed9ng\",\"potentialAction\":[{\"@type\":\"SearchAction\",\"target\":{\"@type\":\"EntryPoint\",\"urlTemplate\":\"https:\/\/swoer.vn\/?s={search_term_string}\"},\"query-input\":{\"@type\":\"PropertyValueSpecification\",\"valueRequired\":true,\"valueName\":\"search_term_string\"}}],\"inLanguage\":\"en-US\"}]}<\/script>\n<!-- \/ Yoast SEO plugin. -->","yoast_head_json":{"title":"M\u00e1y n\u1ea1p tuy\u1ebfn t\u00ednh rung - D\u00f2ng FZ - Nh\u00e0 s\u1ea3n xu\u1ea5t m\u00e1y c\u1ea5p li\u1ec7u c\u00f4ng nghi\u1ec7p","description":"M\u00e1y n\u1ea1p tuy\u1ebfn t\u00ednh rung SWOER d\u00f2ng FZ: Gi\u1ea3i ph\u00e1p c\u1ea5p ph\u00f4i ch\u00ednh x\u00e1c cho chi ti\u1ebft d\u1eadp m\u1ecfng v\u00e0 linh ki\u1ec7n c\u00f3 h\u00ecnh d\u1ea1ng \u0111\u1eb7c th\u00f9. C\u00f4ng ngh\u1ec7 rung ti\u00ean ti\u1ebfn","robots":{"index":"index","follow":"follow","max-snippet":"max-snippet:-1","max-image-preview":"max-image-preview:large","max-video-preview":"max-video-preview:-1"},"canonical":"https:\/\/swoer.vn\/en\/manufacturer\/may-nap-tuyen-tinh-rung-dong-fz\/","og_locale":"en_US","og_type":"article","og_title":"M\u00e1y n\u1ea1p tuy\u1ebfn t\u00ednh rung - D\u00f2ng FZ - Nh\u00e0 s\u1ea3n xu\u1ea5t m\u00e1y c\u1ea5p li\u1ec7u c\u00f4ng nghi\u1ec7p","og_description":"M\u00e1y n\u1ea1p tuy\u1ebfn t\u00ednh rung SWOER d\u00f2ng FZ: Gi\u1ea3i ph\u00e1p c\u1ea5p ph\u00f4i ch\u00ednh x\u00e1c cho chi ti\u1ebft d\u1eadp m\u1ecfng v\u00e0 linh ki\u1ec7n c\u00f3 h\u00ecnh d\u1ea1ng \u0111\u1eb7c th\u00f9. C\u00f4ng ngh\u1ec7 rung ti\u00ean ti\u1ebfn","og_url":"https:\/\/swoer.vn\/en\/manufacturer\/may-nap-tuyen-tinh-rung-dong-fz\/","og_site_name":"Nh\u00e0 s\u1ea3n xu\u1ea5t m\u00e1y c\u1ea5p li\u1ec7u c\u00f4ng nghi\u1ec7p","og_image":[{"width":800,"height":800,"url":"https:\/\/swoer.vn\/wp-content\/uploads\/2025\/09\/May-nap-tuyen-tinh-rung-dong-FZ.png","type":"image\/png"}],"twitter_card":"summary_large_image","twitter_misc":{"Est. reading time":"2 minutes"},"schema":{"@context":"https:\/\/schema.org","@graph":[{"@type":"WebPage","@id":"https:\/\/swoer.vn\/manufacturer\/may-nap-tuyen-tinh-rung-dong-fz\/","url":"https:\/\/swoer.vn\/manufacturer\/may-nap-tuyen-tinh-rung-dong-fz\/","name":"M\u00e1y n\u1ea1p tuy\u1ebfn t\u00ednh rung - D\u00f2ng FZ - Nh\u00e0 s\u1ea3n xu\u1ea5t m\u00e1y c\u1ea5p li\u1ec7u c\u00f4ng nghi\u1ec7p","isPartOf":{"@id":"https:\/\/swoer.vn\/#website"},"primaryImageOfPage":{"@id":"https:\/\/swoer.vn\/manufacturer\/may-nap-tuyen-tinh-rung-dong-fz\/#primaryimage"},"image":{"@id":"https:\/\/swoer.vn\/manufacturer\/may-nap-tuyen-tinh-rung-dong-fz\/#primaryimage"},"thumbnailUrl":"https:\/\/swoer.vn\/wp-content\/uploads\/2025\/09\/May-nap-tuyen-tinh-rung-dong-FZ.png","datePublished":"2025-09-13T09:40:33+00:00","description":"M\u00e1y n\u1ea1p tuy\u1ebfn t\u00ednh rung SWOER d\u00f2ng FZ: Gi\u1ea3i ph\u00e1p c\u1ea5p ph\u00f4i ch\u00ednh x\u00e1c cho chi ti\u1ebft d\u1eadp m\u1ecfng v\u00e0 linh ki\u1ec7n c\u00f3 h\u00ecnh d\u1ea1ng \u0111\u1eb7c th\u00f9. C\u00f4ng ngh\u1ec7 rung ti\u00ean ti\u1ebfn","breadcrumb":{"@id":"https:\/\/swoer.vn\/manufacturer\/may-nap-tuyen-tinh-rung-dong-fz\/#breadcrumb"},"inLanguage":"en-US","potentialAction":[{"@type":"ReadAction","target":["https:\/\/swoer.vn\/manufacturer\/may-nap-tuyen-tinh-rung-dong-fz\/"]}]},{"@type":"ImageObject","inLanguage":"en-US","@id":"https:\/\/swoer.vn\/manufacturer\/may-nap-tuyen-tinh-rung-dong-fz\/#primaryimage","url":"https:\/\/swoer.vn\/wp-content\/uploads\/2025\/09\/May-nap-tuyen-tinh-rung-dong-FZ.png","contentUrl":"https:\/\/swoer.vn\/wp-content\/uploads\/2025\/09\/May-nap-tuyen-tinh-rung-dong-FZ.png","width":800,"height":800,"caption":"Ma\u0301y na\u0323p tuye\u0302\u0301n ti\u0301nh rung do\u0300ng FZ"},{"@type":"BreadcrumbList","@id":"https:\/\/swoer.vn\/manufacturer\/may-nap-tuyen-tinh-rung-dong-fz\/#breadcrumb","itemListElement":[{"@type":"ListItem","position":1,"name":"Home","item":"https:\/\/swoer.vn\/"},{"@type":"ListItem","position":2,"name":"S\u1ea3n ph\u1ea9m","item":"https:\/\/swoer.vn\/shop\/"},{"@type":"ListItem","position":3,"name":"M\u00e1y n\u1ea1p tuy\u1ebfn t\u00ednh rung &#8211; D\u00f2ng FZ"}]},{"@type":"WebSite","@id":"https:\/\/swoer.vn\/#website","url":"https:\/\/swoer.vn\/","name":"Industrial Feeder Manufacturer","description":"Supplier of robot, flexible feeder, centrifugal feeder, automatic vibrating feeder","potentialAction":[{"@type":"SearchAction","target":{"@type":"EntryPoint","urlTemplate":"https:\/\/swoer.vn\/?s={search_term_string}"},"query-input":{"@type":"PropertyValueSpecification","valueRequired":true,"valueName":"search_term_string"}}],"inLanguage":"en-US"}]}},"_links":{"self":[{"href":"https:\/\/swoer.vn\/en\/wp-json\/wp\/v2\/product\/4530","targetHints":{"allow":["GET"]}}],"collection":[{"href":"https:\/\/swoer.vn\/en\/wp-json\/wp\/v2\/product"}],"about":[{"href":"https:\/\/swoer.vn\/en\/wp-json\/wp\/v2\/types\/product"}],"replies":[{"embeddable":true,"href":"https:\/\/swoer.vn\/en\/wp-json\/wp\/v2\/comments?post=4530"}],"wp:featuredmedia":[{"embeddable":true,"href":"https:\/\/swoer.vn\/en\/wp-json\/wp\/v2\/media\/4531"}],"wp:attachment":[{"href":"https:\/\/swoer.vn\/en\/wp-json\/wp\/v2\/media?parent=4530"}],"wp:term":[{"taxonomy":"product_brand","embeddable":true,"href":"https:\/\/swoer.vn\/en\/wp-json\/wp\/v2\/product_brand?post=4530"},{"taxonomy":"product_cat","embeddable":true,"href":"https:\/\/swoer.vn\/en\/wp-json\/wp\/v2\/product_cat?post=4530"},{"taxonomy":"product_tag","embeddable":true,"href":"https:\/\/swoer.vn\/en\/wp-json\/wp\/v2\/product_tag?post=4530"}],"curies":[{"name":"wp","href":"https:\/\/api.w.org\/{rel}","templated":true}]}}