{"id":4523,"date":"2025-09-13T16:03:28","date_gmt":"2025-09-13T09:03:28","guid":{"rendered":"https:\/\/swoer.vn\/?post_type=product&#038;p=4523"},"modified":"2025-09-13T16:03:28","modified_gmt":"2025-09-13T09:03:28","slug":"may-nap-tuyen-tinh-rung-dong-zc","status":"publish","type":"product","link":"https:\/\/swoer.vn\/en\/manufacturer\/may-nap-tuyen-tinh-rung-dong-zc\/","title":{"rendered":"M\u00e1y n\u1ea1p tuy\u1ebfn t\u00ednh rung &#8211; D\u00f2ng ZC"},"content":{"rendered":"<h2><span style=\"font-weight: 400;\">Product information:<\/span><\/h2>\n<table>\n<tbody>\n<tr>\n<td><span style=\"font-weight: 400;\">M\u00e3 s\u1ea3n ph\u1ea9m<\/span><\/td>\n<td><span style=\"font-weight: 400;\">ZC Series<\/span><\/td>\n<\/tr>\n<tr>\n<td><span style=\"font-weight: 400;\">C\u00f4ng su\u1ea5t \u0111\u1ed9ng c\u01a1 (kW)<\/span><\/td>\n<td><span style=\"font-weight: 400;\">1 \u0111\u1ebfn 10<\/span><\/td>\n<\/tr>\n<tr>\n<td><span style=\"font-weight: 400;\">Use<\/span><\/td>\n<td><span style=\"font-weight: 400;\">Material Delivery<\/span><\/td>\n<\/tr>\n<tr>\n<td><span style=\"font-weight: 400;\">Warranty<\/span><\/td>\n<td><span style=\"font-weight: 400;\">one year<\/span><\/td>\n<\/tr>\n<tr>\n<td><span style=\"font-weight: 400;\">Appearance<\/span><\/td>\n<td><span style=\"font-weight: 400;\">Customized<\/span><\/td>\n<\/tr>\n<tr>\n<td><span style=\"font-weight: 400;\">Installation Slope<\/span><\/td>\n<td><span style=\"font-weight: 400;\">Customized<\/span><\/td>\n<\/tr>\n<tr>\n<td><span style=\"font-weight: 400;\">Overall Dimension<\/span><\/td>\n<td><span style=\"font-weight: 400;\">SW-600ZC, 800ZC<\/span><\/td>\n<\/tr>\n<tr>\n<td><span style=\"font-weight: 400;\">Transport<\/span><\/td>\n<td><span style=\"font-weight: 400;\">G\u1ed7 d\u00e1n<\/span><\/td>\n<\/tr>\n<tr>\n<td><span style=\"font-weight: 400;\">Xu\u1ea5t x\u1ee9<\/span><\/td>\n<td><span style=\"font-weight: 400;\">China<\/span><\/td>\n<\/tr>\n<tr>\n<td><span style=\"font-weight: 400;\">S\u1ee9c ch\u1ee9a<\/span><\/td>\n<td><span style=\"font-weight: 400;\">180 &#8211; 400<\/span><\/td>\n<\/tr>\n<tr>\n<td><span style=\"font-weight: 400;\">Type<\/span><\/td>\n<td><span style=\"font-weight: 400;\">Vibratory Linear Feeder<\/span><\/td>\n<\/tr>\n<tr>\n<td><span style=\"font-weight: 400;\">Lead Time<\/span><\/td>\n<td><span style=\"font-weight: 400;\">7 &#8211; 14 ng\u00e0y<\/span><\/td>\n<\/tr>\n<tr>\n<td><span style=\"font-weight: 400;\">Movement Mode<\/span><\/td>\n<td><span style=\"font-weight: 400;\">Linear<\/span><\/td>\n<\/tr>\n<tr>\n<td><span style=\"font-weight: 400;\">Max Feeding (mm)<\/span><\/td>\n<td><span style=\"font-weight: 400;\">Customized<\/span><\/td>\n<\/tr>\n<tr>\n<td><span style=\"font-weight: 400;\">Chute Size (mm)<\/span><\/td>\n<td><span style=\"font-weight: 400;\">Customized<\/span><\/td>\n<\/tr>\n<tr>\n<td><span style=\"font-weight: 400;\">Nh\u00e3n hi\u1ec7u<\/span><\/td>\n<td><span style=\"font-weight: 400;\">SWOER<\/span><\/td>\n<\/tr>\n<\/tbody>\n<\/table>\n<h2><span style=\"font-weight: 400;\">Features:<\/span><\/h2>\n<p><span style=\"font-weight: 400;\">Chi\u1ec1u d\u00e0i c\u1ee7a x\u00edch chuy\u1ec3n \u0111\u1ed9ng s\u1ea3n ph\u1ea9m \u0111\u00e3 \u0111\u01b0\u1ee3c t\u0103ng l\u00ean v\u00e0 g\u00f3c l\u00e1i nhanh v\u00e0 \u1ed5n \u0111\u1ecbnh b\u1eb1ng c\u00e1ch \u0111i\u1ec1u ch\u1ec9nh g\u00f3c bi\u00ean \u0111\u1ed9, ph\u00f9 h\u1ee3p \u0111\u1ec3 v\u1eadn chuy\u1ec3n si\u00eau l\u00e2u c\u00e1c linh ki\u1ec7n c\u1ee1 v\u1eeba v\u00e0 nh\u1ecf. Sau \u0111\u00e2y l\u00e0 nh\u1eefng \u0111i\u1ec1u c\u1ea7n c\u00e2n nh\u1eafc \u0111\u1eb7c bi\u1ec7t:<\/span><\/p>\n<ul>\n<li style=\"font-weight: 400;\" aria-level=\"1\"><span style=\"font-weight: 400;\">Trong m\u1ecdi tr\u01b0\u1eddng h\u1ee3p, b\u1ea1n kh\u00f4ng n\u00ean c\u1eafm d\u00e2y \u0111i\u1ec7n ho\u1eb7c c\u1ed1 ch\u1ea1m v\u00e0o c\u00e1c ti\u1ebfp \u0111i\u1ec3m trong \u1ed5 \u0111i\u1ec7n \u0111\u1ec3 tr\u00e1nh b\u1ecb \u0111i\u1ec7n gi\u1eadt v\u00e0 tai n\u1ea1n.<\/span><\/li>\n<li style=\"font-weight: 400;\" aria-level=\"1\"><span style=\"font-weight: 400;\">Kh\u00f4ng bao gi\u1edd k\u1ebft n\u1ed1i b\u1ed9 ph\u1eadn \u0111i\u1ec1u khi\u1ec3n v\u1edbi b\u1ed9 \u0111i\u1ec1u khi\u1ec3n 380V AC, \u0111i\u1ec1u n\u00e0y s\u1ebd g\u00e2y ra h\u01b0 h\u1ecfng kh\u00f4ng th\u1ec3 s\u1eeda \u0111\u01b0\u1ee3c cho b\u1ed9 \u0111i\u1ec1u khi\u1ec3n.<\/span><\/li>\n<li style=\"font-weight: 400;\" aria-level=\"1\"><span style=\"font-weight: 400;\">Ch\u00fa \u00fd, trong m\u1ecdi tr\u01b0\u1eddng h\u1ee3p, kh\u00f4ng \u0111\u01b0\u1ee3c v\u1eadn h\u00e0nh h\u1ec7 th\u1ed1ng c\u1ea5p tuy\u1ebfn t\u00ednh v\u01b0\u1ee3t qu\u00e1 gi\u1edbi h\u1ea1n thi\u1ebft k\u1ebf c\u1ee7a h\u1ec7 th\u1ed1ng c\u1ea5p tuy\u1ebfn t\u00ednh.<\/span><\/li>\n<li style=\"font-weight: 400;\" aria-level=\"1\"><span style=\"font-weight: 400;\">Vui l\u00f2ng l\u1eafp \u0111\u1eb7t \u0111\u00fang b\u00e1nh x\u00edch tuy\u1ebfn t\u00ednh theo h\u00ecnh s\u1ebd.<\/span><\/li>\n<li style=\"font-weight: 400;\" aria-level=\"1\"><span style=\"font-weight: 400;\">Kh\u00f4ng khoan ho\u1eb7c ch\u1ea1m v\u00e0o d\u00e2y tr\u00ean b\u1ed9 c\u1ea5p tuy\u1ebfn t\u00ednh \u0111\u1ec3 tr\u00e1nh l\u00e0m h\u1ecfng nam ch\u00e2m \u0111i\u1ec7n.<\/span><\/li>\n<li style=\"font-weight: 400;\" aria-level=\"1\"><span style=\"font-weight: 400;\">Vui l\u00f2ng l\u00e0m theo nghi\u00eam ng\u1eb7t h\u01b0\u1edbng d\u1eabn s\u1eed d\u1ee5ng. C\u00f4ng ty kh\u00f4ng ch\u1ecbu b\u1ea5t k\u1ef3 tr\u00e1ch nhi\u1ec7m d\u00e2n s\u1ef1 v\u00e0 h\u00ecnh s\u1ef1 n\u00e0o \u0111\u1ed1i v\u1edbi b\u1ea5t k\u1ef3 t\u1ed5n th\u01b0\u01a1ng ho\u1eb7c th\u01b0\u01a1ng t\u00edch c\u00e1 nh\u00e2n n\u00e0o do kh\u00f4ng tu\u00e2n th\u1ee7 nh\u1eefng h\u01b0\u1edbng d\u1eabn n\u00e0y.<\/span><\/li>\n<\/ul>","protected":false},"excerpt":{"rendered":"<p>B\u1ea1n \u0111ang t\u00ecm ki\u1ebfm gi\u1ea3i ph\u00e1p c\u1ea5p ph\u00f4i cho c\u00e1c chi ti\u1ebft c\u00f3 h\u00ecnh d\u1ea1ng ph\u1ee9c t\u1ea1p ho\u1eb7c k\u00edch th\u01b0\u1edbc l\u1edbn? <b>M\u00e1y n\u1ea1p tuy\u1ebfn t\u00ednh rung &#8211; d\u00f2ng ZC<\/b> c\u1ee7a SWOER l\u00e0 l\u1ef1a ch\u1ecdn l\u00fd t\u01b0\u1edfng. D\u00f2ng m\u00e1y n\u00e0y \u0111\u01b0\u1ee3c thi\u1ebft k\u1ebf \u0111\u1ec3 x\u1eed l\u00fd c\u00e1c chi ti\u1ebft t\u1eeb nh\u1ecf \u0111\u1ebfn l\u1edbn m\u1ed9t c\u00e1ch \u1ed5n \u0111\u1ecbnh, ch\u00ednh x\u00e1c. V\u1edbi c\u00f4ng ngh\u1ec7 rung \u0111i\u1ec1u khi\u1ec3n v\u00e0 m\u00e1ng d\u1eabn \u0111\u01b0\u1ee3c t\u00f9y ch\u1ec9nh, d\u00f2ng ZC \u0111\u1ea3m b\u1ea3o quy tr\u00ecnh c\u1ea5p li\u1ec7u di\u1ec5n ra li\u00ean t\u1ee5c, gi\u1ea3m thi\u1ec3u t\u00ecnh tr\u1ea1ng k\u1eb9t ph\u00f4i v\u00e0 t\u1ed1i \u01b0u h\u00f3a hi\u1ec7u su\u1ea5t to\u00e0n b\u1ed9 d\u00e2y chuy\u1ec1n s\u1ea3n xu\u1ea5t c\u1ee7a b\u1ea1n.<\/p>","protected":false},"featured_media":4525,"comment_status":"open","ping_status":"closed","template":"","meta":[],"product_brand":[],"product_cat":[87],"product_tag":[153,154,152],"class_list":{"0":"post-4523","1":"product","2":"type-product","3":"status-publish","4":"has-post-thumbnail","6":"product_cat-bo-nap-tuyen-tinh","7":"product_tag-bo-nap-tuyen-tinh","8":"product_tag-bo-rung-tuyen-tinh","9":"product_tag-may-nap-tuyen-tinh-rung","11":"first","12":"instock","13":"shipping-taxable","14":"product-type-simple"},"yoast_head":"<!-- This site is optimized with the Yoast SEO plugin v26.0 - https:\/\/yoast.com\/wordpress\/plugins\/seo\/ -->\n<title>M\u00e1y n\u1ea1p tuy\u1ebfn t\u00ednh rung - D\u00f2ng ZC - Nh\u00e0 s\u1ea3n xu\u1ea5t m\u00e1y c\u1ea5p li\u1ec7u c\u00f4ng nghi\u1ec7p<\/title>\n<meta name=\"description\" content=\"M\u00e1y n\u1ea1p tuy\u1ebfn t\u00ednh rung SWOER d\u00f2ng ZC: Gi\u1ea3i ph\u00e1p c\u1ea5p ph\u00f4i \u1ed5n \u0111\u1ecbnh cho chi ti\u1ebft c\u00f3 h\u00ecnh d\u1ea1ng ph\u1ee9c t\u1ea1p ho\u1eb7c k\u00edch th\u01b0\u1edbc l\u1edbn. T\u0103ng hi\u1ec7u su\u1ea5t, gi\u1ea3m k\u1eb9t ph\u00f4i\" \/>\n<meta name=\"robots\" content=\"index, follow, max-snippet:-1, max-image-preview:large, max-video-preview:-1\" \/>\n<link rel=\"canonical\" href=\"https:\/\/swoer.vn\/en\/manufacturer\/may-nap-tuyen-tinh-rung-dong-zc\/\" \/>\n<meta property=\"og:locale\" content=\"en_US\" \/>\n<meta property=\"og:type\" content=\"article\" \/>\n<meta property=\"og:title\" content=\"M\u00e1y n\u1ea1p tuy\u1ebfn t\u00ednh rung - D\u00f2ng ZC - Nh\u00e0 s\u1ea3n xu\u1ea5t m\u00e1y c\u1ea5p li\u1ec7u c\u00f4ng nghi\u1ec7p\" \/>\n<meta property=\"og:description\" content=\"M\u00e1y n\u1ea1p tuy\u1ebfn t\u00ednh rung SWOER d\u00f2ng ZC: Gi\u1ea3i ph\u00e1p c\u1ea5p ph\u00f4i \u1ed5n \u0111\u1ecbnh cho chi ti\u1ebft c\u00f3 h\u00ecnh d\u1ea1ng ph\u1ee9c t\u1ea1p ho\u1eb7c k\u00edch th\u01b0\u1edbc l\u1edbn. T\u0103ng hi\u1ec7u su\u1ea5t, gi\u1ea3m k\u1eb9t ph\u00f4i\" \/>\n<meta property=\"og:url\" content=\"https:\/\/swoer.vn\/en\/manufacturer\/may-nap-tuyen-tinh-rung-dong-zc\/\" \/>\n<meta property=\"og:site_name\" content=\"Nh\u00e0 s\u1ea3n xu\u1ea5t m\u00e1y c\u1ea5p li\u1ec7u c\u00f4ng nghi\u1ec7p\" \/>\n<meta property=\"og:image\" content=\"https:\/\/swoer.vn\/wp-content\/uploads\/2025\/09\/May-nap-tuyen-tinh-rung-dong-ZC.png\" \/>\n\t<meta property=\"og:image:width\" content=\"800\" \/>\n\t<meta property=\"og:image:height\" content=\"800\" \/>\n\t<meta property=\"og:image:type\" content=\"image\/png\" \/>\n<meta name=\"twitter:card\" content=\"summary_large_image\" \/>\n<meta name=\"twitter:label1\" content=\"Est. reading time\" \/>\n\t<meta name=\"twitter:data1\" content=\"2 minutes\" \/>\n<script type=\"application\/ld+json\" class=\"yoast-schema-graph\">{\"@context\":\"https:\/\/schema.org\",\"@graph\":[{\"@type\":\"WebPage\",\"@id\":\"https:\/\/swoer.vn\/manufacturer\/may-nap-tuyen-tinh-rung-dong-zc\/\",\"url\":\"https:\/\/swoer.vn\/manufacturer\/may-nap-tuyen-tinh-rung-dong-zc\/\",\"name\":\"M\u00e1y n\u1ea1p tuy\u1ebfn t\u00ednh rung - D\u00f2ng ZC - Nh\u00e0 s\u1ea3n xu\u1ea5t m\u00e1y c\u1ea5p li\u1ec7u c\u00f4ng nghi\u1ec7p\",\"isPartOf\":{\"@id\":\"https:\/\/swoer.vn\/#website\"},\"primaryImageOfPage\":{\"@id\":\"https:\/\/swoer.vn\/manufacturer\/may-nap-tuyen-tinh-rung-dong-zc\/#primaryimage\"},\"image\":{\"@id\":\"https:\/\/swoer.vn\/manufacturer\/may-nap-tuyen-tinh-rung-dong-zc\/#primaryimage\"},\"thumbnailUrl\":\"https:\/\/swoer.vn\/wp-content\/uploads\/2025\/09\/May-nap-tuyen-tinh-rung-dong-ZC.png\",\"datePublished\":\"2025-09-13T09:03:28+00:00\",\"description\":\"M\u00e1y n\u1ea1p tuy\u1ebfn t\u00ednh rung SWOER d\u00f2ng ZC: Gi\u1ea3i ph\u00e1p c\u1ea5p ph\u00f4i \u1ed5n \u0111\u1ecbnh cho chi ti\u1ebft c\u00f3 h\u00ecnh d\u1ea1ng ph\u1ee9c t\u1ea1p ho\u1eb7c k\u00edch th\u01b0\u1edbc l\u1edbn. T\u0103ng hi\u1ec7u su\u1ea5t, gi\u1ea3m k\u1eb9t ph\u00f4i\",\"breadcrumb\":{\"@id\":\"https:\/\/swoer.vn\/manufacturer\/may-nap-tuyen-tinh-rung-dong-zc\/#breadcrumb\"},\"inLanguage\":\"en-US\",\"potentialAction\":[{\"@type\":\"ReadAction\",\"target\":[\"https:\/\/swoer.vn\/manufacturer\/may-nap-tuyen-tinh-rung-dong-zc\/\"]}]},{\"@type\":\"ImageObject\",\"inLanguage\":\"en-US\",\"@id\":\"https:\/\/swoer.vn\/manufacturer\/may-nap-tuyen-tinh-rung-dong-zc\/#primaryimage\",\"url\":\"https:\/\/swoer.vn\/wp-content\/uploads\/2025\/09\/May-nap-tuyen-tinh-rung-dong-ZC.png\",\"contentUrl\":\"https:\/\/swoer.vn\/wp-content\/uploads\/2025\/09\/May-nap-tuyen-tinh-rung-dong-ZC.png\",\"width\":800,\"height\":800,\"caption\":\"Ma\u0301y na\u0323p tuye\u0302\u0301n ti\u0301nh rung do\u0300ng ZC\"},{\"@type\":\"BreadcrumbList\",\"@id\":\"https:\/\/swoer.vn\/manufacturer\/may-nap-tuyen-tinh-rung-dong-zc\/#breadcrumb\",\"itemListElement\":[{\"@type\":\"ListItem\",\"position\":1,\"name\":\"Home\",\"item\":\"https:\/\/swoer.vn\/\"},{\"@type\":\"ListItem\",\"position\":2,\"name\":\"S\u1ea3n ph\u1ea9m\",\"item\":\"https:\/\/swoer.vn\/shop\/\"},{\"@type\":\"ListItem\",\"position\":3,\"name\":\"M\u00e1y n\u1ea1p tuy\u1ebfn t\u00ednh rung &#8211; D\u00f2ng ZC\"}]},{\"@type\":\"WebSite\",\"@id\":\"https:\/\/swoer.vn\/#website\",\"url\":\"https:\/\/swoer.vn\/\",\"name\":\"Nh\u00e0 s\u1ea3n xu\u1ea5t m\u00e1y c\u1ea5p li\u1ec7u c\u00f4ng nghi\u1ec7p\",\"description\":\"Nh\u00e0 cung c\u1ea5p robot, m\u00e1y c\u1ea5p li\u1ec7u linh ho\u1ea1t, m\u00e1y c\u1ea5p li\u1ec7u ly t\u00e2m, m\u00e1y c\u1ea5p li\u1ec7u rung t\u1ef1 \u0111\u1ed9ng\",\"potentialAction\":[{\"@type\":\"SearchAction\",\"target\":{\"@type\":\"EntryPoint\",\"urlTemplate\":\"https:\/\/swoer.vn\/?s={search_term_string}\"},\"query-input\":{\"@type\":\"PropertyValueSpecification\",\"valueRequired\":true,\"valueName\":\"search_term_string\"}}],\"inLanguage\":\"en-US\"}]}<\/script>\n<!-- \/ Yoast SEO plugin. -->","yoast_head_json":{"title":"M\u00e1y n\u1ea1p tuy\u1ebfn t\u00ednh rung - D\u00f2ng ZC - Nh\u00e0 s\u1ea3n xu\u1ea5t m\u00e1y c\u1ea5p li\u1ec7u c\u00f4ng nghi\u1ec7p","description":"M\u00e1y n\u1ea1p tuy\u1ebfn t\u00ednh rung SWOER d\u00f2ng ZC: Gi\u1ea3i ph\u00e1p c\u1ea5p ph\u00f4i \u1ed5n \u0111\u1ecbnh cho chi ti\u1ebft c\u00f3 h\u00ecnh d\u1ea1ng ph\u1ee9c t\u1ea1p ho\u1eb7c k\u00edch th\u01b0\u1edbc l\u1edbn. T\u0103ng hi\u1ec7u su\u1ea5t, gi\u1ea3m k\u1eb9t ph\u00f4i","robots":{"index":"index","follow":"follow","max-snippet":"max-snippet:-1","max-image-preview":"max-image-preview:large","max-video-preview":"max-video-preview:-1"},"canonical":"https:\/\/swoer.vn\/en\/manufacturer\/may-nap-tuyen-tinh-rung-dong-zc\/","og_locale":"en_US","og_type":"article","og_title":"M\u00e1y n\u1ea1p tuy\u1ebfn t\u00ednh rung - D\u00f2ng ZC - Nh\u00e0 s\u1ea3n xu\u1ea5t m\u00e1y c\u1ea5p li\u1ec7u c\u00f4ng nghi\u1ec7p","og_description":"M\u00e1y n\u1ea1p tuy\u1ebfn t\u00ednh rung SWOER d\u00f2ng ZC: Gi\u1ea3i ph\u00e1p c\u1ea5p ph\u00f4i \u1ed5n \u0111\u1ecbnh cho chi ti\u1ebft c\u00f3 h\u00ecnh d\u1ea1ng ph\u1ee9c t\u1ea1p ho\u1eb7c k\u00edch th\u01b0\u1edbc l\u1edbn. T\u0103ng hi\u1ec7u su\u1ea5t, gi\u1ea3m k\u1eb9t ph\u00f4i","og_url":"https:\/\/swoer.vn\/en\/manufacturer\/may-nap-tuyen-tinh-rung-dong-zc\/","og_site_name":"Nh\u00e0 s\u1ea3n xu\u1ea5t m\u00e1y c\u1ea5p li\u1ec7u c\u00f4ng nghi\u1ec7p","og_image":[{"width":800,"height":800,"url":"https:\/\/swoer.vn\/wp-content\/uploads\/2025\/09\/May-nap-tuyen-tinh-rung-dong-ZC.png","type":"image\/png"}],"twitter_card":"summary_large_image","twitter_misc":{"Est. reading time":"2 minutes"},"schema":{"@context":"https:\/\/schema.org","@graph":[{"@type":"WebPage","@id":"https:\/\/swoer.vn\/manufacturer\/may-nap-tuyen-tinh-rung-dong-zc\/","url":"https:\/\/swoer.vn\/manufacturer\/may-nap-tuyen-tinh-rung-dong-zc\/","name":"M\u00e1y n\u1ea1p tuy\u1ebfn t\u00ednh rung - D\u00f2ng ZC - Nh\u00e0 s\u1ea3n xu\u1ea5t m\u00e1y c\u1ea5p li\u1ec7u c\u00f4ng nghi\u1ec7p","isPartOf":{"@id":"https:\/\/swoer.vn\/#website"},"primaryImageOfPage":{"@id":"https:\/\/swoer.vn\/manufacturer\/may-nap-tuyen-tinh-rung-dong-zc\/#primaryimage"},"image":{"@id":"https:\/\/swoer.vn\/manufacturer\/may-nap-tuyen-tinh-rung-dong-zc\/#primaryimage"},"thumbnailUrl":"https:\/\/swoer.vn\/wp-content\/uploads\/2025\/09\/May-nap-tuyen-tinh-rung-dong-ZC.png","datePublished":"2025-09-13T09:03:28+00:00","description":"M\u00e1y n\u1ea1p tuy\u1ebfn t\u00ednh rung SWOER d\u00f2ng ZC: Gi\u1ea3i ph\u00e1p c\u1ea5p ph\u00f4i \u1ed5n \u0111\u1ecbnh cho chi ti\u1ebft c\u00f3 h\u00ecnh d\u1ea1ng ph\u1ee9c t\u1ea1p ho\u1eb7c k\u00edch th\u01b0\u1edbc l\u1edbn. T\u0103ng hi\u1ec7u su\u1ea5t, gi\u1ea3m k\u1eb9t ph\u00f4i","breadcrumb":{"@id":"https:\/\/swoer.vn\/manufacturer\/may-nap-tuyen-tinh-rung-dong-zc\/#breadcrumb"},"inLanguage":"en-US","potentialAction":[{"@type":"ReadAction","target":["https:\/\/swoer.vn\/manufacturer\/may-nap-tuyen-tinh-rung-dong-zc\/"]}]},{"@type":"ImageObject","inLanguage":"en-US","@id":"https:\/\/swoer.vn\/manufacturer\/may-nap-tuyen-tinh-rung-dong-zc\/#primaryimage","url":"https:\/\/swoer.vn\/wp-content\/uploads\/2025\/09\/May-nap-tuyen-tinh-rung-dong-ZC.png","contentUrl":"https:\/\/swoer.vn\/wp-content\/uploads\/2025\/09\/May-nap-tuyen-tinh-rung-dong-ZC.png","width":800,"height":800,"caption":"Ma\u0301y na\u0323p tuye\u0302\u0301n ti\u0301nh rung do\u0300ng ZC"},{"@type":"BreadcrumbList","@id":"https:\/\/swoer.vn\/manufacturer\/may-nap-tuyen-tinh-rung-dong-zc\/#breadcrumb","itemListElement":[{"@type":"ListItem","position":1,"name":"Home","item":"https:\/\/swoer.vn\/"},{"@type":"ListItem","position":2,"name":"S\u1ea3n ph\u1ea9m","item":"https:\/\/swoer.vn\/shop\/"},{"@type":"ListItem","position":3,"name":"M\u00e1y n\u1ea1p tuy\u1ebfn t\u00ednh rung &#8211; D\u00f2ng ZC"}]},{"@type":"WebSite","@id":"https:\/\/swoer.vn\/#website","url":"https:\/\/swoer.vn\/","name":"Industrial Feeder Manufacturer","description":"Supplier of robot, flexible feeder, centrifugal feeder, automatic vibrating feeder","potentialAction":[{"@type":"SearchAction","target":{"@type":"EntryPoint","urlTemplate":"https:\/\/swoer.vn\/?s={search_term_string}"},"query-input":{"@type":"PropertyValueSpecification","valueRequired":true,"valueName":"search_term_string"}}],"inLanguage":"en-US"}]}},"_links":{"self":[{"href":"https:\/\/swoer.vn\/en\/wp-json\/wp\/v2\/product\/4523","targetHints":{"allow":["GET"]}}],"collection":[{"href":"https:\/\/swoer.vn\/en\/wp-json\/wp\/v2\/product"}],"about":[{"href":"https:\/\/swoer.vn\/en\/wp-json\/wp\/v2\/types\/product"}],"replies":[{"embeddable":true,"href":"https:\/\/swoer.vn\/en\/wp-json\/wp\/v2\/comments?post=4523"}],"wp:featuredmedia":[{"embeddable":true,"href":"https:\/\/swoer.vn\/en\/wp-json\/wp\/v2\/media\/4525"}],"wp:attachment":[{"href":"https:\/\/swoer.vn\/en\/wp-json\/wp\/v2\/media?parent=4523"}],"wp:term":[{"taxonomy":"product_brand","embeddable":true,"href":"https:\/\/swoer.vn\/en\/wp-json\/wp\/v2\/product_brand?post=4523"},{"taxonomy":"product_cat","embeddable":true,"href":"https:\/\/swoer.vn\/en\/wp-json\/wp\/v2\/product_cat?post=4523"},{"taxonomy":"product_tag","embeddable":true,"href":"https:\/\/swoer.vn\/en\/wp-json\/wp\/v2\/product_tag?post=4523"}],"curies":[{"name":"wp","href":"https:\/\/api.w.org\/{rel}","templated":true}]}}