{"id":2894,"date":"2025-04-22T14:06:44","date_gmt":"2025-04-22T07:06:44","guid":{"rendered":"https:\/\/swoer.vn\/?post_type=product&#038;p=2894"},"modified":"2025-05-24T11:17:05","modified_gmt":"2025-05-24T04:17:05","slug":"robot-delta-bo-nap-linh-hoat","status":"publish","type":"product","link":"https:\/\/swoer.vn\/en\/manufacturer\/robot-delta-bo-nap-linh-hoat\/","title":{"rendered":"Robot Delta x B\u1ed9 n\u1ea1p linh ho\u1ea1t"},"content":{"rendered":"<h2><span style=\"font-weight: 400;\">Product specifications:<\/span><\/h2>\n<table>\n<tbody>\n<tr>\n<td>\n<p style=\"text-align: center;\"><strong>Characteristic<\/strong><\/p>\n<\/td>\n<td style=\"text-align: center;\"><strong>Tham s\u1ed1<\/strong><\/td>\n<td>\n<p style=\"text-align: center;\"><strong>Ghi ch\u00fa<\/strong><\/p>\n<\/td>\n<\/tr>\n<tr>\n<td>\n<p style=\"text-align: center;\"><span style=\"font-weight: 400;\">Type<\/span><\/p>\n<\/td>\n<td style=\"text-align: center;\"><span style=\"font-weight: 400;\">SW-400<\/span><\/td>\n<td style=\"text-align: center;\"><\/td>\n<\/tr>\n<tr>\n<td style=\"text-align: center;\"><span style=\"font-weight: 400;\">Detailed specifications<\/span><\/td>\n<td>\n<p style=\"text-align: center;\"><span style=\"font-weight: 400;\">H\u00e0nh tr\u00ecnh 400 mm<\/span><\/p>\n<\/td>\n<td><\/td>\n<\/tr>\n<tr>\n<td>\n<p style=\"text-align: center;\"><span style=\"font-weight: 400;\">Size<\/span><\/p>\n<\/td>\n<td style=\"text-align: center;\"><span style=\"font-weight: 400;\">610 * 345 * 648 mm (D\u00e0i x R\u1ed9ng x Cao)<\/span><\/td>\n<td style=\"text-align: center;\"><\/td>\n<\/tr>\n<tr>\n<td style=\"text-align: center;\"><span style=\"font-weight: 400;\">Tr\u1ecdng t\u1ea3i<\/span><\/td>\n<td>\n<p style=\"text-align: center;\"><span style=\"font-weight: 400;\">0.5 kg<\/span><\/p>\n<\/td>\n<td><\/td>\n<\/tr>\n<tr>\n<td>\n<p style=\"text-align: center;\"><span style=\"font-weight: 400;\">Flexible feeder<\/span><\/p>\n<\/td>\n<td style=\"text-align: center;\"><span style=\"font-weight: 400;\">180 * 140 mm<\/span><\/td>\n<td>\n<p style=\"text-align: center;\"><span style=\"font-weight: 400;\">\u0110\u0129a: Tu\u1ef3 ch\u1ecdn<\/span><\/p>\n<\/td>\n<\/tr>\n<tr>\n<td>\n<p style=\"text-align: center;\"><span style=\"font-weight: 400;\">Th\u00f9ng l\u01b0u tr\u1eef<\/span><\/p>\n<\/td>\n<td style=\"text-align: center;\"><span style=\"font-weight: 400;\">3L<\/span><\/td>\n<td style=\"text-align: center;\"><\/td>\n<\/tr>\n<tr>\n<td style=\"text-align: center;\"><span style=\"font-weight: 400;\">CCD tr\u00ean<\/span><\/td>\n<td>\n<p style=\"text-align: center;\"><span style=\"font-weight: 400;\">1200W<\/span><\/p>\n<\/td>\n<td><\/td>\n<\/tr>\n<tr>\n<td>\n<p style=\"text-align: center;\"><span style=\"font-weight: 400;\">CCD d\u01b0\u1edbi<\/span><\/p>\n<\/td>\n<td style=\"text-align: center;\"><span style=\"font-weight: 400;\">500W<\/span><\/td>\n<td style=\"text-align: center;\"><span style=\"font-weight: 400;\">Kh\u00f4ng b\u1eaft bu\u1ed9c<\/span><\/td>\n<\/tr>\n<tr>\n<td style=\"text-align: center;\"><span style=\"font-weight: 400;\">Control system<\/span><\/td>\n<td>\n<p style=\"text-align: center;\"><span style=\"font-weight: 400;\">T\u1ef1 ph\u00e1t tri\u1ec3n (Robot + T\u1ea7m nh\u00ecn + \u0110i\u1ec1u khi\u1ec3n t\u1eadp trung rung \u0111\u1ed9ng linh ho\u1ea1t)<\/span><\/p>\n<\/td>\n<td><\/td>\n<\/tr>\n<tr>\n<td>\n<p style=\"text-align: center;\"><span style=\"font-weight: 400;\">S\u1ef1 ch\u00ednh x\u00e1c<\/span><\/p>\n<\/td>\n<td style=\"text-align: center;\"><span style=\"font-weight: 400;\">Kh\u00f4ng c\u00f3 \u0111\u1ea1n bay: \u00b1 0,15 mm<\/span><\/td>\n<td style=\"text-align: center;\"><span style=\"font-weight: 400;\">\u0110\u1ea1n bay: \u00b1 0,05 mm<\/span><\/td>\n<\/tr>\n<tr>\n<td style=\"text-align: center;\"><span style=\"font-weight: 400;\">Speed<\/span><\/td>\n<td style=\"text-align: center;\"><span style=\"font-weight: 400;\">3000 &#8211; 4000 c\u00e1i\/gi\u1edd<\/span><\/td>\n<td>\n<p style=\"text-align: center;\"><span style=\"font-weight: 400;\">Tu\u1ef3 thu\u1ed9c v\u00e0o s\u1ea3n ph\u1ea9m<\/span><\/p>\n<\/td>\n<\/tr>\n<tr>\n<td>\n<p style=\"text-align: center;\"><span style=\"font-weight: 400;\">S\u1ed1 l\u01b0\u1ee3ng v\u00f2i phun<\/span><\/p>\n<\/td>\n<td style=\"text-align: center;\"><span style=\"font-weight: 400;\">1 c\u00e1i<\/span><\/td>\n<td style=\"text-align: center;\"><\/td>\n<\/tr>\n<tr>\n<td style=\"text-align: center;\"><span style=\"font-weight: 400;\">Ph\u1ea1m vi x\u1ea3<\/span><\/td>\n<td>\n<p style=\"text-align: center;\"><span style=\"font-weight: 400;\">250 * 200 mm<\/span><\/p>\n<\/td>\n<td><\/td>\n<\/tr>\n<tr>\n<td>\n<p style=\"text-align: center;\"><span style=\"font-weight: 400;\">\u0110i\u1ec7n \u00e1p ngu\u1ed3n<\/span><\/p>\n<\/td>\n<td style=\"text-align: center;\"><span style=\"font-weight: 400;\">220 V\/50 Hz<\/span><\/td>\n<td style=\"text-align: center;\"><\/td>\n<\/tr>\n<tr>\n<td style=\"text-align: center;\"><span style=\"font-weight: 400;\">\u00c1p su\u1ea5t kh\u00f4ng kh\u00ed<\/span><\/td>\n<td>\n<p style=\"text-align: center;\"><span style=\"font-weight: 400;\">0,5 &#8211; 0,7 MPa<\/span><\/p>\n<\/td>\n<td><\/td>\n<\/tr>\n<tr>\n<td>\n<p style=\"text-align: center;\"><span style=\"font-weight: 400;\">Weight<\/span><\/p>\n<\/td>\n<td>\n<p style=\"text-align: center;\"><span style=\"font-weight: 400;\">~ 75 kg\/ 1 kW<\/span><\/p>\n<\/td>\n<td><\/td>\n<\/tr>\n<\/tbody>\n<\/table>\n<p>&nbsp;<\/p>","protected":false},"excerpt":{"rendered":"<p>Robot Delta SWOER: Thi\u1ebft k\u1ebf 3-4 tr\u1ee5c linh ho\u1ea1t, t\u1ed1c \u0111\u1ed9 v\u00e0 \u0111\u1ed9 ch\u00ednh x\u00e1c cao. L\u00fd t\u01b0\u1edfng cho c\u00e1c t\u00e1c v\u1ee5 l\u1eb7p \u0111i l\u1eb7p l\u1ea1i, \u0111\u00f2i h\u1ecfi s\u1ef1 nhanh nh\u1eb9n. \u1ee8ng d\u1ee5ng trong \u0111\u00f3ng g\u00f3i, l\u1eafp r\u00e1p linh ki\u1ec7n nh\u1ecf, x\u1eed l\u00fd v\u1eadt li\u1ec7u trong nhi\u1ec1u ng\u00e0nh c\u00f4ng nghi\u1ec7p.<\/p>","protected":false},"featured_media":2895,"comment_status":"open","ping_status":"closed","template":"","meta":[],"product_brand":[],"product_cat":[69],"product_tag":[],"class_list":{"0":"post-2894","1":"product","2":"type-product","3":"status-publish","4":"has-post-thumbnail","6":"product_cat-delta-robot","8":"first","9":"instock","10":"shipping-taxable","11":"product-type-simple"},"yoast_head":"<!-- This site is optimized with the Yoast SEO plugin v26.0 - https:\/\/yoast.com\/wordpress\/plugins\/seo\/ -->\n<title>Robot Delta x B\u1ed9 n\u1ea1p linh ho\u1ea1t - Nh\u00e0 s\u1ea3n xu\u1ea5t m\u00e1y c\u1ea5p li\u1ec7u c\u00f4ng nghi\u1ec7p<\/title>\n<meta name=\"description\" content=\"Robot Delta SWOER: \u1ee8ng d\u1ee5ng \u0111a d\u1ea1ng trong th\u1ef1c ph\u1ea9m, \u0111i\u1ec7n t\u1eed, d\u01b0\u1ee3c ph\u1ea9m... G\u1eafp \u0111\u1eb7t nhanh, ch\u00ednh x\u00e1c, linh ho\u1ea1t. Gi\u1ea3i ph\u00e1p l\u00fd t\u01b0\u1edfng cho c\u00e1c t\u00e1c v\u1ee5 l\u1eb7p...\" \/>\n<meta name=\"robots\" content=\"index, follow, max-snippet:-1, max-image-preview:large, max-video-preview:-1\" \/>\n<link rel=\"canonical\" href=\"https:\/\/swoer.vn\/en\/manufacturer\/robot-delta-bo-nap-linh-hoat\/\" \/>\n<meta property=\"og:locale\" content=\"en_US\" \/>\n<meta property=\"og:type\" content=\"article\" \/>\n<meta property=\"og:title\" content=\"Robot Delta x B\u1ed9 n\u1ea1p linh ho\u1ea1t - Nh\u00e0 s\u1ea3n xu\u1ea5t m\u00e1y c\u1ea5p li\u1ec7u c\u00f4ng nghi\u1ec7p\" \/>\n<meta property=\"og:description\" content=\"Robot Delta SWOER: \u1ee8ng d\u1ee5ng \u0111a d\u1ea1ng trong th\u1ef1c ph\u1ea9m, \u0111i\u1ec7n t\u1eed, d\u01b0\u1ee3c ph\u1ea9m... G\u1eafp \u0111\u1eb7t nhanh, ch\u00ednh x\u00e1c, linh ho\u1ea1t. Gi\u1ea3i ph\u00e1p l\u00fd t\u01b0\u1edfng cho c\u00e1c t\u00e1c v\u1ee5 l\u1eb7p...\" \/>\n<meta property=\"og:url\" content=\"https:\/\/swoer.vn\/en\/manufacturer\/robot-delta-bo-nap-linh-hoat\/\" \/>\n<meta property=\"og:site_name\" content=\"Nh\u00e0 s\u1ea3n xu\u1ea5t m\u00e1y c\u1ea5p li\u1ec7u c\u00f4ng nghi\u1ec7p\" \/>\n<meta property=\"article:modified_time\" content=\"2025-05-24T04:17:05+00:00\" \/>\n<meta property=\"og:image\" content=\"https:\/\/swoer.vn\/wp-content\/uploads\/2025\/04\/Robot-delta-1.webp\" \/>\n\t<meta property=\"og:image:width\" content=\"800\" \/>\n\t<meta property=\"og:image:height\" content=\"800\" \/>\n\t<meta property=\"og:image:type\" content=\"image\/webp\" \/>\n<meta name=\"twitter:card\" content=\"summary_large_image\" \/>\n<meta name=\"twitter:label1\" content=\"Est. reading time\" \/>\n\t<meta name=\"twitter:data1\" content=\"1 minute\" \/>\n<script type=\"application\/ld+json\" class=\"yoast-schema-graph\">{\"@context\":\"https:\/\/schema.org\",\"@graph\":[{\"@type\":\"WebPage\",\"@id\":\"https:\/\/swoer.vn\/manufacturer\/robot-delta-bo-nap-linh-hoat\/\",\"url\":\"https:\/\/swoer.vn\/manufacturer\/robot-delta-bo-nap-linh-hoat\/\",\"name\":\"Robot Delta x B\u1ed9 n\u1ea1p linh ho\u1ea1t - Nh\u00e0 s\u1ea3n xu\u1ea5t m\u00e1y c\u1ea5p li\u1ec7u c\u00f4ng nghi\u1ec7p\",\"isPartOf\":{\"@id\":\"https:\/\/swoer.vn\/#website\"},\"primaryImageOfPage\":{\"@id\":\"https:\/\/swoer.vn\/manufacturer\/robot-delta-bo-nap-linh-hoat\/#primaryimage\"},\"image\":{\"@id\":\"https:\/\/swoer.vn\/manufacturer\/robot-delta-bo-nap-linh-hoat\/#primaryimage\"},\"thumbnailUrl\":\"https:\/\/swoer.vn\/wp-content\/uploads\/2025\/04\/Robot-delta-1.webp\",\"datePublished\":\"2025-04-22T07:06:44+00:00\",\"dateModified\":\"2025-05-24T04:17:05+00:00\",\"description\":\"Robot Delta SWOER: \u1ee8ng d\u1ee5ng \u0111a d\u1ea1ng trong th\u1ef1c ph\u1ea9m, \u0111i\u1ec7n t\u1eed, d\u01b0\u1ee3c ph\u1ea9m... G\u1eafp \u0111\u1eb7t nhanh, ch\u00ednh x\u00e1c, linh ho\u1ea1t. Gi\u1ea3i ph\u00e1p l\u00fd t\u01b0\u1edfng cho c\u00e1c t\u00e1c v\u1ee5 l\u1eb7p...\",\"breadcrumb\":{\"@id\":\"https:\/\/swoer.vn\/manufacturer\/robot-delta-bo-nap-linh-hoat\/#breadcrumb\"},\"inLanguage\":\"en-US\",\"potentialAction\":[{\"@type\":\"ReadAction\",\"target\":[\"https:\/\/swoer.vn\/manufacturer\/robot-delta-bo-nap-linh-hoat\/\"]}]},{\"@type\":\"ImageObject\",\"inLanguage\":\"en-US\",\"@id\":\"https:\/\/swoer.vn\/manufacturer\/robot-delta-bo-nap-linh-hoat\/#primaryimage\",\"url\":\"https:\/\/swoer.vn\/wp-content\/uploads\/2025\/04\/Robot-delta-1.webp\",\"contentUrl\":\"https:\/\/swoer.vn\/wp-content\/uploads\/2025\/04\/Robot-delta-1.webp\",\"width\":800,\"height\":800,\"caption\":\"Robot Delta\"},{\"@type\":\"BreadcrumbList\",\"@id\":\"https:\/\/swoer.vn\/manufacturer\/robot-delta-bo-nap-linh-hoat\/#breadcrumb\",\"itemListElement\":[{\"@type\":\"ListItem\",\"position\":1,\"name\":\"Home\",\"item\":\"https:\/\/swoer.vn\/\"},{\"@type\":\"ListItem\",\"position\":2,\"name\":\"S\u1ea3n ph\u1ea9m\",\"item\":\"https:\/\/swoer.vn\/shop\/\"},{\"@type\":\"ListItem\",\"position\":3,\"name\":\"Robot Delta x B\u1ed9 n\u1ea1p linh ho\u1ea1t\"}]},{\"@type\":\"WebSite\",\"@id\":\"https:\/\/swoer.vn\/#website\",\"url\":\"https:\/\/swoer.vn\/\",\"name\":\"Nh\u00e0 s\u1ea3n xu\u1ea5t m\u00e1y c\u1ea5p li\u1ec7u c\u00f4ng nghi\u1ec7p\",\"description\":\"Nh\u00e0 cung c\u1ea5p robot, m\u00e1y c\u1ea5p li\u1ec7u linh ho\u1ea1t, m\u00e1y c\u1ea5p li\u1ec7u ly t\u00e2m, m\u00e1y c\u1ea5p li\u1ec7u rung t\u1ef1 \u0111\u1ed9ng\",\"potentialAction\":[{\"@type\":\"SearchAction\",\"target\":{\"@type\":\"EntryPoint\",\"urlTemplate\":\"https:\/\/swoer.vn\/?s={search_term_string}\"},\"query-input\":{\"@type\":\"PropertyValueSpecification\",\"valueRequired\":true,\"valueName\":\"search_term_string\"}}],\"inLanguage\":\"en-US\"}]}<\/script>\n<!-- \/ Yoast SEO plugin. -->","yoast_head_json":{"title":"Robot Delta x B\u1ed9 n\u1ea1p linh ho\u1ea1t - Nh\u00e0 s\u1ea3n xu\u1ea5t m\u00e1y c\u1ea5p li\u1ec7u c\u00f4ng nghi\u1ec7p","description":"Robot Delta SWOER: \u1ee8ng d\u1ee5ng \u0111a d\u1ea1ng trong th\u1ef1c ph\u1ea9m, \u0111i\u1ec7n t\u1eed, d\u01b0\u1ee3c ph\u1ea9m... G\u1eafp \u0111\u1eb7t nhanh, ch\u00ednh x\u00e1c, linh ho\u1ea1t. Gi\u1ea3i ph\u00e1p l\u00fd t\u01b0\u1edfng cho c\u00e1c t\u00e1c v\u1ee5 l\u1eb7p...","robots":{"index":"index","follow":"follow","max-snippet":"max-snippet:-1","max-image-preview":"max-image-preview:large","max-video-preview":"max-video-preview:-1"},"canonical":"https:\/\/swoer.vn\/en\/manufacturer\/robot-delta-bo-nap-linh-hoat\/","og_locale":"en_US","og_type":"article","og_title":"Robot Delta x B\u1ed9 n\u1ea1p linh ho\u1ea1t - Nh\u00e0 s\u1ea3n xu\u1ea5t m\u00e1y c\u1ea5p li\u1ec7u c\u00f4ng nghi\u1ec7p","og_description":"Robot Delta SWOER: \u1ee8ng d\u1ee5ng \u0111a d\u1ea1ng trong th\u1ef1c ph\u1ea9m, \u0111i\u1ec7n t\u1eed, d\u01b0\u1ee3c ph\u1ea9m... G\u1eafp \u0111\u1eb7t nhanh, ch\u00ednh x\u00e1c, linh ho\u1ea1t. Gi\u1ea3i ph\u00e1p l\u00fd t\u01b0\u1edfng cho c\u00e1c t\u00e1c v\u1ee5 l\u1eb7p...","og_url":"https:\/\/swoer.vn\/en\/manufacturer\/robot-delta-bo-nap-linh-hoat\/","og_site_name":"Nh\u00e0 s\u1ea3n xu\u1ea5t m\u00e1y c\u1ea5p li\u1ec7u c\u00f4ng nghi\u1ec7p","article_modified_time":"2025-05-24T04:17:05+00:00","og_image":[{"width":800,"height":800,"url":"https:\/\/swoer.vn\/wp-content\/uploads\/2025\/04\/Robot-delta-1.webp","type":"image\/webp"}],"twitter_card":"summary_large_image","twitter_misc":{"Est. reading time":"1 minute"},"schema":{"@context":"https:\/\/schema.org","@graph":[{"@type":"WebPage","@id":"https:\/\/swoer.vn\/manufacturer\/robot-delta-bo-nap-linh-hoat\/","url":"https:\/\/swoer.vn\/manufacturer\/robot-delta-bo-nap-linh-hoat\/","name":"Robot Delta x B\u1ed9 n\u1ea1p linh ho\u1ea1t - Nh\u00e0 s\u1ea3n xu\u1ea5t m\u00e1y c\u1ea5p li\u1ec7u c\u00f4ng nghi\u1ec7p","isPartOf":{"@id":"https:\/\/swoer.vn\/#website"},"primaryImageOfPage":{"@id":"https:\/\/swoer.vn\/manufacturer\/robot-delta-bo-nap-linh-hoat\/#primaryimage"},"image":{"@id":"https:\/\/swoer.vn\/manufacturer\/robot-delta-bo-nap-linh-hoat\/#primaryimage"},"thumbnailUrl":"https:\/\/swoer.vn\/wp-content\/uploads\/2025\/04\/Robot-delta-1.webp","datePublished":"2025-04-22T07:06:44+00:00","dateModified":"2025-05-24T04:17:05+00:00","description":"Robot Delta SWOER: \u1ee8ng d\u1ee5ng \u0111a d\u1ea1ng trong th\u1ef1c ph\u1ea9m, \u0111i\u1ec7n t\u1eed, d\u01b0\u1ee3c ph\u1ea9m... G\u1eafp \u0111\u1eb7t nhanh, ch\u00ednh x\u00e1c, linh ho\u1ea1t. Gi\u1ea3i ph\u00e1p l\u00fd t\u01b0\u1edfng cho c\u00e1c t\u00e1c v\u1ee5 l\u1eb7p...","breadcrumb":{"@id":"https:\/\/swoer.vn\/manufacturer\/robot-delta-bo-nap-linh-hoat\/#breadcrumb"},"inLanguage":"en-US","potentialAction":[{"@type":"ReadAction","target":["https:\/\/swoer.vn\/manufacturer\/robot-delta-bo-nap-linh-hoat\/"]}]},{"@type":"ImageObject","inLanguage":"en-US","@id":"https:\/\/swoer.vn\/manufacturer\/robot-delta-bo-nap-linh-hoat\/#primaryimage","url":"https:\/\/swoer.vn\/wp-content\/uploads\/2025\/04\/Robot-delta-1.webp","contentUrl":"https:\/\/swoer.vn\/wp-content\/uploads\/2025\/04\/Robot-delta-1.webp","width":800,"height":800,"caption":"Robot Delta"},{"@type":"BreadcrumbList","@id":"https:\/\/swoer.vn\/manufacturer\/robot-delta-bo-nap-linh-hoat\/#breadcrumb","itemListElement":[{"@type":"ListItem","position":1,"name":"Home","item":"https:\/\/swoer.vn\/"},{"@type":"ListItem","position":2,"name":"S\u1ea3n ph\u1ea9m","item":"https:\/\/swoer.vn\/shop\/"},{"@type":"ListItem","position":3,"name":"Robot Delta x B\u1ed9 n\u1ea1p linh ho\u1ea1t"}]},{"@type":"WebSite","@id":"https:\/\/swoer.vn\/#website","url":"https:\/\/swoer.vn\/","name":"Industrial Feeder Manufacturer","description":"Supplier of robot, flexible feeder, centrifugal feeder, automatic vibrating feeder","potentialAction":[{"@type":"SearchAction","target":{"@type":"EntryPoint","urlTemplate":"https:\/\/swoer.vn\/?s={search_term_string}"},"query-input":{"@type":"PropertyValueSpecification","valueRequired":true,"valueName":"search_term_string"}}],"inLanguage":"en-US"}]}},"_links":{"self":[{"href":"https:\/\/swoer.vn\/en\/wp-json\/wp\/v2\/product\/2894","targetHints":{"allow":["GET"]}}],"collection":[{"href":"https:\/\/swoer.vn\/en\/wp-json\/wp\/v2\/product"}],"about":[{"href":"https:\/\/swoer.vn\/en\/wp-json\/wp\/v2\/types\/product"}],"replies":[{"embeddable":true,"href":"https:\/\/swoer.vn\/en\/wp-json\/wp\/v2\/comments?post=2894"}],"wp:featuredmedia":[{"embeddable":true,"href":"https:\/\/swoer.vn\/en\/wp-json\/wp\/v2\/media\/2895"}],"wp:attachment":[{"href":"https:\/\/swoer.vn\/en\/wp-json\/wp\/v2\/media?parent=2894"}],"wp:term":[{"taxonomy":"product_brand","embeddable":true,"href":"https:\/\/swoer.vn\/en\/wp-json\/wp\/v2\/product_brand?post=2894"},{"taxonomy":"product_cat","embeddable":true,"href":"https:\/\/swoer.vn\/en\/wp-json\/wp\/v2\/product_cat?post=2894"},{"taxonomy":"product_tag","embeddable":true,"href":"https:\/\/swoer.vn\/en\/wp-json\/wp\/v2\/product_tag?post=2894"}],"curies":[{"name":"wp","href":"https:\/\/api.w.org\/{rel}","templated":true}]}}