{"id":2190,"date":"2025-03-04T16:53:32","date_gmt":"2025-03-04T09:53:32","guid":{"rendered":"https:\/\/swoer.vn\/?post_type=product&#038;p=2190"},"modified":"2025-03-04T16:53:32","modified_gmt":"2025-03-04T09:53:32","slug":"he-thong-nap-rung-cho-bulong","status":"publish","type":"product","link":"https:\/\/swoer.vn\/en\/manufacturer\/he-thong-nap-rung-cho-bulong\/","title":{"rendered":"Vibrating feed system for bolts"},"content":{"rendered":"<h2>Product Specifications<\/h2>\n<table width=\"887\">\n<tbody>\n<tr>\n<td width=\"396\">Product Name<\/td>\n<td width=\"491\">Vibrating feed system for bolts<\/td>\n<\/tr>\n<tr>\n<td width=\"396\">Material<\/td>\n<td width=\"491\">AL7075 \/ SUS304<\/td>\n<\/tr>\n<tr>\n<td width=\"396\">Material properties<\/td>\n<td width=\"491\">Cold-treated forged alloy, high strength, high hardness<\/td>\n<\/tr>\n<tr>\n<td width=\"396\">Voltage<\/td>\n<td width=\"491\">220V<\/td>\n<\/tr>\n<tr>\n<td width=\"396\">Capacity<\/td>\n<td width=\"491\">65W \/150W \/180w \/ 220W \/ 350W<\/td>\n<\/tr>\n<tr>\n<td width=\"396\">Certification<\/td>\n<td width=\"491\">CE,ROHS,ISO9001<\/td>\n<\/tr>\n<tr>\n<td width=\"396\">Guarantee<\/td>\n<td width=\"491\">one year<\/td>\n<\/tr>\n<tr>\n<td width=\"396\">Minimum Order Quantity<\/td>\n<td width=\"491\">1 set<\/td>\n<\/tr>\n<tr>\n<td width=\"396\">Delivery date<\/td>\n<td width=\"491\">28 days<\/td>\n<\/tr>\n<tr>\n<td width=\"396\">Payment method<\/td>\n<td width=\"491\">T\/T deposit 30%, balance paid before delivery<\/td>\n<\/tr>\n<tr>\n<td width=\"396\">Country of origin<\/td>\n<td width=\"491\">China<\/td>\n<\/tr>\n<\/tbody>\n<\/table>\n\t<div id=\"gap-1471147006\" class=\"gap-element clearfix\" style=\"display:block; height:auto;\">\n\t\t\n<style>\n#gap-1471147006 {\n  padding-top: 30px;\n}\n<\/style>\n\t<\/div>\n\t\n<h3 data-sourcepos=\"3:1-3:72\"><strong>Product information to know when ordering custom vibrating feeder:<\/strong><\/h3>\n<p data-sourcepos=\"5:1-5:36\"><strong>1. Information about the blank \/ material:<\/strong><\/p>\n<ul data-sourcepos=\"7:1-19:0\">\n<li data-sourcepos=\"7:1-9:43\"><strong>Material Type:<\/strong>\n<ul data-sourcepos=\"8:5-9:43\">\n<li data-sourcepos=\"8:5-8:43\">Material (metal, plastic, ceramic, etc.)<\/li>\n<li data-sourcepos=\"9:5-9:43\">Properties (fragile, sticky, abrasive, etc.)<\/li>\n<\/ul>\n<\/li>\n<li data-sourcepos=\"10:1-12:31\"><strong>Material size and shape:<\/strong>\n<ul data-sourcepos=\"11:5-12:31\">\n<li data-sourcepos=\"11:5-11:45\">Detailed dimension drawing or specimen<\/li>\n<li data-sourcepos=\"12:5-12:31\">Complexity of shape<\/li>\n<\/ul>\n<\/li>\n<li data-sourcepos=\"13:1-15:29\"><strong>Material weight:<\/strong>\n<ul data-sourcepos=\"14:5-15:29\">\n<li data-sourcepos=\"14:5-14:35\">Weight of each material<\/li>\n<li data-sourcepos=\"15:5-15:29\">Required feed rate<\/li>\n<\/ul>\n<\/li>\n<li data-sourcepos=\"16:1-19:0\"><strong>Material status:<\/strong>\n<ul data-sourcepos=\"17:5-19:0\">\n<li data-sourcepos=\"17:5-17:32\">Loose or packaged form<\/li>\n<li data-sourcepos=\"18:5-19:0\">Condition of the material surface, is it smooth, is it greasy etc.<\/li>\n<\/ul>\n<\/li>\n<\/ul>\n<p data-sourcepos=\"20:1-20:24\"><strong>2. Requirements for blank supply:<\/strong><\/p>\n<ul data-sourcepos=\"22:1-34:0\">\n<li data-sourcepos=\"22:1-24:44\"><strong>Feed speed:<\/strong>\n<ul data-sourcepos=\"23:5-24:44\">\n<li data-sourcepos=\"23:5-23:40\">Quantity of material to be supplied per minute<\/li>\n<li data-sourcepos=\"24:5-24:44\">Speed requirements of the production line<\/li>\n<\/ul>\n<\/li>\n<li data-sourcepos=\"25:1-27:45\"><strong>Feed direction and position:<\/strong>\n<ul data-sourcepos=\"26:5-27:45\">\n<li data-sourcepos=\"26:5-26:60\">In which direction should the material go to the next stage?<\/li>\n<li data-sourcepos=\"27:5-27:45\">Location and height of the feed outlet<\/li>\n<\/ul>\n<\/li>\n<li data-sourcepos=\"28:1-30:38\"><strong>Feeding accuracy:<\/strong>\n<ul data-sourcepos=\"29:5-30:38\">\n<li data-sourcepos=\"29:5-29:46\">Requirements for material positioning accuracy<\/li>\n<li data-sourcepos=\"30:5-30:38\">Is there a specific arrangement required?<\/li>\n<\/ul>\n<\/li>\n<li data-sourcepos=\"31:1-34:0\"><strong>Feed stability:<\/strong>\n<ul data-sourcepos=\"32:5-34:0\">\n<li data-sourcepos=\"32:5-32:37\">Is continuous feeding required?<\/li>\n<li data-sourcepos=\"33:5-34:0\">Requirements for feed stability.<\/li>\n<\/ul>\n<\/li>\n<\/ul>\n<p data-sourcepos=\"35:1-35:27\"><strong>3. Device environment:<\/strong><\/p>\n<ul data-sourcepos=\"37:1-47:0\">\n<li data-sourcepos=\"37:1-39:36\"><strong>Work space:<\/strong>\n<ul data-sourcepos=\"38:5-39:36\">\n<li data-sourcepos=\"38:5-38:65\">Usable space dimensions for feeder installation<\/li>\n<li data-sourcepos=\"39:5-39:36\">Layout of the production line<\/li>\n<\/ul>\n<\/li>\n<li data-sourcepos=\"40:1-42:66\"><strong>Working environment:<\/strong>\n<ul data-sourcepos=\"41:5-42:66\">\n<li data-sourcepos=\"41:5-41:57\">Environmental conditions such as temperature, humidity, dust, etc.<\/li>\n<li data-sourcepos=\"42:5-42:66\">Are there any special requirements such as dustproof, explosion-proof, etc.?<\/li>\n<\/ul>\n<\/li>\n<li data-sourcepos=\"43:1-44:55\"><strong>Power requirements:<\/strong>\n<ul data-sourcepos=\"44:5-44:55\">\n<li data-sourcepos=\"44:5-44:55\">Power supply parameters such as voltage, frequency, etc.<\/li>\n<\/ul>\n<\/li>\n<li data-sourcepos=\"45:1-47:0\"><strong>Noise requirements:<\/strong>\n<ul data-sourcepos=\"46:5-47:0\">\n<li data-sourcepos=\"46:5-47:0\">Is there a noise limit?<\/li>\n<\/ul>\n<\/li>\n<\/ul>\n<p data-sourcepos=\"48:1-48:28\"><strong>4. Automation integration:<\/strong><\/p>\n<ul data-sourcepos=\"50:1-56:0\">\n<li data-sourcepos=\"50:1-52:36\"><strong>Integrate with existing equipment:<\/strong>\n<ul data-sourcepos=\"51:5-52:36\">\n<li data-sourcepos=\"51:5-51:40\">What devices need to be connected?<\/li>\n<li data-sourcepos=\"52:5-52:36\">Control signal requirements<\/li>\n<\/ul>\n<\/li>\n<li data-sourcepos=\"53:1-56:0\"><strong>Control system requirements:<\/strong>\n<ul data-sourcepos=\"54:5-56:0\">\n<li data-sourcepos=\"54:5-54:33\">Is PLC control required?<\/li>\n<li data-sourcepos=\"55:5-56:0\">Is sensor feedback required?<\/li>\n<\/ul>\n<\/li>\n<\/ul>\n<p data-sourcepos=\"57:1-57:33\"><strong>5. Other special requirements:<\/strong><\/p>\n<ul data-sourcepos=\"59:1-67:0\">\n<li data-sourcepos=\"59:1-61:37\"><strong>Cleaning requirements:<\/strong>\n<ul data-sourcepos=\"60:5-61:37\">\n<li data-sourcepos=\"60:5-60:39\">Is easy to clean design required?<\/li>\n<li data-sourcepos=\"61:5-61:37\">Food or medical requirements<\/li>\n<\/ul>\n<\/li>\n<li data-sourcepos=\"62:1-64:39\"><strong>Maintenance requirements:<\/strong>\n<ul data-sourcepos=\"63:5-64:39\">\n<li data-sourcepos=\"63:5-63:25\">Convenient maintenance.<\/li>\n<li data-sourcepos=\"64:5-64:39\">Are the parts easy to replace?<\/li>\n<\/ul>\n<\/li>\n<li data-sourcepos=\"65:1-67:0\"><strong>Safety requirements:<\/strong>\n<ul data-sourcepos=\"66:5-67:0\">\n<li data-sourcepos=\"66:5-67:0\">Is safety equipment required?<\/li>\n<\/ul>\n<\/li>\n<\/ul>","protected":false},"excerpt":{"rendered":"<p>SWOER&#039;s vibrating bowl feeder system for bolts provides accurate and stable feeding, reduces errors and optimizes production efficiency. Durable design, easy to integrate into automation lines, suitable for many industries. Effective solution to improve productivity and reduce costs.<\/p>","protected":false},"featured_media":2192,"comment_status":"open","ping_status":"closed","template":"","meta":[],"product_brand":[],"product_cat":[106],"product_tag":[114,110,115],"class_list":{"0":"post-2190","1":"product","2":"type-product","3":"status-publish","4":"has-post-thumbnail","6":"product_cat-mam-rung-cap-phoi","7":"product_tag-he-thong-nap-rung","8":"product_tag-may-nap-cap-lieu-bat-rung","9":"product_tag-may-nap-lieu-cho-cac-bulong","11":"first","12":"instock","13":"shipping-taxable","14":"product-type-simple"},"yoast_head":"<!-- This site is optimized with the Yoast SEO plugin v26.0 - https:\/\/yoast.com\/wordpress\/plugins\/seo\/ -->\n<title>H\u1ec7 th\u1ed1ng n\u1ea1p rung cho bulong - Nh\u00e0 s\u1ea3n xu\u1ea5t m\u00e1y c\u1ea5p li\u1ec7u c\u00f4ng nghi\u1ec7p<\/title>\n<meta name=\"description\" content=\"H\u1ec7 th\u1ed1ng n\u1ea1p b\u00e1t rung cho bulong c\u1ee7a SWOER \u0111\u1ea3m b\u1ea3o c\u1ea5p li\u1ec7u ch\u00ednh x\u00e1c, \u1ed5n \u0111\u1ecbnh, gi\u00fap t\u1ed1i \u01b0u d\u00e2y chuy\u1ec1n s\u1ea3n xu\u1ea5t, gi\u1ea3m l\u1ed7i v\u00e0 t\u0103ng n\u0103ng su\u1ea5t hi\u1ec7u qu\u1ea3.\" \/>\n<meta name=\"robots\" content=\"index, follow, max-snippet:-1, max-image-preview:large, max-video-preview:-1\" \/>\n<link rel=\"canonical\" href=\"https:\/\/swoer.vn\/en\/manufacturer\/he-thong-nap-rung-cho-bulong\/\" \/>\n<meta property=\"og:locale\" content=\"en_US\" \/>\n<meta property=\"og:type\" content=\"article\" \/>\n<meta property=\"og:title\" content=\"H\u1ec7 th\u1ed1ng n\u1ea1p rung cho bulong - Nh\u00e0 s\u1ea3n xu\u1ea5t m\u00e1y c\u1ea5p li\u1ec7u c\u00f4ng nghi\u1ec7p\" \/>\n<meta property=\"og:description\" content=\"H\u1ec7 th\u1ed1ng n\u1ea1p b\u00e1t rung cho bulong c\u1ee7a SWOER \u0111\u1ea3m b\u1ea3o c\u1ea5p li\u1ec7u ch\u00ednh x\u00e1c, \u1ed5n \u0111\u1ecbnh, gi\u00fap t\u1ed1i \u01b0u d\u00e2y chuy\u1ec1n s\u1ea3n xu\u1ea5t, gi\u1ea3m l\u1ed7i v\u00e0 t\u0103ng n\u0103ng su\u1ea5t hi\u1ec7u qu\u1ea3.\" \/>\n<meta property=\"og:url\" content=\"https:\/\/swoer.vn\/en\/manufacturer\/he-thong-nap-rung-cho-bulong\/\" \/>\n<meta property=\"og:site_name\" content=\"Nh\u00e0 s\u1ea3n xu\u1ea5t m\u00e1y c\u1ea5p li\u1ec7u c\u00f4ng nghi\u1ec7p\" \/>\n<meta property=\"og:image\" content=\"https:\/\/swoer.vn\/wp-content\/uploads\/2025\/03\/May-nap-rung-cho-bulong-swoer.webp\" \/>\n\t<meta property=\"og:image:width\" content=\"1000\" \/>\n\t<meta property=\"og:image:height\" content=\"1000\" \/>\n\t<meta property=\"og:image:type\" content=\"image\/webp\" \/>\n<meta name=\"twitter:card\" content=\"summary_large_image\" \/>\n<meta name=\"twitter:label1\" content=\"Est. reading time\" \/>\n\t<meta name=\"twitter:data1\" content=\"3 minutes\" \/>\n<script type=\"application\/ld+json\" class=\"yoast-schema-graph\">{\"@context\":\"https:\/\/schema.org\",\"@graph\":[{\"@type\":\"WebPage\",\"@id\":\"https:\/\/swoer.vn\/manufacturer\/he-thong-nap-rung-cho-bulong\/\",\"url\":\"https:\/\/swoer.vn\/manufacturer\/he-thong-nap-rung-cho-bulong\/\",\"name\":\"H\u1ec7 th\u1ed1ng n\u1ea1p rung cho bulong - Nh\u00e0 s\u1ea3n xu\u1ea5t m\u00e1y c\u1ea5p li\u1ec7u c\u00f4ng nghi\u1ec7p\",\"isPartOf\":{\"@id\":\"https:\/\/swoer.vn\/#website\"},\"primaryImageOfPage\":{\"@id\":\"https:\/\/swoer.vn\/manufacturer\/he-thong-nap-rung-cho-bulong\/#primaryimage\"},\"image\":{\"@id\":\"https:\/\/swoer.vn\/manufacturer\/he-thong-nap-rung-cho-bulong\/#primaryimage\"},\"thumbnailUrl\":\"https:\/\/swoer.vn\/wp-content\/uploads\/2025\/03\/May-nap-rung-cho-bulong-swoer.webp\",\"datePublished\":\"2025-03-04T09:53:32+00:00\",\"description\":\"H\u1ec7 th\u1ed1ng n\u1ea1p b\u00e1t rung cho bulong c\u1ee7a SWOER \u0111\u1ea3m b\u1ea3o c\u1ea5p li\u1ec7u ch\u00ednh x\u00e1c, \u1ed5n \u0111\u1ecbnh, gi\u00fap t\u1ed1i \u01b0u d\u00e2y chuy\u1ec1n s\u1ea3n xu\u1ea5t, gi\u1ea3m l\u1ed7i v\u00e0 t\u0103ng n\u0103ng su\u1ea5t hi\u1ec7u qu\u1ea3.\",\"breadcrumb\":{\"@id\":\"https:\/\/swoer.vn\/manufacturer\/he-thong-nap-rung-cho-bulong\/#breadcrumb\"},\"inLanguage\":\"en-US\",\"potentialAction\":[{\"@type\":\"ReadAction\",\"target\":[\"https:\/\/swoer.vn\/manufacturer\/he-thong-nap-rung-cho-bulong\/\"]}]},{\"@type\":\"ImageObject\",\"inLanguage\":\"en-US\",\"@id\":\"https:\/\/swoer.vn\/manufacturer\/he-thong-nap-rung-cho-bulong\/#primaryimage\",\"url\":\"https:\/\/swoer.vn\/wp-content\/uploads\/2025\/03\/May-nap-rung-cho-bulong-swoer.webp\",\"contentUrl\":\"https:\/\/swoer.vn\/wp-content\/uploads\/2025\/03\/May-nap-rung-cho-bulong-swoer.webp\",\"width\":1000,\"height\":1000},{\"@type\":\"BreadcrumbList\",\"@id\":\"https:\/\/swoer.vn\/manufacturer\/he-thong-nap-rung-cho-bulong\/#breadcrumb\",\"itemListElement\":[{\"@type\":\"ListItem\",\"position\":1,\"name\":\"Home\",\"item\":\"https:\/\/swoer.vn\/\"},{\"@type\":\"ListItem\",\"position\":2,\"name\":\"S\u1ea3n ph\u1ea9m\",\"item\":\"https:\/\/swoer.vn\/shop\/\"},{\"@type\":\"ListItem\",\"position\":3,\"name\":\"H\u1ec7 th\u1ed1ng n\u1ea1p rung cho bulong\"}]},{\"@type\":\"WebSite\",\"@id\":\"https:\/\/swoer.vn\/#website\",\"url\":\"https:\/\/swoer.vn\/\",\"name\":\"Nh\u00e0 s\u1ea3n xu\u1ea5t m\u00e1y c\u1ea5p li\u1ec7u c\u00f4ng nghi\u1ec7p\",\"description\":\"Nh\u00e0 cung c\u1ea5p robot, m\u00e1y c\u1ea5p li\u1ec7u linh ho\u1ea1t, m\u00e1y c\u1ea5p li\u1ec7u ly t\u00e2m, m\u00e1y c\u1ea5p li\u1ec7u rung t\u1ef1 \u0111\u1ed9ng\",\"potentialAction\":[{\"@type\":\"SearchAction\",\"target\":{\"@type\":\"EntryPoint\",\"urlTemplate\":\"https:\/\/swoer.vn\/?s={search_term_string}\"},\"query-input\":{\"@type\":\"PropertyValueSpecification\",\"valueRequired\":true,\"valueName\":\"search_term_string\"}}],\"inLanguage\":\"en-US\"}]}<\/script>\n<!-- \/ Yoast SEO plugin. -->","yoast_head_json":{"title":"Vibrating Feeder System for Bolts - Industrial Feeder Manufacturer","description":"SWOER&#039;s vibrating bowl feeding system for bolts ensures accurate and stable feeding, helping to optimize the production line, reduce errors and increase productivity effectively.","robots":{"index":"index","follow":"follow","max-snippet":"max-snippet:-1","max-image-preview":"max-image-preview:large","max-video-preview":"max-video-preview:-1"},"canonical":"https:\/\/swoer.vn\/en\/manufacturer\/he-thong-nap-rung-cho-bulong\/","og_locale":"en_US","og_type":"article","og_title":"H\u1ec7 th\u1ed1ng n\u1ea1p rung cho bulong - Nh\u00e0 s\u1ea3n xu\u1ea5t m\u00e1y c\u1ea5p li\u1ec7u c\u00f4ng nghi\u1ec7p","og_description":"H\u1ec7 th\u1ed1ng n\u1ea1p b\u00e1t rung cho bulong c\u1ee7a SWOER \u0111\u1ea3m b\u1ea3o c\u1ea5p li\u1ec7u ch\u00ednh x\u00e1c, \u1ed5n \u0111\u1ecbnh, gi\u00fap t\u1ed1i \u01b0u d\u00e2y chuy\u1ec1n s\u1ea3n xu\u1ea5t, gi\u1ea3m l\u1ed7i v\u00e0 t\u0103ng n\u0103ng su\u1ea5t hi\u1ec7u qu\u1ea3.","og_url":"https:\/\/swoer.vn\/en\/manufacturer\/he-thong-nap-rung-cho-bulong\/","og_site_name":"Nh\u00e0 s\u1ea3n xu\u1ea5t m\u00e1y c\u1ea5p li\u1ec7u c\u00f4ng nghi\u1ec7p","og_image":[{"width":1000,"height":1000,"url":"https:\/\/swoer.vn\/wp-content\/uploads\/2025\/03\/May-nap-rung-cho-bulong-swoer.webp","type":"image\/webp"}],"twitter_card":"summary_large_image","twitter_misc":{"Est. reading time":"3 minutes"},"schema":{"@context":"https:\/\/schema.org","@graph":[{"@type":"WebPage","@id":"https:\/\/swoer.vn\/manufacturer\/he-thong-nap-rung-cho-bulong\/","url":"https:\/\/swoer.vn\/manufacturer\/he-thong-nap-rung-cho-bulong\/","name":"Vibrating Feeder System for Bolts - Industrial Feeder Manufacturer","isPartOf":{"@id":"https:\/\/swoer.vn\/#website"},"primaryImageOfPage":{"@id":"https:\/\/swoer.vn\/manufacturer\/he-thong-nap-rung-cho-bulong\/#primaryimage"},"image":{"@id":"https:\/\/swoer.vn\/manufacturer\/he-thong-nap-rung-cho-bulong\/#primaryimage"},"thumbnailUrl":"https:\/\/swoer.vn\/wp-content\/uploads\/2025\/03\/May-nap-rung-cho-bulong-swoer.webp","datePublished":"2025-03-04T09:53:32+00:00","description":"SWOER&#039;s vibrating bowl feeding system for bolts ensures accurate and stable feeding, helping to optimize the production line, reduce errors and increase productivity effectively.","breadcrumb":{"@id":"https:\/\/swoer.vn\/manufacturer\/he-thong-nap-rung-cho-bulong\/#breadcrumb"},"inLanguage":"en-US","potentialAction":[{"@type":"ReadAction","target":["https:\/\/swoer.vn\/manufacturer\/he-thong-nap-rung-cho-bulong\/"]}]},{"@type":"ImageObject","inLanguage":"en-US","@id":"https:\/\/swoer.vn\/manufacturer\/he-thong-nap-rung-cho-bulong\/#primaryimage","url":"https:\/\/swoer.vn\/wp-content\/uploads\/2025\/03\/May-nap-rung-cho-bulong-swoer.webp","contentUrl":"https:\/\/swoer.vn\/wp-content\/uploads\/2025\/03\/May-nap-rung-cho-bulong-swoer.webp","width":1000,"height":1000},{"@type":"BreadcrumbList","@id":"https:\/\/swoer.vn\/manufacturer\/he-thong-nap-rung-cho-bulong\/#breadcrumb","itemListElement":[{"@type":"ListItem","position":1,"name":"Home","item":"https:\/\/swoer.vn\/"},{"@type":"ListItem","position":2,"name":"S\u1ea3n ph\u1ea9m","item":"https:\/\/swoer.vn\/shop\/"},{"@type":"ListItem","position":3,"name":"H\u1ec7 th\u1ed1ng n\u1ea1p rung cho bulong"}]},{"@type":"WebSite","@id":"https:\/\/swoer.vn\/#website","url":"https:\/\/swoer.vn\/","name":"Industrial Feeder Manufacturer","description":"Supplier of robot, flexible feeder, centrifugal feeder, automatic vibrating feeder","potentialAction":[{"@type":"SearchAction","target":{"@type":"EntryPoint","urlTemplate":"https:\/\/swoer.vn\/?s={search_term_string}"},"query-input":{"@type":"PropertyValueSpecification","valueRequired":true,"valueName":"search_term_string"}}],"inLanguage":"en-US"}]}},"_links":{"self":[{"href":"https:\/\/swoer.vn\/en\/wp-json\/wp\/v2\/product\/2190","targetHints":{"allow":["GET"]}}],"collection":[{"href":"https:\/\/swoer.vn\/en\/wp-json\/wp\/v2\/product"}],"about":[{"href":"https:\/\/swoer.vn\/en\/wp-json\/wp\/v2\/types\/product"}],"replies":[{"embeddable":true,"href":"https:\/\/swoer.vn\/en\/wp-json\/wp\/v2\/comments?post=2190"}],"wp:featuredmedia":[{"embeddable":true,"href":"https:\/\/swoer.vn\/en\/wp-json\/wp\/v2\/media\/2192"}],"wp:attachment":[{"href":"https:\/\/swoer.vn\/en\/wp-json\/wp\/v2\/media?parent=2190"}],"wp:term":[{"taxonomy":"product_brand","embeddable":true,"href":"https:\/\/swoer.vn\/en\/wp-json\/wp\/v2\/product_brand?post=2190"},{"taxonomy":"product_cat","embeddable":true,"href":"https:\/\/swoer.vn\/en\/wp-json\/wp\/v2\/product_cat?post=2190"},{"taxonomy":"product_tag","embeddable":true,"href":"https:\/\/swoer.vn\/en\/wp-json\/wp\/v2\/product_tag?post=2190"}],"curies":[{"name":"wp","href":"https:\/\/api.w.org\/{rel}","templated":true}]}}