{"id":2075,"date":"2025-03-03T13:19:05","date_gmt":"2025-03-03T06:19:05","guid":{"rendered":"https:\/\/swoer.vn\/?post_type=product&#038;p=2075"},"modified":"2025-03-15T10:28:36","modified_gmt":"2025-03-15T03:28:36","slug":"de-rung-sw-c460","status":"publish","type":"product","link":"https:\/\/swoer.vn\/en\/manufacturer\/de-rung-sw-c460\/","title":{"rendered":"\u0110\u1ebf rung SW-C460"},"content":{"rendered":"<h2>Specifications<\/h2>\n<table style=\"border-collapse: collapse; width: 393.02pt;\" border=\"0\" width=\"524\" cellspacing=\"0\" cellpadding=\"0\">\n<tbody>\n<tr style=\"height: 14.25pt;\">\n<td class=\"et2\" style=\"height: 14.25pt; width: 145.50pt;\" width=\"194\" height=\"19\">Type<\/td>\n<td class=\"et2\" style=\"width: 248.00pt;\" width=\"330\">SW-C460<\/td>\n<\/tr>\n<tr style=\"height: 14.25pt;\">\n<td class=\"et2\" style=\"height: 14.25pt;\" height=\"19\">Voltage<\/td>\n<td class=\"et2\">220V<\/td>\n<\/tr>\n<tr style=\"height: 14.25pt;\">\n<td class=\"et2\" style=\"height: 14.25pt;\" height=\"19\">Frequency<\/td>\n<td class=\"et2\">50Hz<\/td>\n<\/tr>\n<tr style=\"height: 14.25pt;\">\n<td class=\"et2\" style=\"height: 14.25pt;\" height=\"19\">Electric current<\/td>\n<td class=\"et2\">7.2A<\/td>\n<\/tr>\n<tr style=\"height: 14.25pt;\">\n<td class=\"et2\" style=\"height: 14.25pt;\" height=\"19\">Maximum size72<\/td>\n<td class=\"et2\">720mm<\/td>\n<\/tr>\n<tr style=\"height: 14.25pt;\">\n<td class=\"et2\" style=\"height: 14.25pt;\" height=\"19\">Maximum load<\/td>\n<td class=\"et2\">28Kg<\/td>\n<\/tr>\n<tr style=\"height: 14.25pt;\">\n<td class=\"et2\" style=\"height: 14.25pt;\" height=\"19\">Controller<\/td>\n<td class=\"et2\">Frequency controller 36<\/td>\n<\/tr>\n<tr style=\"height: 14.25pt;\">\n<td class=\"et2\" style=\"height: 14.25pt;\" height=\"19\">Spring used<\/td>\n<td class=\"et2\">SW-50CRVA-136 x 35<\/td>\n<\/tr>\n<tr style=\"height: 14.25pt;\">\n<td class=\"et2\" style=\"height: 14.25pt;\" height=\"19\">Number of vibrations<\/td>\n<td class=\"et2\">50-200Hz<\/td>\n<\/tr>\n<tr style=\"height: 14.25pt;\">\n<td class=\"et3\" style=\"height: 28.50pt;\" rowspan=\"2\" height=\"38\">Basic weight<\/td>\n<td class=\"et2\">103kg: Basic type, with sub-silo inside the machine body<\/td>\n<\/tr>\n<tr style=\"height: 14.25pt;\">\n<td class=\"et2\">114kg: Low profile, with body mounting rim<\/td>\n<\/tr>\n<\/tbody>\n<\/table>\n\t<div id=\"gap-1617151849\" class=\"gap-element clearfix\" style=\"display:block; height:auto;\">\n\t\t\n<style>\n#gap-1617151849 {\n  padding-top: 30px;\n}\n<\/style>\n\t<\/div>\n\t\n<h2>Size<\/h2>\n\t<div class=\"img has-hover x md-x lg-x y md-y lg-y\" id=\"image_797375748\">\n\t\t\t\t\t\t\t\t<div class=\"img-inner dark\" >\n\t\t\t<img loading=\"lazy\" decoding=\"async\" width=\"833\" height=\"618\" src=\"https:\/\/swoer.vn\/wp-content\/uploads\/2025\/03\/Bo-phan-tao-rung-SW-C460.webp\" class=\"attachment-original size-original\" alt=\"Vibration Generator SW-C460\" srcset=\"https:\/\/swoer.vn\/wp-content\/uploads\/2025\/03\/Bo-phan-tao-rung-SW-C460.webp 833w, https:\/\/swoer.vn\/wp-content\/uploads\/2025\/03\/Bo-phan-tao-rung-SW-C460-300x223.webp 300w, https:\/\/swoer.vn\/wp-content\/uploads\/2025\/03\/Bo-phan-tao-rung-SW-C460-768x570.webp 768w, https:\/\/swoer.vn\/wp-content\/uploads\/2025\/03\/Bo-phan-tao-rung-SW-C460-16x12.webp 16w, https:\/\/swoer.vn\/wp-content\/uploads\/2025\/03\/Bo-phan-tao-rung-SW-C460-600x445.webp 600w\" sizes=\"auto, (max-width: 833px) 100vw, 833px\" title=\"\">\t\t\t\t\t\t\n\t\t\t\t\t<\/div>\n\t\t\t\t\t\t\t\t\n<style>\n#image_797375748 {\n  width: 100%;\n}\n<\/style>\n\t<\/div>","protected":false},"excerpt":{"rendered":"<p>The SW-C460 vibrating hopper drive is an essential part of the vibrating feeding system, providing stable and precise vibration, optimizing feeding efficiency. With a durable design, this motor minimizes excess vibration, prolongs equipment life and is easy to integrate into automatic production lines. The product is suitable for the automotive, electronics, medical and many other industrial fields.<\/p>","protected":false},"featured_media":2076,"comment_status":"open","ping_status":"closed","template":"","meta":[],"product_brand":[],"product_cat":[92],"product_tag":[93,96,94],"class_list":{"0":"post-2075","1":"product","2":"type-product","3":"status-publish","4":"has-post-thumbnail","6":"product_cat-de-nap-rung","7":"product_tag-bo-truyen-dong-bat-rung","8":"product_tag-bo-truyen-dong-pheu-rung","9":"product_tag-co-cau-truyen-dong-pheu-rung","11":"first","12":"instock","13":"shipping-taxable","14":"product-type-simple"},"yoast_head":"<!-- This site is optimized with the Yoast SEO plugin v26.0 - https:\/\/yoast.com\/wordpress\/plugins\/seo\/ -->\n<title>\u0110\u1ebf rung SW-C460 - Nh\u00e0 s\u1ea3n xu\u1ea5t m\u00e1y c\u1ea5p li\u1ec7u c\u00f4ng nghi\u1ec7p<\/title>\n<meta name=\"description\" content=\"\u0110\u1ebf rung SW-C460 \u2013 Ph\u1ee5 ki\u1ec7n quan tr\u1ecdng c\u1ee7a m\u00e1y c\u1ea5p li\u1ec7u rung, \u0111\u1ea3m b\u1ea3o truy\u1ec1n \u0111\u1ed9ng \u1ed5n \u0111\u1ecbnh, ch\u00ednh x\u00e1c, ph\u00f9 h\u1ee3p cho ng\u00e0nh \u00f4 t\u00f4, \u0111i\u1ec7n t\u1eed, y t\u1ebf.\" \/>\n<meta name=\"robots\" content=\"index, follow, max-snippet:-1, max-image-preview:large, max-video-preview:-1\" \/>\n<link rel=\"canonical\" href=\"https:\/\/swoer.vn\/en\/manufacturer\/de-rung-sw-c460\/\" \/>\n<meta property=\"og:locale\" content=\"en_US\" \/>\n<meta property=\"og:type\" content=\"article\" \/>\n<meta property=\"og:title\" content=\"\u0110\u1ebf rung SW-C460 - Nh\u00e0 s\u1ea3n xu\u1ea5t m\u00e1y c\u1ea5p li\u1ec7u c\u00f4ng nghi\u1ec7p\" \/>\n<meta property=\"og:description\" content=\"\u0110\u1ebf rung SW-C460 \u2013 Ph\u1ee5 ki\u1ec7n quan tr\u1ecdng c\u1ee7a m\u00e1y c\u1ea5p li\u1ec7u rung, \u0111\u1ea3m b\u1ea3o truy\u1ec1n \u0111\u1ed9ng \u1ed5n \u0111\u1ecbnh, ch\u00ednh x\u00e1c, ph\u00f9 h\u1ee3p cho ng\u00e0nh \u00f4 t\u00f4, \u0111i\u1ec7n t\u1eed, y t\u1ebf.\" \/>\n<meta property=\"og:url\" content=\"https:\/\/swoer.vn\/en\/manufacturer\/de-rung-sw-c460\/\" \/>\n<meta property=\"og:site_name\" content=\"Nh\u00e0 s\u1ea3n xu\u1ea5t m\u00e1y c\u1ea5p li\u1ec7u c\u00f4ng nghi\u1ec7p\" \/>\n<meta property=\"article:modified_time\" content=\"2025-03-15T03:28:36+00:00\" \/>\n<meta property=\"og:image\" content=\"https:\/\/swoer.vn\/wp-content\/uploads\/2025\/03\/Dong-co-rung-SW-C460.webp\" \/>\n\t<meta property=\"og:image:width\" content=\"1000\" \/>\n\t<meta property=\"og:image:height\" content=\"1000\" \/>\n\t<meta property=\"og:image:type\" content=\"image\/webp\" \/>\n<meta name=\"twitter:card\" content=\"summary_large_image\" \/>\n<meta name=\"twitter:label1\" content=\"Est. reading time\" \/>\n\t<meta name=\"twitter:data1\" content=\"1 minute\" \/>\n<script type=\"application\/ld+json\" class=\"yoast-schema-graph\">{\"@context\":\"https:\/\/schema.org\",\"@graph\":[{\"@type\":\"WebPage\",\"@id\":\"https:\/\/swoer.vn\/manufacturer\/de-rung-sw-c460\/\",\"url\":\"https:\/\/swoer.vn\/manufacturer\/de-rung-sw-c460\/\",\"name\":\"\u0110\u1ebf rung SW-C460 - Nh\u00e0 s\u1ea3n xu\u1ea5t m\u00e1y c\u1ea5p li\u1ec7u c\u00f4ng nghi\u1ec7p\",\"isPartOf\":{\"@id\":\"https:\/\/swoer.vn\/#website\"},\"primaryImageOfPage\":{\"@id\":\"https:\/\/swoer.vn\/manufacturer\/de-rung-sw-c460\/#primaryimage\"},\"image\":{\"@id\":\"https:\/\/swoer.vn\/manufacturer\/de-rung-sw-c460\/#primaryimage\"},\"thumbnailUrl\":\"https:\/\/swoer.vn\/wp-content\/uploads\/2025\/03\/Dong-co-rung-SW-C460.webp\",\"datePublished\":\"2025-03-03T06:19:05+00:00\",\"dateModified\":\"2025-03-15T03:28:36+00:00\",\"description\":\"\u0110\u1ebf rung SW-C460 \u2013 Ph\u1ee5 ki\u1ec7n quan tr\u1ecdng c\u1ee7a m\u00e1y c\u1ea5p li\u1ec7u rung, \u0111\u1ea3m b\u1ea3o truy\u1ec1n \u0111\u1ed9ng \u1ed5n \u0111\u1ecbnh, ch\u00ednh x\u00e1c, ph\u00f9 h\u1ee3p cho ng\u00e0nh \u00f4 t\u00f4, \u0111i\u1ec7n t\u1eed, y t\u1ebf.\",\"breadcrumb\":{\"@id\":\"https:\/\/swoer.vn\/manufacturer\/de-rung-sw-c460\/#breadcrumb\"},\"inLanguage\":\"en-US\",\"potentialAction\":[{\"@type\":\"ReadAction\",\"target\":[\"https:\/\/swoer.vn\/manufacturer\/de-rung-sw-c460\/\"]}]},{\"@type\":\"ImageObject\",\"inLanguage\":\"en-US\",\"@id\":\"https:\/\/swoer.vn\/manufacturer\/de-rung-sw-c460\/#primaryimage\",\"url\":\"https:\/\/swoer.vn\/wp-content\/uploads\/2025\/03\/Dong-co-rung-SW-C460.webp\",\"contentUrl\":\"https:\/\/swoer.vn\/wp-content\/uploads\/2025\/03\/Dong-co-rung-SW-C460.webp\",\"width\":1000,\"height\":1000,\"caption\":\"\u0110\u1ed9ng c\u01a1 rung SW-C460\"},{\"@type\":\"BreadcrumbList\",\"@id\":\"https:\/\/swoer.vn\/manufacturer\/de-rung-sw-c460\/#breadcrumb\",\"itemListElement\":[{\"@type\":\"ListItem\",\"position\":1,\"name\":\"Home\",\"item\":\"https:\/\/swoer.vn\/\"},{\"@type\":\"ListItem\",\"position\":2,\"name\":\"S\u1ea3n ph\u1ea9m\",\"item\":\"https:\/\/swoer.vn\/shop\/\"},{\"@type\":\"ListItem\",\"position\":3,\"name\":\"\u0110\u1ebf rung SW-C460\"}]},{\"@type\":\"WebSite\",\"@id\":\"https:\/\/swoer.vn\/#website\",\"url\":\"https:\/\/swoer.vn\/\",\"name\":\"Nh\u00e0 s\u1ea3n xu\u1ea5t m\u00e1y c\u1ea5p li\u1ec7u c\u00f4ng nghi\u1ec7p\",\"description\":\"Nh\u00e0 cung c\u1ea5p robot, m\u00e1y c\u1ea5p li\u1ec7u linh ho\u1ea1t, m\u00e1y c\u1ea5p li\u1ec7u ly t\u00e2m, m\u00e1y c\u1ea5p li\u1ec7u rung t\u1ef1 \u0111\u1ed9ng\",\"potentialAction\":[{\"@type\":\"SearchAction\",\"target\":{\"@type\":\"EntryPoint\",\"urlTemplate\":\"https:\/\/swoer.vn\/?s={search_term_string}\"},\"query-input\":{\"@type\":\"PropertyValueSpecification\",\"valueRequired\":true,\"valueName\":\"search_term_string\"}}],\"inLanguage\":\"en-US\"}]}<\/script>\n<!-- \/ Yoast SEO plugin. -->","yoast_head_json":{"title":"\u0110\u1ebf rung SW-C460 - Nh\u00e0 s\u1ea3n xu\u1ea5t m\u00e1y c\u1ea5p li\u1ec7u c\u00f4ng nghi\u1ec7p","description":"\u0110\u1ebf rung SW-C460 \u2013 Ph\u1ee5 ki\u1ec7n quan tr\u1ecdng c\u1ee7a m\u00e1y c\u1ea5p li\u1ec7u rung, \u0111\u1ea3m b\u1ea3o truy\u1ec1n \u0111\u1ed9ng \u1ed5n \u0111\u1ecbnh, ch\u00ednh x\u00e1c, ph\u00f9 h\u1ee3p cho ng\u00e0nh \u00f4 t\u00f4, \u0111i\u1ec7n t\u1eed, y t\u1ebf.","robots":{"index":"index","follow":"follow","max-snippet":"max-snippet:-1","max-image-preview":"max-image-preview:large","max-video-preview":"max-video-preview:-1"},"canonical":"https:\/\/swoer.vn\/en\/manufacturer\/de-rung-sw-c460\/","og_locale":"en_US","og_type":"article","og_title":"\u0110\u1ebf rung SW-C460 - Nh\u00e0 s\u1ea3n xu\u1ea5t m\u00e1y c\u1ea5p li\u1ec7u c\u00f4ng nghi\u1ec7p","og_description":"\u0110\u1ebf rung SW-C460 \u2013 Ph\u1ee5 ki\u1ec7n quan tr\u1ecdng c\u1ee7a m\u00e1y c\u1ea5p li\u1ec7u rung, \u0111\u1ea3m b\u1ea3o truy\u1ec1n \u0111\u1ed9ng \u1ed5n \u0111\u1ecbnh, ch\u00ednh x\u00e1c, ph\u00f9 h\u1ee3p cho ng\u00e0nh \u00f4 t\u00f4, \u0111i\u1ec7n t\u1eed, y t\u1ebf.","og_url":"https:\/\/swoer.vn\/en\/manufacturer\/de-rung-sw-c460\/","og_site_name":"Nh\u00e0 s\u1ea3n xu\u1ea5t m\u00e1y c\u1ea5p li\u1ec7u c\u00f4ng nghi\u1ec7p","article_modified_time":"2025-03-15T03:28:36+00:00","og_image":[{"width":1000,"height":1000,"url":"https:\/\/swoer.vn\/wp-content\/uploads\/2025\/03\/Dong-co-rung-SW-C460.webp","type":"image\/webp"}],"twitter_card":"summary_large_image","twitter_misc":{"Est. reading time":"1 minute"},"schema":{"@context":"https:\/\/schema.org","@graph":[{"@type":"WebPage","@id":"https:\/\/swoer.vn\/manufacturer\/de-rung-sw-c460\/","url":"https:\/\/swoer.vn\/manufacturer\/de-rung-sw-c460\/","name":"\u0110\u1ebf rung SW-C460 - Nh\u00e0 s\u1ea3n xu\u1ea5t m\u00e1y c\u1ea5p li\u1ec7u c\u00f4ng nghi\u1ec7p","isPartOf":{"@id":"https:\/\/swoer.vn\/#website"},"primaryImageOfPage":{"@id":"https:\/\/swoer.vn\/manufacturer\/de-rung-sw-c460\/#primaryimage"},"image":{"@id":"https:\/\/swoer.vn\/manufacturer\/de-rung-sw-c460\/#primaryimage"},"thumbnailUrl":"https:\/\/swoer.vn\/wp-content\/uploads\/2025\/03\/Dong-co-rung-SW-C460.webp","datePublished":"2025-03-03T06:19:05+00:00","dateModified":"2025-03-15T03:28:36+00:00","description":"\u0110\u1ebf rung SW-C460 \u2013 Ph\u1ee5 ki\u1ec7n quan tr\u1ecdng c\u1ee7a m\u00e1y c\u1ea5p li\u1ec7u rung, \u0111\u1ea3m b\u1ea3o truy\u1ec1n \u0111\u1ed9ng \u1ed5n \u0111\u1ecbnh, ch\u00ednh x\u00e1c, ph\u00f9 h\u1ee3p cho ng\u00e0nh \u00f4 t\u00f4, \u0111i\u1ec7n t\u1eed, y t\u1ebf.","breadcrumb":{"@id":"https:\/\/swoer.vn\/manufacturer\/de-rung-sw-c460\/#breadcrumb"},"inLanguage":"en-US","potentialAction":[{"@type":"ReadAction","target":["https:\/\/swoer.vn\/manufacturer\/de-rung-sw-c460\/"]}]},{"@type":"ImageObject","inLanguage":"en-US","@id":"https:\/\/swoer.vn\/manufacturer\/de-rung-sw-c460\/#primaryimage","url":"https:\/\/swoer.vn\/wp-content\/uploads\/2025\/03\/Dong-co-rung-SW-C460.webp","contentUrl":"https:\/\/swoer.vn\/wp-content\/uploads\/2025\/03\/Dong-co-rung-SW-C460.webp","width":1000,"height":1000,"caption":"\u0110\u1ed9ng c\u01a1 rung SW-C460"},{"@type":"BreadcrumbList","@id":"https:\/\/swoer.vn\/manufacturer\/de-rung-sw-c460\/#breadcrumb","itemListElement":[{"@type":"ListItem","position":1,"name":"Home","item":"https:\/\/swoer.vn\/"},{"@type":"ListItem","position":2,"name":"S\u1ea3n ph\u1ea9m","item":"https:\/\/swoer.vn\/shop\/"},{"@type":"ListItem","position":3,"name":"\u0110\u1ebf rung SW-C460"}]},{"@type":"WebSite","@id":"https:\/\/swoer.vn\/#website","url":"https:\/\/swoer.vn\/","name":"Industrial Feeder Manufacturer","description":"Supplier of robot, flexible feeder, centrifugal feeder, automatic vibrating feeder","potentialAction":[{"@type":"SearchAction","target":{"@type":"EntryPoint","urlTemplate":"https:\/\/swoer.vn\/?s={search_term_string}"},"query-input":{"@type":"PropertyValueSpecification","valueRequired":true,"valueName":"search_term_string"}}],"inLanguage":"en-US"}]}},"_links":{"self":[{"href":"https:\/\/swoer.vn\/en\/wp-json\/wp\/v2\/product\/2075","targetHints":{"allow":["GET"]}}],"collection":[{"href":"https:\/\/swoer.vn\/en\/wp-json\/wp\/v2\/product"}],"about":[{"href":"https:\/\/swoer.vn\/en\/wp-json\/wp\/v2\/types\/product"}],"replies":[{"embeddable":true,"href":"https:\/\/swoer.vn\/en\/wp-json\/wp\/v2\/comments?post=2075"}],"wp:featuredmedia":[{"embeddable":true,"href":"https:\/\/swoer.vn\/en\/wp-json\/wp\/v2\/media\/2076"}],"wp:attachment":[{"href":"https:\/\/swoer.vn\/en\/wp-json\/wp\/v2\/media?parent=2075"}],"wp:term":[{"taxonomy":"product_brand","embeddable":true,"href":"https:\/\/swoer.vn\/en\/wp-json\/wp\/v2\/product_brand?post=2075"},{"taxonomy":"product_cat","embeddable":true,"href":"https:\/\/swoer.vn\/en\/wp-json\/wp\/v2\/product_cat?post=2075"},{"taxonomy":"product_tag","embeddable":true,"href":"https:\/\/swoer.vn\/en\/wp-json\/wp\/v2\/product_tag?post=2075"}],"curies":[{"name":"wp","href":"https:\/\/api.w.org\/{rel}","templated":true}]}}